{"id":4380557,"date":"2026-04-05T12:58:08","date_gmt":"2026-04-05T11:58:08","guid":{"rendered":"https:\/\/tupique.com\/produit\/armoire-murale-rack-apc-er6402\/"},"modified":"2026-04-05T12:58:08","modified_gmt":"2026-04-05T11:58:08","slug":"armoire-murale-rack-apc-er6402","status":"publish","type":"product","link":"https:\/\/tupique.com\/en\/product\/armoire-murale-rack-apc-er6402\/","title":{"rendered":"Armoire Murale Rack APC ER6402"},"content":{"rendered":"<p>If you are passionate about\u2019<b>computer science and electronics<\/b>, If you're at the cutting edge of technology and don't want to miss a thing, buy <b>Armoire Murale Rack APC ER6402              <\/b> at the best price.<\/p>\n<ul>\n<li>Type: Storage<\/li>\n<li>Colour: Black<\/li>\n<li>Taille: 19&#8243;<\/li>\n<li>Capacit\u00e9: 24 uds<\/li>\n<li>Width: 600 mm<\/li>\n<li>Poids Max. support\u00e9: 600 kg<\/li>\n<\/ul>","protected":false},"excerpt":{"rendered":"<p>Si vous \u00eates passionn\u00e9 d&#8217;informatique et d&#8217;\u00e9lectronique, si vous \u00eates \u00e0 la pointe de la technologie et qu&#8217;aucun d\u00e9tail ne<\/p>","protected":false},"featured_media":4380556,"comment_status":"open","ping_status":"closed","template":"","meta":{"_joinchat":[]},"product_brand":[158079],"product_cat":[157824,157516,157520],"product_tag":[157515],"class_list":{"0":"post-4380557","1":"product","2":"type-product","3":"status-publish","4":"has-post-thumbnail","6":"product_brand-brandp_532","7":"product_cat-armoires-rack","8":"product_cat-informatique-electronique","9":"product_cat-informatique-reseaux-et-composants","10":"product_tag-tag_1295","12":"first","13":"instock","14":"taxable","15":"shipping-taxable","16":"purchasable","17":"product-type-simple"},"yoast_head":"<!-- This site is optimized with the Yoast SEO plugin v27.2 - https:\/\/yoast.com\/product\/yoast-seo-wordpress\/ -->\n<title>Armoire Murale Rack APC ER6402 - Tupique<\/title>\n<meta name=\"description\" content=\"Vous cherchez Armoire Murale Rack APC ER6402 ? Achetez des produits chez Tupique. Profitez de la livraison gratuite pour obtenir Armoire Murale Rack APC ER6402 d\u00e8s maintenant.\" \/>\n<meta name=\"robots\" content=\"index, follow, max-snippet:-1, max-image-preview:large, max-video-preview:-1\" \/>\n<link rel=\"canonical\" href=\"https:\/\/tupique.com\/en\/product\/armoire-murale-rack-apc-er6402\/\" \/>\n<meta property=\"og:locale\" content=\"en_GB\" \/>\n<meta property=\"og:type\" content=\"article\" \/>\n<meta property=\"og:title\" content=\"Armoire Murale Rack APC ER6402 - Tupique\" \/>\n<meta property=\"og:description\" content=\"Vous cherchez Armoire Murale Rack APC ER6402 ? Achetez des produits chez Tupique. Profitez de la livraison gratuite pour obtenir Armoire Murale Rack APC ER6402 d\u00e8s maintenant.\" \/>\n<meta property=\"og:url\" content=\"https:\/\/tupique.com\/en\/product\/armoire-murale-rack-apc-er6402\/\" \/>\n<meta property=\"og:site_name\" content=\"Tupique\" \/>\n<meta name=\"twitter:card\" content=\"summary_large_image\" \/>\n<script type=\"application\/ld+json\" class=\"yoast-schema-graph\">{\"@context\":\"https:\/\/schema.org\",\"@graph\":[{\"@type\":\"WebPage\",\"@id\":\"https:\/\/tupique.com\/produit\/armoire-murale-rack-apc-er6402\/\",\"url\":\"https:\/\/tupique.com\/produit\/armoire-murale-rack-apc-er6402\/\",\"name\":\"Armoire Murale Rack APC ER6402 - Tupique\",\"isPartOf\":{\"@id\":\"https:\/\/tupique.com\/#website\"},\"primaryImageOfPage\":{\"@id\":\"https:\/\/tupique.com\/produit\/armoire-murale-rack-apc-er6402\/#primaryimage\"},\"image\":{\"@id\":\"https:\/\/tupique.com\/produit\/armoire-murale-rack-apc-er6402\/#primaryimage\"},\"thumbnailUrl\":\"https:\/\/tupique.com\/wp-content\/uploads\/2026\/04\/532087281.jpg\",\"datePublished\":\"2026-04-05T11:58:08+00:00\",\"description\":\"Vous cherchez Armoire Murale Rack APC ER6402 ? Achetez des produits chez Tupique. Profitez de la livraison gratuite pour obtenir Armoire Murale Rack APC ER6402 d\u00e8s maintenant.\",\"breadcrumb\":{\"@id\":\"https:\/\/tupique.com\/produit\/armoire-murale-rack-apc-er6402\/#breadcrumb\"},\"inLanguage\":\"en-GB\",\"potentialAction\":[{\"@type\":\"ReadAction\",\"target\":[\"https:\/\/tupique.com\/produit\/armoire-murale-rack-apc-er6402\/\"]}]},{\"@type\":\"ImageObject\",\"inLanguage\":\"en-GB\",\"@id\":\"https:\/\/tupique.com\/produit\/armoire-murale-rack-apc-er6402\/#primaryimage\",\"url\":\"https:\/\/tupique.com\/wp-content\/uploads\/2026\/04\/532087281.jpg\",\"contentUrl\":\"https:\/\/tupique.com\/wp-content\/uploads\/2026\/04\/532087281.jpg\",\"width\":1200,\"height\":1200,\"caption\":\"S55017289_0\"},{\"@type\":\"BreadcrumbList\",\"@id\":\"https:\/\/tupique.com\/produit\/armoire-murale-rack-apc-er6402\/#breadcrumb\",\"itemListElement\":[{\"@type\":\"ListItem\",\"position\":1,\"name\":\"In\u00edcio\",\"item\":\"https:\/\/tupique.com\/\"},{\"@type\":\"ListItem\",\"position\":2,\"name\":\"Boutique\",\"item\":\"https:\/\/tupique.com\/en\/boutique\/\"},{\"@type\":\"ListItem\",\"position\":3,\"name\":\"Armoire Murale Rack APC ER6402\"}]},{\"@type\":\"WebSite\",\"@id\":\"https:\/\/tupique.com\/#website\",\"url\":\"https:\/\/tupique.com\/\",\"name\":\"Tupique\",\"description\":\"Marketplace\",\"publisher\":{\"@id\":\"https:\/\/tupique.com\/#organization\"},\"potentialAction\":[{\"@type\":\"SearchAction\",\"target\":{\"@type\":\"EntryPoint\",\"urlTemplate\":\"https:\/\/tupique.com\/?s={search_term_string}\"},\"query-input\":{\"@type\":\"PropertyValueSpecification\",\"valueRequired\":true,\"valueName\":\"search_term_string\"}}],\"inLanguage\":\"en-GB\"},{\"@type\":\"Organization\",\"@id\":\"https:\/\/tupique.com\/#organization\",\"name\":\"Tupique\",\"url\":\"https:\/\/tupique.com\/\",\"logo\":{\"@type\":\"ImageObject\",\"inLanguage\":\"en-GB\",\"@id\":\"https:\/\/tupique.com\/#\/schema\/logo\/image\/\",\"url\":\"https:\/\/tupique.com\/wp-content\/uploads\/2024\/09\/logo.png\",\"contentUrl\":\"https:\/\/tupique.com\/wp-content\/uploads\/2024\/09\/logo.png\",\"width\":1118,\"height\":310,\"caption\":\"Tupique\"},\"image\":{\"@id\":\"https:\/\/tupique.com\/#\/schema\/logo\/image\/\"}}]}<\/script>\n<!-- \/ Yoast SEO plugin. -->","yoast_head_json":{"title":"Armoire Murale Rack APC ER6402 - Tupique","description":"Vous cherchez Armoire Murale Rack APC ER6402 ? Achetez des produits chez Tupique. Profitez de la livraison gratuite pour obtenir Armoire Murale Rack APC ER6402 d\u00e8s maintenant.","robots":{"index":"index","follow":"follow","max-snippet":"max-snippet:-1","max-image-preview":"max-image-preview:large","max-video-preview":"max-video-preview:-1"},"canonical":"https:\/\/tupique.com\/en\/product\/armoire-murale-rack-apc-er6402\/","og_locale":"en_GB","og_type":"article","og_title":"Armoire Murale Rack APC ER6402 - Tupique","og_description":"Vous cherchez Armoire Murale Rack APC ER6402 ? Achetez des produits chez Tupique. Profitez de la livraison gratuite pour obtenir Armoire Murale Rack APC ER6402 d\u00e8s maintenant.","og_url":"https:\/\/tupique.com\/en\/product\/armoire-murale-rack-apc-er6402\/","og_site_name":"Tupique","twitter_card":"summary_large_image","schema":{"@context":"https:\/\/schema.org","@graph":[{"@type":"WebPage","@id":"https:\/\/tupique.com\/produit\/armoire-murale-rack-apc-er6402\/","url":"https:\/\/tupique.com\/produit\/armoire-murale-rack-apc-er6402\/","name":"Armoire Murale Rack APC ER6402 - Tupique","isPartOf":{"@id":"https:\/\/tupique.com\/#website"},"primaryImageOfPage":{"@id":"https:\/\/tupique.com\/produit\/armoire-murale-rack-apc-er6402\/#primaryimage"},"image":{"@id":"https:\/\/tupique.com\/produit\/armoire-murale-rack-apc-er6402\/#primaryimage"},"thumbnailUrl":"https:\/\/tupique.com\/wp-content\/uploads\/2026\/04\/532087281.jpg","datePublished":"2026-04-05T11:58:08+00:00","description":"Vous cherchez Armoire Murale Rack APC ER6402 ? Achetez des produits chez Tupique. Profitez de la livraison gratuite pour obtenir Armoire Murale Rack APC ER6402 d\u00e8s maintenant.","breadcrumb":{"@id":"https:\/\/tupique.com\/produit\/armoire-murale-rack-apc-er6402\/#breadcrumb"},"inLanguage":"en-GB","potentialAction":[{"@type":"ReadAction","target":["https:\/\/tupique.com\/produit\/armoire-murale-rack-apc-er6402\/"]}]},{"@type":"ImageObject","inLanguage":"en-GB","@id":"https:\/\/tupique.com\/produit\/armoire-murale-rack-apc-er6402\/#primaryimage","url":"https:\/\/tupique.com\/wp-content\/uploads\/2026\/04\/532087281.jpg","contentUrl":"https:\/\/tupique.com\/wp-content\/uploads\/2026\/04\/532087281.jpg","width":1200,"height":1200,"caption":"S55017289_0"},{"@type":"BreadcrumbList","@id":"https:\/\/tupique.com\/produit\/armoire-murale-rack-apc-er6402\/#breadcrumb","itemListElement":[{"@type":"ListItem","position":1,"name":"In\u00edcio","item":"https:\/\/tupique.com\/"},{"@type":"ListItem","position":2,"name":"Boutique","item":"https:\/\/tupique.com\/en\/boutique\/"},{"@type":"ListItem","position":3,"name":"Armoire Murale Rack APC ER6402"}]},{"@type":"WebSite","@id":"https:\/\/tupique.com\/#website","url":"https:\/\/tupique.com\/","name":"Tupique","description":"Marketplace","publisher":{"@id":"https:\/\/tupique.com\/#organization"},"potentialAction":[{"@type":"SearchAction","target":{"@type":"EntryPoint","urlTemplate":"https:\/\/tupique.com\/?s={search_term_string}"},"query-input":{"@type":"PropertyValueSpecification","valueRequired":true,"valueName":"search_term_string"}}],"inLanguage":"en-GB"},{"@type":"Organization","@id":"https:\/\/tupique.com\/#organization","name":"Tupique","url":"https:\/\/tupique.com\/","logo":{"@type":"ImageObject","inLanguage":"en-GB","@id":"https:\/\/tupique.com\/#\/schema\/logo\/image\/","url":"https:\/\/tupique.com\/wp-content\/uploads\/2024\/09\/logo.png","contentUrl":"https:\/\/tupique.com\/wp-content\/uploads\/2024\/09\/logo.png","width":1118,"height":310,"caption":"Tupique"},"image":{"@id":"https:\/\/tupique.com\/#\/schema\/logo\/image\/"}}]}},"jetpack_sharing_enabled":true,"_links":{"self":[{"href":"https:\/\/tupique.com\/en\/wp-json\/wp\/v2\/product\/4380557","targetHints":{"allow":["GET"]}}],"collection":[{"href":"https:\/\/tupique.com\/en\/wp-json\/wp\/v2\/product"}],"about":[{"href":"https:\/\/tupique.com\/en\/wp-json\/wp\/v2\/types\/product"}],"replies":[{"embeddable":true,"href":"https:\/\/tupique.com\/en\/wp-json\/wp\/v2\/comments?post=4380557"}],"wp:featuredmedia":[{"embeddable":true,"href":"https:\/\/tupique.com\/en\/wp-json\/wp\/v2\/media\/4380556"}],"wp:attachment":[{"href":"https:\/\/tupique.com\/en\/wp-json\/wp\/v2\/media?parent=4380557"}],"wp:term":[{"taxonomy":"product_brand","embeddable":true,"href":"https:\/\/tupique.com\/en\/wp-json\/wp\/v2\/product_brand?post=4380557"},{"taxonomy":"product_cat","embeddable":true,"href":"https:\/\/tupique.com\/en\/wp-json\/wp\/v2\/product_cat?post=4380557"},{"taxonomy":"product_tag","embeddable":true,"href":"https:\/\/tupique.com\/en\/wp-json\/wp\/v2\/product_tag?post=4380557"}],"curies":[{"name":"wp","href":"https:\/\/api.w.org\/{rel}","templated":true}]}}