{"id":4380623,"date":"2026-04-05T12:59:25","date_gmt":"2026-04-05T11:59:25","guid":{"rendered":"https:\/\/tupique.com\/produit\/tablette-samsung-galaxy-tab-a11-5g-6-gb-ram-128-gb-11-gris\/"},"modified":"2026-04-05T12:59:25","modified_gmt":"2026-04-05T11:59:25","slug":"tablette-samsung-galaxy-tab-a11-5g-6-gb-ram-128-gb-11-gris","status":"publish","type":"product","link":"https:\/\/tupique.com\/en\/product\/tablette-samsung-galaxy-tab-a11-5g-6-gb-ram-128-gb-11-gris\/","title":{"rendered":"Tablette Samsung GALAXY TAB A11+ 5G 6 GB RAM 128 GB 11&#8243; Gris"},"content":{"rendered":"<p>If you're looking for the latest trends on the market, we've got you covered. <b>Tablette Samsung GALAXY TAB A11+ 5G 6 GB RAM 128 GB 11&#8243; Gris<\/b> !<\/p>\n<p>La <b>SAMSUNG GALAXY TAB A11+ 5G<\/b> is a <b>tablet<\/b> con\u00e7ue pour les utilisateurs recherchant polyvalence et haute performance en mobilit\u00e9, int\u00e9grant un <b>11-inch screen<\/b> qui offre une exp\u00e9rience visuelle claire, id\u00e9ale pour la navigation comme pour profiter de contenus multim\u00e9dias. Dot\u00e9e de <b>6 Go de RAM<\/b>, elle permet de faire fonctionner plusieurs applications simultan\u00e9ment avec fluidit\u00e9, tandis que son <b>stockage interne de 128 Go<\/b> offre suffisamment d\u2019espace pour applications, documents et fichiers multim\u00e9dias, extensible gr\u00e2ce \u00e0 son lecteur de cartes. Le double appareil photo, avec <b>appareil photo arri\u00e8re de 8 m\u00e9gapixels<\/b> and <b>cam\u00e9ra frontale de 5 m\u00e9gapixels<\/b>, facilite la capture d\u2019images nettes, les appels vid\u00e9o et les r\u00e9unions virtuelles, soutenus par la <b>mise au point automatique<\/b> pour de meilleurs r\u00e9sultats en toute situation. Sa connectivit\u00e9 <b>5G<\/b> permet des vitesses de t\u00e9l\u00e9chargement ultra-rapides, assurant une exp\u00e9rience de navigation et de streaming sans interruption m\u00eame en d\u00e9placement, tandis que l\u2019int\u00e9gration du <b>syst\u00e8me GPS<\/b> la rend pratique pour les d\u00e9placements et un usage professionnel itin\u00e9rant. Pr\u00e9sent\u00e9e dans une \u00e9l\u00e9gante couleur grise, la Samsung Galaxy Tab A11+ se distingue aussi par son design moderne et l\u00e9ger, parfait pour un usage quotidien. Cette tablette s\u2019impose comme une solution \u00e9quilibr\u00e9e pour ceux qui appr\u00e9cient performance et connectivit\u00e9 avanc\u00e9e dans un appareil portable actuel.<\/p>\n<ul>\n<li>Type: Tablette<\/li>\n<li>Plug-in product: Yes<\/li>\n<li>Socket type: EU socket<\/li>\n<li>Screen diagonal (cm): 27.9 cm<\/li>\n<li>Features:\n<ul>\n<li>GPS<\/li>\n<li>Webcam<\/li>\n<li>Mobile network connection<\/li>\n<li>Front camera<\/li>\n<li>Autofocus<\/li>\n<li>Lecteur de Cartes<\/li>\n<li>Panda Glass<\/li>\n<\/ul>\n<\/li>\n<li>Connections:\n<ul>\n<li>USB-C<\/li>\n<li>3.5 mm jack<\/li>\n<li>USB-C 2.0<\/li>\n<\/ul>\n<\/li>\n<li>Camera:\n<ul>\n<li>5 Mpx<\/li>\n<li>8 mpx<\/li>\n<li>8 MP<\/li>\n<li>5 Mp<\/li>\n<li>Rear<\/li>\n<\/ul>\n<\/li>\n<li>Connectivity:\n<ul>\n<li>Bluetooth<\/li>\n<li>5G<\/li>\n<li>Wi-Fi<\/li>\n<li>GPS<\/li>\n<li>Galileo<\/li>\n<li>Bluetooth 5.3<\/li>\n<\/ul>\n<\/li>\n<li>puissance: 25 W<\/li>\n<li>Processeur: Octa Core<\/li>\n<li>4G: Oui<\/li>\n<li>GPS: Oui<\/li>\n<li>Gyroscope: Oui<\/li>\n<li>Glonass: Oui<\/li>\n<li>Acc\u00e9l\u00e9rom\u00e8tre: Oui<\/li>\n<li>Technology:\n<ul>\n<li>TFT<\/li>\n<li>LCD<\/li>\n<\/ul>\n<\/li>\n<li>Capacit\u00e9 de la batterie: 7040 mAh<\/li>\n<li>Bloc d\u2019Alimentation: r\u00e9seau \u00e9lectrique<\/li>\n<li>M\u00e9moire RAM: 6 GB RAM<\/li>\n<li>M\u00e9moire interne: 128 GB<\/li>\n<li>Colour: Grey<\/li>\n<li>Classification \u00e9nerg\u00e9tique: E<\/li>\n<li>Operating system: Android<\/li>\n<li>speed:\n<ul>\n<li>2 GHz<\/li>\n<li>90 Hz<\/li>\n<\/ul>\n<\/li>\n<li>Ouverture: F\/2,0<\/li>\n<li>Includes:\n<ul>\n<li>C\u00e2ble USB-C<\/li>\n<li>Chargeur<\/li>\n<li>User manual<\/li>\n<\/ul>\n<\/li>\n<li>Fonctions: Acc\u00e9l\u00e9rom\u00e8tre<\/li>\n<li>R\u00e9solution: WUXGA<\/li>\n<li>Autonomie de reproduction approx.: 15 heures<\/li>\n<li>Batterie au lithium rechargeable: 7040 mAh<\/li>\n<li>Taille maximale de la carte m\u00e9moire: 2 TB<\/li>\n<li>Screen: 11\u2033<\/li>\n<li>Flux lumineux: 480 Lm<\/li>\n<li>Cartes M\u00e9moire Compatibles: MicroSD (TransFlash)<\/li>\n<li>Angle: 77\u00ba<\/li>\n<li>Non Inclus: Connexion au r\u00e9seau mobile<\/li>\n<li>Fr\u00e9quence: 2,5 GHz<\/li>\n<li>Type de stockage: SSD<\/li>\n<li>Noyaux: 8 Noyaux<\/li>\n<li>Famille de processeurs: MediaTek<\/li>\n<li>R\u00e9solution (px): 1920 x 1200 px<\/li>\n<\/ul>","protected":false},"excerpt":{"rendered":"<p>Si vous \u00eates \u00e0 la recherche de nouvelles tendances sur le march\u00e9, nous vous pr\u00e9sentons Tablette Samsung GALAXY TAB A11+<\/p>","protected":false},"featured_media":4380603,"comment_status":"open","ping_status":"closed","template":"","meta":{"_joinchat":[]},"product_brand":[157883],"product_cat":[157523,157516,157560],"product_tag":[157522,157515],"class_list":{"0":"post-4380623","1":"product","2":"type-product","3":"status-publish","4":"has-post-thumbnail","6":"product_brand-brandp_576","7":"product_cat-electronique-telephonie-et-tablettes","8":"product_cat-informatique-electronique","9":"product_cat-tablettes","10":"product_tag-tag_547","11":"product_tag-tag_1295","13":"first","14":"outofstock","15":"taxable","16":"shipping-taxable","17":"purchasable","18":"product-type-simple"},"yoast_head":"<!-- This site is optimized with the Yoast SEO plugin v27.2 - https:\/\/yoast.com\/product\/yoast-seo-wordpress\/ -->\n<title>Tablette Samsung GALAXY TAB A11+ 5G 6 GB RAM 128 GB 11&quot; Gris - Tupique<\/title>\n<meta name=\"description\" content=\"Vous cherchez Tablette Samsung GALAXY TAB A11+ 5G 6 GB RAM 128 GB 11&quot; Gris ? Achetez des produits chez Tupique. Profitez de la livraison gratuite pour obtenir Tablette Samsung GALAXY TAB A11+ 5G 6 GB RAM 128 GB 11&quot; Gris d\u00e8s maintenant.\" \/>\n<meta name=\"robots\" content=\"index, follow, max-snippet:-1, max-image-preview:large, max-video-preview:-1\" \/>\n<link rel=\"canonical\" href=\"https:\/\/tupique.com\/en\/product\/tablette-samsung-galaxy-tab-a11-5g-6-gb-ram-128-gb-11-gris\/\" \/>\n<meta property=\"og:locale\" content=\"en_GB\" \/>\n<meta property=\"og:type\" content=\"article\" \/>\n<meta property=\"og:title\" content=\"Tablette Samsung GALAXY TAB A11+ 5G 6 GB RAM 128 GB 11&quot; Gris - Tupique\" \/>\n<meta property=\"og:description\" content=\"Vous cherchez Tablette Samsung GALAXY TAB A11+ 5G 6 GB RAM 128 GB 11&quot; Gris ? Achetez des produits chez Tupique. Profitez de la livraison gratuite pour obtenir Tablette Samsung GALAXY TAB A11+ 5G 6 GB RAM 128 GB 11&quot; Gris d\u00e8s maintenant.\" \/>\n<meta property=\"og:url\" content=\"https:\/\/tupique.com\/en\/product\/tablette-samsung-galaxy-tab-a11-5g-6-gb-ram-128-gb-11-gris\/\" \/>\n<meta property=\"og:site_name\" content=\"Tupique\" \/>\n<meta name=\"twitter:card\" content=\"summary_large_image\" \/>\n<meta name=\"twitter:label1\" content=\"Estimated reading time\" \/>\n\t<meta name=\"twitter:data1\" content=\"2 minutes\" \/>\n<script type=\"application\/ld+json\" class=\"yoast-schema-graph\">{\"@context\":\"https:\/\/schema.org\",\"@graph\":[{\"@type\":\"WebPage\",\"@id\":\"https:\/\/tupique.com\/produit\/tablette-samsung-galaxy-tab-a11-5g-6-gb-ram-128-gb-11-gris\/\",\"url\":\"https:\/\/tupique.com\/produit\/tablette-samsung-galaxy-tab-a11-5g-6-gb-ram-128-gb-11-gris\/\",\"name\":\"Tablette Samsung GALAXY TAB A11+ 5G 6 GB RAM 128 GB 11\\\" Gris - Tupique\",\"isPartOf\":{\"@id\":\"https:\/\/tupique.com\/#website\"},\"primaryImageOfPage\":{\"@id\":\"https:\/\/tupique.com\/produit\/tablette-samsung-galaxy-tab-a11-5g-6-gb-ram-128-gb-11-gris\/#primaryimage\"},\"image\":{\"@id\":\"https:\/\/tupique.com\/produit\/tablette-samsung-galaxy-tab-a11-5g-6-gb-ram-128-gb-11-gris\/#primaryimage\"},\"thumbnailUrl\":\"https:\/\/tupique.com\/wp-content\/uploads\/2026\/04\/8806097854845_S8111505_P00.jpg\",\"datePublished\":\"2026-04-05T11:59:25+00:00\",\"description\":\"Vous cherchez Tablette Samsung GALAXY TAB A11+ 5G 6 GB RAM 128 GB 11\\\" Gris ? Achetez des produits chez Tupique. Profitez de la livraison gratuite pour obtenir Tablette Samsung GALAXY TAB A11+ 5G 6 GB RAM 128 GB 11\\\" Gris d\u00e8s maintenant.\",\"breadcrumb\":{\"@id\":\"https:\/\/tupique.com\/produit\/tablette-samsung-galaxy-tab-a11-5g-6-gb-ram-128-gb-11-gris\/#breadcrumb\"},\"inLanguage\":\"en-GB\",\"potentialAction\":[{\"@type\":\"ReadAction\",\"target\":[\"https:\/\/tupique.com\/produit\/tablette-samsung-galaxy-tab-a11-5g-6-gb-ram-128-gb-11-gris\/\"]}]},{\"@type\":\"ImageObject\",\"inLanguage\":\"en-GB\",\"@id\":\"https:\/\/tupique.com\/produit\/tablette-samsung-galaxy-tab-a11-5g-6-gb-ram-128-gb-11-gris\/#primaryimage\",\"url\":\"https:\/\/tupique.com\/wp-content\/uploads\/2026\/04\/8806097854845_S8111505_P00.jpg\",\"contentUrl\":\"https:\/\/tupique.com\/wp-content\/uploads\/2026\/04\/8806097854845_S8111505_P00.jpg\",\"width\":1200,\"height\":1200,\"caption\":\"S0468910_0\"},{\"@type\":\"BreadcrumbList\",\"@id\":\"https:\/\/tupique.com\/produit\/tablette-samsung-galaxy-tab-a11-5g-6-gb-ram-128-gb-11-gris\/#breadcrumb\",\"itemListElement\":[{\"@type\":\"ListItem\",\"position\":1,\"name\":\"In\u00edcio\",\"item\":\"https:\/\/tupique.com\/\"},{\"@type\":\"ListItem\",\"position\":2,\"name\":\"Boutique\",\"item\":\"https:\/\/tupique.com\/en\/boutique\/\"},{\"@type\":\"ListItem\",\"position\":3,\"name\":\"Tablette Samsung GALAXY TAB A11+ 5G 6 GB RAM 128 GB 11&#8243; Gris\"}]},{\"@type\":\"WebSite\",\"@id\":\"https:\/\/tupique.com\/#website\",\"url\":\"https:\/\/tupique.com\/\",\"name\":\"Tupique\",\"description\":\"Marketplace\",\"publisher\":{\"@id\":\"https:\/\/tupique.com\/#organization\"},\"potentialAction\":[{\"@type\":\"SearchAction\",\"target\":{\"@type\":\"EntryPoint\",\"urlTemplate\":\"https:\/\/tupique.com\/?s={search_term_string}\"},\"query-input\":{\"@type\":\"PropertyValueSpecification\",\"valueRequired\":true,\"valueName\":\"search_term_string\"}}],\"inLanguage\":\"en-GB\"},{\"@type\":\"Organization\",\"@id\":\"https:\/\/tupique.com\/#organization\",\"name\":\"Tupique\",\"url\":\"https:\/\/tupique.com\/\",\"logo\":{\"@type\":\"ImageObject\",\"inLanguage\":\"en-GB\",\"@id\":\"https:\/\/tupique.com\/#\/schema\/logo\/image\/\",\"url\":\"https:\/\/tupique.com\/wp-content\/uploads\/2024\/09\/logo.png\",\"contentUrl\":\"https:\/\/tupique.com\/wp-content\/uploads\/2024\/09\/logo.png\",\"width\":1118,\"height\":310,\"caption\":\"Tupique\"},\"image\":{\"@id\":\"https:\/\/tupique.com\/#\/schema\/logo\/image\/\"}}]}<\/script>\n<!-- \/ Yoast SEO plugin. -->","yoast_head_json":{"title":"Tablette Samsung GALAXY TAB A11+ 5G 6 GB RAM 128 GB 11\" Gris - Tupique","description":"Vous cherchez Tablette Samsung GALAXY TAB A11+ 5G 6 GB RAM 128 GB 11\" Gris ? Achetez des produits chez Tupique. Profitez de la livraison gratuite pour obtenir Tablette Samsung GALAXY TAB A11+ 5G 6 GB RAM 128 GB 11\" Gris d\u00e8s maintenant.","robots":{"index":"index","follow":"follow","max-snippet":"max-snippet:-1","max-image-preview":"max-image-preview:large","max-video-preview":"max-video-preview:-1"},"canonical":"https:\/\/tupique.com\/en\/product\/tablette-samsung-galaxy-tab-a11-5g-6-gb-ram-128-gb-11-gris\/","og_locale":"en_GB","og_type":"article","og_title":"Tablette Samsung GALAXY TAB A11+ 5G 6 GB RAM 128 GB 11\" Gris - Tupique","og_description":"Vous cherchez Tablette Samsung GALAXY TAB A11+ 5G 6 GB RAM 128 GB 11\" Gris ? Achetez des produits chez Tupique. Profitez de la livraison gratuite pour obtenir Tablette Samsung GALAXY TAB A11+ 5G 6 GB RAM 128 GB 11\" Gris d\u00e8s maintenant.","og_url":"https:\/\/tupique.com\/en\/product\/tablette-samsung-galaxy-tab-a11-5g-6-gb-ram-128-gb-11-gris\/","og_site_name":"Tupique","twitter_card":"summary_large_image","twitter_misc":{"Estimated reading time":"2 minutes"},"schema":{"@context":"https:\/\/schema.org","@graph":[{"@type":"WebPage","@id":"https:\/\/tupique.com\/produit\/tablette-samsung-galaxy-tab-a11-5g-6-gb-ram-128-gb-11-gris\/","url":"https:\/\/tupique.com\/produit\/tablette-samsung-galaxy-tab-a11-5g-6-gb-ram-128-gb-11-gris\/","name":"Tablette Samsung GALAXY TAB A11+ 5G 6 GB RAM 128 GB 11\" Gris - Tupique","isPartOf":{"@id":"https:\/\/tupique.com\/#website"},"primaryImageOfPage":{"@id":"https:\/\/tupique.com\/produit\/tablette-samsung-galaxy-tab-a11-5g-6-gb-ram-128-gb-11-gris\/#primaryimage"},"image":{"@id":"https:\/\/tupique.com\/produit\/tablette-samsung-galaxy-tab-a11-5g-6-gb-ram-128-gb-11-gris\/#primaryimage"},"thumbnailUrl":"https:\/\/tupique.com\/wp-content\/uploads\/2026\/04\/8806097854845_S8111505_P00.jpg","datePublished":"2026-04-05T11:59:25+00:00","description":"Vous cherchez Tablette Samsung GALAXY TAB A11+ 5G 6 GB RAM 128 GB 11\" Gris ? Achetez des produits chez Tupique. Profitez de la livraison gratuite pour obtenir Tablette Samsung GALAXY TAB A11+ 5G 6 GB RAM 128 GB 11\" Gris d\u00e8s maintenant.","breadcrumb":{"@id":"https:\/\/tupique.com\/produit\/tablette-samsung-galaxy-tab-a11-5g-6-gb-ram-128-gb-11-gris\/#breadcrumb"},"inLanguage":"en-GB","potentialAction":[{"@type":"ReadAction","target":["https:\/\/tupique.com\/produit\/tablette-samsung-galaxy-tab-a11-5g-6-gb-ram-128-gb-11-gris\/"]}]},{"@type":"ImageObject","inLanguage":"en-GB","@id":"https:\/\/tupique.com\/produit\/tablette-samsung-galaxy-tab-a11-5g-6-gb-ram-128-gb-11-gris\/#primaryimage","url":"https:\/\/tupique.com\/wp-content\/uploads\/2026\/04\/8806097854845_S8111505_P00.jpg","contentUrl":"https:\/\/tupique.com\/wp-content\/uploads\/2026\/04\/8806097854845_S8111505_P00.jpg","width":1200,"height":1200,"caption":"S0468910_0"},{"@type":"BreadcrumbList","@id":"https:\/\/tupique.com\/produit\/tablette-samsung-galaxy-tab-a11-5g-6-gb-ram-128-gb-11-gris\/#breadcrumb","itemListElement":[{"@type":"ListItem","position":1,"name":"In\u00edcio","item":"https:\/\/tupique.com\/"},{"@type":"ListItem","position":2,"name":"Boutique","item":"https:\/\/tupique.com\/en\/boutique\/"},{"@type":"ListItem","position":3,"name":"Tablette Samsung GALAXY TAB A11+ 5G 6 GB RAM 128 GB 11&#8243; Gris"}]},{"@type":"WebSite","@id":"https:\/\/tupique.com\/#website","url":"https:\/\/tupique.com\/","name":"Tupique","description":"Marketplace","publisher":{"@id":"https:\/\/tupique.com\/#organization"},"potentialAction":[{"@type":"SearchAction","target":{"@type":"EntryPoint","urlTemplate":"https:\/\/tupique.com\/?s={search_term_string}"},"query-input":{"@type":"PropertyValueSpecification","valueRequired":true,"valueName":"search_term_string"}}],"inLanguage":"en-GB"},{"@type":"Organization","@id":"https:\/\/tupique.com\/#organization","name":"Tupique","url":"https:\/\/tupique.com\/","logo":{"@type":"ImageObject","inLanguage":"en-GB","@id":"https:\/\/tupique.com\/#\/schema\/logo\/image\/","url":"https:\/\/tupique.com\/wp-content\/uploads\/2024\/09\/logo.png","contentUrl":"https:\/\/tupique.com\/wp-content\/uploads\/2024\/09\/logo.png","width":1118,"height":310,"caption":"Tupique"},"image":{"@id":"https:\/\/tupique.com\/#\/schema\/logo\/image\/"}}]}},"jetpack_sharing_enabled":true,"_links":{"self":[{"href":"https:\/\/tupique.com\/en\/wp-json\/wp\/v2\/product\/4380623","targetHints":{"allow":["GET"]}}],"collection":[{"href":"https:\/\/tupique.com\/en\/wp-json\/wp\/v2\/product"}],"about":[{"href":"https:\/\/tupique.com\/en\/wp-json\/wp\/v2\/types\/product"}],"replies":[{"embeddable":true,"href":"https:\/\/tupique.com\/en\/wp-json\/wp\/v2\/comments?post=4380623"}],"wp:featuredmedia":[{"embeddable":true,"href":"https:\/\/tupique.com\/en\/wp-json\/wp\/v2\/media\/4380603"}],"wp:attachment":[{"href":"https:\/\/tupique.com\/en\/wp-json\/wp\/v2\/media?parent=4380623"}],"wp:term":[{"taxonomy":"product_brand","embeddable":true,"href":"https:\/\/tupique.com\/en\/wp-json\/wp\/v2\/product_brand?post=4380623"},{"taxonomy":"product_cat","embeddable":true,"href":"https:\/\/tupique.com\/en\/wp-json\/wp\/v2\/product_cat?post=4380623"},{"taxonomy":"product_tag","embeddable":true,"href":"https:\/\/tupique.com\/en\/wp-json\/wp\/v2\/product_tag?post=4380623"}],"curies":[{"name":"wp","href":"https:\/\/api.w.org\/{rel}","templated":true}]}}