{"id":4380805,"date":"2026-04-05T13:03:09","date_gmt":"2026-04-05T12:03:09","guid":{"rendered":"https:\/\/tupique.com\/produit\/montre-homme-philipp-plein-pwmfa0125-argente\/"},"modified":"2026-04-06T03:01:40","modified_gmt":"2026-04-06T02:01:40","slug":"montre-homme-philipp-plein-pwmfa0125-argente","status":"publish","type":"product","link":"https:\/\/tupique.com\/en\/product\/montre-homme-philipp-plein-pwmfa0125-argente\/","title":{"rendered":"Montre Homme PHILIPP PLEIN PWMFA0125 Argent\u00e9"},"content":{"rendered":"<p>If you like to keep up with the latest trends in fashion and accessories, buy <b>Montre Homme PHILIPP PLEIN PWMFA0125 Argent\u00e9<\/b> at the best price.<\/p>\n<ul>\n<li>Couleur du bracelet: Argent\u00e9<\/li>\n<li>Gender: Men<\/li>\n<li>Additional links: No<\/li>\n<li>Watch type: Wristwatch<\/li>\n<li>Mati\u00e8re: Acier inoxydable<\/li>\n<li>Caract\u00e9ristiques: R\u00e9sistant \u00e0 l&#8217;eau<\/li>\n<li>Bracelet material: Stainless steel<\/li>\n<li>Case material: Stainless steel<\/li>\n<li>Shape: Round<\/li>\n<li>Bloc d\u2019Alimentation: Batterie<\/li>\n<li>Colour: Silver<\/li>\n<li>approx. diameter: 41 mm<\/li>\n<\/ul>","protected":false},"excerpt":{"rendered":"<p>Si vous aimez suivre les derni\u00e8res tendances en mati\u00e8re de mode et accessoires, achetez Montre Homme PHILIPP PLEIN PWMFA0125 Argent\u00e9<\/p>","protected":false},"featured_media":4380799,"comment_status":"open","ping_status":"closed","template":"","meta":{"_joinchat":[]},"product_brand":[158164],"product_cat":[157532,157534,157533],"product_tag":[157530,157529],"class_list":{"0":"post-4380805","1":"product","2":"type-product","3":"status-publish","4":"has-post-thumbnail","6":"product_brand-brandp_5653","7":"product_cat-mode-accessoires","8":"product_cat-montres-homme","9":"product_cat-montres-bracelets","10":"product_tag-tag_1261","11":"product_tag-tag_61","13":"first","14":"outofstock","15":"taxable","16":"shipping-taxable","17":"purchasable","18":"product-type-simple"},"yoast_head":"<!-- This site is optimized with the Yoast SEO plugin v27.2 - https:\/\/yoast.com\/product\/yoast-seo-wordpress\/ -->\n<title>Montre Homme PHILIPP PLEIN PWMFA0125 Argent\u00e9 - Tupique<\/title>\n<meta name=\"description\" content=\"Vous cherchez Montre Homme PHILIPP PLEIN PWMFA0125 Argent\u00e9 ? Achetez des produits chez Tupique. Profitez de la livraison gratuite pour obtenir Montre Homme PHILIPP PLEIN PWMFA0125 Argent\u00e9 d\u00e8s maintenant.\" \/>\n<meta name=\"robots\" content=\"index, follow, max-snippet:-1, max-image-preview:large, max-video-preview:-1\" \/>\n<link rel=\"canonical\" href=\"https:\/\/tupique.com\/en\/product\/montre-homme-philipp-plein-pwmfa0125-argente\/\" \/>\n<meta property=\"og:locale\" content=\"en_GB\" \/>\n<meta property=\"og:type\" content=\"article\" \/>\n<meta property=\"og:title\" content=\"Montre Homme PHILIPP PLEIN PWMFA0125 Argent\u00e9 - Tupique\" \/>\n<meta property=\"og:description\" content=\"Vous cherchez Montre Homme PHILIPP PLEIN PWMFA0125 Argent\u00e9 ? Achetez des produits chez Tupique. Profitez de la livraison gratuite pour obtenir Montre Homme PHILIPP PLEIN PWMFA0125 Argent\u00e9 d\u00e8s maintenant.\" \/>\n<meta property=\"og:url\" content=\"https:\/\/tupique.com\/en\/product\/montre-homme-philipp-plein-pwmfa0125-argente\/\" \/>\n<meta property=\"og:site_name\" content=\"Tupique\" \/>\n<meta property=\"article:modified_time\" content=\"2026-04-06T02:01:40+00:00\" \/>\n<meta property=\"og:image\" content=\"https:\/\/tupique.com\/wp-content\/uploads\/2026\/04\/7630615171227_S72136693_P00.jpg\" \/>\n\t<meta property=\"og:image:width\" content=\"1200\" \/>\n\t<meta property=\"og:image:height\" content=\"1200\" \/>\n\t<meta property=\"og:image:type\" content=\"image\/jpeg\" \/>\n<meta name=\"twitter:card\" content=\"summary_large_image\" \/>\n<script type=\"application\/ld+json\" class=\"yoast-schema-graph\">{\"@context\":\"https:\/\/schema.org\",\"@graph\":[{\"@type\":\"WebPage\",\"@id\":\"https:\/\/tupique.com\/produit\/montre-homme-philipp-plein-pwmfa0125-argente\/\",\"url\":\"https:\/\/tupique.com\/produit\/montre-homme-philipp-plein-pwmfa0125-argente\/\",\"name\":\"Montre Homme PHILIPP PLEIN PWMFA0125 Argent\u00e9 - Tupique\",\"isPartOf\":{\"@id\":\"https:\/\/tupique.com\/#website\"},\"primaryImageOfPage\":{\"@id\":\"https:\/\/tupique.com\/produit\/montre-homme-philipp-plein-pwmfa0125-argente\/#primaryimage\"},\"image\":{\"@id\":\"https:\/\/tupique.com\/produit\/montre-homme-philipp-plein-pwmfa0125-argente\/#primaryimage\"},\"thumbnailUrl\":\"https:\/\/tupique.com\/wp-content\/uploads\/2026\/04\/7630615171227_S72136693_P00.jpg\",\"datePublished\":\"2026-04-05T12:03:09+00:00\",\"dateModified\":\"2026-04-06T02:01:40+00:00\",\"description\":\"Vous cherchez Montre Homme PHILIPP PLEIN PWMFA0125 Argent\u00e9 ? Achetez des produits chez Tupique. Profitez de la livraison gratuite pour obtenir Montre Homme PHILIPP PLEIN PWMFA0125 Argent\u00e9 d\u00e8s maintenant.\",\"breadcrumb\":{\"@id\":\"https:\/\/tupique.com\/produit\/montre-homme-philipp-plein-pwmfa0125-argente\/#breadcrumb\"},\"inLanguage\":\"en-GB\",\"potentialAction\":[{\"@type\":\"ReadAction\",\"target\":[\"https:\/\/tupique.com\/produit\/montre-homme-philipp-plein-pwmfa0125-argente\/\"]}]},{\"@type\":\"ImageObject\",\"inLanguage\":\"en-GB\",\"@id\":\"https:\/\/tupique.com\/produit\/montre-homme-philipp-plein-pwmfa0125-argente\/#primaryimage\",\"url\":\"https:\/\/tupique.com\/wp-content\/uploads\/2026\/04\/7630615171227_S72136693_P00.jpg\",\"contentUrl\":\"https:\/\/tupique.com\/wp-content\/uploads\/2026\/04\/7630615171227_S72136693_P00.jpg\",\"width\":1200,\"height\":1200,\"caption\":\"S72136693_0\"},{\"@type\":\"BreadcrumbList\",\"@id\":\"https:\/\/tupique.com\/produit\/montre-homme-philipp-plein-pwmfa0125-argente\/#breadcrumb\",\"itemListElement\":[{\"@type\":\"ListItem\",\"position\":1,\"name\":\"In\u00edcio\",\"item\":\"https:\/\/tupique.com\/\"},{\"@type\":\"ListItem\",\"position\":2,\"name\":\"Boutique\",\"item\":\"https:\/\/tupique.com\/en\/boutique\/\"},{\"@type\":\"ListItem\",\"position\":3,\"name\":\"Montre Homme PHILIPP PLEIN PWMFA0125 Argent\u00e9\"}]},{\"@type\":\"WebSite\",\"@id\":\"https:\/\/tupique.com\/#website\",\"url\":\"https:\/\/tupique.com\/\",\"name\":\"Tupique\",\"description\":\"Marketplace\",\"publisher\":{\"@id\":\"https:\/\/tupique.com\/#organization\"},\"potentialAction\":[{\"@type\":\"SearchAction\",\"target\":{\"@type\":\"EntryPoint\",\"urlTemplate\":\"https:\/\/tupique.com\/?s={search_term_string}\"},\"query-input\":{\"@type\":\"PropertyValueSpecification\",\"valueRequired\":true,\"valueName\":\"search_term_string\"}}],\"inLanguage\":\"en-GB\"},{\"@type\":\"Organization\",\"@id\":\"https:\/\/tupique.com\/#organization\",\"name\":\"Tupique\",\"url\":\"https:\/\/tupique.com\/\",\"logo\":{\"@type\":\"ImageObject\",\"inLanguage\":\"en-GB\",\"@id\":\"https:\/\/tupique.com\/#\/schema\/logo\/image\/\",\"url\":\"https:\/\/tupique.com\/wp-content\/uploads\/2024\/09\/logo.png\",\"contentUrl\":\"https:\/\/tupique.com\/wp-content\/uploads\/2024\/09\/logo.png\",\"width\":1118,\"height\":310,\"caption\":\"Tupique\"},\"image\":{\"@id\":\"https:\/\/tupique.com\/#\/schema\/logo\/image\/\"}}]}<\/script>\n<!-- \/ Yoast SEO plugin. -->","yoast_head_json":{"title":"Montre Homme PHILIPP PLEIN PWMFA0125 Argent\u00e9 - Tupique","description":"Vous cherchez Montre Homme PHILIPP PLEIN PWMFA0125 Argent\u00e9 ? Achetez des produits chez Tupique. Profitez de la livraison gratuite pour obtenir Montre Homme PHILIPP PLEIN PWMFA0125 Argent\u00e9 d\u00e8s maintenant.","robots":{"index":"index","follow":"follow","max-snippet":"max-snippet:-1","max-image-preview":"max-image-preview:large","max-video-preview":"max-video-preview:-1"},"canonical":"https:\/\/tupique.com\/en\/product\/montre-homme-philipp-plein-pwmfa0125-argente\/","og_locale":"en_GB","og_type":"article","og_title":"Montre Homme PHILIPP PLEIN PWMFA0125 Argent\u00e9 - Tupique","og_description":"Vous cherchez Montre Homme PHILIPP PLEIN PWMFA0125 Argent\u00e9 ? Achetez des produits chez Tupique. Profitez de la livraison gratuite pour obtenir Montre Homme PHILIPP PLEIN PWMFA0125 Argent\u00e9 d\u00e8s maintenant.","og_url":"https:\/\/tupique.com\/en\/product\/montre-homme-philipp-plein-pwmfa0125-argente\/","og_site_name":"Tupique","article_modified_time":"2026-04-06T02:01:40+00:00","og_image":[{"width":1200,"height":1200,"url":"https:\/\/tupique.com\/wp-content\/uploads\/2026\/04\/7630615171227_S72136693_P00.jpg","type":"image\/jpeg"}],"twitter_card":"summary_large_image","schema":{"@context":"https:\/\/schema.org","@graph":[{"@type":"WebPage","@id":"https:\/\/tupique.com\/produit\/montre-homme-philipp-plein-pwmfa0125-argente\/","url":"https:\/\/tupique.com\/produit\/montre-homme-philipp-plein-pwmfa0125-argente\/","name":"Montre Homme PHILIPP PLEIN PWMFA0125 Argent\u00e9 - Tupique","isPartOf":{"@id":"https:\/\/tupique.com\/#website"},"primaryImageOfPage":{"@id":"https:\/\/tupique.com\/produit\/montre-homme-philipp-plein-pwmfa0125-argente\/#primaryimage"},"image":{"@id":"https:\/\/tupique.com\/produit\/montre-homme-philipp-plein-pwmfa0125-argente\/#primaryimage"},"thumbnailUrl":"https:\/\/tupique.com\/wp-content\/uploads\/2026\/04\/7630615171227_S72136693_P00.jpg","datePublished":"2026-04-05T12:03:09+00:00","dateModified":"2026-04-06T02:01:40+00:00","description":"Vous cherchez Montre Homme PHILIPP PLEIN PWMFA0125 Argent\u00e9 ? Achetez des produits chez Tupique. Profitez de la livraison gratuite pour obtenir Montre Homme PHILIPP PLEIN PWMFA0125 Argent\u00e9 d\u00e8s maintenant.","breadcrumb":{"@id":"https:\/\/tupique.com\/produit\/montre-homme-philipp-plein-pwmfa0125-argente\/#breadcrumb"},"inLanguage":"en-GB","potentialAction":[{"@type":"ReadAction","target":["https:\/\/tupique.com\/produit\/montre-homme-philipp-plein-pwmfa0125-argente\/"]}]},{"@type":"ImageObject","inLanguage":"en-GB","@id":"https:\/\/tupique.com\/produit\/montre-homme-philipp-plein-pwmfa0125-argente\/#primaryimage","url":"https:\/\/tupique.com\/wp-content\/uploads\/2026\/04\/7630615171227_S72136693_P00.jpg","contentUrl":"https:\/\/tupique.com\/wp-content\/uploads\/2026\/04\/7630615171227_S72136693_P00.jpg","width":1200,"height":1200,"caption":"S72136693_0"},{"@type":"BreadcrumbList","@id":"https:\/\/tupique.com\/produit\/montre-homme-philipp-plein-pwmfa0125-argente\/#breadcrumb","itemListElement":[{"@type":"ListItem","position":1,"name":"In\u00edcio","item":"https:\/\/tupique.com\/"},{"@type":"ListItem","position":2,"name":"Boutique","item":"https:\/\/tupique.com\/en\/boutique\/"},{"@type":"ListItem","position":3,"name":"Montre Homme PHILIPP PLEIN PWMFA0125 Argent\u00e9"}]},{"@type":"WebSite","@id":"https:\/\/tupique.com\/#website","url":"https:\/\/tupique.com\/","name":"Tupique","description":"Marketplace","publisher":{"@id":"https:\/\/tupique.com\/#organization"},"potentialAction":[{"@type":"SearchAction","target":{"@type":"EntryPoint","urlTemplate":"https:\/\/tupique.com\/?s={search_term_string}"},"query-input":{"@type":"PropertyValueSpecification","valueRequired":true,"valueName":"search_term_string"}}],"inLanguage":"en-GB"},{"@type":"Organization","@id":"https:\/\/tupique.com\/#organization","name":"Tupique","url":"https:\/\/tupique.com\/","logo":{"@type":"ImageObject","inLanguage":"en-GB","@id":"https:\/\/tupique.com\/#\/schema\/logo\/image\/","url":"https:\/\/tupique.com\/wp-content\/uploads\/2024\/09\/logo.png","contentUrl":"https:\/\/tupique.com\/wp-content\/uploads\/2024\/09\/logo.png","width":1118,"height":310,"caption":"Tupique"},"image":{"@id":"https:\/\/tupique.com\/#\/schema\/logo\/image\/"}}]}},"jetpack_sharing_enabled":true,"_links":{"self":[{"href":"https:\/\/tupique.com\/en\/wp-json\/wp\/v2\/product\/4380805","targetHints":{"allow":["GET"]}}],"collection":[{"href":"https:\/\/tupique.com\/en\/wp-json\/wp\/v2\/product"}],"about":[{"href":"https:\/\/tupique.com\/en\/wp-json\/wp\/v2\/types\/product"}],"replies":[{"embeddable":true,"href":"https:\/\/tupique.com\/en\/wp-json\/wp\/v2\/comments?post=4380805"}],"wp:featuredmedia":[{"embeddable":true,"href":"https:\/\/tupique.com\/en\/wp-json\/wp\/v2\/media\/4380799"}],"wp:attachment":[{"href":"https:\/\/tupique.com\/en\/wp-json\/wp\/v2\/media?parent=4380805"}],"wp:term":[{"taxonomy":"product_brand","embeddable":true,"href":"https:\/\/tupique.com\/en\/wp-json\/wp\/v2\/product_brand?post=4380805"},{"taxonomy":"product_cat","embeddable":true,"href":"https:\/\/tupique.com\/en\/wp-json\/wp\/v2\/product_cat?post=4380805"},{"taxonomy":"product_tag","embeddable":true,"href":"https:\/\/tupique.com\/en\/wp-json\/wp\/v2\/product_tag?post=4380805"}],"curies":[{"name":"wp","href":"https:\/\/api.w.org\/{rel}","templated":true}]}}