{"id":4380812,"date":"2026-04-05T13:03:17","date_gmt":"2026-04-05T12:03:17","guid":{"rendered":"https:\/\/tupique.com\/produit\/montre-femme-philipp-plein-pwjfa0625-o-44-mm\/"},"modified":"2026-04-06T03:01:42","modified_gmt":"2026-04-06T02:01:42","slug":"montre-femme-philipp-plein-pwjfa0625-o-44-mm","status":"publish","type":"product","link":"https:\/\/tupique.com\/en\/product\/montre-femme-philipp-plein-pwjfa0625-o-44-mm\/","title":{"rendered":"Montre Femme PHILIPP PLEIN PWJFA0625 (\u00d8 44 mm)"},"content":{"rendered":"<p>If you like to keep up with the latest trends in fashion and accessories, buy <b>Montre Femme PHILIPP PLEIN PWJFA0625 (\u00d8 44 mm)<\/b> at the best price.<\/p>\n<ul>\n<li>Couleur du bracelet:\n<ul>\n<li>Dor\u00e9<\/li>\n<li>Or<\/li>\n<\/ul>\n<\/li>\n<li>Genre: Woman<\/li>\n<li>Additional links: No<\/li>\n<li>Watch type: Wristwatch<\/li>\n<li>Caract\u00e9ristiques: R\u00e9sistant \u00e0 l&#8217;eau<\/li>\n<li>Bracelet material: Stainless steel<\/li>\n<li>Case material: Stainless steel<\/li>\n<li>Shape: Round<\/li>\n<li>Diam\u00e8tre du bo\u00eetier: \u00d8 44 mm<\/li>\n<\/ul>","protected":false},"excerpt":{"rendered":"<p>Si vous aimez suivre les derni\u00e8res tendances en mati\u00e8re de mode et accessoires, achetez Montre Femme PHILIPP PLEIN PWJFA0625 (\u00d8<\/p>","protected":false},"featured_media":4380806,"comment_status":"open","ping_status":"closed","template":"","meta":{"_joinchat":[]},"product_brand":[158164],"product_cat":[157532,157833,157533],"product_tag":[157530,157591,157529],"class_list":{"0":"post-4380812","1":"product","2":"type-product","3":"status-publish","4":"has-post-thumbnail","6":"product_brand-brandp_5653","7":"product_cat-mode-accessoires","8":"product_cat-montres-femme","9":"product_cat-montres-bracelets","10":"product_tag-tag_1261","11":"product_tag-tag_1274","12":"product_tag-tag_61","14":"first","15":"outofstock","16":"taxable","17":"shipping-taxable","18":"purchasable","19":"product-type-simple"},"yoast_head":"<!-- This site is optimized with the Yoast SEO plugin v27.2 - https:\/\/yoast.com\/product\/yoast-seo-wordpress\/ -->\n<title>Montre Femme PHILIPP PLEIN PWJFA0625 (\u00d8 44 mm) - Tupique<\/title>\n<meta name=\"description\" content=\"Vous cherchez Montre Femme PHILIPP PLEIN PWJFA0625 (\u00d8 44 mm) ? Achetez des produits chez Tupique. Profitez de la livraison gratuite pour obtenir Montre Femme PHILIPP PLEIN PWJFA0625 (\u00d8 44 mm) d\u00e8s maintenant.\" \/>\n<meta name=\"robots\" content=\"index, follow, max-snippet:-1, max-image-preview:large, max-video-preview:-1\" \/>\n<link rel=\"canonical\" href=\"https:\/\/tupique.com\/en\/product\/montre-femme-philipp-plein-pwjfa0625-o-44-mm\/\" \/>\n<meta property=\"og:locale\" content=\"en_GB\" \/>\n<meta property=\"og:type\" content=\"article\" \/>\n<meta property=\"og:title\" content=\"Montre Femme PHILIPP PLEIN PWJFA0625 (\u00d8 44 mm) - Tupique\" \/>\n<meta property=\"og:description\" content=\"Vous cherchez Montre Femme PHILIPP PLEIN PWJFA0625 (\u00d8 44 mm) ? Achetez des produits chez Tupique. Profitez de la livraison gratuite pour obtenir Montre Femme PHILIPP PLEIN PWJFA0625 (\u00d8 44 mm) d\u00e8s maintenant.\" \/>\n<meta property=\"og:url\" content=\"https:\/\/tupique.com\/en\/product\/montre-femme-philipp-plein-pwjfa0625-o-44-mm\/\" \/>\n<meta property=\"og:site_name\" content=\"Tupique\" \/>\n<meta property=\"article:modified_time\" content=\"2026-04-06T02:01:42+00:00\" \/>\n<meta property=\"og:image\" content=\"https:\/\/tupique.com\/wp-content\/uploads\/2026\/04\/7630615171067_S72136696_P00.jpg\" \/>\n\t<meta property=\"og:image:width\" content=\"1200\" \/>\n\t<meta property=\"og:image:height\" content=\"1200\" \/>\n\t<meta property=\"og:image:type\" content=\"image\/jpeg\" \/>\n<meta name=\"twitter:card\" content=\"summary_large_image\" \/>\n<script type=\"application\/ld+json\" class=\"yoast-schema-graph\">{\"@context\":\"https:\/\/schema.org\",\"@graph\":[{\"@type\":\"WebPage\",\"@id\":\"https:\/\/tupique.com\/produit\/montre-femme-philipp-plein-pwjfa0625-o-44-mm\/\",\"url\":\"https:\/\/tupique.com\/produit\/montre-femme-philipp-plein-pwjfa0625-o-44-mm\/\",\"name\":\"Montre Femme PHILIPP PLEIN PWJFA0625 (\u00d8 44 mm) - Tupique\",\"isPartOf\":{\"@id\":\"https:\/\/tupique.com\/#website\"},\"primaryImageOfPage\":{\"@id\":\"https:\/\/tupique.com\/produit\/montre-femme-philipp-plein-pwjfa0625-o-44-mm\/#primaryimage\"},\"image\":{\"@id\":\"https:\/\/tupique.com\/produit\/montre-femme-philipp-plein-pwjfa0625-o-44-mm\/#primaryimage\"},\"thumbnailUrl\":\"https:\/\/tupique.com\/wp-content\/uploads\/2026\/04\/7630615171067_S72136696_P00.jpg\",\"datePublished\":\"2026-04-05T12:03:17+00:00\",\"dateModified\":\"2026-04-06T02:01:42+00:00\",\"description\":\"Vous cherchez Montre Femme PHILIPP PLEIN PWJFA0625 (\u00d8 44 mm) ? Achetez des produits chez Tupique. Profitez de la livraison gratuite pour obtenir Montre Femme PHILIPP PLEIN PWJFA0625 (\u00d8 44 mm) d\u00e8s maintenant.\",\"breadcrumb\":{\"@id\":\"https:\/\/tupique.com\/produit\/montre-femme-philipp-plein-pwjfa0625-o-44-mm\/#breadcrumb\"},\"inLanguage\":\"en-GB\",\"potentialAction\":[{\"@type\":\"ReadAction\",\"target\":[\"https:\/\/tupique.com\/produit\/montre-femme-philipp-plein-pwjfa0625-o-44-mm\/\"]}]},{\"@type\":\"ImageObject\",\"inLanguage\":\"en-GB\",\"@id\":\"https:\/\/tupique.com\/produit\/montre-femme-philipp-plein-pwjfa0625-o-44-mm\/#primaryimage\",\"url\":\"https:\/\/tupique.com\/wp-content\/uploads\/2026\/04\/7630615171067_S72136696_P00.jpg\",\"contentUrl\":\"https:\/\/tupique.com\/wp-content\/uploads\/2026\/04\/7630615171067_S72136696_P00.jpg\",\"width\":1200,\"height\":1200,\"caption\":\"S72136696_0\"},{\"@type\":\"BreadcrumbList\",\"@id\":\"https:\/\/tupique.com\/produit\/montre-femme-philipp-plein-pwjfa0625-o-44-mm\/#breadcrumb\",\"itemListElement\":[{\"@type\":\"ListItem\",\"position\":1,\"name\":\"In\u00edcio\",\"item\":\"https:\/\/tupique.com\/\"},{\"@type\":\"ListItem\",\"position\":2,\"name\":\"Boutique\",\"item\":\"https:\/\/tupique.com\/en\/boutique\/\"},{\"@type\":\"ListItem\",\"position\":3,\"name\":\"Montre Femme PHILIPP PLEIN PWJFA0625 (\u00d8 44 mm)\"}]},{\"@type\":\"WebSite\",\"@id\":\"https:\/\/tupique.com\/#website\",\"url\":\"https:\/\/tupique.com\/\",\"name\":\"Tupique\",\"description\":\"Marketplace\",\"publisher\":{\"@id\":\"https:\/\/tupique.com\/#organization\"},\"potentialAction\":[{\"@type\":\"SearchAction\",\"target\":{\"@type\":\"EntryPoint\",\"urlTemplate\":\"https:\/\/tupique.com\/?s={search_term_string}\"},\"query-input\":{\"@type\":\"PropertyValueSpecification\",\"valueRequired\":true,\"valueName\":\"search_term_string\"}}],\"inLanguage\":\"en-GB\"},{\"@type\":\"Organization\",\"@id\":\"https:\/\/tupique.com\/#organization\",\"name\":\"Tupique\",\"url\":\"https:\/\/tupique.com\/\",\"logo\":{\"@type\":\"ImageObject\",\"inLanguage\":\"en-GB\",\"@id\":\"https:\/\/tupique.com\/#\/schema\/logo\/image\/\",\"url\":\"https:\/\/tupique.com\/wp-content\/uploads\/2024\/09\/logo.png\",\"contentUrl\":\"https:\/\/tupique.com\/wp-content\/uploads\/2024\/09\/logo.png\",\"width\":1118,\"height\":310,\"caption\":\"Tupique\"},\"image\":{\"@id\":\"https:\/\/tupique.com\/#\/schema\/logo\/image\/\"}}]}<\/script>\n<!-- \/ Yoast SEO plugin. -->","yoast_head_json":{"title":"Montre Femme PHILIPP PLEIN PWJFA0625 (\u00d8 44 mm) - Tupique","description":"Vous cherchez Montre Femme PHILIPP PLEIN PWJFA0625 (\u00d8 44 mm) ? Achetez des produits chez Tupique. Profitez de la livraison gratuite pour obtenir Montre Femme PHILIPP PLEIN PWJFA0625 (\u00d8 44 mm) d\u00e8s maintenant.","robots":{"index":"index","follow":"follow","max-snippet":"max-snippet:-1","max-image-preview":"max-image-preview:large","max-video-preview":"max-video-preview:-1"},"canonical":"https:\/\/tupique.com\/en\/product\/montre-femme-philipp-plein-pwjfa0625-o-44-mm\/","og_locale":"en_GB","og_type":"article","og_title":"Montre Femme PHILIPP PLEIN PWJFA0625 (\u00d8 44 mm) - Tupique","og_description":"Vous cherchez Montre Femme PHILIPP PLEIN PWJFA0625 (\u00d8 44 mm) ? Achetez des produits chez Tupique. Profitez de la livraison gratuite pour obtenir Montre Femme PHILIPP PLEIN PWJFA0625 (\u00d8 44 mm) d\u00e8s maintenant.","og_url":"https:\/\/tupique.com\/en\/product\/montre-femme-philipp-plein-pwjfa0625-o-44-mm\/","og_site_name":"Tupique","article_modified_time":"2026-04-06T02:01:42+00:00","og_image":[{"width":1200,"height":1200,"url":"https:\/\/tupique.com\/wp-content\/uploads\/2026\/04\/7630615171067_S72136696_P00.jpg","type":"image\/jpeg"}],"twitter_card":"summary_large_image","schema":{"@context":"https:\/\/schema.org","@graph":[{"@type":"WebPage","@id":"https:\/\/tupique.com\/produit\/montre-femme-philipp-plein-pwjfa0625-o-44-mm\/","url":"https:\/\/tupique.com\/produit\/montre-femme-philipp-plein-pwjfa0625-o-44-mm\/","name":"Montre Femme PHILIPP PLEIN PWJFA0625 (\u00d8 44 mm) - Tupique","isPartOf":{"@id":"https:\/\/tupique.com\/#website"},"primaryImageOfPage":{"@id":"https:\/\/tupique.com\/produit\/montre-femme-philipp-plein-pwjfa0625-o-44-mm\/#primaryimage"},"image":{"@id":"https:\/\/tupique.com\/produit\/montre-femme-philipp-plein-pwjfa0625-o-44-mm\/#primaryimage"},"thumbnailUrl":"https:\/\/tupique.com\/wp-content\/uploads\/2026\/04\/7630615171067_S72136696_P00.jpg","datePublished":"2026-04-05T12:03:17+00:00","dateModified":"2026-04-06T02:01:42+00:00","description":"Vous cherchez Montre Femme PHILIPP PLEIN PWJFA0625 (\u00d8 44 mm) ? Achetez des produits chez Tupique. Profitez de la livraison gratuite pour obtenir Montre Femme PHILIPP PLEIN PWJFA0625 (\u00d8 44 mm) d\u00e8s maintenant.","breadcrumb":{"@id":"https:\/\/tupique.com\/produit\/montre-femme-philipp-plein-pwjfa0625-o-44-mm\/#breadcrumb"},"inLanguage":"en-GB","potentialAction":[{"@type":"ReadAction","target":["https:\/\/tupique.com\/produit\/montre-femme-philipp-plein-pwjfa0625-o-44-mm\/"]}]},{"@type":"ImageObject","inLanguage":"en-GB","@id":"https:\/\/tupique.com\/produit\/montre-femme-philipp-plein-pwjfa0625-o-44-mm\/#primaryimage","url":"https:\/\/tupique.com\/wp-content\/uploads\/2026\/04\/7630615171067_S72136696_P00.jpg","contentUrl":"https:\/\/tupique.com\/wp-content\/uploads\/2026\/04\/7630615171067_S72136696_P00.jpg","width":1200,"height":1200,"caption":"S72136696_0"},{"@type":"BreadcrumbList","@id":"https:\/\/tupique.com\/produit\/montre-femme-philipp-plein-pwjfa0625-o-44-mm\/#breadcrumb","itemListElement":[{"@type":"ListItem","position":1,"name":"In\u00edcio","item":"https:\/\/tupique.com\/"},{"@type":"ListItem","position":2,"name":"Boutique","item":"https:\/\/tupique.com\/en\/boutique\/"},{"@type":"ListItem","position":3,"name":"Montre Femme PHILIPP PLEIN PWJFA0625 (\u00d8 44 mm)"}]},{"@type":"WebSite","@id":"https:\/\/tupique.com\/#website","url":"https:\/\/tupique.com\/","name":"Tupique","description":"Marketplace","publisher":{"@id":"https:\/\/tupique.com\/#organization"},"potentialAction":[{"@type":"SearchAction","target":{"@type":"EntryPoint","urlTemplate":"https:\/\/tupique.com\/?s={search_term_string}"},"query-input":{"@type":"PropertyValueSpecification","valueRequired":true,"valueName":"search_term_string"}}],"inLanguage":"en-GB"},{"@type":"Organization","@id":"https:\/\/tupique.com\/#organization","name":"Tupique","url":"https:\/\/tupique.com\/","logo":{"@type":"ImageObject","inLanguage":"en-GB","@id":"https:\/\/tupique.com\/#\/schema\/logo\/image\/","url":"https:\/\/tupique.com\/wp-content\/uploads\/2024\/09\/logo.png","contentUrl":"https:\/\/tupique.com\/wp-content\/uploads\/2024\/09\/logo.png","width":1118,"height":310,"caption":"Tupique"},"image":{"@id":"https:\/\/tupique.com\/#\/schema\/logo\/image\/"}}]}},"jetpack_sharing_enabled":true,"_links":{"self":[{"href":"https:\/\/tupique.com\/en\/wp-json\/wp\/v2\/product\/4380812","targetHints":{"allow":["GET"]}}],"collection":[{"href":"https:\/\/tupique.com\/en\/wp-json\/wp\/v2\/product"}],"about":[{"href":"https:\/\/tupique.com\/en\/wp-json\/wp\/v2\/types\/product"}],"replies":[{"embeddable":true,"href":"https:\/\/tupique.com\/en\/wp-json\/wp\/v2\/comments?post=4380812"}],"wp:featuredmedia":[{"embeddable":true,"href":"https:\/\/tupique.com\/en\/wp-json\/wp\/v2\/media\/4380806"}],"wp:attachment":[{"href":"https:\/\/tupique.com\/en\/wp-json\/wp\/v2\/media?parent=4380812"}],"wp:term":[{"taxonomy":"product_brand","embeddable":true,"href":"https:\/\/tupique.com\/en\/wp-json\/wp\/v2\/product_brand?post=4380812"},{"taxonomy":"product_cat","embeddable":true,"href":"https:\/\/tupique.com\/en\/wp-json\/wp\/v2\/product_cat?post=4380812"},{"taxonomy":"product_tag","embeddable":true,"href":"https:\/\/tupique.com\/en\/wp-json\/wp\/v2\/product_tag?post=4380812"}],"curies":[{"name":"wp","href":"https:\/\/api.w.org\/{rel}","templated":true}]}}