{"id":4380871,"date":"2026-04-06T03:02:33","date_gmt":"2026-04-06T02:02:33","guid":{"rendered":"https:\/\/tupique.com\/produit\/aspirateur-robot-dreame-aqua10ultrarollercomplete-6400-mah\/"},"modified":"2026-04-06T03:02:33","modified_gmt":"2026-04-06T02:02:33","slug":"aspirateur-robot-dreame-aqua10ultrarollercomplete-6400-mah","status":"publish","type":"product","link":"https:\/\/tupique.com\/en\/product\/aspirateur-robot-dreame-aqua10ultrarollercomplete-6400-mah\/","title":{"rendered":"Aspirateur robot Dreame AQUA10ULTRAROLLERCOMPLETE 6400 mAh"},"content":{"rendered":"<p>If you like to take care of every detail in your home and keep up with the latest trends in products that will make your life easier, buy <b>Aspirateur robot Dreame AQUA10ULTRAROLLERCOMPLETE 6400 mAh<\/b> at the best price.<\/p>\n<ul>\n<li>Fonctions: Frott\u00e9<\/li>\n<li>diam\u00e8tre approx.: \u00d8 35 cm<\/li>\n<li>Plug-in product: Yes<\/li>\n<li>Colour: Black<\/li>\n<li>Type de batterie: Rechargeable<\/li>\n<li>Caract\u00e9ristiques: Base de charge<\/li>\n<li>Capacit\u00e9 de la batterie: 6400 mAh<\/li>\n<\/ul>","protected":false},"excerpt":{"rendered":"<p>Si vous aimez prendre soin de chaque d\u00e9tail de votre maison et d&#8217;\u00eatre \u00e0 la derni\u00e8re mode en mati\u00e8re de<\/p>","protected":false},"featured_media":4380870,"comment_status":"open","ping_status":"closed","template":"","meta":{"_joinchat":[]},"product_brand":[158036],"product_cat":[157625,157535,157624],"product_tag":[157545],"class_list":{"0":"post-4380871","1":"product","2":"type-product","3":"status-publish","4":"has-post-thumbnail","6":"product_brand-brandp_4590","7":"product_cat-aspirateurs-et-robots","8":"product_cat-maison-jardin","9":"product_cat-nettoyage-aspirateur-et-repassage","10":"product_tag-tag_930","12":"first","13":"instock","14":"taxable","15":"shipping-taxable","16":"purchasable","17":"product-type-simple"},"yoast_head":"<!-- This site is optimized with the Yoast SEO plugin v27.2 - https:\/\/yoast.com\/product\/yoast-seo-wordpress\/ -->\n<title>Aspirateur robot Dreame AQUA10ULTRAROLLERCOMPLETE 6400 mAh - Tupique<\/title>\n<meta name=\"description\" content=\"Vous cherchez Aspirateur robot Dreame AQUA10ULTRAROLLERCOMPLETE 6400 mAh ? Achetez des produits chez Tupique. Profitez de la livraison gratuite pour obtenir Aspirateur robot Dreame AQUA10ULTRAROLLERCOMPLETE 6400 mAh d\u00e8s maintenant.\" \/>\n<meta name=\"robots\" content=\"index, follow, max-snippet:-1, max-image-preview:large, max-video-preview:-1\" \/>\n<link rel=\"canonical\" href=\"https:\/\/tupique.com\/en\/product\/aspirateur-robot-dreame-aqua10ultrarollercomplete-6400-mah\/\" \/>\n<meta property=\"og:locale\" content=\"en_GB\" \/>\n<meta property=\"og:type\" content=\"article\" \/>\n<meta property=\"og:title\" content=\"Aspirateur robot Dreame AQUA10ULTRAROLLERCOMPLETE 6400 mAh - Tupique\" \/>\n<meta property=\"og:description\" content=\"Vous cherchez Aspirateur robot Dreame AQUA10ULTRAROLLERCOMPLETE 6400 mAh ? Achetez des produits chez Tupique. Profitez de la livraison gratuite pour obtenir Aspirateur robot Dreame AQUA10ULTRAROLLERCOMPLETE 6400 mAh d\u00e8s maintenant.\" \/>\n<meta property=\"og:url\" content=\"https:\/\/tupique.com\/en\/product\/aspirateur-robot-dreame-aqua10ultrarollercomplete-6400-mah\/\" \/>\n<meta property=\"og:site_name\" content=\"Tupique\" \/>\n<meta name=\"twitter:card\" content=\"summary_large_image\" \/>\n<script type=\"application\/ld+json\" class=\"yoast-schema-graph\">{\"@context\":\"https:\/\/schema.org\",\"@graph\":[{\"@type\":\"WebPage\",\"@id\":\"https:\/\/tupique.com\/produit\/aspirateur-robot-dreame-aqua10ultrarollercomplete-6400-mah\/\",\"url\":\"https:\/\/tupique.com\/produit\/aspirateur-robot-dreame-aqua10ultrarollercomplete-6400-mah\/\",\"name\":\"Aspirateur robot Dreame AQUA10ULTRAROLLERCOMPLETE 6400 mAh - Tupique\",\"isPartOf\":{\"@id\":\"https:\/\/tupique.com\/#website\"},\"primaryImageOfPage\":{\"@id\":\"https:\/\/tupique.com\/produit\/aspirateur-robot-dreame-aqua10ultrarollercomplete-6400-mah\/#primaryimage\"},\"image\":{\"@id\":\"https:\/\/tupique.com\/produit\/aspirateur-robot-dreame-aqua10ultrarollercomplete-6400-mah\/#primaryimage\"},\"thumbnailUrl\":\"https:\/\/tupique.com\/wp-content\/uploads\/2026\/04\/6978515254666_S0470460_P00.jpg\",\"datePublished\":\"2026-04-06T02:02:33+00:00\",\"description\":\"Vous cherchez Aspirateur robot Dreame AQUA10ULTRAROLLERCOMPLETE 6400 mAh ? Achetez des produits chez Tupique. Profitez de la livraison gratuite pour obtenir Aspirateur robot Dreame AQUA10ULTRAROLLERCOMPLETE 6400 mAh d\u00e8s maintenant.\",\"breadcrumb\":{\"@id\":\"https:\/\/tupique.com\/produit\/aspirateur-robot-dreame-aqua10ultrarollercomplete-6400-mah\/#breadcrumb\"},\"inLanguage\":\"en-GB\",\"potentialAction\":[{\"@type\":\"ReadAction\",\"target\":[\"https:\/\/tupique.com\/produit\/aspirateur-robot-dreame-aqua10ultrarollercomplete-6400-mah\/\"]}]},{\"@type\":\"ImageObject\",\"inLanguage\":\"en-GB\",\"@id\":\"https:\/\/tupique.com\/produit\/aspirateur-robot-dreame-aqua10ultrarollercomplete-6400-mah\/#primaryimage\",\"url\":\"https:\/\/tupique.com\/wp-content\/uploads\/2026\/04\/6978515254666_S0470460_P00.jpg\",\"contentUrl\":\"https:\/\/tupique.com\/wp-content\/uploads\/2026\/04\/6978515254666_S0470460_P00.jpg\",\"width\":1200,\"height\":1200,\"caption\":\"S0470460_0\"},{\"@type\":\"BreadcrumbList\",\"@id\":\"https:\/\/tupique.com\/produit\/aspirateur-robot-dreame-aqua10ultrarollercomplete-6400-mah\/#breadcrumb\",\"itemListElement\":[{\"@type\":\"ListItem\",\"position\":1,\"name\":\"In\u00edcio\",\"item\":\"https:\/\/tupique.com\/\"},{\"@type\":\"ListItem\",\"position\":2,\"name\":\"Boutique\",\"item\":\"https:\/\/tupique.com\/en\/boutique\/\"},{\"@type\":\"ListItem\",\"position\":3,\"name\":\"Aspirateur robot Dreame AQUA10ULTRAROLLERCOMPLETE 6400 mAh\"}]},{\"@type\":\"WebSite\",\"@id\":\"https:\/\/tupique.com\/#website\",\"url\":\"https:\/\/tupique.com\/\",\"name\":\"Tupique\",\"description\":\"Marketplace\",\"publisher\":{\"@id\":\"https:\/\/tupique.com\/#organization\"},\"potentialAction\":[{\"@type\":\"SearchAction\",\"target\":{\"@type\":\"EntryPoint\",\"urlTemplate\":\"https:\/\/tupique.com\/?s={search_term_string}\"},\"query-input\":{\"@type\":\"PropertyValueSpecification\",\"valueRequired\":true,\"valueName\":\"search_term_string\"}}],\"inLanguage\":\"en-GB\"},{\"@type\":\"Organization\",\"@id\":\"https:\/\/tupique.com\/#organization\",\"name\":\"Tupique\",\"url\":\"https:\/\/tupique.com\/\",\"logo\":{\"@type\":\"ImageObject\",\"inLanguage\":\"en-GB\",\"@id\":\"https:\/\/tupique.com\/#\/schema\/logo\/image\/\",\"url\":\"https:\/\/tupique.com\/wp-content\/uploads\/2024\/09\/logo.png\",\"contentUrl\":\"https:\/\/tupique.com\/wp-content\/uploads\/2024\/09\/logo.png\",\"width\":1118,\"height\":310,\"caption\":\"Tupique\"},\"image\":{\"@id\":\"https:\/\/tupique.com\/#\/schema\/logo\/image\/\"}}]}<\/script>\n<!-- \/ Yoast SEO plugin. -->","yoast_head_json":{"title":"Aspirateur robot Dreame AQUA10ULTRAROLLERCOMPLETE 6400 mAh - Tupique","description":"Vous cherchez Aspirateur robot Dreame AQUA10ULTRAROLLERCOMPLETE 6400 mAh ? Achetez des produits chez Tupique. Profitez de la livraison gratuite pour obtenir Aspirateur robot Dreame AQUA10ULTRAROLLERCOMPLETE 6400 mAh d\u00e8s maintenant.","robots":{"index":"index","follow":"follow","max-snippet":"max-snippet:-1","max-image-preview":"max-image-preview:large","max-video-preview":"max-video-preview:-1"},"canonical":"https:\/\/tupique.com\/en\/product\/aspirateur-robot-dreame-aqua10ultrarollercomplete-6400-mah\/","og_locale":"en_GB","og_type":"article","og_title":"Aspirateur robot Dreame AQUA10ULTRAROLLERCOMPLETE 6400 mAh - Tupique","og_description":"Vous cherchez Aspirateur robot Dreame AQUA10ULTRAROLLERCOMPLETE 6400 mAh ? Achetez des produits chez Tupique. Profitez de la livraison gratuite pour obtenir Aspirateur robot Dreame AQUA10ULTRAROLLERCOMPLETE 6400 mAh d\u00e8s maintenant.","og_url":"https:\/\/tupique.com\/en\/product\/aspirateur-robot-dreame-aqua10ultrarollercomplete-6400-mah\/","og_site_name":"Tupique","twitter_card":"summary_large_image","schema":{"@context":"https:\/\/schema.org","@graph":[{"@type":"WebPage","@id":"https:\/\/tupique.com\/produit\/aspirateur-robot-dreame-aqua10ultrarollercomplete-6400-mah\/","url":"https:\/\/tupique.com\/produit\/aspirateur-robot-dreame-aqua10ultrarollercomplete-6400-mah\/","name":"Aspirateur robot Dreame AQUA10ULTRAROLLERCOMPLETE 6400 mAh - Tupique","isPartOf":{"@id":"https:\/\/tupique.com\/#website"},"primaryImageOfPage":{"@id":"https:\/\/tupique.com\/produit\/aspirateur-robot-dreame-aqua10ultrarollercomplete-6400-mah\/#primaryimage"},"image":{"@id":"https:\/\/tupique.com\/produit\/aspirateur-robot-dreame-aqua10ultrarollercomplete-6400-mah\/#primaryimage"},"thumbnailUrl":"https:\/\/tupique.com\/wp-content\/uploads\/2026\/04\/6978515254666_S0470460_P00.jpg","datePublished":"2026-04-06T02:02:33+00:00","description":"Vous cherchez Aspirateur robot Dreame AQUA10ULTRAROLLERCOMPLETE 6400 mAh ? Achetez des produits chez Tupique. Profitez de la livraison gratuite pour obtenir Aspirateur robot Dreame AQUA10ULTRAROLLERCOMPLETE 6400 mAh d\u00e8s maintenant.","breadcrumb":{"@id":"https:\/\/tupique.com\/produit\/aspirateur-robot-dreame-aqua10ultrarollercomplete-6400-mah\/#breadcrumb"},"inLanguage":"en-GB","potentialAction":[{"@type":"ReadAction","target":["https:\/\/tupique.com\/produit\/aspirateur-robot-dreame-aqua10ultrarollercomplete-6400-mah\/"]}]},{"@type":"ImageObject","inLanguage":"en-GB","@id":"https:\/\/tupique.com\/produit\/aspirateur-robot-dreame-aqua10ultrarollercomplete-6400-mah\/#primaryimage","url":"https:\/\/tupique.com\/wp-content\/uploads\/2026\/04\/6978515254666_S0470460_P00.jpg","contentUrl":"https:\/\/tupique.com\/wp-content\/uploads\/2026\/04\/6978515254666_S0470460_P00.jpg","width":1200,"height":1200,"caption":"S0470460_0"},{"@type":"BreadcrumbList","@id":"https:\/\/tupique.com\/produit\/aspirateur-robot-dreame-aqua10ultrarollercomplete-6400-mah\/#breadcrumb","itemListElement":[{"@type":"ListItem","position":1,"name":"In\u00edcio","item":"https:\/\/tupique.com\/"},{"@type":"ListItem","position":2,"name":"Boutique","item":"https:\/\/tupique.com\/en\/boutique\/"},{"@type":"ListItem","position":3,"name":"Aspirateur robot Dreame AQUA10ULTRAROLLERCOMPLETE 6400 mAh"}]},{"@type":"WebSite","@id":"https:\/\/tupique.com\/#website","url":"https:\/\/tupique.com\/","name":"Tupique","description":"Marketplace","publisher":{"@id":"https:\/\/tupique.com\/#organization"},"potentialAction":[{"@type":"SearchAction","target":{"@type":"EntryPoint","urlTemplate":"https:\/\/tupique.com\/?s={search_term_string}"},"query-input":{"@type":"PropertyValueSpecification","valueRequired":true,"valueName":"search_term_string"}}],"inLanguage":"en-GB"},{"@type":"Organization","@id":"https:\/\/tupique.com\/#organization","name":"Tupique","url":"https:\/\/tupique.com\/","logo":{"@type":"ImageObject","inLanguage":"en-GB","@id":"https:\/\/tupique.com\/#\/schema\/logo\/image\/","url":"https:\/\/tupique.com\/wp-content\/uploads\/2024\/09\/logo.png","contentUrl":"https:\/\/tupique.com\/wp-content\/uploads\/2024\/09\/logo.png","width":1118,"height":310,"caption":"Tupique"},"image":{"@id":"https:\/\/tupique.com\/#\/schema\/logo\/image\/"}}]}},"jetpack_sharing_enabled":true,"_links":{"self":[{"href":"https:\/\/tupique.com\/en\/wp-json\/wp\/v2\/product\/4380871","targetHints":{"allow":["GET"]}}],"collection":[{"href":"https:\/\/tupique.com\/en\/wp-json\/wp\/v2\/product"}],"about":[{"href":"https:\/\/tupique.com\/en\/wp-json\/wp\/v2\/types\/product"}],"replies":[{"embeddable":true,"href":"https:\/\/tupique.com\/en\/wp-json\/wp\/v2\/comments?post=4380871"}],"wp:featuredmedia":[{"embeddable":true,"href":"https:\/\/tupique.com\/en\/wp-json\/wp\/v2\/media\/4380870"}],"wp:attachment":[{"href":"https:\/\/tupique.com\/en\/wp-json\/wp\/v2\/media?parent=4380871"}],"wp:term":[{"taxonomy":"product_brand","embeddable":true,"href":"https:\/\/tupique.com\/en\/wp-json\/wp\/v2\/product_brand?post=4380871"},{"taxonomy":"product_cat","embeddable":true,"href":"https:\/\/tupique.com\/en\/wp-json\/wp\/v2\/product_cat?post=4380871"},{"taxonomy":"product_tag","embeddable":true,"href":"https:\/\/tupique.com\/en\/wp-json\/wp\/v2\/product_tag?post=4380871"}],"curies":[{"name":"wp","href":"https:\/\/api.w.org\/{rel}","templated":true}]}}