{"id":4380937,"date":"2026-04-06T03:04:01","date_gmt":"2026-04-06T02:04:01","guid":{"rendered":"https:\/\/tupique.com\/produit\/appareil-photo-numerique-gopro-chdrb-134-rw-noir\/"},"modified":"2026-04-06T03:04:01","modified_gmt":"2026-04-06T02:04:01","slug":"appareil-photo-numerique-gopro-chdrb-134-rw-noir","status":"publish","type":"product","link":"https:\/\/tupique.com\/en\/product\/appareil-photo-numerique-gopro-chdrb-134-rw-noir\/","title":{"rendered":"Appareil Photo Num\u00e9rique GoPro CHDRB-134-RW Noir"},"content":{"rendered":"<p>If you're looking for the latest trends on the market, we've got you covered. <b>Appareil Photo Num\u00e9rique GoPro CHDRB-134-RW Noir<\/b> !<\/p>\n<ul>\n<li>Plug-in product: Yes<\/li>\n<li>Socket type: EU socket<\/li>\n<li>Bloc d\u2019Alimentation:\n<ul>\n<li>r\u00e9seau \u00e9lectrique<\/li>\n<li>Battery<\/li>\n<\/ul>\n<\/li>\n<li>Type: St\u00e9r\u00e9o<\/li>\n<li>Colour: Black<\/li>\n<li>Features:\n<ul>\n<li>Integrated speakers<\/li>\n<li>LCD screen<\/li>\n<li>Touch screen<\/li>\n<li>R\u00e9sistant \u00e0 la poussi\u00e8re<\/li>\n<li>Water-resistant<\/li>\n<li>Built-in microphone<\/li>\n<li>Integrated screen<\/li>\n<li>Mode nuit<\/li>\n<\/ul>\n<\/li>\n<li>Connections:\n<ul>\n<li>USB-C<\/li>\n<li>3.5 mm jack<\/li>\n<li>MicroSD<\/li>\n<\/ul>\n<\/li>\n<li>Connectivity:\n<ul>\n<li>Bluetooth<\/li>\n<li>Wi-Fi<\/li>\n<li>GPS<\/li>\n<li>Bluetooth Low Energy<\/li>\n<li>Bluetooth 5.3<\/li>\n<\/ul>\n<\/li>\n<li>Capteur: CMOS<\/li>\n<li>Includes:\n<ul>\n<li>Rechargeable lithium battery<\/li>\n<li>Housse de transport<\/li>\n<\/ul>\n<\/li>\n<li>Not included: AC adapter<\/li>\n<li>Cartes M\u00e9moire Compatibles: MicroSD (TransFlash)<\/li>\n<li>Type de batterie: Batterie au lithium rechargeable<\/li>\n<li>Autonomie approx.: 5 heures<\/li>\n<\/ul>","protected":false},"excerpt":{"rendered":"<p>Si vous \u00eates \u00e0 la recherche de nouvelles tendances sur le march\u00e9, nous vous pr\u00e9sentons Appareil Photo Num\u00e9rique GoPro CHDRB-134-RW<\/p>","protected":false},"featured_media":4380927,"comment_status":"open","ping_status":"closed","template":"","meta":{"_joinchat":[]},"product_brand":[158168],"product_cat":[158152,157899,157516],"product_tag":[157898],"class_list":{"0":"post-4380937","1":"product","2":"type-product","3":"status-publish","4":"has-post-thumbnail","6":"product_brand-brandp_1056","7":"product_cat-appareils-photo-compacts","8":"product_cat-electronique-photo-et-video","9":"product_cat-informatique-electronique","10":"product_tag-tag_27","12":"first","13":"instock","14":"taxable","15":"shipping-taxable","16":"purchasable","17":"product-type-simple"},"yoast_head":"<!-- This site is optimized with the Yoast SEO plugin v27.2 - https:\/\/yoast.com\/product\/yoast-seo-wordpress\/ -->\n<title>Appareil Photo Num\u00e9rique GoPro CHDRB-134-RW Noir - Tupique<\/title>\n<meta name=\"description\" content=\"Vous cherchez Appareil Photo Num\u00e9rique GoPro CHDRB-134-RW Noir ? Achetez des produits chez Tupique. Profitez de la livraison gratuite pour obtenir Appareil Photo Num\u00e9rique GoPro CHDRB-134-RW Noir d\u00e8s maintenant.\" \/>\n<meta name=\"robots\" content=\"index, follow, max-snippet:-1, max-image-preview:large, max-video-preview:-1\" \/>\n<link rel=\"canonical\" href=\"https:\/\/tupique.com\/en\/product\/appareil-photo-numerique-gopro-chdrb-134-rw-noir\/\" \/>\n<meta property=\"og:locale\" content=\"en_GB\" \/>\n<meta property=\"og:type\" content=\"article\" \/>\n<meta property=\"og:title\" content=\"Appareil Photo Num\u00e9rique GoPro CHDRB-134-RW Noir - Tupique\" \/>\n<meta property=\"og:description\" content=\"Vous cherchez Appareil Photo Num\u00e9rique GoPro CHDRB-134-RW Noir ? Achetez des produits chez Tupique. Profitez de la livraison gratuite pour obtenir Appareil Photo Num\u00e9rique GoPro CHDRB-134-RW Noir d\u00e8s maintenant.\" \/>\n<meta property=\"og:url\" content=\"https:\/\/tupique.com\/en\/product\/appareil-photo-numerique-gopro-chdrb-134-rw-noir\/\" \/>\n<meta property=\"og:site_name\" content=\"Tupique\" \/>\n<meta name=\"twitter:card\" content=\"summary_large_image\" \/>\n<script type=\"application\/ld+json\" class=\"yoast-schema-graph\">{\"@context\":\"https:\/\/schema.org\",\"@graph\":[{\"@type\":\"WebPage\",\"@id\":\"https:\/\/tupique.com\/produit\/appareil-photo-numerique-gopro-chdrb-134-rw-noir\/\",\"url\":\"https:\/\/tupique.com\/produit\/appareil-photo-numerique-gopro-chdrb-134-rw-noir\/\",\"name\":\"Appareil Photo Num\u00e9rique GoPro CHDRB-134-RW Noir - Tupique\",\"isPartOf\":{\"@id\":\"https:\/\/tupique.com\/#website\"},\"primaryImageOfPage\":{\"@id\":\"https:\/\/tupique.com\/produit\/appareil-photo-numerique-gopro-chdrb-134-rw-noir\/#primaryimage\"},\"image\":{\"@id\":\"https:\/\/tupique.com\/produit\/appareil-photo-numerique-gopro-chdrb-134-rw-noir\/#primaryimage\"},\"thumbnailUrl\":\"https:\/\/tupique.com\/wp-content\/uploads\/2026\/04\/0810116383931_S0467927_P00.jpg\",\"datePublished\":\"2026-04-06T02:04:01+00:00\",\"description\":\"Vous cherchez Appareil Photo Num\u00e9rique GoPro CHDRB-134-RW Noir ? Achetez des produits chez Tupique. Profitez de la livraison gratuite pour obtenir Appareil Photo Num\u00e9rique GoPro CHDRB-134-RW Noir d\u00e8s maintenant.\",\"breadcrumb\":{\"@id\":\"https:\/\/tupique.com\/produit\/appareil-photo-numerique-gopro-chdrb-134-rw-noir\/#breadcrumb\"},\"inLanguage\":\"en-GB\",\"potentialAction\":[{\"@type\":\"ReadAction\",\"target\":[\"https:\/\/tupique.com\/produit\/appareil-photo-numerique-gopro-chdrb-134-rw-noir\/\"]}]},{\"@type\":\"ImageObject\",\"inLanguage\":\"en-GB\",\"@id\":\"https:\/\/tupique.com\/produit\/appareil-photo-numerique-gopro-chdrb-134-rw-noir\/#primaryimage\",\"url\":\"https:\/\/tupique.com\/wp-content\/uploads\/2026\/04\/0810116383931_S0467927_P00.jpg\",\"contentUrl\":\"https:\/\/tupique.com\/wp-content\/uploads\/2026\/04\/0810116383931_S0467927_P00.jpg\",\"width\":1200,\"height\":1200,\"caption\":\"S0467927_0\"},{\"@type\":\"BreadcrumbList\",\"@id\":\"https:\/\/tupique.com\/produit\/appareil-photo-numerique-gopro-chdrb-134-rw-noir\/#breadcrumb\",\"itemListElement\":[{\"@type\":\"ListItem\",\"position\":1,\"name\":\"In\u00edcio\",\"item\":\"https:\/\/tupique.com\/\"},{\"@type\":\"ListItem\",\"position\":2,\"name\":\"Boutique\",\"item\":\"https:\/\/tupique.com\/en\/boutique\/\"},{\"@type\":\"ListItem\",\"position\":3,\"name\":\"Appareil Photo Num\u00e9rique GoPro CHDRB-134-RW Noir\"}]},{\"@type\":\"WebSite\",\"@id\":\"https:\/\/tupique.com\/#website\",\"url\":\"https:\/\/tupique.com\/\",\"name\":\"Tupique\",\"description\":\"Marketplace\",\"publisher\":{\"@id\":\"https:\/\/tupique.com\/#organization\"},\"potentialAction\":[{\"@type\":\"SearchAction\",\"target\":{\"@type\":\"EntryPoint\",\"urlTemplate\":\"https:\/\/tupique.com\/?s={search_term_string}\"},\"query-input\":{\"@type\":\"PropertyValueSpecification\",\"valueRequired\":true,\"valueName\":\"search_term_string\"}}],\"inLanguage\":\"en-GB\"},{\"@type\":\"Organization\",\"@id\":\"https:\/\/tupique.com\/#organization\",\"name\":\"Tupique\",\"url\":\"https:\/\/tupique.com\/\",\"logo\":{\"@type\":\"ImageObject\",\"inLanguage\":\"en-GB\",\"@id\":\"https:\/\/tupique.com\/#\/schema\/logo\/image\/\",\"url\":\"https:\/\/tupique.com\/wp-content\/uploads\/2024\/09\/logo.png\",\"contentUrl\":\"https:\/\/tupique.com\/wp-content\/uploads\/2024\/09\/logo.png\",\"width\":1118,\"height\":310,\"caption\":\"Tupique\"},\"image\":{\"@id\":\"https:\/\/tupique.com\/#\/schema\/logo\/image\/\"}}]}<\/script>\n<!-- \/ Yoast SEO plugin. -->","yoast_head_json":{"title":"Appareil Photo Num\u00e9rique GoPro CHDRB-134-RW Noir - Tupique","description":"Vous cherchez Appareil Photo Num\u00e9rique GoPro CHDRB-134-RW Noir ? Achetez des produits chez Tupique. Profitez de la livraison gratuite pour obtenir Appareil Photo Num\u00e9rique GoPro CHDRB-134-RW Noir d\u00e8s maintenant.","robots":{"index":"index","follow":"follow","max-snippet":"max-snippet:-1","max-image-preview":"max-image-preview:large","max-video-preview":"max-video-preview:-1"},"canonical":"https:\/\/tupique.com\/en\/product\/appareil-photo-numerique-gopro-chdrb-134-rw-noir\/","og_locale":"en_GB","og_type":"article","og_title":"Appareil Photo Num\u00e9rique GoPro CHDRB-134-RW Noir - Tupique","og_description":"Vous cherchez Appareil Photo Num\u00e9rique GoPro CHDRB-134-RW Noir ? Achetez des produits chez Tupique. Profitez de la livraison gratuite pour obtenir Appareil Photo Num\u00e9rique GoPro CHDRB-134-RW Noir d\u00e8s maintenant.","og_url":"https:\/\/tupique.com\/en\/product\/appareil-photo-numerique-gopro-chdrb-134-rw-noir\/","og_site_name":"Tupique","twitter_card":"summary_large_image","schema":{"@context":"https:\/\/schema.org","@graph":[{"@type":"WebPage","@id":"https:\/\/tupique.com\/produit\/appareil-photo-numerique-gopro-chdrb-134-rw-noir\/","url":"https:\/\/tupique.com\/produit\/appareil-photo-numerique-gopro-chdrb-134-rw-noir\/","name":"Appareil Photo Num\u00e9rique GoPro CHDRB-134-RW Noir - Tupique","isPartOf":{"@id":"https:\/\/tupique.com\/#website"},"primaryImageOfPage":{"@id":"https:\/\/tupique.com\/produit\/appareil-photo-numerique-gopro-chdrb-134-rw-noir\/#primaryimage"},"image":{"@id":"https:\/\/tupique.com\/produit\/appareil-photo-numerique-gopro-chdrb-134-rw-noir\/#primaryimage"},"thumbnailUrl":"https:\/\/tupique.com\/wp-content\/uploads\/2026\/04\/0810116383931_S0467927_P00.jpg","datePublished":"2026-04-06T02:04:01+00:00","description":"Vous cherchez Appareil Photo Num\u00e9rique GoPro CHDRB-134-RW Noir ? Achetez des produits chez Tupique. Profitez de la livraison gratuite pour obtenir Appareil Photo Num\u00e9rique GoPro CHDRB-134-RW Noir d\u00e8s maintenant.","breadcrumb":{"@id":"https:\/\/tupique.com\/produit\/appareil-photo-numerique-gopro-chdrb-134-rw-noir\/#breadcrumb"},"inLanguage":"en-GB","potentialAction":[{"@type":"ReadAction","target":["https:\/\/tupique.com\/produit\/appareil-photo-numerique-gopro-chdrb-134-rw-noir\/"]}]},{"@type":"ImageObject","inLanguage":"en-GB","@id":"https:\/\/tupique.com\/produit\/appareil-photo-numerique-gopro-chdrb-134-rw-noir\/#primaryimage","url":"https:\/\/tupique.com\/wp-content\/uploads\/2026\/04\/0810116383931_S0467927_P00.jpg","contentUrl":"https:\/\/tupique.com\/wp-content\/uploads\/2026\/04\/0810116383931_S0467927_P00.jpg","width":1200,"height":1200,"caption":"S0467927_0"},{"@type":"BreadcrumbList","@id":"https:\/\/tupique.com\/produit\/appareil-photo-numerique-gopro-chdrb-134-rw-noir\/#breadcrumb","itemListElement":[{"@type":"ListItem","position":1,"name":"In\u00edcio","item":"https:\/\/tupique.com\/"},{"@type":"ListItem","position":2,"name":"Boutique","item":"https:\/\/tupique.com\/en\/boutique\/"},{"@type":"ListItem","position":3,"name":"Appareil Photo Num\u00e9rique GoPro CHDRB-134-RW Noir"}]},{"@type":"WebSite","@id":"https:\/\/tupique.com\/#website","url":"https:\/\/tupique.com\/","name":"Tupique","description":"Marketplace","publisher":{"@id":"https:\/\/tupique.com\/#organization"},"potentialAction":[{"@type":"SearchAction","target":{"@type":"EntryPoint","urlTemplate":"https:\/\/tupique.com\/?s={search_term_string}"},"query-input":{"@type":"PropertyValueSpecification","valueRequired":true,"valueName":"search_term_string"}}],"inLanguage":"en-GB"},{"@type":"Organization","@id":"https:\/\/tupique.com\/#organization","name":"Tupique","url":"https:\/\/tupique.com\/","logo":{"@type":"ImageObject","inLanguage":"en-GB","@id":"https:\/\/tupique.com\/#\/schema\/logo\/image\/","url":"https:\/\/tupique.com\/wp-content\/uploads\/2024\/09\/logo.png","contentUrl":"https:\/\/tupique.com\/wp-content\/uploads\/2024\/09\/logo.png","width":1118,"height":310,"caption":"Tupique"},"image":{"@id":"https:\/\/tupique.com\/#\/schema\/logo\/image\/"}}]}},"jetpack_sharing_enabled":true,"_links":{"self":[{"href":"https:\/\/tupique.com\/en\/wp-json\/wp\/v2\/product\/4380937","targetHints":{"allow":["GET"]}}],"collection":[{"href":"https:\/\/tupique.com\/en\/wp-json\/wp\/v2\/product"}],"about":[{"href":"https:\/\/tupique.com\/en\/wp-json\/wp\/v2\/types\/product"}],"replies":[{"embeddable":true,"href":"https:\/\/tupique.com\/en\/wp-json\/wp\/v2\/comments?post=4380937"}],"wp:featuredmedia":[{"embeddable":true,"href":"https:\/\/tupique.com\/en\/wp-json\/wp\/v2\/media\/4380927"}],"wp:attachment":[{"href":"https:\/\/tupique.com\/en\/wp-json\/wp\/v2\/media?parent=4380937"}],"wp:term":[{"taxonomy":"product_brand","embeddable":true,"href":"https:\/\/tupique.com\/en\/wp-json\/wp\/v2\/product_brand?post=4380937"},{"taxonomy":"product_cat","embeddable":true,"href":"https:\/\/tupique.com\/en\/wp-json\/wp\/v2\/product_cat?post=4380937"},{"taxonomy":"product_tag","embeddable":true,"href":"https:\/\/tupique.com\/en\/wp-json\/wp\/v2\/product_tag?post=4380937"}],"curies":[{"name":"wp","href":"https:\/\/api.w.org\/{rel}","templated":true}]}}