{"id":4381028,"date":"2026-04-06T03:06:03","date_gmt":"2026-04-06T02:06:03","guid":{"rendered":"https:\/\/tupique.com\/produit\/imprimante-epson-c11cl43402\/"},"modified":"2026-04-06T14:56:19","modified_gmt":"2026-04-06T13:56:19","slug":"imprimante-epson-c11cl43402","status":"publish","type":"product","link":"https:\/\/tupique.com\/en\/product\/imprimante-epson-c11cl43402\/","title":{"rendered":"Imprimante Epson C11CL43402"},"content":{"rendered":"<p>If you're looking for the latest trends on the market, we've got you covered. <b>Imprimante Epson C11CL43402<\/b> !<\/p>\n<p>L\u2019<b>imprimante<\/b> <b>Epson C11CL43402<\/b> associe des fonctionnalit\u00e9s avanc\u00e9es dans un format tout-en-un, id\u00e9ale pour les foyers comme pour les bureaux recherchant efficacit\u00e9 et polyvalence dans la gestion des documents. Ce mod\u00e8le permet de <b>imprimer, num\u00e9riser et copier<\/b> au format <b>A4<\/b> avec une grande simplicit\u00e9, et se distingue par sa <b>vitesse d\u2019impression allant jusqu\u2019\u00e0 23 pages par minute<\/b> (ppm), acc\u00e9l\u00e9rant ainsi le flux de travail m\u00eame dans les environnements \u00e0 usage intensif. Con\u00e7ue dans une \u00e9l\u00e9gante couleur <b>noire<\/b> et fabriqu\u00e9e en <b>plastique<\/b> r\u00e9sistant, elle int\u00e8gre un <b>\u00e9cran LCD couleur<\/b> intuitif qui facilite la gestion des diff\u00e9rentes fonctions et fournit des informations claires sur l\u2019\u00e9tat de l\u2019appareil. La <b>connectivit\u00e9<\/b> flexible est l\u2019un de ses atouts majeurs : elle propose une connexion <b>Wi-Fi<\/b> pour l\u2019impression sans fil directe depuis ordinateurs, smartphones ou tablettes, ainsi qu\u2019un port <b>Ethernet LAN<\/b> pour une connexion filaire au r\u00e9seau et un port <b>USB<\/b> pour ceux qui pr\u00e9f\u00e8rent une solution locale et directe. La pr\u00e9sence d\u2019un <b>integrated screen<\/b> simplifie la configuration, la navigation dans les menus et le suivi des travaux en cours. Ce mod\u00e8le s\u2019adresse aux utilisateurs qui appr\u00e9cient la combinaison de performances, rapidit\u00e9 et facilit\u00e9 d\u2019utilisation dans une imprimante multifonction moderne, r\u00e9pondant aux besoins courants d\u2019impression et de num\u00e9risation dans l\u2019environnement actuel.<\/p>\n<ul>\n<li>Socket type: EU socket<\/li>\n<li>Plug-in product: Yes<\/li>\n<li>Type: Imprimante<\/li>\n<\/ul>","protected":false},"excerpt":{"rendered":"<p>Si vous \u00eates \u00e0 la recherche de nouvelles tendances sur le march\u00e9, nous vous pr\u00e9sentons Imprimante Epson C11CL43402 ! L\u2019imprimante<\/p>","protected":false},"featured_media":4381188,"comment_status":"open","ping_status":"closed","template":"","meta":{"_joinchat":[]},"product_brand":[157910],"product_cat":[157812,157516,157517],"product_tag":[157514,157515],"class_list":{"0":"post-4381028","1":"product","2":"type-product","3":"status-publish","4":"has-post-thumbnail","6":"product_brand-brandp_547","7":"product_cat-imprimantes","8":"product_cat-informatique-electronique","9":"product_cat-informatique-peripheriques-et-consommables","10":"product_tag-tag_933","11":"product_tag-tag_1295","13":"first","14":"instock","15":"taxable","16":"shipping-taxable","17":"purchasable","18":"product-type-simple"},"yoast_head":"<!-- This site is optimized with the Yoast SEO plugin v27.2 - https:\/\/yoast.com\/product\/yoast-seo-wordpress\/ -->\n<title>Imprimante Epson C11CL43402 - Tupique<\/title>\n<meta name=\"description\" content=\"Vous cherchez Imprimante Epson C11CL43402 ? Achetez des produits chez Tupique. Profitez de la livraison gratuite pour obtenir Imprimante Epson C11CL43402 d\u00e8s maintenant.\" \/>\n<meta name=\"robots\" content=\"index, follow, max-snippet:-1, max-image-preview:large, max-video-preview:-1\" \/>\n<link rel=\"canonical\" href=\"https:\/\/tupique.com\/en\/product\/imprimante-epson-c11cl43402\/\" \/>\n<meta property=\"og:locale\" content=\"en_GB\" \/>\n<meta property=\"og:type\" content=\"article\" \/>\n<meta property=\"og:title\" content=\"Imprimante Epson C11CL43402 - Tupique\" \/>\n<meta property=\"og:description\" content=\"Vous cherchez Imprimante Epson C11CL43402 ? Achetez des produits chez Tupique. Profitez de la livraison gratuite pour obtenir Imprimante Epson C11CL43402 d\u00e8s maintenant.\" \/>\n<meta property=\"og:url\" content=\"https:\/\/tupique.com\/en\/product\/imprimante-epson-c11cl43402\/\" \/>\n<meta property=\"og:site_name\" content=\"Tupique\" \/>\n<meta property=\"article:modified_time\" content=\"2026-04-06T13:56:19+00:00\" \/>\n<meta name=\"twitter:card\" content=\"summary_large_image\" \/>\n<meta name=\"twitter:label1\" content=\"Estimated reading time\" \/>\n\t<meta name=\"twitter:data1\" content=\"1 minute\" \/>\n<script type=\"application\/ld+json\" class=\"yoast-schema-graph\">{\"@context\":\"https:\/\/schema.org\",\"@graph\":[{\"@type\":\"WebPage\",\"@id\":\"https:\/\/tupique.com\/produit\/imprimante-epson-c11cl43402\/\",\"url\":\"https:\/\/tupique.com\/produit\/imprimante-epson-c11cl43402\/\",\"name\":\"Imprimante Epson C11CL43402 - Tupique\",\"isPartOf\":{\"@id\":\"https:\/\/tupique.com\/#website\"},\"primaryImageOfPage\":{\"@id\":\"https:\/\/tupique.com\/produit\/imprimante-epson-c11cl43402\/#primaryimage\"},\"image\":{\"@id\":\"https:\/\/tupique.com\/produit\/imprimante-epson-c11cl43402\/#primaryimage\"},\"thumbnailUrl\":\"https:\/\/tupique.com\/wp-content\/uploads\/2026\/04\/8715946732558_R00.jpg\",\"datePublished\":\"2026-04-06T02:06:03+00:00\",\"dateModified\":\"2026-04-06T13:56:19+00:00\",\"description\":\"Vous cherchez Imprimante Epson C11CL43402 ? Achetez des produits chez Tupique. Profitez de la livraison gratuite pour obtenir Imprimante Epson C11CL43402 d\u00e8s maintenant.\",\"breadcrumb\":{\"@id\":\"https:\/\/tupique.com\/produit\/imprimante-epson-c11cl43402\/#breadcrumb\"},\"inLanguage\":\"en-GB\",\"potentialAction\":[{\"@type\":\"ReadAction\",\"target\":[\"https:\/\/tupique.com\/produit\/imprimante-epson-c11cl43402\/\"]}]},{\"@type\":\"ImageObject\",\"inLanguage\":\"en-GB\",\"@id\":\"https:\/\/tupique.com\/produit\/imprimante-epson-c11cl43402\/#primaryimage\",\"url\":\"https:\/\/tupique.com\/wp-content\/uploads\/2026\/04\/8715946732558_R00.jpg\",\"contentUrl\":\"https:\/\/tupique.com\/wp-content\/uploads\/2026\/04\/8715946732558_R00.jpg\",\"width\":1200,\"height\":1200,\"caption\":\"S55309088_0\"},{\"@type\":\"BreadcrumbList\",\"@id\":\"https:\/\/tupique.com\/produit\/imprimante-epson-c11cl43402\/#breadcrumb\",\"itemListElement\":[{\"@type\":\"ListItem\",\"position\":1,\"name\":\"In\u00edcio\",\"item\":\"https:\/\/tupique.com\/\"},{\"@type\":\"ListItem\",\"position\":2,\"name\":\"Boutique\",\"item\":\"https:\/\/tupique.com\/en\/boutique\/\"},{\"@type\":\"ListItem\",\"position\":3,\"name\":\"Imprimante Epson C11CL43402\"}]},{\"@type\":\"WebSite\",\"@id\":\"https:\/\/tupique.com\/#website\",\"url\":\"https:\/\/tupique.com\/\",\"name\":\"Tupique\",\"description\":\"Marketplace\",\"publisher\":{\"@id\":\"https:\/\/tupique.com\/#organization\"},\"potentialAction\":[{\"@type\":\"SearchAction\",\"target\":{\"@type\":\"EntryPoint\",\"urlTemplate\":\"https:\/\/tupique.com\/?s={search_term_string}\"},\"query-input\":{\"@type\":\"PropertyValueSpecification\",\"valueRequired\":true,\"valueName\":\"search_term_string\"}}],\"inLanguage\":\"en-GB\"},{\"@type\":\"Organization\",\"@id\":\"https:\/\/tupique.com\/#organization\",\"name\":\"Tupique\",\"url\":\"https:\/\/tupique.com\/\",\"logo\":{\"@type\":\"ImageObject\",\"inLanguage\":\"en-GB\",\"@id\":\"https:\/\/tupique.com\/#\/schema\/logo\/image\/\",\"url\":\"https:\/\/tupique.com\/wp-content\/uploads\/2024\/09\/logo.png\",\"contentUrl\":\"https:\/\/tupique.com\/wp-content\/uploads\/2024\/09\/logo.png\",\"width\":1118,\"height\":310,\"caption\":\"Tupique\"},\"image\":{\"@id\":\"https:\/\/tupique.com\/#\/schema\/logo\/image\/\"}}]}<\/script>\n<!-- \/ Yoast SEO plugin. -->","yoast_head_json":{"title":"Imprimante Epson C11CL43402 - Tupique","description":"Vous cherchez Imprimante Epson C11CL43402 ? Achetez des produits chez Tupique. Profitez de la livraison gratuite pour obtenir Imprimante Epson C11CL43402 d\u00e8s maintenant.","robots":{"index":"index","follow":"follow","max-snippet":"max-snippet:-1","max-image-preview":"max-image-preview:large","max-video-preview":"max-video-preview:-1"},"canonical":"https:\/\/tupique.com\/en\/product\/imprimante-epson-c11cl43402\/","og_locale":"en_GB","og_type":"article","og_title":"Imprimante Epson C11CL43402 - Tupique","og_description":"Vous cherchez Imprimante Epson C11CL43402 ? Achetez des produits chez Tupique. Profitez de la livraison gratuite pour obtenir Imprimante Epson C11CL43402 d\u00e8s maintenant.","og_url":"https:\/\/tupique.com\/en\/product\/imprimante-epson-c11cl43402\/","og_site_name":"Tupique","article_modified_time":"2026-04-06T13:56:19+00:00","twitter_card":"summary_large_image","twitter_misc":{"Estimated reading time":"1 minute"},"schema":{"@context":"https:\/\/schema.org","@graph":[{"@type":"WebPage","@id":"https:\/\/tupique.com\/produit\/imprimante-epson-c11cl43402\/","url":"https:\/\/tupique.com\/produit\/imprimante-epson-c11cl43402\/","name":"Imprimante Epson C11CL43402 - Tupique","isPartOf":{"@id":"https:\/\/tupique.com\/#website"},"primaryImageOfPage":{"@id":"https:\/\/tupique.com\/produit\/imprimante-epson-c11cl43402\/#primaryimage"},"image":{"@id":"https:\/\/tupique.com\/produit\/imprimante-epson-c11cl43402\/#primaryimage"},"thumbnailUrl":"https:\/\/tupique.com\/wp-content\/uploads\/2026\/04\/8715946732558_R00.jpg","datePublished":"2026-04-06T02:06:03+00:00","dateModified":"2026-04-06T13:56:19+00:00","description":"Vous cherchez Imprimante Epson C11CL43402 ? Achetez des produits chez Tupique. Profitez de la livraison gratuite pour obtenir Imprimante Epson C11CL43402 d\u00e8s maintenant.","breadcrumb":{"@id":"https:\/\/tupique.com\/produit\/imprimante-epson-c11cl43402\/#breadcrumb"},"inLanguage":"en-GB","potentialAction":[{"@type":"ReadAction","target":["https:\/\/tupique.com\/produit\/imprimante-epson-c11cl43402\/"]}]},{"@type":"ImageObject","inLanguage":"en-GB","@id":"https:\/\/tupique.com\/produit\/imprimante-epson-c11cl43402\/#primaryimage","url":"https:\/\/tupique.com\/wp-content\/uploads\/2026\/04\/8715946732558_R00.jpg","contentUrl":"https:\/\/tupique.com\/wp-content\/uploads\/2026\/04\/8715946732558_R00.jpg","width":1200,"height":1200,"caption":"S55309088_0"},{"@type":"BreadcrumbList","@id":"https:\/\/tupique.com\/produit\/imprimante-epson-c11cl43402\/#breadcrumb","itemListElement":[{"@type":"ListItem","position":1,"name":"In\u00edcio","item":"https:\/\/tupique.com\/"},{"@type":"ListItem","position":2,"name":"Boutique","item":"https:\/\/tupique.com\/en\/boutique\/"},{"@type":"ListItem","position":3,"name":"Imprimante Epson C11CL43402"}]},{"@type":"WebSite","@id":"https:\/\/tupique.com\/#website","url":"https:\/\/tupique.com\/","name":"Tupique","description":"Marketplace","publisher":{"@id":"https:\/\/tupique.com\/#organization"},"potentialAction":[{"@type":"SearchAction","target":{"@type":"EntryPoint","urlTemplate":"https:\/\/tupique.com\/?s={search_term_string}"},"query-input":{"@type":"PropertyValueSpecification","valueRequired":true,"valueName":"search_term_string"}}],"inLanguage":"en-GB"},{"@type":"Organization","@id":"https:\/\/tupique.com\/#organization","name":"Tupique","url":"https:\/\/tupique.com\/","logo":{"@type":"ImageObject","inLanguage":"en-GB","@id":"https:\/\/tupique.com\/#\/schema\/logo\/image\/","url":"https:\/\/tupique.com\/wp-content\/uploads\/2024\/09\/logo.png","contentUrl":"https:\/\/tupique.com\/wp-content\/uploads\/2024\/09\/logo.png","width":1118,"height":310,"caption":"Tupique"},"image":{"@id":"https:\/\/tupique.com\/#\/schema\/logo\/image\/"}}]}},"jetpack_sharing_enabled":true,"_links":{"self":[{"href":"https:\/\/tupique.com\/en\/wp-json\/wp\/v2\/product\/4381028","targetHints":{"allow":["GET"]}}],"collection":[{"href":"https:\/\/tupique.com\/en\/wp-json\/wp\/v2\/product"}],"about":[{"href":"https:\/\/tupique.com\/en\/wp-json\/wp\/v2\/types\/product"}],"replies":[{"embeddable":true,"href":"https:\/\/tupique.com\/en\/wp-json\/wp\/v2\/comments?post=4381028"}],"wp:featuredmedia":[{"embeddable":true,"href":"https:\/\/tupique.com\/en\/wp-json\/wp\/v2\/media\/4381188"}],"wp:attachment":[{"href":"https:\/\/tupique.com\/en\/wp-json\/wp\/v2\/media?parent=4381028"}],"wp:term":[{"taxonomy":"product_brand","embeddable":true,"href":"https:\/\/tupique.com\/en\/wp-json\/wp\/v2\/product_brand?post=4381028"},{"taxonomy":"product_cat","embeddable":true,"href":"https:\/\/tupique.com\/en\/wp-json\/wp\/v2\/product_cat?post=4381028"},{"taxonomy":"product_tag","embeddable":true,"href":"https:\/\/tupique.com\/en\/wp-json\/wp\/v2\/product_tag?post=4381028"}],"curies":[{"name":"wp","href":"https:\/\/api.w.org\/{rel}","templated":true}]}}