{"id":4381179,"date":"2026-04-06T13:56:28","date_gmt":"2026-04-06T12:56:28","guid":{"rendered":"https:\/\/tupique.com\/produit\/tablette-apple-md7j4ty-a-11-128-gb-rose-m4\/"},"modified":"2026-04-06T13:56:28","modified_gmt":"2026-04-06T12:56:28","slug":"tablette-apple-md7j4ty-a-11-128-gb-rose-m4","status":"publish","type":"product","link":"https:\/\/tupique.com\/en\/product\/tablette-apple-md7j4ty-a-11-128-gb-rose-m4\/","title":{"rendered":"Tablette Apple MD7J4TY\/A 11&#8243; 128 GB Rose M4"},"content":{"rendered":"<p>If you are passionate about\u2019<b>computer science and electronics<\/b>, If you're at the cutting edge of technology and don't want to miss a thing, buy <b>Tablette Apple MD7J4TY\/A 11&#8243; 128 GB Rose M4<\/b> at the best price.<\/p>\n<p>La <b>tablet<\/b> Apple en couleur <b>rose<\/b> pr\u00e9sente un design \u00e9l\u00e9gant et moderne, associ\u00e9 \u00e0 des performances techniques adapt\u00e9es tant aux professionnels qu\u2019aux utilisateurs recherchant un appareil polyvalent pour le divertissement. Elle dispose d\u2019un <b>11-inch screen<\/b> offrant un large espace visuel pour lire, naviguer, \u00e9diter des documents ou profiter de contenus multim\u00e9dias en haute d\u00e9finition. Sa <b>capacit\u00e9 de stockage de 128 Go<\/b> permet de conserver de nombreuses applications, fichiers, photos et vid\u00e9os sans souci d\u2019espace. C\u00f4t\u00e9 connectivit\u00e9, elle int\u00e8gre un port <b>USB-C<\/b> facilitant le transfert rapide de donn\u00e9es et la connexion avec les p\u00e9riph\u00e9riques actuels, ainsi que la technologie <b>Bluetooth<\/b> pour associer des accessoires sans fil comme claviers ou casques. Cette tablette est con\u00e7ue pour une utilisation mobile gr\u00e2ce \u00e0 sa prise en charge de la <b>connexion 5G<\/b>, garantissant une navigation stable et rapide partout o\u00f9 le r\u00e9seau est disponible. Concernant les formats multim\u00e9dias, elle est compatible avec l\u2019audio <b>AAC, ALAC et FLAC<\/b> pour une restitution sonore de haute qualit\u00e9, tandis que ses capacit\u00e9s vid\u00e9o supportent les standards <b>H.264 et HEVC<\/b>, id\u00e9aux pour visionner des contenus en haute d\u00e9finition. Cet ensemble de caract\u00e9ristiques fait de cet appareil un produit \u00e9quilibr\u00e9 alliant portabilit\u00e9, performance et connectivit\u00e9 avanc\u00e9e, id\u00e9al pour les utilisateurs recherchant une tablette fiable et \u00e0 jour dans l\u2019\u00e9cosyst\u00e8me Apple.<\/p>\n<ul>\n<li>Type:\n<ul>\n<li>Tablet<\/li>\n<li>Flash<\/li>\n<\/ul>\n<\/li>\n<li>Socket type: EU socket<\/li>\n<li>Plug-in product: Yes<\/li>\n<li>Connectivity:\n<ul>\n<li>Wi-Fi<\/li>\n<li>Bluetooth<\/li>\n<li>GPS<\/li>\n<li>5G<\/li>\n<li>eSIM<\/li>\n<li>6 GHz Wi-Fi<\/li>\n<li>Bluetooth 5.3<\/li>\n<\/ul>\n<\/li>\n<li>Colour:\n<ul>\n<li>Ros\u00e9<\/li>\n<li>Rose<\/li>\n<\/ul>\n<\/li>\n<li>M\u00e9moire RAM: 128 GB<\/li>\n<li>Formats: AAC<\/li>\n<li>Features:\n<ul>\n<li>Ambient light sensor<\/li>\n<li>eSIM<\/li>\n<li>Voice control<\/li>\n<li>Front camera<\/li>\n<li>Built-in microphone<\/li>\n<li>Autofocus<\/li>\n<li>Battery included<\/li>\n<li>Image stabiliser<\/li>\n<li>2 loudspeakers<\/li>\n<li>Fingerprint reader<\/li>\n<li>Mobile network connection<\/li>\n<li>Electronic compass<\/li>\n<li>Screen with rounded corners<\/li>\n<\/ul>\n<\/li>\n<li>Profondeur: 7 mm<\/li>\n<li>Connections:\n<ul>\n<li>USB-C<\/li>\n<li>USB-C 2.0<\/li>\n<\/ul>\n<\/li>\n<li>Camera:\n<ul>\n<li>12 mpx<\/li>\n<li>12 MP<\/li>\n<li>Rear<\/li>\n<\/ul>\n<\/li>\n<li>Operating system:\n<ul>\n<li>iPadOS<\/li>\n<li>iOS<\/li>\n<\/ul>\n<\/li>\n<li>Screen: 11\u2033<\/li>\n<li>M\u00e9moire interne: 128 GB<\/li>\n<li>Material: Aluminium<\/li>\n<li>Functions:\n<ul>\n<li>Barometer<\/li>\n<li>Accelerometer<\/li>\n<li>Geolocation<\/li>\n<\/ul>\n<\/li>\n<li>Aperture: F\/1.8<\/li>\n<li>Technology:\n<ul>\n<li>LED<\/li>\n<li>IPS<\/li>\n<li>Mime<\/li>\n<li>Capacitive<\/li>\n<\/ul>\n<\/li>\n<li>Bloc d\u2019Alimentation: USB<\/li>\n<li>Glow: 500 cd\/m2<\/li>\n<li>Not included: AC adapter<\/li>\n<li>Certificate: ENERGY STAR<\/li>\n<li>Compatible: iPadOS<\/li>\n<li>Battery type: Litio Ion<\/li>\n<li>Resolution: 2360 x 1640 px<\/li>\n<li>Cores: 16 Cores<\/li>\n<li>Resolution (px):\n<ul>\n<li>3840 x 2160 px<\/li>\n<li>2160 px<\/li>\n<\/ul>\n<\/li>\n<li>Screen diagonal (cm): 27.9 cm<\/li>\n<li>Approx. operating time: 10 hours<\/li>\n<li>Processor: M4<\/li>\n<\/ul>","protected":false},"excerpt":{"rendered":"<p>Si vous \u00eates passionn\u00e9 d&#8217;informatique et d&#8217;\u00e9lectronique, si vous \u00eates \u00e0 la pointe de la technologie et qu&#8217;aucun d\u00e9tail ne<\/p>","protected":false},"featured_media":4381159,"comment_status":"open","ping_status":"closed","template":"","meta":{"_joinchat":[]},"product_brand":[157892],"product_cat":[157523,157516,157560],"product_tag":[157522,157515],"class_list":{"0":"post-4381179","1":"product","2":"type-product","3":"status-publish","4":"has-post-thumbnail","6":"product_brand-brandp_533","7":"product_cat-electronique-telephonie-et-tablettes","8":"product_cat-informatique-electronique","9":"product_cat-tablettes","10":"product_tag-tag_547","11":"product_tag-tag_1295","13":"first","14":"instock","15":"taxable","16":"shipping-taxable","17":"purchasable","18":"product-type-simple"},"yoast_head":"<!-- This site is optimized with the Yoast SEO plugin v27.2 - https:\/\/yoast.com\/product\/yoast-seo-wordpress\/ -->\n<title>Tablette Apple MD7J4TY\/A 11&quot; 128 GB Rose M4 - Tupique<\/title>\n<meta name=\"description\" content=\"Vous cherchez Tablette Apple MD7J4TY\/A 11&quot; 128 GB Rose M4 ? Achetez des produits chez Tupique. Profitez de la livraison gratuite pour obtenir Tablette Apple MD7J4TY\/A 11&quot; 128 GB Rose M4 d\u00e8s maintenant.\" \/>\n<meta name=\"robots\" content=\"index, follow, max-snippet:-1, max-image-preview:large, max-video-preview:-1\" \/>\n<link rel=\"canonical\" href=\"https:\/\/tupique.com\/en\/product\/tablette-apple-md7j4ty-a-11-128-gb-rose-m4\/\" \/>\n<meta property=\"og:locale\" content=\"en_GB\" \/>\n<meta property=\"og:type\" content=\"article\" \/>\n<meta property=\"og:title\" content=\"Tablette Apple MD7J4TY\/A 11&quot; 128 GB Rose M4 - Tupique\" \/>\n<meta property=\"og:description\" content=\"Vous cherchez Tablette Apple MD7J4TY\/A 11&quot; 128 GB Rose M4 ? Achetez des produits chez Tupique. Profitez de la livraison gratuite pour obtenir Tablette Apple MD7J4TY\/A 11&quot; 128 GB Rose M4 d\u00e8s maintenant.\" \/>\n<meta property=\"og:url\" content=\"https:\/\/tupique.com\/en\/product\/tablette-apple-md7j4ty-a-11-128-gb-rose-m4\/\" \/>\n<meta property=\"og:site_name\" content=\"Tupique\" \/>\n<meta name=\"twitter:card\" content=\"summary_large_image\" \/>\n<meta name=\"twitter:label1\" content=\"Estimated reading time\" \/>\n\t<meta name=\"twitter:data1\" content=\"2 minutes\" \/>\n<script type=\"application\/ld+json\" class=\"yoast-schema-graph\">{\"@context\":\"https:\/\/schema.org\",\"@graph\":[{\"@type\":\"WebPage\",\"@id\":\"https:\/\/tupique.com\/produit\/tablette-apple-md7j4ty-a-11-128-gb-rose-m4\/\",\"url\":\"https:\/\/tupique.com\/produit\/tablette-apple-md7j4ty-a-11-128-gb-rose-m4\/\",\"name\":\"Tablette Apple MD7J4TY\/A 11\\\" 128 GB Rose M4 - Tupique\",\"isPartOf\":{\"@id\":\"https:\/\/tupique.com\/#website\"},\"primaryImageOfPage\":{\"@id\":\"https:\/\/tupique.com\/produit\/tablette-apple-md7j4ty-a-11-128-gb-rose-m4\/#primaryimage\"},\"image\":{\"@id\":\"https:\/\/tupique.com\/produit\/tablette-apple-md7j4ty-a-11-128-gb-rose-m4\/#primaryimage\"},\"thumbnailUrl\":\"https:\/\/tupique.com\/wp-content\/uploads\/2026\/04\/0195950105391_S71014944_P01.jpg\",\"datePublished\":\"2026-04-06T12:56:28+00:00\",\"description\":\"Vous cherchez Tablette Apple MD7J4TY\/A 11\\\" 128 GB Rose M4 ? Achetez des produits chez Tupique. Profitez de la livraison gratuite pour obtenir Tablette Apple MD7J4TY\/A 11\\\" 128 GB Rose M4 d\u00e8s maintenant.\",\"breadcrumb\":{\"@id\":\"https:\/\/tupique.com\/produit\/tablette-apple-md7j4ty-a-11-128-gb-rose-m4\/#breadcrumb\"},\"inLanguage\":\"en-GB\",\"potentialAction\":[{\"@type\":\"ReadAction\",\"target\":[\"https:\/\/tupique.com\/produit\/tablette-apple-md7j4ty-a-11-128-gb-rose-m4\/\"]}]},{\"@type\":\"ImageObject\",\"inLanguage\":\"en-GB\",\"@id\":\"https:\/\/tupique.com\/produit\/tablette-apple-md7j4ty-a-11-128-gb-rose-m4\/#primaryimage\",\"url\":\"https:\/\/tupique.com\/wp-content\/uploads\/2026\/04\/0195950105391_S71014944_P01.jpg\",\"contentUrl\":\"https:\/\/tupique.com\/wp-content\/uploads\/2026\/04\/0195950105391_S71014944_P01.jpg\",\"width\":1200,\"height\":1200,\"caption\":\"M0805854_0\"},{\"@type\":\"BreadcrumbList\",\"@id\":\"https:\/\/tupique.com\/produit\/tablette-apple-md7j4ty-a-11-128-gb-rose-m4\/#breadcrumb\",\"itemListElement\":[{\"@type\":\"ListItem\",\"position\":1,\"name\":\"In\u00edcio\",\"item\":\"https:\/\/tupique.com\/\"},{\"@type\":\"ListItem\",\"position\":2,\"name\":\"Boutique\",\"item\":\"https:\/\/tupique.com\/en\/boutique\/\"},{\"@type\":\"ListItem\",\"position\":3,\"name\":\"Tablette Apple MD7J4TY\/A 11&#8243; 128 GB Rose M4\"}]},{\"@type\":\"WebSite\",\"@id\":\"https:\/\/tupique.com\/#website\",\"url\":\"https:\/\/tupique.com\/\",\"name\":\"Tupique\",\"description\":\"Marketplace\",\"publisher\":{\"@id\":\"https:\/\/tupique.com\/#organization\"},\"potentialAction\":[{\"@type\":\"SearchAction\",\"target\":{\"@type\":\"EntryPoint\",\"urlTemplate\":\"https:\/\/tupique.com\/?s={search_term_string}\"},\"query-input\":{\"@type\":\"PropertyValueSpecification\",\"valueRequired\":true,\"valueName\":\"search_term_string\"}}],\"inLanguage\":\"en-GB\"},{\"@type\":\"Organization\",\"@id\":\"https:\/\/tupique.com\/#organization\",\"name\":\"Tupique\",\"url\":\"https:\/\/tupique.com\/\",\"logo\":{\"@type\":\"ImageObject\",\"inLanguage\":\"en-GB\",\"@id\":\"https:\/\/tupique.com\/#\/schema\/logo\/image\/\",\"url\":\"https:\/\/tupique.com\/wp-content\/uploads\/2024\/09\/logo.png\",\"contentUrl\":\"https:\/\/tupique.com\/wp-content\/uploads\/2024\/09\/logo.png\",\"width\":1118,\"height\":310,\"caption\":\"Tupique\"},\"image\":{\"@id\":\"https:\/\/tupique.com\/#\/schema\/logo\/image\/\"}}]}<\/script>\n<!-- \/ Yoast SEO plugin. -->","yoast_head_json":{"title":"Tablette Apple MD7J4TY\/A 11\" 128 GB Rose M4 - Tupique","description":"Vous cherchez Tablette Apple MD7J4TY\/A 11\" 128 GB Rose M4 ? Achetez des produits chez Tupique. Profitez de la livraison gratuite pour obtenir Tablette Apple MD7J4TY\/A 11\" 128 GB Rose M4 d\u00e8s maintenant.","robots":{"index":"index","follow":"follow","max-snippet":"max-snippet:-1","max-image-preview":"max-image-preview:large","max-video-preview":"max-video-preview:-1"},"canonical":"https:\/\/tupique.com\/en\/product\/tablette-apple-md7j4ty-a-11-128-gb-rose-m4\/","og_locale":"en_GB","og_type":"article","og_title":"Tablette Apple MD7J4TY\/A 11\" 128 GB Rose M4 - Tupique","og_description":"Vous cherchez Tablette Apple MD7J4TY\/A 11\" 128 GB Rose M4 ? Achetez des produits chez Tupique. Profitez de la livraison gratuite pour obtenir Tablette Apple MD7J4TY\/A 11\" 128 GB Rose M4 d\u00e8s maintenant.","og_url":"https:\/\/tupique.com\/en\/product\/tablette-apple-md7j4ty-a-11-128-gb-rose-m4\/","og_site_name":"Tupique","twitter_card":"summary_large_image","twitter_misc":{"Estimated reading time":"2 minutes"},"schema":{"@context":"https:\/\/schema.org","@graph":[{"@type":"WebPage","@id":"https:\/\/tupique.com\/produit\/tablette-apple-md7j4ty-a-11-128-gb-rose-m4\/","url":"https:\/\/tupique.com\/produit\/tablette-apple-md7j4ty-a-11-128-gb-rose-m4\/","name":"Tablette Apple MD7J4TY\/A 11\" 128 GB Rose M4 - Tupique","isPartOf":{"@id":"https:\/\/tupique.com\/#website"},"primaryImageOfPage":{"@id":"https:\/\/tupique.com\/produit\/tablette-apple-md7j4ty-a-11-128-gb-rose-m4\/#primaryimage"},"image":{"@id":"https:\/\/tupique.com\/produit\/tablette-apple-md7j4ty-a-11-128-gb-rose-m4\/#primaryimage"},"thumbnailUrl":"https:\/\/tupique.com\/wp-content\/uploads\/2026\/04\/0195950105391_S71014944_P01.jpg","datePublished":"2026-04-06T12:56:28+00:00","description":"Vous cherchez Tablette Apple MD7J4TY\/A 11\" 128 GB Rose M4 ? Achetez des produits chez Tupique. Profitez de la livraison gratuite pour obtenir Tablette Apple MD7J4TY\/A 11\" 128 GB Rose M4 d\u00e8s maintenant.","breadcrumb":{"@id":"https:\/\/tupique.com\/produit\/tablette-apple-md7j4ty-a-11-128-gb-rose-m4\/#breadcrumb"},"inLanguage":"en-GB","potentialAction":[{"@type":"ReadAction","target":["https:\/\/tupique.com\/produit\/tablette-apple-md7j4ty-a-11-128-gb-rose-m4\/"]}]},{"@type":"ImageObject","inLanguage":"en-GB","@id":"https:\/\/tupique.com\/produit\/tablette-apple-md7j4ty-a-11-128-gb-rose-m4\/#primaryimage","url":"https:\/\/tupique.com\/wp-content\/uploads\/2026\/04\/0195950105391_S71014944_P01.jpg","contentUrl":"https:\/\/tupique.com\/wp-content\/uploads\/2026\/04\/0195950105391_S71014944_P01.jpg","width":1200,"height":1200,"caption":"M0805854_0"},{"@type":"BreadcrumbList","@id":"https:\/\/tupique.com\/produit\/tablette-apple-md7j4ty-a-11-128-gb-rose-m4\/#breadcrumb","itemListElement":[{"@type":"ListItem","position":1,"name":"In\u00edcio","item":"https:\/\/tupique.com\/"},{"@type":"ListItem","position":2,"name":"Boutique","item":"https:\/\/tupique.com\/en\/boutique\/"},{"@type":"ListItem","position":3,"name":"Tablette Apple MD7J4TY\/A 11&#8243; 128 GB Rose M4"}]},{"@type":"WebSite","@id":"https:\/\/tupique.com\/#website","url":"https:\/\/tupique.com\/","name":"Tupique","description":"Marketplace","publisher":{"@id":"https:\/\/tupique.com\/#organization"},"potentialAction":[{"@type":"SearchAction","target":{"@type":"EntryPoint","urlTemplate":"https:\/\/tupique.com\/?s={search_term_string}"},"query-input":{"@type":"PropertyValueSpecification","valueRequired":true,"valueName":"search_term_string"}}],"inLanguage":"en-GB"},{"@type":"Organization","@id":"https:\/\/tupique.com\/#organization","name":"Tupique","url":"https:\/\/tupique.com\/","logo":{"@type":"ImageObject","inLanguage":"en-GB","@id":"https:\/\/tupique.com\/#\/schema\/logo\/image\/","url":"https:\/\/tupique.com\/wp-content\/uploads\/2024\/09\/logo.png","contentUrl":"https:\/\/tupique.com\/wp-content\/uploads\/2024\/09\/logo.png","width":1118,"height":310,"caption":"Tupique"},"image":{"@id":"https:\/\/tupique.com\/#\/schema\/logo\/image\/"}}]}},"jetpack_sharing_enabled":true,"_links":{"self":[{"href":"https:\/\/tupique.com\/en\/wp-json\/wp\/v2\/product\/4381179","targetHints":{"allow":["GET"]}}],"collection":[{"href":"https:\/\/tupique.com\/en\/wp-json\/wp\/v2\/product"}],"about":[{"href":"https:\/\/tupique.com\/en\/wp-json\/wp\/v2\/types\/product"}],"replies":[{"embeddable":true,"href":"https:\/\/tupique.com\/en\/wp-json\/wp\/v2\/comments?post=4381179"}],"wp:featuredmedia":[{"embeddable":true,"href":"https:\/\/tupique.com\/en\/wp-json\/wp\/v2\/media\/4381159"}],"wp:attachment":[{"href":"https:\/\/tupique.com\/en\/wp-json\/wp\/v2\/media?parent=4381179"}],"wp:term":[{"taxonomy":"product_brand","embeddable":true,"href":"https:\/\/tupique.com\/en\/wp-json\/wp\/v2\/product_brand?post=4381179"},{"taxonomy":"product_cat","embeddable":true,"href":"https:\/\/tupique.com\/en\/wp-json\/wp\/v2\/product_cat?post=4381179"},{"taxonomy":"product_tag","embeddable":true,"href":"https:\/\/tupique.com\/en\/wp-json\/wp\/v2\/product_tag?post=4381179"}],"curies":[{"name":"wp","href":"https:\/\/api.w.org\/{rel}","templated":true}]}}