{"id":4381462,"date":"2026-04-07T05:58:25","date_gmt":"2026-04-07T04:58:25","guid":{"rendered":"https:\/\/tupique.com\/produit\/laveuse-secheuse-hisense-1400-rpm\/"},"modified":"2026-04-07T07:55:45","modified_gmt":"2026-04-07T06:55:45","slug":"laveuse-secheuse-hisense-1400-rpm","status":"publish","type":"product","link":"https:\/\/tupique.com\/en\/product\/laveuse-secheuse-hisense-1400-rpm\/","title":{"rendered":"Laveuse &#8211; S\u00e9cheuse Hisense 1400 rpm"},"content":{"rendered":"<p>If you're thinking of renovating your kitchen, buy <b>Laveuse &#8211; S\u00e9cheuse Hisense 1400 rpm<\/b> and other <b>produits Hisense<\/b> !<\/p>\n<p>La <b>lave-linge s\u00e9chant Hisense WD3S8043BW3<\/b> est un appareil con\u00e7u pour optimiser le lavage et le s\u00e9chage avec des caract\u00e9ristiques adapt\u00e9es aux besoins actuels. Il b\u00e9n\u00e9ficie d\u2019une <b>classe \u00e9nerg\u00e9tique A<\/b> pour le lavage et D pour le lavage-s\u00e9chage, indiquant un bon \u00e9quilibre entre efficacit\u00e9 et performance. Sa capacit\u00e9 de lavage est de <b>8 kg<\/b> et de s\u00e9chage de <b>5 kg<\/b>, id\u00e9ale pour les foyers moyens, facilitant l\u2019entretien de diff\u00e9rents v\u00eatements en un seul cycle. Avec une <b>vitesse d\u2019essorage maximale de 1400 tr\/min<\/b>, il r\u00e9duit efficacement l\u2019humidit\u00e9 r\u00e9siduelle, raccourcissant le temps de s\u00e9chage. Il est \u00e9quip\u00e9 d\u2019un <b>inverter motor<\/b> moderne offrant plus de durabilit\u00e9 et une consommation r\u00e9duite gr\u00e2ce \u00e0 un ajustement intelligent selon la charge et le type de tissu, tout en assurant un fonctionnement plus silencieux. Parmi ses programmes, on trouve la <b>programmation assist\u00e9e<\/b> qui guide l\u2019utilisateur pour choisir le cycle adapt\u00e9, le syst\u00e8me <b>Hygiene Guard<\/b> garantissant un nettoyage en profondeur, et la fonction <b>Auto Wash Rapide<\/b> avec des cycles de 15, 30 et 49 minutes pour les v\u00eatements peu sales ou frais, optimisant temps et ressources. Elle int\u00e8gre la connectivit\u00e9 <b>Wi-Fi<\/b>, permettant un contr\u00f4le et une surveillance \u00e0 distance via mobile, ainsi qu\u2019un <b>integrated screen<\/b> pour une utilisation intuitive de toutes ses fonctions. Son design combine des <b>finissions blanc et gris<\/b>, s\u2019adaptant \u00e0 divers styles de d\u00e9coration, avec une largeur standard de <b>60 cm<\/b> qui s\u2019int\u00e8gre facilement dans la plupart des espaces domestiques. Ce lave-linge s\u00e9chant Hisense est une solution fonctionnelle et efficace pour ceux qui recherchent la commodit\u00e9 d\u2019un appareil multifonction avec des technologies avanc\u00e9es et une grande flexibilit\u00e9 dans les cycles de lavage et s\u00e9chage.<\/p>\n<ul>\n<li>Type d&#8217;installation: Sous le plan de travail<\/li>\n<li>Socket type: EU socket<\/li>\n<li>Plug-in product: Yes<\/li>\n<li>Bloc d\u2019Alimentation: r\u00e9seau \u00e9lectrique<\/li>\n<li>Colour:\n<ul>\n<li>White<\/li>\n<li>Grey<\/li>\n<\/ul>\n<\/li>\n<li>Width: 60 cm<\/li>\n<li>Classification \u00e9nerg\u00e9tique:\n<ul>\n<li>A<\/li>\n<li>D<\/li>\n<\/ul>\n<\/li>\n<li>vitesse: 1400 rpm<\/li>\n<li>Capacit\u00e9: 5 kg<\/li>\n<\/ul>","protected":false},"excerpt":{"rendered":"<p><span class=\"unit-info\">117.9980 &euro; \/ 1 kg<\/span><\/p>","protected":false},"featured_media":4381461,"comment_status":"open","ping_status":"closed","template":"","meta":{"_joinchat":[]},"product_brand":[158094],"product_cat":[157535,157624,157802],"product_tag":[],"class_list":{"0":"post-4381462","1":"product","2":"type-product","3":"status-publish","4":"has-post-thumbnail","6":"product_brand-brandp_612","7":"product_cat-maison-jardin","8":"product_cat-nettoyage-aspirateur-et-repassage","9":"product_cat-seche-linge-fers-a-repasser-sechoirs","11":"first","12":"instock","13":"taxable","14":"shipping-taxable","15":"purchasable","16":"product-type-simple"},"yoast_head":"<!-- This site is optimized with the Yoast SEO plugin v27.2 - https:\/\/yoast.com\/product\/yoast-seo-wordpress\/ -->\n<title>Laveuse - S\u00e9cheuse Hisense 1400 rpm - Tupique<\/title>\n<meta name=\"description\" content=\"Vous cherchez Laveuse - S\u00e9cheuse Hisense 1400 rpm ? Achetez des produits chez Tupique. Profitez de la livraison gratuite pour obtenir Laveuse - S\u00e9cheuse Hisense 1400 rpm d\u00e8s maintenant.\" \/>\n<meta name=\"robots\" content=\"index, follow, max-snippet:-1, max-image-preview:large, max-video-preview:-1\" \/>\n<link rel=\"canonical\" href=\"https:\/\/tupique.com\/en\/product\/laveuse-secheuse-hisense-1400-rpm\/\" \/>\n<meta property=\"og:locale\" content=\"en_GB\" \/>\n<meta property=\"og:type\" content=\"article\" \/>\n<meta property=\"og:title\" content=\"Laveuse - S\u00e9cheuse Hisense 1400 rpm - Tupique\" \/>\n<meta property=\"og:description\" content=\"Vous cherchez Laveuse - S\u00e9cheuse Hisense 1400 rpm ? Achetez des produits chez Tupique. Profitez de la livraison gratuite pour obtenir Laveuse - S\u00e9cheuse Hisense 1400 rpm d\u00e8s maintenant.\" \/>\n<meta property=\"og:url\" content=\"https:\/\/tupique.com\/en\/product\/laveuse-secheuse-hisense-1400-rpm\/\" \/>\n<meta property=\"og:site_name\" content=\"Tupique\" \/>\n<meta property=\"article:modified_time\" content=\"2026-04-07T06:55:45+00:00\" \/>\n<meta property=\"og:image\" content=\"https:\/\/tupique.com\/wp-content\/uploads\/2026\/04\/6901101830173_S0458210_P00.jpg\" \/>\n\t<meta property=\"og:image:width\" content=\"1200\" \/>\n\t<meta property=\"og:image:height\" content=\"1200\" \/>\n\t<meta property=\"og:image:type\" content=\"image\/jpeg\" \/>\n<meta name=\"twitter:card\" content=\"summary_large_image\" \/>\n<meta name=\"twitter:label1\" content=\"Estimated reading time\" \/>\n\t<meta name=\"twitter:data1\" content=\"2 minutes\" \/>\n<script type=\"application\/ld+json\" class=\"yoast-schema-graph\">{\"@context\":\"https:\/\/schema.org\",\"@graph\":[{\"@type\":\"WebPage\",\"@id\":\"https:\/\/tupique.com\/produit\/laveuse-secheuse-hisense-1400-rpm\/\",\"url\":\"https:\/\/tupique.com\/produit\/laveuse-secheuse-hisense-1400-rpm\/\",\"name\":\"Laveuse - S\u00e9cheuse Hisense 1400 rpm - Tupique\",\"isPartOf\":{\"@id\":\"https:\/\/tupique.com\/#website\"},\"primaryImageOfPage\":{\"@id\":\"https:\/\/tupique.com\/produit\/laveuse-secheuse-hisense-1400-rpm\/#primaryimage\"},\"image\":{\"@id\":\"https:\/\/tupique.com\/produit\/laveuse-secheuse-hisense-1400-rpm\/#primaryimage\"},\"thumbnailUrl\":\"https:\/\/tupique.com\/wp-content\/uploads\/2026\/04\/6901101830173_S0458210_P00.jpg\",\"datePublished\":\"2026-04-07T04:58:25+00:00\",\"dateModified\":\"2026-04-07T06:55:45+00:00\",\"description\":\"Vous cherchez Laveuse - S\u00e9cheuse Hisense 1400 rpm ? Achetez des produits chez Tupique. Profitez de la livraison gratuite pour obtenir Laveuse - S\u00e9cheuse Hisense 1400 rpm d\u00e8s maintenant.\",\"breadcrumb\":{\"@id\":\"https:\/\/tupique.com\/produit\/laveuse-secheuse-hisense-1400-rpm\/#breadcrumb\"},\"inLanguage\":\"en-GB\",\"potentialAction\":[{\"@type\":\"ReadAction\",\"target\":[\"https:\/\/tupique.com\/produit\/laveuse-secheuse-hisense-1400-rpm\/\"]}]},{\"@type\":\"ImageObject\",\"inLanguage\":\"en-GB\",\"@id\":\"https:\/\/tupique.com\/produit\/laveuse-secheuse-hisense-1400-rpm\/#primaryimage\",\"url\":\"https:\/\/tupique.com\/wp-content\/uploads\/2026\/04\/6901101830173_S0458210_P00.jpg\",\"contentUrl\":\"https:\/\/tupique.com\/wp-content\/uploads\/2026\/04\/6901101830173_S0458210_P00.jpg\",\"width\":1200,\"height\":1200,\"caption\":\"S0458210_0\"},{\"@type\":\"BreadcrumbList\",\"@id\":\"https:\/\/tupique.com\/produit\/laveuse-secheuse-hisense-1400-rpm\/#breadcrumb\",\"itemListElement\":[{\"@type\":\"ListItem\",\"position\":1,\"name\":\"In\u00edcio\",\"item\":\"https:\/\/tupique.com\/\"},{\"@type\":\"ListItem\",\"position\":2,\"name\":\"Boutique\",\"item\":\"https:\/\/tupique.com\/en\/boutique\/\"},{\"@type\":\"ListItem\",\"position\":3,\"name\":\"Laveuse &#8211; S\u00e9cheuse Hisense 1400 rpm\"}]},{\"@type\":\"WebSite\",\"@id\":\"https:\/\/tupique.com\/#website\",\"url\":\"https:\/\/tupique.com\/\",\"name\":\"Tupique\",\"description\":\"Marketplace\",\"publisher\":{\"@id\":\"https:\/\/tupique.com\/#organization\"},\"potentialAction\":[{\"@type\":\"SearchAction\",\"target\":{\"@type\":\"EntryPoint\",\"urlTemplate\":\"https:\/\/tupique.com\/?s={search_term_string}\"},\"query-input\":{\"@type\":\"PropertyValueSpecification\",\"valueRequired\":true,\"valueName\":\"search_term_string\"}}],\"inLanguage\":\"en-GB\"},{\"@type\":\"Organization\",\"@id\":\"https:\/\/tupique.com\/#organization\",\"name\":\"Tupique\",\"url\":\"https:\/\/tupique.com\/\",\"logo\":{\"@type\":\"ImageObject\",\"inLanguage\":\"en-GB\",\"@id\":\"https:\/\/tupique.com\/#\/schema\/logo\/image\/\",\"url\":\"https:\/\/tupique.com\/wp-content\/uploads\/2024\/09\/logo.png\",\"contentUrl\":\"https:\/\/tupique.com\/wp-content\/uploads\/2024\/09\/logo.png\",\"width\":1118,\"height\":310,\"caption\":\"Tupique\"},\"image\":{\"@id\":\"https:\/\/tupique.com\/#\/schema\/logo\/image\/\"}}]}<\/script>\n<!-- \/ Yoast SEO plugin. -->","yoast_head_json":{"title":"Laveuse - S\u00e9cheuse Hisense 1400 rpm - Tupique","description":"Vous cherchez Laveuse - S\u00e9cheuse Hisense 1400 rpm ? Achetez des produits chez Tupique. Profitez de la livraison gratuite pour obtenir Laveuse - S\u00e9cheuse Hisense 1400 rpm d\u00e8s maintenant.","robots":{"index":"index","follow":"follow","max-snippet":"max-snippet:-1","max-image-preview":"max-image-preview:large","max-video-preview":"max-video-preview:-1"},"canonical":"https:\/\/tupique.com\/en\/product\/laveuse-secheuse-hisense-1400-rpm\/","og_locale":"en_GB","og_type":"article","og_title":"Laveuse - S\u00e9cheuse Hisense 1400 rpm - Tupique","og_description":"Vous cherchez Laveuse - S\u00e9cheuse Hisense 1400 rpm ? Achetez des produits chez Tupique. Profitez de la livraison gratuite pour obtenir Laveuse - S\u00e9cheuse Hisense 1400 rpm d\u00e8s maintenant.","og_url":"https:\/\/tupique.com\/en\/product\/laveuse-secheuse-hisense-1400-rpm\/","og_site_name":"Tupique","article_modified_time":"2026-04-07T06:55:45+00:00","og_image":[{"width":1200,"height":1200,"url":"https:\/\/tupique.com\/wp-content\/uploads\/2026\/04\/6901101830173_S0458210_P00.jpg","type":"image\/jpeg"}],"twitter_card":"summary_large_image","twitter_misc":{"Estimated reading time":"2 minutes"},"schema":{"@context":"https:\/\/schema.org","@graph":[{"@type":"WebPage","@id":"https:\/\/tupique.com\/produit\/laveuse-secheuse-hisense-1400-rpm\/","url":"https:\/\/tupique.com\/produit\/laveuse-secheuse-hisense-1400-rpm\/","name":"Laveuse - S\u00e9cheuse Hisense 1400 rpm - Tupique","isPartOf":{"@id":"https:\/\/tupique.com\/#website"},"primaryImageOfPage":{"@id":"https:\/\/tupique.com\/produit\/laveuse-secheuse-hisense-1400-rpm\/#primaryimage"},"image":{"@id":"https:\/\/tupique.com\/produit\/laveuse-secheuse-hisense-1400-rpm\/#primaryimage"},"thumbnailUrl":"https:\/\/tupique.com\/wp-content\/uploads\/2026\/04\/6901101830173_S0458210_P00.jpg","datePublished":"2026-04-07T04:58:25+00:00","dateModified":"2026-04-07T06:55:45+00:00","description":"Vous cherchez Laveuse - S\u00e9cheuse Hisense 1400 rpm ? Achetez des produits chez Tupique. Profitez de la livraison gratuite pour obtenir Laveuse - S\u00e9cheuse Hisense 1400 rpm d\u00e8s maintenant.","breadcrumb":{"@id":"https:\/\/tupique.com\/produit\/laveuse-secheuse-hisense-1400-rpm\/#breadcrumb"},"inLanguage":"en-GB","potentialAction":[{"@type":"ReadAction","target":["https:\/\/tupique.com\/produit\/laveuse-secheuse-hisense-1400-rpm\/"]}]},{"@type":"ImageObject","inLanguage":"en-GB","@id":"https:\/\/tupique.com\/produit\/laveuse-secheuse-hisense-1400-rpm\/#primaryimage","url":"https:\/\/tupique.com\/wp-content\/uploads\/2026\/04\/6901101830173_S0458210_P00.jpg","contentUrl":"https:\/\/tupique.com\/wp-content\/uploads\/2026\/04\/6901101830173_S0458210_P00.jpg","width":1200,"height":1200,"caption":"S0458210_0"},{"@type":"BreadcrumbList","@id":"https:\/\/tupique.com\/produit\/laveuse-secheuse-hisense-1400-rpm\/#breadcrumb","itemListElement":[{"@type":"ListItem","position":1,"name":"In\u00edcio","item":"https:\/\/tupique.com\/"},{"@type":"ListItem","position":2,"name":"Boutique","item":"https:\/\/tupique.com\/en\/boutique\/"},{"@type":"ListItem","position":3,"name":"Laveuse &#8211; S\u00e9cheuse Hisense 1400 rpm"}]},{"@type":"WebSite","@id":"https:\/\/tupique.com\/#website","url":"https:\/\/tupique.com\/","name":"Tupique","description":"Marketplace","publisher":{"@id":"https:\/\/tupique.com\/#organization"},"potentialAction":[{"@type":"SearchAction","target":{"@type":"EntryPoint","urlTemplate":"https:\/\/tupique.com\/?s={search_term_string}"},"query-input":{"@type":"PropertyValueSpecification","valueRequired":true,"valueName":"search_term_string"}}],"inLanguage":"en-GB"},{"@type":"Organization","@id":"https:\/\/tupique.com\/#organization","name":"Tupique","url":"https:\/\/tupique.com\/","logo":{"@type":"ImageObject","inLanguage":"en-GB","@id":"https:\/\/tupique.com\/#\/schema\/logo\/image\/","url":"https:\/\/tupique.com\/wp-content\/uploads\/2024\/09\/logo.png","contentUrl":"https:\/\/tupique.com\/wp-content\/uploads\/2024\/09\/logo.png","width":1118,"height":310,"caption":"Tupique"},"image":{"@id":"https:\/\/tupique.com\/#\/schema\/logo\/image\/"}}]}},"jetpack_sharing_enabled":true,"_links":{"self":[{"href":"https:\/\/tupique.com\/en\/wp-json\/wp\/v2\/product\/4381462","targetHints":{"allow":["GET"]}}],"collection":[{"href":"https:\/\/tupique.com\/en\/wp-json\/wp\/v2\/product"}],"about":[{"href":"https:\/\/tupique.com\/en\/wp-json\/wp\/v2\/types\/product"}],"replies":[{"embeddable":true,"href":"https:\/\/tupique.com\/en\/wp-json\/wp\/v2\/comments?post=4381462"}],"wp:featuredmedia":[{"embeddable":true,"href":"https:\/\/tupique.com\/en\/wp-json\/wp\/v2\/media\/4381461"}],"wp:attachment":[{"href":"https:\/\/tupique.com\/en\/wp-json\/wp\/v2\/media?parent=4381462"}],"wp:term":[{"taxonomy":"product_brand","embeddable":true,"href":"https:\/\/tupique.com\/en\/wp-json\/wp\/v2\/product_brand?post=4381462"},{"taxonomy":"product_cat","embeddable":true,"href":"https:\/\/tupique.com\/en\/wp-json\/wp\/v2\/product_cat?post=4381462"},{"taxonomy":"product_tag","embeddable":true,"href":"https:\/\/tupique.com\/en\/wp-json\/wp\/v2\/product_tag?post=4381462"}],"curies":[{"name":"wp","href":"https:\/\/api.w.org\/{rel}","templated":true}]}}