{"id":4381563,"date":"2026-04-07T11:57:13","date_gmt":"2026-04-07T10:57:13","guid":{"rendered":"https:\/\/tupique.com\/produit\/tablette-huawei-matepad-104-octa-core-4-gb-ram-64-gb-gris\/"},"modified":"2026-04-07T16:57:40","modified_gmt":"2026-04-07T15:57:40","slug":"tablette-huawei-matepad-104-octa-core-4-gb-ram-64-gb-gris","status":"publish","type":"product","link":"https:\/\/tupique.com\/en\/product\/tablette-huawei-matepad-104-octa-core-4-gb-ram-64-gb-gris\/","title":{"rendered":"Tablette Huawei MatePad 10,4&#8243; Octa Core 4 GB RAM 64 GB Gris"},"content":{"rendered":"<p>If you are passionate about\u2019<b>computer science and electronics<\/b>, If you're at the cutting edge of technology and don't want to miss a thing, buy <b>Tablette Huawei MatePad 10,4&#8243; Octa Core 4 GB RAM 64 GB Gris<\/b> at the best price.<\/p>\n<ul>\n<li>Plug-in product: Yes<\/li>\n<li>Technology:\n<ul>\n<li>IPS LCD<\/li>\n<li>IPS<\/li>\n<li>Capacitive<\/li>\n<\/ul>\n<\/li>\n<li>Capacit\u00e9 de la batterie: 7250 mAh<\/li>\n<li>Operating system:\n<ul>\n<li>Android<\/li>\n<li>Android 10<\/li>\n<\/ul>\n<\/li>\n<li>Connectivity:\n<ul>\n<li>Wi-Fi<\/li>\n<li>Bluetooth<\/li>\n<li>Bluetooth 5.1<\/li>\n<\/ul>\n<\/li>\n<li>Camera:\n<ul>\n<li>8 mpx<\/li>\n<li>8 MP<\/li>\n<li>Rear<\/li>\n<\/ul>\n<\/li>\n<li>Connections:\n<ul>\n<li>USB-C<\/li>\n<li>3.5 mm jack<\/li>\n<li>USB-C 2.0<\/li>\n<li>C\u00e2ble jack 3,3 mm<\/li>\n<\/ul>\n<\/li>\n<li>Ecran: 10,4&#8243;<\/li>\n<li>Processor:\n<ul>\n<li>Octa Core<\/li>\n<li>ARM Cortex-A55<\/li>\n<\/ul>\n<\/li>\n<li>M\u00e9moire RAM: 4 GB RAM<\/li>\n<li>M\u00e9moire interne: 64 GB<\/li>\n<li>Colour: Grey<\/li>\n<li>Type: Tablette<\/li>\n<li>Features:\n<ul>\n<li>Front camera<\/li>\n<li>Autofocus<\/li>\n<li>Guarantee<\/li>\n<li>Installation guide included<\/li>\n<li>Lecteur de Cartes<\/li>\n<li>4 loudspeakers<\/li>\n<li>Electronic compass<\/li>\n<\/ul>\n<\/li>\n<li>vitesse: 2 GHz<\/li>\n<li>Ouverture: F\/2,0<\/li>\n<li>Tension de sortie: 5 V<\/li>\n<li>Includes:\n<ul>\n<li>C\u00e2ble USB<\/li>\n<li>User manual<\/li>\n<\/ul>\n<\/li>\n<li>Fonctions: Acc\u00e9l\u00e9rom\u00e8tre<\/li>\n<li>Taille maximale de la carte m\u00e9moire: 512 GB<\/li>\n<li>R\u00e9solution:\n<ul>\n<li>2000 x 1200 px<\/li>\n<li>3264 x 2448<\/li>\n<\/ul>\n<\/li>\n<li>Non Inclus:\n<ul>\n<li>Adaptateur AC<\/li>\n<li>Mobile network connection<\/li>\n<\/ul>\n<\/li>\n<li>Amperage: 2 A<\/li>\n<li>Cartes M\u00e9moire Compatibles: MicroSD (TransFlash)<\/li>\n<li>R\u00e9solution (px): 1920 x 1080 px<\/li>\n<li>Diagonale de l&#8217;\u00e9cran (cm): 26,4 cm<\/li>\n<\/ul>","protected":false},"excerpt":{"rendered":"<p>Si vous \u00eates passionn\u00e9 d&#8217;informatique et d&#8217;\u00e9lectronique, si vous \u00eates \u00e0 la pointe de la technologie et qu&#8217;aucun d\u00e9tail ne<\/p>","protected":false},"featured_media":4381556,"comment_status":"open","ping_status":"closed","template":"","meta":{"_joinchat":[]},"product_brand":[157877],"product_cat":[157523,157516,157560],"product_tag":[157522,157515],"class_list":{"0":"post-4381563","1":"product","2":"type-product","3":"status-publish","4":"has-post-thumbnail","6":"product_brand-brandp_655","7":"product_cat-electronique-telephonie-et-tablettes","8":"product_cat-informatique-electronique","9":"product_cat-tablettes","10":"product_tag-tag_547","11":"product_tag-tag_1295","13":"first","14":"instock","15":"taxable","16":"shipping-taxable","17":"purchasable","18":"product-type-simple"},"yoast_head":"<!-- This site is optimized with the Yoast SEO plugin v27.2 - https:\/\/yoast.com\/product\/yoast-seo-wordpress\/ -->\n<title>Tablette Huawei MatePad 10,4&quot; Octa Core 4 GB RAM 64 GB Gris - Tupique<\/title>\n<meta name=\"description\" content=\"Vous cherchez Tablette Huawei MatePad 10,4&quot; Octa Core 4 GB RAM 64 GB Gris ? Achetez des produits chez Tupique. Profitez de la livraison gratuite pour obtenir Tablette Huawei MatePad 10,4&quot; Octa Core 4 GB RAM 64 GB Gris d\u00e8s maintenant.\" \/>\n<meta name=\"robots\" content=\"index, follow, max-snippet:-1, max-image-preview:large, max-video-preview:-1\" \/>\n<link rel=\"canonical\" href=\"https:\/\/tupique.com\/en\/product\/tablette-huawei-matepad-104-octa-core-4-gb-ram-64-gb-gris\/\" \/>\n<meta property=\"og:locale\" content=\"en_GB\" \/>\n<meta property=\"og:type\" content=\"article\" \/>\n<meta property=\"og:title\" content=\"Tablette Huawei MatePad 10,4&quot; Octa Core 4 GB RAM 64 GB Gris - Tupique\" \/>\n<meta property=\"og:description\" content=\"Vous cherchez Tablette Huawei MatePad 10,4&quot; Octa Core 4 GB RAM 64 GB Gris ? Achetez des produits chez Tupique. Profitez de la livraison gratuite pour obtenir Tablette Huawei MatePad 10,4&quot; Octa Core 4 GB RAM 64 GB Gris d\u00e8s maintenant.\" \/>\n<meta property=\"og:url\" content=\"https:\/\/tupique.com\/en\/product\/tablette-huawei-matepad-104-octa-core-4-gb-ram-64-gb-gris\/\" \/>\n<meta property=\"og:site_name\" content=\"Tupique\" \/>\n<meta property=\"article:modified_time\" content=\"2026-04-07T15:57:40+00:00\" \/>\n<meta property=\"og:image\" content=\"https:\/\/tupique.com\/wp-content\/uploads\/2026\/04\/6901443386031_M0801570_P00.jpg\" \/>\n\t<meta property=\"og:image:width\" content=\"1200\" \/>\n\t<meta property=\"og:image:height\" content=\"1200\" \/>\n\t<meta property=\"og:image:type\" content=\"image\/jpeg\" \/>\n<meta name=\"twitter:card\" content=\"summary_large_image\" \/>\n<meta name=\"twitter:label1\" content=\"Estimated reading time\" \/>\n\t<meta name=\"twitter:data1\" content=\"1 minute\" \/>\n<script type=\"application\/ld+json\" class=\"yoast-schema-graph\">{\"@context\":\"https:\/\/schema.org\",\"@graph\":[{\"@type\":\"WebPage\",\"@id\":\"https:\/\/tupique.com\/produit\/tablette-huawei-matepad-104-octa-core-4-gb-ram-64-gb-gris\/\",\"url\":\"https:\/\/tupique.com\/produit\/tablette-huawei-matepad-104-octa-core-4-gb-ram-64-gb-gris\/\",\"name\":\"Tablette Huawei MatePad 10,4\\\" Octa Core 4 GB RAM 64 GB Gris - Tupique\",\"isPartOf\":{\"@id\":\"https:\/\/tupique.com\/#website\"},\"primaryImageOfPage\":{\"@id\":\"https:\/\/tupique.com\/produit\/tablette-huawei-matepad-104-octa-core-4-gb-ram-64-gb-gris\/#primaryimage\"},\"image\":{\"@id\":\"https:\/\/tupique.com\/produit\/tablette-huawei-matepad-104-octa-core-4-gb-ram-64-gb-gris\/#primaryimage\"},\"thumbnailUrl\":\"https:\/\/tupique.com\/wp-content\/uploads\/2026\/04\/6901443386031_M0801570_P00.jpg\",\"datePublished\":\"2026-04-07T10:57:13+00:00\",\"dateModified\":\"2026-04-07T15:57:40+00:00\",\"description\":\"Vous cherchez Tablette Huawei MatePad 10,4\\\" Octa Core 4 GB RAM 64 GB Gris ? Achetez des produits chez Tupique. Profitez de la livraison gratuite pour obtenir Tablette Huawei MatePad 10,4\\\" Octa Core 4 GB RAM 64 GB Gris d\u00e8s maintenant.\",\"breadcrumb\":{\"@id\":\"https:\/\/tupique.com\/produit\/tablette-huawei-matepad-104-octa-core-4-gb-ram-64-gb-gris\/#breadcrumb\"},\"inLanguage\":\"en-GB\",\"potentialAction\":[{\"@type\":\"ReadAction\",\"target\":[\"https:\/\/tupique.com\/produit\/tablette-huawei-matepad-104-octa-core-4-gb-ram-64-gb-gris\/\"]}]},{\"@type\":\"ImageObject\",\"inLanguage\":\"en-GB\",\"@id\":\"https:\/\/tupique.com\/produit\/tablette-huawei-matepad-104-octa-core-4-gb-ram-64-gb-gris\/#primaryimage\",\"url\":\"https:\/\/tupique.com\/wp-content\/uploads\/2026\/04\/6901443386031_M0801570_P00.jpg\",\"contentUrl\":\"https:\/\/tupique.com\/wp-content\/uploads\/2026\/04\/6901443386031_M0801570_P00.jpg\",\"width\":1200,\"height\":1200,\"caption\":\"M0801570_0\"},{\"@type\":\"BreadcrumbList\",\"@id\":\"https:\/\/tupique.com\/produit\/tablette-huawei-matepad-104-octa-core-4-gb-ram-64-gb-gris\/#breadcrumb\",\"itemListElement\":[{\"@type\":\"ListItem\",\"position\":1,\"name\":\"In\u00edcio\",\"item\":\"https:\/\/tupique.com\/\"},{\"@type\":\"ListItem\",\"position\":2,\"name\":\"Boutique\",\"item\":\"https:\/\/tupique.com\/en\/boutique\/\"},{\"@type\":\"ListItem\",\"position\":3,\"name\":\"Tablette Huawei MatePad 10,4&#8243; Octa Core 4 GB RAM 64 GB Gris\"}]},{\"@type\":\"WebSite\",\"@id\":\"https:\/\/tupique.com\/#website\",\"url\":\"https:\/\/tupique.com\/\",\"name\":\"Tupique\",\"description\":\"Marketplace\",\"publisher\":{\"@id\":\"https:\/\/tupique.com\/#organization\"},\"potentialAction\":[{\"@type\":\"SearchAction\",\"target\":{\"@type\":\"EntryPoint\",\"urlTemplate\":\"https:\/\/tupique.com\/?s={search_term_string}\"},\"query-input\":{\"@type\":\"PropertyValueSpecification\",\"valueRequired\":true,\"valueName\":\"search_term_string\"}}],\"inLanguage\":\"en-GB\"},{\"@type\":\"Organization\",\"@id\":\"https:\/\/tupique.com\/#organization\",\"name\":\"Tupique\",\"url\":\"https:\/\/tupique.com\/\",\"logo\":{\"@type\":\"ImageObject\",\"inLanguage\":\"en-GB\",\"@id\":\"https:\/\/tupique.com\/#\/schema\/logo\/image\/\",\"url\":\"https:\/\/tupique.com\/wp-content\/uploads\/2024\/09\/logo.png\",\"contentUrl\":\"https:\/\/tupique.com\/wp-content\/uploads\/2024\/09\/logo.png\",\"width\":1118,\"height\":310,\"caption\":\"Tupique\"},\"image\":{\"@id\":\"https:\/\/tupique.com\/#\/schema\/logo\/image\/\"}}]}<\/script>\n<!-- \/ Yoast SEO plugin. -->","yoast_head_json":{"title":"Tablette Huawei MatePad 10,4\" Octa Core 4 GB RAM 64 GB Gris - Tupique","description":"Vous cherchez Tablette Huawei MatePad 10,4\" Octa Core 4 GB RAM 64 GB Gris ? Achetez des produits chez Tupique. Profitez de la livraison gratuite pour obtenir Tablette Huawei MatePad 10,4\" Octa Core 4 GB RAM 64 GB Gris d\u00e8s maintenant.","robots":{"index":"index","follow":"follow","max-snippet":"max-snippet:-1","max-image-preview":"max-image-preview:large","max-video-preview":"max-video-preview:-1"},"canonical":"https:\/\/tupique.com\/en\/product\/tablette-huawei-matepad-104-octa-core-4-gb-ram-64-gb-gris\/","og_locale":"en_GB","og_type":"article","og_title":"Tablette Huawei MatePad 10,4\" Octa Core 4 GB RAM 64 GB Gris - Tupique","og_description":"Vous cherchez Tablette Huawei MatePad 10,4\" Octa Core 4 GB RAM 64 GB Gris ? Achetez des produits chez Tupique. Profitez de la livraison gratuite pour obtenir Tablette Huawei MatePad 10,4\" Octa Core 4 GB RAM 64 GB Gris d\u00e8s maintenant.","og_url":"https:\/\/tupique.com\/en\/product\/tablette-huawei-matepad-104-octa-core-4-gb-ram-64-gb-gris\/","og_site_name":"Tupique","article_modified_time":"2026-04-07T15:57:40+00:00","og_image":[{"width":1200,"height":1200,"url":"https:\/\/tupique.com\/wp-content\/uploads\/2026\/04\/6901443386031_M0801570_P00.jpg","type":"image\/jpeg"}],"twitter_card":"summary_large_image","twitter_misc":{"Estimated reading time":"1 minute"},"schema":{"@context":"https:\/\/schema.org","@graph":[{"@type":"WebPage","@id":"https:\/\/tupique.com\/produit\/tablette-huawei-matepad-104-octa-core-4-gb-ram-64-gb-gris\/","url":"https:\/\/tupique.com\/produit\/tablette-huawei-matepad-104-octa-core-4-gb-ram-64-gb-gris\/","name":"Tablette Huawei MatePad 10,4\" Octa Core 4 GB RAM 64 GB Gris - Tupique","isPartOf":{"@id":"https:\/\/tupique.com\/#website"},"primaryImageOfPage":{"@id":"https:\/\/tupique.com\/produit\/tablette-huawei-matepad-104-octa-core-4-gb-ram-64-gb-gris\/#primaryimage"},"image":{"@id":"https:\/\/tupique.com\/produit\/tablette-huawei-matepad-104-octa-core-4-gb-ram-64-gb-gris\/#primaryimage"},"thumbnailUrl":"https:\/\/tupique.com\/wp-content\/uploads\/2026\/04\/6901443386031_M0801570_P00.jpg","datePublished":"2026-04-07T10:57:13+00:00","dateModified":"2026-04-07T15:57:40+00:00","description":"Vous cherchez Tablette Huawei MatePad 10,4\" Octa Core 4 GB RAM 64 GB Gris ? Achetez des produits chez Tupique. Profitez de la livraison gratuite pour obtenir Tablette Huawei MatePad 10,4\" Octa Core 4 GB RAM 64 GB Gris d\u00e8s maintenant.","breadcrumb":{"@id":"https:\/\/tupique.com\/produit\/tablette-huawei-matepad-104-octa-core-4-gb-ram-64-gb-gris\/#breadcrumb"},"inLanguage":"en-GB","potentialAction":[{"@type":"ReadAction","target":["https:\/\/tupique.com\/produit\/tablette-huawei-matepad-104-octa-core-4-gb-ram-64-gb-gris\/"]}]},{"@type":"ImageObject","inLanguage":"en-GB","@id":"https:\/\/tupique.com\/produit\/tablette-huawei-matepad-104-octa-core-4-gb-ram-64-gb-gris\/#primaryimage","url":"https:\/\/tupique.com\/wp-content\/uploads\/2026\/04\/6901443386031_M0801570_P00.jpg","contentUrl":"https:\/\/tupique.com\/wp-content\/uploads\/2026\/04\/6901443386031_M0801570_P00.jpg","width":1200,"height":1200,"caption":"M0801570_0"},{"@type":"BreadcrumbList","@id":"https:\/\/tupique.com\/produit\/tablette-huawei-matepad-104-octa-core-4-gb-ram-64-gb-gris\/#breadcrumb","itemListElement":[{"@type":"ListItem","position":1,"name":"In\u00edcio","item":"https:\/\/tupique.com\/"},{"@type":"ListItem","position":2,"name":"Boutique","item":"https:\/\/tupique.com\/en\/boutique\/"},{"@type":"ListItem","position":3,"name":"Tablette Huawei MatePad 10,4&#8243; Octa Core 4 GB RAM 64 GB Gris"}]},{"@type":"WebSite","@id":"https:\/\/tupique.com\/#website","url":"https:\/\/tupique.com\/","name":"Tupique","description":"Marketplace","publisher":{"@id":"https:\/\/tupique.com\/#organization"},"potentialAction":[{"@type":"SearchAction","target":{"@type":"EntryPoint","urlTemplate":"https:\/\/tupique.com\/?s={search_term_string}"},"query-input":{"@type":"PropertyValueSpecification","valueRequired":true,"valueName":"search_term_string"}}],"inLanguage":"en-GB"},{"@type":"Organization","@id":"https:\/\/tupique.com\/#organization","name":"Tupique","url":"https:\/\/tupique.com\/","logo":{"@type":"ImageObject","inLanguage":"en-GB","@id":"https:\/\/tupique.com\/#\/schema\/logo\/image\/","url":"https:\/\/tupique.com\/wp-content\/uploads\/2024\/09\/logo.png","contentUrl":"https:\/\/tupique.com\/wp-content\/uploads\/2024\/09\/logo.png","width":1118,"height":310,"caption":"Tupique"},"image":{"@id":"https:\/\/tupique.com\/#\/schema\/logo\/image\/"}}]}},"jetpack_sharing_enabled":true,"_links":{"self":[{"href":"https:\/\/tupique.com\/en\/wp-json\/wp\/v2\/product\/4381563","targetHints":{"allow":["GET"]}}],"collection":[{"href":"https:\/\/tupique.com\/en\/wp-json\/wp\/v2\/product"}],"about":[{"href":"https:\/\/tupique.com\/en\/wp-json\/wp\/v2\/types\/product"}],"replies":[{"embeddable":true,"href":"https:\/\/tupique.com\/en\/wp-json\/wp\/v2\/comments?post=4381563"}],"wp:featuredmedia":[{"embeddable":true,"href":"https:\/\/tupique.com\/en\/wp-json\/wp\/v2\/media\/4381556"}],"wp:attachment":[{"href":"https:\/\/tupique.com\/en\/wp-json\/wp\/v2\/media?parent=4381563"}],"wp:term":[{"taxonomy":"product_brand","embeddable":true,"href":"https:\/\/tupique.com\/en\/wp-json\/wp\/v2\/product_brand?post=4381563"},{"taxonomy":"product_cat","embeddable":true,"href":"https:\/\/tupique.com\/en\/wp-json\/wp\/v2\/product_cat?post=4381563"},{"taxonomy":"product_tag","embeddable":true,"href":"https:\/\/tupique.com\/en\/wp-json\/wp\/v2\/product_tag?post=4381563"}],"curies":[{"name":"wp","href":"https:\/\/api.w.org\/{rel}","templated":true}]}}