{"id":4381734,"date":"2026-04-07T15:58:27","date_gmt":"2026-04-07T14:58:27","guid":{"rendered":"https:\/\/tupique.com\/produit\/air-conditionne-panasonic-kit2rz2535zke-blanc-a-a-2500-w-3500-w-5590-fg-h\/"},"modified":"2026-04-07T15:58:27","modified_gmt":"2026-04-07T14:58:27","slug":"air-conditionne-panasonic-kit2rz2535zke-blanc-a-a-2500-w-3500-w-5590-fg-h","status":"publish","type":"product","link":"https:\/\/tupique.com\/en\/product\/air-conditionne-panasonic-kit2rz2535zke-blanc-a-a-2500-w-3500-w-5590-fg-h\/","title":{"rendered":"Air Conditionn\u00e9 Panasonic KIT2RZ2535ZKE Blanc A+\/A+ 2500 W 3500 W 5590 fg\/h"},"content":{"rendered":"<p>If you're looking for the latest trends on the market, we've got you covered. <b>Air Conditionn\u00e9 Panasonic KIT2RZ2535ZKE Blanc A+\/A+ 2500 W 3500 W 5590 fg\/h<\/b> !<\/p>\n<ul>\n<li>Colour: White<\/li>\n<li>Features:\n<ul>\n<li>Portable<\/li>\n<li>Automatic Stop<\/li>\n<li>T\u00e9l\u00e9commande<\/li>\n<li>Timer<\/li>\n<li>\u00c9cran LED<\/li>\n<li>Syst\u00e8me de ventilation<\/li>\n<li>Auto-nettoyant<\/li>\n<li>On\/off switch<\/li>\n<li>Connectivit\u00e9 des applications mobiles<\/li>\n<li>Guarantee<\/li>\n<li>T\u00e9moin de fonctionnement LED<\/li>\n<li>Programmable<\/li>\n<li>Facilit\u00e9 d&#8217;utilisation<\/li>\n<li>Temp\u00e9rature r\u00e9glable<\/li>\n<\/ul>\n<\/li>\n<li>Connectivity: Wi-Fi<\/li>\n<li>puissance:\n<ul>\n<li>2500 W<\/li>\n<li>3500 W<\/li>\n<\/ul>\n<\/li>\n<li>Classification \u00e9nerg\u00e9tique: A+\/A+<\/li>\n<li>Technologie: Split Inverter<\/li>\n<li>Gaz: R32<\/li>\n<li>Niveau sonore: 20-53 dB<\/li>\n<li>Puissance frigorifique: 5590 fg\/h<\/li>\n<li>R\u00e9frig\u00e9rant: R-410<\/li>\n<\/ul>","protected":false},"excerpt":{"rendered":"<p>Si vous \u00eates \u00e0 la recherche de nouvelles tendances sur le march\u00e9, nous vous pr\u00e9sentons Air Conditionn\u00e9 Panasonic KIT2RZ2535ZKE Blanc<\/p>","protected":false},"featured_media":4381733,"comment_status":"open","ping_status":"closed","template":"","meta":{"_joinchat":[]},"product_brand":[158019],"product_cat":[158005,158006,157535],"product_tag":[],"class_list":{"0":"post-4381734","1":"product","2":"type-product","3":"status-publish","4":"has-post-thumbnail","6":"product_brand-brandp_944","7":"product_cat-climatisation-et-chauffage","8":"product_cat-climatiseurs-et-ventilateurs","9":"product_cat-maison-jardin","11":"first","12":"instock","13":"taxable","14":"shipping-taxable","15":"purchasable","16":"product-type-simple"},"yoast_head":"<!-- This site is optimized with the Yoast SEO plugin v27.2 - https:\/\/yoast.com\/product\/yoast-seo-wordpress\/ -->\n<title>Air Conditionn\u00e9 Panasonic KIT2RZ2535ZKE Blanc A+\/A+ 2500 W 3500 W 5590 fg\/h - Tupique<\/title>\n<meta name=\"description\" content=\"Vous cherchez Air Conditionn\u00e9 Panasonic KIT2RZ2535ZKE Blanc A+\/A+ 2500 W 3500 W 5590 fg\/h ? Achetez des produits chez Tupique. Profitez de la livraison gratuite pour obtenir Air Conditionn\u00e9 Panasonic KIT2RZ2535ZKE Blanc A+\/A+ 2500 W 3500 W 5590 fg\/h d\u00e8s maintenant.\" \/>\n<meta name=\"robots\" content=\"index, follow, max-snippet:-1, max-image-preview:large, max-video-preview:-1\" \/>\n<link rel=\"canonical\" href=\"https:\/\/tupique.com\/en\/product\/air-conditionne-panasonic-kit2rz2535zke-blanc-a-a-2500-w-3500-w-5590-fg-h\/\" \/>\n<meta property=\"og:locale\" content=\"en_GB\" \/>\n<meta property=\"og:type\" content=\"article\" \/>\n<meta property=\"og:title\" content=\"Air Conditionn\u00e9 Panasonic KIT2RZ2535ZKE Blanc A+\/A+ 2500 W 3500 W 5590 fg\/h - Tupique\" \/>\n<meta property=\"og:description\" content=\"Vous cherchez Air Conditionn\u00e9 Panasonic KIT2RZ2535ZKE Blanc A+\/A+ 2500 W 3500 W 5590 fg\/h ? Achetez des produits chez Tupique. Profitez de la livraison gratuite pour obtenir Air Conditionn\u00e9 Panasonic KIT2RZ2535ZKE Blanc A+\/A+ 2500 W 3500 W 5590 fg\/h d\u00e8s maintenant.\" \/>\n<meta property=\"og:url\" content=\"https:\/\/tupique.com\/en\/product\/air-conditionne-panasonic-kit2rz2535zke-blanc-a-a-2500-w-3500-w-5590-fg-h\/\" \/>\n<meta property=\"og:site_name\" content=\"Tupique\" \/>\n<meta name=\"twitter:card\" content=\"summary_large_image\" \/>\n<script type=\"application\/ld+json\" class=\"yoast-schema-graph\">{\"@context\":\"https:\/\/schema.org\",\"@graph\":[{\"@type\":\"WebPage\",\"@id\":\"https:\/\/tupique.com\/produit\/air-conditionne-panasonic-kit2rz2535zke-blanc-a-a-2500-w-3500-w-5590-fg-h\/\",\"url\":\"https:\/\/tupique.com\/produit\/air-conditionne-panasonic-kit2rz2535zke-blanc-a-a-2500-w-3500-w-5590-fg-h\/\",\"name\":\"Air Conditionn\u00e9 Panasonic KIT2RZ2535ZKE Blanc A+\/A+ 2500 W 3500 W 5590 fg\/h - Tupique\",\"isPartOf\":{\"@id\":\"https:\/\/tupique.com\/#website\"},\"primaryImageOfPage\":{\"@id\":\"https:\/\/tupique.com\/produit\/air-conditionne-panasonic-kit2rz2535zke-blanc-a-a-2500-w-3500-w-5590-fg-h\/#primaryimage\"},\"image\":{\"@id\":\"https:\/\/tupique.com\/produit\/air-conditionne-panasonic-kit2rz2535zke-blanc-a-a-2500-w-3500-w-5590-fg-h\/#primaryimage\"},\"thumbnailUrl\":\"https:\/\/tupique.com\/wp-content\/uploads\/2026\/04\/4010869675307_S0463229_P00.jpg\",\"datePublished\":\"2026-04-07T14:58:27+00:00\",\"description\":\"Vous cherchez Air Conditionn\u00e9 Panasonic KIT2RZ2535ZKE Blanc A+\/A+ 2500 W 3500 W 5590 fg\/h ? Achetez des produits chez Tupique. Profitez de la livraison gratuite pour obtenir Air Conditionn\u00e9 Panasonic KIT2RZ2535ZKE Blanc A+\/A+ 2500 W 3500 W 5590 fg\/h d\u00e8s maintenant.\",\"breadcrumb\":{\"@id\":\"https:\/\/tupique.com\/produit\/air-conditionne-panasonic-kit2rz2535zke-blanc-a-a-2500-w-3500-w-5590-fg-h\/#breadcrumb\"},\"inLanguage\":\"en-GB\",\"potentialAction\":[{\"@type\":\"ReadAction\",\"target\":[\"https:\/\/tupique.com\/produit\/air-conditionne-panasonic-kit2rz2535zke-blanc-a-a-2500-w-3500-w-5590-fg-h\/\"]}]},{\"@type\":\"ImageObject\",\"inLanguage\":\"en-GB\",\"@id\":\"https:\/\/tupique.com\/produit\/air-conditionne-panasonic-kit2rz2535zke-blanc-a-a-2500-w-3500-w-5590-fg-h\/#primaryimage\",\"url\":\"https:\/\/tupique.com\/wp-content\/uploads\/2026\/04\/4010869675307_S0463229_P00.jpg\",\"contentUrl\":\"https:\/\/tupique.com\/wp-content\/uploads\/2026\/04\/4010869675307_S0463229_P00.jpg\",\"width\":1200,\"height\":1200,\"caption\":\"S0463229_0\"},{\"@type\":\"BreadcrumbList\",\"@id\":\"https:\/\/tupique.com\/produit\/air-conditionne-panasonic-kit2rz2535zke-blanc-a-a-2500-w-3500-w-5590-fg-h\/#breadcrumb\",\"itemListElement\":[{\"@type\":\"ListItem\",\"position\":1,\"name\":\"In\u00edcio\",\"item\":\"https:\/\/tupique.com\/\"},{\"@type\":\"ListItem\",\"position\":2,\"name\":\"Boutique\",\"item\":\"https:\/\/tupique.com\/en\/boutique\/\"},{\"@type\":\"ListItem\",\"position\":3,\"name\":\"Air Conditionn\u00e9 Panasonic KIT2RZ2535ZKE Blanc A+\/A+ 2500 W 3500 W 5590 fg\/h\"}]},{\"@type\":\"WebSite\",\"@id\":\"https:\/\/tupique.com\/#website\",\"url\":\"https:\/\/tupique.com\/\",\"name\":\"Tupique\",\"description\":\"Marketplace\",\"publisher\":{\"@id\":\"https:\/\/tupique.com\/#organization\"},\"potentialAction\":[{\"@type\":\"SearchAction\",\"target\":{\"@type\":\"EntryPoint\",\"urlTemplate\":\"https:\/\/tupique.com\/?s={search_term_string}\"},\"query-input\":{\"@type\":\"PropertyValueSpecification\",\"valueRequired\":true,\"valueName\":\"search_term_string\"}}],\"inLanguage\":\"en-GB\"},{\"@type\":\"Organization\",\"@id\":\"https:\/\/tupique.com\/#organization\",\"name\":\"Tupique\",\"url\":\"https:\/\/tupique.com\/\",\"logo\":{\"@type\":\"ImageObject\",\"inLanguage\":\"en-GB\",\"@id\":\"https:\/\/tupique.com\/#\/schema\/logo\/image\/\",\"url\":\"https:\/\/tupique.com\/wp-content\/uploads\/2024\/09\/logo.png\",\"contentUrl\":\"https:\/\/tupique.com\/wp-content\/uploads\/2024\/09\/logo.png\",\"width\":1118,\"height\":310,\"caption\":\"Tupique\"},\"image\":{\"@id\":\"https:\/\/tupique.com\/#\/schema\/logo\/image\/\"}}]}<\/script>\n<!-- \/ Yoast SEO plugin. -->","yoast_head_json":{"title":"Air Conditionn\u00e9 Panasonic KIT2RZ2535ZKE Blanc A+\/A+ 2500 W 3500 W 5590 fg\/h - Tupique","description":"Vous cherchez Air Conditionn\u00e9 Panasonic KIT2RZ2535ZKE Blanc A+\/A+ 2500 W 3500 W 5590 fg\/h ? Achetez des produits chez Tupique. Profitez de la livraison gratuite pour obtenir Air Conditionn\u00e9 Panasonic KIT2RZ2535ZKE Blanc A+\/A+ 2500 W 3500 W 5590 fg\/h d\u00e8s maintenant.","robots":{"index":"index","follow":"follow","max-snippet":"max-snippet:-1","max-image-preview":"max-image-preview:large","max-video-preview":"max-video-preview:-1"},"canonical":"https:\/\/tupique.com\/en\/product\/air-conditionne-panasonic-kit2rz2535zke-blanc-a-a-2500-w-3500-w-5590-fg-h\/","og_locale":"en_GB","og_type":"article","og_title":"Air Conditionn\u00e9 Panasonic KIT2RZ2535ZKE Blanc A+\/A+ 2500 W 3500 W 5590 fg\/h - Tupique","og_description":"Vous cherchez Air Conditionn\u00e9 Panasonic KIT2RZ2535ZKE Blanc A+\/A+ 2500 W 3500 W 5590 fg\/h ? Achetez des produits chez Tupique. Profitez de la livraison gratuite pour obtenir Air Conditionn\u00e9 Panasonic KIT2RZ2535ZKE Blanc A+\/A+ 2500 W 3500 W 5590 fg\/h d\u00e8s maintenant.","og_url":"https:\/\/tupique.com\/en\/product\/air-conditionne-panasonic-kit2rz2535zke-blanc-a-a-2500-w-3500-w-5590-fg-h\/","og_site_name":"Tupique","twitter_card":"summary_large_image","schema":{"@context":"https:\/\/schema.org","@graph":[{"@type":"WebPage","@id":"https:\/\/tupique.com\/produit\/air-conditionne-panasonic-kit2rz2535zke-blanc-a-a-2500-w-3500-w-5590-fg-h\/","url":"https:\/\/tupique.com\/produit\/air-conditionne-panasonic-kit2rz2535zke-blanc-a-a-2500-w-3500-w-5590-fg-h\/","name":"Air Conditionn\u00e9 Panasonic KIT2RZ2535ZKE Blanc A+\/A+ 2500 W 3500 W 5590 fg\/h - Tupique","isPartOf":{"@id":"https:\/\/tupique.com\/#website"},"primaryImageOfPage":{"@id":"https:\/\/tupique.com\/produit\/air-conditionne-panasonic-kit2rz2535zke-blanc-a-a-2500-w-3500-w-5590-fg-h\/#primaryimage"},"image":{"@id":"https:\/\/tupique.com\/produit\/air-conditionne-panasonic-kit2rz2535zke-blanc-a-a-2500-w-3500-w-5590-fg-h\/#primaryimage"},"thumbnailUrl":"https:\/\/tupique.com\/wp-content\/uploads\/2026\/04\/4010869675307_S0463229_P00.jpg","datePublished":"2026-04-07T14:58:27+00:00","description":"Vous cherchez Air Conditionn\u00e9 Panasonic KIT2RZ2535ZKE Blanc A+\/A+ 2500 W 3500 W 5590 fg\/h ? Achetez des produits chez Tupique. Profitez de la livraison gratuite pour obtenir Air Conditionn\u00e9 Panasonic KIT2RZ2535ZKE Blanc A+\/A+ 2500 W 3500 W 5590 fg\/h d\u00e8s maintenant.","breadcrumb":{"@id":"https:\/\/tupique.com\/produit\/air-conditionne-panasonic-kit2rz2535zke-blanc-a-a-2500-w-3500-w-5590-fg-h\/#breadcrumb"},"inLanguage":"en-GB","potentialAction":[{"@type":"ReadAction","target":["https:\/\/tupique.com\/produit\/air-conditionne-panasonic-kit2rz2535zke-blanc-a-a-2500-w-3500-w-5590-fg-h\/"]}]},{"@type":"ImageObject","inLanguage":"en-GB","@id":"https:\/\/tupique.com\/produit\/air-conditionne-panasonic-kit2rz2535zke-blanc-a-a-2500-w-3500-w-5590-fg-h\/#primaryimage","url":"https:\/\/tupique.com\/wp-content\/uploads\/2026\/04\/4010869675307_S0463229_P00.jpg","contentUrl":"https:\/\/tupique.com\/wp-content\/uploads\/2026\/04\/4010869675307_S0463229_P00.jpg","width":1200,"height":1200,"caption":"S0463229_0"},{"@type":"BreadcrumbList","@id":"https:\/\/tupique.com\/produit\/air-conditionne-panasonic-kit2rz2535zke-blanc-a-a-2500-w-3500-w-5590-fg-h\/#breadcrumb","itemListElement":[{"@type":"ListItem","position":1,"name":"In\u00edcio","item":"https:\/\/tupique.com\/"},{"@type":"ListItem","position":2,"name":"Boutique","item":"https:\/\/tupique.com\/en\/boutique\/"},{"@type":"ListItem","position":3,"name":"Air Conditionn\u00e9 Panasonic KIT2RZ2535ZKE Blanc A+\/A+ 2500 W 3500 W 5590 fg\/h"}]},{"@type":"WebSite","@id":"https:\/\/tupique.com\/#website","url":"https:\/\/tupique.com\/","name":"Tupique","description":"Marketplace","publisher":{"@id":"https:\/\/tupique.com\/#organization"},"potentialAction":[{"@type":"SearchAction","target":{"@type":"EntryPoint","urlTemplate":"https:\/\/tupique.com\/?s={search_term_string}"},"query-input":{"@type":"PropertyValueSpecification","valueRequired":true,"valueName":"search_term_string"}}],"inLanguage":"en-GB"},{"@type":"Organization","@id":"https:\/\/tupique.com\/#organization","name":"Tupique","url":"https:\/\/tupique.com\/","logo":{"@type":"ImageObject","inLanguage":"en-GB","@id":"https:\/\/tupique.com\/#\/schema\/logo\/image\/","url":"https:\/\/tupique.com\/wp-content\/uploads\/2024\/09\/logo.png","contentUrl":"https:\/\/tupique.com\/wp-content\/uploads\/2024\/09\/logo.png","width":1118,"height":310,"caption":"Tupique"},"image":{"@id":"https:\/\/tupique.com\/#\/schema\/logo\/image\/"}}]}},"jetpack_sharing_enabled":true,"_links":{"self":[{"href":"https:\/\/tupique.com\/en\/wp-json\/wp\/v2\/product\/4381734","targetHints":{"allow":["GET"]}}],"collection":[{"href":"https:\/\/tupique.com\/en\/wp-json\/wp\/v2\/product"}],"about":[{"href":"https:\/\/tupique.com\/en\/wp-json\/wp\/v2\/types\/product"}],"replies":[{"embeddable":true,"href":"https:\/\/tupique.com\/en\/wp-json\/wp\/v2\/comments?post=4381734"}],"wp:featuredmedia":[{"embeddable":true,"href":"https:\/\/tupique.com\/en\/wp-json\/wp\/v2\/media\/4381733"}],"wp:attachment":[{"href":"https:\/\/tupique.com\/en\/wp-json\/wp\/v2\/media?parent=4381734"}],"wp:term":[{"taxonomy":"product_brand","embeddable":true,"href":"https:\/\/tupique.com\/en\/wp-json\/wp\/v2\/product_brand?post=4381734"},{"taxonomy":"product_cat","embeddable":true,"href":"https:\/\/tupique.com\/en\/wp-json\/wp\/v2\/product_cat?post=4381734"},{"taxonomy":"product_tag","embeddable":true,"href":"https:\/\/tupique.com\/en\/wp-json\/wp\/v2\/product_tag?post=4381734"}],"curies":[{"name":"wp","href":"https:\/\/api.w.org\/{rel}","templated":true}]}}