{"id":4382429,"date":"2026-04-08T01:56:54","date_gmt":"2026-04-08T00:56:54","guid":{"rendered":"https:\/\/tupique.com\/produit\/jouet-educatif-clementoni-8-jeux-en-1-fr\/"},"modified":"2026-04-08T01:56:54","modified_gmt":"2026-04-08T00:56:54","slug":"jouet-educatif-clementoni-8-jeux-en-1-fr","status":"publish","type":"product","link":"https:\/\/tupique.com\/en\/product\/jouet-educatif-clementoni-8-jeux-en-1-fr\/","title":{"rendered":"Jouet Educatif Clementoni 8 jeux en 1 (FR)"},"content":{"rendered":"<p>Children deserve the best, so we're bringing you <b>Jouet Educatif Clementoni 8 jeux en 1 (FR)<\/b>, ideal for those looking for quality products for the little ones! Get <b>Clementoni<\/b> and many other brands and licences at the best prices!<\/p>\n<p>Le <b>Jeu \u00c9ducatif 8 jeux en 1<\/b> from <b>Clementoni<\/b> est un ensemble didactique con\u00e7u pour les enfants d\u00e8s <b>3 years<\/b> qui favorise l\u2019apprentissage pr\u00e9coce par l\u2019exploration des <b>formes, couleurs, nombres et quantit\u00e9s<\/b>. Enti\u00e8rement fabriqu\u00e9 en <b>plastique<\/b> r\u00e9sistant, ce jeu s\u2019adresse au jeune public et propose des instructions et mat\u00e9riaux en <b>fran\u00e7ais<\/b>, facilitant aussi l\u2019apprentissage d\u2019une seconde langue \u00e0 ce stade. Sa vari\u00e9t\u00e9 de jeux inclus dans une m\u00eame bo\u00eete offre plusieurs activit\u00e9s pour stimuler la motricit\u00e9 fine, la perception visuelle et le raisonnement logique, tout en encourageant la concentration et la reconnaissance des concepts math\u00e9matiques et chromatiques de base. Son design polyvalent et compact permet une utilisation simple et s\u00e9curis\u00e9e pour les petits, assurant durabilit\u00e9 et facilit\u00e9 de nettoyage. Ce produit constitue un outil \u00e9ducatif pratique et accessible pour les parents et \u00e9ducateurs souhaitant compl\u00e9ter l\u2019\u00e9ducation de base par des m\u00e9thodes ludiques, favorisant le d\u00e9veloppement global des comp\u00e9tences cognitives chez l\u2019enfant. En r\u00e9sum\u00e9, le <b>8 jeux en 1<\/b> de Clementoni est une option \u00e9ducative fiable et multifonctionnelle pour l\u2019apprentissage des tout-petits.<\/p>\n<ul>\n<li>Recommended age: + 3 years<\/li>\n<li>Type: Jouet Educatif<\/li>\n<li>Langue: Fran\u00e7ais<\/li>\n<li>Langues: Fran\u00e7ais<\/li>\n<\/ul>","protected":false},"excerpt":{"rendered":"<p>Les enfants m\u00e9ritent ce qu\u2019il y a de mieux, nous vous pr\u00e9sentons donc Jouet Educatif Clementoni 8 jeux en 1<\/p>","protected":false},"featured_media":4382423,"comment_status":"open","ping_status":"closed","template":"","meta":{"_joinchat":[]},"product_brand":[158234],"product_cat":[158229,157660,157912],"product_tag":[157622,157546],"class_list":{"0":"post-4382429","1":"product","2":"type-product","3":"status-publish","4":"has-post-thumbnail","6":"product_brand-brandp_1887","7":"product_cat-jeux-educatifs","8":"product_cat-jouets-deguisements","9":"product_cat-jouets-et-jeux","10":"product_tag-tag_1275","11":"product_tag-tag_1304","13":"first","14":"instock","15":"taxable","16":"shipping-taxable","17":"purchasable","18":"product-type-simple"},"yoast_head":"<!-- This site is optimized with the Yoast SEO plugin v27.2 - https:\/\/yoast.com\/product\/yoast-seo-wordpress\/ -->\n<title>Jouet Educatif Clementoni 8 jeux en 1 (FR) - Tupique<\/title>\n<meta name=\"description\" content=\"Vous cherchez Jouet Educatif Clementoni 8 jeux en 1 (FR) ? Achetez des produits chez Tupique. Profitez de la livraison gratuite pour obtenir Jouet Educatif Clementoni 8 jeux en 1 (FR) d\u00e8s maintenant.\" \/>\n<meta name=\"robots\" content=\"index, follow, max-snippet:-1, max-image-preview:large, max-video-preview:-1\" \/>\n<link rel=\"canonical\" href=\"https:\/\/tupique.com\/en\/product\/jouet-educatif-clementoni-8-jeux-en-1-fr\/\" \/>\n<meta property=\"og:locale\" content=\"en_GB\" \/>\n<meta property=\"og:type\" content=\"article\" \/>\n<meta property=\"og:title\" content=\"Jouet Educatif Clementoni 8 jeux en 1 (FR) - Tupique\" \/>\n<meta property=\"og:description\" content=\"Vous cherchez Jouet Educatif Clementoni 8 jeux en 1 (FR) ? Achetez des produits chez Tupique. Profitez de la livraison gratuite pour obtenir Jouet Educatif Clementoni 8 jeux en 1 (FR) d\u00e8s maintenant.\" \/>\n<meta property=\"og:url\" content=\"https:\/\/tupique.com\/en\/product\/jouet-educatif-clementoni-8-jeux-en-1-fr\/\" \/>\n<meta property=\"og:site_name\" content=\"Tupique\" \/>\n<meta name=\"twitter:card\" content=\"summary_large_image\" \/>\n<meta name=\"twitter:label1\" content=\"Estimated reading time\" \/>\n\t<meta name=\"twitter:data1\" content=\"1 minute\" \/>\n<script type=\"application\/ld+json\" class=\"yoast-schema-graph\">{\"@context\":\"https:\/\/schema.org\",\"@graph\":[{\"@type\":\"WebPage\",\"@id\":\"https:\/\/tupique.com\/produit\/jouet-educatif-clementoni-8-jeux-en-1-fr\/\",\"url\":\"https:\/\/tupique.com\/produit\/jouet-educatif-clementoni-8-jeux-en-1-fr\/\",\"name\":\"Jouet Educatif Clementoni 8 jeux en 1 (FR) - Tupique\",\"isPartOf\":{\"@id\":\"https:\/\/tupique.com\/#website\"},\"primaryImageOfPage\":{\"@id\":\"https:\/\/tupique.com\/produit\/jouet-educatif-clementoni-8-jeux-en-1-fr\/#primaryimage\"},\"image\":{\"@id\":\"https:\/\/tupique.com\/produit\/jouet-educatif-clementoni-8-jeux-en-1-fr\/#primaryimage\"},\"thumbnailUrl\":\"https:\/\/tupique.com\/wp-content\/uploads\/2026\/04\/8005125527946_S7197252_P00.jpg\",\"datePublished\":\"2026-04-08T00:56:54+00:00\",\"description\":\"Vous cherchez Jouet Educatif Clementoni 8 jeux en 1 (FR) ? Achetez des produits chez Tupique. Profitez de la livraison gratuite pour obtenir Jouet Educatif Clementoni 8 jeux en 1 (FR) d\u00e8s maintenant.\",\"breadcrumb\":{\"@id\":\"https:\/\/tupique.com\/produit\/jouet-educatif-clementoni-8-jeux-en-1-fr\/#breadcrumb\"},\"inLanguage\":\"en-GB\",\"potentialAction\":[{\"@type\":\"ReadAction\",\"target\":[\"https:\/\/tupique.com\/produit\/jouet-educatif-clementoni-8-jeux-en-1-fr\/\"]}]},{\"@type\":\"ImageObject\",\"inLanguage\":\"en-GB\",\"@id\":\"https:\/\/tupique.com\/produit\/jouet-educatif-clementoni-8-jeux-en-1-fr\/#primaryimage\",\"url\":\"https:\/\/tupique.com\/wp-content\/uploads\/2026\/04\/8005125527946_S7197252_P00.jpg\",\"contentUrl\":\"https:\/\/tupique.com\/wp-content\/uploads\/2026\/04\/8005125527946_S7197252_P00.jpg\",\"width\":1200,\"height\":1200,\"caption\":\"S7197252_0\"},{\"@type\":\"BreadcrumbList\",\"@id\":\"https:\/\/tupique.com\/produit\/jouet-educatif-clementoni-8-jeux-en-1-fr\/#breadcrumb\",\"itemListElement\":[{\"@type\":\"ListItem\",\"position\":1,\"name\":\"In\u00edcio\",\"item\":\"https:\/\/tupique.com\/\"},{\"@type\":\"ListItem\",\"position\":2,\"name\":\"Boutique\",\"item\":\"https:\/\/tupique.com\/en\/boutique\/\"},{\"@type\":\"ListItem\",\"position\":3,\"name\":\"Jouet Educatif Clementoni 8 jeux en 1 (FR)\"}]},{\"@type\":\"WebSite\",\"@id\":\"https:\/\/tupique.com\/#website\",\"url\":\"https:\/\/tupique.com\/\",\"name\":\"Tupique\",\"description\":\"Marketplace\",\"publisher\":{\"@id\":\"https:\/\/tupique.com\/#organization\"},\"potentialAction\":[{\"@type\":\"SearchAction\",\"target\":{\"@type\":\"EntryPoint\",\"urlTemplate\":\"https:\/\/tupique.com\/?s={search_term_string}\"},\"query-input\":{\"@type\":\"PropertyValueSpecification\",\"valueRequired\":true,\"valueName\":\"search_term_string\"}}],\"inLanguage\":\"en-GB\"},{\"@type\":\"Organization\",\"@id\":\"https:\/\/tupique.com\/#organization\",\"name\":\"Tupique\",\"url\":\"https:\/\/tupique.com\/\",\"logo\":{\"@type\":\"ImageObject\",\"inLanguage\":\"en-GB\",\"@id\":\"https:\/\/tupique.com\/#\/schema\/logo\/image\/\",\"url\":\"https:\/\/tupique.com\/wp-content\/uploads\/2024\/09\/logo.png\",\"contentUrl\":\"https:\/\/tupique.com\/wp-content\/uploads\/2024\/09\/logo.png\",\"width\":1118,\"height\":310,\"caption\":\"Tupique\"},\"image\":{\"@id\":\"https:\/\/tupique.com\/#\/schema\/logo\/image\/\"}}]}<\/script>\n<!-- \/ Yoast SEO plugin. -->","yoast_head_json":{"title":"Jouet Educatif Clementoni 8 jeux en 1 (FR) - Tupique","description":"Vous cherchez Jouet Educatif Clementoni 8 jeux en 1 (FR) ? Achetez des produits chez Tupique. Profitez de la livraison gratuite pour obtenir Jouet Educatif Clementoni 8 jeux en 1 (FR) d\u00e8s maintenant.","robots":{"index":"index","follow":"follow","max-snippet":"max-snippet:-1","max-image-preview":"max-image-preview:large","max-video-preview":"max-video-preview:-1"},"canonical":"https:\/\/tupique.com\/en\/product\/jouet-educatif-clementoni-8-jeux-en-1-fr\/","og_locale":"en_GB","og_type":"article","og_title":"Jouet Educatif Clementoni 8 jeux en 1 (FR) - Tupique","og_description":"Vous cherchez Jouet Educatif Clementoni 8 jeux en 1 (FR) ? Achetez des produits chez Tupique. Profitez de la livraison gratuite pour obtenir Jouet Educatif Clementoni 8 jeux en 1 (FR) d\u00e8s maintenant.","og_url":"https:\/\/tupique.com\/en\/product\/jouet-educatif-clementoni-8-jeux-en-1-fr\/","og_site_name":"Tupique","twitter_card":"summary_large_image","twitter_misc":{"Estimated reading time":"1 minute"},"schema":{"@context":"https:\/\/schema.org","@graph":[{"@type":"WebPage","@id":"https:\/\/tupique.com\/produit\/jouet-educatif-clementoni-8-jeux-en-1-fr\/","url":"https:\/\/tupique.com\/produit\/jouet-educatif-clementoni-8-jeux-en-1-fr\/","name":"Jouet Educatif Clementoni 8 jeux en 1 (FR) - Tupique","isPartOf":{"@id":"https:\/\/tupique.com\/#website"},"primaryImageOfPage":{"@id":"https:\/\/tupique.com\/produit\/jouet-educatif-clementoni-8-jeux-en-1-fr\/#primaryimage"},"image":{"@id":"https:\/\/tupique.com\/produit\/jouet-educatif-clementoni-8-jeux-en-1-fr\/#primaryimage"},"thumbnailUrl":"https:\/\/tupique.com\/wp-content\/uploads\/2026\/04\/8005125527946_S7197252_P00.jpg","datePublished":"2026-04-08T00:56:54+00:00","description":"Vous cherchez Jouet Educatif Clementoni 8 jeux en 1 (FR) ? Achetez des produits chez Tupique. Profitez de la livraison gratuite pour obtenir Jouet Educatif Clementoni 8 jeux en 1 (FR) d\u00e8s maintenant.","breadcrumb":{"@id":"https:\/\/tupique.com\/produit\/jouet-educatif-clementoni-8-jeux-en-1-fr\/#breadcrumb"},"inLanguage":"en-GB","potentialAction":[{"@type":"ReadAction","target":["https:\/\/tupique.com\/produit\/jouet-educatif-clementoni-8-jeux-en-1-fr\/"]}]},{"@type":"ImageObject","inLanguage":"en-GB","@id":"https:\/\/tupique.com\/produit\/jouet-educatif-clementoni-8-jeux-en-1-fr\/#primaryimage","url":"https:\/\/tupique.com\/wp-content\/uploads\/2026\/04\/8005125527946_S7197252_P00.jpg","contentUrl":"https:\/\/tupique.com\/wp-content\/uploads\/2026\/04\/8005125527946_S7197252_P00.jpg","width":1200,"height":1200,"caption":"S7197252_0"},{"@type":"BreadcrumbList","@id":"https:\/\/tupique.com\/produit\/jouet-educatif-clementoni-8-jeux-en-1-fr\/#breadcrumb","itemListElement":[{"@type":"ListItem","position":1,"name":"In\u00edcio","item":"https:\/\/tupique.com\/"},{"@type":"ListItem","position":2,"name":"Boutique","item":"https:\/\/tupique.com\/en\/boutique\/"},{"@type":"ListItem","position":3,"name":"Jouet Educatif Clementoni 8 jeux en 1 (FR)"}]},{"@type":"WebSite","@id":"https:\/\/tupique.com\/#website","url":"https:\/\/tupique.com\/","name":"Tupique","description":"Marketplace","publisher":{"@id":"https:\/\/tupique.com\/#organization"},"potentialAction":[{"@type":"SearchAction","target":{"@type":"EntryPoint","urlTemplate":"https:\/\/tupique.com\/?s={search_term_string}"},"query-input":{"@type":"PropertyValueSpecification","valueRequired":true,"valueName":"search_term_string"}}],"inLanguage":"en-GB"},{"@type":"Organization","@id":"https:\/\/tupique.com\/#organization","name":"Tupique","url":"https:\/\/tupique.com\/","logo":{"@type":"ImageObject","inLanguage":"en-GB","@id":"https:\/\/tupique.com\/#\/schema\/logo\/image\/","url":"https:\/\/tupique.com\/wp-content\/uploads\/2024\/09\/logo.png","contentUrl":"https:\/\/tupique.com\/wp-content\/uploads\/2024\/09\/logo.png","width":1118,"height":310,"caption":"Tupique"},"image":{"@id":"https:\/\/tupique.com\/#\/schema\/logo\/image\/"}}]}},"jetpack_sharing_enabled":true,"_links":{"self":[{"href":"https:\/\/tupique.com\/en\/wp-json\/wp\/v2\/product\/4382429","targetHints":{"allow":["GET"]}}],"collection":[{"href":"https:\/\/tupique.com\/en\/wp-json\/wp\/v2\/product"}],"about":[{"href":"https:\/\/tupique.com\/en\/wp-json\/wp\/v2\/types\/product"}],"replies":[{"embeddable":true,"href":"https:\/\/tupique.com\/en\/wp-json\/wp\/v2\/comments?post=4382429"}],"wp:featuredmedia":[{"embeddable":true,"href":"https:\/\/tupique.com\/en\/wp-json\/wp\/v2\/media\/4382423"}],"wp:attachment":[{"href":"https:\/\/tupique.com\/en\/wp-json\/wp\/v2\/media?parent=4382429"}],"wp:term":[{"taxonomy":"product_brand","embeddable":true,"href":"https:\/\/tupique.com\/en\/wp-json\/wp\/v2\/product_brand?post=4382429"},{"taxonomy":"product_cat","embeddable":true,"href":"https:\/\/tupique.com\/en\/wp-json\/wp\/v2\/product_cat?post=4382429"},{"taxonomy":"product_tag","embeddable":true,"href":"https:\/\/tupique.com\/en\/wp-json\/wp\/v2\/product_tag?post=4382429"}],"curies":[{"name":"wp","href":"https:\/\/api.w.org\/{rel}","templated":true}]}}