{"id":4382490,"date":"2026-04-08T01:58:05","date_gmt":"2026-04-08T00:58:05","guid":{"rendered":"https:\/\/tupique.com\/produit\/aspirateur-robot-dreame-l10s-ultra-gen2\/"},"modified":"2026-04-08T01:58:05","modified_gmt":"2026-04-08T00:58:05","slug":"aspirateur-robot-dreame-l10s-ultra-gen2","status":"publish","type":"product","link":"https:\/\/tupique.com\/en\/product\/aspirateur-robot-dreame-l10s-ultra-gen2\/","title":{"rendered":"Aspirateur robot Dreame L10S ULTRA GEN2"},"content":{"rendered":"<p>If you're looking for appliances for your home at the best prices, don't miss out on <b>Aspirateur robot Dreame L10S ULTRA GEN2<\/b> and a wide selection of quality small electrical appliances!<\/p>\n<p>Le <b>Dreame L10S ULTRA GEN2<\/b> est un <b>robot aspirateur<\/b> hautes performances con\u00e7u pour offrir un nettoyage en profondeur et automatis\u00e9 dans les foyers exigeants. Ce mod\u00e8le arbore une finition \u00e9l\u00e9gante <b>blanche<\/b> et pr\u00e9sente une <b>forme ronde de 35 cm de diam\u00e8tre<\/b>, facilitant l\u2019acc\u00e8s et le d\u00e9placement sous les meubles et dans les coins difficiles. Son puissant syst\u00e8me d\u2019aspiration assure une <b>puissance maximale de 10 000 Pa<\/b>, permettant de capturer efficacement la poussi\u00e8re fine, la salet\u00e9 et les poils d\u2019animaux sur sols durs comme sur tapis. Il int\u00e8gre une <b>serpill\u00e8re<\/b> pour la fonction de lavage, optimisant le nettoyage des surfaces en \u00e9liminant taches et r\u00e9sidus incrust\u00e9s. Le bac \u00e0 poussi\u00e8re offre une <b>capacit\u00e9 de 0,3 litre<\/b>, tandis que la <b>station de base comprend un r\u00e9servoir d\u2019auto-vidange de 4,5 litres<\/b>, r\u00e9duisant consid\u00e9rablement la fr\u00e9quence de vidange manuelle et offrant plus d\u2019autonomie \u00e0 l\u2019utilisateur. Gr\u00e2ce \u00e0 sa <b>batterie longue dur\u00e9e<\/b>, le Dreame L10S ULTRA GEN2 propose jusqu\u2019\u00e0 <b>240 minutes d\u2019autonomie<\/b> par charge, couvrant de grandes surfaces en un seul passage. Sa compatibilit\u00e9 avec le <b>r\u00e9seau \u00e9lectrique<\/b>, associ\u00e9e \u00e0 des capteurs avanc\u00e9s, lui permet de naviguer intelligemment, de s\u2019adapter \u00e0 diff\u00e9rents espaces et d\u2019\u00e9viter efficacement les obstacles. Id\u00e9al pour ceux qui recherchent performance, autonomie et simplicit\u00e9 d\u2019utilisation au quotidien, ce robot aspirateur Dreame est con\u00e7u pour s\u2019int\u00e9grer parfaitement dans les int\u00e9rieurs modernes et garder les sols impeccables avec un minimum d\u2019effort de la part de l\u2019utilisateur.<\/p>\n<ul>\n<li>Colour: White<\/li>\n<li>Plug-in product: Yes<\/li>\n<li>Type: Aspirateur robot<\/li>\n<li>Socket type: EU socket<\/li>\n<\/ul>","protected":false},"excerpt":{"rendered":"<p>Si vous recherchez des \u00e9lectrom\u00e9nagers pour votre maison aux meilleurs prix, ne manquez pas Aspirateur robot Dreame L10S ULTRA GEN2<\/p>","protected":false},"featured_media":4382489,"comment_status":"open","ping_status":"closed","template":"","meta":{"_joinchat":[]},"product_brand":[158036],"product_cat":[157625,157535,157624],"product_tag":[157546,157545],"class_list":{"0":"post-4382490","1":"product","2":"type-product","3":"status-publish","4":"has-post-thumbnail","6":"product_brand-brandp_4590","7":"product_cat-aspirateurs-et-robots","8":"product_cat-maison-jardin","9":"product_cat-nettoyage-aspirateur-et-repassage","10":"product_tag-tag_1304","11":"product_tag-tag_930","13":"first","14":"instock","15":"taxable","16":"shipping-taxable","17":"purchasable","18":"product-type-simple"},"yoast_head":"<!-- This site is optimized with the Yoast SEO plugin v27.2 - https:\/\/yoast.com\/product\/yoast-seo-wordpress\/ -->\n<title>Aspirateur robot Dreame L10S ULTRA GEN2 - Tupique<\/title>\n<meta name=\"description\" content=\"Vous cherchez Aspirateur robot Dreame L10S ULTRA GEN2 ? Achetez des produits chez Tupique. Profitez de la livraison gratuite pour obtenir Aspirateur robot Dreame L10S ULTRA GEN2 d\u00e8s maintenant.\" \/>\n<meta name=\"robots\" content=\"index, follow, max-snippet:-1, max-image-preview:large, max-video-preview:-1\" \/>\n<link rel=\"canonical\" href=\"https:\/\/tupique.com\/en\/product\/aspirateur-robot-dreame-l10s-ultra-gen2\/\" \/>\n<meta property=\"og:locale\" content=\"en_GB\" \/>\n<meta property=\"og:type\" content=\"article\" \/>\n<meta property=\"og:title\" content=\"Aspirateur robot Dreame L10S ULTRA GEN2 - Tupique\" \/>\n<meta property=\"og:description\" content=\"Vous cherchez Aspirateur robot Dreame L10S ULTRA GEN2 ? Achetez des produits chez Tupique. Profitez de la livraison gratuite pour obtenir Aspirateur robot Dreame L10S ULTRA GEN2 d\u00e8s maintenant.\" \/>\n<meta property=\"og:url\" content=\"https:\/\/tupique.com\/en\/product\/aspirateur-robot-dreame-l10s-ultra-gen2\/\" \/>\n<meta property=\"og:site_name\" content=\"Tupique\" \/>\n<meta name=\"twitter:card\" content=\"summary_large_image\" \/>\n<meta name=\"twitter:label1\" content=\"Estimated reading time\" \/>\n\t<meta name=\"twitter:data1\" content=\"2 minutes\" \/>\n<script type=\"application\/ld+json\" class=\"yoast-schema-graph\">{\"@context\":\"https:\/\/schema.org\",\"@graph\":[{\"@type\":\"WebPage\",\"@id\":\"https:\/\/tupique.com\/produit\/aspirateur-robot-dreame-l10s-ultra-gen2\/\",\"url\":\"https:\/\/tupique.com\/produit\/aspirateur-robot-dreame-l10s-ultra-gen2\/\",\"name\":\"Aspirateur robot Dreame L10S ULTRA GEN2 - Tupique\",\"isPartOf\":{\"@id\":\"https:\/\/tupique.com\/#website\"},\"primaryImageOfPage\":{\"@id\":\"https:\/\/tupique.com\/produit\/aspirateur-robot-dreame-l10s-ultra-gen2\/#primaryimage\"},\"image\":{\"@id\":\"https:\/\/tupique.com\/produit\/aspirateur-robot-dreame-l10s-ultra-gen2\/#primaryimage\"},\"thumbnailUrl\":\"https:\/\/tupique.com\/wp-content\/uploads\/2026\/04\/6976233677033_S71011007_P00.jpg\",\"datePublished\":\"2026-04-08T00:58:05+00:00\",\"description\":\"Vous cherchez Aspirateur robot Dreame L10S ULTRA GEN2 ? Achetez des produits chez Tupique. Profitez de la livraison gratuite pour obtenir Aspirateur robot Dreame L10S ULTRA GEN2 d\u00e8s maintenant.\",\"breadcrumb\":{\"@id\":\"https:\/\/tupique.com\/produit\/aspirateur-robot-dreame-l10s-ultra-gen2\/#breadcrumb\"},\"inLanguage\":\"en-GB\",\"potentialAction\":[{\"@type\":\"ReadAction\",\"target\":[\"https:\/\/tupique.com\/produit\/aspirateur-robot-dreame-l10s-ultra-gen2\/\"]}]},{\"@type\":\"ImageObject\",\"inLanguage\":\"en-GB\",\"@id\":\"https:\/\/tupique.com\/produit\/aspirateur-robot-dreame-l10s-ultra-gen2\/#primaryimage\",\"url\":\"https:\/\/tupique.com\/wp-content\/uploads\/2026\/04\/6976233677033_S71011007_P00.jpg\",\"contentUrl\":\"https:\/\/tupique.com\/wp-content\/uploads\/2026\/04\/6976233677033_S71011007_P00.jpg\",\"width\":1200,\"height\":1200,\"caption\":\"S71011007_0\"},{\"@type\":\"BreadcrumbList\",\"@id\":\"https:\/\/tupique.com\/produit\/aspirateur-robot-dreame-l10s-ultra-gen2\/#breadcrumb\",\"itemListElement\":[{\"@type\":\"ListItem\",\"position\":1,\"name\":\"In\u00edcio\",\"item\":\"https:\/\/tupique.com\/\"},{\"@type\":\"ListItem\",\"position\":2,\"name\":\"Boutique\",\"item\":\"https:\/\/tupique.com\/en\/boutique\/\"},{\"@type\":\"ListItem\",\"position\":3,\"name\":\"Aspirateur robot Dreame L10S ULTRA GEN2\"}]},{\"@type\":\"WebSite\",\"@id\":\"https:\/\/tupique.com\/#website\",\"url\":\"https:\/\/tupique.com\/\",\"name\":\"Tupique\",\"description\":\"Marketplace\",\"publisher\":{\"@id\":\"https:\/\/tupique.com\/#organization\"},\"potentialAction\":[{\"@type\":\"SearchAction\",\"target\":{\"@type\":\"EntryPoint\",\"urlTemplate\":\"https:\/\/tupique.com\/?s={search_term_string}\"},\"query-input\":{\"@type\":\"PropertyValueSpecification\",\"valueRequired\":true,\"valueName\":\"search_term_string\"}}],\"inLanguage\":\"en-GB\"},{\"@type\":\"Organization\",\"@id\":\"https:\/\/tupique.com\/#organization\",\"name\":\"Tupique\",\"url\":\"https:\/\/tupique.com\/\",\"logo\":{\"@type\":\"ImageObject\",\"inLanguage\":\"en-GB\",\"@id\":\"https:\/\/tupique.com\/#\/schema\/logo\/image\/\",\"url\":\"https:\/\/tupique.com\/wp-content\/uploads\/2024\/09\/logo.png\",\"contentUrl\":\"https:\/\/tupique.com\/wp-content\/uploads\/2024\/09\/logo.png\",\"width\":1118,\"height\":310,\"caption\":\"Tupique\"},\"image\":{\"@id\":\"https:\/\/tupique.com\/#\/schema\/logo\/image\/\"}}]}<\/script>\n<!-- \/ Yoast SEO plugin. -->","yoast_head_json":{"title":"Aspirateur robot Dreame L10S ULTRA GEN2 - Tupique","description":"Vous cherchez Aspirateur robot Dreame L10S ULTRA GEN2 ? Achetez des produits chez Tupique. Profitez de la livraison gratuite pour obtenir Aspirateur robot Dreame L10S ULTRA GEN2 d\u00e8s maintenant.","robots":{"index":"index","follow":"follow","max-snippet":"max-snippet:-1","max-image-preview":"max-image-preview:large","max-video-preview":"max-video-preview:-1"},"canonical":"https:\/\/tupique.com\/en\/product\/aspirateur-robot-dreame-l10s-ultra-gen2\/","og_locale":"en_GB","og_type":"article","og_title":"Aspirateur robot Dreame L10S ULTRA GEN2 - Tupique","og_description":"Vous cherchez Aspirateur robot Dreame L10S ULTRA GEN2 ? Achetez des produits chez Tupique. Profitez de la livraison gratuite pour obtenir Aspirateur robot Dreame L10S ULTRA GEN2 d\u00e8s maintenant.","og_url":"https:\/\/tupique.com\/en\/product\/aspirateur-robot-dreame-l10s-ultra-gen2\/","og_site_name":"Tupique","twitter_card":"summary_large_image","twitter_misc":{"Estimated reading time":"2 minutes"},"schema":{"@context":"https:\/\/schema.org","@graph":[{"@type":"WebPage","@id":"https:\/\/tupique.com\/produit\/aspirateur-robot-dreame-l10s-ultra-gen2\/","url":"https:\/\/tupique.com\/produit\/aspirateur-robot-dreame-l10s-ultra-gen2\/","name":"Aspirateur robot Dreame L10S ULTRA GEN2 - Tupique","isPartOf":{"@id":"https:\/\/tupique.com\/#website"},"primaryImageOfPage":{"@id":"https:\/\/tupique.com\/produit\/aspirateur-robot-dreame-l10s-ultra-gen2\/#primaryimage"},"image":{"@id":"https:\/\/tupique.com\/produit\/aspirateur-robot-dreame-l10s-ultra-gen2\/#primaryimage"},"thumbnailUrl":"https:\/\/tupique.com\/wp-content\/uploads\/2026\/04\/6976233677033_S71011007_P00.jpg","datePublished":"2026-04-08T00:58:05+00:00","description":"Vous cherchez Aspirateur robot Dreame L10S ULTRA GEN2 ? Achetez des produits chez Tupique. Profitez de la livraison gratuite pour obtenir Aspirateur robot Dreame L10S ULTRA GEN2 d\u00e8s maintenant.","breadcrumb":{"@id":"https:\/\/tupique.com\/produit\/aspirateur-robot-dreame-l10s-ultra-gen2\/#breadcrumb"},"inLanguage":"en-GB","potentialAction":[{"@type":"ReadAction","target":["https:\/\/tupique.com\/produit\/aspirateur-robot-dreame-l10s-ultra-gen2\/"]}]},{"@type":"ImageObject","inLanguage":"en-GB","@id":"https:\/\/tupique.com\/produit\/aspirateur-robot-dreame-l10s-ultra-gen2\/#primaryimage","url":"https:\/\/tupique.com\/wp-content\/uploads\/2026\/04\/6976233677033_S71011007_P00.jpg","contentUrl":"https:\/\/tupique.com\/wp-content\/uploads\/2026\/04\/6976233677033_S71011007_P00.jpg","width":1200,"height":1200,"caption":"S71011007_0"},{"@type":"BreadcrumbList","@id":"https:\/\/tupique.com\/produit\/aspirateur-robot-dreame-l10s-ultra-gen2\/#breadcrumb","itemListElement":[{"@type":"ListItem","position":1,"name":"In\u00edcio","item":"https:\/\/tupique.com\/"},{"@type":"ListItem","position":2,"name":"Boutique","item":"https:\/\/tupique.com\/en\/boutique\/"},{"@type":"ListItem","position":3,"name":"Aspirateur robot Dreame L10S ULTRA GEN2"}]},{"@type":"WebSite","@id":"https:\/\/tupique.com\/#website","url":"https:\/\/tupique.com\/","name":"Tupique","description":"Marketplace","publisher":{"@id":"https:\/\/tupique.com\/#organization"},"potentialAction":[{"@type":"SearchAction","target":{"@type":"EntryPoint","urlTemplate":"https:\/\/tupique.com\/?s={search_term_string}"},"query-input":{"@type":"PropertyValueSpecification","valueRequired":true,"valueName":"search_term_string"}}],"inLanguage":"en-GB"},{"@type":"Organization","@id":"https:\/\/tupique.com\/#organization","name":"Tupique","url":"https:\/\/tupique.com\/","logo":{"@type":"ImageObject","inLanguage":"en-GB","@id":"https:\/\/tupique.com\/#\/schema\/logo\/image\/","url":"https:\/\/tupique.com\/wp-content\/uploads\/2024\/09\/logo.png","contentUrl":"https:\/\/tupique.com\/wp-content\/uploads\/2024\/09\/logo.png","width":1118,"height":310,"caption":"Tupique"},"image":{"@id":"https:\/\/tupique.com\/#\/schema\/logo\/image\/"}}]}},"jetpack_sharing_enabled":true,"_links":{"self":[{"href":"https:\/\/tupique.com\/en\/wp-json\/wp\/v2\/product\/4382490","targetHints":{"allow":["GET"]}}],"collection":[{"href":"https:\/\/tupique.com\/en\/wp-json\/wp\/v2\/product"}],"about":[{"href":"https:\/\/tupique.com\/en\/wp-json\/wp\/v2\/types\/product"}],"replies":[{"embeddable":true,"href":"https:\/\/tupique.com\/en\/wp-json\/wp\/v2\/comments?post=4382490"}],"wp:featuredmedia":[{"embeddable":true,"href":"https:\/\/tupique.com\/en\/wp-json\/wp\/v2\/media\/4382489"}],"wp:attachment":[{"href":"https:\/\/tupique.com\/en\/wp-json\/wp\/v2\/media?parent=4382490"}],"wp:term":[{"taxonomy":"product_brand","embeddable":true,"href":"https:\/\/tupique.com\/en\/wp-json\/wp\/v2\/product_brand?post=4382490"},{"taxonomy":"product_cat","embeddable":true,"href":"https:\/\/tupique.com\/en\/wp-json\/wp\/v2\/product_cat?post=4382490"},{"taxonomy":"product_tag","embeddable":true,"href":"https:\/\/tupique.com\/en\/wp-json\/wp\/v2\/product_tag?post=4382490"}],"curies":[{"name":"wp","href":"https:\/\/api.w.org\/{rel}","templated":true}]}}