{"id":4382559,"date":"2026-04-08T01:59:25","date_gmt":"2026-04-08T00:59:25","guid":{"rendered":"https:\/\/tupique.com\/produit\/mixeur-melangeur-de-pate-smeg-smf03rdeu-rouge-800-w-48-l\/"},"modified":"2026-04-08T01:59:25","modified_gmt":"2026-04-08T00:59:25","slug":"mixeur-melangeur-de-pate-smeg-smf03rdeu-rouge-800-w-48-l","status":"publish","type":"product","link":"https:\/\/tupique.com\/en\/product\/mixeur-melangeur-de-pate-smeg-smf03rdeu-rouge-800-w-48-l\/","title":{"rendered":"Mixeur\/m\u00e9langeur de p\u00e2te Smeg SMF03RDEU Rouge 800 W 4,8 L"},"content":{"rendered":"<p>If you're looking for appliances for your home at the best prices, don't miss out on <b>Mixeur\/m\u00e9langeur de p\u00e2te Smeg SMF03RDEU Rouge 800 W 4,8 L<\/b> and a wide selection of quality small electrical appliances!<\/p>\n<p>Le <b>robot p\u00e2tissier<\/b> <b>Smeg SMF03RDEU<\/b> en <b>rouge<\/b> est un appareil de cuisine haut de gamme, con\u00e7u pour ceux qui recherchent efficacit\u00e9, capacit\u00e9 et style r\u00e9tro dans un seul produit. Dot\u00e9 d\u2019un puissant <b>moteur de 800 W<\/b>, ce robot permet de travailler des p\u00e2tes de diff\u00e9rentes textures et de pr\u00e9parer facilement des m\u00e9langes l\u00e9gers ou denses, assurant des performances optimales m\u00eame pour les recettes les plus exigeantes. Son g\u00e9n\u00e9reux <b>bol en acier inoxydable de 4,8 litres<\/b> offre suffisamment d\u2019espace pour de grandes quantit\u00e9s de p\u00e2te, id\u00e9al pour la p\u00e2tisserie maison, le pain et autres pr\u00e9parations, tout en \u00e9tant r\u00e9sistant, hygi\u00e9nique et facile \u00e0 nettoyer. Sa structure robuste et sa <b>finition en acier inoxydable<\/b> garantissent non seulement la durabilit\u00e9, mais apportent aussi une touche \u00e9l\u00e9gante et intemporelle qui s\u2019int\u00e8gre parfaitement dans toute cuisine moderne ou classique. Pour plus de s\u00e9curit\u00e9 et de stabilit\u00e9 lors de l\u2019utilisation, il dispose d\u2019une <b>base antid\u00e9rapante<\/b> qui \u00e9vite tout d\u00e9placement accidentel, m\u00eame \u00e0 pleine puissance. Le mod\u00e8le est livr\u00e9 avec des <b>fouets<\/b>, offrant une grande polyvalence pour battre, m\u00e9langer et p\u00e9trir diff\u00e9rents types d\u2019ingr\u00e9dients, s\u2019adaptant \u00e0 diverses techniques culinaires. Gr\u00e2ce \u00e0 son design iconique et sa fiabilit\u00e9, ce robot p\u00e2tissier Smeg devient un \u00e9l\u00e9ment indispensable pour tout amateur de p\u00e2tisserie ou de cuisine cr\u00e9ative, alliant puissance, capacit\u00e9 et le style italien caract\u00e9ristique. Avec cette machine, le travail quotidien en cuisine devient plus efficace et confortable, offrant des r\u00e9sultats homog\u00e8nes et professionnels \u00e0 chaque pr\u00e9paration.<\/p>\n<ul>\n<li>Design: Ann\u00e9es 50<\/li>\n<li>Type: Mixeur\/m\u00e9langeur de p\u00e2te<\/li>\n<li>Features:\n<ul>\n<li>Base antid\u00e9rapante<\/li>\n<li>Verrou de s\u00e9curit\u00e9<\/li>\n<\/ul>\n<\/li>\n<li>puissance: 800 W<\/li>\n<li>Cable length: 1 m<\/li>\n<li>Frequency: 50 - 60 Hz<\/li>\n<li>Includes:\n<ul>\n<li>Tiges de m\u00e9lange<\/li>\n<li>Tiges de p\u00e9trissage<\/li>\n<li>Bol<\/li>\n<\/ul>\n<\/li>\n<li>Vitesse:\n<ul>\n<li>10<\/li>\n<li>10 vitesses<\/li>\n<\/ul>\n<\/li>\n<li>Type de commande: Levier<\/li>\n<li>Capacit\u00e9: 4,8 L<\/li>\n<li>Couleur: Rouge<\/li>\n<li>Plug-in product: Yes<\/li>\n<li>Socket type: EU socket<\/li>\n<li>Mat\u00e9riel: Acier inoxydable<\/li>\n<\/ul>","protected":false},"excerpt":{"rendered":"<p>Si vous recherchez des \u00e9lectrom\u00e9nagers pour votre maison aux meilleurs prix, ne manquez pas Mixeur\/m\u00e9langeur de p\u00e2te Smeg SMF03RDEU Rouge<\/p>","protected":false},"featured_media":4382549,"comment_status":"open","ping_status":"closed","template":"","meta":{"_joinchat":[]},"product_brand":[158221],"product_cat":[157538,157539,158230],"product_tag":[157544,157545],"class_list":{"0":"post-4382559","1":"product","2":"type-product","3":"status-publish","4":"has-post-thumbnail","6":"product_brand-brandp_1072","7":"product_cat-cuisine-gourmet","8":"product_cat-petit-electromenager","9":"product_cat-petrisseurs","10":"product_tag-tag_926","11":"product_tag-tag_930","13":"first","14":"outofstock","15":"taxable","16":"shipping-taxable","17":"purchasable","18":"product-type-simple"},"yoast_head":"<!-- This site is optimized with the Yoast SEO plugin v27.2 - https:\/\/yoast.com\/product\/yoast-seo-wordpress\/ -->\n<title>Mixeur\/m\u00e9langeur de p\u00e2te Smeg SMF03RDEU Rouge 800 W 4,8 L - Tupique<\/title>\n<meta name=\"description\" content=\"Vous cherchez Mixeur\/m\u00e9langeur de p\u00e2te Smeg SMF03RDEU Rouge 800 W 4,8 L ? Achetez des produits chez Tupique. Profitez de la livraison gratuite pour obtenir Mixeur\/m\u00e9langeur de p\u00e2te Smeg SMF03RDEU Rouge 800 W 4,8 L d\u00e8s maintenant.\" \/>\n<meta name=\"robots\" content=\"index, follow, max-snippet:-1, max-image-preview:large, max-video-preview:-1\" \/>\n<link rel=\"canonical\" href=\"https:\/\/tupique.com\/en\/product\/mixeur-melangeur-de-pate-smeg-smf03rdeu-rouge-800-w-48-l\/\" \/>\n<meta property=\"og:locale\" content=\"en_GB\" \/>\n<meta property=\"og:type\" content=\"article\" \/>\n<meta property=\"og:title\" content=\"Mixeur\/m\u00e9langeur de p\u00e2te Smeg SMF03RDEU Rouge 800 W 4,8 L - Tupique\" \/>\n<meta property=\"og:description\" content=\"Vous cherchez Mixeur\/m\u00e9langeur de p\u00e2te Smeg SMF03RDEU Rouge 800 W 4,8 L ? Achetez des produits chez Tupique. Profitez de la livraison gratuite pour obtenir Mixeur\/m\u00e9langeur de p\u00e2te Smeg SMF03RDEU Rouge 800 W 4,8 L d\u00e8s maintenant.\" \/>\n<meta property=\"og:url\" content=\"https:\/\/tupique.com\/en\/product\/mixeur-melangeur-de-pate-smeg-smf03rdeu-rouge-800-w-48-l\/\" \/>\n<meta property=\"og:site_name\" content=\"Tupique\" \/>\n<meta name=\"twitter:card\" content=\"summary_large_image\" \/>\n<meta name=\"twitter:label1\" content=\"Estimated reading time\" \/>\n\t<meta name=\"twitter:data1\" content=\"2 minutes\" \/>\n<script type=\"application\/ld+json\" class=\"yoast-schema-graph\">{\"@context\":\"https:\/\/schema.org\",\"@graph\":[{\"@type\":\"WebPage\",\"@id\":\"https:\/\/tupique.com\/produit\/mixeur-melangeur-de-pate-smeg-smf03rdeu-rouge-800-w-48-l\/\",\"url\":\"https:\/\/tupique.com\/produit\/mixeur-melangeur-de-pate-smeg-smf03rdeu-rouge-800-w-48-l\/\",\"name\":\"Mixeur\/m\u00e9langeur de p\u00e2te Smeg SMF03RDEU Rouge 800 W 4,8 L - Tupique\",\"isPartOf\":{\"@id\":\"https:\/\/tupique.com\/#website\"},\"primaryImageOfPage\":{\"@id\":\"https:\/\/tupique.com\/produit\/mixeur-melangeur-de-pate-smeg-smf03rdeu-rouge-800-w-48-l\/#primaryimage\"},\"image\":{\"@id\":\"https:\/\/tupique.com\/produit\/mixeur-melangeur-de-pate-smeg-smf03rdeu-rouge-800-w-48-l\/#primaryimage\"},\"thumbnailUrl\":\"https:\/\/tupique.com\/wp-content\/uploads\/2026\/04\/8017709269203_R0_WBG3.jpg\",\"datePublished\":\"2026-04-08T00:59:25+00:00\",\"description\":\"Vous cherchez Mixeur\/m\u00e9langeur de p\u00e2te Smeg SMF03RDEU Rouge 800 W 4,8 L ? Achetez des produits chez Tupique. Profitez de la livraison gratuite pour obtenir Mixeur\/m\u00e9langeur de p\u00e2te Smeg SMF03RDEU Rouge 800 W 4,8 L d\u00e8s maintenant.\",\"breadcrumb\":{\"@id\":\"https:\/\/tupique.com\/produit\/mixeur-melangeur-de-pate-smeg-smf03rdeu-rouge-800-w-48-l\/#breadcrumb\"},\"inLanguage\":\"en-GB\",\"potentialAction\":[{\"@type\":\"ReadAction\",\"target\":[\"https:\/\/tupique.com\/produit\/mixeur-melangeur-de-pate-smeg-smf03rdeu-rouge-800-w-48-l\/\"]}]},{\"@type\":\"ImageObject\",\"inLanguage\":\"en-GB\",\"@id\":\"https:\/\/tupique.com\/produit\/mixeur-melangeur-de-pate-smeg-smf03rdeu-rouge-800-w-48-l\/#primaryimage\",\"url\":\"https:\/\/tupique.com\/wp-content\/uploads\/2026\/04\/8017709269203_R0_WBG3.jpg\",\"contentUrl\":\"https:\/\/tupique.com\/wp-content\/uploads\/2026\/04\/8017709269203_R0_WBG3.jpg\",\"width\":1200,\"height\":1200,\"caption\":\"S8101090_0\"},{\"@type\":\"BreadcrumbList\",\"@id\":\"https:\/\/tupique.com\/produit\/mixeur-melangeur-de-pate-smeg-smf03rdeu-rouge-800-w-48-l\/#breadcrumb\",\"itemListElement\":[{\"@type\":\"ListItem\",\"position\":1,\"name\":\"In\u00edcio\",\"item\":\"https:\/\/tupique.com\/\"},{\"@type\":\"ListItem\",\"position\":2,\"name\":\"Boutique\",\"item\":\"https:\/\/tupique.com\/en\/boutique\/\"},{\"@type\":\"ListItem\",\"position\":3,\"name\":\"Mixeur\/m\u00e9langeur de p\u00e2te Smeg SMF03RDEU Rouge 800 W 4,8 L\"}]},{\"@type\":\"WebSite\",\"@id\":\"https:\/\/tupique.com\/#website\",\"url\":\"https:\/\/tupique.com\/\",\"name\":\"Tupique\",\"description\":\"Marketplace\",\"publisher\":{\"@id\":\"https:\/\/tupique.com\/#organization\"},\"potentialAction\":[{\"@type\":\"SearchAction\",\"target\":{\"@type\":\"EntryPoint\",\"urlTemplate\":\"https:\/\/tupique.com\/?s={search_term_string}\"},\"query-input\":{\"@type\":\"PropertyValueSpecification\",\"valueRequired\":true,\"valueName\":\"search_term_string\"}}],\"inLanguage\":\"en-GB\"},{\"@type\":\"Organization\",\"@id\":\"https:\/\/tupique.com\/#organization\",\"name\":\"Tupique\",\"url\":\"https:\/\/tupique.com\/\",\"logo\":{\"@type\":\"ImageObject\",\"inLanguage\":\"en-GB\",\"@id\":\"https:\/\/tupique.com\/#\/schema\/logo\/image\/\",\"url\":\"https:\/\/tupique.com\/wp-content\/uploads\/2024\/09\/logo.png\",\"contentUrl\":\"https:\/\/tupique.com\/wp-content\/uploads\/2024\/09\/logo.png\",\"width\":1118,\"height\":310,\"caption\":\"Tupique\"},\"image\":{\"@id\":\"https:\/\/tupique.com\/#\/schema\/logo\/image\/\"}}]}<\/script>\n<!-- \/ Yoast SEO plugin. -->","yoast_head_json":{"title":"Mixeur\/m\u00e9langeur de p\u00e2te Smeg SMF03RDEU Rouge 800 W 4,8 L - Tupique","description":"Vous cherchez Mixeur\/m\u00e9langeur de p\u00e2te Smeg SMF03RDEU Rouge 800 W 4,8 L ? Achetez des produits chez Tupique. Profitez de la livraison gratuite pour obtenir Mixeur\/m\u00e9langeur de p\u00e2te Smeg SMF03RDEU Rouge 800 W 4,8 L d\u00e8s maintenant.","robots":{"index":"index","follow":"follow","max-snippet":"max-snippet:-1","max-image-preview":"max-image-preview:large","max-video-preview":"max-video-preview:-1"},"canonical":"https:\/\/tupique.com\/en\/product\/mixeur-melangeur-de-pate-smeg-smf03rdeu-rouge-800-w-48-l\/","og_locale":"en_GB","og_type":"article","og_title":"Mixeur\/m\u00e9langeur de p\u00e2te Smeg SMF03RDEU Rouge 800 W 4,8 L - Tupique","og_description":"Vous cherchez Mixeur\/m\u00e9langeur de p\u00e2te Smeg SMF03RDEU Rouge 800 W 4,8 L ? Achetez des produits chez Tupique. Profitez de la livraison gratuite pour obtenir Mixeur\/m\u00e9langeur de p\u00e2te Smeg SMF03RDEU Rouge 800 W 4,8 L d\u00e8s maintenant.","og_url":"https:\/\/tupique.com\/en\/product\/mixeur-melangeur-de-pate-smeg-smf03rdeu-rouge-800-w-48-l\/","og_site_name":"Tupique","twitter_card":"summary_large_image","twitter_misc":{"Estimated reading time":"2 minutes"},"schema":{"@context":"https:\/\/schema.org","@graph":[{"@type":"WebPage","@id":"https:\/\/tupique.com\/produit\/mixeur-melangeur-de-pate-smeg-smf03rdeu-rouge-800-w-48-l\/","url":"https:\/\/tupique.com\/produit\/mixeur-melangeur-de-pate-smeg-smf03rdeu-rouge-800-w-48-l\/","name":"Mixeur\/m\u00e9langeur de p\u00e2te Smeg SMF03RDEU Rouge 800 W 4,8 L - Tupique","isPartOf":{"@id":"https:\/\/tupique.com\/#website"},"primaryImageOfPage":{"@id":"https:\/\/tupique.com\/produit\/mixeur-melangeur-de-pate-smeg-smf03rdeu-rouge-800-w-48-l\/#primaryimage"},"image":{"@id":"https:\/\/tupique.com\/produit\/mixeur-melangeur-de-pate-smeg-smf03rdeu-rouge-800-w-48-l\/#primaryimage"},"thumbnailUrl":"https:\/\/tupique.com\/wp-content\/uploads\/2026\/04\/8017709269203_R0_WBG3.jpg","datePublished":"2026-04-08T00:59:25+00:00","description":"Vous cherchez Mixeur\/m\u00e9langeur de p\u00e2te Smeg SMF03RDEU Rouge 800 W 4,8 L ? Achetez des produits chez Tupique. Profitez de la livraison gratuite pour obtenir Mixeur\/m\u00e9langeur de p\u00e2te Smeg SMF03RDEU Rouge 800 W 4,8 L d\u00e8s maintenant.","breadcrumb":{"@id":"https:\/\/tupique.com\/produit\/mixeur-melangeur-de-pate-smeg-smf03rdeu-rouge-800-w-48-l\/#breadcrumb"},"inLanguage":"en-GB","potentialAction":[{"@type":"ReadAction","target":["https:\/\/tupique.com\/produit\/mixeur-melangeur-de-pate-smeg-smf03rdeu-rouge-800-w-48-l\/"]}]},{"@type":"ImageObject","inLanguage":"en-GB","@id":"https:\/\/tupique.com\/produit\/mixeur-melangeur-de-pate-smeg-smf03rdeu-rouge-800-w-48-l\/#primaryimage","url":"https:\/\/tupique.com\/wp-content\/uploads\/2026\/04\/8017709269203_R0_WBG3.jpg","contentUrl":"https:\/\/tupique.com\/wp-content\/uploads\/2026\/04\/8017709269203_R0_WBG3.jpg","width":1200,"height":1200,"caption":"S8101090_0"},{"@type":"BreadcrumbList","@id":"https:\/\/tupique.com\/produit\/mixeur-melangeur-de-pate-smeg-smf03rdeu-rouge-800-w-48-l\/#breadcrumb","itemListElement":[{"@type":"ListItem","position":1,"name":"In\u00edcio","item":"https:\/\/tupique.com\/"},{"@type":"ListItem","position":2,"name":"Boutique","item":"https:\/\/tupique.com\/en\/boutique\/"},{"@type":"ListItem","position":3,"name":"Mixeur\/m\u00e9langeur de p\u00e2te Smeg SMF03RDEU Rouge 800 W 4,8 L"}]},{"@type":"WebSite","@id":"https:\/\/tupique.com\/#website","url":"https:\/\/tupique.com\/","name":"Tupique","description":"Marketplace","publisher":{"@id":"https:\/\/tupique.com\/#organization"},"potentialAction":[{"@type":"SearchAction","target":{"@type":"EntryPoint","urlTemplate":"https:\/\/tupique.com\/?s={search_term_string}"},"query-input":{"@type":"PropertyValueSpecification","valueRequired":true,"valueName":"search_term_string"}}],"inLanguage":"en-GB"},{"@type":"Organization","@id":"https:\/\/tupique.com\/#organization","name":"Tupique","url":"https:\/\/tupique.com\/","logo":{"@type":"ImageObject","inLanguage":"en-GB","@id":"https:\/\/tupique.com\/#\/schema\/logo\/image\/","url":"https:\/\/tupique.com\/wp-content\/uploads\/2024\/09\/logo.png","contentUrl":"https:\/\/tupique.com\/wp-content\/uploads\/2024\/09\/logo.png","width":1118,"height":310,"caption":"Tupique"},"image":{"@id":"https:\/\/tupique.com\/#\/schema\/logo\/image\/"}}]}},"jetpack_sharing_enabled":true,"_links":{"self":[{"href":"https:\/\/tupique.com\/en\/wp-json\/wp\/v2\/product\/4382559","targetHints":{"allow":["GET"]}}],"collection":[{"href":"https:\/\/tupique.com\/en\/wp-json\/wp\/v2\/product"}],"about":[{"href":"https:\/\/tupique.com\/en\/wp-json\/wp\/v2\/types\/product"}],"replies":[{"embeddable":true,"href":"https:\/\/tupique.com\/en\/wp-json\/wp\/v2\/comments?post=4382559"}],"wp:featuredmedia":[{"embeddable":true,"href":"https:\/\/tupique.com\/en\/wp-json\/wp\/v2\/media\/4382549"}],"wp:attachment":[{"href":"https:\/\/tupique.com\/en\/wp-json\/wp\/v2\/media?parent=4382559"}],"wp:term":[{"taxonomy":"product_brand","embeddable":true,"href":"https:\/\/tupique.com\/en\/wp-json\/wp\/v2\/product_brand?post=4382559"},{"taxonomy":"product_cat","embeddable":true,"href":"https:\/\/tupique.com\/en\/wp-json\/wp\/v2\/product_cat?post=4382559"},{"taxonomy":"product_tag","embeddable":true,"href":"https:\/\/tupique.com\/en\/wp-json\/wp\/v2\/product_tag?post=4382559"}],"curies":[{"name":"wp","href":"https:\/\/api.w.org\/{rel}","templated":true}]}}