{"id":4382567,"date":"2026-04-08T01:59:35","date_gmt":"2026-04-08T00:59:35","guid":{"rendered":"https:\/\/tupique.com\/produit\/jouet-educatif-clementoni-education\/"},"modified":"2026-04-08T01:59:35","modified_gmt":"2026-04-08T00:59:35","slug":"jouet-educatif-clementoni-education","status":"publish","type":"product","link":"https:\/\/tupique.com\/en\/product\/jouet-educatif-clementoni-education\/","title":{"rendered":"Jouet Educatif Clementoni Education"},"content":{"rendered":"<p>Children deserve the best, so we're bringing you <b>Jouet Educatif Clementoni Education<\/b>, ideal for those looking for quality products for the little ones! Get <b>Clementoni<\/b> and many other brands and licences at the best prices!<\/p>\n<p>Le <b>Jeu \u00c9ducatif \u00c9ducation<\/b> from <b>Clementoni<\/b> est une ressource p\u00e9dagogique con\u00e7ue pour stimuler l\u2019apprentissage et le d\u00e9veloppement des connaissances chez les enfants \u00e0 partir de <b>7 ans<\/b>. Ce jeu comprend plus de <b>1000 questionnaires<\/b>, permettant de jouer seul ou en duo, favorisant ainsi l\u2019\u00e9tude autonome, l\u2019interaction sociale et le travail en \u00e9quipe. Fabriqu\u00e9 en <b>plastique gris<\/b>, il garantit durabilit\u00e9 et facilit\u00e9 de manipulation pour les enfants, adapt\u00e9 \u00e0 un usage fr\u00e9quent. Il dispose d\u2019un innovant <b>stylo \u00e9lectronique parlant<\/b> qui facilite la dynamique du jeu gr\u00e2ce \u00e0 des r\u00e9ponses imm\u00e9diates et une participation active, con\u00e7u pour les utilisateurs ma\u00eetrisant le <b>fran\u00e7ais<\/b>, ajoutant une valeur linguistique et culturelle \u00e0 l\u2019apprentissage. Ce produit allie divertissement et outil p\u00e9dagogique efficace, id\u00e9al pour d\u00e9velopper les capacit\u00e9s cognitives et \u00e9largir les connaissances g\u00e9n\u00e9rales dans un cadre ludique et accessible. La qualit\u00e9 reconnue de la marque Clementoni assure une exp\u00e9rience \u00e9ducative compl\u00e8te et s\u00fbre, pens\u00e9e pour encourager la curiosit\u00e9 et la ma\u00eetrise de diff\u00e9rentes th\u00e9matiques chez les enfants en \u00e2ge scolaire. Un jeu qui int\u00e8gre technologie simple et \u00e9ducation pratique pour un apprentissage dynamique et agr\u00e9able.<\/p>\n<ul>\n<li>Langue: Fran\u00e7ais<\/li>\n<li>Material: Plastic<\/li>\n<li>Piles incluses: Oui<\/li>\n<li>\u00c2ge recommand\u00e9: + 7 Ans<\/li>\n<\/ul>","protected":false},"excerpt":{"rendered":"<p>Les enfants m\u00e9ritent ce qu\u2019il y a de mieux, nous vous pr\u00e9sentons donc Jouet Educatif Clementoni Education, id\u00e9al pour ceux<\/p>","protected":false},"featured_media":4382566,"comment_status":"open","ping_status":"closed","template":"","meta":{"_joinchat":[]},"product_brand":[158234],"product_cat":[158229,157660,157912],"product_tag":[157622,157546],"class_list":{"0":"post-4382567","1":"product","2":"type-product","3":"status-publish","4":"has-post-thumbnail","6":"product_brand-brandp_1887","7":"product_cat-jeux-educatifs","8":"product_cat-jouets-deguisements","9":"product_cat-jouets-et-jeux","10":"product_tag-tag_1275","11":"product_tag-tag_1304","13":"first","14":"instock","15":"taxable","16":"shipping-taxable","17":"purchasable","18":"product-type-simple"},"yoast_head":"<!-- This site is optimized with the Yoast SEO plugin v27.2 - https:\/\/yoast.com\/product\/yoast-seo-wordpress\/ -->\n<title>Jouet Educatif Clementoni Education - Tupique<\/title>\n<meta name=\"description\" content=\"Vous cherchez Jouet Educatif Clementoni Education ? Achetez des produits chez Tupique. Profitez de la livraison gratuite pour obtenir Jouet Educatif Clementoni Education d\u00e8s maintenant.\" \/>\n<meta name=\"robots\" content=\"index, follow, max-snippet:-1, max-image-preview:large, max-video-preview:-1\" \/>\n<link rel=\"canonical\" href=\"https:\/\/tupique.com\/en\/product\/jouet-educatif-clementoni-education\/\" \/>\n<meta property=\"og:locale\" content=\"en_GB\" \/>\n<meta property=\"og:type\" content=\"article\" \/>\n<meta property=\"og:title\" content=\"Jouet Educatif Clementoni Education - Tupique\" \/>\n<meta property=\"og:description\" content=\"Vous cherchez Jouet Educatif Clementoni Education ? Achetez des produits chez Tupique. Profitez de la livraison gratuite pour obtenir Jouet Educatif Clementoni Education d\u00e8s maintenant.\" \/>\n<meta property=\"og:url\" content=\"https:\/\/tupique.com\/en\/product\/jouet-educatif-clementoni-education\/\" \/>\n<meta property=\"og:site_name\" content=\"Tupique\" \/>\n<meta name=\"twitter:card\" content=\"summary_large_image\" \/>\n<meta name=\"twitter:label1\" content=\"Estimated reading time\" \/>\n\t<meta name=\"twitter:data1\" content=\"1 minute\" \/>\n<script type=\"application\/ld+json\" class=\"yoast-schema-graph\">{\"@context\":\"https:\/\/schema.org\",\"@graph\":[{\"@type\":\"WebPage\",\"@id\":\"https:\/\/tupique.com\/produit\/jouet-educatif-clementoni-education\/\",\"url\":\"https:\/\/tupique.com\/produit\/jouet-educatif-clementoni-education\/\",\"name\":\"Jouet Educatif Clementoni Education - Tupique\",\"isPartOf\":{\"@id\":\"https:\/\/tupique.com\/#website\"},\"primaryImageOfPage\":{\"@id\":\"https:\/\/tupique.com\/produit\/jouet-educatif-clementoni-education\/#primaryimage\"},\"image\":{\"@id\":\"https:\/\/tupique.com\/produit\/jouet-educatif-clementoni-education\/#primaryimage\"},\"thumbnailUrl\":\"https:\/\/tupique.com\/wp-content\/uploads\/2026\/04\/8005125528059_S71007947_P00.jpg\",\"datePublished\":\"2026-04-08T00:59:35+00:00\",\"description\":\"Vous cherchez Jouet Educatif Clementoni Education ? Achetez des produits chez Tupique. Profitez de la livraison gratuite pour obtenir Jouet Educatif Clementoni Education d\u00e8s maintenant.\",\"breadcrumb\":{\"@id\":\"https:\/\/tupique.com\/produit\/jouet-educatif-clementoni-education\/#breadcrumb\"},\"inLanguage\":\"en-GB\",\"potentialAction\":[{\"@type\":\"ReadAction\",\"target\":[\"https:\/\/tupique.com\/produit\/jouet-educatif-clementoni-education\/\"]}]},{\"@type\":\"ImageObject\",\"inLanguage\":\"en-GB\",\"@id\":\"https:\/\/tupique.com\/produit\/jouet-educatif-clementoni-education\/#primaryimage\",\"url\":\"https:\/\/tupique.com\/wp-content\/uploads\/2026\/04\/8005125528059_S71007947_P00.jpg\",\"contentUrl\":\"https:\/\/tupique.com\/wp-content\/uploads\/2026\/04\/8005125528059_S71007947_P00.jpg\",\"width\":1200,\"height\":1200,\"caption\":\"S71007947_0\"},{\"@type\":\"BreadcrumbList\",\"@id\":\"https:\/\/tupique.com\/produit\/jouet-educatif-clementoni-education\/#breadcrumb\",\"itemListElement\":[{\"@type\":\"ListItem\",\"position\":1,\"name\":\"In\u00edcio\",\"item\":\"https:\/\/tupique.com\/\"},{\"@type\":\"ListItem\",\"position\":2,\"name\":\"Boutique\",\"item\":\"https:\/\/tupique.com\/en\/boutique\/\"},{\"@type\":\"ListItem\",\"position\":3,\"name\":\"Jouet Educatif Clementoni Education\"}]},{\"@type\":\"WebSite\",\"@id\":\"https:\/\/tupique.com\/#website\",\"url\":\"https:\/\/tupique.com\/\",\"name\":\"Tupique\",\"description\":\"Marketplace\",\"publisher\":{\"@id\":\"https:\/\/tupique.com\/#organization\"},\"potentialAction\":[{\"@type\":\"SearchAction\",\"target\":{\"@type\":\"EntryPoint\",\"urlTemplate\":\"https:\/\/tupique.com\/?s={search_term_string}\"},\"query-input\":{\"@type\":\"PropertyValueSpecification\",\"valueRequired\":true,\"valueName\":\"search_term_string\"}}],\"inLanguage\":\"en-GB\"},{\"@type\":\"Organization\",\"@id\":\"https:\/\/tupique.com\/#organization\",\"name\":\"Tupique\",\"url\":\"https:\/\/tupique.com\/\",\"logo\":{\"@type\":\"ImageObject\",\"inLanguage\":\"en-GB\",\"@id\":\"https:\/\/tupique.com\/#\/schema\/logo\/image\/\",\"url\":\"https:\/\/tupique.com\/wp-content\/uploads\/2024\/09\/logo.png\",\"contentUrl\":\"https:\/\/tupique.com\/wp-content\/uploads\/2024\/09\/logo.png\",\"width\":1118,\"height\":310,\"caption\":\"Tupique\"},\"image\":{\"@id\":\"https:\/\/tupique.com\/#\/schema\/logo\/image\/\"}}]}<\/script>\n<!-- \/ Yoast SEO plugin. -->","yoast_head_json":{"title":"Jouet Educatif Clementoni Education - Tupique","description":"Vous cherchez Jouet Educatif Clementoni Education ? Achetez des produits chez Tupique. Profitez de la livraison gratuite pour obtenir Jouet Educatif Clementoni Education d\u00e8s maintenant.","robots":{"index":"index","follow":"follow","max-snippet":"max-snippet:-1","max-image-preview":"max-image-preview:large","max-video-preview":"max-video-preview:-1"},"canonical":"https:\/\/tupique.com\/en\/product\/jouet-educatif-clementoni-education\/","og_locale":"en_GB","og_type":"article","og_title":"Jouet Educatif Clementoni Education - Tupique","og_description":"Vous cherchez Jouet Educatif Clementoni Education ? Achetez des produits chez Tupique. Profitez de la livraison gratuite pour obtenir Jouet Educatif Clementoni Education d\u00e8s maintenant.","og_url":"https:\/\/tupique.com\/en\/product\/jouet-educatif-clementoni-education\/","og_site_name":"Tupique","twitter_card":"summary_large_image","twitter_misc":{"Estimated reading time":"1 minute"},"schema":{"@context":"https:\/\/schema.org","@graph":[{"@type":"WebPage","@id":"https:\/\/tupique.com\/produit\/jouet-educatif-clementoni-education\/","url":"https:\/\/tupique.com\/produit\/jouet-educatif-clementoni-education\/","name":"Jouet Educatif Clementoni Education - Tupique","isPartOf":{"@id":"https:\/\/tupique.com\/#website"},"primaryImageOfPage":{"@id":"https:\/\/tupique.com\/produit\/jouet-educatif-clementoni-education\/#primaryimage"},"image":{"@id":"https:\/\/tupique.com\/produit\/jouet-educatif-clementoni-education\/#primaryimage"},"thumbnailUrl":"https:\/\/tupique.com\/wp-content\/uploads\/2026\/04\/8005125528059_S71007947_P00.jpg","datePublished":"2026-04-08T00:59:35+00:00","description":"Vous cherchez Jouet Educatif Clementoni Education ? Achetez des produits chez Tupique. Profitez de la livraison gratuite pour obtenir Jouet Educatif Clementoni Education d\u00e8s maintenant.","breadcrumb":{"@id":"https:\/\/tupique.com\/produit\/jouet-educatif-clementoni-education\/#breadcrumb"},"inLanguage":"en-GB","potentialAction":[{"@type":"ReadAction","target":["https:\/\/tupique.com\/produit\/jouet-educatif-clementoni-education\/"]}]},{"@type":"ImageObject","inLanguage":"en-GB","@id":"https:\/\/tupique.com\/produit\/jouet-educatif-clementoni-education\/#primaryimage","url":"https:\/\/tupique.com\/wp-content\/uploads\/2026\/04\/8005125528059_S71007947_P00.jpg","contentUrl":"https:\/\/tupique.com\/wp-content\/uploads\/2026\/04\/8005125528059_S71007947_P00.jpg","width":1200,"height":1200,"caption":"S71007947_0"},{"@type":"BreadcrumbList","@id":"https:\/\/tupique.com\/produit\/jouet-educatif-clementoni-education\/#breadcrumb","itemListElement":[{"@type":"ListItem","position":1,"name":"In\u00edcio","item":"https:\/\/tupique.com\/"},{"@type":"ListItem","position":2,"name":"Boutique","item":"https:\/\/tupique.com\/en\/boutique\/"},{"@type":"ListItem","position":3,"name":"Jouet Educatif Clementoni Education"}]},{"@type":"WebSite","@id":"https:\/\/tupique.com\/#website","url":"https:\/\/tupique.com\/","name":"Tupique","description":"Marketplace","publisher":{"@id":"https:\/\/tupique.com\/#organization"},"potentialAction":[{"@type":"SearchAction","target":{"@type":"EntryPoint","urlTemplate":"https:\/\/tupique.com\/?s={search_term_string}"},"query-input":{"@type":"PropertyValueSpecification","valueRequired":true,"valueName":"search_term_string"}}],"inLanguage":"en-GB"},{"@type":"Organization","@id":"https:\/\/tupique.com\/#organization","name":"Tupique","url":"https:\/\/tupique.com\/","logo":{"@type":"ImageObject","inLanguage":"en-GB","@id":"https:\/\/tupique.com\/#\/schema\/logo\/image\/","url":"https:\/\/tupique.com\/wp-content\/uploads\/2024\/09\/logo.png","contentUrl":"https:\/\/tupique.com\/wp-content\/uploads\/2024\/09\/logo.png","width":1118,"height":310,"caption":"Tupique"},"image":{"@id":"https:\/\/tupique.com\/#\/schema\/logo\/image\/"}}]}},"jetpack_sharing_enabled":true,"_links":{"self":[{"href":"https:\/\/tupique.com\/en\/wp-json\/wp\/v2\/product\/4382567","targetHints":{"allow":["GET"]}}],"collection":[{"href":"https:\/\/tupique.com\/en\/wp-json\/wp\/v2\/product"}],"about":[{"href":"https:\/\/tupique.com\/en\/wp-json\/wp\/v2\/types\/product"}],"replies":[{"embeddable":true,"href":"https:\/\/tupique.com\/en\/wp-json\/wp\/v2\/comments?post=4382567"}],"wp:featuredmedia":[{"embeddable":true,"href":"https:\/\/tupique.com\/en\/wp-json\/wp\/v2\/media\/4382566"}],"wp:attachment":[{"href":"https:\/\/tupique.com\/en\/wp-json\/wp\/v2\/media?parent=4382567"}],"wp:term":[{"taxonomy":"product_brand","embeddable":true,"href":"https:\/\/tupique.com\/en\/wp-json\/wp\/v2\/product_brand?post=4382567"},{"taxonomy":"product_cat","embeddable":true,"href":"https:\/\/tupique.com\/en\/wp-json\/wp\/v2\/product_cat?post=4382567"},{"taxonomy":"product_tag","embeddable":true,"href":"https:\/\/tupique.com\/en\/wp-json\/wp\/v2\/product_tag?post=4382567"}],"curies":[{"name":"wp","href":"https:\/\/api.w.org\/{rel}","templated":true}]}}