{"id":4382662,"date":"2026-04-08T02:55:30","date_gmt":"2026-04-08T01:55:30","guid":{"rendered":"https:\/\/tupique.com\/produit\/scanner-epson-b11b265401\/"},"modified":"2026-04-08T02:55:30","modified_gmt":"2026-04-08T01:55:30","slug":"scanner-epson-b11b265401","status":"publish","type":"product","link":"https:\/\/tupique.com\/en\/product\/scanner-epson-b11b265401\/","title":{"rendered":"Scanner Epson B11B265401"},"content":{"rendered":"<p>If you are passionate about\u2019<b>computer science and electronics<\/b>, If you're at the cutting edge of technology and don't want to miss a thing, buy <b>Scanner Epson B11B265401<\/b> at the best price.<\/p>\n<p>Le <b>WorkForce DS-790WN<\/b> d\u2019Epson est un <b>scanner<\/b> professionnel con\u00e7u pour les environnements d\u2019entreprise exigeant une gestion efficace des documents avec un haut niveau de s\u00e9curit\u00e9 et de polyvalence. Son design <b>black and white<\/b> offre une esth\u00e9tique moderne et s\u2019adapte \u00e0 tout bureau, tandis que la capacit\u00e9 robuste de num\u00e9risation \u00e0 alimentation feuille \u00e0 feuille permet de traiter de gros volumes avec un <b>cycle quotidien allant jusqu\u2019\u00e0 7 000 pages<\/b>. Ce mod\u00e8le prend en charge les originaux au <b>format A4<\/b> et est compatible avec d\u2019autres formats tels que A5, A6, A8, enveloppes et cartes de visite, offrant ainsi une grande flexibilit\u00e9 pour diverses t\u00e2ches administratives. L\u2019<b>\u00e9cran tactile LCD couleur de 10,9 cm<\/b> permet de g\u00e9rer intuitivement les op\u00e9rations et destinations de num\u00e9risation, facilitant l\u2019acc\u00e8s direct aux dossiers r\u00e9seau, serveurs FTP, e-mails, cl\u00e9s USB et services cloud sans PC, gr\u00e2ce \u00e0 la fonction ScanWay. La connectivit\u00e9 avanc\u00e9e inclut <b>USB 3.0, Ethernet LAN<\/b> et la compatibilit\u00e9 avec les r\u00e9seaux sans fil, permettant l\u2019int\u00e9gration avec Windows, Mac OS, iOS, Android, Chromebook et Citrix, ainsi que la num\u00e9risation depuis des appareils mobiles via l\u2019application Epson Smart Panel. Pour garantir la s\u00e9curit\u00e9 des donn\u00e9es, il propose des options d\u2019authentification avanc\u00e9e par identifiants, code PIN ou cartes d\u2019identification (lecteur non inclus), g\u00e9rables avec Epson WebConfig et Document Capture Pro Server. Ses capteurs intelligents pr\u00e9viennent les bourrages, doubles alimentations et salissures sur la vitre, pr\u00e9servant l\u2019int\u00e9grit\u00e9 et la qualit\u00e9 de jusqu\u2019\u00e0 <b>100 feuilles dans le chargeur automatique<\/b>. Avec une <b>r\u00e9solution optique de 600 x 600 dpi<\/b> et une profondeur de couleur d\u2019entr\u00e9e de 30 bits, le WorkForce DS-790WN garantit des num\u00e9risations pr\u00e9cises pour les documents standards comme pour les supports sp\u00e9ciaux, se positionnant comme une solution compl\u00e8te et fiable pour la num\u00e9risation avanc\u00e9e dans les environnements \u00e0 fortes exigences de s\u00e9curit\u00e9 et de productivit\u00e9.<\/p>\n<ul>\n<li>Type: Scanner<\/li>\n<li>Technologie: LCD<\/li>\n<li>Plug-in product: Yes<\/li>\n<li>Socket type: EU socket<\/li>\n<li>Connections:\n<ul>\n<li>Ethernet LAN<\/li>\n<li>USB<\/li>\n<li>USB 2.0 x 2<\/li>\n<\/ul>\n<\/li>\n<li>Bloc d\u2019Alimentation: r\u00e9seau \u00e9lectrique<\/li>\n<li>Colour:\n<ul>\n<li>White<\/li>\n<li>Black<\/li>\n<\/ul>\n<\/li>\n<li>Taille: A4<\/li>\n<li>Features:\n<ul>\n<li>Touch screen<\/li>\n<li>Integrated screen<\/li>\n<li>Colour screen<\/li>\n<li>LCD screen<\/li>\n<li>Installation guide included<\/li>\n<li>Double-sided scanner<\/li>\n<li>Tactile<\/li>\n<\/ul>\n<\/li>\n<li>R\u00e9solution d&#8217;image maximale: 600 x 600 dpi<\/li>\n<li>Ecran:\n<ul>\n<li>4,3&#8221;<\/li>\n<li>4,3&#8243;<\/li>\n<\/ul>\n<\/li>\n<li>AC input voltage: 100 - 240 V<\/li>\n<li>Voltage: 240 V<\/li>\n<li>Papier: A4<\/li>\n<li>Syst\u00e8me d&#8217;exploitation: Windows 10 Pro<\/li>\n<li>AC input frequency: 50-60 Hz<\/li>\n<li>Ann\u00e9e: 2021<\/li>\n<li>Capacit\u00e9: 2 GB<\/li>\n<\/ul>","protected":false},"excerpt":{"rendered":"<p>Si vous \u00eates passionn\u00e9 d&#8217;informatique et d&#8217;\u00e9lectronique, si vous \u00eates \u00e0 la pointe de la technologie et qu&#8217;aucun d\u00e9tail ne<\/p>","protected":false},"featured_media":4382659,"comment_status":"open","ping_status":"closed","template":"","meta":{"_joinchat":[]},"product_brand":[157910],"product_cat":[157516,157517,158047],"product_tag":[157514,157515],"class_list":{"0":"post-4382662","1":"product","2":"type-product","3":"status-publish","4":"has-post-thumbnail","6":"product_brand-brandp_547","7":"product_cat-informatique-electronique","8":"product_cat-informatique-peripheriques-et-consommables","9":"product_cat-scanners","10":"product_tag-tag_933","11":"product_tag-tag_1295","13":"first","14":"instock","15":"taxable","16":"shipping-taxable","17":"purchasable","18":"product-type-simple"},"yoast_head":"<!-- This site is optimized with the Yoast SEO plugin v27.2 - https:\/\/yoast.com\/product\/yoast-seo-wordpress\/ -->\n<title>Scanner Epson B11B265401 - Tupique<\/title>\n<meta name=\"description\" content=\"Vous cherchez Scanner Epson B11B265401 ? Achetez des produits chez Tupique. Profitez de la livraison gratuite pour obtenir Scanner Epson B11B265401 d\u00e8s maintenant.\" \/>\n<meta name=\"robots\" content=\"index, follow, max-snippet:-1, max-image-preview:large, max-video-preview:-1\" \/>\n<link rel=\"canonical\" href=\"https:\/\/tupique.com\/en\/product\/scanner-epson-b11b265401\/\" \/>\n<meta property=\"og:locale\" content=\"en_GB\" \/>\n<meta property=\"og:type\" content=\"article\" \/>\n<meta property=\"og:title\" content=\"Scanner Epson B11B265401 - Tupique\" \/>\n<meta property=\"og:description\" content=\"Vous cherchez Scanner Epson B11B265401 ? Achetez des produits chez Tupique. Profitez de la livraison gratuite pour obtenir Scanner Epson B11B265401 d\u00e8s maintenant.\" \/>\n<meta property=\"og:url\" content=\"https:\/\/tupique.com\/en\/product\/scanner-epson-b11b265401\/\" \/>\n<meta property=\"og:site_name\" content=\"Tupique\" \/>\n<meta name=\"twitter:card\" content=\"summary_large_image\" \/>\n<meta name=\"twitter:label1\" content=\"Estimated reading time\" \/>\n\t<meta name=\"twitter:data1\" content=\"2 minutes\" \/>\n<script type=\"application\/ld+json\" class=\"yoast-schema-graph\">{\"@context\":\"https:\/\/schema.org\",\"@graph\":[{\"@type\":\"WebPage\",\"@id\":\"https:\/\/tupique.com\/produit\/scanner-epson-b11b265401\/\",\"url\":\"https:\/\/tupique.com\/produit\/scanner-epson-b11b265401\/\",\"name\":\"Scanner Epson B11B265401 - Tupique\",\"isPartOf\":{\"@id\":\"https:\/\/tupique.com\/#website\"},\"primaryImageOfPage\":{\"@id\":\"https:\/\/tupique.com\/produit\/scanner-epson-b11b265401\/#primaryimage\"},\"image\":{\"@id\":\"https:\/\/tupique.com\/produit\/scanner-epson-b11b265401\/#primaryimage\"},\"thumbnailUrl\":\"https:\/\/tupique.com\/wp-content\/uploads\/2026\/04\/606283702-1.jpg\",\"datePublished\":\"2026-04-08T01:55:30+00:00\",\"description\":\"Vous cherchez Scanner Epson B11B265401 ? Achetez des produits chez Tupique. Profitez de la livraison gratuite pour obtenir Scanner Epson B11B265401 d\u00e8s maintenant.\",\"breadcrumb\":{\"@id\":\"https:\/\/tupique.com\/produit\/scanner-epson-b11b265401\/#breadcrumb\"},\"inLanguage\":\"en-GB\",\"potentialAction\":[{\"@type\":\"ReadAction\",\"target\":[\"https:\/\/tupique.com\/produit\/scanner-epson-b11b265401\/\"]}]},{\"@type\":\"ImageObject\",\"inLanguage\":\"en-GB\",\"@id\":\"https:\/\/tupique.com\/produit\/scanner-epson-b11b265401\/#primaryimage\",\"url\":\"https:\/\/tupique.com\/wp-content\/uploads\/2026\/04\/606283702-1.jpg\",\"contentUrl\":\"https:\/\/tupique.com\/wp-content\/uploads\/2026\/04\/606283702-1.jpg\",\"width\":1200,\"height\":1200,\"caption\":\"S55144025_0\"},{\"@type\":\"BreadcrumbList\",\"@id\":\"https:\/\/tupique.com\/produit\/scanner-epson-b11b265401\/#breadcrumb\",\"itemListElement\":[{\"@type\":\"ListItem\",\"position\":1,\"name\":\"In\u00edcio\",\"item\":\"https:\/\/tupique.com\/\"},{\"@type\":\"ListItem\",\"position\":2,\"name\":\"Boutique\",\"item\":\"https:\/\/tupique.com\/en\/boutique\/\"},{\"@type\":\"ListItem\",\"position\":3,\"name\":\"Scanner Epson B11B265401\"}]},{\"@type\":\"WebSite\",\"@id\":\"https:\/\/tupique.com\/#website\",\"url\":\"https:\/\/tupique.com\/\",\"name\":\"Tupique\",\"description\":\"Marketplace\",\"publisher\":{\"@id\":\"https:\/\/tupique.com\/#organization\"},\"potentialAction\":[{\"@type\":\"SearchAction\",\"target\":{\"@type\":\"EntryPoint\",\"urlTemplate\":\"https:\/\/tupique.com\/?s={search_term_string}\"},\"query-input\":{\"@type\":\"PropertyValueSpecification\",\"valueRequired\":true,\"valueName\":\"search_term_string\"}}],\"inLanguage\":\"en-GB\"},{\"@type\":\"Organization\",\"@id\":\"https:\/\/tupique.com\/#organization\",\"name\":\"Tupique\",\"url\":\"https:\/\/tupique.com\/\",\"logo\":{\"@type\":\"ImageObject\",\"inLanguage\":\"en-GB\",\"@id\":\"https:\/\/tupique.com\/#\/schema\/logo\/image\/\",\"url\":\"https:\/\/tupique.com\/wp-content\/uploads\/2024\/09\/logo.png\",\"contentUrl\":\"https:\/\/tupique.com\/wp-content\/uploads\/2024\/09\/logo.png\",\"width\":1118,\"height\":310,\"caption\":\"Tupique\"},\"image\":{\"@id\":\"https:\/\/tupique.com\/#\/schema\/logo\/image\/\"}}]}<\/script>\n<!-- \/ Yoast SEO plugin. -->","yoast_head_json":{"title":"Scanner Epson B11B265401 - Tupique","description":"Vous cherchez Scanner Epson B11B265401 ? Achetez des produits chez Tupique. Profitez de la livraison gratuite pour obtenir Scanner Epson B11B265401 d\u00e8s maintenant.","robots":{"index":"index","follow":"follow","max-snippet":"max-snippet:-1","max-image-preview":"max-image-preview:large","max-video-preview":"max-video-preview:-1"},"canonical":"https:\/\/tupique.com\/en\/product\/scanner-epson-b11b265401\/","og_locale":"en_GB","og_type":"article","og_title":"Scanner Epson B11B265401 - Tupique","og_description":"Vous cherchez Scanner Epson B11B265401 ? Achetez des produits chez Tupique. Profitez de la livraison gratuite pour obtenir Scanner Epson B11B265401 d\u00e8s maintenant.","og_url":"https:\/\/tupique.com\/en\/product\/scanner-epson-b11b265401\/","og_site_name":"Tupique","twitter_card":"summary_large_image","twitter_misc":{"Estimated reading time":"2 minutes"},"schema":{"@context":"https:\/\/schema.org","@graph":[{"@type":"WebPage","@id":"https:\/\/tupique.com\/produit\/scanner-epson-b11b265401\/","url":"https:\/\/tupique.com\/produit\/scanner-epson-b11b265401\/","name":"Scanner Epson B11B265401 - Tupique","isPartOf":{"@id":"https:\/\/tupique.com\/#website"},"primaryImageOfPage":{"@id":"https:\/\/tupique.com\/produit\/scanner-epson-b11b265401\/#primaryimage"},"image":{"@id":"https:\/\/tupique.com\/produit\/scanner-epson-b11b265401\/#primaryimage"},"thumbnailUrl":"https:\/\/tupique.com\/wp-content\/uploads\/2026\/04\/606283702-1.jpg","datePublished":"2026-04-08T01:55:30+00:00","description":"Vous cherchez Scanner Epson B11B265401 ? Achetez des produits chez Tupique. Profitez de la livraison gratuite pour obtenir Scanner Epson B11B265401 d\u00e8s maintenant.","breadcrumb":{"@id":"https:\/\/tupique.com\/produit\/scanner-epson-b11b265401\/#breadcrumb"},"inLanguage":"en-GB","potentialAction":[{"@type":"ReadAction","target":["https:\/\/tupique.com\/produit\/scanner-epson-b11b265401\/"]}]},{"@type":"ImageObject","inLanguage":"en-GB","@id":"https:\/\/tupique.com\/produit\/scanner-epson-b11b265401\/#primaryimage","url":"https:\/\/tupique.com\/wp-content\/uploads\/2026\/04\/606283702-1.jpg","contentUrl":"https:\/\/tupique.com\/wp-content\/uploads\/2026\/04\/606283702-1.jpg","width":1200,"height":1200,"caption":"S55144025_0"},{"@type":"BreadcrumbList","@id":"https:\/\/tupique.com\/produit\/scanner-epson-b11b265401\/#breadcrumb","itemListElement":[{"@type":"ListItem","position":1,"name":"In\u00edcio","item":"https:\/\/tupique.com\/"},{"@type":"ListItem","position":2,"name":"Boutique","item":"https:\/\/tupique.com\/en\/boutique\/"},{"@type":"ListItem","position":3,"name":"Scanner Epson B11B265401"}]},{"@type":"WebSite","@id":"https:\/\/tupique.com\/#website","url":"https:\/\/tupique.com\/","name":"Tupique","description":"Marketplace","publisher":{"@id":"https:\/\/tupique.com\/#organization"},"potentialAction":[{"@type":"SearchAction","target":{"@type":"EntryPoint","urlTemplate":"https:\/\/tupique.com\/?s={search_term_string}"},"query-input":{"@type":"PropertyValueSpecification","valueRequired":true,"valueName":"search_term_string"}}],"inLanguage":"en-GB"},{"@type":"Organization","@id":"https:\/\/tupique.com\/#organization","name":"Tupique","url":"https:\/\/tupique.com\/","logo":{"@type":"ImageObject","inLanguage":"en-GB","@id":"https:\/\/tupique.com\/#\/schema\/logo\/image\/","url":"https:\/\/tupique.com\/wp-content\/uploads\/2024\/09\/logo.png","contentUrl":"https:\/\/tupique.com\/wp-content\/uploads\/2024\/09\/logo.png","width":1118,"height":310,"caption":"Tupique"},"image":{"@id":"https:\/\/tupique.com\/#\/schema\/logo\/image\/"}}]}},"jetpack_sharing_enabled":true,"_links":{"self":[{"href":"https:\/\/tupique.com\/en\/wp-json\/wp\/v2\/product\/4382662","targetHints":{"allow":["GET"]}}],"collection":[{"href":"https:\/\/tupique.com\/en\/wp-json\/wp\/v2\/product"}],"about":[{"href":"https:\/\/tupique.com\/en\/wp-json\/wp\/v2\/types\/product"}],"replies":[{"embeddable":true,"href":"https:\/\/tupique.com\/en\/wp-json\/wp\/v2\/comments?post=4382662"}],"wp:featuredmedia":[{"embeddable":true,"href":"https:\/\/tupique.com\/en\/wp-json\/wp\/v2\/media\/4382659"}],"wp:attachment":[{"href":"https:\/\/tupique.com\/en\/wp-json\/wp\/v2\/media?parent=4382662"}],"wp:term":[{"taxonomy":"product_brand","embeddable":true,"href":"https:\/\/tupique.com\/en\/wp-json\/wp\/v2\/product_brand?post=4382662"},{"taxonomy":"product_cat","embeddable":true,"href":"https:\/\/tupique.com\/en\/wp-json\/wp\/v2\/product_cat?post=4382662"},{"taxonomy":"product_tag","embeddable":true,"href":"https:\/\/tupique.com\/en\/wp-json\/wp\/v2\/product_tag?post=4382662"}],"curies":[{"name":"wp","href":"https:\/\/api.w.org\/{rel}","templated":true}]}}