{"id":4382917,"date":"2026-04-08T03:00:34","date_gmt":"2026-04-08T02:00:34","guid":{"rendered":"https:\/\/tupique.com\/produit\/ordinateur-portable-hp-b69a2etabe-14-intel-core-ultra-5-16-gb-ram-512-gb-ssd\/"},"modified":"2026-04-08T03:00:34","modified_gmt":"2026-04-08T02:00:34","slug":"ordinateur-portable-hp-b69a2etabe-14-intel-core-ultra-5-16-gb-ram-512-gb-ssd","status":"publish","type":"product","link":"https:\/\/tupique.com\/en\/product\/ordinateur-portable-hp-b69a2etabe-14-intel-core-ultra-5-16-gb-ram-512-gb-ssd\/","title":{"rendered":"Ordinateur Portable HP B69A2ET#ABE 14&#8243; intel core ultra 5 16 GB RAM 512 GB SSD"},"content":{"rendered":"<p>If you're looking for the latest trends on the market, we've got you covered. <b>Ordinateur Portable HP B69A2ET#ABE 14&#8243; intel core ultra 5 16 GB RAM 512 GB SSD<\/b> !<\/p>\n<p>Le <b>HP EliteBook X Flip G1i Next Gen AI PC Wolf Pro Security Edition<\/b> est un <b>ordinateur portable hybride<\/b> haut de gamme con\u00e7u pour les professionnels recherchant efficacit\u00e9 et polyvalence. Ce mod\u00e8le convertible 2-en-1 combine les fonctions d\u2019un ordinateur portable et d\u2019une tablette gr\u00e2ce \u00e0 son <b>format convertible (\u00e0 clapet)<\/b> et son <b>\u00e9cran tactile de 14 pouces (35,6 cm) avec r\u00e9solution WUXGA de 1920 x 1200 pixels<\/b>, offrant une image nette et des couleurs pr\u00e9cises dans l\u2019espace colorim\u00e9trique sRGB, id\u00e9al pour les travaux cr\u00e9atifs et d\u2019\u00e9dition avec une grande fid\u00e9lit\u00e9 des couleurs. \u00c9quip\u00e9 d\u2019un processeur Intel Core Ultra 5 derni\u00e8re g\u00e9n\u00e9ration mod\u00e8le 226V, il permet une gestion rapide et fluide des applications exigeantes, renforc\u00e9e par une m\u00e9moire interne de <b>16 Go LPDDR5x SDRAM<\/b> assurant un multit\u00e2che efficace et des performances stables. Son stockage de <b>512 Go SSD<\/b> garantit une grande vitesse de lecture et d\u2019\u00e9criture des donn\u00e9es, ainsi qu\u2019un espace suffisant pour fichiers et logiciels professionnels. Parmi ses points forts figurent la connectivit\u00e9 mobile <b>5G<\/b> pour rester productif en d\u00e9placement avec un acc\u00e8s rapide \u00e0 Internet, ainsi que des <b>haut-parleurs int\u00e9gr\u00e9s<\/b>, une cam\u00e9ra frontale et un microphone int\u00e9gr\u00e9 qui am\u00e9liorent l\u2019exp\u00e9rience en visioconf\u00e9rence et communication digitale. Sa finition en <b>argent<\/b> apporte un design \u00e9l\u00e9gant et professionnel. Il int\u00e8gre le syst\u00e8me d\u2019exploitation <b>Windows 11 Pro<\/b>, offrant des fonctions avanc\u00e9es pour l\u2019entreprise et une interface optimis\u00e9e pour le travail. Cette station de travail mobile int\u00e8gre la prochaine g\u00e9n\u00e9ration d\u2019intelligence artificielle qui utilise les donn\u00e9es propres \u00e0 l\u2019utilisateur pour des d\u00e9cisions strat\u00e9giques, am\u00e9liorant la collaboration et optimisant l\u2019autonomie en fonction des modes d\u2019utilisation. En r\u00e9sum\u00e9, le HP EliteBook X Flip G1i allie s\u00e9curit\u00e9, puissance et flexibilit\u00e9 dans un appareil r\u00e9pondant aux exigences technologiques actuelles, avec un format qui se d\u00e9marque sur le march\u00e9 professionnel.<\/p>\n<ul>\n<li>Clavier: Espagnol Qwerty<\/li>\n<li>Type:\n<ul>\n<li>Ordinateur Portable<\/li>\n<li>Hybride<\/li>\n<\/ul>\n<\/li>\n<li>Plug-in product: Yes<\/li>\n<li>Type de m\u00e9moire:\n<ul>\n<li>SDRAM<\/li>\n<li>LPDDR5X<\/li>\n<\/ul>\n<\/li>\n<li>Socket type: EU socket<\/li>\n<li>Bloc d\u2019Alimentation:\n<ul>\n<li>r\u00e9seau \u00e9lectrique<\/li>\n<li>USB<\/li>\n<\/ul>\n<\/li>\n<li>Colour:\n<ul>\n<li>Silver<\/li>\n<li>sRGB<\/li>\n<\/ul>\n<\/li>\n<li>Diagonale de l&#8217;\u00e9cran (cm): 35,6 cm<\/li>\n<li>Type d&#8217;unit\u00e9 optique: Non<\/li>\n<li>Includes:\n<ul>\n<li>Webcam<\/li>\n<li>Clavier<\/li>\n<li>SSD x 1<\/li>\n<\/ul>\n<\/li>\n<li>Technologie: IPS<\/li>\n<li>Capacit\u00e9 de la batterie: 56 Wh<\/li>\n<li>R\u00e9solution (px): 1920 x 1200 px<\/li>\n<li>Syst\u00e8me d&#8217;exploitation: Windows 11 Pro<\/li>\n<li>R\u00e9solution: WUXGA<\/li>\n<li>Type de stockage: SSD<\/li>\n<li>Features:\n<ul>\n<li>Touch screen<\/li>\n<li>Integrated speakers<\/li>\n<li>Front camera<\/li>\n<li>Built-in microphone<\/li>\n<li>R\u00e9tro-\u00e9clair\u00e9<\/li>\n<li>2 loudspeakers<\/li>\n<li>4 loudspeakers<\/li>\n<li>Fingerprint reader<\/li>\n<li>Data protection\/passwords<\/li>\n<li>Adaptateur graphique int\u00e9gr\u00e9<\/li>\n<li>Mobile network connection<\/li>\n<\/ul>\n<\/li>\n<li>Connectivity:\n<ul>\n<li>Bluetooth<\/li>\n<li>Wi-Fi<\/li>\n<li>NFC<\/li>\n<li>5G<\/li>\n<li>WI-FI 7<\/li>\n<\/ul>\n<\/li>\n<li>Connections:\n<ul>\n<li>HDMI<\/li>\n<li>USB<\/li>\n<li>USB-C<\/li>\n<li>2<\/li>\n<li>M.2<\/li>\n<li>USB 3.2<\/li>\n<li>HDMI 2.1 x 1<\/li>\n<li>Thunderbolt 4 x 2<\/li>\n<li>USB-C 3.2 Gen 2 (3.1 Gen 2)<\/li>\n<li>C\u00e2ble jack 3,3 mm<\/li>\n<\/ul>\n<\/li>\n<li>Ecran: 14&#8243;<\/li>\n<li>Processeur: intel core ultra 5<\/li>\n<li>M\u00e9moire RAM: 16 GB RAM<\/li>\n<li>Disque dur: 512 GB SSD<\/li>\n<li>Cache: 8 MB<\/li>\n<li>Compatible: PCI Express<\/li>\n<li>Frequency:\n<ul>\n<li>50 &#8211; 60 Hz<\/li>\n<li>4,5 GHz<\/li>\n<\/ul>\n<\/li>\n<li>puissance: 65 W<\/li>\n<li>Cam\u00e9ra\/Appareil Photo: 5 Mp<\/li>\n<li>Tension: 100 &#8211; 240 V<\/li>\n<li>Non Inclus:\n<ul>\n<li>Type d&#8217;unit\u00e9 optique<\/li>\n<li>Adaptateur AC<\/li>\n<li>Clavier num\u00e9rique<\/li>\n<li>Adaptateur graphique discret<\/li>\n<\/ul>\n<\/li>\n<li>Format: M.2<\/li>\n<li>Flux lumineux: 400 lm<\/li>\n<li>Facteur de forme: convertible (dossier)<\/li>\n<li>Battery type: Litio Ion<\/li>\n<li>Noyaux: 8 Noyaux<\/li>\n<li>Famille de processeurs: Intel<\/li>\n<\/ul>","protected":false},"excerpt":{"rendered":"<p>Si vous \u00eates \u00e0 la recherche de nouvelles tendances sur le march\u00e9, nous vous pr\u00e9sentons Ordinateur Portable HP B69A2ET#ABE 14&#8243;<\/p>","protected":false},"featured_media":4382913,"comment_status":"open","ping_status":"closed","template":"","meta":{"_joinchat":[]},"product_brand":[158040],"product_cat":[157516,157583,155043],"product_tag":[157514,157515],"class_list":{"0":"post-4382917","1":"product","2":"type-product","3":"status-publish","4":"has-post-thumbnail","6":"product_brand-brandp_909","7":"product_cat-informatique-electronique","8":"product_cat-informatique-ordinateurs","9":"product_cat-notebooks","10":"product_tag-tag_933","11":"product_tag-tag_1295","13":"first","14":"instock","15":"taxable","16":"shipping-taxable","17":"purchasable","18":"product-type-simple"},"yoast_head":"<!-- This site is optimized with the Yoast SEO plugin v27.2 - https:\/\/yoast.com\/product\/yoast-seo-wordpress\/ -->\n<title>Ordinateur Portable HP B69A2ET#ABE 14&quot; intel core ultra 5 16 GB RAM 512 GB SSD - Tupique<\/title>\n<meta name=\"description\" content=\"Vous cherchez Ordinateur Portable HP B69A2ET#ABE 14&quot; intel core ultra 5 16 GB RAM 512 GB SSD ? Achetez des produits chez Tupique. Profitez de la livraison gratuite pour obtenir Ordinateur Portable HP B69A2ET#ABE 14&quot; intel core ultra 5 16 GB RAM 512 GB SSD d\u00e8s maintenant.\" \/>\n<meta name=\"robots\" content=\"index, follow, max-snippet:-1, max-image-preview:large, max-video-preview:-1\" \/>\n<link rel=\"canonical\" href=\"https:\/\/tupique.com\/en\/product\/ordinateur-portable-hp-b69a2etabe-14-intel-core-ultra-5-16-gb-ram-512-gb-ssd\/\" \/>\n<meta property=\"og:locale\" content=\"en_GB\" \/>\n<meta property=\"og:type\" content=\"article\" \/>\n<meta property=\"og:title\" content=\"Ordinateur Portable HP B69A2ET#ABE 14&quot; intel core ultra 5 16 GB RAM 512 GB SSD - Tupique\" \/>\n<meta property=\"og:description\" content=\"Vous cherchez Ordinateur Portable HP B69A2ET#ABE 14&quot; intel core ultra 5 16 GB RAM 512 GB SSD ? Achetez des produits chez Tupique. Profitez de la livraison gratuite pour obtenir Ordinateur Portable HP B69A2ET#ABE 14&quot; intel core ultra 5 16 GB RAM 512 GB SSD d\u00e8s maintenant.\" \/>\n<meta property=\"og:url\" content=\"https:\/\/tupique.com\/en\/product\/ordinateur-portable-hp-b69a2etabe-14-intel-core-ultra-5-16-gb-ram-512-gb-ssd\/\" \/>\n<meta property=\"og:site_name\" content=\"Tupique\" \/>\n<meta name=\"twitter:card\" content=\"summary_large_image\" \/>\n<meta name=\"twitter:label1\" content=\"Estimated reading time\" \/>\n\t<meta name=\"twitter:data1\" content=\"3 minutes\" \/>\n<script type=\"application\/ld+json\" class=\"yoast-schema-graph\">{\"@context\":\"https:\/\/schema.org\",\"@graph\":[{\"@type\":\"WebPage\",\"@id\":\"https:\/\/tupique.com\/produit\/ordinateur-portable-hp-b69a2etabe-14-intel-core-ultra-5-16-gb-ram-512-gb-ssd\/\",\"url\":\"https:\/\/tupique.com\/produit\/ordinateur-portable-hp-b69a2etabe-14-intel-core-ultra-5-16-gb-ram-512-gb-ssd\/\",\"name\":\"Ordinateur Portable HP B69A2ET#ABE 14\\\" intel core ultra 5 16 GB RAM 512 GB SSD - Tupique\",\"isPartOf\":{\"@id\":\"https:\/\/tupique.com\/#website\"},\"primaryImageOfPage\":{\"@id\":\"https:\/\/tupique.com\/produit\/ordinateur-portable-hp-b69a2etabe-14-intel-core-ultra-5-16-gb-ram-512-gb-ssd\/#primaryimage\"},\"image\":{\"@id\":\"https:\/\/tupique.com\/produit\/ordinateur-portable-hp-b69a2etabe-14-intel-core-ultra-5-16-gb-ram-512-gb-ssd\/#primaryimage\"},\"thumbnailUrl\":\"https:\/\/tupique.com\/wp-content\/uploads\/2026\/04\/0198990470610I10.jpg\",\"datePublished\":\"2026-04-08T02:00:34+00:00\",\"description\":\"Vous cherchez Ordinateur Portable HP B69A2ET#ABE 14\\\" intel core ultra 5 16 GB RAM 512 GB SSD ? Achetez des produits chez Tupique. Profitez de la livraison gratuite pour obtenir Ordinateur Portable HP B69A2ET#ABE 14\\\" intel core ultra 5 16 GB RAM 512 GB SSD d\u00e8s maintenant.\",\"breadcrumb\":{\"@id\":\"https:\/\/tupique.com\/produit\/ordinateur-portable-hp-b69a2etabe-14-intel-core-ultra-5-16-gb-ram-512-gb-ssd\/#breadcrumb\"},\"inLanguage\":\"en-GB\",\"potentialAction\":[{\"@type\":\"ReadAction\",\"target\":[\"https:\/\/tupique.com\/produit\/ordinateur-portable-hp-b69a2etabe-14-intel-core-ultra-5-16-gb-ram-512-gb-ssd\/\"]}]},{\"@type\":\"ImageObject\",\"inLanguage\":\"en-GB\",\"@id\":\"https:\/\/tupique.com\/produit\/ordinateur-portable-hp-b69a2etabe-14-intel-core-ultra-5-16-gb-ram-512-gb-ssd\/#primaryimage\",\"url\":\"https:\/\/tupique.com\/wp-content\/uploads\/2026\/04\/0198990470610I10.jpg\",\"contentUrl\":\"https:\/\/tupique.com\/wp-content\/uploads\/2026\/04\/0198990470610I10.jpg\",\"width\":1200,\"height\":1200,\"caption\":\"S55297389_0\"},{\"@type\":\"BreadcrumbList\",\"@id\":\"https:\/\/tupique.com\/produit\/ordinateur-portable-hp-b69a2etabe-14-intel-core-ultra-5-16-gb-ram-512-gb-ssd\/#breadcrumb\",\"itemListElement\":[{\"@type\":\"ListItem\",\"position\":1,\"name\":\"In\u00edcio\",\"item\":\"https:\/\/tupique.com\/\"},{\"@type\":\"ListItem\",\"position\":2,\"name\":\"Boutique\",\"item\":\"https:\/\/tupique.com\/en\/boutique\/\"},{\"@type\":\"ListItem\",\"position\":3,\"name\":\"Ordinateur Portable HP B69A2ET#ABE 14&#8243; intel core ultra 5 16 GB RAM 512 GB SSD\"}]},{\"@type\":\"WebSite\",\"@id\":\"https:\/\/tupique.com\/#website\",\"url\":\"https:\/\/tupique.com\/\",\"name\":\"Tupique\",\"description\":\"Marketplace\",\"publisher\":{\"@id\":\"https:\/\/tupique.com\/#organization\"},\"potentialAction\":[{\"@type\":\"SearchAction\",\"target\":{\"@type\":\"EntryPoint\",\"urlTemplate\":\"https:\/\/tupique.com\/?s={search_term_string}\"},\"query-input\":{\"@type\":\"PropertyValueSpecification\",\"valueRequired\":true,\"valueName\":\"search_term_string\"}}],\"inLanguage\":\"en-GB\"},{\"@type\":\"Organization\",\"@id\":\"https:\/\/tupique.com\/#organization\",\"name\":\"Tupique\",\"url\":\"https:\/\/tupique.com\/\",\"logo\":{\"@type\":\"ImageObject\",\"inLanguage\":\"en-GB\",\"@id\":\"https:\/\/tupique.com\/#\/schema\/logo\/image\/\",\"url\":\"https:\/\/tupique.com\/wp-content\/uploads\/2024\/09\/logo.png\",\"contentUrl\":\"https:\/\/tupique.com\/wp-content\/uploads\/2024\/09\/logo.png\",\"width\":1118,\"height\":310,\"caption\":\"Tupique\"},\"image\":{\"@id\":\"https:\/\/tupique.com\/#\/schema\/logo\/image\/\"}}]}<\/script>\n<!-- \/ Yoast SEO plugin. -->","yoast_head_json":{"title":"Ordinateur Portable HP B69A2ET#ABE 14\" intel core ultra 5 16 GB RAM 512 GB SSD - Tupique","description":"Vous cherchez Ordinateur Portable HP B69A2ET#ABE 14\" intel core ultra 5 16 GB RAM 512 GB SSD ? Achetez des produits chez Tupique. Profitez de la livraison gratuite pour obtenir Ordinateur Portable HP B69A2ET#ABE 14\" intel core ultra 5 16 GB RAM 512 GB SSD d\u00e8s maintenant.","robots":{"index":"index","follow":"follow","max-snippet":"max-snippet:-1","max-image-preview":"max-image-preview:large","max-video-preview":"max-video-preview:-1"},"canonical":"https:\/\/tupique.com\/en\/product\/ordinateur-portable-hp-b69a2etabe-14-intel-core-ultra-5-16-gb-ram-512-gb-ssd\/","og_locale":"en_GB","og_type":"article","og_title":"Ordinateur Portable HP B69A2ET#ABE 14\" intel core ultra 5 16 GB RAM 512 GB SSD - Tupique","og_description":"Vous cherchez Ordinateur Portable HP B69A2ET#ABE 14\" intel core ultra 5 16 GB RAM 512 GB SSD ? Achetez des produits chez Tupique. Profitez de la livraison gratuite pour obtenir Ordinateur Portable HP B69A2ET#ABE 14\" intel core ultra 5 16 GB RAM 512 GB SSD d\u00e8s maintenant.","og_url":"https:\/\/tupique.com\/en\/product\/ordinateur-portable-hp-b69a2etabe-14-intel-core-ultra-5-16-gb-ram-512-gb-ssd\/","og_site_name":"Tupique","twitter_card":"summary_large_image","twitter_misc":{"Estimated reading time":"3 minutes"},"schema":{"@context":"https:\/\/schema.org","@graph":[{"@type":"WebPage","@id":"https:\/\/tupique.com\/produit\/ordinateur-portable-hp-b69a2etabe-14-intel-core-ultra-5-16-gb-ram-512-gb-ssd\/","url":"https:\/\/tupique.com\/produit\/ordinateur-portable-hp-b69a2etabe-14-intel-core-ultra-5-16-gb-ram-512-gb-ssd\/","name":"Ordinateur Portable HP B69A2ET#ABE 14\" intel core ultra 5 16 GB RAM 512 GB SSD - Tupique","isPartOf":{"@id":"https:\/\/tupique.com\/#website"},"primaryImageOfPage":{"@id":"https:\/\/tupique.com\/produit\/ordinateur-portable-hp-b69a2etabe-14-intel-core-ultra-5-16-gb-ram-512-gb-ssd\/#primaryimage"},"image":{"@id":"https:\/\/tupique.com\/produit\/ordinateur-portable-hp-b69a2etabe-14-intel-core-ultra-5-16-gb-ram-512-gb-ssd\/#primaryimage"},"thumbnailUrl":"https:\/\/tupique.com\/wp-content\/uploads\/2026\/04\/0198990470610I10.jpg","datePublished":"2026-04-08T02:00:34+00:00","description":"Vous cherchez Ordinateur Portable HP B69A2ET#ABE 14\" intel core ultra 5 16 GB RAM 512 GB SSD ? Achetez des produits chez Tupique. Profitez de la livraison gratuite pour obtenir Ordinateur Portable HP B69A2ET#ABE 14\" intel core ultra 5 16 GB RAM 512 GB SSD d\u00e8s maintenant.","breadcrumb":{"@id":"https:\/\/tupique.com\/produit\/ordinateur-portable-hp-b69a2etabe-14-intel-core-ultra-5-16-gb-ram-512-gb-ssd\/#breadcrumb"},"inLanguage":"en-GB","potentialAction":[{"@type":"ReadAction","target":["https:\/\/tupique.com\/produit\/ordinateur-portable-hp-b69a2etabe-14-intel-core-ultra-5-16-gb-ram-512-gb-ssd\/"]}]},{"@type":"ImageObject","inLanguage":"en-GB","@id":"https:\/\/tupique.com\/produit\/ordinateur-portable-hp-b69a2etabe-14-intel-core-ultra-5-16-gb-ram-512-gb-ssd\/#primaryimage","url":"https:\/\/tupique.com\/wp-content\/uploads\/2026\/04\/0198990470610I10.jpg","contentUrl":"https:\/\/tupique.com\/wp-content\/uploads\/2026\/04\/0198990470610I10.jpg","width":1200,"height":1200,"caption":"S55297389_0"},{"@type":"BreadcrumbList","@id":"https:\/\/tupique.com\/produit\/ordinateur-portable-hp-b69a2etabe-14-intel-core-ultra-5-16-gb-ram-512-gb-ssd\/#breadcrumb","itemListElement":[{"@type":"ListItem","position":1,"name":"In\u00edcio","item":"https:\/\/tupique.com\/"},{"@type":"ListItem","position":2,"name":"Boutique","item":"https:\/\/tupique.com\/en\/boutique\/"},{"@type":"ListItem","position":3,"name":"Ordinateur Portable HP B69A2ET#ABE 14&#8243; intel core ultra 5 16 GB RAM 512 GB SSD"}]},{"@type":"WebSite","@id":"https:\/\/tupique.com\/#website","url":"https:\/\/tupique.com\/","name":"Tupique","description":"Marketplace","publisher":{"@id":"https:\/\/tupique.com\/#organization"},"potentialAction":[{"@type":"SearchAction","target":{"@type":"EntryPoint","urlTemplate":"https:\/\/tupique.com\/?s={search_term_string}"},"query-input":{"@type":"PropertyValueSpecification","valueRequired":true,"valueName":"search_term_string"}}],"inLanguage":"en-GB"},{"@type":"Organization","@id":"https:\/\/tupique.com\/#organization","name":"Tupique","url":"https:\/\/tupique.com\/","logo":{"@type":"ImageObject","inLanguage":"en-GB","@id":"https:\/\/tupique.com\/#\/schema\/logo\/image\/","url":"https:\/\/tupique.com\/wp-content\/uploads\/2024\/09\/logo.png","contentUrl":"https:\/\/tupique.com\/wp-content\/uploads\/2024\/09\/logo.png","width":1118,"height":310,"caption":"Tupique"},"image":{"@id":"https:\/\/tupique.com\/#\/schema\/logo\/image\/"}}]}},"jetpack_sharing_enabled":true,"_links":{"self":[{"href":"https:\/\/tupique.com\/en\/wp-json\/wp\/v2\/product\/4382917","targetHints":{"allow":["GET"]}}],"collection":[{"href":"https:\/\/tupique.com\/en\/wp-json\/wp\/v2\/product"}],"about":[{"href":"https:\/\/tupique.com\/en\/wp-json\/wp\/v2\/types\/product"}],"replies":[{"embeddable":true,"href":"https:\/\/tupique.com\/en\/wp-json\/wp\/v2\/comments?post=4382917"}],"wp:featuredmedia":[{"embeddable":true,"href":"https:\/\/tupique.com\/en\/wp-json\/wp\/v2\/media\/4382913"}],"wp:attachment":[{"href":"https:\/\/tupique.com\/en\/wp-json\/wp\/v2\/media?parent=4382917"}],"wp:term":[{"taxonomy":"product_brand","embeddable":true,"href":"https:\/\/tupique.com\/en\/wp-json\/wp\/v2\/product_brand?post=4382917"},{"taxonomy":"product_cat","embeddable":true,"href":"https:\/\/tupique.com\/en\/wp-json\/wp\/v2\/product_cat?post=4382917"},{"taxonomy":"product_tag","embeddable":true,"href":"https:\/\/tupique.com\/en\/wp-json\/wp\/v2\/product_tag?post=4382917"}],"curies":[{"name":"wp","href":"https:\/\/api.w.org\/{rel}","templated":true}]}}