{"id":4382977,"date":"2026-04-08T03:57:14","date_gmt":"2026-04-08T02:57:14","guid":{"rendered":"https:\/\/tupique.com\/produit\/cafetiere-express-smeg-egf03pgeu\/"},"modified":"2026-04-08T03:57:14","modified_gmt":"2026-04-08T02:57:14","slug":"cafetiere-express-smeg-egf03pgeu","status":"publish","type":"product","link":"https:\/\/tupique.com\/en\/product\/cafetiere-express-smeg-egf03pgeu\/","title":{"rendered":"Cafeti\u00e8re express Smeg EGF03PGEU"},"content":{"rendered":"<p>If you're looking for appliances for your home at the best prices, don't miss out on <b>Cafeti\u00e8re express Smeg EGF03PGEU<\/b> and a wide selection of quality small electrical appliances!<\/p>\n<p>La <b>cafeti\u00e8re italienne<\/b> from <b>Smeg<\/b> en couleur <b>verte<\/b> allie un design contemporain \u00e0 des mat\u00e9riaux pratiques, avec une structure en <b>plastique<\/b> con\u00e7ue pour un usage quotidien facilit\u00e9. Ce mod\u00e8le se distingue par son <b>r\u00e9servoir d\u2019eau amovible<\/b>, offrant un remplissage ais\u00e9 et un nettoyage simple, id\u00e9al pour ceux qui recherchent fonctionnalit\u00e9 et rapidit\u00e9 dans la pr\u00e9paration du caf\u00e9. De plus, elle int\u00e8gre un <b>integrated screen<\/b> fournissant des informations claires et pr\u00e9cises sur le processus d\u2019extraction, am\u00e9liorant le contr\u00f4le et simplifiant la manipulation pour un caf\u00e9 toujours constant. Son syst\u00e8me comprend un <b>filtre \u00e0 caf\u00e9<\/b> int\u00e9gr\u00e9 garantissant une extraction uniforme et une meilleure conservation des ar\u00f4mes, des caract\u00e9ristiques essentielles pour les amateurs de caf\u00e9 \u00e0 l\u2019italienne traditionnel. Cet ensemble de fonctionnalit\u00e9s fait de cette cafeti\u00e8re une option accessible et pratique pour ceux qui souhaitent savourer un caf\u00e9 de qualit\u00e9 avec le confort des innovations technologiques modernes. En r\u00e9sum\u00e9, la cafeti\u00e8re italienne Smeg offre une solution \u00e9quilibr\u00e9e entre design fonctionnel et technologie adapt\u00e9e aux besoins quotidiens du consommateur.<\/p>\n<ul>\n<li>Type:\n<ul>\n<li>Caf\u00e9 Express Arm<\/li>\n<li>Cafeti\u00e8re express<\/li>\n<li>Cafeti\u00e8re Italienne<\/li>\n<\/ul>\n<\/li>\n<li>Plug-in product: Yes<\/li>\n<li>Socket type: EU socket<\/li>\n<li>Features:\n<ul>\n<li>Filtre \u00e0 caf\u00e9<\/li>\n<li>Integrated screen<\/li>\n<li>R\u00e9servoir d&#8217;eau amovible<\/li>\n<\/ul>\n<\/li>\n<li>Fonctions: Capuccino<\/li>\n<li>Arr\u00eat Automatique: Oui<\/li>\n<li>Couleur: Vert<\/li>\n<li>Bloc d\u2019Alimentation: r\u00e9seau \u00e9lectrique<\/li>\n<li>Material: Plastic<\/li>\n<\/ul>","protected":false},"excerpt":{"rendered":"<p>Si vous recherchez des \u00e9lectrom\u00e9nagers pour votre maison aux meilleurs prix, ne manquez pas Cafeti\u00e8re express Smeg EGF03PGEU et une<\/p>","protected":false},"featured_media":4382976,"comment_status":"open","ping_status":"closed","template":"","meta":{"_joinchat":[]},"product_brand":[158221],"product_cat":[158151,157538,157539],"product_tag":[157545],"class_list":{"0":"post-4382977","1":"product","2":"type-product","3":"status-publish","4":"has-post-thumbnail","6":"product_brand-brandp_1072","7":"product_cat-cafetieres","8":"product_cat-cuisine-gourmet","9":"product_cat-petit-electromenager","10":"product_tag-tag_930","12":"first","13":"instock","14":"taxable","15":"shipping-taxable","16":"purchasable","17":"product-type-simple"},"yoast_head":"<!-- This site is optimized with the Yoast SEO plugin v27.2 - https:\/\/yoast.com\/product\/yoast-seo-wordpress\/ -->\n<title>Cafeti\u00e8re express Smeg EGF03PGEU - Tupique<\/title>\n<meta name=\"description\" content=\"Vous cherchez Cafeti\u00e8re express Smeg EGF03PGEU ? Achetez des produits chez Tupique. Profitez de la livraison gratuite pour obtenir Cafeti\u00e8re express Smeg EGF03PGEU d\u00e8s maintenant.\" \/>\n<meta name=\"robots\" content=\"index, follow, max-snippet:-1, max-image-preview:large, max-video-preview:-1\" \/>\n<link rel=\"canonical\" href=\"https:\/\/tupique.com\/en\/product\/cafetiere-express-smeg-egf03pgeu\/\" \/>\n<meta property=\"og:locale\" content=\"en_GB\" \/>\n<meta property=\"og:type\" content=\"article\" \/>\n<meta property=\"og:title\" content=\"Cafeti\u00e8re express Smeg EGF03PGEU - Tupique\" \/>\n<meta property=\"og:description\" content=\"Vous cherchez Cafeti\u00e8re express Smeg EGF03PGEU ? Achetez des produits chez Tupique. Profitez de la livraison gratuite pour obtenir Cafeti\u00e8re express Smeg EGF03PGEU d\u00e8s maintenant.\" \/>\n<meta property=\"og:url\" content=\"https:\/\/tupique.com\/en\/product\/cafetiere-express-smeg-egf03pgeu\/\" \/>\n<meta property=\"og:site_name\" content=\"Tupique\" \/>\n<meta name=\"twitter:card\" content=\"summary_large_image\" \/>\n<meta name=\"twitter:label1\" content=\"Estimated reading time\" \/>\n\t<meta name=\"twitter:data1\" content=\"1 minute\" \/>\n<script type=\"application\/ld+json\" class=\"yoast-schema-graph\">{\"@context\":\"https:\/\/schema.org\",\"@graph\":[{\"@type\":\"WebPage\",\"@id\":\"https:\/\/tupique.com\/produit\/cafetiere-express-smeg-egf03pgeu\/\",\"url\":\"https:\/\/tupique.com\/produit\/cafetiere-express-smeg-egf03pgeu\/\",\"name\":\"Cafeti\u00e8re express Smeg EGF03PGEU - Tupique\",\"isPartOf\":{\"@id\":\"https:\/\/tupique.com\/#website\"},\"primaryImageOfPage\":{\"@id\":\"https:\/\/tupique.com\/produit\/cafetiere-express-smeg-egf03pgeu\/#primaryimage\"},\"image\":{\"@id\":\"https:\/\/tupique.com\/produit\/cafetiere-express-smeg-egf03pgeu\/#primaryimage\"},\"thumbnailUrl\":\"https:\/\/tupique.com\/wp-content\/uploads\/2026\/04\/8017709329860_S0458249_P00.jpg\",\"datePublished\":\"2026-04-08T02:57:14+00:00\",\"description\":\"Vous cherchez Cafeti\u00e8re express Smeg EGF03PGEU ? Achetez des produits chez Tupique. Profitez de la livraison gratuite pour obtenir Cafeti\u00e8re express Smeg EGF03PGEU d\u00e8s maintenant.\",\"breadcrumb\":{\"@id\":\"https:\/\/tupique.com\/produit\/cafetiere-express-smeg-egf03pgeu\/#breadcrumb\"},\"inLanguage\":\"en-GB\",\"potentialAction\":[{\"@type\":\"ReadAction\",\"target\":[\"https:\/\/tupique.com\/produit\/cafetiere-express-smeg-egf03pgeu\/\"]}]},{\"@type\":\"ImageObject\",\"inLanguage\":\"en-GB\",\"@id\":\"https:\/\/tupique.com\/produit\/cafetiere-express-smeg-egf03pgeu\/#primaryimage\",\"url\":\"https:\/\/tupique.com\/wp-content\/uploads\/2026\/04\/8017709329860_S0458249_P00.jpg\",\"contentUrl\":\"https:\/\/tupique.com\/wp-content\/uploads\/2026\/04\/8017709329860_S0458249_P00.jpg\",\"width\":1200,\"height\":1200,\"caption\":\"S8110482_0\"},{\"@type\":\"BreadcrumbList\",\"@id\":\"https:\/\/tupique.com\/produit\/cafetiere-express-smeg-egf03pgeu\/#breadcrumb\",\"itemListElement\":[{\"@type\":\"ListItem\",\"position\":1,\"name\":\"In\u00edcio\",\"item\":\"https:\/\/tupique.com\/\"},{\"@type\":\"ListItem\",\"position\":2,\"name\":\"Boutique\",\"item\":\"https:\/\/tupique.com\/en\/boutique\/\"},{\"@type\":\"ListItem\",\"position\":3,\"name\":\"Cafeti\u00e8re express Smeg EGF03PGEU\"}]},{\"@type\":\"WebSite\",\"@id\":\"https:\/\/tupique.com\/#website\",\"url\":\"https:\/\/tupique.com\/\",\"name\":\"Tupique\",\"description\":\"Marketplace\",\"publisher\":{\"@id\":\"https:\/\/tupique.com\/#organization\"},\"potentialAction\":[{\"@type\":\"SearchAction\",\"target\":{\"@type\":\"EntryPoint\",\"urlTemplate\":\"https:\/\/tupique.com\/?s={search_term_string}\"},\"query-input\":{\"@type\":\"PropertyValueSpecification\",\"valueRequired\":true,\"valueName\":\"search_term_string\"}}],\"inLanguage\":\"en-GB\"},{\"@type\":\"Organization\",\"@id\":\"https:\/\/tupique.com\/#organization\",\"name\":\"Tupique\",\"url\":\"https:\/\/tupique.com\/\",\"logo\":{\"@type\":\"ImageObject\",\"inLanguage\":\"en-GB\",\"@id\":\"https:\/\/tupique.com\/#\/schema\/logo\/image\/\",\"url\":\"https:\/\/tupique.com\/wp-content\/uploads\/2024\/09\/logo.png\",\"contentUrl\":\"https:\/\/tupique.com\/wp-content\/uploads\/2024\/09\/logo.png\",\"width\":1118,\"height\":310,\"caption\":\"Tupique\"},\"image\":{\"@id\":\"https:\/\/tupique.com\/#\/schema\/logo\/image\/\"}}]}<\/script>\n<!-- \/ Yoast SEO plugin. -->","yoast_head_json":{"title":"Cafeti\u00e8re express Smeg EGF03PGEU - Tupique","description":"Vous cherchez Cafeti\u00e8re express Smeg EGF03PGEU ? Achetez des produits chez Tupique. Profitez de la livraison gratuite pour obtenir Cafeti\u00e8re express Smeg EGF03PGEU d\u00e8s maintenant.","robots":{"index":"index","follow":"follow","max-snippet":"max-snippet:-1","max-image-preview":"max-image-preview:large","max-video-preview":"max-video-preview:-1"},"canonical":"https:\/\/tupique.com\/en\/product\/cafetiere-express-smeg-egf03pgeu\/","og_locale":"en_GB","og_type":"article","og_title":"Cafeti\u00e8re express Smeg EGF03PGEU - Tupique","og_description":"Vous cherchez Cafeti\u00e8re express Smeg EGF03PGEU ? Achetez des produits chez Tupique. Profitez de la livraison gratuite pour obtenir Cafeti\u00e8re express Smeg EGF03PGEU d\u00e8s maintenant.","og_url":"https:\/\/tupique.com\/en\/product\/cafetiere-express-smeg-egf03pgeu\/","og_site_name":"Tupique","twitter_card":"summary_large_image","twitter_misc":{"Estimated reading time":"1 minute"},"schema":{"@context":"https:\/\/schema.org","@graph":[{"@type":"WebPage","@id":"https:\/\/tupique.com\/produit\/cafetiere-express-smeg-egf03pgeu\/","url":"https:\/\/tupique.com\/produit\/cafetiere-express-smeg-egf03pgeu\/","name":"Cafeti\u00e8re express Smeg EGF03PGEU - Tupique","isPartOf":{"@id":"https:\/\/tupique.com\/#website"},"primaryImageOfPage":{"@id":"https:\/\/tupique.com\/produit\/cafetiere-express-smeg-egf03pgeu\/#primaryimage"},"image":{"@id":"https:\/\/tupique.com\/produit\/cafetiere-express-smeg-egf03pgeu\/#primaryimage"},"thumbnailUrl":"https:\/\/tupique.com\/wp-content\/uploads\/2026\/04\/8017709329860_S0458249_P00.jpg","datePublished":"2026-04-08T02:57:14+00:00","description":"Vous cherchez Cafeti\u00e8re express Smeg EGF03PGEU ? Achetez des produits chez Tupique. Profitez de la livraison gratuite pour obtenir Cafeti\u00e8re express Smeg EGF03PGEU d\u00e8s maintenant.","breadcrumb":{"@id":"https:\/\/tupique.com\/produit\/cafetiere-express-smeg-egf03pgeu\/#breadcrumb"},"inLanguage":"en-GB","potentialAction":[{"@type":"ReadAction","target":["https:\/\/tupique.com\/produit\/cafetiere-express-smeg-egf03pgeu\/"]}]},{"@type":"ImageObject","inLanguage":"en-GB","@id":"https:\/\/tupique.com\/produit\/cafetiere-express-smeg-egf03pgeu\/#primaryimage","url":"https:\/\/tupique.com\/wp-content\/uploads\/2026\/04\/8017709329860_S0458249_P00.jpg","contentUrl":"https:\/\/tupique.com\/wp-content\/uploads\/2026\/04\/8017709329860_S0458249_P00.jpg","width":1200,"height":1200,"caption":"S8110482_0"},{"@type":"BreadcrumbList","@id":"https:\/\/tupique.com\/produit\/cafetiere-express-smeg-egf03pgeu\/#breadcrumb","itemListElement":[{"@type":"ListItem","position":1,"name":"In\u00edcio","item":"https:\/\/tupique.com\/"},{"@type":"ListItem","position":2,"name":"Boutique","item":"https:\/\/tupique.com\/en\/boutique\/"},{"@type":"ListItem","position":3,"name":"Cafeti\u00e8re express Smeg EGF03PGEU"}]},{"@type":"WebSite","@id":"https:\/\/tupique.com\/#website","url":"https:\/\/tupique.com\/","name":"Tupique","description":"Marketplace","publisher":{"@id":"https:\/\/tupique.com\/#organization"},"potentialAction":[{"@type":"SearchAction","target":{"@type":"EntryPoint","urlTemplate":"https:\/\/tupique.com\/?s={search_term_string}"},"query-input":{"@type":"PropertyValueSpecification","valueRequired":true,"valueName":"search_term_string"}}],"inLanguage":"en-GB"},{"@type":"Organization","@id":"https:\/\/tupique.com\/#organization","name":"Tupique","url":"https:\/\/tupique.com\/","logo":{"@type":"ImageObject","inLanguage":"en-GB","@id":"https:\/\/tupique.com\/#\/schema\/logo\/image\/","url":"https:\/\/tupique.com\/wp-content\/uploads\/2024\/09\/logo.png","contentUrl":"https:\/\/tupique.com\/wp-content\/uploads\/2024\/09\/logo.png","width":1118,"height":310,"caption":"Tupique"},"image":{"@id":"https:\/\/tupique.com\/#\/schema\/logo\/image\/"}}]}},"jetpack_sharing_enabled":true,"_links":{"self":[{"href":"https:\/\/tupique.com\/en\/wp-json\/wp\/v2\/product\/4382977","targetHints":{"allow":["GET"]}}],"collection":[{"href":"https:\/\/tupique.com\/en\/wp-json\/wp\/v2\/product"}],"about":[{"href":"https:\/\/tupique.com\/en\/wp-json\/wp\/v2\/types\/product"}],"replies":[{"embeddable":true,"href":"https:\/\/tupique.com\/en\/wp-json\/wp\/v2\/comments?post=4382977"}],"wp:featuredmedia":[{"embeddable":true,"href":"https:\/\/tupique.com\/en\/wp-json\/wp\/v2\/media\/4382976"}],"wp:attachment":[{"href":"https:\/\/tupique.com\/en\/wp-json\/wp\/v2\/media?parent=4382977"}],"wp:term":[{"taxonomy":"product_brand","embeddable":true,"href":"https:\/\/tupique.com\/en\/wp-json\/wp\/v2\/product_brand?post=4382977"},{"taxonomy":"product_cat","embeddable":true,"href":"https:\/\/tupique.com\/en\/wp-json\/wp\/v2\/product_cat?post=4382977"},{"taxonomy":"product_tag","embeddable":true,"href":"https:\/\/tupique.com\/en\/wp-json\/wp\/v2\/product_tag?post=4382977"}],"curies":[{"name":"wp","href":"https:\/\/api.w.org\/{rel}","templated":true}]}}