{"id":4383177,"date":"2026-04-08T04:01:24","date_gmt":"2026-04-08T03:01:24","guid":{"rendered":"https:\/\/tupique.com\/produit\/ordinateur-portable-apple-ssd-153-m4-16-gb-ram-2\/"},"modified":"2026-04-08T05:55:29","modified_gmt":"2026-04-08T04:55:29","slug":"ordinateur-portable-apple-ssd-153-m4-16-gb-ram-2","status":"publish","type":"product","link":"https:\/\/tupique.com\/en\/product\/ordinateur-portable-apple-ssd-153-m4-16-gb-ram-2\/","title":{"rendered":"Ordinateur Portable Apple SSD 15,3&#8243; M4 16 GB RAM"},"content":{"rendered":"<p>If you're looking for the latest trends on the market, we've got you covered. <b>Ordinateur Portable Apple SSD 15,3&#8243; M4 16 GB RAM<\/b> !<\/p>\n<p>Le <b>Apple MacBook Air M4 de 15,3&#8243;<\/b> est un <b>ordinateur portable<\/b> haut de gamme con\u00e7u pour les utilisateurs recherchant un \u00e9quilibre optimal entre puissance, mobilit\u00e9 et design \u00e9l\u00e9gant. \u00c9quip\u00e9 d\u2019un puissant <b>processeur CPU 10 c\u0153urs<\/b> et d\u2019une <b>GPU 10 c\u0153urs<\/b>, ce mod\u00e8le offre des performances remarquables pour les t\u00e2ches professionnelles comme pour le divertissement multim\u00e9dia. Il dispose de <b>16 Go de m\u00e9moire RAM<\/b>, garantissant une gestion fluide de plusieurs applications simultan\u00e9es et une stabilit\u00e9 m\u00eame en environnements exigeants. Son <b>stockage SSD de 256 Go<\/b> assure un acc\u00e8s rapide aux fichiers et programmes, am\u00e9liorant significativement les temps de chargement et la r\u00e9activit\u00e9 g\u00e9n\u00e9rale du syst\u00e8me. Ce MacBook Air se distingue aussi par son design <b>argent\u00e9<\/b>, avec une finition grise \u00e9l\u00e9gante alliant sophistication et robustesse, ainsi qu\u2019un <b>clavier AZERTY<\/b> adapt\u00e9 aux utilisateurs habitu\u00e9s \u00e0 cette disposition, id\u00e9al pour optimiser la saisie multilingue. L\u2019\u00e9cran de 15,3 pouces offre un format large et confortable pour travailler, \u00e9tudier ou profiter de contenus audiovisuels avec une grande nettet\u00e9 et d\u00e9finition. De plus, l\u2019architecture de stockage SSD contribue \u00e0 la l\u00e9g\u00e8ret\u00e9 de l\u2019appareil et \u00e0 une consommation \u00e9nerg\u00e9tique r\u00e9duite. Dans l\u2019ensemble, le MacBook Air M4 se positionne comme une solution avanc\u00e9e dans la gamme Apple, pens\u00e9e pour les professionnels et utilisateurs exigeants cherchant une combinaison efficace de puissance, portabilit\u00e9 et design soign\u00e9 dans leur ordinateur portable.<\/p>\n<ul>\n<li>Type:\n<ul>\n<li>Ordinateur Portable<\/li>\n<li>SSD<\/li>\n<\/ul>\n<\/li>\n<li>Plug-in product: Yes<\/li>\n<li>Type de m\u00e9moire: SDRAM<\/li>\n<li>Clavier:\n<ul>\n<li>Azerty Fran\u00e7ais<\/li>\n<li>AZERTY<\/li>\n<\/ul>\n<\/li>\n<li>Socket type: EU socket<\/li>\n<li>Bloc d\u2019Alimentation: r\u00e9seau \u00e9lectrique<\/li>\n<li>Compatible: PC<\/li>\n<li>USB: 2<\/li>\n<li>Syst\u00e8me d&#8217;exploitation: macOS<\/li>\n<li>R\u00e9solution:\n<ul>\n<li>12 MP<\/li>\n<li>Full HD<\/li>\n<li>4K Ultra HD<\/li>\n<\/ul>\n<\/li>\n<li>Type de stockage: SSD<\/li>\n<li>Connectivity:\n<ul>\n<li>Bluetooth<\/li>\n<li>6 GHz Wi-Fi<\/li>\n<li>Bluetooth 5.3<\/li>\n<\/ul>\n<\/li>\n<li>Poids: 1,51 kg<\/li>\n<li>Colour:\n<ul>\n<li>Grey<\/li>\n<li>Silver<\/li>\n<\/ul>\n<\/li>\n<li>Taille: 34 cm<\/li>\n<li>Indice de r\u00e9parabilit\u00e9: 6.8<\/li>\n<li>Connections:\n<ul>\n<li>2<\/li>\n<li>Thunderbolt 4 x 2<\/li>\n<\/ul>\n<\/li>\n<li>Rapport d&#8217;aspect: 16:10<\/li>\n<li>M\u00e9moire RAM: 16 GB RAM<\/li>\n<li>Disque dur:\n<ul>\n<li>SSD<\/li>\n<li>256 GB SSD<\/li>\n<\/ul>\n<\/li>\n<li>Dimensions approx.: 43 x 9 x 33 cm<\/li>\n<li>Material: Aluminium<\/li>\n<li>Features:\n<ul>\n<li>Front camera<\/li>\n<li>HDR<\/li>\n<li>Built-in microphone<\/li>\n<li>R\u00e9tro-\u00e9clair\u00e9<\/li>\n<li>Fingerprint reader<\/li>\n<li>Adaptateur graphique int\u00e9gr\u00e9<\/li>\n<\/ul>\n<\/li>\n<li>Technology:\n<ul>\n<li>LED<\/li>\n<li>IPS<\/li>\n<\/ul>\n<\/li>\n<li>Frequency: 50 - 60 Hz<\/li>\n<li>Glow: 500 cd\/m2<\/li>\n<li>Tension: 100 &#8211; 240 V<\/li>\n<li>Non Inclus:\n<ul>\n<li>Type d&#8217;unit\u00e9 optique<\/li>\n<li>Adaptateur AC<\/li>\n<li>Clavier num\u00e9rique<\/li>\n<li>Mobile network connection<\/li>\n<li>Adaptateur graphique discret<\/li>\n<\/ul>\n<\/li>\n<li>Ethernet: No<\/li>\n<li>Touch screen: No<\/li>\n<li>Pr\u00e9cision (humidit\u00e9 relative): 0 % &#8211; 90 %<\/li>\n<li>Autonomie de reproduction approx.: 18 heures<\/li>\n<li>Certificate: ENERGY STAR<\/li>\n<li>Inclut: SSD x 1<\/li>\n<li>Battery type: Litio Ion<\/li>\n<li>Cores:\n<ul>\n<li>10 Noyaux<\/li>\n<li>16 Cores<\/li>\n<\/ul>\n<\/li>\n<li>R\u00e9solution (px): 1920 x 1080 px<\/li>\n<li>Ecran: 15,3&#8243;<\/li>\n<li>Processor: M4<\/li>\n<li>Dispositif intelligent: Apple Intelligence<\/li>\n<\/ul>","protected":false},"excerpt":{"rendered":"<p><span class=\"unit-info\">4373.5000 &euro; \/ 1 m<\/span><\/p>","protected":false},"featured_media":4383171,"comment_status":"open","ping_status":"closed","template":"","meta":{"_joinchat":[]},"product_brand":[157892],"product_cat":[157516,157583,155043],"product_tag":[157514,157546,157515],"class_list":{"0":"post-4383177","1":"product","2":"type-product","3":"status-publish","4":"has-post-thumbnail","6":"product_brand-brandp_533","7":"product_cat-informatique-electronique","8":"product_cat-informatique-ordinateurs","9":"product_cat-notebooks","10":"product_tag-tag_933","11":"product_tag-tag_1304","12":"product_tag-tag_1295","14":"first","15":"instock","16":"taxable","17":"shipping-taxable","18":"purchasable","19":"product-type-simple"},"yoast_head":"<!-- This site is optimized with the Yoast SEO plugin v27.2 - https:\/\/yoast.com\/product\/yoast-seo-wordpress\/ -->\n<title>Ordinateur Portable Apple SSD 15,3&quot; M4 16 GB RAM - Tupique<\/title>\n<meta name=\"description\" content=\"Vous cherchez Ordinateur Portable Apple SSD 15,3&quot; M4 16 GB RAM ? Achetez des produits chez Tupique. Profitez de la livraison gratuite pour obtenir Ordinateur Portable Apple SSD 15,3&quot; M4 16 GB RAM d\u00e8s maintenant.\" \/>\n<meta name=\"robots\" content=\"index, follow, max-snippet:-1, max-image-preview:large, max-video-preview:-1\" \/>\n<link rel=\"canonical\" href=\"https:\/\/tupique.com\/en\/product\/ordinateur-portable-apple-ssd-153-m4-16-gb-ram-2\/\" \/>\n<meta property=\"og:locale\" content=\"en_GB\" \/>\n<meta property=\"og:type\" content=\"article\" \/>\n<meta property=\"og:title\" content=\"Ordinateur Portable Apple SSD 15,3&quot; M4 16 GB RAM - Tupique\" \/>\n<meta property=\"og:description\" content=\"Vous cherchez Ordinateur Portable Apple SSD 15,3&quot; M4 16 GB RAM ? Achetez des produits chez Tupique. Profitez de la livraison gratuite pour obtenir Ordinateur Portable Apple SSD 15,3&quot; M4 16 GB RAM d\u00e8s maintenant.\" \/>\n<meta property=\"og:url\" content=\"https:\/\/tupique.com\/en\/product\/ordinateur-portable-apple-ssd-153-m4-16-gb-ram-2\/\" \/>\n<meta property=\"og:site_name\" content=\"Tupique\" \/>\n<meta property=\"article:modified_time\" content=\"2026-04-08T04:55:29+00:00\" \/>\n<meta property=\"og:image\" content=\"https:\/\/tupique.com\/wp-content\/uploads\/2026\/04\/0195949839986_S71017273_P00.jpg\" \/>\n\t<meta property=\"og:image:width\" content=\"1200\" \/>\n\t<meta property=\"og:image:height\" content=\"1200\" \/>\n\t<meta property=\"og:image:type\" content=\"image\/jpeg\" \/>\n<meta name=\"twitter:card\" content=\"summary_large_image\" \/>\n<meta name=\"twitter:label1\" content=\"Estimated reading time\" \/>\n\t<meta name=\"twitter:data1\" content=\"2 minutes\" \/>\n<script type=\"application\/ld+json\" class=\"yoast-schema-graph\">{\"@context\":\"https:\/\/schema.org\",\"@graph\":[{\"@type\":\"WebPage\",\"@id\":\"https:\/\/tupique.com\/produit\/ordinateur-portable-apple-ssd-153-m4-16-gb-ram-2\/\",\"url\":\"https:\/\/tupique.com\/produit\/ordinateur-portable-apple-ssd-153-m4-16-gb-ram-2\/\",\"name\":\"Ordinateur Portable Apple SSD 15,3\\\" M4 16 GB RAM - Tupique\",\"isPartOf\":{\"@id\":\"https:\/\/tupique.com\/#website\"},\"primaryImageOfPage\":{\"@id\":\"https:\/\/tupique.com\/produit\/ordinateur-portable-apple-ssd-153-m4-16-gb-ram-2\/#primaryimage\"},\"image\":{\"@id\":\"https:\/\/tupique.com\/produit\/ordinateur-portable-apple-ssd-153-m4-16-gb-ram-2\/#primaryimage\"},\"thumbnailUrl\":\"https:\/\/tupique.com\/wp-content\/uploads\/2026\/04\/0195949839986_S71017273_P00.jpg\",\"datePublished\":\"2026-04-08T03:01:24+00:00\",\"dateModified\":\"2026-04-08T04:55:29+00:00\",\"description\":\"Vous cherchez Ordinateur Portable Apple SSD 15,3\\\" M4 16 GB RAM ? Achetez des produits chez Tupique. Profitez de la livraison gratuite pour obtenir Ordinateur Portable Apple SSD 15,3\\\" M4 16 GB RAM d\u00e8s maintenant.\",\"breadcrumb\":{\"@id\":\"https:\/\/tupique.com\/produit\/ordinateur-portable-apple-ssd-153-m4-16-gb-ram-2\/#breadcrumb\"},\"inLanguage\":\"en-GB\",\"potentialAction\":[{\"@type\":\"ReadAction\",\"target\":[\"https:\/\/tupique.com\/produit\/ordinateur-portable-apple-ssd-153-m4-16-gb-ram-2\/\"]}]},{\"@type\":\"ImageObject\",\"inLanguage\":\"en-GB\",\"@id\":\"https:\/\/tupique.com\/produit\/ordinateur-portable-apple-ssd-153-m4-16-gb-ram-2\/#primaryimage\",\"url\":\"https:\/\/tupique.com\/wp-content\/uploads\/2026\/04\/0195949839986_S71017273_P00.jpg\",\"contentUrl\":\"https:\/\/tupique.com\/wp-content\/uploads\/2026\/04\/0195949839986_S71017273_P00.jpg\",\"width\":1200,\"height\":1200,\"caption\":\"S71017273_0\"},{\"@type\":\"BreadcrumbList\",\"@id\":\"https:\/\/tupique.com\/produit\/ordinateur-portable-apple-ssd-153-m4-16-gb-ram-2\/#breadcrumb\",\"itemListElement\":[{\"@type\":\"ListItem\",\"position\":1,\"name\":\"In\u00edcio\",\"item\":\"https:\/\/tupique.com\/\"},{\"@type\":\"ListItem\",\"position\":2,\"name\":\"Boutique\",\"item\":\"https:\/\/tupique.com\/en\/boutique\/\"},{\"@type\":\"ListItem\",\"position\":3,\"name\":\"Ordinateur Portable Apple SSD 15,3&#8243; M4 16 GB RAM\"}]},{\"@type\":\"WebSite\",\"@id\":\"https:\/\/tupique.com\/#website\",\"url\":\"https:\/\/tupique.com\/\",\"name\":\"Tupique\",\"description\":\"Marketplace\",\"publisher\":{\"@id\":\"https:\/\/tupique.com\/#organization\"},\"potentialAction\":[{\"@type\":\"SearchAction\",\"target\":{\"@type\":\"EntryPoint\",\"urlTemplate\":\"https:\/\/tupique.com\/?s={search_term_string}\"},\"query-input\":{\"@type\":\"PropertyValueSpecification\",\"valueRequired\":true,\"valueName\":\"search_term_string\"}}],\"inLanguage\":\"en-GB\"},{\"@type\":\"Organization\",\"@id\":\"https:\/\/tupique.com\/#organization\",\"name\":\"Tupique\",\"url\":\"https:\/\/tupique.com\/\",\"logo\":{\"@type\":\"ImageObject\",\"inLanguage\":\"en-GB\",\"@id\":\"https:\/\/tupique.com\/#\/schema\/logo\/image\/\",\"url\":\"https:\/\/tupique.com\/wp-content\/uploads\/2024\/09\/logo.png\",\"contentUrl\":\"https:\/\/tupique.com\/wp-content\/uploads\/2024\/09\/logo.png\",\"width\":1118,\"height\":310,\"caption\":\"Tupique\"},\"image\":{\"@id\":\"https:\/\/tupique.com\/#\/schema\/logo\/image\/\"}}]}<\/script>\n<!-- \/ Yoast SEO plugin. -->","yoast_head_json":{"title":"Ordinateur Portable Apple SSD 15,3\" M4 16 GB RAM - Tupique","description":"Vous cherchez Ordinateur Portable Apple SSD 15,3\" M4 16 GB RAM ? Achetez des produits chez Tupique. Profitez de la livraison gratuite pour obtenir Ordinateur Portable Apple SSD 15,3\" M4 16 GB RAM d\u00e8s maintenant.","robots":{"index":"index","follow":"follow","max-snippet":"max-snippet:-1","max-image-preview":"max-image-preview:large","max-video-preview":"max-video-preview:-1"},"canonical":"https:\/\/tupique.com\/en\/product\/ordinateur-portable-apple-ssd-153-m4-16-gb-ram-2\/","og_locale":"en_GB","og_type":"article","og_title":"Ordinateur Portable Apple SSD 15,3\" M4 16 GB RAM - Tupique","og_description":"Vous cherchez Ordinateur Portable Apple SSD 15,3\" M4 16 GB RAM ? Achetez des produits chez Tupique. Profitez de la livraison gratuite pour obtenir Ordinateur Portable Apple SSD 15,3\" M4 16 GB RAM d\u00e8s maintenant.","og_url":"https:\/\/tupique.com\/en\/product\/ordinateur-portable-apple-ssd-153-m4-16-gb-ram-2\/","og_site_name":"Tupique","article_modified_time":"2026-04-08T04:55:29+00:00","og_image":[{"width":1200,"height":1200,"url":"https:\/\/tupique.com\/wp-content\/uploads\/2026\/04\/0195949839986_S71017273_P00.jpg","type":"image\/jpeg"}],"twitter_card":"summary_large_image","twitter_misc":{"Estimated reading time":"2 minutes"},"schema":{"@context":"https:\/\/schema.org","@graph":[{"@type":"WebPage","@id":"https:\/\/tupique.com\/produit\/ordinateur-portable-apple-ssd-153-m4-16-gb-ram-2\/","url":"https:\/\/tupique.com\/produit\/ordinateur-portable-apple-ssd-153-m4-16-gb-ram-2\/","name":"Ordinateur Portable Apple SSD 15,3\" M4 16 GB RAM - Tupique","isPartOf":{"@id":"https:\/\/tupique.com\/#website"},"primaryImageOfPage":{"@id":"https:\/\/tupique.com\/produit\/ordinateur-portable-apple-ssd-153-m4-16-gb-ram-2\/#primaryimage"},"image":{"@id":"https:\/\/tupique.com\/produit\/ordinateur-portable-apple-ssd-153-m4-16-gb-ram-2\/#primaryimage"},"thumbnailUrl":"https:\/\/tupique.com\/wp-content\/uploads\/2026\/04\/0195949839986_S71017273_P00.jpg","datePublished":"2026-04-08T03:01:24+00:00","dateModified":"2026-04-08T04:55:29+00:00","description":"Vous cherchez Ordinateur Portable Apple SSD 15,3\" M4 16 GB RAM ? Achetez des produits chez Tupique. Profitez de la livraison gratuite pour obtenir Ordinateur Portable Apple SSD 15,3\" M4 16 GB RAM d\u00e8s maintenant.","breadcrumb":{"@id":"https:\/\/tupique.com\/produit\/ordinateur-portable-apple-ssd-153-m4-16-gb-ram-2\/#breadcrumb"},"inLanguage":"en-GB","potentialAction":[{"@type":"ReadAction","target":["https:\/\/tupique.com\/produit\/ordinateur-portable-apple-ssd-153-m4-16-gb-ram-2\/"]}]},{"@type":"ImageObject","inLanguage":"en-GB","@id":"https:\/\/tupique.com\/produit\/ordinateur-portable-apple-ssd-153-m4-16-gb-ram-2\/#primaryimage","url":"https:\/\/tupique.com\/wp-content\/uploads\/2026\/04\/0195949839986_S71017273_P00.jpg","contentUrl":"https:\/\/tupique.com\/wp-content\/uploads\/2026\/04\/0195949839986_S71017273_P00.jpg","width":1200,"height":1200,"caption":"S71017273_0"},{"@type":"BreadcrumbList","@id":"https:\/\/tupique.com\/produit\/ordinateur-portable-apple-ssd-153-m4-16-gb-ram-2\/#breadcrumb","itemListElement":[{"@type":"ListItem","position":1,"name":"In\u00edcio","item":"https:\/\/tupique.com\/"},{"@type":"ListItem","position":2,"name":"Boutique","item":"https:\/\/tupique.com\/en\/boutique\/"},{"@type":"ListItem","position":3,"name":"Ordinateur Portable Apple SSD 15,3&#8243; M4 16 GB RAM"}]},{"@type":"WebSite","@id":"https:\/\/tupique.com\/#website","url":"https:\/\/tupique.com\/","name":"Tupique","description":"Marketplace","publisher":{"@id":"https:\/\/tupique.com\/#organization"},"potentialAction":[{"@type":"SearchAction","target":{"@type":"EntryPoint","urlTemplate":"https:\/\/tupique.com\/?s={search_term_string}"},"query-input":{"@type":"PropertyValueSpecification","valueRequired":true,"valueName":"search_term_string"}}],"inLanguage":"en-GB"},{"@type":"Organization","@id":"https:\/\/tupique.com\/#organization","name":"Tupique","url":"https:\/\/tupique.com\/","logo":{"@type":"ImageObject","inLanguage":"en-GB","@id":"https:\/\/tupique.com\/#\/schema\/logo\/image\/","url":"https:\/\/tupique.com\/wp-content\/uploads\/2024\/09\/logo.png","contentUrl":"https:\/\/tupique.com\/wp-content\/uploads\/2024\/09\/logo.png","width":1118,"height":310,"caption":"Tupique"},"image":{"@id":"https:\/\/tupique.com\/#\/schema\/logo\/image\/"}}]}},"jetpack_sharing_enabled":true,"_links":{"self":[{"href":"https:\/\/tupique.com\/en\/wp-json\/wp\/v2\/product\/4383177","targetHints":{"allow":["GET"]}}],"collection":[{"href":"https:\/\/tupique.com\/en\/wp-json\/wp\/v2\/product"}],"about":[{"href":"https:\/\/tupique.com\/en\/wp-json\/wp\/v2\/types\/product"}],"replies":[{"embeddable":true,"href":"https:\/\/tupique.com\/en\/wp-json\/wp\/v2\/comments?post=4383177"}],"wp:featuredmedia":[{"embeddable":true,"href":"https:\/\/tupique.com\/en\/wp-json\/wp\/v2\/media\/4383171"}],"wp:attachment":[{"href":"https:\/\/tupique.com\/en\/wp-json\/wp\/v2\/media?parent=4383177"}],"wp:term":[{"taxonomy":"product_brand","embeddable":true,"href":"https:\/\/tupique.com\/en\/wp-json\/wp\/v2\/product_brand?post=4383177"},{"taxonomy":"product_cat","embeddable":true,"href":"https:\/\/tupique.com\/en\/wp-json\/wp\/v2\/product_cat?post=4383177"},{"taxonomy":"product_tag","embeddable":true,"href":"https:\/\/tupique.com\/en\/wp-json\/wp\/v2\/product_tag?post=4383177"}],"curies":[{"name":"wp","href":"https:\/\/api.w.org\/{rel}","templated":true}]}}