{"id":4383190,"date":"2026-04-08T04:01:41","date_gmt":"2026-04-08T03:01:41","guid":{"rendered":"https:\/\/tupique.com\/produit\/ordinateur-portable-asus-vivobook-15-s1502-16-gb-ram-512-gb-ssd-azerty-156\/"},"modified":"2026-04-08T05:55:32","modified_gmt":"2026-04-08T04:55:32","slug":"ordinateur-portable-asus-vivobook-15-s1502-16-gb-ram-512-gb-ssd-azerty-156","status":"publish","type":"product","link":"https:\/\/tupique.com\/en\/product\/ordinateur-portable-asus-vivobook-15-s1502-16-gb-ram-512-gb-ssd-azerty-156\/","title":{"rendered":"Ordinateur Portable Asus VivoBook 15 S1502 16 GB RAM 512 GB SSD AZERTY 15,6&#8243;"},"content":{"rendered":"<p>If you are passionate about\u2019<b>computer science and electronics<\/b>, If you're at the cutting edge of technology and don't want to miss a thing, buy <b>Ordinateur Portable Asus VivoBook 15 S1502 16 GB RAM 512 GB SSD AZERTY 15,6&#8243;<\/b> at the best price.<\/p>\n<p>Le <b>VivoBook 15 S1502<\/b> d\u2019Asus est un <b>laptop<\/b> polyvalent qui allie puissance et fonctionnalit\u00e9 pour ceux qui recherchent performance et confort au quotidien. Il est \u00e9quip\u00e9 d\u2019un <b>processeur Intel Core i9-13900H<\/b> avanc\u00e9, l\u2019un des plus rapides de sa cat\u00e9gorie, garantissant une ex\u00e9cution fluide des t\u00e2ches exigeantes, du travail bureautique \u00e0 l\u2019\u00e9dition de contenus et au divertissement multim\u00e9dia. Il int\u00e8gre <b>16 Go de m\u00e9moire RAM<\/b> pour une multit\u00e2che sans ralentissement et un <b>SSD de 512 Go<\/b> offrant une grande rapidit\u00e9 d\u2019acc\u00e8s aux fichiers, des d\u00e9marrages et transferts rapides, ainsi qu\u2019un espace suffisant pour documents, logiciels et contenus multim\u00e9dias. Son <b>\u00e9cran FHD de 15,6 pouces<\/b> au format 16:9 affiche des images nettes et \u00e9clatantes, id\u00e9al pour la productivit\u00e9 comme pour profiter de s\u00e9ries, vid\u00e9os ou photos ; le taux de rafra\u00eechissement de 60 Hz assure une visualisation stable en toute circonstance. L\u2019ordinateur portable arbore une <b>couleur grise<\/b> moderne et est con\u00e7u en plastique r\u00e9sistant, combinant robustesse et portabilit\u00e9. C\u00f4t\u00e9 connectivit\u00e9, il propose un port <b>HDMI<\/b> pour la connexion directe \u00e0 des \u00e9crans externes, un <b>USB-C<\/b> pour des transferts rapides et la compatibilit\u00e9 avec les p\u00e9riph\u00e9riques actuels, ainsi que le <b>Bluetooth<\/b> pour connecter facilement des appareils sans fil. Il dispose d\u2019un <b>clavier azerty fran\u00e7ais<\/b>, pratique pour les utilisateurs francophones ou ceux ayant besoin de cette disposition, et s\u2019int\u00e8gre parfaitement dans les environnements domestiques, d\u2019\u00e9tude ou professionnels gr\u00e2ce au syst\u00e8me d\u2019exploitation Windows 11, optimis\u00e9 pour exploiter le mat\u00e9riel moderne. Dans l\u2019ensemble, l\u2019Asus VivoBook 15 S1502 se distingue comme un choix \u00e9quilibr\u00e9 pour ceux qui exigent de hautes performances et des solutions pratiques dans un ordinateur portable de derni\u00e8re g\u00e9n\u00e9ration.<\/p>\n<ul>\n<li>Plug-in product: Yes<\/li>\n<li>Type de m\u00e9moire:\n<ul>\n<li>SDRAM<\/li>\n<li>DDR5<\/li>\n<\/ul>\n<\/li>\n<li>Clavier:\n<ul>\n<li>Azerty Fran\u00e7ais<\/li>\n<li>AZERTY<\/li>\n<\/ul>\n<\/li>\n<li>Bloc d\u2019Alimentation: r\u00e9seau \u00e9lectrique<\/li>\n<li>Colour: Grey<\/li>\n<li>Processor family:\n<ul>\n<li>Intel<\/li>\n<li>Intel Core i9<\/li>\n<\/ul>\n<\/li>\n<li>Indice de r\u00e9parabilit\u00e9: 9.6<\/li>\n<li>Contr\u00f4leur graphique: intel iris xe graphics<\/li>\n<li>Frequency:\n<ul>\n<li>60 Hz<\/li>\n<li>2,3 GHz<\/li>\n<\/ul>\n<\/li>\n<li>Technologie: DDR4<\/li>\n<li>speed:\n<ul>\n<li>5.4 GHz<\/li>\n<li>5.3 Ghz<\/li>\n<\/ul>\n<\/li>\n<li>Operating system:\n<ul>\n<li>Windows 11<\/li>\n<li>Windows 11 Home<\/li>\n<\/ul>\n<\/li>\n<li>Type de stockage: SSD<\/li>\n<li>Aspect ratio: 16:9<\/li>\n<li>R\u00e9solution (px): 1920 x 1080 px<\/li>\n<li>M\u00e9moire RAM: 16 GB RAM<\/li>\n<li>Disque dur: 512 GB SSD<\/li>\n<li>Dimensions approx.: 36 x 23 x 1 cm<\/li>\n<li>Features:\n<ul>\n<li>Integrated speakers<\/li>\n<li>Rechargeable battery<\/li>\n<li>Built-in microphone<\/li>\n<li>Wi-Fi<\/li>\n<li>\u00c9cran HD<\/li>\n<li>Webcam<\/li>\n<li>Clavier complet<\/li>\n<li>\u00c9cran plat<\/li>\n<\/ul>\n<\/li>\n<li>Connections:\n<ul>\n<li>HDMI<\/li>\n<li>USB-C<\/li>\n<li>USB 3.2<\/li>\n<\/ul>\n<\/li>\n<li>Connectivity:\n<ul>\n<li>Bluetooth<\/li>\n<li>Wi-Fi<\/li>\n<li>Ethernet LAN 10\/100\/1000 Mbit<\/li>\n<\/ul>\n<\/li>\n<li>R\u00e9solution: Full HD<\/li>\n<li>USB: 3<\/li>\n<li>Lecteur de Cartes: SD, SDHC, MMC<\/li>\n<li>Ecran: 15,6&#8243;<\/li>\n<li>Type d&#8217;unit\u00e9 optique: Non<\/li>\n<li>Includes:\n<ul>\n<li>C\u00e2ble d\u2019Alimentation<\/li>\n<li>Touchpad<\/li>\n<li>Battery charger<\/li>\n<li>Clavier<\/li>\n<li>SSD x1<\/li>\n<li>User manual<\/li>\n<li>Touch screen<\/li>\n<\/ul>\n<\/li>\n<li>Touch screen: No<\/li>\n<li>Poids: 1,7 kg<\/li>\n<li>Type: Ordinateur Portable<\/li>\n<li>Noyaux: 14 Noyaux<\/li>\n<li>Processeur: Intel Core i9-13900H<\/li>\n<li>Diagonale de l&#8217;\u00e9cran (cm): 39,6 cm<\/li>\n<li>Taille: 15,6&#8221;<\/li>\n<li>Puissance de charge: 65 W<\/li>\n<li>Adaptateur: 65 w<\/li>\n<\/ul>","protected":false},"excerpt":{"rendered":"<p>Si vous \u00eates passionn\u00e9 d&#8217;informatique et d&#8217;\u00e9lectronique, si vous \u00eates \u00e0 la pointe de la technologie et qu&#8217;aucun d\u00e9tail ne<\/p>","protected":false},"featured_media":4383185,"comment_status":"open","ping_status":"closed","template":"","meta":{"_joinchat":[]},"product_brand":[158054],"product_cat":[157516,157583,155043],"product_tag":[157514,157546,157515],"class_list":{"0":"post-4383190","1":"product","2":"type-product","3":"status-publish","4":"has-post-thumbnail","6":"product_brand-brandp_536","7":"product_cat-informatique-electronique","8":"product_cat-informatique-ordinateurs","9":"product_cat-notebooks","10":"product_tag-tag_933","11":"product_tag-tag_1304","12":"product_tag-tag_1295","14":"first","15":"instock","16":"taxable","17":"shipping-taxable","18":"purchasable","19":"product-type-simple"},"yoast_head":"<!-- This site is optimized with the Yoast SEO plugin v27.2 - https:\/\/yoast.com\/product\/yoast-seo-wordpress\/ -->\n<title>Ordinateur Portable Asus VivoBook 15 S1502 16 GB RAM 512 GB SSD AZERTY 15,6&quot; - Tupique<\/title>\n<meta name=\"description\" content=\"Vous cherchez Ordinateur Portable Asus VivoBook 15 S1502 16 GB RAM 512 GB SSD AZERTY 15,6&quot; ? Achetez des produits chez Tupique. Profitez de la livraison gratuite pour obtenir Ordinateur Portable Asus VivoBook 15 S1502 16 GB RAM 512 GB SSD AZERTY 15,6&quot; d\u00e8s maintenant.\" \/>\n<meta name=\"robots\" content=\"index, follow, max-snippet:-1, max-image-preview:large, max-video-preview:-1\" \/>\n<link rel=\"canonical\" href=\"https:\/\/tupique.com\/en\/product\/ordinateur-portable-asus-vivobook-15-s1502-16-gb-ram-512-gb-ssd-azerty-156\/\" \/>\n<meta property=\"og:locale\" content=\"en_GB\" \/>\n<meta property=\"og:type\" content=\"article\" \/>\n<meta property=\"og:title\" content=\"Ordinateur Portable Asus VivoBook 15 S1502 16 GB RAM 512 GB SSD AZERTY 15,6&quot; - Tupique\" \/>\n<meta property=\"og:description\" content=\"Vous cherchez Ordinateur Portable Asus VivoBook 15 S1502 16 GB RAM 512 GB SSD AZERTY 15,6&quot; ? Achetez des produits chez Tupique. Profitez de la livraison gratuite pour obtenir Ordinateur Portable Asus VivoBook 15 S1502 16 GB RAM 512 GB SSD AZERTY 15,6&quot; d\u00e8s maintenant.\" \/>\n<meta property=\"og:url\" content=\"https:\/\/tupique.com\/en\/product\/ordinateur-portable-asus-vivobook-15-s1502-16-gb-ram-512-gb-ssd-azerty-156\/\" \/>\n<meta property=\"og:site_name\" content=\"Tupique\" \/>\n<meta property=\"article:modified_time\" content=\"2026-04-08T04:55:32+00:00\" \/>\n<meta property=\"og:image\" content=\"https:\/\/tupique.com\/wp-content\/uploads\/2026\/04\/4711387831793_S71014683_P00.jpg\" \/>\n\t<meta property=\"og:image:width\" content=\"1200\" \/>\n\t<meta property=\"og:image:height\" content=\"1200\" \/>\n\t<meta property=\"og:image:type\" content=\"image\/jpeg\" \/>\n<meta name=\"twitter:card\" content=\"summary_large_image\" \/>\n<meta name=\"twitter:label1\" content=\"Estimated reading time\" \/>\n\t<meta name=\"twitter:data1\" content=\"2 minutes\" \/>\n<script type=\"application\/ld+json\" class=\"yoast-schema-graph\">{\"@context\":\"https:\/\/schema.org\",\"@graph\":[{\"@type\":\"WebPage\",\"@id\":\"https:\/\/tupique.com\/produit\/ordinateur-portable-asus-vivobook-15-s1502-16-gb-ram-512-gb-ssd-azerty-156\/\",\"url\":\"https:\/\/tupique.com\/produit\/ordinateur-portable-asus-vivobook-15-s1502-16-gb-ram-512-gb-ssd-azerty-156\/\",\"name\":\"Ordinateur Portable Asus VivoBook 15 S1502 16 GB RAM 512 GB SSD AZERTY 15,6\\\" - Tupique\",\"isPartOf\":{\"@id\":\"https:\/\/tupique.com\/#website\"},\"primaryImageOfPage\":{\"@id\":\"https:\/\/tupique.com\/produit\/ordinateur-portable-asus-vivobook-15-s1502-16-gb-ram-512-gb-ssd-azerty-156\/#primaryimage\"},\"image\":{\"@id\":\"https:\/\/tupique.com\/produit\/ordinateur-portable-asus-vivobook-15-s1502-16-gb-ram-512-gb-ssd-azerty-156\/#primaryimage\"},\"thumbnailUrl\":\"https:\/\/tupique.com\/wp-content\/uploads\/2026\/04\/4711387831793_S71014683_P00.jpg\",\"datePublished\":\"2026-04-08T03:01:41+00:00\",\"dateModified\":\"2026-04-08T04:55:32+00:00\",\"description\":\"Vous cherchez Ordinateur Portable Asus VivoBook 15 S1502 16 GB RAM 512 GB SSD AZERTY 15,6\\\" ? Achetez des produits chez Tupique. Profitez de la livraison gratuite pour obtenir Ordinateur Portable Asus VivoBook 15 S1502 16 GB RAM 512 GB SSD AZERTY 15,6\\\" d\u00e8s maintenant.\",\"breadcrumb\":{\"@id\":\"https:\/\/tupique.com\/produit\/ordinateur-portable-asus-vivobook-15-s1502-16-gb-ram-512-gb-ssd-azerty-156\/#breadcrumb\"},\"inLanguage\":\"en-GB\",\"potentialAction\":[{\"@type\":\"ReadAction\",\"target\":[\"https:\/\/tupique.com\/produit\/ordinateur-portable-asus-vivobook-15-s1502-16-gb-ram-512-gb-ssd-azerty-156\/\"]}]},{\"@type\":\"ImageObject\",\"inLanguage\":\"en-GB\",\"@id\":\"https:\/\/tupique.com\/produit\/ordinateur-portable-asus-vivobook-15-s1502-16-gb-ram-512-gb-ssd-azerty-156\/#primaryimage\",\"url\":\"https:\/\/tupique.com\/wp-content\/uploads\/2026\/04\/4711387831793_S71014683_P00.jpg\",\"contentUrl\":\"https:\/\/tupique.com\/wp-content\/uploads\/2026\/04\/4711387831793_S71014683_P00.jpg\",\"width\":1200,\"height\":1200,\"caption\":\"S71014683_0\"},{\"@type\":\"BreadcrumbList\",\"@id\":\"https:\/\/tupique.com\/produit\/ordinateur-portable-asus-vivobook-15-s1502-16-gb-ram-512-gb-ssd-azerty-156\/#breadcrumb\",\"itemListElement\":[{\"@type\":\"ListItem\",\"position\":1,\"name\":\"In\u00edcio\",\"item\":\"https:\/\/tupique.com\/\"},{\"@type\":\"ListItem\",\"position\":2,\"name\":\"Boutique\",\"item\":\"https:\/\/tupique.com\/en\/boutique\/\"},{\"@type\":\"ListItem\",\"position\":3,\"name\":\"Ordinateur Portable Asus VivoBook 15 S1502 16 GB RAM 512 GB SSD AZERTY 15,6&#8243;\"}]},{\"@type\":\"WebSite\",\"@id\":\"https:\/\/tupique.com\/#website\",\"url\":\"https:\/\/tupique.com\/\",\"name\":\"Tupique\",\"description\":\"Marketplace\",\"publisher\":{\"@id\":\"https:\/\/tupique.com\/#organization\"},\"potentialAction\":[{\"@type\":\"SearchAction\",\"target\":{\"@type\":\"EntryPoint\",\"urlTemplate\":\"https:\/\/tupique.com\/?s={search_term_string}\"},\"query-input\":{\"@type\":\"PropertyValueSpecification\",\"valueRequired\":true,\"valueName\":\"search_term_string\"}}],\"inLanguage\":\"en-GB\"},{\"@type\":\"Organization\",\"@id\":\"https:\/\/tupique.com\/#organization\",\"name\":\"Tupique\",\"url\":\"https:\/\/tupique.com\/\",\"logo\":{\"@type\":\"ImageObject\",\"inLanguage\":\"en-GB\",\"@id\":\"https:\/\/tupique.com\/#\/schema\/logo\/image\/\",\"url\":\"https:\/\/tupique.com\/wp-content\/uploads\/2024\/09\/logo.png\",\"contentUrl\":\"https:\/\/tupique.com\/wp-content\/uploads\/2024\/09\/logo.png\",\"width\":1118,\"height\":310,\"caption\":\"Tupique\"},\"image\":{\"@id\":\"https:\/\/tupique.com\/#\/schema\/logo\/image\/\"}}]}<\/script>\n<!-- \/ Yoast SEO plugin. -->","yoast_head_json":{"title":"Ordinateur Portable Asus VivoBook 15 S1502 16 GB RAM 512 GB SSD AZERTY 15,6\" - Tupique","description":"Vous cherchez Ordinateur Portable Asus VivoBook 15 S1502 16 GB RAM 512 GB SSD AZERTY 15,6\" ? Achetez des produits chez Tupique. Profitez de la livraison gratuite pour obtenir Ordinateur Portable Asus VivoBook 15 S1502 16 GB RAM 512 GB SSD AZERTY 15,6\" d\u00e8s maintenant.","robots":{"index":"index","follow":"follow","max-snippet":"max-snippet:-1","max-image-preview":"max-image-preview:large","max-video-preview":"max-video-preview:-1"},"canonical":"https:\/\/tupique.com\/en\/product\/ordinateur-portable-asus-vivobook-15-s1502-16-gb-ram-512-gb-ssd-azerty-156\/","og_locale":"en_GB","og_type":"article","og_title":"Ordinateur Portable Asus VivoBook 15 S1502 16 GB RAM 512 GB SSD AZERTY 15,6\" - Tupique","og_description":"Vous cherchez Ordinateur Portable Asus VivoBook 15 S1502 16 GB RAM 512 GB SSD AZERTY 15,6\" ? Achetez des produits chez Tupique. Profitez de la livraison gratuite pour obtenir Ordinateur Portable Asus VivoBook 15 S1502 16 GB RAM 512 GB SSD AZERTY 15,6\" d\u00e8s maintenant.","og_url":"https:\/\/tupique.com\/en\/product\/ordinateur-portable-asus-vivobook-15-s1502-16-gb-ram-512-gb-ssd-azerty-156\/","og_site_name":"Tupique","article_modified_time":"2026-04-08T04:55:32+00:00","og_image":[{"width":1200,"height":1200,"url":"https:\/\/tupique.com\/wp-content\/uploads\/2026\/04\/4711387831793_S71014683_P00.jpg","type":"image\/jpeg"}],"twitter_card":"summary_large_image","twitter_misc":{"Estimated reading time":"2 minutes"},"schema":{"@context":"https:\/\/schema.org","@graph":[{"@type":"WebPage","@id":"https:\/\/tupique.com\/produit\/ordinateur-portable-asus-vivobook-15-s1502-16-gb-ram-512-gb-ssd-azerty-156\/","url":"https:\/\/tupique.com\/produit\/ordinateur-portable-asus-vivobook-15-s1502-16-gb-ram-512-gb-ssd-azerty-156\/","name":"Ordinateur Portable Asus VivoBook 15 S1502 16 GB RAM 512 GB SSD AZERTY 15,6\" - Tupique","isPartOf":{"@id":"https:\/\/tupique.com\/#website"},"primaryImageOfPage":{"@id":"https:\/\/tupique.com\/produit\/ordinateur-portable-asus-vivobook-15-s1502-16-gb-ram-512-gb-ssd-azerty-156\/#primaryimage"},"image":{"@id":"https:\/\/tupique.com\/produit\/ordinateur-portable-asus-vivobook-15-s1502-16-gb-ram-512-gb-ssd-azerty-156\/#primaryimage"},"thumbnailUrl":"https:\/\/tupique.com\/wp-content\/uploads\/2026\/04\/4711387831793_S71014683_P00.jpg","datePublished":"2026-04-08T03:01:41+00:00","dateModified":"2026-04-08T04:55:32+00:00","description":"Vous cherchez Ordinateur Portable Asus VivoBook 15 S1502 16 GB RAM 512 GB SSD AZERTY 15,6\" ? Achetez des produits chez Tupique. Profitez de la livraison gratuite pour obtenir Ordinateur Portable Asus VivoBook 15 S1502 16 GB RAM 512 GB SSD AZERTY 15,6\" d\u00e8s maintenant.","breadcrumb":{"@id":"https:\/\/tupique.com\/produit\/ordinateur-portable-asus-vivobook-15-s1502-16-gb-ram-512-gb-ssd-azerty-156\/#breadcrumb"},"inLanguage":"en-GB","potentialAction":[{"@type":"ReadAction","target":["https:\/\/tupique.com\/produit\/ordinateur-portable-asus-vivobook-15-s1502-16-gb-ram-512-gb-ssd-azerty-156\/"]}]},{"@type":"ImageObject","inLanguage":"en-GB","@id":"https:\/\/tupique.com\/produit\/ordinateur-portable-asus-vivobook-15-s1502-16-gb-ram-512-gb-ssd-azerty-156\/#primaryimage","url":"https:\/\/tupique.com\/wp-content\/uploads\/2026\/04\/4711387831793_S71014683_P00.jpg","contentUrl":"https:\/\/tupique.com\/wp-content\/uploads\/2026\/04\/4711387831793_S71014683_P00.jpg","width":1200,"height":1200,"caption":"S71014683_0"},{"@type":"BreadcrumbList","@id":"https:\/\/tupique.com\/produit\/ordinateur-portable-asus-vivobook-15-s1502-16-gb-ram-512-gb-ssd-azerty-156\/#breadcrumb","itemListElement":[{"@type":"ListItem","position":1,"name":"In\u00edcio","item":"https:\/\/tupique.com\/"},{"@type":"ListItem","position":2,"name":"Boutique","item":"https:\/\/tupique.com\/en\/boutique\/"},{"@type":"ListItem","position":3,"name":"Ordinateur Portable Asus VivoBook 15 S1502 16 GB RAM 512 GB SSD AZERTY 15,6&#8243;"}]},{"@type":"WebSite","@id":"https:\/\/tupique.com\/#website","url":"https:\/\/tupique.com\/","name":"Tupique","description":"Marketplace","publisher":{"@id":"https:\/\/tupique.com\/#organization"},"potentialAction":[{"@type":"SearchAction","target":{"@type":"EntryPoint","urlTemplate":"https:\/\/tupique.com\/?s={search_term_string}"},"query-input":{"@type":"PropertyValueSpecification","valueRequired":true,"valueName":"search_term_string"}}],"inLanguage":"en-GB"},{"@type":"Organization","@id":"https:\/\/tupique.com\/#organization","name":"Tupique","url":"https:\/\/tupique.com\/","logo":{"@type":"ImageObject","inLanguage":"en-GB","@id":"https:\/\/tupique.com\/#\/schema\/logo\/image\/","url":"https:\/\/tupique.com\/wp-content\/uploads\/2024\/09\/logo.png","contentUrl":"https:\/\/tupique.com\/wp-content\/uploads\/2024\/09\/logo.png","width":1118,"height":310,"caption":"Tupique"},"image":{"@id":"https:\/\/tupique.com\/#\/schema\/logo\/image\/"}}]}},"jetpack_sharing_enabled":true,"_links":{"self":[{"href":"https:\/\/tupique.com\/en\/wp-json\/wp\/v2\/product\/4383190","targetHints":{"allow":["GET"]}}],"collection":[{"href":"https:\/\/tupique.com\/en\/wp-json\/wp\/v2\/product"}],"about":[{"href":"https:\/\/tupique.com\/en\/wp-json\/wp\/v2\/types\/product"}],"replies":[{"embeddable":true,"href":"https:\/\/tupique.com\/en\/wp-json\/wp\/v2\/comments?post=4383190"}],"wp:featuredmedia":[{"embeddable":true,"href":"https:\/\/tupique.com\/en\/wp-json\/wp\/v2\/media\/4383185"}],"wp:attachment":[{"href":"https:\/\/tupique.com\/en\/wp-json\/wp\/v2\/media?parent=4383190"}],"wp:term":[{"taxonomy":"product_brand","embeddable":true,"href":"https:\/\/tupique.com\/en\/wp-json\/wp\/v2\/product_brand?post=4383190"},{"taxonomy":"product_cat","embeddable":true,"href":"https:\/\/tupique.com\/en\/wp-json\/wp\/v2\/product_cat?post=4383190"},{"taxonomy":"product_tag","embeddable":true,"href":"https:\/\/tupique.com\/en\/wp-json\/wp\/v2\/product_tag?post=4383190"}],"curies":[{"name":"wp","href":"https:\/\/api.w.org\/{rel}","templated":true}]}}