{"id":4383204,"date":"2026-04-08T04:01:59","date_gmt":"2026-04-08T03:01:59","guid":{"rendered":"https:\/\/tupique.com\/produit\/ordinateur-portable-acer-chromebook-plus-cb514-4ht-30af-512-gb-ssd-14-8-gb-ram\/"},"modified":"2026-04-08T05:55:35","modified_gmt":"2026-04-08T04:55:35","slug":"ordinateur-portable-acer-chromebook-plus-cb514-4ht-30af-512-gb-ssd-14-8-gb-ram","status":"publish","type":"product","link":"https:\/\/tupique.com\/en\/product\/ordinateur-portable-acer-chromebook-plus-cb514-4ht-30af-512-gb-ssd-14-8-gb-ram\/","title":{"rendered":"Ordinateur Portable Acer Chromebook Plus CB514-4HT-30AF 512 GB SSD 14&#8221; 8 GB RAM"},"content":{"rendered":"<p>If you are passionate about\u2019<b>computer science and electronics<\/b>, If you're at the cutting edge of technology and don't want to miss a thing, buy <b>Ordinateur Portable Acer Chromebook Plus CB514-4HT-30AF 512 GB SSD 14&#8221; 8 GB RAM<\/b> at the best price.<\/p>\n<p>Le <b>Laptop Acer Chromebook Plus CB514-4HT-30AF<\/b> est un appareil qui allie mobilit\u00e9, fonctionnalit\u00e9 et efficacit\u00e9, con\u00e7u sp\u00e9cialement pour ceux qui recherchent un dispositif l\u00e9ger avec des performances \u00e9quilibr\u00e9es pour les t\u00e2ches quotidiennes et professionnelles sous l\u2019\u00e9cosyst\u00e8me <b>Chrome OS<\/b>. Sa finition en <b>grey<\/b> lui conf\u00e8re un design sobre et \u00e9l\u00e9gant, id\u00e9al pour les environnements acad\u00e9miques et professionnels. \u00c9quip\u00e9 d\u2019un <b>\u00e9cran IPS Full HD de 14 pouces<\/b> au format <b>16:9<\/b>, il offre une qualit\u00e9 d\u2019image nette et des couleurs pr\u00e9cises gr\u00e2ce \u00e0 sa r\u00e9solution <b>Full HD<\/b>, am\u00e9liorant l\u2019exp\u00e9rience tant au travail qu\u2019en divertissement. Son processeur Intel Core i3-N305 assure une performance fluide et stable en multit\u00e2che, compl\u00e9t\u00e9 par <b>8 GB RAM memory<\/b> garantissant une ex\u00e9cution fluide des applications et de la navigation, tandis que son <b>stockage interne SSD de 512 Go<\/b> offre une grande rapidit\u00e9 en lecture et \u00e9criture, facilitant l\u2019acc\u00e8s aux fichiers et programmes sans attente. La <b>carte graphique int\u00e9gr\u00e9e avec chipset Intel<\/b> fournit le support visuel n\u00e9cessaire pour les t\u00e2ches graphiques basiques, id\u00e9ales pour le multim\u00e9dia, la navigation et le travail sur documents. Pour la connectivit\u00e9, l\u2019appareil inclut <b>Bluetooth et Wi-Fi<\/b>, permettant des connexions sans fil stables et polyvalentes avec r\u00e9seaux et accessoires compatibles. Son clavier <b>AZERTY en fran\u00e7ais<\/b> est con\u00e7u pour les utilisateurs n\u00e9cessitant cette disposition pour une exp\u00e9rience de frappe adapt\u00e9e \u00e0 la langue. Enfin, l\u2019autonomie de la batterie est remarquable, avec jusqu\u2019\u00e0 <b>10 heures d\u2019utilisation continue<\/b>, facilitant un usage prolong\u00e9 sans d\u00e9pendre constamment d\u2019une prise \u00e9lectrique. En r\u00e9sum\u00e9, ce portable offre une solution \u00e9quilibr\u00e9e en performance, portabilit\u00e9 et autonomie pour les utilisateurs ayant besoin d\u2019un appareil polyvalent et fiable bas\u00e9 sur la plateforme Chrome OS.<\/p>\n<ul>\n<li>Plug-in product: Yes<\/li>\n<li>Type de m\u00e9moire:\n<ul>\n<li>SDRAM<\/li>\n<li>LPDDR4X<\/li>\n<\/ul>\n<\/li>\n<li>Clavier:\n<ul>\n<li>Azerty Fran\u00e7ais<\/li>\n<li>AZERTY<\/li>\n<\/ul>\n<\/li>\n<li>Bloc d\u2019Alimentation: r\u00e9seau \u00e9lectrique<\/li>\n<li>Type:\n<ul>\n<li>Full HD<\/li>\n<li>Ordinateur Portable<\/li>\n<\/ul>\n<\/li>\n<li>Processor family:\n<ul>\n<li>Intel<\/li>\n<li>Intel Core i3<\/li>\n<\/ul>\n<\/li>\n<li>Indice de r\u00e9parabilit\u00e9: 7.4<\/li>\n<li>Contr\u00f4leur graphique:\n<ul>\n<li>Intel\u00ae UHD Graphics<\/li>\n<li>Intel UHD Graphics<\/li>\n<\/ul>\n<\/li>\n<li>Lecteur de Cartes: Micro SD<\/li>\n<li>Puissance de charge: 65 W<\/li>\n<li>Cores:\n<ul>\n<li>1<\/li>\n<li>8 Cores<\/li>\n<\/ul>\n<\/li>\n<li>Technology:\n<ul>\n<li>IPS<\/li>\n<li>SSD<\/li>\n<\/ul>\n<\/li>\n<li>Cartes M\u00e9moire Compatibles:\n<ul>\n<li>MicroSD<\/li>\n<li>Micro SD<\/li>\n<\/ul>\n<\/li>\n<li>speed:\n<ul>\n<li>3,8 GHz<\/li>\n<li>3.8 GHz<\/li>\n<\/ul>\n<\/li>\n<li>Colour:\n<ul>\n<li>Grey<\/li>\n<li>Black<\/li>\n<\/ul>\n<\/li>\n<li>Connections:\n<ul>\n<li>2<\/li>\n<li>PCI Express<\/li>\n<li>HDMI x 1<\/li>\n<li>USB 3.2 x 1<\/li>\n<li>USB-C x 1<\/li>\n<\/ul>\n<\/li>\n<li>Aspect ratio: 16:9<\/li>\n<li>Type de stockage: SSD<\/li>\n<li>Syst\u00e8me d&#8217;exploitation: Chrome OS<\/li>\n<li>R\u00e9solution (px): 1920 x 1080 px<\/li>\n<li>Processor:\n<ul>\n<li>Core i3<\/li>\n<li>Intel Core i3 N305<\/li>\n<\/ul>\n<\/li>\n<li>Disque dur:\n<ul>\n<li>512 GB SSD<\/li>\n<li>M.2<\/li>\n<\/ul>\n<\/li>\n<li>Ecran: 14&#8221;<\/li>\n<li>Connectivity:\n<ul>\n<li>Bluetooth<\/li>\n<li>Wi-Fi<\/li>\n<\/ul>\n<\/li>\n<li>R\u00e9solution: Full HD<\/li>\n<li>RAM memory: 8 GB RAM<\/li>\n<li>Includes:\n<ul>\n<li>C\u00e2ble d\u2019Alimentation<\/li>\n<li>Touchpad<\/li>\n<li>Rechargeable lithium battery<\/li>\n<li>Battery charger<\/li>\n<li>Clavier<\/li>\n<li>SSD x1<\/li>\n<li>Touch screen<\/li>\n<\/ul>\n<\/li>\n<li>Ecran tactile: Oui<\/li>\n<li>Diagonale de l&#8217;\u00e9cran (cm): 35,6 cm<\/li>\n<li>Approx. operating time: 10 hours<\/li>\n<\/ul>","protected":false},"excerpt":{"rendered":"<p>Si vous \u00eates passionn\u00e9 d&#8217;informatique et d&#8217;\u00e9lectronique, si vous \u00eates \u00e0 la pointe de la technologie et qu&#8217;aucun d\u00e9tail ne<\/p>","protected":false},"featured_media":4383198,"comment_status":"open","ping_status":"closed","template":"","meta":{"_joinchat":[]},"product_brand":[158077],"product_cat":[157516,157583,155043],"product_tag":[157514,157546,157515],"class_list":{"0":"post-4383204","1":"product","2":"type-product","3":"status-publish","4":"has-post-thumbnail","6":"product_brand-brandp_529","7":"product_cat-informatique-electronique","8":"product_cat-informatique-ordinateurs","9":"product_cat-notebooks","10":"product_tag-tag_933","11":"product_tag-tag_1304","12":"product_tag-tag_1295","14":"first","15":"instock","16":"taxable","17":"shipping-taxable","18":"purchasable","19":"product-type-simple"},"yoast_head":"<!-- This site is optimized with the Yoast SEO plugin v27.2 - https:\/\/yoast.com\/product\/yoast-seo-wordpress\/ -->\n<title>Ordinateur Portable Acer Chromebook Plus CB514-4HT-30AF 512 GB SSD 14&#039;&#039; 8 GB RAM - Tupique<\/title>\n<meta name=\"description\" content=\"Vous cherchez Ordinateur Portable Acer Chromebook Plus CB514-4HT-30AF 512 GB SSD 14&#039;&#039; 8 GB RAM ? Achetez des produits chez Tupique. Profitez de la livraison gratuite pour obtenir Ordinateur Portable Acer Chromebook Plus CB514-4HT-30AF 512 GB SSD 14&#039;&#039; 8 GB RAM d\u00e8s maintenant.\" \/>\n<meta name=\"robots\" content=\"index, follow, max-snippet:-1, max-image-preview:large, max-video-preview:-1\" \/>\n<link rel=\"canonical\" href=\"https:\/\/tupique.com\/en\/product\/ordinateur-portable-acer-chromebook-plus-cb514-4ht-30af-512-gb-ssd-14-8-gb-ram\/\" \/>\n<meta property=\"og:locale\" content=\"en_GB\" \/>\n<meta property=\"og:type\" content=\"article\" \/>\n<meta property=\"og:title\" content=\"Ordinateur Portable Acer Chromebook Plus CB514-4HT-30AF 512 GB SSD 14&#039;&#039; 8 GB RAM - Tupique\" \/>\n<meta property=\"og:description\" content=\"Vous cherchez Ordinateur Portable Acer Chromebook Plus CB514-4HT-30AF 512 GB SSD 14&#039;&#039; 8 GB RAM ? Achetez des produits chez Tupique. Profitez de la livraison gratuite pour obtenir Ordinateur Portable Acer Chromebook Plus CB514-4HT-30AF 512 GB SSD 14&#039;&#039; 8 GB RAM d\u00e8s maintenant.\" \/>\n<meta property=\"og:url\" content=\"https:\/\/tupique.com\/en\/product\/ordinateur-portable-acer-chromebook-plus-cb514-4ht-30af-512-gb-ssd-14-8-gb-ram\/\" \/>\n<meta property=\"og:site_name\" content=\"Tupique\" \/>\n<meta property=\"article:modified_time\" content=\"2026-04-08T04:55:35+00:00\" \/>\n<meta property=\"og:image\" content=\"https:\/\/tupique.com\/wp-content\/uploads\/2026\/04\/4711121941405_S71014619_P00.jpg\" \/>\n\t<meta property=\"og:image:width\" content=\"1200\" \/>\n\t<meta property=\"og:image:height\" content=\"1200\" \/>\n\t<meta property=\"og:image:type\" content=\"image\/jpeg\" \/>\n<meta name=\"twitter:card\" content=\"summary_large_image\" \/>\n<meta name=\"twitter:label1\" content=\"Estimated reading time\" \/>\n\t<meta name=\"twitter:data1\" content=\"2 minutes\" \/>\n<script type=\"application\/ld+json\" class=\"yoast-schema-graph\">{\"@context\":\"https:\/\/schema.org\",\"@graph\":[{\"@type\":\"WebPage\",\"@id\":\"https:\/\/tupique.com\/produit\/ordinateur-portable-acer-chromebook-plus-cb514-4ht-30af-512-gb-ssd-14-8-gb-ram\/\",\"url\":\"https:\/\/tupique.com\/produit\/ordinateur-portable-acer-chromebook-plus-cb514-4ht-30af-512-gb-ssd-14-8-gb-ram\/\",\"name\":\"Ordinateur Portable Acer Chromebook Plus CB514-4HT-30AF 512 GB SSD 14'' 8 GB RAM - Tupique\",\"isPartOf\":{\"@id\":\"https:\/\/tupique.com\/#website\"},\"primaryImageOfPage\":{\"@id\":\"https:\/\/tupique.com\/produit\/ordinateur-portable-acer-chromebook-plus-cb514-4ht-30af-512-gb-ssd-14-8-gb-ram\/#primaryimage\"},\"image\":{\"@id\":\"https:\/\/tupique.com\/produit\/ordinateur-portable-acer-chromebook-plus-cb514-4ht-30af-512-gb-ssd-14-8-gb-ram\/#primaryimage\"},\"thumbnailUrl\":\"https:\/\/tupique.com\/wp-content\/uploads\/2026\/04\/4711121941405_S71014619_P00.jpg\",\"datePublished\":\"2026-04-08T03:01:59+00:00\",\"dateModified\":\"2026-04-08T04:55:35+00:00\",\"description\":\"Vous cherchez Ordinateur Portable Acer Chromebook Plus CB514-4HT-30AF 512 GB SSD 14'' 8 GB RAM ? Achetez des produits chez Tupique. Profitez de la livraison gratuite pour obtenir Ordinateur Portable Acer Chromebook Plus CB514-4HT-30AF 512 GB SSD 14'' 8 GB RAM d\u00e8s maintenant.\",\"breadcrumb\":{\"@id\":\"https:\/\/tupique.com\/produit\/ordinateur-portable-acer-chromebook-plus-cb514-4ht-30af-512-gb-ssd-14-8-gb-ram\/#breadcrumb\"},\"inLanguage\":\"en-GB\",\"potentialAction\":[{\"@type\":\"ReadAction\",\"target\":[\"https:\/\/tupique.com\/produit\/ordinateur-portable-acer-chromebook-plus-cb514-4ht-30af-512-gb-ssd-14-8-gb-ram\/\"]}]},{\"@type\":\"ImageObject\",\"inLanguage\":\"en-GB\",\"@id\":\"https:\/\/tupique.com\/produit\/ordinateur-portable-acer-chromebook-plus-cb514-4ht-30af-512-gb-ssd-14-8-gb-ram\/#primaryimage\",\"url\":\"https:\/\/tupique.com\/wp-content\/uploads\/2026\/04\/4711121941405_S71014619_P00.jpg\",\"contentUrl\":\"https:\/\/tupique.com\/wp-content\/uploads\/2026\/04\/4711121941405_S71014619_P00.jpg\",\"width\":1200,\"height\":1200,\"caption\":\"S71014619_0\"},{\"@type\":\"BreadcrumbList\",\"@id\":\"https:\/\/tupique.com\/produit\/ordinateur-portable-acer-chromebook-plus-cb514-4ht-30af-512-gb-ssd-14-8-gb-ram\/#breadcrumb\",\"itemListElement\":[{\"@type\":\"ListItem\",\"position\":1,\"name\":\"In\u00edcio\",\"item\":\"https:\/\/tupique.com\/\"},{\"@type\":\"ListItem\",\"position\":2,\"name\":\"Boutique\",\"item\":\"https:\/\/tupique.com\/en\/boutique\/\"},{\"@type\":\"ListItem\",\"position\":3,\"name\":\"Ordinateur Portable Acer Chromebook Plus CB514-4HT-30AF 512 GB SSD 14&#8221; 8 GB RAM\"}]},{\"@type\":\"WebSite\",\"@id\":\"https:\/\/tupique.com\/#website\",\"url\":\"https:\/\/tupique.com\/\",\"name\":\"Tupique\",\"description\":\"Marketplace\",\"publisher\":{\"@id\":\"https:\/\/tupique.com\/#organization\"},\"potentialAction\":[{\"@type\":\"SearchAction\",\"target\":{\"@type\":\"EntryPoint\",\"urlTemplate\":\"https:\/\/tupique.com\/?s={search_term_string}\"},\"query-input\":{\"@type\":\"PropertyValueSpecification\",\"valueRequired\":true,\"valueName\":\"search_term_string\"}}],\"inLanguage\":\"en-GB\"},{\"@type\":\"Organization\",\"@id\":\"https:\/\/tupique.com\/#organization\",\"name\":\"Tupique\",\"url\":\"https:\/\/tupique.com\/\",\"logo\":{\"@type\":\"ImageObject\",\"inLanguage\":\"en-GB\",\"@id\":\"https:\/\/tupique.com\/#\/schema\/logo\/image\/\",\"url\":\"https:\/\/tupique.com\/wp-content\/uploads\/2024\/09\/logo.png\",\"contentUrl\":\"https:\/\/tupique.com\/wp-content\/uploads\/2024\/09\/logo.png\",\"width\":1118,\"height\":310,\"caption\":\"Tupique\"},\"image\":{\"@id\":\"https:\/\/tupique.com\/#\/schema\/logo\/image\/\"}}]}<\/script>\n<!-- \/ Yoast SEO plugin. -->","yoast_head_json":{"title":"Ordinateur Portable Acer Chromebook Plus CB514-4HT-30AF 512 GB SSD 14'' 8 GB RAM - Tupique","description":"Vous cherchez Ordinateur Portable Acer Chromebook Plus CB514-4HT-30AF 512 GB SSD 14'' 8 GB RAM ? Achetez des produits chez Tupique. Profitez de la livraison gratuite pour obtenir Ordinateur Portable Acer Chromebook Plus CB514-4HT-30AF 512 GB SSD 14'' 8 GB RAM d\u00e8s maintenant.","robots":{"index":"index","follow":"follow","max-snippet":"max-snippet:-1","max-image-preview":"max-image-preview:large","max-video-preview":"max-video-preview:-1"},"canonical":"https:\/\/tupique.com\/en\/product\/ordinateur-portable-acer-chromebook-plus-cb514-4ht-30af-512-gb-ssd-14-8-gb-ram\/","og_locale":"en_GB","og_type":"article","og_title":"Ordinateur Portable Acer Chromebook Plus CB514-4HT-30AF 512 GB SSD 14'' 8 GB RAM - Tupique","og_description":"Vous cherchez Ordinateur Portable Acer Chromebook Plus CB514-4HT-30AF 512 GB SSD 14'' 8 GB RAM ? Achetez des produits chez Tupique. Profitez de la livraison gratuite pour obtenir Ordinateur Portable Acer Chromebook Plus CB514-4HT-30AF 512 GB SSD 14'' 8 GB RAM d\u00e8s maintenant.","og_url":"https:\/\/tupique.com\/en\/product\/ordinateur-portable-acer-chromebook-plus-cb514-4ht-30af-512-gb-ssd-14-8-gb-ram\/","og_site_name":"Tupique","article_modified_time":"2026-04-08T04:55:35+00:00","og_image":[{"width":1200,"height":1200,"url":"https:\/\/tupique.com\/wp-content\/uploads\/2026\/04\/4711121941405_S71014619_P00.jpg","type":"image\/jpeg"}],"twitter_card":"summary_large_image","twitter_misc":{"Estimated reading time":"2 minutes"},"schema":{"@context":"https:\/\/schema.org","@graph":[{"@type":"WebPage","@id":"https:\/\/tupique.com\/produit\/ordinateur-portable-acer-chromebook-plus-cb514-4ht-30af-512-gb-ssd-14-8-gb-ram\/","url":"https:\/\/tupique.com\/produit\/ordinateur-portable-acer-chromebook-plus-cb514-4ht-30af-512-gb-ssd-14-8-gb-ram\/","name":"Ordinateur Portable Acer Chromebook Plus CB514-4HT-30AF 512 GB SSD 14'' 8 GB RAM - Tupique","isPartOf":{"@id":"https:\/\/tupique.com\/#website"},"primaryImageOfPage":{"@id":"https:\/\/tupique.com\/produit\/ordinateur-portable-acer-chromebook-plus-cb514-4ht-30af-512-gb-ssd-14-8-gb-ram\/#primaryimage"},"image":{"@id":"https:\/\/tupique.com\/produit\/ordinateur-portable-acer-chromebook-plus-cb514-4ht-30af-512-gb-ssd-14-8-gb-ram\/#primaryimage"},"thumbnailUrl":"https:\/\/tupique.com\/wp-content\/uploads\/2026\/04\/4711121941405_S71014619_P00.jpg","datePublished":"2026-04-08T03:01:59+00:00","dateModified":"2026-04-08T04:55:35+00:00","description":"Vous cherchez Ordinateur Portable Acer Chromebook Plus CB514-4HT-30AF 512 GB SSD 14'' 8 GB RAM ? Achetez des produits chez Tupique. Profitez de la livraison gratuite pour obtenir Ordinateur Portable Acer Chromebook Plus CB514-4HT-30AF 512 GB SSD 14'' 8 GB RAM d\u00e8s maintenant.","breadcrumb":{"@id":"https:\/\/tupique.com\/produit\/ordinateur-portable-acer-chromebook-plus-cb514-4ht-30af-512-gb-ssd-14-8-gb-ram\/#breadcrumb"},"inLanguage":"en-GB","potentialAction":[{"@type":"ReadAction","target":["https:\/\/tupique.com\/produit\/ordinateur-portable-acer-chromebook-plus-cb514-4ht-30af-512-gb-ssd-14-8-gb-ram\/"]}]},{"@type":"ImageObject","inLanguage":"en-GB","@id":"https:\/\/tupique.com\/produit\/ordinateur-portable-acer-chromebook-plus-cb514-4ht-30af-512-gb-ssd-14-8-gb-ram\/#primaryimage","url":"https:\/\/tupique.com\/wp-content\/uploads\/2026\/04\/4711121941405_S71014619_P00.jpg","contentUrl":"https:\/\/tupique.com\/wp-content\/uploads\/2026\/04\/4711121941405_S71014619_P00.jpg","width":1200,"height":1200,"caption":"S71014619_0"},{"@type":"BreadcrumbList","@id":"https:\/\/tupique.com\/produit\/ordinateur-portable-acer-chromebook-plus-cb514-4ht-30af-512-gb-ssd-14-8-gb-ram\/#breadcrumb","itemListElement":[{"@type":"ListItem","position":1,"name":"In\u00edcio","item":"https:\/\/tupique.com\/"},{"@type":"ListItem","position":2,"name":"Boutique","item":"https:\/\/tupique.com\/en\/boutique\/"},{"@type":"ListItem","position":3,"name":"Ordinateur Portable Acer Chromebook Plus CB514-4HT-30AF 512 GB SSD 14&#8221; 8 GB RAM"}]},{"@type":"WebSite","@id":"https:\/\/tupique.com\/#website","url":"https:\/\/tupique.com\/","name":"Tupique","description":"Marketplace","publisher":{"@id":"https:\/\/tupique.com\/#organization"},"potentialAction":[{"@type":"SearchAction","target":{"@type":"EntryPoint","urlTemplate":"https:\/\/tupique.com\/?s={search_term_string}"},"query-input":{"@type":"PropertyValueSpecification","valueRequired":true,"valueName":"search_term_string"}}],"inLanguage":"en-GB"},{"@type":"Organization","@id":"https:\/\/tupique.com\/#organization","name":"Tupique","url":"https:\/\/tupique.com\/","logo":{"@type":"ImageObject","inLanguage":"en-GB","@id":"https:\/\/tupique.com\/#\/schema\/logo\/image\/","url":"https:\/\/tupique.com\/wp-content\/uploads\/2024\/09\/logo.png","contentUrl":"https:\/\/tupique.com\/wp-content\/uploads\/2024\/09\/logo.png","width":1118,"height":310,"caption":"Tupique"},"image":{"@id":"https:\/\/tupique.com\/#\/schema\/logo\/image\/"}}]}},"jetpack_sharing_enabled":true,"_links":{"self":[{"href":"https:\/\/tupique.com\/en\/wp-json\/wp\/v2\/product\/4383204","targetHints":{"allow":["GET"]}}],"collection":[{"href":"https:\/\/tupique.com\/en\/wp-json\/wp\/v2\/product"}],"about":[{"href":"https:\/\/tupique.com\/en\/wp-json\/wp\/v2\/types\/product"}],"replies":[{"embeddable":true,"href":"https:\/\/tupique.com\/en\/wp-json\/wp\/v2\/comments?post=4383204"}],"wp:featuredmedia":[{"embeddable":true,"href":"https:\/\/tupique.com\/en\/wp-json\/wp\/v2\/media\/4383198"}],"wp:attachment":[{"href":"https:\/\/tupique.com\/en\/wp-json\/wp\/v2\/media?parent=4383204"}],"wp:term":[{"taxonomy":"product_brand","embeddable":true,"href":"https:\/\/tupique.com\/en\/wp-json\/wp\/v2\/product_brand?post=4383204"},{"taxonomy":"product_cat","embeddable":true,"href":"https:\/\/tupique.com\/en\/wp-json\/wp\/v2\/product_cat?post=4383204"},{"taxonomy":"product_tag","embeddable":true,"href":"https:\/\/tupique.com\/en\/wp-json\/wp\/v2\/product_tag?post=4383204"}],"curies":[{"name":"wp","href":"https:\/\/api.w.org\/{rel}","templated":true}]}}