{"id":4383443,"date":"2026-04-08T05:58:58","date_gmt":"2026-04-08T04:58:58","guid":{"rendered":"https:\/\/tupique.com\/produit\/ordinateur-portable-hp-a3zp7etabe-14-32-gb-ram-1-tb-ssd\/"},"modified":"2026-04-08T05:58:58","modified_gmt":"2026-04-08T04:58:58","slug":"ordinateur-portable-hp-a3zp7etabe-14-32-gb-ram-1-tb-ssd","status":"publish","type":"product","link":"https:\/\/tupique.com\/en\/product\/ordinateur-portable-hp-a3zp7etabe-14-32-gb-ram-1-tb-ssd\/","title":{"rendered":"Ordinateur Portable HP A3ZP7ET#ABE 14&#8243; 32 GB RAM 1 TB SSD"},"content":{"rendered":"<p>Vous cherchez un moyen de booster votre sex-appeal ?<b>&nbsp;Ordinateur Portable HP A3ZP7ET#ABE 14&#8243; 32 GB RAM 1 TB SSD<\/b>&nbsp;est ce qu&#8217;il vous faut ! Essayez d&egrave;s maintenant nos&nbsp;<b>produits HP<\/b>&nbsp;<b>100 % authentiques<\/b>&nbsp;et confiez votre beaut&eacute; aux mains des plus grands professionnels du secteur !<\/p>\n<p>Le <b>HP A3ZP7ET#ABE<\/b> est un <b>ordinateur portable professionnel<\/b> qui se distingue par son design \u00e9l\u00e9gant argent\u00e9 et ses fonctionnalit\u00e9s avanc\u00e9es, con\u00e7ues pour les utilisateurs exigeants en environnement professionnel et cr\u00e9ation de contenu. \u00c9quip\u00e9 d\u2019un puissant <b>processeur AMD Ryzen AI Max PRO 390<\/b> \u00e0 3,2 GHz et de <b>32 Go de m\u00e9moire LPDDR5x-SDRAM<\/b>, ce mod\u00e8le assure une r\u00e9activit\u00e9 rapide et stable, m\u00eame lors de t\u00e2ches multit\u00e2ches ou de gestion de donn\u00e9es intensives. Son <b>\u00e9cran WUXGA de 14 pouces<\/b> (1920 x 1200 pixels) offre une image nette et optimale, id\u00e9ale pour l\u2019\u00e9dition ou le travail bureautique avanc\u00e9. Il int\u00e8gre un <b>SSD de 1 To<\/b> offrant une grande capacit\u00e9 de stockage et des vitesses d\u2019acc\u00e8s rapides, facilitant la gestion efficace de projets et de fichiers multim\u00e9dias volumineux. C\u00f4t\u00e9 graphismes, cet appareil est dot\u00e9 de la <b>carte AMD Radeon 8050S<\/b>, adapt\u00e9e \u00e0 l\u2019affichage et au rendu de graphiques complexes, id\u00e9ale pour les professionnels du design, les ing\u00e9nieurs ou les t\u00e2ches techniques sp\u00e9cialis\u00e9es. L\u2019ordinateur comprend des fonctionnalit\u00e9s ax\u00e9es sur la productivit\u00e9 telles que <b>clavier num\u00e9rique, r\u00e9tro\u00e9clairage, haut-parleurs et microphone int\u00e9gr\u00e9s<\/b>, ainsi qu\u2019une <b>front camera<\/b> pour des visioconf\u00e9rences de haute qualit\u00e9, compl\u00e9tant ainsi un environnement de travail moderne. Le syst\u00e8me d\u2019exploitation <b>Windows 11 Pro<\/b> garantit la compatibilit\u00e9 avec les derni\u00e8res applications et outils professionnels, tandis que sa structure l\u00e9g\u00e8re et sa faible consommation d\u2019\u00e9nergie le rendent id\u00e9al pour ceux qui ont besoin de mobilit\u00e9 sans compromis sur les performances haut de gamme. Ce mod\u00e8le constitue une solution avanc\u00e9e et polyvalente dans le segment professionnel, alliant puissance, portabilit\u00e9 et fonctionnalit\u00e9 dans un appareil compact et sophistiqu\u00e9.<\/p>\n<ul>\n<li>Type:\n<ul>\n<li>Poudres Compactes<\/li>\n<li>Clavier num\u00e9rique<\/li>\n<li>Gloss<\/li>\n<\/ul>\n<\/li>\n<li>Features:\n<ul>\n<li>Integrated speakers<\/li>\n<li>Front camera<\/li>\n<li>Built-in microphone<\/li>\n<li>R\u00e9tro-\u00e9clair\u00e9<\/li>\n<li>4 loudspeakers<\/li>\n<li>Fingerprint reader<\/li>\n<li>Data protection\/passwords<\/li>\n<li>Adaptateur graphique int\u00e9gr\u00e9<\/li>\n<\/ul>\n<\/li>\n<li>Connections:\n<ul>\n<li>HDMI<\/li>\n<li>HDMI 2.1 x 1<\/li>\n<li>Thunderbolt 4 x 2<\/li>\n<li>USB-C 3.2 Gen 2 (3.1 Gen 2)<\/li>\n<li>PCI Express 4.0<\/li>\n<li>C\u00e2ble jack 3,3 mm<\/li>\n<\/ul>\n<\/li>\n<li>Connectivity:\n<ul>\n<li>Bluetooth<\/li>\n<li>WI-FI 7<\/li>\n<\/ul>\n<\/li>\n<li>Cache: 64 MB<\/li>\n<li>Colour: Silver<\/li>\n<li>Bloc d\u2019Alimentation: USB<\/li>\n<li>Disque dur: 1 TB SSD<\/li>\n<li>Ecran: 14&#8243;<\/li>\n<li>Frequency: 50 - 60 Hz<\/li>\n<li>puissance: 140 W<\/li>\n<li>Cam\u00e9ra\/Appareil Photo: 5 Mp<\/li>\n<li>Technologie: IPS<\/li>\n<li>Tension: 100 &#8211; 240 V<\/li>\n<li>Non Inclus:\n<ul>\n<li>Type d&#8217;unit\u00e9 optique<\/li>\n<li>Adaptateur AC<\/li>\n<li>Mobile network connection<\/li>\n<li>Adaptateur graphique discret<\/li>\n<\/ul>\n<\/li>\n<li>Format: M.2<\/li>\n<li>Touch screen: No<\/li>\n<li>Flux lumineux: 400 lm<\/li>\n<li>R\u00e9solution: 2880 x 1800 px<\/li>\n<li>Inclut: SSD x 1<\/li>\n<li>Type de stockage: SSD<\/li>\n<li>Battery type: Litio Ion<\/li>\n<li>speed:\n<ul>\n<li>5 GHz<\/li>\n<li>3.2 GHz<\/li>\n<\/ul>\n<\/li>\n<li>Syst\u00e8me d&#8217;exploitation: Windows 11 Pro<\/li>\n<li>Noyaux: 12 Noyaux<\/li>\n<li>M\u00e9moire RAM: 32 GB RAM<\/li>\n<li>Famille de processeurs: AMD<\/li>\n<li>Diagonale de l&#8217;\u00e9cran (cm): 35,6 cm<\/li>\n<li>Type de m\u00e9moire: LPDDR5X<\/li>\n<li>Temps de charge approx.: 30 minutes<\/li>\n<\/ul>","protected":false},"excerpt":{"rendered":"<p>Vous cherchez un moyen de booster votre sex-appeal ?&nbsp;Ordinateur Portable HP A3ZP7ET#ABE 14&#8243; 32 GB RAM 1 TB SSD&nbsp;est ce<\/p>","protected":false},"featured_media":4383435,"comment_status":"open","ping_status":"closed","template":"","meta":{"_joinchat":[]},"product_brand":[158040],"product_cat":[157516,157583,155043],"product_tag":[157514,157515],"class_list":{"0":"post-4383443","1":"product","2":"type-product","3":"status-publish","4":"has-post-thumbnail","6":"product_brand-brandp_909","7":"product_cat-informatique-electronique","8":"product_cat-informatique-ordinateurs","9":"product_cat-notebooks","10":"product_tag-tag_933","11":"product_tag-tag_1295","13":"first","14":"instock","15":"taxable","16":"shipping-taxable","17":"purchasable","18":"product-type-simple"},"yoast_head":"<!-- This site is optimized with the Yoast SEO plugin v27.2 - https:\/\/yoast.com\/product\/yoast-seo-wordpress\/ -->\n<title>Ordinateur Portable HP A3ZP7ET#ABE 14&quot; 32 GB RAM 1 TB SSD - Tupique<\/title>\n<meta name=\"description\" content=\"Vous cherchez Ordinateur Portable HP A3ZP7ET#ABE 14&quot; 32 GB RAM 1 TB SSD ? Achetez des produits chez Tupique. Profitez de la livraison gratuite pour obtenir Ordinateur Portable HP A3ZP7ET#ABE 14&quot; 32 GB RAM 1 TB SSD d\u00e8s maintenant.\" \/>\n<meta name=\"robots\" content=\"index, follow, max-snippet:-1, max-image-preview:large, max-video-preview:-1\" \/>\n<link rel=\"canonical\" href=\"https:\/\/tupique.com\/en\/product\/ordinateur-portable-hp-a3zp7etabe-14-32-gb-ram-1-tb-ssd\/\" \/>\n<meta property=\"og:locale\" content=\"en_GB\" \/>\n<meta property=\"og:type\" content=\"article\" \/>\n<meta property=\"og:title\" content=\"Ordinateur Portable HP A3ZP7ET#ABE 14&quot; 32 GB RAM 1 TB SSD - Tupique\" \/>\n<meta property=\"og:description\" content=\"Vous cherchez Ordinateur Portable HP A3ZP7ET#ABE 14&quot; 32 GB RAM 1 TB SSD ? Achetez des produits chez Tupique. Profitez de la livraison gratuite pour obtenir Ordinateur Portable HP A3ZP7ET#ABE 14&quot; 32 GB RAM 1 TB SSD d\u00e8s maintenant.\" \/>\n<meta property=\"og:url\" content=\"https:\/\/tupique.com\/en\/product\/ordinateur-portable-hp-a3zp7etabe-14-32-gb-ram-1-tb-ssd\/\" \/>\n<meta property=\"og:site_name\" content=\"Tupique\" \/>\n<meta name=\"twitter:card\" content=\"summary_large_image\" \/>\n<meta name=\"twitter:label1\" content=\"Estimated reading time\" \/>\n\t<meta name=\"twitter:data1\" content=\"2 minutes\" \/>\n<script type=\"application\/ld+json\" class=\"yoast-schema-graph\">{\"@context\":\"https:\/\/schema.org\",\"@graph\":[{\"@type\":\"WebPage\",\"@id\":\"https:\/\/tupique.com\/produit\/ordinateur-portable-hp-a3zp7etabe-14-32-gb-ram-1-tb-ssd\/\",\"url\":\"https:\/\/tupique.com\/produit\/ordinateur-portable-hp-a3zp7etabe-14-32-gb-ram-1-tb-ssd\/\",\"name\":\"Ordinateur Portable HP A3ZP7ET#ABE 14\\\" 32 GB RAM 1 TB SSD - Tupique\",\"isPartOf\":{\"@id\":\"https:\/\/tupique.com\/#website\"},\"primaryImageOfPage\":{\"@id\":\"https:\/\/tupique.com\/produit\/ordinateur-portable-hp-a3zp7etabe-14-32-gb-ram-1-tb-ssd\/#primaryimage\"},\"image\":{\"@id\":\"https:\/\/tupique.com\/produit\/ordinateur-portable-hp-a3zp7etabe-14-32-gb-ram-1-tb-ssd\/#primaryimage\"},\"thumbnailUrl\":\"https:\/\/tupique.com\/wp-content\/uploads\/2026\/04\/1044875010.jpg\",\"datePublished\":\"2026-04-08T04:58:58+00:00\",\"description\":\"Vous cherchez Ordinateur Portable HP A3ZP7ET#ABE 14\\\" 32 GB RAM 1 TB SSD ? Achetez des produits chez Tupique. Profitez de la livraison gratuite pour obtenir Ordinateur Portable HP A3ZP7ET#ABE 14\\\" 32 GB RAM 1 TB SSD d\u00e8s maintenant.\",\"breadcrumb\":{\"@id\":\"https:\/\/tupique.com\/produit\/ordinateur-portable-hp-a3zp7etabe-14-32-gb-ram-1-tb-ssd\/#breadcrumb\"},\"inLanguage\":\"en-GB\",\"potentialAction\":[{\"@type\":\"ReadAction\",\"target\":[\"https:\/\/tupique.com\/produit\/ordinateur-portable-hp-a3zp7etabe-14-32-gb-ram-1-tb-ssd\/\"]}]},{\"@type\":\"ImageObject\",\"inLanguage\":\"en-GB\",\"@id\":\"https:\/\/tupique.com\/produit\/ordinateur-portable-hp-a3zp7etabe-14-32-gb-ram-1-tb-ssd\/#primaryimage\",\"url\":\"https:\/\/tupique.com\/wp-content\/uploads\/2026\/04\/1044875010.jpg\",\"contentUrl\":\"https:\/\/tupique.com\/wp-content\/uploads\/2026\/04\/1044875010.jpg\",\"width\":1200,\"height\":1200,\"caption\":\"S55301813_0\"},{\"@type\":\"BreadcrumbList\",\"@id\":\"https:\/\/tupique.com\/produit\/ordinateur-portable-hp-a3zp7etabe-14-32-gb-ram-1-tb-ssd\/#breadcrumb\",\"itemListElement\":[{\"@type\":\"ListItem\",\"position\":1,\"name\":\"In\u00edcio\",\"item\":\"https:\/\/tupique.com\/\"},{\"@type\":\"ListItem\",\"position\":2,\"name\":\"Boutique\",\"item\":\"https:\/\/tupique.com\/en\/boutique\/\"},{\"@type\":\"ListItem\",\"position\":3,\"name\":\"Ordinateur Portable HP A3ZP7ET#ABE 14&#8243; 32 GB RAM 1 TB SSD\"}]},{\"@type\":\"WebSite\",\"@id\":\"https:\/\/tupique.com\/#website\",\"url\":\"https:\/\/tupique.com\/\",\"name\":\"Tupique\",\"description\":\"Marketplace\",\"publisher\":{\"@id\":\"https:\/\/tupique.com\/#organization\"},\"potentialAction\":[{\"@type\":\"SearchAction\",\"target\":{\"@type\":\"EntryPoint\",\"urlTemplate\":\"https:\/\/tupique.com\/?s={search_term_string}\"},\"query-input\":{\"@type\":\"PropertyValueSpecification\",\"valueRequired\":true,\"valueName\":\"search_term_string\"}}],\"inLanguage\":\"en-GB\"},{\"@type\":\"Organization\",\"@id\":\"https:\/\/tupique.com\/#organization\",\"name\":\"Tupique\",\"url\":\"https:\/\/tupique.com\/\",\"logo\":{\"@type\":\"ImageObject\",\"inLanguage\":\"en-GB\",\"@id\":\"https:\/\/tupique.com\/#\/schema\/logo\/image\/\",\"url\":\"https:\/\/tupique.com\/wp-content\/uploads\/2024\/09\/logo.png\",\"contentUrl\":\"https:\/\/tupique.com\/wp-content\/uploads\/2024\/09\/logo.png\",\"width\":1118,\"height\":310,\"caption\":\"Tupique\"},\"image\":{\"@id\":\"https:\/\/tupique.com\/#\/schema\/logo\/image\/\"}}]}<\/script>\n<!-- \/ Yoast SEO plugin. -->","yoast_head_json":{"title":"Ordinateur Portable HP A3ZP7ET#ABE 14\" 32 GB RAM 1 TB SSD - Tupique","description":"Vous cherchez Ordinateur Portable HP A3ZP7ET#ABE 14\" 32 GB RAM 1 TB SSD ? Achetez des produits chez Tupique. Profitez de la livraison gratuite pour obtenir Ordinateur Portable HP A3ZP7ET#ABE 14\" 32 GB RAM 1 TB SSD d\u00e8s maintenant.","robots":{"index":"index","follow":"follow","max-snippet":"max-snippet:-1","max-image-preview":"max-image-preview:large","max-video-preview":"max-video-preview:-1"},"canonical":"https:\/\/tupique.com\/en\/product\/ordinateur-portable-hp-a3zp7etabe-14-32-gb-ram-1-tb-ssd\/","og_locale":"en_GB","og_type":"article","og_title":"Ordinateur Portable HP A3ZP7ET#ABE 14\" 32 GB RAM 1 TB SSD - Tupique","og_description":"Vous cherchez Ordinateur Portable HP A3ZP7ET#ABE 14\" 32 GB RAM 1 TB SSD ? Achetez des produits chez Tupique. Profitez de la livraison gratuite pour obtenir Ordinateur Portable HP A3ZP7ET#ABE 14\" 32 GB RAM 1 TB SSD d\u00e8s maintenant.","og_url":"https:\/\/tupique.com\/en\/product\/ordinateur-portable-hp-a3zp7etabe-14-32-gb-ram-1-tb-ssd\/","og_site_name":"Tupique","twitter_card":"summary_large_image","twitter_misc":{"Estimated reading time":"2 minutes"},"schema":{"@context":"https:\/\/schema.org","@graph":[{"@type":"WebPage","@id":"https:\/\/tupique.com\/produit\/ordinateur-portable-hp-a3zp7etabe-14-32-gb-ram-1-tb-ssd\/","url":"https:\/\/tupique.com\/produit\/ordinateur-portable-hp-a3zp7etabe-14-32-gb-ram-1-tb-ssd\/","name":"Ordinateur Portable HP A3ZP7ET#ABE 14\" 32 GB RAM 1 TB SSD - Tupique","isPartOf":{"@id":"https:\/\/tupique.com\/#website"},"primaryImageOfPage":{"@id":"https:\/\/tupique.com\/produit\/ordinateur-portable-hp-a3zp7etabe-14-32-gb-ram-1-tb-ssd\/#primaryimage"},"image":{"@id":"https:\/\/tupique.com\/produit\/ordinateur-portable-hp-a3zp7etabe-14-32-gb-ram-1-tb-ssd\/#primaryimage"},"thumbnailUrl":"https:\/\/tupique.com\/wp-content\/uploads\/2026\/04\/1044875010.jpg","datePublished":"2026-04-08T04:58:58+00:00","description":"Vous cherchez Ordinateur Portable HP A3ZP7ET#ABE 14\" 32 GB RAM 1 TB SSD ? Achetez des produits chez Tupique. Profitez de la livraison gratuite pour obtenir Ordinateur Portable HP A3ZP7ET#ABE 14\" 32 GB RAM 1 TB SSD d\u00e8s maintenant.","breadcrumb":{"@id":"https:\/\/tupique.com\/produit\/ordinateur-portable-hp-a3zp7etabe-14-32-gb-ram-1-tb-ssd\/#breadcrumb"},"inLanguage":"en-GB","potentialAction":[{"@type":"ReadAction","target":["https:\/\/tupique.com\/produit\/ordinateur-portable-hp-a3zp7etabe-14-32-gb-ram-1-tb-ssd\/"]}]},{"@type":"ImageObject","inLanguage":"en-GB","@id":"https:\/\/tupique.com\/produit\/ordinateur-portable-hp-a3zp7etabe-14-32-gb-ram-1-tb-ssd\/#primaryimage","url":"https:\/\/tupique.com\/wp-content\/uploads\/2026\/04\/1044875010.jpg","contentUrl":"https:\/\/tupique.com\/wp-content\/uploads\/2026\/04\/1044875010.jpg","width":1200,"height":1200,"caption":"S55301813_0"},{"@type":"BreadcrumbList","@id":"https:\/\/tupique.com\/produit\/ordinateur-portable-hp-a3zp7etabe-14-32-gb-ram-1-tb-ssd\/#breadcrumb","itemListElement":[{"@type":"ListItem","position":1,"name":"In\u00edcio","item":"https:\/\/tupique.com\/"},{"@type":"ListItem","position":2,"name":"Boutique","item":"https:\/\/tupique.com\/en\/boutique\/"},{"@type":"ListItem","position":3,"name":"Ordinateur Portable HP A3ZP7ET#ABE 14&#8243; 32 GB RAM 1 TB SSD"}]},{"@type":"WebSite","@id":"https:\/\/tupique.com\/#website","url":"https:\/\/tupique.com\/","name":"Tupique","description":"Marketplace","publisher":{"@id":"https:\/\/tupique.com\/#organization"},"potentialAction":[{"@type":"SearchAction","target":{"@type":"EntryPoint","urlTemplate":"https:\/\/tupique.com\/?s={search_term_string}"},"query-input":{"@type":"PropertyValueSpecification","valueRequired":true,"valueName":"search_term_string"}}],"inLanguage":"en-GB"},{"@type":"Organization","@id":"https:\/\/tupique.com\/#organization","name":"Tupique","url":"https:\/\/tupique.com\/","logo":{"@type":"ImageObject","inLanguage":"en-GB","@id":"https:\/\/tupique.com\/#\/schema\/logo\/image\/","url":"https:\/\/tupique.com\/wp-content\/uploads\/2024\/09\/logo.png","contentUrl":"https:\/\/tupique.com\/wp-content\/uploads\/2024\/09\/logo.png","width":1118,"height":310,"caption":"Tupique"},"image":{"@id":"https:\/\/tupique.com\/#\/schema\/logo\/image\/"}}]}},"jetpack_sharing_enabled":true,"_links":{"self":[{"href":"https:\/\/tupique.com\/en\/wp-json\/wp\/v2\/product\/4383443","targetHints":{"allow":["GET"]}}],"collection":[{"href":"https:\/\/tupique.com\/en\/wp-json\/wp\/v2\/product"}],"about":[{"href":"https:\/\/tupique.com\/en\/wp-json\/wp\/v2\/types\/product"}],"replies":[{"embeddable":true,"href":"https:\/\/tupique.com\/en\/wp-json\/wp\/v2\/comments?post=4383443"}],"wp:featuredmedia":[{"embeddable":true,"href":"https:\/\/tupique.com\/en\/wp-json\/wp\/v2\/media\/4383435"}],"wp:attachment":[{"href":"https:\/\/tupique.com\/en\/wp-json\/wp\/v2\/media?parent=4383443"}],"wp:term":[{"taxonomy":"product_brand","embeddable":true,"href":"https:\/\/tupique.com\/en\/wp-json\/wp\/v2\/product_brand?post=4383443"},{"taxonomy":"product_cat","embeddable":true,"href":"https:\/\/tupique.com\/en\/wp-json\/wp\/v2\/product_cat?post=4383443"},{"taxonomy":"product_tag","embeddable":true,"href":"https:\/\/tupique.com\/en\/wp-json\/wp\/v2\/product_tag?post=4383443"}],"curies":[{"name":"wp","href":"https:\/\/api.w.org\/{rel}","templated":true}]}}