{"id":4383451,"date":"2026-04-08T05:59:08","date_gmt":"2026-04-08T04:59:08","guid":{"rendered":"https:\/\/tupique.com\/produit\/smartphone-apple-iphone-17e-61-hexa-core-a19-8-gb-ram-512-gb-noir\/"},"modified":"2026-04-08T05:59:08","modified_gmt":"2026-04-08T04:59:08","slug":"smartphone-apple-iphone-17e-61-hexa-core-a19-8-gb-ram-512-gb-noir","status":"publish","type":"product","link":"https:\/\/tupique.com\/en\/product\/smartphone-apple-iphone-17e-61-hexa-core-a19-8-gb-ram-512-gb-noir\/","title":{"rendered":"Smartphone Apple Iphone 17E 6,1&#8243; Hexa Core A19 8 GB RAM 512 GB Noir"},"content":{"rendered":"<p>If you're looking for the latest trends on the market, we've got you covered. <b>Smartphone Apple Iphone 17E 6,1&#8243; Hexa Core A19 8 GB RAM 512 GB Noir<\/b> !<\/p>\n<ul>\n<li>Type: Smartphone<\/li>\n<li>Plug-in product: Yes<\/li>\n<li>Colour: Black<\/li>\n<li>Features:\n<ul>\n<li>GPS<\/li>\n<li>Front camera<\/li>\n<li>Enregistrement vid\u00e9o<\/li>\n<li>Cam\u00e9ra\/Appareil Photo<\/li>\n<li>Chargement sans fil<\/li>\n<li>carga rapida inalambrica<\/li>\n<li>\u00c9cran HDR<\/li>\n<li>\u00c9cran OLED<\/li>\n<li>R\u00e9sistant \u00e0 l&#8217;eau et \u00e0 la poussi\u00e8re<\/li>\n<li>Capteur d&#8217;identit\u00e9 par reconnaissance faciale<\/li>\n<li>NFC<\/li>\n<li>Dual SIM<\/li>\n<li>USB<\/li>\n<li>Wi-Fi<\/li>\n<li>Connexion USB<\/li>\n<li>Battery<\/li>\n<li>Ecran<\/li>\n<li>\u00c9cran HD<\/li>\n<li>Android<\/li>\n<li>M\u00e9moire<\/li>\n<li>Data protection\/passwords<\/li>\n<li>Mobile network connection<\/li>\n<li>Integrated battery<\/li>\n<li>Navigation<\/li>\n<li>Integrated speakers<\/li>\n<li>Chargement rapide<\/li>\n<li>Cam\u00e9ra arri\u00e8re<\/li>\n<li>Ext\u00e9rieur<\/li>\n<li>Ceramic Shield<\/li>\n<li>\u00c9cran plat<\/li>\n<\/ul>\n<\/li>\n<li>Connections:\n<ul>\n<li>USB-C<\/li>\n<li>USB 2.0<\/li>\n<li>SIM<\/li>\n<li>Dual SIM<\/li>\n<li>nano SIM<\/li>\n<\/ul>\n<\/li>\n<li>Connectivity:\n<ul>\n<li>Bluetooth<\/li>\n<li>NFC<\/li>\n<li>Dual SIM<\/li>\n<li>Glonass<\/li>\n<li>nano SIM<\/li>\n<li>Galileo<\/li>\n<li>5G<\/li>\n<li>Bluetooth Low Energy<\/li>\n<li>LTE<\/li>\n<li>eSIM<\/li>\n<li>Wi-Fi 5 GHz<\/li>\n<li>6 GHz Wi-Fi<\/li>\n<li>Wi-Fi 4 (802.11n)<\/li>\n<li>Bluetooth 5.3<\/li>\n<li>Wi-Fi 6E ghz<\/li>\n<\/ul>\n<\/li>\n<li>Energy classification: A<\/li>\n<li>Syst\u00e8me d&#8217;exploitation: iOS<\/li>\n<li>Processor:\n<ul>\n<li>Hexa Core<\/li>\n<li>A19<\/li>\n<\/ul>\n<\/li>\n<li>RAM memory: 8 GB RAM<\/li>\n<li>Ecran: 6,1&#8243;<\/li>\n<li>Technology:\n<ul>\n<li>Qi<\/li>\n<li>4G\/LTE<\/li>\n<li>NFC<\/li>\n<li>Power Delivery<\/li>\n<li>OLED<\/li>\n<li>LTE 5G<\/li>\n<li>SUPER RETINA XDR<\/li>\n<\/ul>\n<\/li>\n<li>SIM: Dual SIM<\/li>\n<li>Socket type: EU socket<\/li>\n<li>Internal memory: 512 GB<\/li>\n<li>Cam\u00e9ra\/Appareil Photo: 48 MP<\/li>\n<li>Capacit\u00e9 de la batterie: 4000 mAh<\/li>\n<li>R\u00e9solution: 2532 x 1170 px<\/li>\n<li>Noyaux: 6 Noyaux<\/li>\n<li>R\u00e9solution (px): 2532 x 1170<\/li>\n<li>Diagonale de l&#8217;\u00e9cran (cm): 15,5 cm<\/li>\n<\/ul>","protected":false},"excerpt":{"rendered":"<p>Si vous \u00eates \u00e0 la recherche de nouvelles tendances sur le march\u00e9, nous vous pr\u00e9sentons Smartphone Apple Iphone 17E 6,1&#8243;<\/p>","protected":false},"featured_media":4383444,"comment_status":"open","ping_status":"closed","template":"","meta":{"_joinchat":[]},"product_brand":[157892],"product_cat":[157523,157516,157524],"product_tag":[157514,157522,157515],"class_list":{"0":"post-4383451","1":"product","2":"type-product","3":"status-publish","4":"has-post-thumbnail","6":"product_brand-brandp_533","7":"product_cat-electronique-telephonie-et-tablettes","8":"product_cat-informatique-electronique","9":"product_cat-telephones-portables","10":"product_tag-tag_933","11":"product_tag-tag_547","12":"product_tag-tag_1295","14":"first","15":"outofstock","16":"taxable","17":"shipping-taxable","18":"purchasable","19":"product-type-simple"},"yoast_head":"<!-- This site is optimized with the Yoast SEO plugin v27.2 - https:\/\/yoast.com\/product\/yoast-seo-wordpress\/ -->\n<title>Smartphone Apple Iphone 17E 6,1&quot; Hexa Core A19 8 GB RAM 512 GB Noir - Tupique<\/title>\n<meta name=\"description\" content=\"Vous cherchez Smartphone Apple Iphone 17E 6,1&quot; Hexa Core A19 8 GB RAM 512 GB Noir ? Achetez des produits chez Tupique. Profitez de la livraison gratuite pour obtenir Smartphone Apple Iphone 17E 6,1&quot; Hexa Core A19 8 GB RAM 512 GB Noir d\u00e8s maintenant.\" \/>\n<meta name=\"robots\" content=\"index, follow, max-snippet:-1, max-image-preview:large, max-video-preview:-1\" \/>\n<link rel=\"canonical\" href=\"https:\/\/tupique.com\/en\/product\/smartphone-apple-iphone-17e-61-hexa-core-a19-8-gb-ram-512-gb-noir\/\" \/>\n<meta property=\"og:locale\" content=\"en_GB\" \/>\n<meta property=\"og:type\" content=\"article\" \/>\n<meta property=\"og:title\" content=\"Smartphone Apple Iphone 17E 6,1&quot; Hexa Core A19 8 GB RAM 512 GB Noir - Tupique\" \/>\n<meta property=\"og:description\" content=\"Vous cherchez Smartphone Apple Iphone 17E 6,1&quot; Hexa Core A19 8 GB RAM 512 GB Noir ? Achetez des produits chez Tupique. Profitez de la livraison gratuite pour obtenir Smartphone Apple Iphone 17E 6,1&quot; Hexa Core A19 8 GB RAM 512 GB Noir d\u00e8s maintenant.\" \/>\n<meta property=\"og:url\" content=\"https:\/\/tupique.com\/en\/product\/smartphone-apple-iphone-17e-61-hexa-core-a19-8-gb-ram-512-gb-noir\/\" \/>\n<meta property=\"og:site_name\" content=\"Tupique\" \/>\n<meta name=\"twitter:card\" content=\"summary_large_image\" \/>\n<meta name=\"twitter:label1\" content=\"Estimated reading time\" \/>\n\t<meta name=\"twitter:data1\" content=\"1 minute\" \/>\n<script type=\"application\/ld+json\" class=\"yoast-schema-graph\">{\"@context\":\"https:\/\/schema.org\",\"@graph\":[{\"@type\":\"WebPage\",\"@id\":\"https:\/\/tupique.com\/produit\/smartphone-apple-iphone-17e-61-hexa-core-a19-8-gb-ram-512-gb-noir\/\",\"url\":\"https:\/\/tupique.com\/produit\/smartphone-apple-iphone-17e-61-hexa-core-a19-8-gb-ram-512-gb-noir\/\",\"name\":\"Smartphone Apple Iphone 17E 6,1\\\" Hexa Core A19 8 GB RAM 512 GB Noir - Tupique\",\"isPartOf\":{\"@id\":\"https:\/\/tupique.com\/#website\"},\"primaryImageOfPage\":{\"@id\":\"https:\/\/tupique.com\/produit\/smartphone-apple-iphone-17e-61-hexa-core-a19-8-gb-ram-512-gb-noir\/#primaryimage\"},\"image\":{\"@id\":\"https:\/\/tupique.com\/produit\/smartphone-apple-iphone-17e-61-hexa-core-a19-8-gb-ram-512-gb-noir\/#primaryimage\"},\"thumbnailUrl\":\"https:\/\/tupique.com\/wp-content\/uploads\/2026\/04\/0195951031125_M0807549_P00.jpg\",\"datePublished\":\"2026-04-08T04:59:08+00:00\",\"description\":\"Vous cherchez Smartphone Apple Iphone 17E 6,1\\\" Hexa Core A19 8 GB RAM 512 GB Noir ? Achetez des produits chez Tupique. Profitez de la livraison gratuite pour obtenir Smartphone Apple Iphone 17E 6,1\\\" Hexa Core A19 8 GB RAM 512 GB Noir d\u00e8s maintenant.\",\"breadcrumb\":{\"@id\":\"https:\/\/tupique.com\/produit\/smartphone-apple-iphone-17e-61-hexa-core-a19-8-gb-ram-512-gb-noir\/#breadcrumb\"},\"inLanguage\":\"en-GB\",\"potentialAction\":[{\"@type\":\"ReadAction\",\"target\":[\"https:\/\/tupique.com\/produit\/smartphone-apple-iphone-17e-61-hexa-core-a19-8-gb-ram-512-gb-noir\/\"]}]},{\"@type\":\"ImageObject\",\"inLanguage\":\"en-GB\",\"@id\":\"https:\/\/tupique.com\/produit\/smartphone-apple-iphone-17e-61-hexa-core-a19-8-gb-ram-512-gb-noir\/#primaryimage\",\"url\":\"https:\/\/tupique.com\/wp-content\/uploads\/2026\/04\/0195951031125_M0807549_P00.jpg\",\"contentUrl\":\"https:\/\/tupique.com\/wp-content\/uploads\/2026\/04\/0195951031125_M0807549_P00.jpg\",\"width\":1200,\"height\":1200,\"caption\":\"S8112262_0\"},{\"@type\":\"BreadcrumbList\",\"@id\":\"https:\/\/tupique.com\/produit\/smartphone-apple-iphone-17e-61-hexa-core-a19-8-gb-ram-512-gb-noir\/#breadcrumb\",\"itemListElement\":[{\"@type\":\"ListItem\",\"position\":1,\"name\":\"In\u00edcio\",\"item\":\"https:\/\/tupique.com\/\"},{\"@type\":\"ListItem\",\"position\":2,\"name\":\"Boutique\",\"item\":\"https:\/\/tupique.com\/en\/boutique\/\"},{\"@type\":\"ListItem\",\"position\":3,\"name\":\"Smartphone Apple Iphone 17E 6,1&#8243; Hexa Core A19 8 GB RAM 512 GB Noir\"}]},{\"@type\":\"WebSite\",\"@id\":\"https:\/\/tupique.com\/#website\",\"url\":\"https:\/\/tupique.com\/\",\"name\":\"Tupique\",\"description\":\"Marketplace\",\"publisher\":{\"@id\":\"https:\/\/tupique.com\/#organization\"},\"potentialAction\":[{\"@type\":\"SearchAction\",\"target\":{\"@type\":\"EntryPoint\",\"urlTemplate\":\"https:\/\/tupique.com\/?s={search_term_string}\"},\"query-input\":{\"@type\":\"PropertyValueSpecification\",\"valueRequired\":true,\"valueName\":\"search_term_string\"}}],\"inLanguage\":\"en-GB\"},{\"@type\":\"Organization\",\"@id\":\"https:\/\/tupique.com\/#organization\",\"name\":\"Tupique\",\"url\":\"https:\/\/tupique.com\/\",\"logo\":{\"@type\":\"ImageObject\",\"inLanguage\":\"en-GB\",\"@id\":\"https:\/\/tupique.com\/#\/schema\/logo\/image\/\",\"url\":\"https:\/\/tupique.com\/wp-content\/uploads\/2024\/09\/logo.png\",\"contentUrl\":\"https:\/\/tupique.com\/wp-content\/uploads\/2024\/09\/logo.png\",\"width\":1118,\"height\":310,\"caption\":\"Tupique\"},\"image\":{\"@id\":\"https:\/\/tupique.com\/#\/schema\/logo\/image\/\"}}]}<\/script>\n<!-- \/ Yoast SEO plugin. -->","yoast_head_json":{"title":"Smartphone Apple Iphone 17E 6,1\" Hexa Core A19 8 GB RAM 512 GB Noir - Tupique","description":"Vous cherchez Smartphone Apple Iphone 17E 6,1\" Hexa Core A19 8 GB RAM 512 GB Noir ? Achetez des produits chez Tupique. Profitez de la livraison gratuite pour obtenir Smartphone Apple Iphone 17E 6,1\" Hexa Core A19 8 GB RAM 512 GB Noir d\u00e8s maintenant.","robots":{"index":"index","follow":"follow","max-snippet":"max-snippet:-1","max-image-preview":"max-image-preview:large","max-video-preview":"max-video-preview:-1"},"canonical":"https:\/\/tupique.com\/en\/product\/smartphone-apple-iphone-17e-61-hexa-core-a19-8-gb-ram-512-gb-noir\/","og_locale":"en_GB","og_type":"article","og_title":"Smartphone Apple Iphone 17E 6,1\" Hexa Core A19 8 GB RAM 512 GB Noir - Tupique","og_description":"Vous cherchez Smartphone Apple Iphone 17E 6,1\" Hexa Core A19 8 GB RAM 512 GB Noir ? Achetez des produits chez Tupique. Profitez de la livraison gratuite pour obtenir Smartphone Apple Iphone 17E 6,1\" Hexa Core A19 8 GB RAM 512 GB Noir d\u00e8s maintenant.","og_url":"https:\/\/tupique.com\/en\/product\/smartphone-apple-iphone-17e-61-hexa-core-a19-8-gb-ram-512-gb-noir\/","og_site_name":"Tupique","twitter_card":"summary_large_image","twitter_misc":{"Estimated reading time":"1 minute"},"schema":{"@context":"https:\/\/schema.org","@graph":[{"@type":"WebPage","@id":"https:\/\/tupique.com\/produit\/smartphone-apple-iphone-17e-61-hexa-core-a19-8-gb-ram-512-gb-noir\/","url":"https:\/\/tupique.com\/produit\/smartphone-apple-iphone-17e-61-hexa-core-a19-8-gb-ram-512-gb-noir\/","name":"Smartphone Apple Iphone 17E 6,1\" Hexa Core A19 8 GB RAM 512 GB Noir - Tupique","isPartOf":{"@id":"https:\/\/tupique.com\/#website"},"primaryImageOfPage":{"@id":"https:\/\/tupique.com\/produit\/smartphone-apple-iphone-17e-61-hexa-core-a19-8-gb-ram-512-gb-noir\/#primaryimage"},"image":{"@id":"https:\/\/tupique.com\/produit\/smartphone-apple-iphone-17e-61-hexa-core-a19-8-gb-ram-512-gb-noir\/#primaryimage"},"thumbnailUrl":"https:\/\/tupique.com\/wp-content\/uploads\/2026\/04\/0195951031125_M0807549_P00.jpg","datePublished":"2026-04-08T04:59:08+00:00","description":"Vous cherchez Smartphone Apple Iphone 17E 6,1\" Hexa Core A19 8 GB RAM 512 GB Noir ? Achetez des produits chez Tupique. Profitez de la livraison gratuite pour obtenir Smartphone Apple Iphone 17E 6,1\" Hexa Core A19 8 GB RAM 512 GB Noir d\u00e8s maintenant.","breadcrumb":{"@id":"https:\/\/tupique.com\/produit\/smartphone-apple-iphone-17e-61-hexa-core-a19-8-gb-ram-512-gb-noir\/#breadcrumb"},"inLanguage":"en-GB","potentialAction":[{"@type":"ReadAction","target":["https:\/\/tupique.com\/produit\/smartphone-apple-iphone-17e-61-hexa-core-a19-8-gb-ram-512-gb-noir\/"]}]},{"@type":"ImageObject","inLanguage":"en-GB","@id":"https:\/\/tupique.com\/produit\/smartphone-apple-iphone-17e-61-hexa-core-a19-8-gb-ram-512-gb-noir\/#primaryimage","url":"https:\/\/tupique.com\/wp-content\/uploads\/2026\/04\/0195951031125_M0807549_P00.jpg","contentUrl":"https:\/\/tupique.com\/wp-content\/uploads\/2026\/04\/0195951031125_M0807549_P00.jpg","width":1200,"height":1200,"caption":"S8112262_0"},{"@type":"BreadcrumbList","@id":"https:\/\/tupique.com\/produit\/smartphone-apple-iphone-17e-61-hexa-core-a19-8-gb-ram-512-gb-noir\/#breadcrumb","itemListElement":[{"@type":"ListItem","position":1,"name":"In\u00edcio","item":"https:\/\/tupique.com\/"},{"@type":"ListItem","position":2,"name":"Boutique","item":"https:\/\/tupique.com\/en\/boutique\/"},{"@type":"ListItem","position":3,"name":"Smartphone Apple Iphone 17E 6,1&#8243; Hexa Core A19 8 GB RAM 512 GB Noir"}]},{"@type":"WebSite","@id":"https:\/\/tupique.com\/#website","url":"https:\/\/tupique.com\/","name":"Tupique","description":"Marketplace","publisher":{"@id":"https:\/\/tupique.com\/#organization"},"potentialAction":[{"@type":"SearchAction","target":{"@type":"EntryPoint","urlTemplate":"https:\/\/tupique.com\/?s={search_term_string}"},"query-input":{"@type":"PropertyValueSpecification","valueRequired":true,"valueName":"search_term_string"}}],"inLanguage":"en-GB"},{"@type":"Organization","@id":"https:\/\/tupique.com\/#organization","name":"Tupique","url":"https:\/\/tupique.com\/","logo":{"@type":"ImageObject","inLanguage":"en-GB","@id":"https:\/\/tupique.com\/#\/schema\/logo\/image\/","url":"https:\/\/tupique.com\/wp-content\/uploads\/2024\/09\/logo.png","contentUrl":"https:\/\/tupique.com\/wp-content\/uploads\/2024\/09\/logo.png","width":1118,"height":310,"caption":"Tupique"},"image":{"@id":"https:\/\/tupique.com\/#\/schema\/logo\/image\/"}}]}},"jetpack_sharing_enabled":true,"_links":{"self":[{"href":"https:\/\/tupique.com\/en\/wp-json\/wp\/v2\/product\/4383451","targetHints":{"allow":["GET"]}}],"collection":[{"href":"https:\/\/tupique.com\/en\/wp-json\/wp\/v2\/product"}],"about":[{"href":"https:\/\/tupique.com\/en\/wp-json\/wp\/v2\/types\/product"}],"replies":[{"embeddable":true,"href":"https:\/\/tupique.com\/en\/wp-json\/wp\/v2\/comments?post=4383451"}],"wp:featuredmedia":[{"embeddable":true,"href":"https:\/\/tupique.com\/en\/wp-json\/wp\/v2\/media\/4383444"}],"wp:attachment":[{"href":"https:\/\/tupique.com\/en\/wp-json\/wp\/v2\/media?parent=4383451"}],"wp:term":[{"taxonomy":"product_brand","embeddable":true,"href":"https:\/\/tupique.com\/en\/wp-json\/wp\/v2\/product_brand?post=4383451"},{"taxonomy":"product_cat","embeddable":true,"href":"https:\/\/tupique.com\/en\/wp-json\/wp\/v2\/product_cat?post=4383451"},{"taxonomy":"product_tag","embeddable":true,"href":"https:\/\/tupique.com\/en\/wp-json\/wp\/v2\/product_tag?post=4383451"}],"curies":[{"name":"wp","href":"https:\/\/api.w.org\/{rel}","templated":true}]}}