{"id":4383616,"date":"2026-04-08T06:57:01","date_gmt":"2026-04-08T05:57:01","guid":{"rendered":"https:\/\/tupique.com\/produit\/camescope-de-surveillance-axis-0926-001\/"},"modified":"2026-04-08T06:57:01","modified_gmt":"2026-04-08T05:57:01","slug":"camescope-de-surveillance-axis-0926-001","status":"publish","type":"product","link":"https:\/\/tupique.com\/en\/product\/camescope-de-surveillance-axis-0926-001\/","title":{"rendered":"Camescope de surveillance Axis 0926-001"},"content":{"rendered":"<p>If you are passionate about\u2019<b>computer science and electronics<\/b>, If you're at the cutting edge of technology and don't want to miss a thing, buy <b>Camescope de surveillance Axis 0926-001            <\/b> at the best price.<\/p>\n<ul>\n<li>Type:\n<ul>\n<li>With wire<\/li>\n<li>Cam\u00e9scope<\/li>\n<li>Cam\u00e9ra de s\u00e9curit\u00e9 IP<\/li>\n<\/ul>\n<\/li>\n<li>Connections:\n<ul>\n<li>Ethernet LAN<\/li>\n<li>PoE x 1<\/li>\n<li>RJ45<\/li>\n<\/ul>\n<\/li>\n<li>Colour: White<\/li>\n<li>Cartes M\u00e9moire Compatibles: MicroSD (TransFlash),MicroSDHC,MicroSDXC<\/li>\n<li>Capteur: CMOS<\/li>\n<li>Nombre de cam\u00e9ras: 1<\/li>\n<li>Full HD: Oui<\/li>\n<li>Resolution (px):\n<ul>\n<li>1080 px<\/li>\n<li>1920 x 1080 px<\/li>\n<\/ul>\n<\/li>\n<li>Material: Plastic<\/li>\n<li>Features:\n<ul>\n<li>Wall mounting<\/li>\n<li>Installation guide included<\/li>\n<li>Lecteur de Cartes<\/li>\n<\/ul>\n<\/li>\n<li>Connectivit\u00e9: Bluetooth<\/li>\n<li>R\u00e9solution: Full HD<\/li>\n<li>Ann\u00e9e: 2017<\/li>\n<li>Technologie: HDD<\/li>\n<li>R\u00e9solution vid\u00e9o: 1080 px<\/li>\n<li>puissance: 4 W<\/li>\n<li>Not included:\n<ul>\n<li>Wi-Fi<\/li>\n<li>Bluetooth<\/li>\n<\/ul>\n<\/li>\n<li>Vid\u00e9o: 1080 p<\/li>\n<li>Format: H.264<\/li>\n<li>consommation d&#8217;\u00e9nergie: 2.5 kWh<\/li>\n<li>Inclut: Supports de montage<\/li>\n<li>Bloc d\u2019Alimentation: AC<\/li>\n<\/ul>","protected":false},"excerpt":{"rendered":"<p>Si vous \u00eates passionn\u00e9 d&#8217;informatique et d&#8217;\u00e9lectronique, si vous \u00eates \u00e0 la pointe de la technologie et qu&#8217;aucun d\u00e9tail ne<\/p>","protected":false},"featured_media":4383615,"comment_status":"open","ping_status":"closed","template":"","meta":{"_joinchat":[]},"product_brand":[157974],"product_cat":[157582,157535,157581],"product_tag":[157580,157531],"class_list":{"0":"post-4383616","1":"product","2":"type-product","3":"status-publish","4":"has-post-thumbnail","6":"product_brand-brandp_4776","7":"product_cat-cameras-de-surveillance-video","8":"product_cat-maison-jardin","9":"product_cat-securite-a-la-maison","10":"product_tag-tag_556","11":"product_tag-tag_25","13":"first","14":"instock","15":"taxable","16":"shipping-taxable","17":"purchasable","18":"product-type-simple"},"yoast_head":"<!-- This site is optimized with the Yoast SEO plugin v27.2 - https:\/\/yoast.com\/product\/yoast-seo-wordpress\/ -->\n<title>Camescope de surveillance Axis 0926-001 - Tupique<\/title>\n<meta name=\"description\" content=\"Vous cherchez Camescope de surveillance Axis 0926-001 ? Achetez des produits chez Tupique. Profitez de la livraison gratuite pour obtenir Camescope de surveillance Axis 0926-001 d\u00e8s maintenant.\" \/>\n<meta name=\"robots\" content=\"index, follow, max-snippet:-1, max-image-preview:large, max-video-preview:-1\" \/>\n<link rel=\"canonical\" href=\"https:\/\/tupique.com\/en\/product\/camescope-de-surveillance-axis-0926-001\/\" \/>\n<meta property=\"og:locale\" content=\"en_GB\" \/>\n<meta property=\"og:type\" content=\"article\" \/>\n<meta property=\"og:title\" content=\"Camescope de surveillance Axis 0926-001 - Tupique\" \/>\n<meta property=\"og:description\" content=\"Vous cherchez Camescope de surveillance Axis 0926-001 ? Achetez des produits chez Tupique. Profitez de la livraison gratuite pour obtenir Camescope de surveillance Axis 0926-001 d\u00e8s maintenant.\" \/>\n<meta property=\"og:url\" content=\"https:\/\/tupique.com\/en\/product\/camescope-de-surveillance-axis-0926-001\/\" \/>\n<meta property=\"og:site_name\" content=\"Tupique\" \/>\n<meta name=\"twitter:card\" content=\"summary_large_image\" \/>\n<meta name=\"twitter:label1\" content=\"Estimated reading time\" \/>\n\t<meta name=\"twitter:data1\" content=\"1 minute\" \/>\n<script type=\"application\/ld+json\" class=\"yoast-schema-graph\">{\"@context\":\"https:\/\/schema.org\",\"@graph\":[{\"@type\":\"WebPage\",\"@id\":\"https:\/\/tupique.com\/produit\/camescope-de-surveillance-axis-0926-001\/\",\"url\":\"https:\/\/tupique.com\/produit\/camescope-de-surveillance-axis-0926-001\/\",\"name\":\"Camescope de surveillance Axis 0926-001 - Tupique\",\"isPartOf\":{\"@id\":\"https:\/\/tupique.com\/#website\"},\"primaryImageOfPage\":{\"@id\":\"https:\/\/tupique.com\/produit\/camescope-de-surveillance-axis-0926-001\/#primaryimage\"},\"image\":{\"@id\":\"https:\/\/tupique.com\/produit\/camescope-de-surveillance-axis-0926-001\/#primaryimage\"},\"thumbnailUrl\":\"https:\/\/tupique.com\/wp-content\/uploads\/2026\/04\/7331021052826_R01.jpg\",\"datePublished\":\"2026-04-08T05:57:01+00:00\",\"description\":\"Vous cherchez Camescope de surveillance Axis 0926-001 ? Achetez des produits chez Tupique. Profitez de la livraison gratuite pour obtenir Camescope de surveillance Axis 0926-001 d\u00e8s maintenant.\",\"breadcrumb\":{\"@id\":\"https:\/\/tupique.com\/produit\/camescope-de-surveillance-axis-0926-001\/#breadcrumb\"},\"inLanguage\":\"en-GB\",\"potentialAction\":[{\"@type\":\"ReadAction\",\"target\":[\"https:\/\/tupique.com\/produit\/camescope-de-surveillance-axis-0926-001\/\"]}]},{\"@type\":\"ImageObject\",\"inLanguage\":\"en-GB\",\"@id\":\"https:\/\/tupique.com\/produit\/camescope-de-surveillance-axis-0926-001\/#primaryimage\",\"url\":\"https:\/\/tupique.com\/wp-content\/uploads\/2026\/04\/7331021052826_R01.jpg\",\"contentUrl\":\"https:\/\/tupique.com\/wp-content\/uploads\/2026\/04\/7331021052826_R01.jpg\",\"width\":1200,\"height\":1200,\"caption\":\"S55000697_0\"},{\"@type\":\"BreadcrumbList\",\"@id\":\"https:\/\/tupique.com\/produit\/camescope-de-surveillance-axis-0926-001\/#breadcrumb\",\"itemListElement\":[{\"@type\":\"ListItem\",\"position\":1,\"name\":\"In\u00edcio\",\"item\":\"https:\/\/tupique.com\/\"},{\"@type\":\"ListItem\",\"position\":2,\"name\":\"Boutique\",\"item\":\"https:\/\/tupique.com\/en\/boutique\/\"},{\"@type\":\"ListItem\",\"position\":3,\"name\":\"Camescope de surveillance Axis 0926-001\"}]},{\"@type\":\"WebSite\",\"@id\":\"https:\/\/tupique.com\/#website\",\"url\":\"https:\/\/tupique.com\/\",\"name\":\"Tupique\",\"description\":\"Marketplace\",\"publisher\":{\"@id\":\"https:\/\/tupique.com\/#organization\"},\"potentialAction\":[{\"@type\":\"SearchAction\",\"target\":{\"@type\":\"EntryPoint\",\"urlTemplate\":\"https:\/\/tupique.com\/?s={search_term_string}\"},\"query-input\":{\"@type\":\"PropertyValueSpecification\",\"valueRequired\":true,\"valueName\":\"search_term_string\"}}],\"inLanguage\":\"en-GB\"},{\"@type\":\"Organization\",\"@id\":\"https:\/\/tupique.com\/#organization\",\"name\":\"Tupique\",\"url\":\"https:\/\/tupique.com\/\",\"logo\":{\"@type\":\"ImageObject\",\"inLanguage\":\"en-GB\",\"@id\":\"https:\/\/tupique.com\/#\/schema\/logo\/image\/\",\"url\":\"https:\/\/tupique.com\/wp-content\/uploads\/2024\/09\/logo.png\",\"contentUrl\":\"https:\/\/tupique.com\/wp-content\/uploads\/2024\/09\/logo.png\",\"width\":1118,\"height\":310,\"caption\":\"Tupique\"},\"image\":{\"@id\":\"https:\/\/tupique.com\/#\/schema\/logo\/image\/\"}}]}<\/script>\n<!-- \/ Yoast SEO plugin. -->","yoast_head_json":{"title":"Camescope de surveillance Axis 0926-001 - Tupique","description":"Vous cherchez Camescope de surveillance Axis 0926-001 ? Achetez des produits chez Tupique. Profitez de la livraison gratuite pour obtenir Camescope de surveillance Axis 0926-001 d\u00e8s maintenant.","robots":{"index":"index","follow":"follow","max-snippet":"max-snippet:-1","max-image-preview":"max-image-preview:large","max-video-preview":"max-video-preview:-1"},"canonical":"https:\/\/tupique.com\/en\/product\/camescope-de-surveillance-axis-0926-001\/","og_locale":"en_GB","og_type":"article","og_title":"Camescope de surveillance Axis 0926-001 - Tupique","og_description":"Vous cherchez Camescope de surveillance Axis 0926-001 ? Achetez des produits chez Tupique. Profitez de la livraison gratuite pour obtenir Camescope de surveillance Axis 0926-001 d\u00e8s maintenant.","og_url":"https:\/\/tupique.com\/en\/product\/camescope-de-surveillance-axis-0926-001\/","og_site_name":"Tupique","twitter_card":"summary_large_image","twitter_misc":{"Estimated reading time":"1 minute"},"schema":{"@context":"https:\/\/schema.org","@graph":[{"@type":"WebPage","@id":"https:\/\/tupique.com\/produit\/camescope-de-surveillance-axis-0926-001\/","url":"https:\/\/tupique.com\/produit\/camescope-de-surveillance-axis-0926-001\/","name":"Camescope de surveillance Axis 0926-001 - Tupique","isPartOf":{"@id":"https:\/\/tupique.com\/#website"},"primaryImageOfPage":{"@id":"https:\/\/tupique.com\/produit\/camescope-de-surveillance-axis-0926-001\/#primaryimage"},"image":{"@id":"https:\/\/tupique.com\/produit\/camescope-de-surveillance-axis-0926-001\/#primaryimage"},"thumbnailUrl":"https:\/\/tupique.com\/wp-content\/uploads\/2026\/04\/7331021052826_R01.jpg","datePublished":"2026-04-08T05:57:01+00:00","description":"Vous cherchez Camescope de surveillance Axis 0926-001 ? Achetez des produits chez Tupique. Profitez de la livraison gratuite pour obtenir Camescope de surveillance Axis 0926-001 d\u00e8s maintenant.","breadcrumb":{"@id":"https:\/\/tupique.com\/produit\/camescope-de-surveillance-axis-0926-001\/#breadcrumb"},"inLanguage":"en-GB","potentialAction":[{"@type":"ReadAction","target":["https:\/\/tupique.com\/produit\/camescope-de-surveillance-axis-0926-001\/"]}]},{"@type":"ImageObject","inLanguage":"en-GB","@id":"https:\/\/tupique.com\/produit\/camescope-de-surveillance-axis-0926-001\/#primaryimage","url":"https:\/\/tupique.com\/wp-content\/uploads\/2026\/04\/7331021052826_R01.jpg","contentUrl":"https:\/\/tupique.com\/wp-content\/uploads\/2026\/04\/7331021052826_R01.jpg","width":1200,"height":1200,"caption":"S55000697_0"},{"@type":"BreadcrumbList","@id":"https:\/\/tupique.com\/produit\/camescope-de-surveillance-axis-0926-001\/#breadcrumb","itemListElement":[{"@type":"ListItem","position":1,"name":"In\u00edcio","item":"https:\/\/tupique.com\/"},{"@type":"ListItem","position":2,"name":"Boutique","item":"https:\/\/tupique.com\/en\/boutique\/"},{"@type":"ListItem","position":3,"name":"Camescope de surveillance Axis 0926-001"}]},{"@type":"WebSite","@id":"https:\/\/tupique.com\/#website","url":"https:\/\/tupique.com\/","name":"Tupique","description":"Marketplace","publisher":{"@id":"https:\/\/tupique.com\/#organization"},"potentialAction":[{"@type":"SearchAction","target":{"@type":"EntryPoint","urlTemplate":"https:\/\/tupique.com\/?s={search_term_string}"},"query-input":{"@type":"PropertyValueSpecification","valueRequired":true,"valueName":"search_term_string"}}],"inLanguage":"en-GB"},{"@type":"Organization","@id":"https:\/\/tupique.com\/#organization","name":"Tupique","url":"https:\/\/tupique.com\/","logo":{"@type":"ImageObject","inLanguage":"en-GB","@id":"https:\/\/tupique.com\/#\/schema\/logo\/image\/","url":"https:\/\/tupique.com\/wp-content\/uploads\/2024\/09\/logo.png","contentUrl":"https:\/\/tupique.com\/wp-content\/uploads\/2024\/09\/logo.png","width":1118,"height":310,"caption":"Tupique"},"image":{"@id":"https:\/\/tupique.com\/#\/schema\/logo\/image\/"}}]}},"jetpack_sharing_enabled":true,"_links":{"self":[{"href":"https:\/\/tupique.com\/en\/wp-json\/wp\/v2\/product\/4383616","targetHints":{"allow":["GET"]}}],"collection":[{"href":"https:\/\/tupique.com\/en\/wp-json\/wp\/v2\/product"}],"about":[{"href":"https:\/\/tupique.com\/en\/wp-json\/wp\/v2\/types\/product"}],"replies":[{"embeddable":true,"href":"https:\/\/tupique.com\/en\/wp-json\/wp\/v2\/comments?post=4383616"}],"wp:featuredmedia":[{"embeddable":true,"href":"https:\/\/tupique.com\/en\/wp-json\/wp\/v2\/media\/4383615"}],"wp:attachment":[{"href":"https:\/\/tupique.com\/en\/wp-json\/wp\/v2\/media?parent=4383616"}],"wp:term":[{"taxonomy":"product_brand","embeddable":true,"href":"https:\/\/tupique.com\/en\/wp-json\/wp\/v2\/product_brand?post=4383616"},{"taxonomy":"product_cat","embeddable":true,"href":"https:\/\/tupique.com\/en\/wp-json\/wp\/v2\/product_cat?post=4383616"},{"taxonomy":"product_tag","embeddable":true,"href":"https:\/\/tupique.com\/en\/wp-json\/wp\/v2\/product_tag?post=4383616"}],"curies":[{"name":"wp","href":"https:\/\/api.w.org\/{rel}","templated":true}]}}