{"id":4383679,"date":"2026-04-08T06:58:16","date_gmt":"2026-04-08T05:58:16","guid":{"rendered":"https:\/\/tupique.com\/produit\/tv-intelligente-samsung-tq55qn90fatxxc-55-55-4k-ultra-hd-4k-ultra-hd-hdr-neo-qled-hdr-neo-qled\/"},"modified":"2026-04-08T06:58:16","modified_gmt":"2026-04-08T05:58:16","slug":"tv-intelligente-samsung-tq55qn90fatxxc-55-55-4k-ultra-hd-4k-ultra-hd-hdr-neo-qled-hdr-neo-qled","status":"publish","type":"product","link":"https:\/\/tupique.com\/en\/product\/tv-intelligente-samsung-tq55qn90fatxxc-55-55-4k-ultra-hd-4k-ultra-hd-hdr-neo-qled-hdr-neo-qled\/","title":{"rendered":"TV intelligente Samsung TQ55QN90FATXXC 55&#8243; (55&#8243;) 4K Ultra HD (4K Ultra HD) HDR Neo QLED (HDR) (Neo QLED)"},"content":{"rendered":"<p>If you're looking for the latest trends on the market, we've got you covered. <b>TV intelligente Samsung TQ55QN90FATXXC 55&#8243; (55&#8243;) 4K Ultra HD (4K Ultra HD) HDR Neo QLED (HDR) (Neo QLED)<\/b> !<\/p>\n<ul>\n<li>Connectivity:\n<ul>\n<li>Wi-Fi<\/li>\n<li>Bluetooth<\/li>\n<li>Interface commune<\/li>\n<li>Anynet+<\/li>\n<li>Bluetooth 5.3<\/li>\n<li>eARC<\/li>\n<\/ul>\n<\/li>\n<li>Resolution (px): 3840 x 2160 px<\/li>\n<li>Colour: Black<\/li>\n<li>Features:\n<ul>\n<li>Navigation web<\/li>\n<li>ECO<\/li>\n<li>TV intelligente<\/li>\n<li>Guide \u00e9lectronique des programmes (EPG)<\/li>\n<li>Firmware \u00e9volutif<\/li>\n<li>Apple AirPlay 2<\/li>\n<li>Fonction sous-titre<\/li>\n<li>Guide vocal<\/li>\n<li>\u00c9cran plat<\/li>\n<\/ul>\n<\/li>\n<li>Connections:\n<ul>\n<li>USB 2.0<\/li>\n<li>RJ45<\/li>\n<li>Ethernet LAN<\/li>\n<li>RF x 2<\/li>\n<li>CI+<\/li>\n<li>CI+ 1.4 x 1<\/li>\n<li>RS-232C x 1<\/li>\n<li>HDMI x 4<\/li>\n<\/ul>\n<\/li>\n<li>Fonctions: Navigation<\/li>\n<li>Aspect ratio: 16:9<\/li>\n<li>Classification \u00e9nerg\u00e9tique: F<\/li>\n<li>Syst\u00e8me d&#8217;exploitation: Tizen<\/li>\n<li>Compatibilit\u00e9: Google Assistant<\/li>\n<li>Bloc d\u2019Alimentation: Cordon d&#8217;alimentation CA<\/li>\n<li>TV intelligente: Oui<\/li>\n<li>Ecran: 55&#8243;<\/li>\n<li>Compatible:\n<ul>\n<li>Amazon Alexa<\/li>\n<li>Bixby<\/li>\n<\/ul>\n<\/li>\n<li>Includes: Remote control<\/li>\n<li>VESA: 20 x 20 cm<\/li>\n<li>R\u00e9cepteur:\n<ul>\n<li>DVB-C,DVB-S2,DVB-T2<\/li>\n<li>Analogique et num\u00e9rique<\/li>\n<\/ul>\n<\/li>\n<li>Technology:\n<ul>\n<li>HDR<\/li>\n<li>Neo QLED<\/li>\n<\/ul>\n<\/li>\n<li>Resolution: 4K Ultra HD<\/li>\n<li>Arr\u00eat Automatique: Oui<\/li>\n<li>AC input frequency: 50-60 Hz<\/li>\n<li>Audio: Dolby Atmos<\/li>\n<li>Voltage: 220-240 V<\/li>\n<li>puissance: 60 W<\/li>\n<li>Fr\u00e9quence: 120 Hz<\/li>\n<li>Montage: VESA<\/li>\n<li>Diagonale de l&#8217;\u00e9cran (cm): 139,7 cm<\/li>\n<\/ul>","protected":false},"excerpt":{"rendered":"<p>Si vous \u00eates \u00e0 la recherche de nouvelles tendances sur le march\u00e9, nous vous pr\u00e9sentons TV intelligente Samsung TQ55QN90FATXXC 55&#8243;<\/p>","protected":false},"featured_media":4383666,"comment_status":"open","ping_status":"closed","template":"","meta":{"_joinchat":[]},"product_brand":[157883],"product_cat":[157626,157516,157803],"product_tag":[],"class_list":{"0":"post-4383679","1":"product","2":"type-product","3":"status-publish","4":"has-post-thumbnail","6":"product_brand-brandp_576","7":"product_cat-electronique-television","8":"product_cat-informatique-electronique","9":"product_cat-televisions-et-smart-tv","11":"first","12":"instock","13":"taxable","14":"shipping-taxable","15":"purchasable","16":"product-type-simple"},"yoast_head":"<!-- This site is optimized with the Yoast SEO plugin v27.2 - https:\/\/yoast.com\/product\/yoast-seo-wordpress\/ -->\n<title>TV intelligente Samsung TQ55QN90FATXXC 55&quot; (55&quot;) 4K Ultra HD (4K Ultra HD) HDR Neo QLED (HDR) (Neo QLED) - Tupique<\/title>\n<meta name=\"description\" content=\"Vous cherchez TV intelligente Samsung TQ55QN90FATXXC 55&quot; (55&quot;) 4K Ultra HD (4K Ultra HD) HDR Neo QLED (HDR) (Neo QLED) ? Achetez des produits chez Tupique. Profitez de la livraison gratuite pour obtenir TV intelligente Samsung TQ55QN90FATXXC 55&quot; (55&quot;) 4K Ultra HD (4K Ultra HD) HDR Neo QLED (HDR) (Neo QLED) d\u00e8s maintenant.\" \/>\n<meta name=\"robots\" content=\"index, follow, max-snippet:-1, max-image-preview:large, max-video-preview:-1\" \/>\n<link rel=\"canonical\" href=\"https:\/\/tupique.com\/en\/product\/tv-intelligente-samsung-tq55qn90fatxxc-55-55-4k-ultra-hd-4k-ultra-hd-hdr-neo-qled-hdr-neo-qled\/\" \/>\n<meta property=\"og:locale\" content=\"en_GB\" \/>\n<meta property=\"og:type\" content=\"article\" \/>\n<meta property=\"og:title\" content=\"TV intelligente Samsung TQ55QN90FATXXC 55&quot; (55&quot;) 4K Ultra HD (4K Ultra HD) HDR Neo QLED (HDR) (Neo QLED) - Tupique\" \/>\n<meta property=\"og:description\" content=\"Vous cherchez TV intelligente Samsung TQ55QN90FATXXC 55&quot; (55&quot;) 4K Ultra HD (4K Ultra HD) HDR Neo QLED (HDR) (Neo QLED) ? Achetez des produits chez Tupique. Profitez de la livraison gratuite pour obtenir TV intelligente Samsung TQ55QN90FATXXC 55&quot; (55&quot;) 4K Ultra HD (4K Ultra HD) HDR Neo QLED (HDR) (Neo QLED) d\u00e8s maintenant.\" \/>\n<meta property=\"og:url\" content=\"https:\/\/tupique.com\/en\/product\/tv-intelligente-samsung-tq55qn90fatxxc-55-55-4k-ultra-hd-4k-ultra-hd-hdr-neo-qled-hdr-neo-qled\/\" \/>\n<meta property=\"og:site_name\" content=\"Tupique\" \/>\n<meta name=\"twitter:card\" content=\"summary_large_image\" \/>\n<meta name=\"twitter:label1\" content=\"Estimated reading time\" \/>\n\t<meta name=\"twitter:data1\" content=\"1 minute\" \/>\n<script type=\"application\/ld+json\" class=\"yoast-schema-graph\">{\"@context\":\"https:\/\/schema.org\",\"@graph\":[{\"@type\":\"WebPage\",\"@id\":\"https:\/\/tupique.com\/produit\/tv-intelligente-samsung-tq55qn90fatxxc-55-55-4k-ultra-hd-4k-ultra-hd-hdr-neo-qled-hdr-neo-qled\/\",\"url\":\"https:\/\/tupique.com\/produit\/tv-intelligente-samsung-tq55qn90fatxxc-55-55-4k-ultra-hd-4k-ultra-hd-hdr-neo-qled-hdr-neo-qled\/\",\"name\":\"TV intelligente Samsung TQ55QN90FATXXC 55\\\" (55\\\") 4K Ultra HD (4K Ultra HD) HDR Neo QLED (HDR) (Neo QLED) - Tupique\",\"isPartOf\":{\"@id\":\"https:\/\/tupique.com\/#website\"},\"primaryImageOfPage\":{\"@id\":\"https:\/\/tupique.com\/produit\/tv-intelligente-samsung-tq55qn90fatxxc-55-55-4k-ultra-hd-4k-ultra-hd-hdr-neo-qled-hdr-neo-qled\/#primaryimage\"},\"image\":{\"@id\":\"https:\/\/tupique.com\/produit\/tv-intelligente-samsung-tq55qn90fatxxc-55-55-4k-ultra-hd-4k-ultra-hd-hdr-neo-qled-hdr-neo-qled\/#primaryimage\"},\"thumbnailUrl\":\"https:\/\/tupique.com\/wp-content\/uploads\/2026\/04\/8806097067726_S0464699_P01.jpg\",\"datePublished\":\"2026-04-08T05:58:16+00:00\",\"description\":\"Vous cherchez TV intelligente Samsung TQ55QN90FATXXC 55\\\" (55\\\") 4K Ultra HD (4K Ultra HD) HDR Neo QLED (HDR) (Neo QLED) ? Achetez des produits chez Tupique. Profitez de la livraison gratuite pour obtenir TV intelligente Samsung TQ55QN90FATXXC 55\\\" (55\\\") 4K Ultra HD (4K Ultra HD) HDR Neo QLED (HDR) (Neo QLED) d\u00e8s maintenant.\",\"breadcrumb\":{\"@id\":\"https:\/\/tupique.com\/produit\/tv-intelligente-samsung-tq55qn90fatxxc-55-55-4k-ultra-hd-4k-ultra-hd-hdr-neo-qled-hdr-neo-qled\/#breadcrumb\"},\"inLanguage\":\"en-GB\",\"potentialAction\":[{\"@type\":\"ReadAction\",\"target\":[\"https:\/\/tupique.com\/produit\/tv-intelligente-samsung-tq55qn90fatxxc-55-55-4k-ultra-hd-4k-ultra-hd-hdr-neo-qled-hdr-neo-qled\/\"]}]},{\"@type\":\"ImageObject\",\"inLanguage\":\"en-GB\",\"@id\":\"https:\/\/tupique.com\/produit\/tv-intelligente-samsung-tq55qn90fatxxc-55-55-4k-ultra-hd-4k-ultra-hd-hdr-neo-qled-hdr-neo-qled\/#primaryimage\",\"url\":\"https:\/\/tupique.com\/wp-content\/uploads\/2026\/04\/8806097067726_S0464699_P01.jpg\",\"contentUrl\":\"https:\/\/tupique.com\/wp-content\/uploads\/2026\/04\/8806097067726_S0464699_P01.jpg\",\"width\":1200,\"height\":1200,\"caption\":\"S0464699_0\"},{\"@type\":\"BreadcrumbList\",\"@id\":\"https:\/\/tupique.com\/produit\/tv-intelligente-samsung-tq55qn90fatxxc-55-55-4k-ultra-hd-4k-ultra-hd-hdr-neo-qled-hdr-neo-qled\/#breadcrumb\",\"itemListElement\":[{\"@type\":\"ListItem\",\"position\":1,\"name\":\"In\u00edcio\",\"item\":\"https:\/\/tupique.com\/\"},{\"@type\":\"ListItem\",\"position\":2,\"name\":\"Boutique\",\"item\":\"https:\/\/tupique.com\/en\/boutique\/\"},{\"@type\":\"ListItem\",\"position\":3,\"name\":\"TV intelligente Samsung TQ55QN90FATXXC 55&#8243; (55&#8243;) 4K Ultra HD (4K Ultra HD) HDR Neo QLED (HDR) (Neo QLED)\"}]},{\"@type\":\"WebSite\",\"@id\":\"https:\/\/tupique.com\/#website\",\"url\":\"https:\/\/tupique.com\/\",\"name\":\"Tupique\",\"description\":\"Marketplace\",\"publisher\":{\"@id\":\"https:\/\/tupique.com\/#organization\"},\"potentialAction\":[{\"@type\":\"SearchAction\",\"target\":{\"@type\":\"EntryPoint\",\"urlTemplate\":\"https:\/\/tupique.com\/?s={search_term_string}\"},\"query-input\":{\"@type\":\"PropertyValueSpecification\",\"valueRequired\":true,\"valueName\":\"search_term_string\"}}],\"inLanguage\":\"en-GB\"},{\"@type\":\"Organization\",\"@id\":\"https:\/\/tupique.com\/#organization\",\"name\":\"Tupique\",\"url\":\"https:\/\/tupique.com\/\",\"logo\":{\"@type\":\"ImageObject\",\"inLanguage\":\"en-GB\",\"@id\":\"https:\/\/tupique.com\/#\/schema\/logo\/image\/\",\"url\":\"https:\/\/tupique.com\/wp-content\/uploads\/2024\/09\/logo.png\",\"contentUrl\":\"https:\/\/tupique.com\/wp-content\/uploads\/2024\/09\/logo.png\",\"width\":1118,\"height\":310,\"caption\":\"Tupique\"},\"image\":{\"@id\":\"https:\/\/tupique.com\/#\/schema\/logo\/image\/\"}}]}<\/script>\n<!-- \/ Yoast SEO plugin. -->","yoast_head_json":{"title":"TV intelligente Samsung TQ55QN90FATXXC 55\" (55\") 4K Ultra HD (4K Ultra HD) HDR Neo QLED (HDR) (Neo QLED) - Tupique","description":"Vous cherchez TV intelligente Samsung TQ55QN90FATXXC 55\" (55\") 4K Ultra HD (4K Ultra HD) HDR Neo QLED (HDR) (Neo QLED) ? Achetez des produits chez Tupique. Profitez de la livraison gratuite pour obtenir TV intelligente Samsung TQ55QN90FATXXC 55\" (55\") 4K Ultra HD (4K Ultra HD) HDR Neo QLED (HDR) (Neo QLED) d\u00e8s maintenant.","robots":{"index":"index","follow":"follow","max-snippet":"max-snippet:-1","max-image-preview":"max-image-preview:large","max-video-preview":"max-video-preview:-1"},"canonical":"https:\/\/tupique.com\/en\/product\/tv-intelligente-samsung-tq55qn90fatxxc-55-55-4k-ultra-hd-4k-ultra-hd-hdr-neo-qled-hdr-neo-qled\/","og_locale":"en_GB","og_type":"article","og_title":"TV intelligente Samsung TQ55QN90FATXXC 55\" (55\") 4K Ultra HD (4K Ultra HD) HDR Neo QLED (HDR) (Neo QLED) - Tupique","og_description":"Vous cherchez TV intelligente Samsung TQ55QN90FATXXC 55\" (55\") 4K Ultra HD (4K Ultra HD) HDR Neo QLED (HDR) (Neo QLED) ? Achetez des produits chez Tupique. Profitez de la livraison gratuite pour obtenir TV intelligente Samsung TQ55QN90FATXXC 55\" (55\") 4K Ultra HD (4K Ultra HD) HDR Neo QLED (HDR) (Neo QLED) d\u00e8s maintenant.","og_url":"https:\/\/tupique.com\/en\/product\/tv-intelligente-samsung-tq55qn90fatxxc-55-55-4k-ultra-hd-4k-ultra-hd-hdr-neo-qled-hdr-neo-qled\/","og_site_name":"Tupique","twitter_card":"summary_large_image","twitter_misc":{"Estimated reading time":"1 minute"},"schema":{"@context":"https:\/\/schema.org","@graph":[{"@type":"WebPage","@id":"https:\/\/tupique.com\/produit\/tv-intelligente-samsung-tq55qn90fatxxc-55-55-4k-ultra-hd-4k-ultra-hd-hdr-neo-qled-hdr-neo-qled\/","url":"https:\/\/tupique.com\/produit\/tv-intelligente-samsung-tq55qn90fatxxc-55-55-4k-ultra-hd-4k-ultra-hd-hdr-neo-qled-hdr-neo-qled\/","name":"TV intelligente Samsung TQ55QN90FATXXC 55\" (55\") 4K Ultra HD (4K Ultra HD) HDR Neo QLED (HDR) (Neo QLED) - Tupique","isPartOf":{"@id":"https:\/\/tupique.com\/#website"},"primaryImageOfPage":{"@id":"https:\/\/tupique.com\/produit\/tv-intelligente-samsung-tq55qn90fatxxc-55-55-4k-ultra-hd-4k-ultra-hd-hdr-neo-qled-hdr-neo-qled\/#primaryimage"},"image":{"@id":"https:\/\/tupique.com\/produit\/tv-intelligente-samsung-tq55qn90fatxxc-55-55-4k-ultra-hd-4k-ultra-hd-hdr-neo-qled-hdr-neo-qled\/#primaryimage"},"thumbnailUrl":"https:\/\/tupique.com\/wp-content\/uploads\/2026\/04\/8806097067726_S0464699_P01.jpg","datePublished":"2026-04-08T05:58:16+00:00","description":"Vous cherchez TV intelligente Samsung TQ55QN90FATXXC 55\" (55\") 4K Ultra HD (4K Ultra HD) HDR Neo QLED (HDR) (Neo QLED) ? Achetez des produits chez Tupique. Profitez de la livraison gratuite pour obtenir TV intelligente Samsung TQ55QN90FATXXC 55\" (55\") 4K Ultra HD (4K Ultra HD) HDR Neo QLED (HDR) (Neo QLED) d\u00e8s maintenant.","breadcrumb":{"@id":"https:\/\/tupique.com\/produit\/tv-intelligente-samsung-tq55qn90fatxxc-55-55-4k-ultra-hd-4k-ultra-hd-hdr-neo-qled-hdr-neo-qled\/#breadcrumb"},"inLanguage":"en-GB","potentialAction":[{"@type":"ReadAction","target":["https:\/\/tupique.com\/produit\/tv-intelligente-samsung-tq55qn90fatxxc-55-55-4k-ultra-hd-4k-ultra-hd-hdr-neo-qled-hdr-neo-qled\/"]}]},{"@type":"ImageObject","inLanguage":"en-GB","@id":"https:\/\/tupique.com\/produit\/tv-intelligente-samsung-tq55qn90fatxxc-55-55-4k-ultra-hd-4k-ultra-hd-hdr-neo-qled-hdr-neo-qled\/#primaryimage","url":"https:\/\/tupique.com\/wp-content\/uploads\/2026\/04\/8806097067726_S0464699_P01.jpg","contentUrl":"https:\/\/tupique.com\/wp-content\/uploads\/2026\/04\/8806097067726_S0464699_P01.jpg","width":1200,"height":1200,"caption":"S0464699_0"},{"@type":"BreadcrumbList","@id":"https:\/\/tupique.com\/produit\/tv-intelligente-samsung-tq55qn90fatxxc-55-55-4k-ultra-hd-4k-ultra-hd-hdr-neo-qled-hdr-neo-qled\/#breadcrumb","itemListElement":[{"@type":"ListItem","position":1,"name":"In\u00edcio","item":"https:\/\/tupique.com\/"},{"@type":"ListItem","position":2,"name":"Boutique","item":"https:\/\/tupique.com\/en\/boutique\/"},{"@type":"ListItem","position":3,"name":"TV intelligente Samsung TQ55QN90FATXXC 55&#8243; (55&#8243;) 4K Ultra HD (4K Ultra HD) HDR Neo QLED (HDR) (Neo QLED)"}]},{"@type":"WebSite","@id":"https:\/\/tupique.com\/#website","url":"https:\/\/tupique.com\/","name":"Tupique","description":"Marketplace","publisher":{"@id":"https:\/\/tupique.com\/#organization"},"potentialAction":[{"@type":"SearchAction","target":{"@type":"EntryPoint","urlTemplate":"https:\/\/tupique.com\/?s={search_term_string}"},"query-input":{"@type":"PropertyValueSpecification","valueRequired":true,"valueName":"search_term_string"}}],"inLanguage":"en-GB"},{"@type":"Organization","@id":"https:\/\/tupique.com\/#organization","name":"Tupique","url":"https:\/\/tupique.com\/","logo":{"@type":"ImageObject","inLanguage":"en-GB","@id":"https:\/\/tupique.com\/#\/schema\/logo\/image\/","url":"https:\/\/tupique.com\/wp-content\/uploads\/2024\/09\/logo.png","contentUrl":"https:\/\/tupique.com\/wp-content\/uploads\/2024\/09\/logo.png","width":1118,"height":310,"caption":"Tupique"},"image":{"@id":"https:\/\/tupique.com\/#\/schema\/logo\/image\/"}}]}},"jetpack_sharing_enabled":true,"_links":{"self":[{"href":"https:\/\/tupique.com\/en\/wp-json\/wp\/v2\/product\/4383679","targetHints":{"allow":["GET"]}}],"collection":[{"href":"https:\/\/tupique.com\/en\/wp-json\/wp\/v2\/product"}],"about":[{"href":"https:\/\/tupique.com\/en\/wp-json\/wp\/v2\/types\/product"}],"replies":[{"embeddable":true,"href":"https:\/\/tupique.com\/en\/wp-json\/wp\/v2\/comments?post=4383679"}],"wp:featuredmedia":[{"embeddable":true,"href":"https:\/\/tupique.com\/en\/wp-json\/wp\/v2\/media\/4383666"}],"wp:attachment":[{"href":"https:\/\/tupique.com\/en\/wp-json\/wp\/v2\/media?parent=4383679"}],"wp:term":[{"taxonomy":"product_brand","embeddable":true,"href":"https:\/\/tupique.com\/en\/wp-json\/wp\/v2\/product_brand?post=4383679"},{"taxonomy":"product_cat","embeddable":true,"href":"https:\/\/tupique.com\/en\/wp-json\/wp\/v2\/product_cat?post=4383679"},{"taxonomy":"product_tag","embeddable":true,"href":"https:\/\/tupique.com\/en\/wp-json\/wp\/v2\/product_tag?post=4383679"}],"curies":[{"name":"wp","href":"https:\/\/api.w.org\/{rel}","templated":true}]}}