{"id":4383690,"date":"2026-04-08T06:58:32","date_gmt":"2026-04-08T05:58:32","guid":{"rendered":"https:\/\/tupique.com\/produit\/smartphone-samsung-galaxy-z-fold5-76-octa-core-12-gb-ram-512-gb-noir\/"},"modified":"2026-04-08T06:58:32","modified_gmt":"2026-04-08T05:58:32","slug":"smartphone-samsung-galaxy-z-fold5-76-octa-core-12-gb-ram-512-gb-noir","status":"publish","type":"product","link":"https:\/\/tupique.com\/en\/product\/smartphone-samsung-galaxy-z-fold5-76-octa-core-12-gb-ram-512-gb-noir\/","title":{"rendered":"Smartphone Samsung Galaxy Z Fold5 7,6&#8243; Octa Core 12 GB RAM 512 GB Noir"},"content":{"rendered":"<p>If you are passionate about\u2019<b>computer science and electronics<\/b>, If you're at the cutting edge of technology and don't want to miss a thing, buy <b>Smartphone Samsung Galaxy Z Fold5 7,6&#8243; Octa Core 12 GB RAM 512 GB Noir<\/b> at the best price.<\/p>\n<p>Le <b>Samsung SM-F946B<\/b> est un <b>smartphone<\/b> pliable qui allie technologie avanc\u00e9e et design robuste dans une structure innovante. Il dispose d\u2019un <b>\u00e9cran principal de 7,6 pouces<\/b>, id\u00e9al pour ceux qui recherchent une exp\u00e9rience visuelle large et immersive, parfaite pour le multit\u00e2che, le divertissement et la productivit\u00e9. Cet appareil est \u00e9quip\u00e9 de <b>12 Go de m\u00e9moire RAM<\/b>, garantissant des performances fluides et rapides m\u00eame avec des applications exigeantes ou plusieurs processus simultan\u00e9s. Il offre une <b>capacit\u00e9 de stockage interne de 512 Go<\/b>, fournissant un espace important pour stocker fichiers, applications, photos et vid\u00e9os sans besoin imm\u00e9diat d\u2019extension. Sa finition en <b>black<\/b> propose une esth\u00e9tique sobre et \u00e9l\u00e9gante, adapt\u00e9e aux utilisateurs pr\u00e9f\u00e9rant un aspect professionnel et discret. Parmi ses caract\u00e9ristiques cl\u00e9s, l\u2019appareil est <b>r\u00e9sistant \u00e0 l\u2019eau<\/b>, ajoutant une protection suppl\u00e9mentaire contre \u00e9claboussures et conditions environnementales, renfor\u00e7ant sa durabilit\u00e9 au quotidien. De plus, il int\u00e8gre un <b>GPS int\u00e9gr\u00e9<\/b>, facilitant une navigation pr\u00e9cise et une localisation en temps r\u00e9el, indispensable pour ceux qui ont besoin d\u2019une connectivit\u00e9 constante lors de d\u00e9placements ou d\u2019activit\u00e9s en ext\u00e9rieur. Ces sp\u00e9cifications positionnent le Samsung SM-F946B comme un appareil destin\u00e9 aux utilisateurs avanc\u00e9s qui appr\u00e9cient l\u2019\u00e9quilibre entre grand \u00e9cran, puissance et fonctionnalit\u00e9s robustes. Son format pliable innovant et sa configuration performante en font un choix remarquable pour ceux qui exigent un smartphone polyvalent, dot\u00e9 de technologies actuelles et de caract\u00e9ristiques professionnelles r\u00e9pondant \u00e0 de hautes attentes.<\/p>\n<ul>\n<li>Resolution (px):\n<ul>\n<li>6120 X 8160 PX<\/li>\n<li>4320 X 7680 PX<\/li>\n<li>2316 X 904 PX<\/li>\n<li>2176 X 1812 PX<\/li>\n<\/ul>\n<\/li>\n<li>Technology:\n<ul>\n<li>52.1 Dynamic AMOLED 2X<\/li>\n<li>OLED<\/li>\n<li>Corning Gorilla Glass<\/li>\n<li>OTG<\/li>\n<li>LED<\/li>\n<li>Mime<\/li>\n<li>AMOLED<\/li>\n<li>Glonass<\/li>\n<\/ul>\n<\/li>\n<li>Features:\n<ul>\n<li>Chargement rapide<\/li>\n<li>Fingerprint reader<\/li>\n<li>M\u00e9moire<\/li>\n<li>Ecran<\/li>\n<li>Battery<\/li>\n<li>Cam\u00e9ra\/Appareil Photo<\/li>\n<li>Water-resistant<\/li>\n<li>GPS<\/li>\n<li>Barometer<\/li>\n<li>Touch screen<\/li>\n<li>Ambient light sensor<\/li>\n<li>Autofocus<\/li>\n<li>Chargement rapide et fiable<\/li>\n<li>Chargeur sans fil<\/li>\n<li>Syst\u00e8me de reconnaissance faciale<\/li>\n<li>Capteur g\u00e9omagn\u00e9tique<\/li>\n<li>Capteur de proximit\u00e9<\/li>\n<li>Gorilla Glass<\/li>\n<li>Screen with rounded corners<\/li>\n<li>\u00c9cran plat<\/li>\n<\/ul>\n<\/li>\n<li>Zoom Num\u00e9rique: 30x<\/li>\n<li>Connections:\n<ul>\n<li>nano SIM<\/li>\n<li>USB-C<\/li>\n<li>USB 3.2<\/li>\n<li>Dual SIM<\/li>\n<li>USB<\/li>\n<li>USB OTG<\/li>\n<\/ul>\n<\/li>\n<li>Facteur de forme: Coquillage<\/li>\n<li>Internal memory: 512 GB<\/li>\n<li>Fr\u00e9quence: 120 Hz<\/li>\n<li>Ecran:\n<ul>\n<li>7,6&#8243;<\/li>\n<li>6,2&#8243;<\/li>\n<\/ul>\n<\/li>\n<li>Type de flash: LED<\/li>\n<li>Acc\u00e9l\u00e9rom\u00e8tre: Oui<\/li>\n<li>Stabilisateur d&#8217;image: Oui<\/li>\n<li>Glonass: Oui<\/li>\n<li>Connectivity:\n<ul>\n<li>Wi-Fi 5 GHz<\/li>\n<li>Wi-Fi 6E ghz<\/li>\n<li>Bluetooth 5.3<\/li>\n<li>GPS<\/li>\n<li>4G<\/li>\n<li>Wi-Fi<\/li>\n<li>Bluetooth<\/li>\n<li>Bluetooth 5.0<\/li>\n<li>Galileo<\/li>\n<li>BeiDou<\/li>\n<li>NFC<\/li>\n<li>5G<\/li>\n<li>6 GHz Wi-Fi<\/li>\n<\/ul>\n<\/li>\n<li>Cores:\n<ul>\n<li>8 Cores<\/li>\n<li>8<\/li>\n<\/ul>\n<\/li>\n<li>Poids approx.: 253 G<\/li>\n<li>R\u00e9solution: 374 PPP<\/li>\n<li>Processor:\n<ul>\n<li>Qualcomm Snapdragon 8 Gen 2<\/li>\n<li>Qualcomm Snapdragon<\/li>\n<li>Octa Core<\/li>\n<\/ul>\n<\/li>\n<li>vitesse: 3,3 ghz<\/li>\n<li>Brille:\n<ul>\n<li>1750 CD \/ M\u00b2<\/li>\n<li>1200 CD \/ M\u00b2<\/li>\n<li>1000 cd\/m\u00b2<\/li>\n<\/ul>\n<\/li>\n<li>Diagonale de l&#8217;\u00e9cran (cm):\n<ul>\n<li>19,3 cm<\/li>\n<li>15,7 cm<\/li>\n<\/ul>\n<\/li>\n<li>Operating system:\n<ul>\n<li>Android 13<\/li>\n<li>Android<\/li>\n<\/ul>\n<\/li>\n<li>Classification IP: IPX8<\/li>\n<li>Capacit\u00e9 de la batterie: 4400 mAh<\/li>\n<li>Material: Aluminium<\/li>\n<li>Capteurs:\n<ul>\n<li>Magn\u00e9tom\u00e8tre<\/li>\n<li>Accelerometer<\/li>\n<li>Gyroscope<\/li>\n<\/ul>\n<\/li>\n<li>Zoom Optique: 3x<\/li>\n<li>Functions:\n<ul>\n<li>Barometer<\/li>\n<li>ECO<\/li>\n<\/ul>\n<\/li>\n<li>Colour:\n<ul>\n<li>Cr\u00e8me<\/li>\n<li>Black<\/li>\n<\/ul>\n<\/li>\n<li>M\u00e9moire RAM: 12 GB RAM<\/li>\n<li>Dual SIM: Oui<\/li>\n<li>Gyroscope: Oui<\/li>\n<li>Chargeur sans fil: Oui<\/li>\n<li>GPS: Oui<\/li>\n<li>Plug-in product: Yes<\/li>\n<li>Type: Smartphone<\/li>\n<li>Socket type: EU socket<\/li>\n<li>Bloc d\u2019Alimentation: r\u00e9seau \u00e9lectrique<\/li>\n<li>Camera:\n<ul>\n<li>50 Mp<\/li>\n<li>Dual<\/li>\n<li>12 MP<\/li>\n<li>10 Mp<\/li>\n<li>Triple<\/li>\n<\/ul>\n<\/li>\n<li>Aperture: F\/1.8<\/li>\n<li>Autonomie de reproduction approx.: 20 heures<\/li>\n<li>Flux lumineux: 1200 Lm<\/li>\n<li>Angle:\n<ul>\n<li>85\u00ba<\/li>\n<li>123\u00ba<\/li>\n<\/ul>\n<\/li>\n<li>Autonomie approx.: 18 heures<\/li>\n<li>Famille de processeurs: Qualcomm Snapdragon<\/li>\n<\/ul>","protected":false},"excerpt":{"rendered":"<p>Si vous \u00eates passionn\u00e9 d&#8217;informatique et d&#8217;\u00e9lectronique, si vous \u00eates \u00e0 la pointe de la technologie et qu&#8217;aucun d\u00e9tail ne<\/p>","protected":false},"featured_media":4383682,"comment_status":"open","ping_status":"closed","template":"","meta":{"_joinchat":[]},"product_brand":[157883],"product_cat":[157523,157516,157524],"product_tag":[157514,157522,157515],"class_list":{"0":"post-4383690","1":"product","2":"type-product","3":"status-publish","4":"has-post-thumbnail","6":"product_brand-brandp_576","7":"product_cat-electronique-telephonie-et-tablettes","8":"product_cat-informatique-electronique","9":"product_cat-telephones-portables","10":"product_tag-tag_933","11":"product_tag-tag_547","12":"product_tag-tag_1295","14":"first","15":"outofstock","16":"taxable","17":"shipping-taxable","18":"purchasable","19":"product-type-simple"},"yoast_head":"<!-- This site is optimized with the Yoast SEO plugin v27.2 - https:\/\/yoast.com\/product\/yoast-seo-wordpress\/ -->\n<title>Smartphone Samsung Galaxy Z Fold5 7,6&quot; Octa Core 12 GB RAM 512 GB Noir - Tupique<\/title>\n<meta name=\"description\" content=\"Vous cherchez Smartphone Samsung Galaxy Z Fold5 7,6&quot; Octa Core 12 GB RAM 512 GB Noir ? Achetez des produits chez Tupique. Profitez de la livraison gratuite pour obtenir Smartphone Samsung Galaxy Z Fold5 7,6&quot; Octa Core 12 GB RAM 512 GB Noir d\u00e8s maintenant.\" \/>\n<meta name=\"robots\" content=\"index, follow, max-snippet:-1, max-image-preview:large, max-video-preview:-1\" \/>\n<link rel=\"canonical\" href=\"https:\/\/tupique.com\/en\/product\/smartphone-samsung-galaxy-z-fold5-76-octa-core-12-gb-ram-512-gb-noir\/\" \/>\n<meta property=\"og:locale\" content=\"en_GB\" \/>\n<meta property=\"og:type\" content=\"article\" \/>\n<meta property=\"og:title\" content=\"Smartphone Samsung Galaxy Z Fold5 7,6&quot; Octa Core 12 GB RAM 512 GB Noir - Tupique\" \/>\n<meta property=\"og:description\" content=\"Vous cherchez Smartphone Samsung Galaxy Z Fold5 7,6&quot; Octa Core 12 GB RAM 512 GB Noir ? Achetez des produits chez Tupique. Profitez de la livraison gratuite pour obtenir Smartphone Samsung Galaxy Z Fold5 7,6&quot; Octa Core 12 GB RAM 512 GB Noir d\u00e8s maintenant.\" \/>\n<meta property=\"og:url\" content=\"https:\/\/tupique.com\/en\/product\/smartphone-samsung-galaxy-z-fold5-76-octa-core-12-gb-ram-512-gb-noir\/\" \/>\n<meta property=\"og:site_name\" content=\"Tupique\" \/>\n<meta name=\"twitter:card\" content=\"summary_large_image\" \/>\n<meta name=\"twitter:label1\" content=\"Estimated reading time\" \/>\n\t<meta name=\"twitter:data1\" content=\"2 minutes\" \/>\n<script type=\"application\/ld+json\" class=\"yoast-schema-graph\">{\"@context\":\"https:\/\/schema.org\",\"@graph\":[{\"@type\":\"WebPage\",\"@id\":\"https:\/\/tupique.com\/produit\/smartphone-samsung-galaxy-z-fold5-76-octa-core-12-gb-ram-512-gb-noir\/\",\"url\":\"https:\/\/tupique.com\/produit\/smartphone-samsung-galaxy-z-fold5-76-octa-core-12-gb-ram-512-gb-noir\/\",\"name\":\"Smartphone Samsung Galaxy Z Fold5 7,6\\\" Octa Core 12 GB RAM 512 GB Noir - Tupique\",\"isPartOf\":{\"@id\":\"https:\/\/tupique.com\/#website\"},\"primaryImageOfPage\":{\"@id\":\"https:\/\/tupique.com\/produit\/smartphone-samsung-galaxy-z-fold5-76-octa-core-12-gb-ram-512-gb-noir\/#primaryimage\"},\"image\":{\"@id\":\"https:\/\/tupique.com\/produit\/smartphone-samsung-galaxy-z-fold5-76-octa-core-12-gb-ram-512-gb-noir\/#primaryimage\"},\"thumbnailUrl\":\"https:\/\/tupique.com\/wp-content\/uploads\/2026\/04\/8806095019079_M0803681_P00.jpg\",\"datePublished\":\"2026-04-08T05:58:32+00:00\",\"description\":\"Vous cherchez Smartphone Samsung Galaxy Z Fold5 7,6\\\" Octa Core 12 GB RAM 512 GB Noir ? Achetez des produits chez Tupique. Profitez de la livraison gratuite pour obtenir Smartphone Samsung Galaxy Z Fold5 7,6\\\" Octa Core 12 GB RAM 512 GB Noir d\u00e8s maintenant.\",\"breadcrumb\":{\"@id\":\"https:\/\/tupique.com\/produit\/smartphone-samsung-galaxy-z-fold5-76-octa-core-12-gb-ram-512-gb-noir\/#breadcrumb\"},\"inLanguage\":\"en-GB\",\"potentialAction\":[{\"@type\":\"ReadAction\",\"target\":[\"https:\/\/tupique.com\/produit\/smartphone-samsung-galaxy-z-fold5-76-octa-core-12-gb-ram-512-gb-noir\/\"]}]},{\"@type\":\"ImageObject\",\"inLanguage\":\"en-GB\",\"@id\":\"https:\/\/tupique.com\/produit\/smartphone-samsung-galaxy-z-fold5-76-octa-core-12-gb-ram-512-gb-noir\/#primaryimage\",\"url\":\"https:\/\/tupique.com\/wp-content\/uploads\/2026\/04\/8806095019079_M0803681_P00.jpg\",\"contentUrl\":\"https:\/\/tupique.com\/wp-content\/uploads\/2026\/04\/8806095019079_M0803681_P00.jpg\",\"width\":1200,\"height\":1200,\"caption\":\"M0803681_0\"},{\"@type\":\"BreadcrumbList\",\"@id\":\"https:\/\/tupique.com\/produit\/smartphone-samsung-galaxy-z-fold5-76-octa-core-12-gb-ram-512-gb-noir\/#breadcrumb\",\"itemListElement\":[{\"@type\":\"ListItem\",\"position\":1,\"name\":\"In\u00edcio\",\"item\":\"https:\/\/tupique.com\/\"},{\"@type\":\"ListItem\",\"position\":2,\"name\":\"Boutique\",\"item\":\"https:\/\/tupique.com\/en\/boutique\/\"},{\"@type\":\"ListItem\",\"position\":3,\"name\":\"Smartphone Samsung Galaxy Z Fold5 7,6&#8243; Octa Core 12 GB RAM 512 GB Noir\"}]},{\"@type\":\"WebSite\",\"@id\":\"https:\/\/tupique.com\/#website\",\"url\":\"https:\/\/tupique.com\/\",\"name\":\"Tupique\",\"description\":\"Marketplace\",\"publisher\":{\"@id\":\"https:\/\/tupique.com\/#organization\"},\"potentialAction\":[{\"@type\":\"SearchAction\",\"target\":{\"@type\":\"EntryPoint\",\"urlTemplate\":\"https:\/\/tupique.com\/?s={search_term_string}\"},\"query-input\":{\"@type\":\"PropertyValueSpecification\",\"valueRequired\":true,\"valueName\":\"search_term_string\"}}],\"inLanguage\":\"en-GB\"},{\"@type\":\"Organization\",\"@id\":\"https:\/\/tupique.com\/#organization\",\"name\":\"Tupique\",\"url\":\"https:\/\/tupique.com\/\",\"logo\":{\"@type\":\"ImageObject\",\"inLanguage\":\"en-GB\",\"@id\":\"https:\/\/tupique.com\/#\/schema\/logo\/image\/\",\"url\":\"https:\/\/tupique.com\/wp-content\/uploads\/2024\/09\/logo.png\",\"contentUrl\":\"https:\/\/tupique.com\/wp-content\/uploads\/2024\/09\/logo.png\",\"width\":1118,\"height\":310,\"caption\":\"Tupique\"},\"image\":{\"@id\":\"https:\/\/tupique.com\/#\/schema\/logo\/image\/\"}}]}<\/script>\n<!-- \/ Yoast SEO plugin. -->","yoast_head_json":{"title":"Smartphone Samsung Galaxy Z Fold5 7,6\" Octa Core 12 GB RAM 512 GB Noir - Tupique","description":"Vous cherchez Smartphone Samsung Galaxy Z Fold5 7,6\" Octa Core 12 GB RAM 512 GB Noir ? Achetez des produits chez Tupique. Profitez de la livraison gratuite pour obtenir Smartphone Samsung Galaxy Z Fold5 7,6\" Octa Core 12 GB RAM 512 GB Noir d\u00e8s maintenant.","robots":{"index":"index","follow":"follow","max-snippet":"max-snippet:-1","max-image-preview":"max-image-preview:large","max-video-preview":"max-video-preview:-1"},"canonical":"https:\/\/tupique.com\/en\/product\/smartphone-samsung-galaxy-z-fold5-76-octa-core-12-gb-ram-512-gb-noir\/","og_locale":"en_GB","og_type":"article","og_title":"Smartphone Samsung Galaxy Z Fold5 7,6\" Octa Core 12 GB RAM 512 GB Noir - Tupique","og_description":"Vous cherchez Smartphone Samsung Galaxy Z Fold5 7,6\" Octa Core 12 GB RAM 512 GB Noir ? Achetez des produits chez Tupique. Profitez de la livraison gratuite pour obtenir Smartphone Samsung Galaxy Z Fold5 7,6\" Octa Core 12 GB RAM 512 GB Noir d\u00e8s maintenant.","og_url":"https:\/\/tupique.com\/en\/product\/smartphone-samsung-galaxy-z-fold5-76-octa-core-12-gb-ram-512-gb-noir\/","og_site_name":"Tupique","twitter_card":"summary_large_image","twitter_misc":{"Estimated reading time":"2 minutes"},"schema":{"@context":"https:\/\/schema.org","@graph":[{"@type":"WebPage","@id":"https:\/\/tupique.com\/produit\/smartphone-samsung-galaxy-z-fold5-76-octa-core-12-gb-ram-512-gb-noir\/","url":"https:\/\/tupique.com\/produit\/smartphone-samsung-galaxy-z-fold5-76-octa-core-12-gb-ram-512-gb-noir\/","name":"Smartphone Samsung Galaxy Z Fold5 7,6\" Octa Core 12 GB RAM 512 GB Noir - Tupique","isPartOf":{"@id":"https:\/\/tupique.com\/#website"},"primaryImageOfPage":{"@id":"https:\/\/tupique.com\/produit\/smartphone-samsung-galaxy-z-fold5-76-octa-core-12-gb-ram-512-gb-noir\/#primaryimage"},"image":{"@id":"https:\/\/tupique.com\/produit\/smartphone-samsung-galaxy-z-fold5-76-octa-core-12-gb-ram-512-gb-noir\/#primaryimage"},"thumbnailUrl":"https:\/\/tupique.com\/wp-content\/uploads\/2026\/04\/8806095019079_M0803681_P00.jpg","datePublished":"2026-04-08T05:58:32+00:00","description":"Vous cherchez Smartphone Samsung Galaxy Z Fold5 7,6\" Octa Core 12 GB RAM 512 GB Noir ? Achetez des produits chez Tupique. Profitez de la livraison gratuite pour obtenir Smartphone Samsung Galaxy Z Fold5 7,6\" Octa Core 12 GB RAM 512 GB Noir d\u00e8s maintenant.","breadcrumb":{"@id":"https:\/\/tupique.com\/produit\/smartphone-samsung-galaxy-z-fold5-76-octa-core-12-gb-ram-512-gb-noir\/#breadcrumb"},"inLanguage":"en-GB","potentialAction":[{"@type":"ReadAction","target":["https:\/\/tupique.com\/produit\/smartphone-samsung-galaxy-z-fold5-76-octa-core-12-gb-ram-512-gb-noir\/"]}]},{"@type":"ImageObject","inLanguage":"en-GB","@id":"https:\/\/tupique.com\/produit\/smartphone-samsung-galaxy-z-fold5-76-octa-core-12-gb-ram-512-gb-noir\/#primaryimage","url":"https:\/\/tupique.com\/wp-content\/uploads\/2026\/04\/8806095019079_M0803681_P00.jpg","contentUrl":"https:\/\/tupique.com\/wp-content\/uploads\/2026\/04\/8806095019079_M0803681_P00.jpg","width":1200,"height":1200,"caption":"M0803681_0"},{"@type":"BreadcrumbList","@id":"https:\/\/tupique.com\/produit\/smartphone-samsung-galaxy-z-fold5-76-octa-core-12-gb-ram-512-gb-noir\/#breadcrumb","itemListElement":[{"@type":"ListItem","position":1,"name":"In\u00edcio","item":"https:\/\/tupique.com\/"},{"@type":"ListItem","position":2,"name":"Boutique","item":"https:\/\/tupique.com\/en\/boutique\/"},{"@type":"ListItem","position":3,"name":"Smartphone Samsung Galaxy Z Fold5 7,6&#8243; Octa Core 12 GB RAM 512 GB Noir"}]},{"@type":"WebSite","@id":"https:\/\/tupique.com\/#website","url":"https:\/\/tupique.com\/","name":"Tupique","description":"Marketplace","publisher":{"@id":"https:\/\/tupique.com\/#organization"},"potentialAction":[{"@type":"SearchAction","target":{"@type":"EntryPoint","urlTemplate":"https:\/\/tupique.com\/?s={search_term_string}"},"query-input":{"@type":"PropertyValueSpecification","valueRequired":true,"valueName":"search_term_string"}}],"inLanguage":"en-GB"},{"@type":"Organization","@id":"https:\/\/tupique.com\/#organization","name":"Tupique","url":"https:\/\/tupique.com\/","logo":{"@type":"ImageObject","inLanguage":"en-GB","@id":"https:\/\/tupique.com\/#\/schema\/logo\/image\/","url":"https:\/\/tupique.com\/wp-content\/uploads\/2024\/09\/logo.png","contentUrl":"https:\/\/tupique.com\/wp-content\/uploads\/2024\/09\/logo.png","width":1118,"height":310,"caption":"Tupique"},"image":{"@id":"https:\/\/tupique.com\/#\/schema\/logo\/image\/"}}]}},"jetpack_sharing_enabled":true,"_links":{"self":[{"href":"https:\/\/tupique.com\/en\/wp-json\/wp\/v2\/product\/4383690","targetHints":{"allow":["GET"]}}],"collection":[{"href":"https:\/\/tupique.com\/en\/wp-json\/wp\/v2\/product"}],"about":[{"href":"https:\/\/tupique.com\/en\/wp-json\/wp\/v2\/types\/product"}],"replies":[{"embeddable":true,"href":"https:\/\/tupique.com\/en\/wp-json\/wp\/v2\/comments?post=4383690"}],"wp:featuredmedia":[{"embeddable":true,"href":"https:\/\/tupique.com\/en\/wp-json\/wp\/v2\/media\/4383682"}],"wp:attachment":[{"href":"https:\/\/tupique.com\/en\/wp-json\/wp\/v2\/media?parent=4383690"}],"wp:term":[{"taxonomy":"product_brand","embeddable":true,"href":"https:\/\/tupique.com\/en\/wp-json\/wp\/v2\/product_brand?post=4383690"},{"taxonomy":"product_cat","embeddable":true,"href":"https:\/\/tupique.com\/en\/wp-json\/wp\/v2\/product_cat?post=4383690"},{"taxonomy":"product_tag","embeddable":true,"href":"https:\/\/tupique.com\/en\/wp-json\/wp\/v2\/product_tag?post=4383690"}],"curies":[{"name":"wp","href":"https:\/\/api.w.org\/{rel}","templated":true}]}}