{"id":4383777,"date":"2026-04-08T07:00:23","date_gmt":"2026-04-08T06:00:23","guid":{"rendered":"https:\/\/tupique.com\/produit\/ordinateur-portable-asus-90nb10j2-m00wt0-156-intel-core-i7-1355u-16-gb-ram-512-gb-ssd-espagnol-qwerty\/"},"modified":"2026-04-08T07:00:23","modified_gmt":"2026-04-08T06:00:23","slug":"ordinateur-portable-asus-90nb10j2-m00wt0-156-intel-core-i7-1355u-16-gb-ram-512-gb-ssd-espagnol-qwerty","status":"publish","type":"product","link":"https:\/\/tupique.com\/en\/product\/ordinateur-portable-asus-90nb10j2-m00wt0-156-intel-core-i7-1355u-16-gb-ram-512-gb-ssd-espagnol-qwerty\/","title":{"rendered":"Ordinateur Portable Asus 90NB10J2-M00WT0 15,6&#8243; Intel Core i7-1355U 16 GB RAM 512 GB SSD Espagnol Qwerty"},"content":{"rendered":"<p>If you are passionate about\u2019<b>computer science and electronics<\/b>, If you're at the cutting edge of technology and don't want to miss a thing, buy <b>Ordinateur Portable Asus 90NB10J2-M00WT0 15,6&#8243; Intel Core i7-1355U 16 GB RAM 512 GB SSD Espagnol Qwerty<\/b> at the best price.<\/p>\n<p>Le <b>laptop Asus<\/b> offre un \u00e9quilibre id\u00e9al entre performance et design fonctionnel, destin\u00e9 aux utilisateurs ayant besoin de puissance pour des t\u00e2ches professionnelles ou du multit\u00e2che avanc\u00e9. \u00c9quip\u00e9 de <b>16 Go de m\u00e9moire RAM<\/b>, il permet de g\u00e9rer plusieurs applications simultan\u00e9ment sans perte de vitesse, tandis que son <b>disque SSD de 512 Go<\/b> assure un acc\u00e8s rapide aux donn\u00e9es et une grande capacit\u00e9 pour stocker fichiers, programmes et projets. Son \u00e9cran de <b>15,6 pouces<\/b> offre une taille optimale pour travailler confortablement sur des documents, naviguer ou profiter de contenus multim\u00e9dias avec nettet\u00e9, s\u2019adaptant aussi bien aux environnements professionnels que cr\u00e9atifs. Ce laptop se distingue \u00e9galement par sa finition bicolore, <b>noir et argent<\/b>, qui conf\u00e8re une image sobre et professionnelle, adapt\u00e9e \u00e0 tout contexte. Il int\u00e8gre aussi un <b>clavier QWERTY en espagnol<\/b>, facilitant une saisie pr\u00e9cise et confortable pour les utilisateurs hispanophones, avec une disposition habituelle des touches qui am\u00e9liore l\u2019exp\u00e9rience et la productivit\u00e9. En r\u00e9sum\u00e9, il constitue une solution technologique polyvalente et efficace, r\u00e9pondant aux besoins de ceux qui recherchent un appareil puissant, avec un stockage rapide et un design \u00e9l\u00e9gant, sans renoncer \u00e0 la familiarit\u00e9 d\u2019un clavier adapt\u00e9 \u00e0 la langue espagnole. Ce laptop Asus est con\u00e7u pour offrir des performances solides et une exp\u00e9rience utilisateur adapt\u00e9e aussi bien aux professionnels qu\u2019aux \u00e9tudiants.<\/p>\n<ul>\n<li>Contr\u00f4leur graphique:\n<ul>\n<li>Intel UHD Graphics<\/li>\n<li>Intel HD Graphics<\/li>\n<li>intel iris xe graphics<\/li>\n<\/ul>\n<\/li>\n<li>Socket type: EU socket<\/li>\n<li>Type de m\u00e9moire:\n<ul>\n<li>SDRAM<\/li>\n<li>DDR2 SDRAM<\/li>\n<li>DDR4 SDRAM<\/li>\n<\/ul>\n<\/li>\n<li>Type:\n<ul>\n<li>Ordinateur Portable<\/li>\n<li>Portable<\/li>\n<li>Clavier num\u00e9rique<\/li>\n<li>Touchpad<\/li>\n<\/ul>\n<\/li>\n<li>Plug-in product: Yes<\/li>\n<li>Diagonale de l&#8217;\u00e9cran (cm):\n<ul>\n<li>38,1 cm<\/li>\n<li>39,6 cm<\/li>\n<li>99,1 cm<\/li>\n<\/ul>\n<\/li>\n<li>Processor family:\n<ul>\n<li>Intel Core i7<\/li>\n<li>Intel<\/li>\n<\/ul>\n<\/li>\n<li>Connections:\n<ul>\n<li>USB<\/li>\n<li>USB-C<\/li>\n<li>HDMI<\/li>\n<li>USB 2.0<\/li>\n<li>SATA<\/li>\n<li>PCI Express 3.0<\/li>\n<li>HDMI 1.4<\/li>\n<li>USB-C 3.2 Gen 1 (3.1 Gen 1)<\/li>\n<li>USB-A 3.2<\/li>\n<li>C\u00e2ble jack 3,3 mm<\/li>\n<\/ul>\n<\/li>\n<li>Facteur de forme:\n<ul>\n<li>Coquillage<\/li>\n<li>SO-DIMM<\/li>\n<\/ul>\n<\/li>\n<li>Ethernet: No<\/li>\n<li>Bluetooth: Oui<\/li>\n<li>Microphone int\u00e9gr\u00e9: Oui<\/li>\n<li>Disque dur:\n<ul>\n<li>512 GB<\/li>\n<li>512 GB SSD<\/li>\n<\/ul>\n<\/li>\n<li>Colour:\n<ul>\n<li>Silver<\/li>\n<li>Black<\/li>\n<\/ul>\n<\/li>\n<li>Brille: 250 cd\/m2<\/li>\n<li>Material: Plastic<\/li>\n<li>Nombre de fils: 12<\/li>\n<li>Connectivity:\n<ul>\n<li>Wi-Fi<\/li>\n<li>Bluetooth<\/li>\n<li>6 GHz Wi-Fi<\/li>\n<li>Bluetooth 5.3<\/li>\n<\/ul>\n<\/li>\n<li>Capacit\u00e9 de la batterie: 42 Wh<\/li>\n<li>Ecran:\n<ul>\n<li>15&#8243;<\/li>\n<li>39&#8243;<\/li>\n<li>15,6&#8243;<\/li>\n<\/ul>\n<\/li>\n<li>M\u00e9moire interne: DDR4 SDRAM<\/li>\n<li>USB 2.0: 1<\/li>\n<li>Type d&#8217;unit\u00e9 optique: Non<\/li>\n<li>Operating system:\n<ul>\n<li>Windows 11<\/li>\n<li>Windows 11 Home<\/li>\n<\/ul>\n<\/li>\n<li>Battery type:\n<ul>\n<li>Rechargeable lithium battery<\/li>\n<li>Litio Ion<\/li>\n<\/ul>\n<\/li>\n<li>Processor:\n<ul>\n<li>Intel Core i7<\/li>\n<li>Intel Core i7-1355U<\/li>\n<\/ul>\n<\/li>\n<li>Bloc d\u2019Alimentation: r\u00e9seau \u00e9lectrique<\/li>\n<li>Touch screen: No<\/li>\n<li>Features:\n<ul>\n<li>Front camera<\/li>\n<li>Built-in microphone<\/li>\n<li>Data protection\/passwords<\/li>\n<li>Adaptateur graphique int\u00e9gr\u00e9<\/li>\n<\/ul>\n<\/li>\n<li>Aspect ratio: 16:9<\/li>\n<li>R\u00e9solution: Full HD<\/li>\n<li>M\u00e9moire RAM: 16 GB RAM<\/li>\n<li>Carte Graphique: Int\u00e9gr\u00e9e<\/li>\n<li>Tension de sortie: 19 V<\/li>\n<li>Standard: NTSC<\/li>\n<li>Cache: 12 MB<\/li>\n<li>Frequency:\n<ul>\n<li>50 &#8211; 60 Hz<\/li>\n<li>60 Hz<\/li>\n<\/ul>\n<\/li>\n<li>puissance: 45 W<\/li>\n<li>Technologie: TN<\/li>\n<li>Tension: 100 &#8211; 240 V<\/li>\n<li>Non Inclus:\n<ul>\n<li>Type d&#8217;unit\u00e9 optique<\/li>\n<li>Mobile network connection<\/li>\n<li>Adaptateur graphique discret<\/li>\n<\/ul>\n<\/li>\n<li>Exigences: 64 bits<\/li>\n<li>Format: M.2<\/li>\n<li>Cam\u00e9ra\/Appareil Photo: HD<\/li>\n<li>Flux lumineux: 250 Lm<\/li>\n<li>Utilisation recommand\u00e9e: Maison<\/li>\n<li>Inclut: SSD x 1<\/li>\n<li>Clavier: Espagnol Qwerty<\/li>\n<li>Type de stockage: SSD<\/li>\n<li>vitesse: 5 GHz<\/li>\n<li>Noyaux: 10 Noyaux<\/li>\n<li>Resolution (px):\n<ul>\n<li>1920 x 1080 px<\/li>\n<li>1280 x 720 px<\/li>\n<\/ul>\n<\/li>\n<\/ul>","protected":false},"excerpt":{"rendered":"<p>Si vous \u00eates passionn\u00e9 d&#8217;informatique et d&#8217;\u00e9lectronique, si vous \u00eates \u00e0 la pointe de la technologie et qu&#8217;aucun d\u00e9tail ne<\/p>","protected":false},"featured_media":4383746,"comment_status":"open","ping_status":"closed","template":"","meta":{"_joinchat":[]},"product_brand":[158054],"product_cat":[157516,157583,155043],"product_tag":[157514,157515],"class_list":{"0":"post-4383777","1":"product","2":"type-product","3":"status-publish","4":"has-post-thumbnail","6":"product_brand-brandp_536","7":"product_cat-informatique-electronique","8":"product_cat-informatique-ordinateurs","9":"product_cat-notebooks","10":"product_tag-tag_933","11":"product_tag-tag_1295","13":"first","14":"instock","15":"taxable","16":"shipping-taxable","17":"purchasable","18":"product-type-simple"},"yoast_head":"<!-- This site is optimized with the Yoast SEO plugin v27.2 - https:\/\/yoast.com\/product\/yoast-seo-wordpress\/ -->\n<title>Ordinateur Portable Asus 90NB10J2-M00WT0 15,6&quot; Intel Core i7-1355U 16 GB RAM 512 GB SSD Espagnol Qwerty - Tupique<\/title>\n<meta name=\"description\" content=\"Vous cherchez Ordinateur Portable Asus 90NB10J2-M00WT0 15,6&quot; Intel Core i7-1355U 16 GB RAM 512 GB SSD Espagnol Qwerty ? Achetez des produits chez Tupique. Profitez de la livraison gratuite pour obtenir Ordinateur Portable Asus 90NB10J2-M00WT0 15,6&quot; Intel Core i7-1355U 16 GB RAM 512 GB SSD Espagnol Qwerty d\u00e8s maintenant.\" \/>\n<meta name=\"robots\" content=\"index, follow, max-snippet:-1, max-image-preview:large, max-video-preview:-1\" \/>\n<link rel=\"canonical\" href=\"https:\/\/tupique.com\/en\/product\/ordinateur-portable-asus-90nb10j2-m00wt0-156-intel-core-i7-1355u-16-gb-ram-512-gb-ssd-espagnol-qwerty\/\" \/>\n<meta property=\"og:locale\" content=\"en_GB\" \/>\n<meta property=\"og:type\" content=\"article\" \/>\n<meta property=\"og:title\" content=\"Ordinateur Portable Asus 90NB10J2-M00WT0 15,6&quot; Intel Core i7-1355U 16 GB RAM 512 GB SSD Espagnol Qwerty - Tupique\" \/>\n<meta property=\"og:description\" content=\"Vous cherchez Ordinateur Portable Asus 90NB10J2-M00WT0 15,6&quot; Intel Core i7-1355U 16 GB RAM 512 GB SSD Espagnol Qwerty ? Achetez des produits chez Tupique. Profitez de la livraison gratuite pour obtenir Ordinateur Portable Asus 90NB10J2-M00WT0 15,6&quot; Intel Core i7-1355U 16 GB RAM 512 GB SSD Espagnol Qwerty d\u00e8s maintenant.\" \/>\n<meta property=\"og:url\" content=\"https:\/\/tupique.com\/en\/product\/ordinateur-portable-asus-90nb10j2-m00wt0-156-intel-core-i7-1355u-16-gb-ram-512-gb-ssd-espagnol-qwerty\/\" \/>\n<meta property=\"og:site_name\" content=\"Tupique\" \/>\n<meta name=\"twitter:card\" content=\"summary_large_image\" \/>\n<meta name=\"twitter:label1\" content=\"Estimated reading time\" \/>\n\t<meta name=\"twitter:data1\" content=\"2 minutes\" \/>\n<script type=\"application\/ld+json\" class=\"yoast-schema-graph\">{\"@context\":\"https:\/\/schema.org\",\"@graph\":[{\"@type\":\"WebPage\",\"@id\":\"https:\/\/tupique.com\/produit\/ordinateur-portable-asus-90nb10j2-m00wt0-156-intel-core-i7-1355u-16-gb-ram-512-gb-ssd-espagnol-qwerty\/\",\"url\":\"https:\/\/tupique.com\/produit\/ordinateur-portable-asus-90nb10j2-m00wt0-156-intel-core-i7-1355u-16-gb-ram-512-gb-ssd-espagnol-qwerty\/\",\"name\":\"Ordinateur Portable Asus 90NB10J2-M00WT0 15,6\\\" Intel Core i7-1355U 16 GB RAM 512 GB SSD Espagnol Qwerty - Tupique\",\"isPartOf\":{\"@id\":\"https:\/\/tupique.com\/#website\"},\"primaryImageOfPage\":{\"@id\":\"https:\/\/tupique.com\/produit\/ordinateur-portable-asus-90nb10j2-m00wt0-156-intel-core-i7-1355u-16-gb-ram-512-gb-ssd-espagnol-qwerty\/#primaryimage\"},\"image\":{\"@id\":\"https:\/\/tupique.com\/produit\/ordinateur-portable-asus-90nb10j2-m00wt0-156-intel-core-i7-1355u-16-gb-ram-512-gb-ssd-espagnol-qwerty\/#primaryimage\"},\"thumbnailUrl\":\"https:\/\/tupique.com\/wp-content\/uploads\/2026\/04\/4711387809723_S9916030_P00.jpg\",\"datePublished\":\"2026-04-08T06:00:23+00:00\",\"description\":\"Vous cherchez Ordinateur Portable Asus 90NB10J2-M00WT0 15,6\\\" Intel Core i7-1355U 16 GB RAM 512 GB SSD Espagnol Qwerty ? Achetez des produits chez Tupique. Profitez de la livraison gratuite pour obtenir Ordinateur Portable Asus 90NB10J2-M00WT0 15,6\\\" Intel Core i7-1355U 16 GB RAM 512 GB SSD Espagnol Qwerty d\u00e8s maintenant.\",\"breadcrumb\":{\"@id\":\"https:\/\/tupique.com\/produit\/ordinateur-portable-asus-90nb10j2-m00wt0-156-intel-core-i7-1355u-16-gb-ram-512-gb-ssd-espagnol-qwerty\/#breadcrumb\"},\"inLanguage\":\"en-GB\",\"potentialAction\":[{\"@type\":\"ReadAction\",\"target\":[\"https:\/\/tupique.com\/produit\/ordinateur-portable-asus-90nb10j2-m00wt0-156-intel-core-i7-1355u-16-gb-ram-512-gb-ssd-espagnol-qwerty\/\"]}]},{\"@type\":\"ImageObject\",\"inLanguage\":\"en-GB\",\"@id\":\"https:\/\/tupique.com\/produit\/ordinateur-portable-asus-90nb10j2-m00wt0-156-intel-core-i7-1355u-16-gb-ram-512-gb-ssd-espagnol-qwerty\/#primaryimage\",\"url\":\"https:\/\/tupique.com\/wp-content\/uploads\/2026\/04\/4711387809723_S9916030_P00.jpg\",\"contentUrl\":\"https:\/\/tupique.com\/wp-content\/uploads\/2026\/04\/4711387809723_S9916030_P00.jpg\",\"width\":1200,\"height\":1200,\"caption\":\"S0465013_0\"},{\"@type\":\"BreadcrumbList\",\"@id\":\"https:\/\/tupique.com\/produit\/ordinateur-portable-asus-90nb10j2-m00wt0-156-intel-core-i7-1355u-16-gb-ram-512-gb-ssd-espagnol-qwerty\/#breadcrumb\",\"itemListElement\":[{\"@type\":\"ListItem\",\"position\":1,\"name\":\"In\u00edcio\",\"item\":\"https:\/\/tupique.com\/\"},{\"@type\":\"ListItem\",\"position\":2,\"name\":\"Boutique\",\"item\":\"https:\/\/tupique.com\/en\/boutique\/\"},{\"@type\":\"ListItem\",\"position\":3,\"name\":\"Ordinateur Portable Asus 90NB10J2-M00WT0 15,6&#8243; Intel Core i7-1355U 16 GB RAM 512 GB SSD Espagnol Qwerty\"}]},{\"@type\":\"WebSite\",\"@id\":\"https:\/\/tupique.com\/#website\",\"url\":\"https:\/\/tupique.com\/\",\"name\":\"Tupique\",\"description\":\"Marketplace\",\"publisher\":{\"@id\":\"https:\/\/tupique.com\/#organization\"},\"potentialAction\":[{\"@type\":\"SearchAction\",\"target\":{\"@type\":\"EntryPoint\",\"urlTemplate\":\"https:\/\/tupique.com\/?s={search_term_string}\"},\"query-input\":{\"@type\":\"PropertyValueSpecification\",\"valueRequired\":true,\"valueName\":\"search_term_string\"}}],\"inLanguage\":\"en-GB\"},{\"@type\":\"Organization\",\"@id\":\"https:\/\/tupique.com\/#organization\",\"name\":\"Tupique\",\"url\":\"https:\/\/tupique.com\/\",\"logo\":{\"@type\":\"ImageObject\",\"inLanguage\":\"en-GB\",\"@id\":\"https:\/\/tupique.com\/#\/schema\/logo\/image\/\",\"url\":\"https:\/\/tupique.com\/wp-content\/uploads\/2024\/09\/logo.png\",\"contentUrl\":\"https:\/\/tupique.com\/wp-content\/uploads\/2024\/09\/logo.png\",\"width\":1118,\"height\":310,\"caption\":\"Tupique\"},\"image\":{\"@id\":\"https:\/\/tupique.com\/#\/schema\/logo\/image\/\"}}]}<\/script>\n<!-- \/ Yoast SEO plugin. -->","yoast_head_json":{"title":"Ordinateur Portable Asus 90NB10J2-M00WT0 15,6\" Intel Core i7-1355U 16 GB RAM 512 GB SSD Espagnol Qwerty - Tupique","description":"Vous cherchez Ordinateur Portable Asus 90NB10J2-M00WT0 15,6\" Intel Core i7-1355U 16 GB RAM 512 GB SSD Espagnol Qwerty ? Achetez des produits chez Tupique. Profitez de la livraison gratuite pour obtenir Ordinateur Portable Asus 90NB10J2-M00WT0 15,6\" Intel Core i7-1355U 16 GB RAM 512 GB SSD Espagnol Qwerty d\u00e8s maintenant.","robots":{"index":"index","follow":"follow","max-snippet":"max-snippet:-1","max-image-preview":"max-image-preview:large","max-video-preview":"max-video-preview:-1"},"canonical":"https:\/\/tupique.com\/en\/product\/ordinateur-portable-asus-90nb10j2-m00wt0-156-intel-core-i7-1355u-16-gb-ram-512-gb-ssd-espagnol-qwerty\/","og_locale":"en_GB","og_type":"article","og_title":"Ordinateur Portable Asus 90NB10J2-M00WT0 15,6\" Intel Core i7-1355U 16 GB RAM 512 GB SSD Espagnol Qwerty - Tupique","og_description":"Vous cherchez Ordinateur Portable Asus 90NB10J2-M00WT0 15,6\" Intel Core i7-1355U 16 GB RAM 512 GB SSD Espagnol Qwerty ? Achetez des produits chez Tupique. Profitez de la livraison gratuite pour obtenir Ordinateur Portable Asus 90NB10J2-M00WT0 15,6\" Intel Core i7-1355U 16 GB RAM 512 GB SSD Espagnol Qwerty d\u00e8s maintenant.","og_url":"https:\/\/tupique.com\/en\/product\/ordinateur-portable-asus-90nb10j2-m00wt0-156-intel-core-i7-1355u-16-gb-ram-512-gb-ssd-espagnol-qwerty\/","og_site_name":"Tupique","twitter_card":"summary_large_image","twitter_misc":{"Estimated reading time":"2 minutes"},"schema":{"@context":"https:\/\/schema.org","@graph":[{"@type":"WebPage","@id":"https:\/\/tupique.com\/produit\/ordinateur-portable-asus-90nb10j2-m00wt0-156-intel-core-i7-1355u-16-gb-ram-512-gb-ssd-espagnol-qwerty\/","url":"https:\/\/tupique.com\/produit\/ordinateur-portable-asus-90nb10j2-m00wt0-156-intel-core-i7-1355u-16-gb-ram-512-gb-ssd-espagnol-qwerty\/","name":"Ordinateur Portable Asus 90NB10J2-M00WT0 15,6\" Intel Core i7-1355U 16 GB RAM 512 GB SSD Espagnol Qwerty - Tupique","isPartOf":{"@id":"https:\/\/tupique.com\/#website"},"primaryImageOfPage":{"@id":"https:\/\/tupique.com\/produit\/ordinateur-portable-asus-90nb10j2-m00wt0-156-intel-core-i7-1355u-16-gb-ram-512-gb-ssd-espagnol-qwerty\/#primaryimage"},"image":{"@id":"https:\/\/tupique.com\/produit\/ordinateur-portable-asus-90nb10j2-m00wt0-156-intel-core-i7-1355u-16-gb-ram-512-gb-ssd-espagnol-qwerty\/#primaryimage"},"thumbnailUrl":"https:\/\/tupique.com\/wp-content\/uploads\/2026\/04\/4711387809723_S9916030_P00.jpg","datePublished":"2026-04-08T06:00:23+00:00","description":"Vous cherchez Ordinateur Portable Asus 90NB10J2-M00WT0 15,6\" Intel Core i7-1355U 16 GB RAM 512 GB SSD Espagnol Qwerty ? Achetez des produits chez Tupique. Profitez de la livraison gratuite pour obtenir Ordinateur Portable Asus 90NB10J2-M00WT0 15,6\" Intel Core i7-1355U 16 GB RAM 512 GB SSD Espagnol Qwerty d\u00e8s maintenant.","breadcrumb":{"@id":"https:\/\/tupique.com\/produit\/ordinateur-portable-asus-90nb10j2-m00wt0-156-intel-core-i7-1355u-16-gb-ram-512-gb-ssd-espagnol-qwerty\/#breadcrumb"},"inLanguage":"en-GB","potentialAction":[{"@type":"ReadAction","target":["https:\/\/tupique.com\/produit\/ordinateur-portable-asus-90nb10j2-m00wt0-156-intel-core-i7-1355u-16-gb-ram-512-gb-ssd-espagnol-qwerty\/"]}]},{"@type":"ImageObject","inLanguage":"en-GB","@id":"https:\/\/tupique.com\/produit\/ordinateur-portable-asus-90nb10j2-m00wt0-156-intel-core-i7-1355u-16-gb-ram-512-gb-ssd-espagnol-qwerty\/#primaryimage","url":"https:\/\/tupique.com\/wp-content\/uploads\/2026\/04\/4711387809723_S9916030_P00.jpg","contentUrl":"https:\/\/tupique.com\/wp-content\/uploads\/2026\/04\/4711387809723_S9916030_P00.jpg","width":1200,"height":1200,"caption":"S0465013_0"},{"@type":"BreadcrumbList","@id":"https:\/\/tupique.com\/produit\/ordinateur-portable-asus-90nb10j2-m00wt0-156-intel-core-i7-1355u-16-gb-ram-512-gb-ssd-espagnol-qwerty\/#breadcrumb","itemListElement":[{"@type":"ListItem","position":1,"name":"In\u00edcio","item":"https:\/\/tupique.com\/"},{"@type":"ListItem","position":2,"name":"Boutique","item":"https:\/\/tupique.com\/en\/boutique\/"},{"@type":"ListItem","position":3,"name":"Ordinateur Portable Asus 90NB10J2-M00WT0 15,6&#8243; Intel Core i7-1355U 16 GB RAM 512 GB SSD Espagnol Qwerty"}]},{"@type":"WebSite","@id":"https:\/\/tupique.com\/#website","url":"https:\/\/tupique.com\/","name":"Tupique","description":"Marketplace","publisher":{"@id":"https:\/\/tupique.com\/#organization"},"potentialAction":[{"@type":"SearchAction","target":{"@type":"EntryPoint","urlTemplate":"https:\/\/tupique.com\/?s={search_term_string}"},"query-input":{"@type":"PropertyValueSpecification","valueRequired":true,"valueName":"search_term_string"}}],"inLanguage":"en-GB"},{"@type":"Organization","@id":"https:\/\/tupique.com\/#organization","name":"Tupique","url":"https:\/\/tupique.com\/","logo":{"@type":"ImageObject","inLanguage":"en-GB","@id":"https:\/\/tupique.com\/#\/schema\/logo\/image\/","url":"https:\/\/tupique.com\/wp-content\/uploads\/2024\/09\/logo.png","contentUrl":"https:\/\/tupique.com\/wp-content\/uploads\/2024\/09\/logo.png","width":1118,"height":310,"caption":"Tupique"},"image":{"@id":"https:\/\/tupique.com\/#\/schema\/logo\/image\/"}}]}},"jetpack_sharing_enabled":true,"_links":{"self":[{"href":"https:\/\/tupique.com\/en\/wp-json\/wp\/v2\/product\/4383777","targetHints":{"allow":["GET"]}}],"collection":[{"href":"https:\/\/tupique.com\/en\/wp-json\/wp\/v2\/product"}],"about":[{"href":"https:\/\/tupique.com\/en\/wp-json\/wp\/v2\/types\/product"}],"replies":[{"embeddable":true,"href":"https:\/\/tupique.com\/en\/wp-json\/wp\/v2\/comments?post=4383777"}],"wp:featuredmedia":[{"embeddable":true,"href":"https:\/\/tupique.com\/en\/wp-json\/wp\/v2\/media\/4383746"}],"wp:attachment":[{"href":"https:\/\/tupique.com\/en\/wp-json\/wp\/v2\/media?parent=4383777"}],"wp:term":[{"taxonomy":"product_brand","embeddable":true,"href":"https:\/\/tupique.com\/en\/wp-json\/wp\/v2\/product_brand?post=4383777"},{"taxonomy":"product_cat","embeddable":true,"href":"https:\/\/tupique.com\/en\/wp-json\/wp\/v2\/product_cat?post=4383777"},{"taxonomy":"product_tag","embeddable":true,"href":"https:\/\/tupique.com\/en\/wp-json\/wp\/v2\/product_tag?post=4383777"}],"curies":[{"name":"wp","href":"https:\/\/api.w.org\/{rel}","templated":true}]}}