{"id":4383833,"date":"2026-04-08T07:01:42","date_gmt":"2026-04-08T06:01:42","guid":{"rendered":"https:\/\/tupique.com\/produit\/ordinateur-portable-hp-ad2z4etabe-16-intel-core-ultra-5-32-gb-ram-512-gb-ssd\/"},"modified":"2026-04-08T07:01:42","modified_gmt":"2026-04-08T06:01:42","slug":"ordinateur-portable-hp-ad2z4etabe-16-intel-core-ultra-5-32-gb-ram-512-gb-ssd","status":"publish","type":"product","link":"https:\/\/tupique.com\/en\/product\/ordinateur-portable-hp-ad2z4etabe-16-intel-core-ultra-5-32-gb-ram-512-gb-ssd\/","title":{"rendered":"Ordinateur Portable HP AD2Z4ET#ABE 16&#8243; intel core ultra 5 32 GB RAM 512 GB SSD"},"content":{"rendered":"<p>If you're looking for the latest trends on the market, we've got you covered. <b>Ordinateur Portable HP AD2Z4ET#ABE 16&#8243; intel core ultra 5 32 GB RAM 512 GB SSD<\/b> !<\/p>\n<p>Le <b>EliteBook 8 G1i<\/b> de HP est un <b>ordinateur portable<\/b> professionnel de derni\u00e8re g\u00e9n\u00e9ration, con\u00e7u pour r\u00e9pondre aux exigences des environnements d\u2019entreprise et des utilisateurs avanc\u00e9s gr\u00e2ce \u00e0 un \u00e9quilibre entre puissance, capacit\u00e9 et fonctionnalit\u00e9s. Il int\u00e8gre un <b>processeur Intel<\/b> haute performance qui, associ\u00e9 \u00e0 une <b>m\u00e9moire RAM de 32 Go<\/b>, garantit un multit\u00e2che fluide, id\u00e9al pour les applications exigeantes, l\u2019\u00e9dition de contenus ou la gestion de gros volumes de donn\u00e9es. Il propose un stockage rapide et s\u00e9curis\u00e9 via un <b>SSD de 512 Go<\/b>, permettant des temps de d\u00e9marrage et de transfert de fichiers nettement r\u00e9duits par rapport aux disques durs traditionnels. Son <b>\u00e9cran de 16 pouces<\/b> offre un espace visuel \u00e9tendu, parfait pour la productivit\u00e9, les pr\u00e9sentations ou le multim\u00e9dia. Il est \u00e9quip\u00e9 d\u2019un <b>clavier QWERTY en espagnol<\/b> et d\u2019un <b>pav\u00e9 num\u00e9rique<\/b> pour une saisie efficace, ainsi que d\u2019un r\u00e9tro\u00e9clairage facilitant le travail dans des environnements peu \u00e9clair\u00e9s. L\u2019exp\u00e9rience multim\u00e9dia est compl\u00e9t\u00e9e par des <b>haut-parleurs int\u00e9gr\u00e9s<\/b>, un <b>microphone int\u00e9gr\u00e9<\/b> and a <b>front camera<\/b>, adapt\u00e9s aux r\u00e9unions virtuelles et visioconf\u00e9rences. La connectivit\u00e9 sans fil est assur\u00e9e par le <b>Bluetooth<\/b>, permettant une synchronisation facile avec des appareils externes. Ce mod\u00e8le HP EliteBook offre un \u00e9quilibre entre performance, connectivit\u00e9 et confort, pens\u00e9 pour garantir fiabilit\u00e9 et productivit\u00e9 dans le monde professionnel actuel.<\/p>\n<ul>\n<li>Clavier: Espagnol Qwerty<\/li>\n<li>Type:\n<ul>\n<li>Ordinateur Portable<\/li>\n<li>Clavier num\u00e9rique<\/li>\n<\/ul>\n<\/li>\n<li>Plug-in product: Yes<\/li>\n<li>Type de m\u00e9moire:\n<ul>\n<li>SDRAM<\/li>\n<li>LPDDR5X<\/li>\n<\/ul>\n<\/li>\n<li>Socket type: EU socket<\/li>\n<li>Diagonale de l&#8217;\u00e9cran (cm): 40,6 cm<\/li>\n<li>Bloc d\u2019Alimentation: r\u00e9seau \u00e9lectrique<\/li>\n<li>Colour: Silver<\/li>\n<li>Touch screen: No<\/li>\n<li>Type d&#8217;unit\u00e9 optique: Non<\/li>\n<li>Includes:\n<ul>\n<li>Webcam<\/li>\n<li>SSD x 1<\/li>\n<\/ul>\n<\/li>\n<li>Technologie: IPS<\/li>\n<li>R\u00e9solution (px): 1920 x 1200 px<\/li>\n<li>Syst\u00e8me d&#8217;exploitation: Windows 11 Pro<\/li>\n<li>R\u00e9solution: WUXGA<\/li>\n<li>Type de stockage: SSD<\/li>\n<li>Connectivity:\n<ul>\n<li>Bluetooth<\/li>\n<li>NFC<\/li>\n<li>WI-FI 7<\/li>\n<\/ul>\n<\/li>\n<li>Connections:\n<ul>\n<li>HDMI<\/li>\n<li>USB<\/li>\n<li>USB-C<\/li>\n<li>2<\/li>\n<li>M.2<\/li>\n<\/ul>\n<\/li>\n<li>Ecran: 16&#8243;<\/li>\n<li>Processeur: intel core ultra 5<\/li>\n<li>M\u00e9moire RAM: 32 GB RAM<\/li>\n<li>Disque dur: 512 GB SSD<\/li>\n<li>Features:\n<ul>\n<li>Integrated speakers<\/li>\n<li>Front camera<\/li>\n<li>Built-in microphone<\/li>\n<li>R\u00e9tro-\u00e9clair\u00e9<\/li>\n<li>2 loudspeakers<\/li>\n<li>Fingerprint reader<\/li>\n<li>Data protection\/passwords<\/li>\n<li>Adaptateur graphique int\u00e9gr\u00e9<\/li>\n<\/ul>\n<\/li>\n<li>Profondeur: 25 cm<\/li>\n<li>Cache: 8 MB<\/li>\n<li>Compatible: PCI Express<\/li>\n<li>Frequency:\n<ul>\n<li>50 &#8211; 60 Hz<\/li>\n<li>4,5 GHz<\/li>\n<\/ul>\n<\/li>\n<li>Cam\u00e9ra\/Appareil Photo: 5 Mp<\/li>\n<li>Tension: 100 &#8211; 240 V<\/li>\n<li>Flux lumineux: 300 Lm<\/li>\n<li>Battery type: Litio Ion<\/li>\n<li>Noyaux: 8 Noyaux<\/li>\n<li>Famille de processeurs: Intel<\/li>\n<\/ul>","protected":false},"excerpt":{"rendered":"<p>Si vous \u00eates \u00e0 la recherche de nouvelles tendances sur le march\u00e9, nous vous pr\u00e9sentons Ordinateur Portable HP AD2Z4ET#ABE 16&#8243;<\/p>","protected":false},"featured_media":4383830,"comment_status":"open","ping_status":"closed","template":"","meta":{"_joinchat":[]},"product_brand":[158040],"product_cat":[157516,157583,155043],"product_tag":[157514,157515],"class_list":{"0":"post-4383833","1":"product","2":"type-product","3":"status-publish","4":"has-post-thumbnail","6":"product_brand-brandp_909","7":"product_cat-informatique-electronique","8":"product_cat-informatique-ordinateurs","9":"product_cat-notebooks","10":"product_tag-tag_933","11":"product_tag-tag_1295","13":"first","14":"instock","15":"taxable","16":"shipping-taxable","17":"purchasable","18":"product-type-simple"},"yoast_head":"<!-- This site is optimized with the Yoast SEO plugin v27.2 - https:\/\/yoast.com\/product\/yoast-seo-wordpress\/ -->\n<title>Ordinateur Portable HP AD2Z4ET#ABE 16&quot; intel core ultra 5 32 GB RAM 512 GB SSD - Tupique<\/title>\n<meta name=\"description\" content=\"Vous cherchez Ordinateur Portable HP AD2Z4ET#ABE 16&quot; intel core ultra 5 32 GB RAM 512 GB SSD ? Achetez des produits chez Tupique. Profitez de la livraison gratuite pour obtenir Ordinateur Portable HP AD2Z4ET#ABE 16&quot; intel core ultra 5 32 GB RAM 512 GB SSD d\u00e8s maintenant.\" \/>\n<meta name=\"robots\" content=\"index, follow, max-snippet:-1, max-image-preview:large, max-video-preview:-1\" \/>\n<link rel=\"canonical\" href=\"https:\/\/tupique.com\/en\/product\/ordinateur-portable-hp-ad2z4etabe-16-intel-core-ultra-5-32-gb-ram-512-gb-ssd\/\" \/>\n<meta property=\"og:locale\" content=\"en_GB\" \/>\n<meta property=\"og:type\" content=\"article\" \/>\n<meta property=\"og:title\" content=\"Ordinateur Portable HP AD2Z4ET#ABE 16&quot; intel core ultra 5 32 GB RAM 512 GB SSD - Tupique\" \/>\n<meta property=\"og:description\" content=\"Vous cherchez Ordinateur Portable HP AD2Z4ET#ABE 16&quot; intel core ultra 5 32 GB RAM 512 GB SSD ? Achetez des produits chez Tupique. Profitez de la livraison gratuite pour obtenir Ordinateur Portable HP AD2Z4ET#ABE 16&quot; intel core ultra 5 32 GB RAM 512 GB SSD d\u00e8s maintenant.\" \/>\n<meta property=\"og:url\" content=\"https:\/\/tupique.com\/en\/product\/ordinateur-portable-hp-ad2z4etabe-16-intel-core-ultra-5-32-gb-ram-512-gb-ssd\/\" \/>\n<meta property=\"og:site_name\" content=\"Tupique\" \/>\n<meta name=\"twitter:card\" content=\"summary_large_image\" \/>\n<meta name=\"twitter:label1\" content=\"Estimated reading time\" \/>\n\t<meta name=\"twitter:data1\" content=\"2 minutes\" \/>\n<script type=\"application\/ld+json\" class=\"yoast-schema-graph\">{\"@context\":\"https:\/\/schema.org\",\"@graph\":[{\"@type\":\"WebPage\",\"@id\":\"https:\/\/tupique.com\/produit\/ordinateur-portable-hp-ad2z4etabe-16-intel-core-ultra-5-32-gb-ram-512-gb-ssd\/\",\"url\":\"https:\/\/tupique.com\/produit\/ordinateur-portable-hp-ad2z4etabe-16-intel-core-ultra-5-32-gb-ram-512-gb-ssd\/\",\"name\":\"Ordinateur Portable HP AD2Z4ET#ABE 16\\\" intel core ultra 5 32 GB RAM 512 GB SSD - Tupique\",\"isPartOf\":{\"@id\":\"https:\/\/tupique.com\/#website\"},\"primaryImageOfPage\":{\"@id\":\"https:\/\/tupique.com\/produit\/ordinateur-portable-hp-ad2z4etabe-16-intel-core-ultra-5-32-gb-ram-512-gb-ssd\/#primaryimage\"},\"image\":{\"@id\":\"https:\/\/tupique.com\/produit\/ordinateur-portable-hp-ad2z4etabe-16-intel-core-ultra-5-32-gb-ram-512-gb-ssd\/#primaryimage\"},\"thumbnailUrl\":\"https:\/\/tupique.com\/wp-content\/uploads\/2026\/04\/0199251426360_I00.jpg\",\"datePublished\":\"2026-04-08T06:01:42+00:00\",\"description\":\"Vous cherchez Ordinateur Portable HP AD2Z4ET#ABE 16\\\" intel core ultra 5 32 GB RAM 512 GB SSD ? Achetez des produits chez Tupique. Profitez de la livraison gratuite pour obtenir Ordinateur Portable HP AD2Z4ET#ABE 16\\\" intel core ultra 5 32 GB RAM 512 GB SSD d\u00e8s maintenant.\",\"breadcrumb\":{\"@id\":\"https:\/\/tupique.com\/produit\/ordinateur-portable-hp-ad2z4etabe-16-intel-core-ultra-5-32-gb-ram-512-gb-ssd\/#breadcrumb\"},\"inLanguage\":\"en-GB\",\"potentialAction\":[{\"@type\":\"ReadAction\",\"target\":[\"https:\/\/tupique.com\/produit\/ordinateur-portable-hp-ad2z4etabe-16-intel-core-ultra-5-32-gb-ram-512-gb-ssd\/\"]}]},{\"@type\":\"ImageObject\",\"inLanguage\":\"en-GB\",\"@id\":\"https:\/\/tupique.com\/produit\/ordinateur-portable-hp-ad2z4etabe-16-intel-core-ultra-5-32-gb-ram-512-gb-ssd\/#primaryimage\",\"url\":\"https:\/\/tupique.com\/wp-content\/uploads\/2026\/04\/0199251426360_I00.jpg\",\"contentUrl\":\"https:\/\/tupique.com\/wp-content\/uploads\/2026\/04\/0199251426360_I00.jpg\",\"width\":1200,\"height\":1200,\"caption\":\"S55302988_0\"},{\"@type\":\"BreadcrumbList\",\"@id\":\"https:\/\/tupique.com\/produit\/ordinateur-portable-hp-ad2z4etabe-16-intel-core-ultra-5-32-gb-ram-512-gb-ssd\/#breadcrumb\",\"itemListElement\":[{\"@type\":\"ListItem\",\"position\":1,\"name\":\"In\u00edcio\",\"item\":\"https:\/\/tupique.com\/\"},{\"@type\":\"ListItem\",\"position\":2,\"name\":\"Boutique\",\"item\":\"https:\/\/tupique.com\/en\/boutique\/\"},{\"@type\":\"ListItem\",\"position\":3,\"name\":\"Ordinateur Portable HP AD2Z4ET#ABE 16&#8243; intel core ultra 5 32 GB RAM 512 GB SSD\"}]},{\"@type\":\"WebSite\",\"@id\":\"https:\/\/tupique.com\/#website\",\"url\":\"https:\/\/tupique.com\/\",\"name\":\"Tupique\",\"description\":\"Marketplace\",\"publisher\":{\"@id\":\"https:\/\/tupique.com\/#organization\"},\"potentialAction\":[{\"@type\":\"SearchAction\",\"target\":{\"@type\":\"EntryPoint\",\"urlTemplate\":\"https:\/\/tupique.com\/?s={search_term_string}\"},\"query-input\":{\"@type\":\"PropertyValueSpecification\",\"valueRequired\":true,\"valueName\":\"search_term_string\"}}],\"inLanguage\":\"en-GB\"},{\"@type\":\"Organization\",\"@id\":\"https:\/\/tupique.com\/#organization\",\"name\":\"Tupique\",\"url\":\"https:\/\/tupique.com\/\",\"logo\":{\"@type\":\"ImageObject\",\"inLanguage\":\"en-GB\",\"@id\":\"https:\/\/tupique.com\/#\/schema\/logo\/image\/\",\"url\":\"https:\/\/tupique.com\/wp-content\/uploads\/2024\/09\/logo.png\",\"contentUrl\":\"https:\/\/tupique.com\/wp-content\/uploads\/2024\/09\/logo.png\",\"width\":1118,\"height\":310,\"caption\":\"Tupique\"},\"image\":{\"@id\":\"https:\/\/tupique.com\/#\/schema\/logo\/image\/\"}}]}<\/script>\n<!-- \/ Yoast SEO plugin. -->","yoast_head_json":{"title":"Ordinateur Portable HP AD2Z4ET#ABE 16\" intel core ultra 5 32 GB RAM 512 GB SSD - Tupique","description":"Vous cherchez Ordinateur Portable HP AD2Z4ET#ABE 16\" intel core ultra 5 32 GB RAM 512 GB SSD ? Achetez des produits chez Tupique. Profitez de la livraison gratuite pour obtenir Ordinateur Portable HP AD2Z4ET#ABE 16\" intel core ultra 5 32 GB RAM 512 GB SSD d\u00e8s maintenant.","robots":{"index":"index","follow":"follow","max-snippet":"max-snippet:-1","max-image-preview":"max-image-preview:large","max-video-preview":"max-video-preview:-1"},"canonical":"https:\/\/tupique.com\/en\/product\/ordinateur-portable-hp-ad2z4etabe-16-intel-core-ultra-5-32-gb-ram-512-gb-ssd\/","og_locale":"en_GB","og_type":"article","og_title":"Ordinateur Portable HP AD2Z4ET#ABE 16\" intel core ultra 5 32 GB RAM 512 GB SSD - Tupique","og_description":"Vous cherchez Ordinateur Portable HP AD2Z4ET#ABE 16\" intel core ultra 5 32 GB RAM 512 GB SSD ? Achetez des produits chez Tupique. Profitez de la livraison gratuite pour obtenir Ordinateur Portable HP AD2Z4ET#ABE 16\" intel core ultra 5 32 GB RAM 512 GB SSD d\u00e8s maintenant.","og_url":"https:\/\/tupique.com\/en\/product\/ordinateur-portable-hp-ad2z4etabe-16-intel-core-ultra-5-32-gb-ram-512-gb-ssd\/","og_site_name":"Tupique","twitter_card":"summary_large_image","twitter_misc":{"Estimated reading time":"2 minutes"},"schema":{"@context":"https:\/\/schema.org","@graph":[{"@type":"WebPage","@id":"https:\/\/tupique.com\/produit\/ordinateur-portable-hp-ad2z4etabe-16-intel-core-ultra-5-32-gb-ram-512-gb-ssd\/","url":"https:\/\/tupique.com\/produit\/ordinateur-portable-hp-ad2z4etabe-16-intel-core-ultra-5-32-gb-ram-512-gb-ssd\/","name":"Ordinateur Portable HP AD2Z4ET#ABE 16\" intel core ultra 5 32 GB RAM 512 GB SSD - Tupique","isPartOf":{"@id":"https:\/\/tupique.com\/#website"},"primaryImageOfPage":{"@id":"https:\/\/tupique.com\/produit\/ordinateur-portable-hp-ad2z4etabe-16-intel-core-ultra-5-32-gb-ram-512-gb-ssd\/#primaryimage"},"image":{"@id":"https:\/\/tupique.com\/produit\/ordinateur-portable-hp-ad2z4etabe-16-intel-core-ultra-5-32-gb-ram-512-gb-ssd\/#primaryimage"},"thumbnailUrl":"https:\/\/tupique.com\/wp-content\/uploads\/2026\/04\/0199251426360_I00.jpg","datePublished":"2026-04-08T06:01:42+00:00","description":"Vous cherchez Ordinateur Portable HP AD2Z4ET#ABE 16\" intel core ultra 5 32 GB RAM 512 GB SSD ? Achetez des produits chez Tupique. Profitez de la livraison gratuite pour obtenir Ordinateur Portable HP AD2Z4ET#ABE 16\" intel core ultra 5 32 GB RAM 512 GB SSD d\u00e8s maintenant.","breadcrumb":{"@id":"https:\/\/tupique.com\/produit\/ordinateur-portable-hp-ad2z4etabe-16-intel-core-ultra-5-32-gb-ram-512-gb-ssd\/#breadcrumb"},"inLanguage":"en-GB","potentialAction":[{"@type":"ReadAction","target":["https:\/\/tupique.com\/produit\/ordinateur-portable-hp-ad2z4etabe-16-intel-core-ultra-5-32-gb-ram-512-gb-ssd\/"]}]},{"@type":"ImageObject","inLanguage":"en-GB","@id":"https:\/\/tupique.com\/produit\/ordinateur-portable-hp-ad2z4etabe-16-intel-core-ultra-5-32-gb-ram-512-gb-ssd\/#primaryimage","url":"https:\/\/tupique.com\/wp-content\/uploads\/2026\/04\/0199251426360_I00.jpg","contentUrl":"https:\/\/tupique.com\/wp-content\/uploads\/2026\/04\/0199251426360_I00.jpg","width":1200,"height":1200,"caption":"S55302988_0"},{"@type":"BreadcrumbList","@id":"https:\/\/tupique.com\/produit\/ordinateur-portable-hp-ad2z4etabe-16-intel-core-ultra-5-32-gb-ram-512-gb-ssd\/#breadcrumb","itemListElement":[{"@type":"ListItem","position":1,"name":"In\u00edcio","item":"https:\/\/tupique.com\/"},{"@type":"ListItem","position":2,"name":"Boutique","item":"https:\/\/tupique.com\/en\/boutique\/"},{"@type":"ListItem","position":3,"name":"Ordinateur Portable HP AD2Z4ET#ABE 16&#8243; intel core ultra 5 32 GB RAM 512 GB SSD"}]},{"@type":"WebSite","@id":"https:\/\/tupique.com\/#website","url":"https:\/\/tupique.com\/","name":"Tupique","description":"Marketplace","publisher":{"@id":"https:\/\/tupique.com\/#organization"},"potentialAction":[{"@type":"SearchAction","target":{"@type":"EntryPoint","urlTemplate":"https:\/\/tupique.com\/?s={search_term_string}"},"query-input":{"@type":"PropertyValueSpecification","valueRequired":true,"valueName":"search_term_string"}}],"inLanguage":"en-GB"},{"@type":"Organization","@id":"https:\/\/tupique.com\/#organization","name":"Tupique","url":"https:\/\/tupique.com\/","logo":{"@type":"ImageObject","inLanguage":"en-GB","@id":"https:\/\/tupique.com\/#\/schema\/logo\/image\/","url":"https:\/\/tupique.com\/wp-content\/uploads\/2024\/09\/logo.png","contentUrl":"https:\/\/tupique.com\/wp-content\/uploads\/2024\/09\/logo.png","width":1118,"height":310,"caption":"Tupique"},"image":{"@id":"https:\/\/tupique.com\/#\/schema\/logo\/image\/"}}]}},"jetpack_sharing_enabled":true,"_links":{"self":[{"href":"https:\/\/tupique.com\/en\/wp-json\/wp\/v2\/product\/4383833","targetHints":{"allow":["GET"]}}],"collection":[{"href":"https:\/\/tupique.com\/en\/wp-json\/wp\/v2\/product"}],"about":[{"href":"https:\/\/tupique.com\/en\/wp-json\/wp\/v2\/types\/product"}],"replies":[{"embeddable":true,"href":"https:\/\/tupique.com\/en\/wp-json\/wp\/v2\/comments?post=4383833"}],"wp:featuredmedia":[{"embeddable":true,"href":"https:\/\/tupique.com\/en\/wp-json\/wp\/v2\/media\/4383830"}],"wp:attachment":[{"href":"https:\/\/tupique.com\/en\/wp-json\/wp\/v2\/media?parent=4383833"}],"wp:term":[{"taxonomy":"product_brand","embeddable":true,"href":"https:\/\/tupique.com\/en\/wp-json\/wp\/v2\/product_brand?post=4383833"},{"taxonomy":"product_cat","embeddable":true,"href":"https:\/\/tupique.com\/en\/wp-json\/wp\/v2\/product_cat?post=4383833"},{"taxonomy":"product_tag","embeddable":true,"href":"https:\/\/tupique.com\/en\/wp-json\/wp\/v2\/product_tag?post=4383833"}],"curies":[{"name":"wp","href":"https:\/\/api.w.org\/{rel}","templated":true}]}}