{"id":4383930,"date":"2026-04-08T17:55:59","date_gmt":"2026-04-08T16:55:59","guid":{"rendered":"https:\/\/tupique.com\/produit\/barre-audio-samsung-hw-q990f-zf\/"},"modified":"2026-04-08T17:55:59","modified_gmt":"2026-04-08T16:55:59","slug":"barre-audio-samsung-hw-q990f-zf","status":"publish","type":"product","link":"https:\/\/tupique.com\/en\/product\/barre-audio-samsung-hw-q990f-zf\/","title":{"rendered":"Barre audio Samsung HW-Q990F\/ZF"},"content":{"rendered":"<p>If you're looking for the latest trends on the market, we've got you covered. <b>Barre audio Samsung HW-Q990F\/ZF<\/b> !<\/p>\n<p>La <b>barre de son<\/b> Samsung en <b>black<\/b> offre un syst\u00e8me audio avanc\u00e9 con\u00e7u pour une exp\u00e9rience immersive et haute fid\u00e9lit\u00e9 \u00e0 domicile. Avec une configuration puissante de sortie audio <b>11.1.4 canaux<\/b>, cet enceinte int\u00e8gre plusieurs transducteurs pour restituer un son surround tridimensionnel pr\u00e9cis. Sa <b>puissance RMS totale estim\u00e9e \u00e0 756W<\/b> se r\u00e9partit entre la barre principale, d\u00e9livrant <b>210W<\/b>, et le caisson de basses inclus, apportant <b>300W<\/b>, garantissant des basses profondes et une performance dynamique remarquable. La connectivit\u00e9 est un autre point fort, avec <b>Bluetooth 5.3<\/b> pour une liaison sans fil stable et rapide, ainsi que le support du <b>Wi-Fi<\/b>, permettant l\u2019int\u00e9gration aux r\u00e9seaux domestiques et la lecture audio en streaming ou depuis plusieurs appareils compatibles. Elle dispose \u00e9galement de la fonctionnalit\u00e9 <b>eARC<\/b> pour faciliter le transfert audio haute qualit\u00e9 depuis les t\u00e9l\u00e9viseurs modernes, assurant la compatibilit\u00e9 avec les formats audio les plus exigeants. La barre int\u00e8gre en outre <b>deux entr\u00e9es HDMI et une sortie HDMI<\/b>, ainsi qu\u2019une sortie optique audio num\u00e9rique, facilitant la connexion simultan\u00e9e de plusieurs appareils et optimisant l\u2019exp\u00e9rience multim\u00e9dia sans perte de qualit\u00e9. Son design \u00e9l\u00e9gant et discret en <b>black<\/b> s\u2019adapte facilement \u00e0 tout espace, alliant fonctionnalit\u00e9 et esth\u00e9tique. Dans l\u2019ensemble, cette enceinte Samsung repr\u00e9sente une solution compl\u00e8te pour ceux qui souhaitent am\u00e9liorer significativement le son de leur syst\u00e8me audiovisuel, combinant puissance, polyvalence et technologie avanc\u00e9e.<\/p>\n<ul>\n<li>Type:\n<ul>\n<li>Loudspeaker<\/li>\n<li>Barre audio<\/li>\n<li>Wireless<\/li>\n<\/ul>\n<\/li>\n<li>Plug-in product: Yes<\/li>\n<li>Socket type: EU socket<\/li>\n<li>Bloc d\u2019Alimentation: r\u00e9seau \u00e9lectrique<\/li>\n<li>Connectivity:\n<ul>\n<li>Bluetooth<\/li>\n<li>Wi-Fi<\/li>\n<li>Bluetooth 5.3<\/li>\n<li>eARC<\/li>\n<\/ul>\n<\/li>\n<li>Colour: Black<\/li>\n<li>Features:\n<ul>\n<li>Equalizer<\/li>\n<li>Wall mounting<\/li>\n<li>Installation guide included<\/li>\n<li>Apple AirPlay 2<\/li>\n<li>Canal de retour audio (ARC)<\/li>\n<li>Mode nuit<\/li>\n<\/ul>\n<\/li>\n<li>Connections:\n<ul>\n<li>HDMI<\/li>\n<li>HDMI 1.4<\/li>\n<\/ul>\n<\/li>\n<li>Includes:\n<ul>\n<li>T\u00e9l\u00e9commande<\/li>\n<li>Subwoofer<\/li>\n<li>Kit de montage mural<\/li>\n<li>Mounting brackets<\/li>\n<\/ul>\n<\/li>\n<li>consommation d&#8217;\u00e9nergie: 41 kWh<\/li>\n<li>Technologie: HDR10+<\/li>\n<li>Fonctionne \u00e0 piles: AAA x 2, incluses<\/li>\n<li>USB connection: No<\/li>\n<\/ul>","protected":false},"excerpt":{"rendered":"<p>Si vous \u00eates \u00e0 la recherche de nouvelles tendances sur le march\u00e9, nous vous pr\u00e9sentons Barre audio Samsung HW-Q990F\/ZF !<\/p>","protected":false},"featured_media":4383929,"comment_status":"open","ping_status":"closed","template":"","meta":{"_joinchat":[]},"product_brand":[157883],"product_cat":[158092,157943,157516],"product_tag":[157515],"class_list":{"0":"post-4383930","1":"product","2":"type-product","3":"status-publish","4":"has-post-thumbnail","6":"product_brand-brandp_576","7":"product_cat-barres-de-son","8":"product_cat-electronique-son","9":"product_cat-informatique-electronique","10":"product_tag-tag_1295","12":"first","13":"outofstock","14":"taxable","15":"shipping-taxable","16":"purchasable","17":"product-type-simple"},"yoast_head":"<!-- This site is optimized with the Yoast SEO plugin v27.2 - https:\/\/yoast.com\/product\/yoast-seo-wordpress\/ -->\n<title>Barre audio Samsung HW-Q990F\/ZF - Tupique<\/title>\n<meta name=\"description\" content=\"Vous cherchez Barre audio Samsung HW-Q990F\/ZF ? Achetez des produits chez Tupique. Profitez de la livraison gratuite pour obtenir Barre audio Samsung HW-Q990F\/ZF d\u00e8s maintenant.\" \/>\n<meta name=\"robots\" content=\"index, follow, max-snippet:-1, max-image-preview:large, max-video-preview:-1\" \/>\n<link rel=\"canonical\" href=\"https:\/\/tupique.com\/en\/product\/barre-audio-samsung-hw-q990f-zf\/\" \/>\n<meta property=\"og:locale\" content=\"en_GB\" \/>\n<meta property=\"og:type\" content=\"article\" \/>\n<meta property=\"og:title\" content=\"Barre audio Samsung HW-Q990F\/ZF - Tupique\" \/>\n<meta property=\"og:description\" content=\"Vous cherchez Barre audio Samsung HW-Q990F\/ZF ? Achetez des produits chez Tupique. Profitez de la livraison gratuite pour obtenir Barre audio Samsung HW-Q990F\/ZF d\u00e8s maintenant.\" \/>\n<meta property=\"og:url\" content=\"https:\/\/tupique.com\/en\/product\/barre-audio-samsung-hw-q990f-zf\/\" \/>\n<meta property=\"og:site_name\" content=\"Tupique\" \/>\n<meta name=\"twitter:card\" content=\"summary_large_image\" \/>\n<meta name=\"twitter:label1\" content=\"Estimated reading time\" \/>\n\t<meta name=\"twitter:data1\" content=\"2 minutes\" \/>\n<script type=\"application\/ld+json\" class=\"yoast-schema-graph\">{\"@context\":\"https:\/\/schema.org\",\"@graph\":[{\"@type\":\"WebPage\",\"@id\":\"https:\/\/tupique.com\/produit\/barre-audio-samsung-hw-q990f-zf\/\",\"url\":\"https:\/\/tupique.com\/produit\/barre-audio-samsung-hw-q990f-zf\/\",\"name\":\"Barre audio Samsung HW-Q990F\/ZF - Tupique\",\"isPartOf\":{\"@id\":\"https:\/\/tupique.com\/#website\"},\"primaryImageOfPage\":{\"@id\":\"https:\/\/tupique.com\/produit\/barre-audio-samsung-hw-q990f-zf\/#primaryimage\"},\"image\":{\"@id\":\"https:\/\/tupique.com\/produit\/barre-audio-samsung-hw-q990f-zf\/#primaryimage\"},\"thumbnailUrl\":\"https:\/\/tupique.com\/wp-content\/uploads\/2026\/04\/8806097108085_S0466321_P00.jpg\",\"datePublished\":\"2026-04-08T16:55:59+00:00\",\"description\":\"Vous cherchez Barre audio Samsung HW-Q990F\/ZF ? Achetez des produits chez Tupique. Profitez de la livraison gratuite pour obtenir Barre audio Samsung HW-Q990F\/ZF d\u00e8s maintenant.\",\"breadcrumb\":{\"@id\":\"https:\/\/tupique.com\/produit\/barre-audio-samsung-hw-q990f-zf\/#breadcrumb\"},\"inLanguage\":\"en-GB\",\"potentialAction\":[{\"@type\":\"ReadAction\",\"target\":[\"https:\/\/tupique.com\/produit\/barre-audio-samsung-hw-q990f-zf\/\"]}]},{\"@type\":\"ImageObject\",\"inLanguage\":\"en-GB\",\"@id\":\"https:\/\/tupique.com\/produit\/barre-audio-samsung-hw-q990f-zf\/#primaryimage\",\"url\":\"https:\/\/tupique.com\/wp-content\/uploads\/2026\/04\/8806097108085_S0466321_P00.jpg\",\"contentUrl\":\"https:\/\/tupique.com\/wp-content\/uploads\/2026\/04\/8806097108085_S0466321_P00.jpg\",\"width\":1200,\"height\":1200,\"caption\":\"S0466321_0\"},{\"@type\":\"BreadcrumbList\",\"@id\":\"https:\/\/tupique.com\/produit\/barre-audio-samsung-hw-q990f-zf\/#breadcrumb\",\"itemListElement\":[{\"@type\":\"ListItem\",\"position\":1,\"name\":\"In\u00edcio\",\"item\":\"https:\/\/tupique.com\/\"},{\"@type\":\"ListItem\",\"position\":2,\"name\":\"Boutique\",\"item\":\"https:\/\/tupique.com\/en\/boutique\/\"},{\"@type\":\"ListItem\",\"position\":3,\"name\":\"Barre audio Samsung HW-Q990F\/ZF\"}]},{\"@type\":\"WebSite\",\"@id\":\"https:\/\/tupique.com\/#website\",\"url\":\"https:\/\/tupique.com\/\",\"name\":\"Tupique\",\"description\":\"Marketplace\",\"publisher\":{\"@id\":\"https:\/\/tupique.com\/#organization\"},\"potentialAction\":[{\"@type\":\"SearchAction\",\"target\":{\"@type\":\"EntryPoint\",\"urlTemplate\":\"https:\/\/tupique.com\/?s={search_term_string}\"},\"query-input\":{\"@type\":\"PropertyValueSpecification\",\"valueRequired\":true,\"valueName\":\"search_term_string\"}}],\"inLanguage\":\"en-GB\"},{\"@type\":\"Organization\",\"@id\":\"https:\/\/tupique.com\/#organization\",\"name\":\"Tupique\",\"url\":\"https:\/\/tupique.com\/\",\"logo\":{\"@type\":\"ImageObject\",\"inLanguage\":\"en-GB\",\"@id\":\"https:\/\/tupique.com\/#\/schema\/logo\/image\/\",\"url\":\"https:\/\/tupique.com\/wp-content\/uploads\/2024\/09\/logo.png\",\"contentUrl\":\"https:\/\/tupique.com\/wp-content\/uploads\/2024\/09\/logo.png\",\"width\":1118,\"height\":310,\"caption\":\"Tupique\"},\"image\":{\"@id\":\"https:\/\/tupique.com\/#\/schema\/logo\/image\/\"}}]}<\/script>\n<!-- \/ Yoast SEO plugin. -->","yoast_head_json":{"title":"Barre audio Samsung HW-Q990F\/ZF - Tupique","description":"Vous cherchez Barre audio Samsung HW-Q990F\/ZF ? Achetez des produits chez Tupique. Profitez de la livraison gratuite pour obtenir Barre audio Samsung HW-Q990F\/ZF d\u00e8s maintenant.","robots":{"index":"index","follow":"follow","max-snippet":"max-snippet:-1","max-image-preview":"max-image-preview:large","max-video-preview":"max-video-preview:-1"},"canonical":"https:\/\/tupique.com\/en\/product\/barre-audio-samsung-hw-q990f-zf\/","og_locale":"en_GB","og_type":"article","og_title":"Barre audio Samsung HW-Q990F\/ZF - Tupique","og_description":"Vous cherchez Barre audio Samsung HW-Q990F\/ZF ? Achetez des produits chez Tupique. Profitez de la livraison gratuite pour obtenir Barre audio Samsung HW-Q990F\/ZF d\u00e8s maintenant.","og_url":"https:\/\/tupique.com\/en\/product\/barre-audio-samsung-hw-q990f-zf\/","og_site_name":"Tupique","twitter_card":"summary_large_image","twitter_misc":{"Estimated reading time":"2 minutes"},"schema":{"@context":"https:\/\/schema.org","@graph":[{"@type":"WebPage","@id":"https:\/\/tupique.com\/produit\/barre-audio-samsung-hw-q990f-zf\/","url":"https:\/\/tupique.com\/produit\/barre-audio-samsung-hw-q990f-zf\/","name":"Barre audio Samsung HW-Q990F\/ZF - Tupique","isPartOf":{"@id":"https:\/\/tupique.com\/#website"},"primaryImageOfPage":{"@id":"https:\/\/tupique.com\/produit\/barre-audio-samsung-hw-q990f-zf\/#primaryimage"},"image":{"@id":"https:\/\/tupique.com\/produit\/barre-audio-samsung-hw-q990f-zf\/#primaryimage"},"thumbnailUrl":"https:\/\/tupique.com\/wp-content\/uploads\/2026\/04\/8806097108085_S0466321_P00.jpg","datePublished":"2026-04-08T16:55:59+00:00","description":"Vous cherchez Barre audio Samsung HW-Q990F\/ZF ? Achetez des produits chez Tupique. Profitez de la livraison gratuite pour obtenir Barre audio Samsung HW-Q990F\/ZF d\u00e8s maintenant.","breadcrumb":{"@id":"https:\/\/tupique.com\/produit\/barre-audio-samsung-hw-q990f-zf\/#breadcrumb"},"inLanguage":"en-GB","potentialAction":[{"@type":"ReadAction","target":["https:\/\/tupique.com\/produit\/barre-audio-samsung-hw-q990f-zf\/"]}]},{"@type":"ImageObject","inLanguage":"en-GB","@id":"https:\/\/tupique.com\/produit\/barre-audio-samsung-hw-q990f-zf\/#primaryimage","url":"https:\/\/tupique.com\/wp-content\/uploads\/2026\/04\/8806097108085_S0466321_P00.jpg","contentUrl":"https:\/\/tupique.com\/wp-content\/uploads\/2026\/04\/8806097108085_S0466321_P00.jpg","width":1200,"height":1200,"caption":"S0466321_0"},{"@type":"BreadcrumbList","@id":"https:\/\/tupique.com\/produit\/barre-audio-samsung-hw-q990f-zf\/#breadcrumb","itemListElement":[{"@type":"ListItem","position":1,"name":"In\u00edcio","item":"https:\/\/tupique.com\/"},{"@type":"ListItem","position":2,"name":"Boutique","item":"https:\/\/tupique.com\/en\/boutique\/"},{"@type":"ListItem","position":3,"name":"Barre audio Samsung HW-Q990F\/ZF"}]},{"@type":"WebSite","@id":"https:\/\/tupique.com\/#website","url":"https:\/\/tupique.com\/","name":"Tupique","description":"Marketplace","publisher":{"@id":"https:\/\/tupique.com\/#organization"},"potentialAction":[{"@type":"SearchAction","target":{"@type":"EntryPoint","urlTemplate":"https:\/\/tupique.com\/?s={search_term_string}"},"query-input":{"@type":"PropertyValueSpecification","valueRequired":true,"valueName":"search_term_string"}}],"inLanguage":"en-GB"},{"@type":"Organization","@id":"https:\/\/tupique.com\/#organization","name":"Tupique","url":"https:\/\/tupique.com\/","logo":{"@type":"ImageObject","inLanguage":"en-GB","@id":"https:\/\/tupique.com\/#\/schema\/logo\/image\/","url":"https:\/\/tupique.com\/wp-content\/uploads\/2024\/09\/logo.png","contentUrl":"https:\/\/tupique.com\/wp-content\/uploads\/2024\/09\/logo.png","width":1118,"height":310,"caption":"Tupique"},"image":{"@id":"https:\/\/tupique.com\/#\/schema\/logo\/image\/"}}]}},"jetpack_sharing_enabled":true,"_links":{"self":[{"href":"https:\/\/tupique.com\/en\/wp-json\/wp\/v2\/product\/4383930","targetHints":{"allow":["GET"]}}],"collection":[{"href":"https:\/\/tupique.com\/en\/wp-json\/wp\/v2\/product"}],"about":[{"href":"https:\/\/tupique.com\/en\/wp-json\/wp\/v2\/types\/product"}],"replies":[{"embeddable":true,"href":"https:\/\/tupique.com\/en\/wp-json\/wp\/v2\/comments?post=4383930"}],"wp:featuredmedia":[{"embeddable":true,"href":"https:\/\/tupique.com\/en\/wp-json\/wp\/v2\/media\/4383929"}],"wp:attachment":[{"href":"https:\/\/tupique.com\/en\/wp-json\/wp\/v2\/media?parent=4383930"}],"wp:term":[{"taxonomy":"product_brand","embeddable":true,"href":"https:\/\/tupique.com\/en\/wp-json\/wp\/v2\/product_brand?post=4383930"},{"taxonomy":"product_cat","embeddable":true,"href":"https:\/\/tupique.com\/en\/wp-json\/wp\/v2\/product_cat?post=4383930"},{"taxonomy":"product_tag","embeddable":true,"href":"https:\/\/tupique.com\/en\/wp-json\/wp\/v2\/product_tag?post=4383930"}],"curies":[{"name":"wp","href":"https:\/\/api.w.org\/{rel}","templated":true}]}}