{"id":4384199,"date":"2026-04-08T18:56:02","date_gmt":"2026-04-08T17:56:02","guid":{"rendered":"https:\/\/tupique.com\/produit\/smartphone-xiaomi-xiaomi-13t-pro-667-noir-vert\/"},"modified":"2026-04-08T18:56:02","modified_gmt":"2026-04-08T17:56:02","slug":"smartphone-xiaomi-xiaomi-13t-pro-667-noir-vert","status":"publish","type":"product","link":"https:\/\/tupique.com\/en\/product\/smartphone-xiaomi-xiaomi-13t-pro-667-noir-vert\/","title":{"rendered":"Smartphone Xiaomi Xiaomi 13T Pro 6,67&#8243; Noir Vert"},"content":{"rendered":"<p>If you are passionate about\u2019<b>computer science and electronics<\/b>, If you're at the cutting edge of technology and don't want to miss a thing, buy <b>Smartphone Xiaomi Xiaomi 13T Pro 6,67&#8243; Noir Vert<\/b> at the best price.<\/p>\n<ul>\n<li>Connectivity:\n<ul>\n<li>Bluetooth 5.4<\/li>\n<li>WI-FI 7<\/li>\n<li>Wi-Fi 6E ghz<\/li>\n<li>5G<\/li>\n<li>GPS<\/li>\n<li>4G<\/li>\n<li>Wi-Fi<\/li>\n<li>Bluetooth<\/li>\n<li>nano SIM<\/li>\n<li>NFC<\/li>\n<li>BeiDou<\/li>\n<li>WCDMA<\/li>\n<li>LTE<\/li>\n<\/ul>\n<\/li>\n<li>Resolution (px):\n<ul>\n<li>4096 x 2160 px<\/li>\n<li>2712 X 1220 PX<\/li>\n<li>7680 x 4320 px<\/li>\n<\/ul>\n<\/li>\n<li>Features:\n<ul>\n<li>Chargement rapide<\/li>\n<li>HDR10+<\/li>\n<li>HDR10<\/li>\n<li>HDR<\/li>\n<li>GPS<\/li>\n<li>Ambient light sensor<\/li>\n<li>Autofocus<\/li>\n<li>Chargement rapide et fiable<\/li>\n<li>Syst\u00e8me de reconnaissance faciale<\/li>\n<li>Image stabiliser<\/li>\n<li>Fingerprint reader<\/li>\n<li>Capteur de proximit\u00e9<\/li>\n<li>Gorilla Glass<\/li>\n<li>\u00c9cran plat<\/li>\n<\/ul>\n<\/li>\n<li>M\u00e9moire interne:\n<ul>\n<li>512 GB<\/li>\n<li>1 TB<\/li>\n<\/ul>\n<\/li>\n<li>Capacit\u00e9 de la batterie: 5000 mAh<\/li>\n<li>Stabilisateur d&#8217;image: Oui<\/li>\n<li>Poids approx.: 206 g<\/li>\n<li>Technology:\n<ul>\n<li>AMOLED<\/li>\n<li>Mime<\/li>\n<li>Glonass<\/li>\n<\/ul>\n<\/li>\n<li>Operating system:\n<ul>\n<li>Android 13<\/li>\n<li>Android<\/li>\n<\/ul>\n<\/li>\n<li>Diagonale de l&#8217;\u00e9cran (cm):\n<ul>\n<li>16,9 cm<\/li>\n<li>17 cm<\/li>\n<\/ul>\n<\/li>\n<li>Puissance de charge: 120 W<\/li>\n<li>R\u00e9solution: 446 PPP<\/li>\n<li>Processor:\n<ul>\n<li>Mediatek Dimensity 9200+<\/li>\n<li>Octa Core<\/li>\n<\/ul>\n<\/li>\n<li>Brille: 2600 cd\/m\u00b2<\/li>\n<li>Type de m\u00e9moire: LPDDR5X<\/li>\n<li>Classification IP: IP68<\/li>\n<li>Connections:\n<ul>\n<li>USB-C<\/li>\n<li>Dual SIM<\/li>\n<li>USB<\/li>\n<\/ul>\n<\/li>\n<li>Colour:\n<ul>\n<li>Vert<\/li>\n<li>Black<\/li>\n<\/ul>\n<\/li>\n<li>M\u00e9moire RAM:\n<ul>\n<li>12 GB RAM<\/li>\n<li>16 GB RAM<\/li>\n<\/ul>\n<\/li>\n<li>Ecran:\n<ul>\n<li>6,7&#8243;<\/li>\n<li>6,67&#8243;<\/li>\n<\/ul>\n<\/li>\n<li>Fr\u00e9quence: 144 Hz<\/li>\n<li>Plug-in product: Yes<\/li>\n<li>Type: Smartphone<\/li>\n<li>Socket type: EU socket<\/li>\n<li>Bloc d\u2019Alimentation: r\u00e9seau \u00e9lectrique<\/li>\n<li>Indice de r\u00e9parabilit\u00e9: 7.1<\/li>\n<li>puissance: 120 W<\/li>\n<li>Camera:\n<ul>\n<li>20 mpx<\/li>\n<li>50 Mp<\/li>\n<li>Frontal<\/li>\n<li>20 Mp<\/li>\n<li>Triple<\/li>\n<\/ul>\n<\/li>\n<li>Zoom Num\u00e9rique: 20x<\/li>\n<li>Langue: Anglais<\/li>\n<li>Capteurs:\n<ul>\n<li>Accelerometer<\/li>\n<li>Gyroscope<\/li>\n<\/ul>\n<\/li>\n<li>Disque dur: 1 TB SSD<\/li>\n<li>Angle: 78\u00ba<\/li>\n<li>Rapport d&#8217;aspect: 20:9<\/li>\n<li>Ouverture: f\/1,9<\/li>\n<li>Noyaux: 8 Noyaux<\/li>\n<li>Famille de processeurs: MediaTek Dimensity<\/li>\n<\/ul>","protected":false},"excerpt":{"rendered":"<p>Si vous \u00eates passionn\u00e9 d&#8217;informatique et d&#8217;\u00e9lectronique, si vous \u00eates \u00e0 la pointe de la technologie et qu&#8217;aucun d\u00e9tail ne<\/p>","protected":false},"featured_media":4384186,"comment_status":"open","ping_status":"closed","template":"","meta":{"_joinchat":[]},"product_brand":[157890],"product_cat":[157523,157516,157524],"product_tag":[157514,157522,157515],"class_list":{"0":"post-4384199","1":"product","2":"type-product","3":"status-publish","4":"has-post-thumbnail","6":"product_brand-brandp_1269","7":"product_cat-electronique-telephonie-et-tablettes","8":"product_cat-informatique-electronique","9":"product_cat-telephones-portables","10":"product_tag-tag_933","11":"product_tag-tag_547","12":"product_tag-tag_1295","14":"first","15":"instock","16":"taxable","17":"shipping-taxable","18":"purchasable","19":"product-type-simple"},"yoast_head":"<!-- This site is optimized with the Yoast SEO plugin v27.2 - https:\/\/yoast.com\/product\/yoast-seo-wordpress\/ -->\n<title>Smartphone Xiaomi Xiaomi 13T Pro 6,67&quot; Noir Vert - Tupique<\/title>\n<meta name=\"description\" content=\"Vous cherchez Smartphone Xiaomi Xiaomi 13T Pro 6,67&quot; Noir Vert ? Achetez des produits chez Tupique. Profitez de la livraison gratuite pour obtenir Smartphone Xiaomi Xiaomi 13T Pro 6,67&quot; Noir Vert d\u00e8s maintenant.\" \/>\n<meta name=\"robots\" content=\"index, follow, max-snippet:-1, max-image-preview:large, max-video-preview:-1\" \/>\n<link rel=\"canonical\" href=\"https:\/\/tupique.com\/en\/product\/smartphone-xiaomi-xiaomi-13t-pro-667-noir-vert\/\" \/>\n<meta property=\"og:locale\" content=\"en_GB\" \/>\n<meta property=\"og:type\" content=\"article\" \/>\n<meta property=\"og:title\" content=\"Smartphone Xiaomi Xiaomi 13T Pro 6,67&quot; Noir Vert - Tupique\" \/>\n<meta property=\"og:description\" content=\"Vous cherchez Smartphone Xiaomi Xiaomi 13T Pro 6,67&quot; Noir Vert ? Achetez des produits chez Tupique. Profitez de la livraison gratuite pour obtenir Smartphone Xiaomi Xiaomi 13T Pro 6,67&quot; Noir Vert d\u00e8s maintenant.\" \/>\n<meta property=\"og:url\" content=\"https:\/\/tupique.com\/en\/product\/smartphone-xiaomi-xiaomi-13t-pro-667-noir-vert\/\" \/>\n<meta property=\"og:site_name\" content=\"Tupique\" \/>\n<meta name=\"twitter:card\" content=\"summary_large_image\" \/>\n<meta name=\"twitter:label1\" content=\"Estimated reading time\" \/>\n\t<meta name=\"twitter:data1\" content=\"1 minute\" \/>\n<script type=\"application\/ld+json\" class=\"yoast-schema-graph\">{\"@context\":\"https:\/\/schema.org\",\"@graph\":[{\"@type\":\"WebPage\",\"@id\":\"https:\/\/tupique.com\/produit\/smartphone-xiaomi-xiaomi-13t-pro-667-noir-vert\/\",\"url\":\"https:\/\/tupique.com\/produit\/smartphone-xiaomi-xiaomi-13t-pro-667-noir-vert\/\",\"name\":\"Smartphone Xiaomi Xiaomi 13T Pro 6,67\\\" Noir Vert - Tupique\",\"isPartOf\":{\"@id\":\"https:\/\/tupique.com\/#website\"},\"primaryImageOfPage\":{\"@id\":\"https:\/\/tupique.com\/produit\/smartphone-xiaomi-xiaomi-13t-pro-667-noir-vert\/#primaryimage\"},\"image\":{\"@id\":\"https:\/\/tupique.com\/produit\/smartphone-xiaomi-xiaomi-13t-pro-667-noir-vert\/#primaryimage\"},\"thumbnailUrl\":\"https:\/\/tupique.com\/wp-content\/uploads\/2026\/04\/6941812749296_M0804000_P00-1.jpg\",\"datePublished\":\"2026-04-08T17:56:02+00:00\",\"description\":\"Vous cherchez Smartphone Xiaomi Xiaomi 13T Pro 6,67\\\" Noir Vert ? Achetez des produits chez Tupique. Profitez de la livraison gratuite pour obtenir Smartphone Xiaomi Xiaomi 13T Pro 6,67\\\" Noir Vert d\u00e8s maintenant.\",\"breadcrumb\":{\"@id\":\"https:\/\/tupique.com\/produit\/smartphone-xiaomi-xiaomi-13t-pro-667-noir-vert\/#breadcrumb\"},\"inLanguage\":\"en-GB\",\"potentialAction\":[{\"@type\":\"ReadAction\",\"target\":[\"https:\/\/tupique.com\/produit\/smartphone-xiaomi-xiaomi-13t-pro-667-noir-vert\/\"]}]},{\"@type\":\"ImageObject\",\"inLanguage\":\"en-GB\",\"@id\":\"https:\/\/tupique.com\/produit\/smartphone-xiaomi-xiaomi-13t-pro-667-noir-vert\/#primaryimage\",\"url\":\"https:\/\/tupique.com\/wp-content\/uploads\/2026\/04\/6941812749296_M0804000_P00-1.jpg\",\"contentUrl\":\"https:\/\/tupique.com\/wp-content\/uploads\/2026\/04\/6941812749296_M0804000_P00-1.jpg\",\"width\":1200,\"height\":1200,\"caption\":\"M0804000_0\"},{\"@type\":\"BreadcrumbList\",\"@id\":\"https:\/\/tupique.com\/produit\/smartphone-xiaomi-xiaomi-13t-pro-667-noir-vert\/#breadcrumb\",\"itemListElement\":[{\"@type\":\"ListItem\",\"position\":1,\"name\":\"In\u00edcio\",\"item\":\"https:\/\/tupique.com\/\"},{\"@type\":\"ListItem\",\"position\":2,\"name\":\"Boutique\",\"item\":\"https:\/\/tupique.com\/en\/boutique\/\"},{\"@type\":\"ListItem\",\"position\":3,\"name\":\"Smartphone Xiaomi Xiaomi 13T Pro 6,67&#8243; Noir Vert\"}]},{\"@type\":\"WebSite\",\"@id\":\"https:\/\/tupique.com\/#website\",\"url\":\"https:\/\/tupique.com\/\",\"name\":\"Tupique\",\"description\":\"Marketplace\",\"publisher\":{\"@id\":\"https:\/\/tupique.com\/#organization\"},\"potentialAction\":[{\"@type\":\"SearchAction\",\"target\":{\"@type\":\"EntryPoint\",\"urlTemplate\":\"https:\/\/tupique.com\/?s={search_term_string}\"},\"query-input\":{\"@type\":\"PropertyValueSpecification\",\"valueRequired\":true,\"valueName\":\"search_term_string\"}}],\"inLanguage\":\"en-GB\"},{\"@type\":\"Organization\",\"@id\":\"https:\/\/tupique.com\/#organization\",\"name\":\"Tupique\",\"url\":\"https:\/\/tupique.com\/\",\"logo\":{\"@type\":\"ImageObject\",\"inLanguage\":\"en-GB\",\"@id\":\"https:\/\/tupique.com\/#\/schema\/logo\/image\/\",\"url\":\"https:\/\/tupique.com\/wp-content\/uploads\/2024\/09\/logo.png\",\"contentUrl\":\"https:\/\/tupique.com\/wp-content\/uploads\/2024\/09\/logo.png\",\"width\":1118,\"height\":310,\"caption\":\"Tupique\"},\"image\":{\"@id\":\"https:\/\/tupique.com\/#\/schema\/logo\/image\/\"}}]}<\/script>\n<!-- \/ Yoast SEO plugin. -->","yoast_head_json":{"title":"Smartphone Xiaomi Xiaomi 13T Pro 6,67\" Noir Vert - Tupique","description":"Vous cherchez Smartphone Xiaomi Xiaomi 13T Pro 6,67\" Noir Vert ? Achetez des produits chez Tupique. Profitez de la livraison gratuite pour obtenir Smartphone Xiaomi Xiaomi 13T Pro 6,67\" Noir Vert d\u00e8s maintenant.","robots":{"index":"index","follow":"follow","max-snippet":"max-snippet:-1","max-image-preview":"max-image-preview:large","max-video-preview":"max-video-preview:-1"},"canonical":"https:\/\/tupique.com\/en\/product\/smartphone-xiaomi-xiaomi-13t-pro-667-noir-vert\/","og_locale":"en_GB","og_type":"article","og_title":"Smartphone Xiaomi Xiaomi 13T Pro 6,67\" Noir Vert - Tupique","og_description":"Vous cherchez Smartphone Xiaomi Xiaomi 13T Pro 6,67\" Noir Vert ? Achetez des produits chez Tupique. Profitez de la livraison gratuite pour obtenir Smartphone Xiaomi Xiaomi 13T Pro 6,67\" Noir Vert d\u00e8s maintenant.","og_url":"https:\/\/tupique.com\/en\/product\/smartphone-xiaomi-xiaomi-13t-pro-667-noir-vert\/","og_site_name":"Tupique","twitter_card":"summary_large_image","twitter_misc":{"Estimated reading time":"1 minute"},"schema":{"@context":"https:\/\/schema.org","@graph":[{"@type":"WebPage","@id":"https:\/\/tupique.com\/produit\/smartphone-xiaomi-xiaomi-13t-pro-667-noir-vert\/","url":"https:\/\/tupique.com\/produit\/smartphone-xiaomi-xiaomi-13t-pro-667-noir-vert\/","name":"Smartphone Xiaomi Xiaomi 13T Pro 6,67\" Noir Vert - Tupique","isPartOf":{"@id":"https:\/\/tupique.com\/#website"},"primaryImageOfPage":{"@id":"https:\/\/tupique.com\/produit\/smartphone-xiaomi-xiaomi-13t-pro-667-noir-vert\/#primaryimage"},"image":{"@id":"https:\/\/tupique.com\/produit\/smartphone-xiaomi-xiaomi-13t-pro-667-noir-vert\/#primaryimage"},"thumbnailUrl":"https:\/\/tupique.com\/wp-content\/uploads\/2026\/04\/6941812749296_M0804000_P00-1.jpg","datePublished":"2026-04-08T17:56:02+00:00","description":"Vous cherchez Smartphone Xiaomi Xiaomi 13T Pro 6,67\" Noir Vert ? Achetez des produits chez Tupique. Profitez de la livraison gratuite pour obtenir Smartphone Xiaomi Xiaomi 13T Pro 6,67\" Noir Vert d\u00e8s maintenant.","breadcrumb":{"@id":"https:\/\/tupique.com\/produit\/smartphone-xiaomi-xiaomi-13t-pro-667-noir-vert\/#breadcrumb"},"inLanguage":"en-GB","potentialAction":[{"@type":"ReadAction","target":["https:\/\/tupique.com\/produit\/smartphone-xiaomi-xiaomi-13t-pro-667-noir-vert\/"]}]},{"@type":"ImageObject","inLanguage":"en-GB","@id":"https:\/\/tupique.com\/produit\/smartphone-xiaomi-xiaomi-13t-pro-667-noir-vert\/#primaryimage","url":"https:\/\/tupique.com\/wp-content\/uploads\/2026\/04\/6941812749296_M0804000_P00-1.jpg","contentUrl":"https:\/\/tupique.com\/wp-content\/uploads\/2026\/04\/6941812749296_M0804000_P00-1.jpg","width":1200,"height":1200,"caption":"M0804000_0"},{"@type":"BreadcrumbList","@id":"https:\/\/tupique.com\/produit\/smartphone-xiaomi-xiaomi-13t-pro-667-noir-vert\/#breadcrumb","itemListElement":[{"@type":"ListItem","position":1,"name":"In\u00edcio","item":"https:\/\/tupique.com\/"},{"@type":"ListItem","position":2,"name":"Boutique","item":"https:\/\/tupique.com\/en\/boutique\/"},{"@type":"ListItem","position":3,"name":"Smartphone Xiaomi Xiaomi 13T Pro 6,67&#8243; Noir Vert"}]},{"@type":"WebSite","@id":"https:\/\/tupique.com\/#website","url":"https:\/\/tupique.com\/","name":"Tupique","description":"Marketplace","publisher":{"@id":"https:\/\/tupique.com\/#organization"},"potentialAction":[{"@type":"SearchAction","target":{"@type":"EntryPoint","urlTemplate":"https:\/\/tupique.com\/?s={search_term_string}"},"query-input":{"@type":"PropertyValueSpecification","valueRequired":true,"valueName":"search_term_string"}}],"inLanguage":"en-GB"},{"@type":"Organization","@id":"https:\/\/tupique.com\/#organization","name":"Tupique","url":"https:\/\/tupique.com\/","logo":{"@type":"ImageObject","inLanguage":"en-GB","@id":"https:\/\/tupique.com\/#\/schema\/logo\/image\/","url":"https:\/\/tupique.com\/wp-content\/uploads\/2024\/09\/logo.png","contentUrl":"https:\/\/tupique.com\/wp-content\/uploads\/2024\/09\/logo.png","width":1118,"height":310,"caption":"Tupique"},"image":{"@id":"https:\/\/tupique.com\/#\/schema\/logo\/image\/"}}]}},"jetpack_sharing_enabled":true,"_links":{"self":[{"href":"https:\/\/tupique.com\/en\/wp-json\/wp\/v2\/product\/4384199","targetHints":{"allow":["GET"]}}],"collection":[{"href":"https:\/\/tupique.com\/en\/wp-json\/wp\/v2\/product"}],"about":[{"href":"https:\/\/tupique.com\/en\/wp-json\/wp\/v2\/types\/product"}],"replies":[{"embeddable":true,"href":"https:\/\/tupique.com\/en\/wp-json\/wp\/v2\/comments?post=4384199"}],"wp:featuredmedia":[{"embeddable":true,"href":"https:\/\/tupique.com\/en\/wp-json\/wp\/v2\/media\/4384186"}],"wp:attachment":[{"href":"https:\/\/tupique.com\/en\/wp-json\/wp\/v2\/media?parent=4384199"}],"wp:term":[{"taxonomy":"product_brand","embeddable":true,"href":"https:\/\/tupique.com\/en\/wp-json\/wp\/v2\/product_brand?post=4384199"},{"taxonomy":"product_cat","embeddable":true,"href":"https:\/\/tupique.com\/en\/wp-json\/wp\/v2\/product_cat?post=4384199"},{"taxonomy":"product_tag","embeddable":true,"href":"https:\/\/tupique.com\/en\/wp-json\/wp\/v2\/product_tag?post=4384199"}],"curies":[{"name":"wp","href":"https:\/\/api.w.org\/{rel}","templated":true}]}}