{"id":4384602,"date":"2026-04-08T19:59:52","date_gmt":"2026-04-08T18:59:52","guid":{"rendered":"https:\/\/tupique.com\/produit\/ordinateur-portable-hp-b3ae9atabe-156-intel-core-5-120u-intel-core-ultra-5-8-gb-ram-512-gb-ssd\/"},"modified":"2026-04-08T22:55:17","modified_gmt":"2026-04-08T21:55:17","slug":"ordinateur-portable-hp-b3ae9atabe-156-intel-core-5-120u-intel-core-ultra-5-8-gb-ram-512-gb-ssd","status":"publish","type":"product","link":"https:\/\/tupique.com\/en\/product\/ordinateur-portable-hp-b3ae9atabe-156-intel-core-5-120u-intel-core-ultra-5-8-gb-ram-512-gb-ssd\/","title":{"rendered":"Ordinateur Portable HP B3AE9AT#ABE 15,6&#8243; Intel Core 5 120U intel core ultra 5 8 GB RAM 512 GB SSD"},"content":{"rendered":"<p>If you are passionate about\u2019<b>computer science and electronics<\/b>, If you're at the cutting edge of technology and don't want to miss a thing, buy <b>Ordinateur Portable HP B3AE9AT#ABE 15,6&#8243; Intel Core 5 120U intel core ultra 5 8 GB RAM 512 GB SSD<\/b> at the best price.<\/p>\n<p>Le <b>HP 250R G9<\/b> est un <b>ordinateur portable<\/b> con\u00e7u sp\u00e9cialement pour les professionnels et les entreprises qui exigent mobilit\u00e9, performance et fiabilit\u00e9 dans un appareil compact et l\u00e9ger. Il est \u00e9quip\u00e9 d\u2019un puissant processeur <b>Intel Core Ultra 5 120U<\/b> offrant une performance efficace pour le multit\u00e2che et les applications professionnelles, associ\u00e9 \u00e0 une <b>m\u00e9moire RAM de 8 Go DDR4-SDRAM<\/b> garantissant fluidit\u00e9 et rapidit\u00e9 dans la gestion des programmes et documents. Son <b>disque SSD de 512 Go<\/b> assure un acc\u00e8s rapide aux donn\u00e9es et une grande capacit\u00e9 de stockage, facilitant la productivit\u00e9 au quotidien. L\u2019ordinateur int\u00e8gre un <b>\u00e9cran Full HD de 15,6 pouces (1920 x 1080 pixels)<\/b> avec un excellent ratio \u00e9cran-corps, offrant une exp\u00e9rience visuelle nette et confortable pour de longues sessions de travail. C\u00f4t\u00e9 graphique, il dispose de la carte int\u00e9gr\u00e9e <b>Intel Graphics<\/b>, suffisante pour les t\u00e2ches courantes et la lecture de contenus sans compromettre l\u2019autonomie ni le poids. Son design se d\u00e9cline en couleurs sobres comme le <b>noir, gris et argent<\/b>, s\u2019adaptant aux environnements professionnels et corporatifs. De plus, l\u2019appareil comprend un clavier complet avec pav\u00e9 num\u00e9rique et touchpad, apportant confort et fonctionnalit\u00e9 pour les utilisateurs intensifs. Pesant 1,74 kg avec un format type \u00ab\u00a0clamshell\u00a0\u00bb, il est facile \u00e0 transporter au quotidien, id\u00e9al pour les professionnels en d\u00e9placement. Le syst\u00e8me d\u2019exploitation pr\u00e9install\u00e9 est <b>Windows 11 Pro<\/b>, offrant un environnement s\u00e9curis\u00e9 et optimis\u00e9 pour l\u2019entreprise. En r\u00e9sum\u00e9, le HP 250R G9 combine des caract\u00e9ristiques \u00e9quilibr\u00e9es en mat\u00e9riel et design, pens\u00e9 pour la productivit\u00e9 professionnelle sans sacrifier la portabilit\u00e9 ni la facilit\u00e9 d\u2019utilisation.<\/p>\n<ul>\n<li>Clavier: Espagnol Qwerty<\/li>\n<li>Type:\n<ul>\n<li>Ordinateur Portable<\/li>\n<li>DDR4-SDRAM<\/li>\n<li>Clavier num\u00e9rique<\/li>\n<li>Touchpad<\/li>\n<li>Clavier complet<\/li>\n<li>Utilisation Quotidienne<\/li>\n<\/ul>\n<\/li>\n<li>Plug-in product: Yes<\/li>\n<li>Type de m\u00e9moire:\n<ul>\n<li>SDRAM<\/li>\n<li>DDR4 SDRAM<\/li>\n<\/ul>\n<\/li>\n<li>Socket type: EU socket<\/li>\n<li>Contr\u00f4leur graphique: Intel UHD Graphics<\/li>\n<li>Bloc d\u2019Alimentation:\n<ul>\n<li>r\u00e9seau \u00e9lectrique<\/li>\n<li>USB<\/li>\n<\/ul>\n<\/li>\n<li>Touch screen: No<\/li>\n<li>Type d&#8217;unit\u00e9 optique: Non<\/li>\n<li>Includes:\n<ul>\n<li>Touchpad<\/li>\n<li>Webcam<\/li>\n<li>Clavier<\/li>\n<li>SSD x 1<\/li>\n<\/ul>\n<\/li>\n<li>Capacit\u00e9 de la batterie: 41 Wh<\/li>\n<li>speed:\n<ul>\n<li>3200 MHz<\/li>\n<li>10\/100\/1000 Mbps<\/li>\n<li>5 GHz<\/li>\n<li>3,8 GHz<\/li>\n<\/ul>\n<\/li>\n<li>Resolution (px):\n<ul>\n<li>1920 x 1080 px<\/li>\n<li>1280 x 720 px<\/li>\n<\/ul>\n<\/li>\n<li>Syst\u00e8me d&#8217;exploitation: Windows 11 Pro<\/li>\n<li>R\u00e9solution: Full HD<\/li>\n<li>Type de stockage: SSD<\/li>\n<li>Colour:\n<ul>\n<li>Black<\/li>\n<li>Grey<\/li>\n<li>Silver<\/li>\n<\/ul>\n<\/li>\n<li>Connectivity:\n<ul>\n<li>Bluetooth<\/li>\n<li>6 GHz Wi-Fi<\/li>\n<li>Wi-Fi<\/li>\n<li>Ethernet LAN<\/li>\n<li>Bluetooth 5.2<\/li>\n<\/ul>\n<\/li>\n<li>Connections:\n<ul>\n<li>HDMI<\/li>\n<li>USB<\/li>\n<li>USB-C<\/li>\n<li>Ethernet LAN<\/li>\n<li>SO-DIMM<\/li>\n<li>RJ45<\/li>\n<li>HDMI 1.4<\/li>\n<li>USB-C 3.2 Gen 2 (3.1 Gen 2)<\/li>\n<li>USB-A 3.2<\/li>\n<li>C\u00e2ble jack 3,3 mm<\/li>\n<\/ul>\n<\/li>\n<li>Ecran: 15,6&#8243;<\/li>\n<li>Processor:\n<ul>\n<li>Intel Core 5 120U<\/li>\n<li>intel core ultra 5<\/li>\n<\/ul>\n<\/li>\n<li>RAM memory: 8 GB RAM<\/li>\n<li>Disque dur: 512 GB SSD<\/li>\n<li>Features:\n<ul>\n<li>Integrated speakers<\/li>\n<li>Front camera<\/li>\n<li>Built-in microphone<\/li>\n<li>2 loudspeakers<\/li>\n<li>Data protection\/passwords<\/li>\n<li>Adaptateur graphique int\u00e9gr\u00e9<\/li>\n<\/ul>\n<\/li>\n<li>Standard: NTSC<\/li>\n<li>Cache: 12 MB<\/li>\n<li>Compatible: PCI Express<\/li>\n<li>Frequency: 50 - 60 Hz<\/li>\n<li>puissance: 65 W<\/li>\n<li>Tension: 100 &#8211; 240 V<\/li>\n<li>Non Inclus:\n<ul>\n<li>Type d&#8217;unit\u00e9 optique<\/li>\n<li>Mobile network connection<\/li>\n<li>Adaptateur graphique discret<\/li>\n<\/ul>\n<\/li>\n<li>Cam\u00e9ra\/Appareil Photo: HD<\/li>\n<li>Flux lumineux: 250 Lm<\/li>\n<li>Poids: 190 g<\/li>\n<li>Facteur de forme: SO-DIMM<\/li>\n<li>Format: 1 x 8 GB<\/li>\n<li>Battery type: Litio Ion<\/li>\n<li>Noyaux: 10 Noyaux<\/li>\n<li>Famille de processeurs: Intel<\/li>\n<li>Diagonale de l&#8217;\u00e9cran (cm): 39,6 cm<\/li>\n<li>Vitesse de m\u00e9moire support\u00e9e: 3200 mhz<\/li>\n<\/ul>","protected":false},"excerpt":{"rendered":"<p>Si vous \u00eates passionn\u00e9 d&#8217;informatique et d&#8217;\u00e9lectronique, si vous \u00eates \u00e0 la pointe de la technologie et qu&#8217;aucun d\u00e9tail ne<\/p>","protected":false},"featured_media":4384599,"comment_status":"open","ping_status":"closed","template":"","meta":{"_joinchat":[]},"product_brand":[158040],"product_cat":[157516,157583,155043],"product_tag":[157514,157515],"class_list":{"0":"post-4384602","1":"product","2":"type-product","3":"status-publish","4":"has-post-thumbnail","6":"product_brand-brandp_909","7":"product_cat-informatique-electronique","8":"product_cat-informatique-ordinateurs","9":"product_cat-notebooks","10":"product_tag-tag_933","11":"product_tag-tag_1295","13":"first","14":"instock","15":"taxable","16":"shipping-taxable","17":"purchasable","18":"product-type-simple"},"yoast_head":"<!-- This site is optimized with the Yoast SEO plugin v27.2 - https:\/\/yoast.com\/product\/yoast-seo-wordpress\/ -->\n<title>Ordinateur Portable HP B3AE9AT#ABE 15,6&quot; Intel Core 5 120U intel core ultra 5 8 GB RAM 512 GB SSD - Tupique<\/title>\n<meta name=\"description\" content=\"Vous cherchez Ordinateur Portable HP B3AE9AT#ABE 15,6&quot; Intel Core 5 120U intel core ultra 5 8 GB RAM 512 GB SSD ? Achetez des produits chez Tupique. Profitez de la livraison gratuite pour obtenir Ordinateur Portable HP B3AE9AT#ABE 15,6&quot; Intel Core 5 120U intel core ultra 5 8 GB RAM 512 GB SSD d\u00e8s maintenant.\" \/>\n<meta name=\"robots\" content=\"index, follow, max-snippet:-1, max-image-preview:large, max-video-preview:-1\" \/>\n<link rel=\"canonical\" href=\"https:\/\/tupique.com\/en\/product\/ordinateur-portable-hp-b3ae9atabe-156-intel-core-5-120u-intel-core-ultra-5-8-gb-ram-512-gb-ssd\/\" \/>\n<meta property=\"og:locale\" content=\"en_GB\" \/>\n<meta property=\"og:type\" content=\"article\" \/>\n<meta property=\"og:title\" content=\"Ordinateur Portable HP B3AE9AT#ABE 15,6&quot; Intel Core 5 120U intel core ultra 5 8 GB RAM 512 GB SSD - Tupique\" \/>\n<meta property=\"og:description\" content=\"Vous cherchez Ordinateur Portable HP B3AE9AT#ABE 15,6&quot; Intel Core 5 120U intel core ultra 5 8 GB RAM 512 GB SSD ? Achetez des produits chez Tupique. Profitez de la livraison gratuite pour obtenir Ordinateur Portable HP B3AE9AT#ABE 15,6&quot; Intel Core 5 120U intel core ultra 5 8 GB RAM 512 GB SSD d\u00e8s maintenant.\" \/>\n<meta property=\"og:url\" content=\"https:\/\/tupique.com\/en\/product\/ordinateur-portable-hp-b3ae9atabe-156-intel-core-5-120u-intel-core-ultra-5-8-gb-ram-512-gb-ssd\/\" \/>\n<meta property=\"og:site_name\" content=\"Tupique\" \/>\n<meta property=\"article:modified_time\" content=\"2026-04-08T21:55:17+00:00\" \/>\n<meta property=\"og:image\" content=\"https:\/\/tupique.com\/wp-content\/uploads\/2026\/04\/0199485661209_I00.jpg\" \/>\n\t<meta property=\"og:image:width\" content=\"1200\" \/>\n\t<meta property=\"og:image:height\" content=\"1200\" \/>\n\t<meta property=\"og:image:type\" content=\"image\/jpeg\" \/>\n<meta name=\"twitter:card\" content=\"summary_large_image\" \/>\n<meta name=\"twitter:label1\" content=\"Estimated reading time\" \/>\n\t<meta name=\"twitter:data1\" content=\"2 minutes\" \/>\n<script type=\"application\/ld+json\" class=\"yoast-schema-graph\">{\"@context\":\"https:\/\/schema.org\",\"@graph\":[{\"@type\":\"WebPage\",\"@id\":\"https:\/\/tupique.com\/produit\/ordinateur-portable-hp-b3ae9atabe-156-intel-core-5-120u-intel-core-ultra-5-8-gb-ram-512-gb-ssd\/\",\"url\":\"https:\/\/tupique.com\/produit\/ordinateur-portable-hp-b3ae9atabe-156-intel-core-5-120u-intel-core-ultra-5-8-gb-ram-512-gb-ssd\/\",\"name\":\"Ordinateur Portable HP B3AE9AT#ABE 15,6\\\" Intel Core 5 120U intel core ultra 5 8 GB RAM 512 GB SSD - Tupique\",\"isPartOf\":{\"@id\":\"https:\/\/tupique.com\/#website\"},\"primaryImageOfPage\":{\"@id\":\"https:\/\/tupique.com\/produit\/ordinateur-portable-hp-b3ae9atabe-156-intel-core-5-120u-intel-core-ultra-5-8-gb-ram-512-gb-ssd\/#primaryimage\"},\"image\":{\"@id\":\"https:\/\/tupique.com\/produit\/ordinateur-portable-hp-b3ae9atabe-156-intel-core-5-120u-intel-core-ultra-5-8-gb-ram-512-gb-ssd\/#primaryimage\"},\"thumbnailUrl\":\"https:\/\/tupique.com\/wp-content\/uploads\/2026\/04\/0199485661209_I00.jpg\",\"datePublished\":\"2026-04-08T18:59:52+00:00\",\"dateModified\":\"2026-04-08T21:55:17+00:00\",\"description\":\"Vous cherchez Ordinateur Portable HP B3AE9AT#ABE 15,6\\\" Intel Core 5 120U intel core ultra 5 8 GB RAM 512 GB SSD ? Achetez des produits chez Tupique. Profitez de la livraison gratuite pour obtenir Ordinateur Portable HP B3AE9AT#ABE 15,6\\\" Intel Core 5 120U intel core ultra 5 8 GB RAM 512 GB SSD d\u00e8s maintenant.\",\"breadcrumb\":{\"@id\":\"https:\/\/tupique.com\/produit\/ordinateur-portable-hp-b3ae9atabe-156-intel-core-5-120u-intel-core-ultra-5-8-gb-ram-512-gb-ssd\/#breadcrumb\"},\"inLanguage\":\"en-GB\",\"potentialAction\":[{\"@type\":\"ReadAction\",\"target\":[\"https:\/\/tupique.com\/produit\/ordinateur-portable-hp-b3ae9atabe-156-intel-core-5-120u-intel-core-ultra-5-8-gb-ram-512-gb-ssd\/\"]}]},{\"@type\":\"ImageObject\",\"inLanguage\":\"en-GB\",\"@id\":\"https:\/\/tupique.com\/produit\/ordinateur-portable-hp-b3ae9atabe-156-intel-core-5-120u-intel-core-ultra-5-8-gb-ram-512-gb-ssd\/#primaryimage\",\"url\":\"https:\/\/tupique.com\/wp-content\/uploads\/2026\/04\/0199485661209_I00.jpg\",\"contentUrl\":\"https:\/\/tupique.com\/wp-content\/uploads\/2026\/04\/0199485661209_I00.jpg\",\"width\":1200,\"height\":1200,\"caption\":\"S55307543_0\"},{\"@type\":\"BreadcrumbList\",\"@id\":\"https:\/\/tupique.com\/produit\/ordinateur-portable-hp-b3ae9atabe-156-intel-core-5-120u-intel-core-ultra-5-8-gb-ram-512-gb-ssd\/#breadcrumb\",\"itemListElement\":[{\"@type\":\"ListItem\",\"position\":1,\"name\":\"In\u00edcio\",\"item\":\"https:\/\/tupique.com\/\"},{\"@type\":\"ListItem\",\"position\":2,\"name\":\"Boutique\",\"item\":\"https:\/\/tupique.com\/en\/boutique\/\"},{\"@type\":\"ListItem\",\"position\":3,\"name\":\"Ordinateur Portable HP B3AE9AT#ABE 15,6&#8243; Intel Core 5 120U intel core ultra 5 8 GB RAM 512 GB SSD\"}]},{\"@type\":\"WebSite\",\"@id\":\"https:\/\/tupique.com\/#website\",\"url\":\"https:\/\/tupique.com\/\",\"name\":\"Tupique\",\"description\":\"Marketplace\",\"publisher\":{\"@id\":\"https:\/\/tupique.com\/#organization\"},\"potentialAction\":[{\"@type\":\"SearchAction\",\"target\":{\"@type\":\"EntryPoint\",\"urlTemplate\":\"https:\/\/tupique.com\/?s={search_term_string}\"},\"query-input\":{\"@type\":\"PropertyValueSpecification\",\"valueRequired\":true,\"valueName\":\"search_term_string\"}}],\"inLanguage\":\"en-GB\"},{\"@type\":\"Organization\",\"@id\":\"https:\/\/tupique.com\/#organization\",\"name\":\"Tupique\",\"url\":\"https:\/\/tupique.com\/\",\"logo\":{\"@type\":\"ImageObject\",\"inLanguage\":\"en-GB\",\"@id\":\"https:\/\/tupique.com\/#\/schema\/logo\/image\/\",\"url\":\"https:\/\/tupique.com\/wp-content\/uploads\/2024\/09\/logo.png\",\"contentUrl\":\"https:\/\/tupique.com\/wp-content\/uploads\/2024\/09\/logo.png\",\"width\":1118,\"height\":310,\"caption\":\"Tupique\"},\"image\":{\"@id\":\"https:\/\/tupique.com\/#\/schema\/logo\/image\/\"}}]}<\/script>\n<!-- \/ Yoast SEO plugin. -->","yoast_head_json":{"title":"Ordinateur Portable HP B3AE9AT#ABE 15,6\" Intel Core 5 120U intel core ultra 5 8 GB RAM 512 GB SSD - Tupique","description":"Vous cherchez Ordinateur Portable HP B3AE9AT#ABE 15,6\" Intel Core 5 120U intel core ultra 5 8 GB RAM 512 GB SSD ? Achetez des produits chez Tupique. Profitez de la livraison gratuite pour obtenir Ordinateur Portable HP B3AE9AT#ABE 15,6\" Intel Core 5 120U intel core ultra 5 8 GB RAM 512 GB SSD d\u00e8s maintenant.","robots":{"index":"index","follow":"follow","max-snippet":"max-snippet:-1","max-image-preview":"max-image-preview:large","max-video-preview":"max-video-preview:-1"},"canonical":"https:\/\/tupique.com\/en\/product\/ordinateur-portable-hp-b3ae9atabe-156-intel-core-5-120u-intel-core-ultra-5-8-gb-ram-512-gb-ssd\/","og_locale":"en_GB","og_type":"article","og_title":"Ordinateur Portable HP B3AE9AT#ABE 15,6\" Intel Core 5 120U intel core ultra 5 8 GB RAM 512 GB SSD - Tupique","og_description":"Vous cherchez Ordinateur Portable HP B3AE9AT#ABE 15,6\" Intel Core 5 120U intel core ultra 5 8 GB RAM 512 GB SSD ? Achetez des produits chez Tupique. Profitez de la livraison gratuite pour obtenir Ordinateur Portable HP B3AE9AT#ABE 15,6\" Intel Core 5 120U intel core ultra 5 8 GB RAM 512 GB SSD d\u00e8s maintenant.","og_url":"https:\/\/tupique.com\/en\/product\/ordinateur-portable-hp-b3ae9atabe-156-intel-core-5-120u-intel-core-ultra-5-8-gb-ram-512-gb-ssd\/","og_site_name":"Tupique","article_modified_time":"2026-04-08T21:55:17+00:00","og_image":[{"width":1200,"height":1200,"url":"https:\/\/tupique.com\/wp-content\/uploads\/2026\/04\/0199485661209_I00.jpg","type":"image\/jpeg"}],"twitter_card":"summary_large_image","twitter_misc":{"Estimated reading time":"2 minutes"},"schema":{"@context":"https:\/\/schema.org","@graph":[{"@type":"WebPage","@id":"https:\/\/tupique.com\/produit\/ordinateur-portable-hp-b3ae9atabe-156-intel-core-5-120u-intel-core-ultra-5-8-gb-ram-512-gb-ssd\/","url":"https:\/\/tupique.com\/produit\/ordinateur-portable-hp-b3ae9atabe-156-intel-core-5-120u-intel-core-ultra-5-8-gb-ram-512-gb-ssd\/","name":"Ordinateur Portable HP B3AE9AT#ABE 15,6\" Intel Core 5 120U intel core ultra 5 8 GB RAM 512 GB SSD - Tupique","isPartOf":{"@id":"https:\/\/tupique.com\/#website"},"primaryImageOfPage":{"@id":"https:\/\/tupique.com\/produit\/ordinateur-portable-hp-b3ae9atabe-156-intel-core-5-120u-intel-core-ultra-5-8-gb-ram-512-gb-ssd\/#primaryimage"},"image":{"@id":"https:\/\/tupique.com\/produit\/ordinateur-portable-hp-b3ae9atabe-156-intel-core-5-120u-intel-core-ultra-5-8-gb-ram-512-gb-ssd\/#primaryimage"},"thumbnailUrl":"https:\/\/tupique.com\/wp-content\/uploads\/2026\/04\/0199485661209_I00.jpg","datePublished":"2026-04-08T18:59:52+00:00","dateModified":"2026-04-08T21:55:17+00:00","description":"Vous cherchez Ordinateur Portable HP B3AE9AT#ABE 15,6\" Intel Core 5 120U intel core ultra 5 8 GB RAM 512 GB SSD ? Achetez des produits chez Tupique. Profitez de la livraison gratuite pour obtenir Ordinateur Portable HP B3AE9AT#ABE 15,6\" Intel Core 5 120U intel core ultra 5 8 GB RAM 512 GB SSD d\u00e8s maintenant.","breadcrumb":{"@id":"https:\/\/tupique.com\/produit\/ordinateur-portable-hp-b3ae9atabe-156-intel-core-5-120u-intel-core-ultra-5-8-gb-ram-512-gb-ssd\/#breadcrumb"},"inLanguage":"en-GB","potentialAction":[{"@type":"ReadAction","target":["https:\/\/tupique.com\/produit\/ordinateur-portable-hp-b3ae9atabe-156-intel-core-5-120u-intel-core-ultra-5-8-gb-ram-512-gb-ssd\/"]}]},{"@type":"ImageObject","inLanguage":"en-GB","@id":"https:\/\/tupique.com\/produit\/ordinateur-portable-hp-b3ae9atabe-156-intel-core-5-120u-intel-core-ultra-5-8-gb-ram-512-gb-ssd\/#primaryimage","url":"https:\/\/tupique.com\/wp-content\/uploads\/2026\/04\/0199485661209_I00.jpg","contentUrl":"https:\/\/tupique.com\/wp-content\/uploads\/2026\/04\/0199485661209_I00.jpg","width":1200,"height":1200,"caption":"S55307543_0"},{"@type":"BreadcrumbList","@id":"https:\/\/tupique.com\/produit\/ordinateur-portable-hp-b3ae9atabe-156-intel-core-5-120u-intel-core-ultra-5-8-gb-ram-512-gb-ssd\/#breadcrumb","itemListElement":[{"@type":"ListItem","position":1,"name":"In\u00edcio","item":"https:\/\/tupique.com\/"},{"@type":"ListItem","position":2,"name":"Boutique","item":"https:\/\/tupique.com\/en\/boutique\/"},{"@type":"ListItem","position":3,"name":"Ordinateur Portable HP B3AE9AT#ABE 15,6&#8243; Intel Core 5 120U intel core ultra 5 8 GB RAM 512 GB SSD"}]},{"@type":"WebSite","@id":"https:\/\/tupique.com\/#website","url":"https:\/\/tupique.com\/","name":"Tupique","description":"Marketplace","publisher":{"@id":"https:\/\/tupique.com\/#organization"},"potentialAction":[{"@type":"SearchAction","target":{"@type":"EntryPoint","urlTemplate":"https:\/\/tupique.com\/?s={search_term_string}"},"query-input":{"@type":"PropertyValueSpecification","valueRequired":true,"valueName":"search_term_string"}}],"inLanguage":"en-GB"},{"@type":"Organization","@id":"https:\/\/tupique.com\/#organization","name":"Tupique","url":"https:\/\/tupique.com\/","logo":{"@type":"ImageObject","inLanguage":"en-GB","@id":"https:\/\/tupique.com\/#\/schema\/logo\/image\/","url":"https:\/\/tupique.com\/wp-content\/uploads\/2024\/09\/logo.png","contentUrl":"https:\/\/tupique.com\/wp-content\/uploads\/2024\/09\/logo.png","width":1118,"height":310,"caption":"Tupique"},"image":{"@id":"https:\/\/tupique.com\/#\/schema\/logo\/image\/"}}]}},"jetpack_sharing_enabled":true,"_links":{"self":[{"href":"https:\/\/tupique.com\/en\/wp-json\/wp\/v2\/product\/4384602","targetHints":{"allow":["GET"]}}],"collection":[{"href":"https:\/\/tupique.com\/en\/wp-json\/wp\/v2\/product"}],"about":[{"href":"https:\/\/tupique.com\/en\/wp-json\/wp\/v2\/types\/product"}],"replies":[{"embeddable":true,"href":"https:\/\/tupique.com\/en\/wp-json\/wp\/v2\/comments?post=4384602"}],"wp:featuredmedia":[{"embeddable":true,"href":"https:\/\/tupique.com\/en\/wp-json\/wp\/v2\/media\/4384599"}],"wp:attachment":[{"href":"https:\/\/tupique.com\/en\/wp-json\/wp\/v2\/media?parent=4384602"}],"wp:term":[{"taxonomy":"product_brand","embeddable":true,"href":"https:\/\/tupique.com\/en\/wp-json\/wp\/v2\/product_brand?post=4384602"},{"taxonomy":"product_cat","embeddable":true,"href":"https:\/\/tupique.com\/en\/wp-json\/wp\/v2\/product_cat?post=4384602"},{"taxonomy":"product_tag","embeddable":true,"href":"https:\/\/tupique.com\/en\/wp-json\/wp\/v2\/product_tag?post=4384602"}],"curies":[{"name":"wp","href":"https:\/\/api.w.org\/{rel}","templated":true}]}}