{"id":4384656,"date":"2026-04-08T20:01:19","date_gmt":"2026-04-08T19:01:19","guid":{"rendered":"https:\/\/tupique.com\/produit\/pc-de-bureau-hp-9m8q9atabe-intel-core-i7-14700-16-gb-ram-512-gb-ssd\/"},"modified":"2026-04-08T22:55:32","modified_gmt":"2026-04-08T21:55:32","slug":"pc-de-bureau-hp-9m8q9atabe-intel-core-i7-14700-16-gb-ram-512-gb-ssd","status":"publish","type":"product","link":"https:\/\/tupique.com\/en\/product\/pc-de-bureau-hp-9m8q9atabe-intel-core-i7-14700-16-gb-ram-512-gb-ssd\/","title":{"rendered":"PC de bureau HP 9M8Q9AT#ABE Intel Core i7-14700 16 GB RAM 512 GB SSD"},"content":{"rendered":"<p>If you are passionate about\u2019<b>computer science and electronics<\/b>, If you're at the cutting edge of technology and don't want to miss a thing, buy <b>PC de bureau HP 9M8Q9AT#ABE Intel Core i7-14700 16 GB RAM 512 GB SSD<\/b> at the best price.<\/p>\n<p>Le <b>HP Pro SFF 400 G9<\/b> est un <b>PC de bureau<\/b> con\u00e7u pour r\u00e9pondre aux besoins \u00e9volutifs des environnements professionnels hybrides, offrant un \u00e9quilibre entre puissance, connectivit\u00e9 et efficacit\u00e9 dans un format compact et \u00e9l\u00e9gant noir. Il int\u00e8gre un <b>processeur Intel\u00ae Core\u2122 i7-14700<\/b> de derni\u00e8re g\u00e9n\u00e9ration Intel, garantissant des performances solides et rapides pour les applications professionnelles exigeantes et le multit\u00e2che. Il est \u00e9quip\u00e9 de <b>16 Go de m\u00e9moire RAM DDR5-SDRAM<\/b>, optimisant la r\u00e9activit\u00e9 et permettant de g\u00e9rer plusieurs processus simultan\u00e9ment avec fluidit\u00e9. C\u00f4t\u00e9 stockage, il dispose d\u2019un <b>SSD de 512 Go<\/b> offrant un acc\u00e8s rapide aux donn\u00e9es et une meilleure durabilit\u00e9 par rapport aux disques traditionnels, id\u00e9al pour stocker de grandes quantit\u00e9s d\u2019informations et de programmes sans attente. Ce mod\u00e8le int\u00e8gre des <b>graphismes int\u00e9gr\u00e9s Intel\u00ae UHD Graphics<\/b>, adapt\u00e9s aux t\u00e2ches bureautiques et audiovisuelles basiques sans mat\u00e9riel suppl\u00e9mentaire. Pour faciliter la connexion en milieu professionnel, il propose une technologie sans fil de derni\u00e8re g\u00e9n\u00e9ration avec <b>Wi-Fi et Wi-Fi 6 GHz<\/b>, ainsi que <b>Bluetooth<\/b>, offrant flexibilit\u00e9 pour connecter p\u00e9riph\u00e9riques et acc\u00e9der rapidement aux r\u00e9seaux avec une faible latence. Son design Small Form Factor (SFF) optimise l\u2019espace au bureau, avec un poids de seulement <b>4,2 kg<\/b> et une consommation efficace gr\u00e2ce \u00e0 son alimentation de 240 W. L\u2019\u00e9quipement comprend des ports standards tels que <b>HDMI et USB 2.0<\/b>, assurant compatibilit\u00e9 avec divers appareils et \u00e9crans. Il est pr\u00e9install\u00e9 avec le syst\u00e8me d\u2019exploitation <b>Windows 11 Pro<\/b>, offrant un environnement s\u00e9curis\u00e9, moderne et dot\u00e9 de fonctions avanc\u00e9es de gestion et de productivit\u00e9 professionnelle. En r\u00e9sum\u00e9, le HP Pro SFF 400 G9 combine la puissance d\u2019un processeur de derni\u00e8re g\u00e9n\u00e9ration avec des technologies de connectivit\u00e9 actualis\u00e9es et un design fonctionnel, se positionnant comme une solution polyvalente et fiable pour les professionnels recherchant un PC de bureau performant et adaptable \u00e0 leurs besoins de travail.<\/p>\n<ul>\n<li>Type:\n<ul>\n<li>PC de bureau<\/li>\n<li>SSD<\/li>\n<li>PC<\/li>\n<\/ul>\n<\/li>\n<li>Plug-in product: Yes<\/li>\n<li>Socket type: EU socket<\/li>\n<li>Bloc d\u2019Alimentation:\n<ul>\n<li>r\u00e9seau \u00e9lectrique<\/li>\n<li>240 W<\/li>\n<\/ul>\n<\/li>\n<li>Chipset: INTEL Q670<\/li>\n<li>Type d&#8217;unit\u00e9 optique: Non<\/li>\n<li>Contr\u00f4leur graphique:\n<ul>\n<li>Intel UHD Graphics<\/li>\n<li>INTEL UHD GRAPHICS 770<\/li>\n<\/ul>\n<\/li>\n<li>Includes:\n<ul>\n<li>Souris<\/li>\n<li>Clavier<\/li>\n<li>SSD x 1<\/li>\n<\/ul>\n<\/li>\n<li>Nombre de fils: 28<\/li>\n<li>Syst\u00e8me d&#8217;exploitation: Windows 11 Pro<\/li>\n<li>Connectivity:\n<ul>\n<li>Bluetooth<\/li>\n<li>6 GHz Wi-Fi<\/li>\n<li>Wi-Fi<\/li>\n<li>Ethernet LAN<\/li>\n<li>Bluetooth 5.3<\/li>\n<\/ul>\n<\/li>\n<li>Type de m\u00e9moire:\n<ul>\n<li>DDR5-SDRAM<\/li>\n<li>DDR5 SDRAM<\/li>\n<\/ul>\n<\/li>\n<li>Connections:\n<ul>\n<li>HDMI<\/li>\n<li>USB 2.0<\/li>\n<li>DisplayPort<\/li>\n<li>Ethernet LAN<\/li>\n<li>USB 3.2<\/li>\n<li>HDMI 1.4<\/li>\n<li>RJ45<\/li>\n<li>USB-C 3.2 Gen 2 (3.1 Gen 2)<\/li>\n<li>USB-A 3.2<\/li>\n<li>DisplayPort x 1<\/li>\n<li>USB 3.2 x 3<\/li>\n<li>C\u00e2ble jack 3,3 mm<\/li>\n<\/ul>\n<\/li>\n<li>Colour: Black<\/li>\n<li>Processeur: Intel Core i7-14700<\/li>\n<li>M\u00e9moire RAM: 16 GB RAM<\/li>\n<li>Disque dur: 512 GB SSD<\/li>\n<li>Compatible: PCI Express<\/li>\n<li>Non Inclus:\n<ul>\n<li>Type d&#8217;unit\u00e9 optique<\/li>\n<li>Adaptateur graphique discret<\/li>\n<\/ul>\n<\/li>\n<li>speed:\n<ul>\n<li>10\/100\/1000 Mbps<\/li>\n<li>5,4 GHz<\/li>\n<\/ul>\n<\/li>\n<li>Working humidity range: 10 % - 90 %<\/li>\n<li>Caract\u00e9ristiques: Adaptateur graphique int\u00e9gr\u00e9<\/li>\n<li>Certificate: ENERGY STAR<\/li>\n<li>Format: 1 x 16 GB<\/li>\n<li>Type de stockage: SSD<\/li>\n<li>Cores:\n<ul>\n<li>8 Cores<\/li>\n<li>20 Noyaux<\/li>\n<\/ul>\n<\/li>\n<li>Famille de processeurs: Intel<\/li>\n<li>M\u00e9moire RAM maximale: 64 GB<\/li>\n<\/ul>","protected":false},"excerpt":{"rendered":"<p>Si vous \u00eates passionn\u00e9 d&#8217;informatique et d&#8217;\u00e9lectronique, si vous \u00eates \u00e0 la pointe de la technologie et qu&#8217;aucun d\u00e9tail ne<\/p>","protected":false},"featured_media":4384654,"comment_status":"open","ping_status":"closed","template":"","meta":{"_joinchat":[]},"product_brand":[158040],"product_cat":[157516,157583,157584],"product_tag":[157514,157515],"class_list":{"0":"post-4384656","1":"product","2":"type-product","3":"status-publish","4":"has-post-thumbnail","6":"product_brand-brandp_909","7":"product_cat-informatique-electronique","8":"product_cat-informatique-ordinateurs","9":"product_cat-ordinateur-de-bureau","10":"product_tag-tag_933","11":"product_tag-tag_1295","13":"first","14":"outofstock","15":"taxable","16":"shipping-taxable","17":"purchasable","18":"product-type-simple"},"yoast_head":"<!-- This site is optimized with the Yoast SEO plugin v27.2 - https:\/\/yoast.com\/product\/yoast-seo-wordpress\/ -->\n<title>PC de bureau HP 9M8Q9AT#ABE Intel Core i7-14700 16 GB RAM 512 GB SSD - Tupique<\/title>\n<meta name=\"description\" content=\"Vous cherchez PC de bureau HP 9M8Q9AT#ABE Intel Core i7-14700 16 GB RAM 512 GB SSD ? Achetez des produits chez Tupique. Profitez de la livraison gratuite pour obtenir PC de bureau HP 9M8Q9AT#ABE Intel Core i7-14700 16 GB RAM 512 GB SSD d\u00e8s maintenant.\" \/>\n<meta name=\"robots\" content=\"index, follow, max-snippet:-1, max-image-preview:large, max-video-preview:-1\" \/>\n<link rel=\"canonical\" href=\"https:\/\/tupique.com\/en\/product\/pc-de-bureau-hp-9m8q9atabe-intel-core-i7-14700-16-gb-ram-512-gb-ssd\/\" \/>\n<meta property=\"og:locale\" content=\"en_GB\" \/>\n<meta property=\"og:type\" content=\"article\" \/>\n<meta property=\"og:title\" content=\"PC de bureau HP 9M8Q9AT#ABE Intel Core i7-14700 16 GB RAM 512 GB SSD - Tupique\" \/>\n<meta property=\"og:description\" content=\"Vous cherchez PC de bureau HP 9M8Q9AT#ABE Intel Core i7-14700 16 GB RAM 512 GB SSD ? Achetez des produits chez Tupique. Profitez de la livraison gratuite pour obtenir PC de bureau HP 9M8Q9AT#ABE Intel Core i7-14700 16 GB RAM 512 GB SSD d\u00e8s maintenant.\" \/>\n<meta property=\"og:url\" content=\"https:\/\/tupique.com\/en\/product\/pc-de-bureau-hp-9m8q9atabe-intel-core-i7-14700-16-gb-ram-512-gb-ssd\/\" \/>\n<meta property=\"og:site_name\" content=\"Tupique\" \/>\n<meta property=\"article:modified_time\" content=\"2026-04-08T21:55:32+00:00\" \/>\n<meta property=\"og:image\" content=\"https:\/\/tupique.com\/wp-content\/uploads\/2026\/04\/0199485673264_S55307512_P00.jpg\" \/>\n\t<meta property=\"og:image:width\" content=\"1200\" \/>\n\t<meta property=\"og:image:height\" content=\"1200\" \/>\n\t<meta property=\"og:image:type\" content=\"image\/jpeg\" \/>\n<meta name=\"twitter:card\" content=\"summary_large_image\" \/>\n<meta name=\"twitter:label1\" content=\"Estimated reading time\" \/>\n\t<meta name=\"twitter:data1\" content=\"2 minutes\" \/>\n<script type=\"application\/ld+json\" class=\"yoast-schema-graph\">{\"@context\":\"https:\/\/schema.org\",\"@graph\":[{\"@type\":\"WebPage\",\"@id\":\"https:\/\/tupique.com\/produit\/pc-de-bureau-hp-9m8q9atabe-intel-core-i7-14700-16-gb-ram-512-gb-ssd\/\",\"url\":\"https:\/\/tupique.com\/produit\/pc-de-bureau-hp-9m8q9atabe-intel-core-i7-14700-16-gb-ram-512-gb-ssd\/\",\"name\":\"PC de bureau HP 9M8Q9AT#ABE Intel Core i7-14700 16 GB RAM 512 GB SSD - Tupique\",\"isPartOf\":{\"@id\":\"https:\/\/tupique.com\/#website\"},\"primaryImageOfPage\":{\"@id\":\"https:\/\/tupique.com\/produit\/pc-de-bureau-hp-9m8q9atabe-intel-core-i7-14700-16-gb-ram-512-gb-ssd\/#primaryimage\"},\"image\":{\"@id\":\"https:\/\/tupique.com\/produit\/pc-de-bureau-hp-9m8q9atabe-intel-core-i7-14700-16-gb-ram-512-gb-ssd\/#primaryimage\"},\"thumbnailUrl\":\"https:\/\/tupique.com\/wp-content\/uploads\/2026\/04\/0199485673264_S55307512_P00.jpg\",\"datePublished\":\"2026-04-08T19:01:19+00:00\",\"dateModified\":\"2026-04-08T21:55:32+00:00\",\"description\":\"Vous cherchez PC de bureau HP 9M8Q9AT#ABE Intel Core i7-14700 16 GB RAM 512 GB SSD ? Achetez des produits chez Tupique. Profitez de la livraison gratuite pour obtenir PC de bureau HP 9M8Q9AT#ABE Intel Core i7-14700 16 GB RAM 512 GB SSD d\u00e8s maintenant.\",\"breadcrumb\":{\"@id\":\"https:\/\/tupique.com\/produit\/pc-de-bureau-hp-9m8q9atabe-intel-core-i7-14700-16-gb-ram-512-gb-ssd\/#breadcrumb\"},\"inLanguage\":\"en-GB\",\"potentialAction\":[{\"@type\":\"ReadAction\",\"target\":[\"https:\/\/tupique.com\/produit\/pc-de-bureau-hp-9m8q9atabe-intel-core-i7-14700-16-gb-ram-512-gb-ssd\/\"]}]},{\"@type\":\"ImageObject\",\"inLanguage\":\"en-GB\",\"@id\":\"https:\/\/tupique.com\/produit\/pc-de-bureau-hp-9m8q9atabe-intel-core-i7-14700-16-gb-ram-512-gb-ssd\/#primaryimage\",\"url\":\"https:\/\/tupique.com\/wp-content\/uploads\/2026\/04\/0199485673264_S55307512_P00.jpg\",\"contentUrl\":\"https:\/\/tupique.com\/wp-content\/uploads\/2026\/04\/0199485673264_S55307512_P00.jpg\",\"width\":1200,\"height\":1200,\"caption\":\"S55307512_0\"},{\"@type\":\"BreadcrumbList\",\"@id\":\"https:\/\/tupique.com\/produit\/pc-de-bureau-hp-9m8q9atabe-intel-core-i7-14700-16-gb-ram-512-gb-ssd\/#breadcrumb\",\"itemListElement\":[{\"@type\":\"ListItem\",\"position\":1,\"name\":\"In\u00edcio\",\"item\":\"https:\/\/tupique.com\/\"},{\"@type\":\"ListItem\",\"position\":2,\"name\":\"Boutique\",\"item\":\"https:\/\/tupique.com\/en\/boutique\/\"},{\"@type\":\"ListItem\",\"position\":3,\"name\":\"PC de bureau HP 9M8Q9AT#ABE Intel Core i7-14700 16 GB RAM 512 GB SSD\"}]},{\"@type\":\"WebSite\",\"@id\":\"https:\/\/tupique.com\/#website\",\"url\":\"https:\/\/tupique.com\/\",\"name\":\"Tupique\",\"description\":\"Marketplace\",\"publisher\":{\"@id\":\"https:\/\/tupique.com\/#organization\"},\"potentialAction\":[{\"@type\":\"SearchAction\",\"target\":{\"@type\":\"EntryPoint\",\"urlTemplate\":\"https:\/\/tupique.com\/?s={search_term_string}\"},\"query-input\":{\"@type\":\"PropertyValueSpecification\",\"valueRequired\":true,\"valueName\":\"search_term_string\"}}],\"inLanguage\":\"en-GB\"},{\"@type\":\"Organization\",\"@id\":\"https:\/\/tupique.com\/#organization\",\"name\":\"Tupique\",\"url\":\"https:\/\/tupique.com\/\",\"logo\":{\"@type\":\"ImageObject\",\"inLanguage\":\"en-GB\",\"@id\":\"https:\/\/tupique.com\/#\/schema\/logo\/image\/\",\"url\":\"https:\/\/tupique.com\/wp-content\/uploads\/2024\/09\/logo.png\",\"contentUrl\":\"https:\/\/tupique.com\/wp-content\/uploads\/2024\/09\/logo.png\",\"width\":1118,\"height\":310,\"caption\":\"Tupique\"},\"image\":{\"@id\":\"https:\/\/tupique.com\/#\/schema\/logo\/image\/\"}}]}<\/script>\n<!-- \/ Yoast SEO plugin. -->","yoast_head_json":{"title":"PC de bureau HP 9M8Q9AT#ABE Intel Core i7-14700 16 GB RAM 512 GB SSD - Tupique","description":"Vous cherchez PC de bureau HP 9M8Q9AT#ABE Intel Core i7-14700 16 GB RAM 512 GB SSD ? Achetez des produits chez Tupique. Profitez de la livraison gratuite pour obtenir PC de bureau HP 9M8Q9AT#ABE Intel Core i7-14700 16 GB RAM 512 GB SSD d\u00e8s maintenant.","robots":{"index":"index","follow":"follow","max-snippet":"max-snippet:-1","max-image-preview":"max-image-preview:large","max-video-preview":"max-video-preview:-1"},"canonical":"https:\/\/tupique.com\/en\/product\/pc-de-bureau-hp-9m8q9atabe-intel-core-i7-14700-16-gb-ram-512-gb-ssd\/","og_locale":"en_GB","og_type":"article","og_title":"PC de bureau HP 9M8Q9AT#ABE Intel Core i7-14700 16 GB RAM 512 GB SSD - Tupique","og_description":"Vous cherchez PC de bureau HP 9M8Q9AT#ABE Intel Core i7-14700 16 GB RAM 512 GB SSD ? Achetez des produits chez Tupique. Profitez de la livraison gratuite pour obtenir PC de bureau HP 9M8Q9AT#ABE Intel Core i7-14700 16 GB RAM 512 GB SSD d\u00e8s maintenant.","og_url":"https:\/\/tupique.com\/en\/product\/pc-de-bureau-hp-9m8q9atabe-intel-core-i7-14700-16-gb-ram-512-gb-ssd\/","og_site_name":"Tupique","article_modified_time":"2026-04-08T21:55:32+00:00","og_image":[{"width":1200,"height":1200,"url":"https:\/\/tupique.com\/wp-content\/uploads\/2026\/04\/0199485673264_S55307512_P00.jpg","type":"image\/jpeg"}],"twitter_card":"summary_large_image","twitter_misc":{"Estimated reading time":"2 minutes"},"schema":{"@context":"https:\/\/schema.org","@graph":[{"@type":"WebPage","@id":"https:\/\/tupique.com\/produit\/pc-de-bureau-hp-9m8q9atabe-intel-core-i7-14700-16-gb-ram-512-gb-ssd\/","url":"https:\/\/tupique.com\/produit\/pc-de-bureau-hp-9m8q9atabe-intel-core-i7-14700-16-gb-ram-512-gb-ssd\/","name":"PC de bureau HP 9M8Q9AT#ABE Intel Core i7-14700 16 GB RAM 512 GB SSD - Tupique","isPartOf":{"@id":"https:\/\/tupique.com\/#website"},"primaryImageOfPage":{"@id":"https:\/\/tupique.com\/produit\/pc-de-bureau-hp-9m8q9atabe-intel-core-i7-14700-16-gb-ram-512-gb-ssd\/#primaryimage"},"image":{"@id":"https:\/\/tupique.com\/produit\/pc-de-bureau-hp-9m8q9atabe-intel-core-i7-14700-16-gb-ram-512-gb-ssd\/#primaryimage"},"thumbnailUrl":"https:\/\/tupique.com\/wp-content\/uploads\/2026\/04\/0199485673264_S55307512_P00.jpg","datePublished":"2026-04-08T19:01:19+00:00","dateModified":"2026-04-08T21:55:32+00:00","description":"Vous cherchez PC de bureau HP 9M8Q9AT#ABE Intel Core i7-14700 16 GB RAM 512 GB SSD ? Achetez des produits chez Tupique. Profitez de la livraison gratuite pour obtenir PC de bureau HP 9M8Q9AT#ABE Intel Core i7-14700 16 GB RAM 512 GB SSD d\u00e8s maintenant.","breadcrumb":{"@id":"https:\/\/tupique.com\/produit\/pc-de-bureau-hp-9m8q9atabe-intel-core-i7-14700-16-gb-ram-512-gb-ssd\/#breadcrumb"},"inLanguage":"en-GB","potentialAction":[{"@type":"ReadAction","target":["https:\/\/tupique.com\/produit\/pc-de-bureau-hp-9m8q9atabe-intel-core-i7-14700-16-gb-ram-512-gb-ssd\/"]}]},{"@type":"ImageObject","inLanguage":"en-GB","@id":"https:\/\/tupique.com\/produit\/pc-de-bureau-hp-9m8q9atabe-intel-core-i7-14700-16-gb-ram-512-gb-ssd\/#primaryimage","url":"https:\/\/tupique.com\/wp-content\/uploads\/2026\/04\/0199485673264_S55307512_P00.jpg","contentUrl":"https:\/\/tupique.com\/wp-content\/uploads\/2026\/04\/0199485673264_S55307512_P00.jpg","width":1200,"height":1200,"caption":"S55307512_0"},{"@type":"BreadcrumbList","@id":"https:\/\/tupique.com\/produit\/pc-de-bureau-hp-9m8q9atabe-intel-core-i7-14700-16-gb-ram-512-gb-ssd\/#breadcrumb","itemListElement":[{"@type":"ListItem","position":1,"name":"In\u00edcio","item":"https:\/\/tupique.com\/"},{"@type":"ListItem","position":2,"name":"Boutique","item":"https:\/\/tupique.com\/en\/boutique\/"},{"@type":"ListItem","position":3,"name":"PC de bureau HP 9M8Q9AT#ABE Intel Core i7-14700 16 GB RAM 512 GB SSD"}]},{"@type":"WebSite","@id":"https:\/\/tupique.com\/#website","url":"https:\/\/tupique.com\/","name":"Tupique","description":"Marketplace","publisher":{"@id":"https:\/\/tupique.com\/#organization"},"potentialAction":[{"@type":"SearchAction","target":{"@type":"EntryPoint","urlTemplate":"https:\/\/tupique.com\/?s={search_term_string}"},"query-input":{"@type":"PropertyValueSpecification","valueRequired":true,"valueName":"search_term_string"}}],"inLanguage":"en-GB"},{"@type":"Organization","@id":"https:\/\/tupique.com\/#organization","name":"Tupique","url":"https:\/\/tupique.com\/","logo":{"@type":"ImageObject","inLanguage":"en-GB","@id":"https:\/\/tupique.com\/#\/schema\/logo\/image\/","url":"https:\/\/tupique.com\/wp-content\/uploads\/2024\/09\/logo.png","contentUrl":"https:\/\/tupique.com\/wp-content\/uploads\/2024\/09\/logo.png","width":1118,"height":310,"caption":"Tupique"},"image":{"@id":"https:\/\/tupique.com\/#\/schema\/logo\/image\/"}}]}},"jetpack_sharing_enabled":true,"_links":{"self":[{"href":"https:\/\/tupique.com\/en\/wp-json\/wp\/v2\/product\/4384656","targetHints":{"allow":["GET"]}}],"collection":[{"href":"https:\/\/tupique.com\/en\/wp-json\/wp\/v2\/product"}],"about":[{"href":"https:\/\/tupique.com\/en\/wp-json\/wp\/v2\/types\/product"}],"replies":[{"embeddable":true,"href":"https:\/\/tupique.com\/en\/wp-json\/wp\/v2\/comments?post=4384656"}],"wp:featuredmedia":[{"embeddable":true,"href":"https:\/\/tupique.com\/en\/wp-json\/wp\/v2\/media\/4384654"}],"wp:attachment":[{"href":"https:\/\/tupique.com\/en\/wp-json\/wp\/v2\/media?parent=4384656"}],"wp:term":[{"taxonomy":"product_brand","embeddable":true,"href":"https:\/\/tupique.com\/en\/wp-json\/wp\/v2\/product_brand?post=4384656"},{"taxonomy":"product_cat","embeddable":true,"href":"https:\/\/tupique.com\/en\/wp-json\/wp\/v2\/product_cat?post=4384656"},{"taxonomy":"product_tag","embeddable":true,"href":"https:\/\/tupique.com\/en\/wp-json\/wp\/v2\/product_tag?post=4384656"}],"curies":[{"name":"wp","href":"https:\/\/api.w.org\/{rel}","templated":true}]}}