{"id":4384767,"date":"2026-04-08T22:56:26","date_gmt":"2026-04-08T21:56:26","guid":{"rendered":"https:\/\/tupique.com\/produit\/ordinateur-portable-lg-16z90t-g-ad88b-40-intel-core-ultra-7-255h-32-gb-ram-1-tb-ssd\/"},"modified":"2026-04-08T22:56:26","modified_gmt":"2026-04-08T21:56:26","slug":"ordinateur-portable-lg-16z90t-g-ad88b-40-intel-core-ultra-7-255h-32-gb-ram-1-tb-ssd","status":"publish","type":"product","link":"https:\/\/tupique.com\/en\/product\/ordinateur-portable-lg-16z90t-g-ad88b-40-intel-core-ultra-7-255h-32-gb-ram-1-tb-ssd\/","title":{"rendered":"Ordinateur Portable LG 16Z90T-G.AD88B 40&#8243; intel core ultra 7 255H 32 GB RAM 1 TB SSD"},"content":{"rendered":"<p>If you are passionate about\u2019<b>computer science and electronics<\/b>, If you're at the cutting edge of technology and don't want to miss a thing, buy <b>Ordinateur Portable LG 16Z90T-G.AD88B 40&#8243; intel core ultra 7 255H 32 GB RAM 1 TB SSD<\/b> at the best price.<\/p>\n<p>Le <b>LG gram 16Z90T-G.AD88B<\/b> est un <b>ordinateur portable<\/b> haute performance con\u00e7u pour les utilisateurs exigeant puissance et portabilit\u00e9 dans un format \u00e9l\u00e9gant et robuste. Ce mod\u00e8le int\u00e8gre un processeur avanc\u00e9 <b>Intel Core Ultra 7 255H<\/b> avec la technologie Intel Arrow Lake H, incluant une unit\u00e9 de traitement neuronal (NPU) capable d\u2019ex\u00e9cuter jusqu\u2019\u00e0 13 teraop\u00e9rations par seconde (TOPS), optimisant significativement les t\u00e2ches d\u2019intelligence artificielle et d\u2019apprentissage automatique pour une performance fluide et efficace. Il dispose d\u2019une impressionnante <b>m\u00e9moire RAM de 32 Go LPDDR5X<\/b>, facilitant le multit\u00e2che et la gestion rapide des applications exigeantes, compl\u00e9t\u00e9e par un stockage interne <b>SSD NVMe de 1 To<\/b> pour un acc\u00e8s rapide et un grand espace pour fichiers et programmes. Son \u00e9cran de <b>16 pouces avec r\u00e9solution WQXGA (2560 x 1600 pixels)<\/b> au format 16:10 offre une image claire et nette, avec une couverture de 99 % de la gamme de couleurs DCI-P3, garantissant des d\u00e9tails vibrants et des couleurs intenses, id\u00e9al pour les travaux cr\u00e9atifs et professionnels. Le design du LG gram est particuli\u00e8rement l\u00e9ger, avec seulement <b>1,2 kg<\/b> et une \u00e9paisseur de 15,7 mm, facilitant le transport sans sacrifier la durabilit\u00e9, car il r\u00e9pond \u00e0 des tests militaires rigoureux assurant sa robustesse. Il int\u00e8gre \u00e9galement un clavier QWERTY r\u00e9tro\u00e9clair\u00e9 en espagnol, un pav\u00e9 num\u00e9rique, une cam\u00e9ra frontale, un lecteur de cartes et des ports HDMI pour une connectivit\u00e9 polyvalente. Ce portable se distingue aussi par son autonomie, avec une batterie offrant jusqu\u2019\u00e0 <b>22,5 heures d\u2019utilisation<\/b>, renforc\u00e9e par un assistant IA intelligent qui adapte les performances aux besoins de l\u2019utilisateur. La connectivit\u00e9 est \u00e9tendue gr\u00e2ce \u00e0 LG gram Link, permettant de connecter jusqu\u2019\u00e0 10 appareils simultan\u00e9ment, y compris iOS et Android, facilitant la collaboration et la synchronisation. L\u2019exp\u00e9rience audio est am\u00e9lior\u00e9e par la technologie Dolby Atmos, offrant un son surround \u00e0 360 degr\u00e9s. L\u2019appareil fonctionne sous <b>Windows 11 Home<\/b>, offrant une interface moderne int\u00e9gr\u00e9e aux derni\u00e8res fonctionnalit\u00e9s Microsoft, comme Copilot, qui facilite des r\u00e9ponses intelligentes et la g\u00e9n\u00e9ration rapide d\u2019images bas\u00e9es sur l\u2019intelligence artificielle. Enfin, sa finition en <b>black<\/b> lui conf\u00e8re un aspect professionnel et sobre, adapt\u00e9 \u00e0 un usage professionnel ou personnel n\u00e9cessitant productivit\u00e9 et efficacit\u00e9. En r\u00e9sum\u00e9, le LG gram 16Z90T-G.AD88B repr\u00e9sente un \u00e9quilibre entre innovation technologique, portabilit\u00e9 et performance, id\u00e9al pour ceux qui recherchent un portable puissant, l\u00e9ger et adapt\u00e9 aux exigences actuelles du travail avanc\u00e9 et de la cr\u00e9ativit\u00e9 num\u00e9rique.<\/p>\n<ul>\n<li>Socket type: EU socket<\/li>\n<li>Type de m\u00e9moire:\n<ul>\n<li>SDRAM<\/li>\n<li>DDR5<\/li>\n<li>LPDDR5X<\/li>\n<\/ul>\n<\/li>\n<li>Clavier: Espagnol Qwerty<\/li>\n<li>Type:\n<ul>\n<li>Ordinateur Portable<\/li>\n<li>Clavier num\u00e9rique<\/li>\n<\/ul>\n<\/li>\n<li>Plug-in product: Yes<\/li>\n<li>Connections:\n<ul>\n<li>USB<\/li>\n<li>2<\/li>\n<li>M.2<\/li>\n<li>HDMI<\/li>\n<li>HDMI 2.1 x 1<\/li>\n<li>Thunderbolt 4 x 2<\/li>\n<li>USB-A 3.2<\/li>\n<li>USB 3.0 x 2<\/li>\n<li>C\u00e2ble jack 3,3 mm<\/li>\n<\/ul>\n<\/li>\n<li>Type d&#8217;unit\u00e9 optique: Non<\/li>\n<li>Bluetooth: Oui<\/li>\n<li>Inclut: Webcam<\/li>\n<li>Son: 2 W<\/li>\n<li>Brille: 350 cd\/m\u00b2<\/li>\n<li>Poids: 1,2 kg<\/li>\n<li>Facteur de forme: Coquillage<\/li>\n<li>Taille: 16&#8243;<\/li>\n<li>speed:\n<ul>\n<li>5,1 GHZ<\/li>\n<li>1,4 GHz<\/li>\n<\/ul>\n<\/li>\n<li>Nombre de fils: 16<\/li>\n<li>Processor:\n<ul>\n<li>intel core ultra 7<\/li>\n<li>intel core ultra 7 255H<\/li>\n<\/ul>\n<\/li>\n<li>Carte Graphique:\n<ul>\n<li>intel arc 140<\/li>\n<li>Integrated<\/li>\n<\/ul>\n<\/li>\n<li>Chargeur inclus: Oui<\/li>\n<li>Diagonale de l&#8217;\u00e9cran (cm):\n<ul>\n<li>101,6 cm<\/li>\n<li>40,6 cm<\/li>\n<\/ul>\n<\/li>\n<li>Bloc d\u2019Alimentation: r\u00e9seau \u00e9lectrique<\/li>\n<li>Ecran:\n<ul>\n<li>40&#8243;<\/li>\n<li>16,1&#8243;<\/li>\n<li>16&#8243;<\/li>\n<\/ul>\n<\/li>\n<li>Colour: Black<\/li>\n<li>Features:\n<ul>\n<li>Front camera<\/li>\n<li>R\u00e9tro-\u00e9clair\u00e9<\/li>\n<li>Lecteur de Cartes<\/li>\n<li>2 loudspeakers<\/li>\n<li>Adaptateur graphique int\u00e9gr\u00e9<\/li>\n<\/ul>\n<\/li>\n<li>Rapport d&#8217;aspect: 16:10<\/li>\n<li>Connectivity:\n<ul>\n<li>Bluetooth<\/li>\n<li>Bluetooth 5.3<\/li>\n<li>WI-FI 7<\/li>\n<\/ul>\n<\/li>\n<li>R\u00e9solution:\n<ul>\n<li>Full HD<\/li>\n<li>WQXGA<\/li>\n<\/ul>\n<\/li>\n<li>Disque dur: 1 TB SSD<\/li>\n<li>puissance: 65 W<\/li>\n<li>Technologie: IPS<\/li>\n<li>Non Inclus:\n<ul>\n<li>Type d&#8217;unit\u00e9 optique<\/li>\n<li>Adaptateur AC<\/li>\n<li>Mobile network connection<\/li>\n<li>Adaptateur graphique discret<\/li>\n<\/ul>\n<\/li>\n<li>Format: M.2<\/li>\n<li>Touch screen: No<\/li>\n<li>Flux lumineux: 350 lm<\/li>\n<li>Cartes M\u00e9moire Compatibles: MicroSD (TransFlash)<\/li>\n<li>Fr\u00e9quence: 5,1 GHz<\/li>\n<li>Type de stockage: SSD<\/li>\n<li>Battery type: Litio Ion<\/li>\n<li>Syst\u00e8me d&#8217;exploitation: Windows 11 Home<\/li>\n<li>Cores: 16 Cores<\/li>\n<li>M\u00e9moire RAM: 32 GB RAM<\/li>\n<li>Processor family:\n<ul>\n<li>Intel Core i7<\/li>\n<li>Intel<\/li>\n<\/ul>\n<\/li>\n<li>R\u00e9solution (px): 2560 x 1600 px<\/li>\n<\/ul>","protected":false},"excerpt":{"rendered":"<p>Si vous \u00eates passionn\u00e9 d&#8217;informatique et d&#8217;\u00e9lectronique, si vous \u00eates \u00e0 la pointe de la technologie et qu&#8217;aucun d\u00e9tail ne<\/p>","protected":false},"featured_media":4384747,"comment_status":"open","ping_status":"closed","template":"","meta":{"_joinchat":[]},"product_brand":[157916],"product_cat":[157516,157583,155043],"product_tag":[157514,157515],"class_list":{"0":"post-4384767","1":"product","2":"type-product","3":"status-publish","4":"has-post-thumbnail","6":"product_brand-brandp_559","7":"product_cat-informatique-electronique","8":"product_cat-informatique-ordinateurs","9":"product_cat-notebooks","10":"product_tag-tag_933","11":"product_tag-tag_1295","13":"first","14":"instock","15":"taxable","16":"shipping-taxable","17":"purchasable","18":"product-type-simple"},"yoast_head":"<!-- This site is optimized with the Yoast SEO plugin v27.2 - https:\/\/yoast.com\/product\/yoast-seo-wordpress\/ -->\n<title>Ordinateur Portable LG 16Z90T-G.AD88B 40&quot; intel core ultra 7 255H 32 GB RAM 1 TB SSD - Tupique<\/title>\n<meta name=\"description\" content=\"Vous cherchez Ordinateur Portable LG 16Z90T-G.AD88B 40&quot; intel core ultra 7 255H 32 GB RAM 1 TB SSD ? Achetez des produits chez Tupique. Profitez de la livraison gratuite pour obtenir Ordinateur Portable LG 16Z90T-G.AD88B 40&quot; intel core ultra 7 255H 32 GB RAM 1 TB SSD d\u00e8s maintenant.\" \/>\n<meta name=\"robots\" content=\"index, follow, max-snippet:-1, max-image-preview:large, max-video-preview:-1\" \/>\n<link rel=\"canonical\" href=\"https:\/\/tupique.com\/en\/product\/ordinateur-portable-lg-16z90t-g-ad88b-40-intel-core-ultra-7-255h-32-gb-ram-1-tb-ssd\/\" \/>\n<meta property=\"og:locale\" content=\"en_GB\" \/>\n<meta property=\"og:type\" content=\"article\" \/>\n<meta property=\"og:title\" content=\"Ordinateur Portable LG 16Z90T-G.AD88B 40&quot; intel core ultra 7 255H 32 GB RAM 1 TB SSD - Tupique\" \/>\n<meta property=\"og:description\" content=\"Vous cherchez Ordinateur Portable LG 16Z90T-G.AD88B 40&quot; intel core ultra 7 255H 32 GB RAM 1 TB SSD ? Achetez des produits chez Tupique. Profitez de la livraison gratuite pour obtenir Ordinateur Portable LG 16Z90T-G.AD88B 40&quot; intel core ultra 7 255H 32 GB RAM 1 TB SSD d\u00e8s maintenant.\" \/>\n<meta property=\"og:url\" content=\"https:\/\/tupique.com\/en\/product\/ordinateur-portable-lg-16z90t-g-ad88b-40-intel-core-ultra-7-255h-32-gb-ram-1-tb-ssd\/\" \/>\n<meta property=\"og:site_name\" content=\"Tupique\" \/>\n<meta name=\"twitter:card\" content=\"summary_large_image\" \/>\n<meta name=\"twitter:label1\" content=\"Estimated reading time\" \/>\n\t<meta name=\"twitter:data1\" content=\"3 minutes\" \/>\n<script type=\"application\/ld+json\" class=\"yoast-schema-graph\">{\"@context\":\"https:\/\/schema.org\",\"@graph\":[{\"@type\":\"WebPage\",\"@id\":\"https:\/\/tupique.com\/produit\/ordinateur-portable-lg-16z90t-g-ad88b-40-intel-core-ultra-7-255h-32-gb-ram-1-tb-ssd\/\",\"url\":\"https:\/\/tupique.com\/produit\/ordinateur-portable-lg-16z90t-g-ad88b-40-intel-core-ultra-7-255h-32-gb-ram-1-tb-ssd\/\",\"name\":\"Ordinateur Portable LG 16Z90T-G.AD88B 40\\\" intel core ultra 7 255H 32 GB RAM 1 TB SSD - Tupique\",\"isPartOf\":{\"@id\":\"https:\/\/tupique.com\/#website\"},\"primaryImageOfPage\":{\"@id\":\"https:\/\/tupique.com\/produit\/ordinateur-portable-lg-16z90t-g-ad88b-40-intel-core-ultra-7-255h-32-gb-ram-1-tb-ssd\/#primaryimage\"},\"image\":{\"@id\":\"https:\/\/tupique.com\/produit\/ordinateur-portable-lg-16z90t-g-ad88b-40-intel-core-ultra-7-255h-32-gb-ram-1-tb-ssd\/#primaryimage\"},\"thumbnailUrl\":\"https:\/\/tupique.com\/wp-content\/uploads\/2026\/04\/8806096456125_S5633408_P00.jpg\",\"datePublished\":\"2026-04-08T21:56:26+00:00\",\"description\":\"Vous cherchez Ordinateur Portable LG 16Z90T-G.AD88B 40\\\" intel core ultra 7 255H 32 GB RAM 1 TB SSD ? Achetez des produits chez Tupique. Profitez de la livraison gratuite pour obtenir Ordinateur Portable LG 16Z90T-G.AD88B 40\\\" intel core ultra 7 255H 32 GB RAM 1 TB SSD d\u00e8s maintenant.\",\"breadcrumb\":{\"@id\":\"https:\/\/tupique.com\/produit\/ordinateur-portable-lg-16z90t-g-ad88b-40-intel-core-ultra-7-255h-32-gb-ram-1-tb-ssd\/#breadcrumb\"},\"inLanguage\":\"en-GB\",\"potentialAction\":[{\"@type\":\"ReadAction\",\"target\":[\"https:\/\/tupique.com\/produit\/ordinateur-portable-lg-16z90t-g-ad88b-40-intel-core-ultra-7-255h-32-gb-ram-1-tb-ssd\/\"]}]},{\"@type\":\"ImageObject\",\"inLanguage\":\"en-GB\",\"@id\":\"https:\/\/tupique.com\/produit\/ordinateur-portable-lg-16z90t-g-ad88b-40-intel-core-ultra-7-255h-32-gb-ram-1-tb-ssd\/#primaryimage\",\"url\":\"https:\/\/tupique.com\/wp-content\/uploads\/2026\/04\/8806096456125_S5633408_P00.jpg\",\"contentUrl\":\"https:\/\/tupique.com\/wp-content\/uploads\/2026\/04\/8806096456125_S5633408_P00.jpg\",\"width\":1200,\"height\":1200,\"caption\":\"S0468341_0\"},{\"@type\":\"BreadcrumbList\",\"@id\":\"https:\/\/tupique.com\/produit\/ordinateur-portable-lg-16z90t-g-ad88b-40-intel-core-ultra-7-255h-32-gb-ram-1-tb-ssd\/#breadcrumb\",\"itemListElement\":[{\"@type\":\"ListItem\",\"position\":1,\"name\":\"In\u00edcio\",\"item\":\"https:\/\/tupique.com\/\"},{\"@type\":\"ListItem\",\"position\":2,\"name\":\"Boutique\",\"item\":\"https:\/\/tupique.com\/en\/boutique\/\"},{\"@type\":\"ListItem\",\"position\":3,\"name\":\"Ordinateur Portable LG 16Z90T-G.AD88B 40&#8243; intel core ultra 7 255H 32 GB RAM 1 TB SSD\"}]},{\"@type\":\"WebSite\",\"@id\":\"https:\/\/tupique.com\/#website\",\"url\":\"https:\/\/tupique.com\/\",\"name\":\"Tupique\",\"description\":\"Marketplace\",\"publisher\":{\"@id\":\"https:\/\/tupique.com\/#organization\"},\"potentialAction\":[{\"@type\":\"SearchAction\",\"target\":{\"@type\":\"EntryPoint\",\"urlTemplate\":\"https:\/\/tupique.com\/?s={search_term_string}\"},\"query-input\":{\"@type\":\"PropertyValueSpecification\",\"valueRequired\":true,\"valueName\":\"search_term_string\"}}],\"inLanguage\":\"en-GB\"},{\"@type\":\"Organization\",\"@id\":\"https:\/\/tupique.com\/#organization\",\"name\":\"Tupique\",\"url\":\"https:\/\/tupique.com\/\",\"logo\":{\"@type\":\"ImageObject\",\"inLanguage\":\"en-GB\",\"@id\":\"https:\/\/tupique.com\/#\/schema\/logo\/image\/\",\"url\":\"https:\/\/tupique.com\/wp-content\/uploads\/2024\/09\/logo.png\",\"contentUrl\":\"https:\/\/tupique.com\/wp-content\/uploads\/2024\/09\/logo.png\",\"width\":1118,\"height\":310,\"caption\":\"Tupique\"},\"image\":{\"@id\":\"https:\/\/tupique.com\/#\/schema\/logo\/image\/\"}}]}<\/script>\n<!-- \/ Yoast SEO plugin. -->","yoast_head_json":{"title":"Ordinateur Portable LG 16Z90T-G.AD88B 40\" intel core ultra 7 255H 32 GB RAM 1 TB SSD - Tupique","description":"Vous cherchez Ordinateur Portable LG 16Z90T-G.AD88B 40\" intel core ultra 7 255H 32 GB RAM 1 TB SSD ? Achetez des produits chez Tupique. Profitez de la livraison gratuite pour obtenir Ordinateur Portable LG 16Z90T-G.AD88B 40\" intel core ultra 7 255H 32 GB RAM 1 TB SSD d\u00e8s maintenant.","robots":{"index":"index","follow":"follow","max-snippet":"max-snippet:-1","max-image-preview":"max-image-preview:large","max-video-preview":"max-video-preview:-1"},"canonical":"https:\/\/tupique.com\/en\/product\/ordinateur-portable-lg-16z90t-g-ad88b-40-intel-core-ultra-7-255h-32-gb-ram-1-tb-ssd\/","og_locale":"en_GB","og_type":"article","og_title":"Ordinateur Portable LG 16Z90T-G.AD88B 40\" intel core ultra 7 255H 32 GB RAM 1 TB SSD - Tupique","og_description":"Vous cherchez Ordinateur Portable LG 16Z90T-G.AD88B 40\" intel core ultra 7 255H 32 GB RAM 1 TB SSD ? Achetez des produits chez Tupique. Profitez de la livraison gratuite pour obtenir Ordinateur Portable LG 16Z90T-G.AD88B 40\" intel core ultra 7 255H 32 GB RAM 1 TB SSD d\u00e8s maintenant.","og_url":"https:\/\/tupique.com\/en\/product\/ordinateur-portable-lg-16z90t-g-ad88b-40-intel-core-ultra-7-255h-32-gb-ram-1-tb-ssd\/","og_site_name":"Tupique","twitter_card":"summary_large_image","twitter_misc":{"Estimated reading time":"3 minutes"},"schema":{"@context":"https:\/\/schema.org","@graph":[{"@type":"WebPage","@id":"https:\/\/tupique.com\/produit\/ordinateur-portable-lg-16z90t-g-ad88b-40-intel-core-ultra-7-255h-32-gb-ram-1-tb-ssd\/","url":"https:\/\/tupique.com\/produit\/ordinateur-portable-lg-16z90t-g-ad88b-40-intel-core-ultra-7-255h-32-gb-ram-1-tb-ssd\/","name":"Ordinateur Portable LG 16Z90T-G.AD88B 40\" intel core ultra 7 255H 32 GB RAM 1 TB SSD - Tupique","isPartOf":{"@id":"https:\/\/tupique.com\/#website"},"primaryImageOfPage":{"@id":"https:\/\/tupique.com\/produit\/ordinateur-portable-lg-16z90t-g-ad88b-40-intel-core-ultra-7-255h-32-gb-ram-1-tb-ssd\/#primaryimage"},"image":{"@id":"https:\/\/tupique.com\/produit\/ordinateur-portable-lg-16z90t-g-ad88b-40-intel-core-ultra-7-255h-32-gb-ram-1-tb-ssd\/#primaryimage"},"thumbnailUrl":"https:\/\/tupique.com\/wp-content\/uploads\/2026\/04\/8806096456125_S5633408_P00.jpg","datePublished":"2026-04-08T21:56:26+00:00","description":"Vous cherchez Ordinateur Portable LG 16Z90T-G.AD88B 40\" intel core ultra 7 255H 32 GB RAM 1 TB SSD ? Achetez des produits chez Tupique. Profitez de la livraison gratuite pour obtenir Ordinateur Portable LG 16Z90T-G.AD88B 40\" intel core ultra 7 255H 32 GB RAM 1 TB SSD d\u00e8s maintenant.","breadcrumb":{"@id":"https:\/\/tupique.com\/produit\/ordinateur-portable-lg-16z90t-g-ad88b-40-intel-core-ultra-7-255h-32-gb-ram-1-tb-ssd\/#breadcrumb"},"inLanguage":"en-GB","potentialAction":[{"@type":"ReadAction","target":["https:\/\/tupique.com\/produit\/ordinateur-portable-lg-16z90t-g-ad88b-40-intel-core-ultra-7-255h-32-gb-ram-1-tb-ssd\/"]}]},{"@type":"ImageObject","inLanguage":"en-GB","@id":"https:\/\/tupique.com\/produit\/ordinateur-portable-lg-16z90t-g-ad88b-40-intel-core-ultra-7-255h-32-gb-ram-1-tb-ssd\/#primaryimage","url":"https:\/\/tupique.com\/wp-content\/uploads\/2026\/04\/8806096456125_S5633408_P00.jpg","contentUrl":"https:\/\/tupique.com\/wp-content\/uploads\/2026\/04\/8806096456125_S5633408_P00.jpg","width":1200,"height":1200,"caption":"S0468341_0"},{"@type":"BreadcrumbList","@id":"https:\/\/tupique.com\/produit\/ordinateur-portable-lg-16z90t-g-ad88b-40-intel-core-ultra-7-255h-32-gb-ram-1-tb-ssd\/#breadcrumb","itemListElement":[{"@type":"ListItem","position":1,"name":"In\u00edcio","item":"https:\/\/tupique.com\/"},{"@type":"ListItem","position":2,"name":"Boutique","item":"https:\/\/tupique.com\/en\/boutique\/"},{"@type":"ListItem","position":3,"name":"Ordinateur Portable LG 16Z90T-G.AD88B 40&#8243; intel core ultra 7 255H 32 GB RAM 1 TB SSD"}]},{"@type":"WebSite","@id":"https:\/\/tupique.com\/#website","url":"https:\/\/tupique.com\/","name":"Tupique","description":"Marketplace","publisher":{"@id":"https:\/\/tupique.com\/#organization"},"potentialAction":[{"@type":"SearchAction","target":{"@type":"EntryPoint","urlTemplate":"https:\/\/tupique.com\/?s={search_term_string}"},"query-input":{"@type":"PropertyValueSpecification","valueRequired":true,"valueName":"search_term_string"}}],"inLanguage":"en-GB"},{"@type":"Organization","@id":"https:\/\/tupique.com\/#organization","name":"Tupique","url":"https:\/\/tupique.com\/","logo":{"@type":"ImageObject","inLanguage":"en-GB","@id":"https:\/\/tupique.com\/#\/schema\/logo\/image\/","url":"https:\/\/tupique.com\/wp-content\/uploads\/2024\/09\/logo.png","contentUrl":"https:\/\/tupique.com\/wp-content\/uploads\/2024\/09\/logo.png","width":1118,"height":310,"caption":"Tupique"},"image":{"@id":"https:\/\/tupique.com\/#\/schema\/logo\/image\/"}}]}},"jetpack_sharing_enabled":true,"_links":{"self":[{"href":"https:\/\/tupique.com\/en\/wp-json\/wp\/v2\/product\/4384767","targetHints":{"allow":["GET"]}}],"collection":[{"href":"https:\/\/tupique.com\/en\/wp-json\/wp\/v2\/product"}],"about":[{"href":"https:\/\/tupique.com\/en\/wp-json\/wp\/v2\/types\/product"}],"replies":[{"embeddable":true,"href":"https:\/\/tupique.com\/en\/wp-json\/wp\/v2\/comments?post=4384767"}],"wp:featuredmedia":[{"embeddable":true,"href":"https:\/\/tupique.com\/en\/wp-json\/wp\/v2\/media\/4384747"}],"wp:attachment":[{"href":"https:\/\/tupique.com\/en\/wp-json\/wp\/v2\/media?parent=4384767"}],"wp:term":[{"taxonomy":"product_brand","embeddable":true,"href":"https:\/\/tupique.com\/en\/wp-json\/wp\/v2\/product_brand?post=4384767"},{"taxonomy":"product_cat","embeddable":true,"href":"https:\/\/tupique.com\/en\/wp-json\/wp\/v2\/product_cat?post=4384767"},{"taxonomy":"product_tag","embeddable":true,"href":"https:\/\/tupique.com\/en\/wp-json\/wp\/v2\/product_tag?post=4384767"}],"curies":[{"name":"wp","href":"https:\/\/api.w.org\/{rel}","templated":true}]}}