{"id":4384819,"date":"2026-04-08T22:58:48","date_gmt":"2026-04-08T21:58:48","guid":{"rendered":"https:\/\/tupique.com\/produit\/ordinateur-portable-medion-md62762-156-intel-core-i7-13620h-16-gb-ram-1-tb-ssd-geforce-rtx-5060-espagnol-qwerty\/"},"modified":"2026-04-08T23:55:26","modified_gmt":"2026-04-08T22:55:26","slug":"ordinateur-portable-medion-md62762-156-intel-core-i7-13620h-16-gb-ram-1-tb-ssd-geforce-rtx-5060-espagnol-qwerty","status":"publish","type":"product","link":"https:\/\/tupique.com\/en\/product\/ordinateur-portable-medion-md62762-156-intel-core-i7-13620h-16-gb-ram-1-tb-ssd-geforce-rtx-5060-espagnol-qwerty\/","title":{"rendered":"Ordinateur Portable Medion MD62762 15,6&#8243; Intel Core i7-13620H 16 GB RAM 1 TB SSD geforce rtx 5060 Espagnol Qwerty"},"content":{"rendered":"<p>If you're looking for the latest trends on the market, we've got you covered. <b>Ordinateur Portable Medion MD62762 15,6&#8243; Intel Core i7-13620H 16 GB RAM 1 TB SSD geforce rtx 5060 Espagnol Qwerty<\/b> !<\/p>\n<ul>\n<li>Type: PC de bureau<\/li>\n<li>Plug-in product: Yes<\/li>\n<li>Bloc d\u2019Alimentation: r\u00e9seau \u00e9lectrique<\/li>\n<li>Colour: Black<\/li>\n<li>Features:\n<ul>\n<li>Touchpad<\/li>\n<li>Integrated speakers<\/li>\n<li>Front camera<\/li>\n<li>LCD screen<\/li>\n<li>Rechargeable battery<\/li>\n<li>Lecteur de carte \u00e0 m\u00e9moire<\/li>\n<li>Built-in microphone<\/li>\n<li>Battery<\/li>\n<li>Ecran<\/li>\n<li>Wi-Fi<\/li>\n<li>Full HD<\/li>\n<li>Lecteur de Cartes<\/li>\n<li>Anti-reflets<\/li>\n<li>Clavier<\/li>\n<li>M\u00e9moire<\/li>\n<li>Webcam<\/li>\n<li>Fingerprint reader<\/li>\n<li>Adaptateur graphique int\u00e9gr\u00e9<\/li>\n<li>Clavier complet<\/li>\n<\/ul>\n<\/li>\n<li>Connections:\n<ul>\n<li>HDMI<\/li>\n<li>USB-C<\/li>\n<li>USB 2.0<\/li>\n<li>USB 3.1<\/li>\n<li>3.5 mm jack<\/li>\n<li>Ethernet LAN 10\/100\/1000 Mbit<\/li>\n<li>USB 3.2<\/li>\n<\/ul>\n<\/li>\n<li>Connectivity:\n<ul>\n<li>Bluetooth<\/li>\n<li>Wi-Fi<\/li>\n<li>Gigabit Ethernet<\/li>\n<\/ul>\n<\/li>\n<li>R\u00e9solution: Full HD<\/li>\n<li>G\u00e9n\u00e9ration: tercera generacion<\/li>\n<li>M\u00e9moire RAM: 16 GB RAM<\/li>\n<li>USB: 4<\/li>\n<li>Lecteur de Cartes: SD\/SDHC\/SDXC<\/li>\n<li>Disque dur: 1 TB SSD<\/li>\n<li>Ecran: 15,6&#8243;<\/li>\n<li>Includes:\n<ul>\n<li>C\u00e2ble d\u2019Alimentation<\/li>\n<li>Adaptateur AC<\/li>\n<li>User manual<\/li>\n<\/ul>\n<\/li>\n<li>Technologie: IPS<\/li>\n<li>Touch screen: No<\/li>\n<li>Cartes M\u00e9moire Compatibles: SD,SDHC,SDXC<\/li>\n<li>Socket type: EU socket<\/li>\n<li>Poids: 2,3 Kg<\/li>\n<li>Taille: 16&#8243;<\/li>\n<li>Autonomie approx.: 6 heures<\/li>\n<li>Clavier: Espagnol Qwerty<\/li>\n<li>Type de stockage: SSD<\/li>\n<li>Syst\u00e8me d&#8217;exploitation: Windows 11<\/li>\n<li>Noyaux: 10 Noyaux<\/li>\n<li>Type de m\u00e9moire: DDR5<\/li>\n<li>vitesse: 4.9 GHz<\/li>\n<li>Famille de processeurs: Intel Core i7<\/li>\n<li>R\u00e9solution (px): 1920 x 1080 px<\/li>\n<li>Processeur: Intel Core i7-13620H<\/li>\n<li>Diagonale de l&#8217;\u00e9cran (cm): 40,6 cm<\/li>\n<li>Puissance de charge: 100 W<\/li>\n<li>Carte Graphique: geforce rtx 5060<\/li>\n<\/ul>","protected":false},"excerpt":{"rendered":"<p>Si vous \u00eates \u00e0 la recherche de nouvelles tendances sur le march\u00e9, nous vous pr\u00e9sentons Ordinateur Portable Medion MD62762 15,6&#8243;<\/p>","protected":false},"featured_media":4384818,"comment_status":"open","ping_status":"closed","template":"","meta":{"_joinchat":[]},"product_brand":[158237],"product_cat":[157516,157583,155043],"product_tag":[157514,157576,157515],"class_list":{"0":"post-4384819","1":"product","2":"type-product","3":"status-publish","4":"has-post-thumbnail","6":"product_brand-brandp_3439","7":"product_cat-informatique-electronique","8":"product_cat-informatique-ordinateurs","9":"product_cat-notebooks","10":"product_tag-tag_933","11":"product_tag-tag_1279","12":"product_tag-tag_1295","14":"first","15":"instock","16":"taxable","17":"shipping-taxable","18":"purchasable","19":"product-type-simple"},"yoast_head":"<!-- This site is optimized with the Yoast SEO plugin v27.2 - https:\/\/yoast.com\/product\/yoast-seo-wordpress\/ -->\n<title>Ordinateur Portable Medion MD62762 15,6&quot; Intel Core i7-13620H 16 GB RAM 1 TB SSD geforce rtx 5060 Espagnol Qwerty - Tupique<\/title>\n<meta name=\"description\" content=\"Vous cherchez Ordinateur Portable Medion MD62762 15,6&quot; Intel Core i7-13620H 16 GB RAM 1 TB SSD geforce rtx 5060 Espagnol Qwerty ? Achetez des produits chez Tupique. Profitez de la livraison gratuite pour obtenir Ordinateur Portable Medion MD62762 15,6&quot; Intel Core i7-13620H 16 GB RAM 1 TB SSD geforce rtx 5060 Espagnol Qwerty d\u00e8s maintenant.\" \/>\n<meta name=\"robots\" content=\"index, follow, max-snippet:-1, max-image-preview:large, max-video-preview:-1\" \/>\n<link rel=\"canonical\" href=\"https:\/\/tupique.com\/en\/product\/ordinateur-portable-medion-md62762-156-intel-core-i7-13620h-16-gb-ram-1-tb-ssd-geforce-rtx-5060-espagnol-qwerty\/\" \/>\n<meta property=\"og:locale\" content=\"en_GB\" \/>\n<meta property=\"og:type\" content=\"article\" \/>\n<meta property=\"og:title\" content=\"Ordinateur Portable Medion MD62762 15,6&quot; Intel Core i7-13620H 16 GB RAM 1 TB SSD geforce rtx 5060 Espagnol Qwerty - Tupique\" \/>\n<meta property=\"og:description\" content=\"Vous cherchez Ordinateur Portable Medion MD62762 15,6&quot; Intel Core i7-13620H 16 GB RAM 1 TB SSD geforce rtx 5060 Espagnol Qwerty ? Achetez des produits chez Tupique. Profitez de la livraison gratuite pour obtenir Ordinateur Portable Medion MD62762 15,6&quot; Intel Core i7-13620H 16 GB RAM 1 TB SSD geforce rtx 5060 Espagnol Qwerty d\u00e8s maintenant.\" \/>\n<meta property=\"og:url\" content=\"https:\/\/tupique.com\/en\/product\/ordinateur-portable-medion-md62762-156-intel-core-i7-13620h-16-gb-ram-1-tb-ssd-geforce-rtx-5060-espagnol-qwerty\/\" \/>\n<meta property=\"og:site_name\" content=\"Tupique\" \/>\n<meta property=\"article:modified_time\" content=\"2026-04-08T22:55:26+00:00\" \/>\n<meta property=\"og:image\" content=\"https:\/\/tupique.com\/wp-content\/uploads\/2026\/04\/4061275245448_S0468761_P00.jpg\" \/>\n\t<meta property=\"og:image:width\" content=\"1200\" \/>\n\t<meta property=\"og:image:height\" content=\"1200\" \/>\n\t<meta property=\"og:image:type\" content=\"image\/jpeg\" \/>\n<meta name=\"twitter:card\" content=\"summary_large_image\" \/>\n<meta name=\"twitter:label1\" content=\"Estimated reading time\" \/>\n\t<meta name=\"twitter:data1\" content=\"1 minute\" \/>\n<script type=\"application\/ld+json\" class=\"yoast-schema-graph\">{\"@context\":\"https:\/\/schema.org\",\"@graph\":[{\"@type\":\"WebPage\",\"@id\":\"https:\/\/tupique.com\/produit\/ordinateur-portable-medion-md62762-156-intel-core-i7-13620h-16-gb-ram-1-tb-ssd-geforce-rtx-5060-espagnol-qwerty\/\",\"url\":\"https:\/\/tupique.com\/produit\/ordinateur-portable-medion-md62762-156-intel-core-i7-13620h-16-gb-ram-1-tb-ssd-geforce-rtx-5060-espagnol-qwerty\/\",\"name\":\"Ordinateur Portable Medion MD62762 15,6\\\" Intel Core i7-13620H 16 GB RAM 1 TB SSD geforce rtx 5060 Espagnol Qwerty - Tupique\",\"isPartOf\":{\"@id\":\"https:\/\/tupique.com\/#website\"},\"primaryImageOfPage\":{\"@id\":\"https:\/\/tupique.com\/produit\/ordinateur-portable-medion-md62762-156-intel-core-i7-13620h-16-gb-ram-1-tb-ssd-geforce-rtx-5060-espagnol-qwerty\/#primaryimage\"},\"image\":{\"@id\":\"https:\/\/tupique.com\/produit\/ordinateur-portable-medion-md62762-156-intel-core-i7-13620h-16-gb-ram-1-tb-ssd-geforce-rtx-5060-espagnol-qwerty\/#primaryimage\"},\"thumbnailUrl\":\"https:\/\/tupique.com\/wp-content\/uploads\/2026\/04\/4061275245448_S0468761_P00.jpg\",\"datePublished\":\"2026-04-08T21:58:48+00:00\",\"dateModified\":\"2026-04-08T22:55:26+00:00\",\"description\":\"Vous cherchez Ordinateur Portable Medion MD62762 15,6\\\" Intel Core i7-13620H 16 GB RAM 1 TB SSD geforce rtx 5060 Espagnol Qwerty ? Achetez des produits chez Tupique. Profitez de la livraison gratuite pour obtenir Ordinateur Portable Medion MD62762 15,6\\\" Intel Core i7-13620H 16 GB RAM 1 TB SSD geforce rtx 5060 Espagnol Qwerty d\u00e8s maintenant.\",\"breadcrumb\":{\"@id\":\"https:\/\/tupique.com\/produit\/ordinateur-portable-medion-md62762-156-intel-core-i7-13620h-16-gb-ram-1-tb-ssd-geforce-rtx-5060-espagnol-qwerty\/#breadcrumb\"},\"inLanguage\":\"en-GB\",\"potentialAction\":[{\"@type\":\"ReadAction\",\"target\":[\"https:\/\/tupique.com\/produit\/ordinateur-portable-medion-md62762-156-intel-core-i7-13620h-16-gb-ram-1-tb-ssd-geforce-rtx-5060-espagnol-qwerty\/\"]}]},{\"@type\":\"ImageObject\",\"inLanguage\":\"en-GB\",\"@id\":\"https:\/\/tupique.com\/produit\/ordinateur-portable-medion-md62762-156-intel-core-i7-13620h-16-gb-ram-1-tb-ssd-geforce-rtx-5060-espagnol-qwerty\/#primaryimage\",\"url\":\"https:\/\/tupique.com\/wp-content\/uploads\/2026\/04\/4061275245448_S0468761_P00.jpg\",\"contentUrl\":\"https:\/\/tupique.com\/wp-content\/uploads\/2026\/04\/4061275245448_S0468761_P00.jpg\",\"width\":1200,\"height\":1200,\"caption\":\"S0468761_0\"},{\"@type\":\"BreadcrumbList\",\"@id\":\"https:\/\/tupique.com\/produit\/ordinateur-portable-medion-md62762-156-intel-core-i7-13620h-16-gb-ram-1-tb-ssd-geforce-rtx-5060-espagnol-qwerty\/#breadcrumb\",\"itemListElement\":[{\"@type\":\"ListItem\",\"position\":1,\"name\":\"In\u00edcio\",\"item\":\"https:\/\/tupique.com\/\"},{\"@type\":\"ListItem\",\"position\":2,\"name\":\"Boutique\",\"item\":\"https:\/\/tupique.com\/en\/boutique\/\"},{\"@type\":\"ListItem\",\"position\":3,\"name\":\"Ordinateur Portable Medion MD62762 15,6&#8243; Intel Core i7-13620H 16 GB RAM 1 TB SSD geforce rtx 5060 Espagnol Qwerty\"}]},{\"@type\":\"WebSite\",\"@id\":\"https:\/\/tupique.com\/#website\",\"url\":\"https:\/\/tupique.com\/\",\"name\":\"Tupique\",\"description\":\"Marketplace\",\"publisher\":{\"@id\":\"https:\/\/tupique.com\/#organization\"},\"potentialAction\":[{\"@type\":\"SearchAction\",\"target\":{\"@type\":\"EntryPoint\",\"urlTemplate\":\"https:\/\/tupique.com\/?s={search_term_string}\"},\"query-input\":{\"@type\":\"PropertyValueSpecification\",\"valueRequired\":true,\"valueName\":\"search_term_string\"}}],\"inLanguage\":\"en-GB\"},{\"@type\":\"Organization\",\"@id\":\"https:\/\/tupique.com\/#organization\",\"name\":\"Tupique\",\"url\":\"https:\/\/tupique.com\/\",\"logo\":{\"@type\":\"ImageObject\",\"inLanguage\":\"en-GB\",\"@id\":\"https:\/\/tupique.com\/#\/schema\/logo\/image\/\",\"url\":\"https:\/\/tupique.com\/wp-content\/uploads\/2024\/09\/logo.png\",\"contentUrl\":\"https:\/\/tupique.com\/wp-content\/uploads\/2024\/09\/logo.png\",\"width\":1118,\"height\":310,\"caption\":\"Tupique\"},\"image\":{\"@id\":\"https:\/\/tupique.com\/#\/schema\/logo\/image\/\"}}]}<\/script>\n<!-- \/ Yoast SEO plugin. -->","yoast_head_json":{"title":"Ordinateur Portable Medion MD62762 15,6\" Intel Core i7-13620H 16 GB RAM 1 TB SSD geforce rtx 5060 Espagnol Qwerty - Tupique","description":"Vous cherchez Ordinateur Portable Medion MD62762 15,6\" Intel Core i7-13620H 16 GB RAM 1 TB SSD geforce rtx 5060 Espagnol Qwerty ? Achetez des produits chez Tupique. Profitez de la livraison gratuite pour obtenir Ordinateur Portable Medion MD62762 15,6\" Intel Core i7-13620H 16 GB RAM 1 TB SSD geforce rtx 5060 Espagnol Qwerty d\u00e8s maintenant.","robots":{"index":"index","follow":"follow","max-snippet":"max-snippet:-1","max-image-preview":"max-image-preview:large","max-video-preview":"max-video-preview:-1"},"canonical":"https:\/\/tupique.com\/en\/product\/ordinateur-portable-medion-md62762-156-intel-core-i7-13620h-16-gb-ram-1-tb-ssd-geforce-rtx-5060-espagnol-qwerty\/","og_locale":"en_GB","og_type":"article","og_title":"Ordinateur Portable Medion MD62762 15,6\" Intel Core i7-13620H 16 GB RAM 1 TB SSD geforce rtx 5060 Espagnol Qwerty - Tupique","og_description":"Vous cherchez Ordinateur Portable Medion MD62762 15,6\" Intel Core i7-13620H 16 GB RAM 1 TB SSD geforce rtx 5060 Espagnol Qwerty ? Achetez des produits chez Tupique. Profitez de la livraison gratuite pour obtenir Ordinateur Portable Medion MD62762 15,6\" Intel Core i7-13620H 16 GB RAM 1 TB SSD geforce rtx 5060 Espagnol Qwerty d\u00e8s maintenant.","og_url":"https:\/\/tupique.com\/en\/product\/ordinateur-portable-medion-md62762-156-intel-core-i7-13620h-16-gb-ram-1-tb-ssd-geforce-rtx-5060-espagnol-qwerty\/","og_site_name":"Tupique","article_modified_time":"2026-04-08T22:55:26+00:00","og_image":[{"width":1200,"height":1200,"url":"https:\/\/tupique.com\/wp-content\/uploads\/2026\/04\/4061275245448_S0468761_P00.jpg","type":"image\/jpeg"}],"twitter_card":"summary_large_image","twitter_misc":{"Estimated reading time":"1 minute"},"schema":{"@context":"https:\/\/schema.org","@graph":[{"@type":"WebPage","@id":"https:\/\/tupique.com\/produit\/ordinateur-portable-medion-md62762-156-intel-core-i7-13620h-16-gb-ram-1-tb-ssd-geforce-rtx-5060-espagnol-qwerty\/","url":"https:\/\/tupique.com\/produit\/ordinateur-portable-medion-md62762-156-intel-core-i7-13620h-16-gb-ram-1-tb-ssd-geforce-rtx-5060-espagnol-qwerty\/","name":"Ordinateur Portable Medion MD62762 15,6\" Intel Core i7-13620H 16 GB RAM 1 TB SSD geforce rtx 5060 Espagnol Qwerty - Tupique","isPartOf":{"@id":"https:\/\/tupique.com\/#website"},"primaryImageOfPage":{"@id":"https:\/\/tupique.com\/produit\/ordinateur-portable-medion-md62762-156-intel-core-i7-13620h-16-gb-ram-1-tb-ssd-geforce-rtx-5060-espagnol-qwerty\/#primaryimage"},"image":{"@id":"https:\/\/tupique.com\/produit\/ordinateur-portable-medion-md62762-156-intel-core-i7-13620h-16-gb-ram-1-tb-ssd-geforce-rtx-5060-espagnol-qwerty\/#primaryimage"},"thumbnailUrl":"https:\/\/tupique.com\/wp-content\/uploads\/2026\/04\/4061275245448_S0468761_P00.jpg","datePublished":"2026-04-08T21:58:48+00:00","dateModified":"2026-04-08T22:55:26+00:00","description":"Vous cherchez Ordinateur Portable Medion MD62762 15,6\" Intel Core i7-13620H 16 GB RAM 1 TB SSD geforce rtx 5060 Espagnol Qwerty ? Achetez des produits chez Tupique. Profitez de la livraison gratuite pour obtenir Ordinateur Portable Medion MD62762 15,6\" Intel Core i7-13620H 16 GB RAM 1 TB SSD geforce rtx 5060 Espagnol Qwerty d\u00e8s maintenant.","breadcrumb":{"@id":"https:\/\/tupique.com\/produit\/ordinateur-portable-medion-md62762-156-intel-core-i7-13620h-16-gb-ram-1-tb-ssd-geforce-rtx-5060-espagnol-qwerty\/#breadcrumb"},"inLanguage":"en-GB","potentialAction":[{"@type":"ReadAction","target":["https:\/\/tupique.com\/produit\/ordinateur-portable-medion-md62762-156-intel-core-i7-13620h-16-gb-ram-1-tb-ssd-geforce-rtx-5060-espagnol-qwerty\/"]}]},{"@type":"ImageObject","inLanguage":"en-GB","@id":"https:\/\/tupique.com\/produit\/ordinateur-portable-medion-md62762-156-intel-core-i7-13620h-16-gb-ram-1-tb-ssd-geforce-rtx-5060-espagnol-qwerty\/#primaryimage","url":"https:\/\/tupique.com\/wp-content\/uploads\/2026\/04\/4061275245448_S0468761_P00.jpg","contentUrl":"https:\/\/tupique.com\/wp-content\/uploads\/2026\/04\/4061275245448_S0468761_P00.jpg","width":1200,"height":1200,"caption":"S0468761_0"},{"@type":"BreadcrumbList","@id":"https:\/\/tupique.com\/produit\/ordinateur-portable-medion-md62762-156-intel-core-i7-13620h-16-gb-ram-1-tb-ssd-geforce-rtx-5060-espagnol-qwerty\/#breadcrumb","itemListElement":[{"@type":"ListItem","position":1,"name":"In\u00edcio","item":"https:\/\/tupique.com\/"},{"@type":"ListItem","position":2,"name":"Boutique","item":"https:\/\/tupique.com\/en\/boutique\/"},{"@type":"ListItem","position":3,"name":"Ordinateur Portable Medion MD62762 15,6&#8243; Intel Core i7-13620H 16 GB RAM 1 TB SSD geforce rtx 5060 Espagnol Qwerty"}]},{"@type":"WebSite","@id":"https:\/\/tupique.com\/#website","url":"https:\/\/tupique.com\/","name":"Tupique","description":"Marketplace","publisher":{"@id":"https:\/\/tupique.com\/#organization"},"potentialAction":[{"@type":"SearchAction","target":{"@type":"EntryPoint","urlTemplate":"https:\/\/tupique.com\/?s={search_term_string}"},"query-input":{"@type":"PropertyValueSpecification","valueRequired":true,"valueName":"search_term_string"}}],"inLanguage":"en-GB"},{"@type":"Organization","@id":"https:\/\/tupique.com\/#organization","name":"Tupique","url":"https:\/\/tupique.com\/","logo":{"@type":"ImageObject","inLanguage":"en-GB","@id":"https:\/\/tupique.com\/#\/schema\/logo\/image\/","url":"https:\/\/tupique.com\/wp-content\/uploads\/2024\/09\/logo.png","contentUrl":"https:\/\/tupique.com\/wp-content\/uploads\/2024\/09\/logo.png","width":1118,"height":310,"caption":"Tupique"},"image":{"@id":"https:\/\/tupique.com\/#\/schema\/logo\/image\/"}}]}},"jetpack_sharing_enabled":true,"_links":{"self":[{"href":"https:\/\/tupique.com\/en\/wp-json\/wp\/v2\/product\/4384819","targetHints":{"allow":["GET"]}}],"collection":[{"href":"https:\/\/tupique.com\/en\/wp-json\/wp\/v2\/product"}],"about":[{"href":"https:\/\/tupique.com\/en\/wp-json\/wp\/v2\/types\/product"}],"replies":[{"embeddable":true,"href":"https:\/\/tupique.com\/en\/wp-json\/wp\/v2\/comments?post=4384819"}],"wp:featuredmedia":[{"embeddable":true,"href":"https:\/\/tupique.com\/en\/wp-json\/wp\/v2\/media\/4384818"}],"wp:attachment":[{"href":"https:\/\/tupique.com\/en\/wp-json\/wp\/v2\/media?parent=4384819"}],"wp:term":[{"taxonomy":"product_brand","embeddable":true,"href":"https:\/\/tupique.com\/en\/wp-json\/wp\/v2\/product_brand?post=4384819"},{"taxonomy":"product_cat","embeddable":true,"href":"https:\/\/tupique.com\/en\/wp-json\/wp\/v2\/product_cat?post=4384819"},{"taxonomy":"product_tag","embeddable":true,"href":"https:\/\/tupique.com\/en\/wp-json\/wp\/v2\/product_tag?post=4384819"}],"curies":[{"name":"wp","href":"https:\/\/api.w.org\/{rel}","templated":true}]}}