{"id":4384975,"date":"2026-04-08T23:56:08","date_gmt":"2026-04-08T22:56:08","guid":{"rendered":"https:\/\/tupique.com\/produit\/montre-intelligente-apple-mfc44zr-a-noir-196-46-mm\/"},"modified":"2026-04-08T23:56:08","modified_gmt":"2026-04-08T22:56:08","slug":"montre-intelligente-apple-mfc44zr-a-noir-196-46-mm","status":"publish","type":"product","link":"https:\/\/tupique.com\/en\/product\/montre-intelligente-apple-mfc44zr-a-noir-196-46-mm\/","title":{"rendered":"Montre intelligente Apple MFC44ZR\/A Noir 1,96&#8243; 46 mm"},"content":{"rendered":"<p>If you are passionate about\u2019<b>computer science and electronics<\/b>, If you're at the cutting edge of technology and don't want to miss a thing, buy <b>Montre intelligente Apple MFC44ZR\/A Noir 1,96&#8243; 46 mm<\/b> at the best price.<\/p>\n<p>La <b>Apple Watch<\/b> is a <b>smartwatch<\/b> de derni\u00e8re g\u00e9n\u00e9ration qui allie \u00e9l\u00e9gance et fonctionnalit\u00e9 pour ceux qui recherchent une montre connect\u00e9e fiable au design soign\u00e9. Son <b>bo\u00eetier en aluminium noir<\/b> offre r\u00e9sistance et l\u00e9g\u00e8ret\u00e9, rendant l\u2019appareil confortable \u00e0 porter toute la journ\u00e9e, aussi bien lors des activit\u00e9s quotidiennes que sportives. Dot\u00e9e d\u2019un <b>bracelet en caoutchouc<\/b> noir, elle assure un maintien s\u00fbr et agr\u00e9able, id\u00e9al pour ceux qui privil\u00e9gient la durabilit\u00e9 et la performance en mouvement. La taille du bo\u00eetier, comprise entre <b>30 et 39 mm<\/b>, garantit une excellente visibilit\u00e9 de l\u2019\u00e9cran et une int\u00e9gration discr\u00e8te au poignet, tandis que la <b>longueur de 240 mm<\/b> du bracelet permet une compatibilit\u00e9 avec diff\u00e9rentes tailles de poignet. Comme toujours dans la gamme de wearables Apple, ce mod\u00e8le int\u00e8gre un \u00e9cosyst\u00e8me de capteurs avanc\u00e9s pour le suivi de l\u2019activit\u00e9 physique et de la sant\u00e9, permettant un contr\u00f4le pr\u00e9cis de l\u2019entra\u00eenement, du rythme cardiaque et la r\u00e9ception de notifications intelligentes directement au poignet. Fabriqu\u00e9e en Chine et soigneusement assembl\u00e9e avec des composants de haute qualit\u00e9, elle assure une exp\u00e9rience fiable et une int\u00e9gration parfaite avec les autres appareils Apple. Cette smartwatch se positionne comme une solution polyvalente pour ceux qui recherchent une technologie avanc\u00e9e et un design raffin\u00e9 dans un seul accessoire intelligent.<\/p>\n<ul>\n<li>Watch type: Smart watch<\/li>\n<li>Plug-in product: Yes<\/li>\n<li>Taille:\n<ul>\n<li>L<\/li>\n<li>M\/L<\/li>\n<li>39 mm<\/li>\n<\/ul>\n<\/li>\n<li>Largeur: 39 mm<\/li>\n<li>Socket type: EU socket<\/li>\n<li>Bloc d\u2019Alimentation: r\u00e9seau \u00e9lectrique<\/li>\n<li>Colour: Black<\/li>\n<li>M\u00e9moire interne: 64 GB<\/li>\n<li>Processeur: Dual Core<\/li>\n<li>Ecran: 1,96&#8243;<\/li>\n<li>Material:\n<ul>\n<li>Caoutchouc<\/li>\n<li>Aluminium<\/li>\n<\/ul>\n<\/li>\n<li>Features:\n<ul>\n<li>Accelerometer<\/li>\n<li>Integrated speakers<\/li>\n<li>Touch screen<\/li>\n<li>Ambient light sensor<\/li>\n<li>Gyroscope<\/li>\n<li>Altim\u00e8tre<\/li>\n<li>Built-in microphone<\/li>\n<li>Distance parcourue<\/li>\n<li>Sleep Monitor<\/li>\n<li>Mobile network connection<\/li>\n<li>Charge magn\u00e9tique<\/li>\n<li>Multisport<\/li>\n<li>Blood oxygen level sensor<\/li>\n<li>Screen with rounded corners<\/li>\n<\/ul>\n<\/li>\n<li>Functions:\n<ul>\n<li>Colour screen<\/li>\n<li>Sleep Monitor<\/li>\n<li>Heart rate monitor<\/li>\n<\/ul>\n<\/li>\n<li>Battery type:\n<ul>\n<li>Integrated<\/li>\n<li>Litio Ion<\/li>\n<\/ul>\n<\/li>\n<li>Connectivity:\n<ul>\n<li>Bluetooth<\/li>\n<li>Wi-Fi<\/li>\n<li>GPS<\/li>\n<li>NFC<\/li>\n<li>Glonass<\/li>\n<li>BeiDou<\/li>\n<li>Galileo<\/li>\n<li>5G<\/li>\n<li>Bluetooth Low Energy<\/li>\n<li>LTE<\/li>\n<li>Bluetooth 5.3<\/li>\n<\/ul>\n<\/li>\n<li>Compatible: Siri<\/li>\n<li>Caisse: 46 mm<\/li>\n<li>Forme: Rectangulaire<\/li>\n<li>Camera: No<\/li>\n<li>Chargeur sans fil: Oui<\/li>\n<li>Radio FM: Non<\/li>\n<li>R\u00e9sistant \u00e0 l&#8217;eau: 50 m<\/li>\n<li>Technologie: OLED<\/li>\n<li>USB connection: No<\/li>\n<li>Strap: Removable<\/li>\n<li>M\u00e9moire Flash: 64 MB<\/li>\n<li>Noyaux: 2 Noyaux<\/li>\n<\/ul>","protected":false},"excerpt":{"rendered":"<p><span class=\"unit-info\">19204.8718 &euro; \/ 1 m<\/span><\/p>","protected":false},"featured_media":4384958,"comment_status":"open","ping_status":"closed","template":"","meta":{"_joinchat":[]},"product_brand":[157892],"product_cat":[157523,157516,157601],"product_tag":[157530,157522,157515],"class_list":{"0":"post-4384975","1":"product","2":"type-product","3":"status-publish","4":"has-post-thumbnail","6":"product_brand-brandp_533","7":"product_cat-electronique-telephonie-et-tablettes","8":"product_cat-informatique-electronique","9":"product_cat-smartwatches","10":"product_tag-tag_1261","11":"product_tag-tag_547","12":"product_tag-tag_1295","14":"first","15":"outofstock","16":"taxable","17":"shipping-taxable","18":"purchasable","19":"product-type-simple"},"yoast_head":"<!-- This site is optimized with the Yoast SEO plugin v27.2 - https:\/\/yoast.com\/product\/yoast-seo-wordpress\/ -->\n<title>Montre intelligente Apple MFC44ZR\/A Noir 1,96&quot; 46 mm - Tupique<\/title>\n<meta name=\"description\" content=\"Vous cherchez Montre intelligente Apple MFC44ZR\/A Noir 1,96&quot; 46 mm ? Achetez des produits chez Tupique. Profitez de la livraison gratuite pour obtenir Montre intelligente Apple MFC44ZR\/A Noir 1,96&quot; 46 mm d\u00e8s maintenant.\" \/>\n<meta name=\"robots\" content=\"index, follow, max-snippet:-1, max-image-preview:large, max-video-preview:-1\" \/>\n<link rel=\"canonical\" href=\"https:\/\/tupique.com\/en\/product\/montre-intelligente-apple-mfc44zr-a-noir-196-46-mm\/\" \/>\n<meta property=\"og:locale\" content=\"en_GB\" \/>\n<meta property=\"og:type\" content=\"article\" \/>\n<meta property=\"og:title\" content=\"Montre intelligente Apple MFC44ZR\/A Noir 1,96&quot; 46 mm - Tupique\" \/>\n<meta property=\"og:description\" content=\"Vous cherchez Montre intelligente Apple MFC44ZR\/A Noir 1,96&quot; 46 mm ? Achetez des produits chez Tupique. Profitez de la livraison gratuite pour obtenir Montre intelligente Apple MFC44ZR\/A Noir 1,96&quot; 46 mm d\u00e8s maintenant.\" \/>\n<meta property=\"og:url\" content=\"https:\/\/tupique.com\/en\/product\/montre-intelligente-apple-mfc44zr-a-noir-196-46-mm\/\" \/>\n<meta property=\"og:site_name\" content=\"Tupique\" \/>\n<meta name=\"twitter:card\" content=\"summary_large_image\" \/>\n<meta name=\"twitter:label1\" content=\"Estimated reading time\" \/>\n\t<meta name=\"twitter:data1\" content=\"2 minutes\" \/>\n<script type=\"application\/ld+json\" class=\"yoast-schema-graph\">{\"@context\":\"https:\/\/schema.org\",\"@graph\":[{\"@type\":\"WebPage\",\"@id\":\"https:\/\/tupique.com\/produit\/montre-intelligente-apple-mfc44zr-a-noir-196-46-mm\/\",\"url\":\"https:\/\/tupique.com\/produit\/montre-intelligente-apple-mfc44zr-a-noir-196-46-mm\/\",\"name\":\"Montre intelligente Apple MFC44ZR\/A Noir 1,96\\\" 46 mm - Tupique\",\"isPartOf\":{\"@id\":\"https:\/\/tupique.com\/#website\"},\"primaryImageOfPage\":{\"@id\":\"https:\/\/tupique.com\/produit\/montre-intelligente-apple-mfc44zr-a-noir-196-46-mm\/#primaryimage\"},\"image\":{\"@id\":\"https:\/\/tupique.com\/produit\/montre-intelligente-apple-mfc44zr-a-noir-196-46-mm\/#primaryimage\"},\"thumbnailUrl\":\"https:\/\/tupique.com\/wp-content\/uploads\/2026\/04\/0195950630787_S71025040_P00-1.jpg\",\"datePublished\":\"2026-04-08T22:56:08+00:00\",\"description\":\"Vous cherchez Montre intelligente Apple MFC44ZR\/A Noir 1,96\\\" 46 mm ? Achetez des produits chez Tupique. Profitez de la livraison gratuite pour obtenir Montre intelligente Apple MFC44ZR\/A Noir 1,96\\\" 46 mm d\u00e8s maintenant.\",\"breadcrumb\":{\"@id\":\"https:\/\/tupique.com\/produit\/montre-intelligente-apple-mfc44zr-a-noir-196-46-mm\/#breadcrumb\"},\"inLanguage\":\"en-GB\",\"potentialAction\":[{\"@type\":\"ReadAction\",\"target\":[\"https:\/\/tupique.com\/produit\/montre-intelligente-apple-mfc44zr-a-noir-196-46-mm\/\"]}]},{\"@type\":\"ImageObject\",\"inLanguage\":\"en-GB\",\"@id\":\"https:\/\/tupique.com\/produit\/montre-intelligente-apple-mfc44zr-a-noir-196-46-mm\/#primaryimage\",\"url\":\"https:\/\/tupique.com\/wp-content\/uploads\/2026\/04\/0195950630787_S71025040_P00-1.jpg\",\"contentUrl\":\"https:\/\/tupique.com\/wp-content\/uploads\/2026\/04\/0195950630787_S71025040_P00-1.jpg\",\"width\":1200,\"height\":1200,\"caption\":\"M0806917_0\"},{\"@type\":\"BreadcrumbList\",\"@id\":\"https:\/\/tupique.com\/produit\/montre-intelligente-apple-mfc44zr-a-noir-196-46-mm\/#breadcrumb\",\"itemListElement\":[{\"@type\":\"ListItem\",\"position\":1,\"name\":\"In\u00edcio\",\"item\":\"https:\/\/tupique.com\/\"},{\"@type\":\"ListItem\",\"position\":2,\"name\":\"Boutique\",\"item\":\"https:\/\/tupique.com\/en\/boutique\/\"},{\"@type\":\"ListItem\",\"position\":3,\"name\":\"Montre intelligente Apple MFC44ZR\/A Noir 1,96&#8243; 46 mm\"}]},{\"@type\":\"WebSite\",\"@id\":\"https:\/\/tupique.com\/#website\",\"url\":\"https:\/\/tupique.com\/\",\"name\":\"Tupique\",\"description\":\"Marketplace\",\"publisher\":{\"@id\":\"https:\/\/tupique.com\/#organization\"},\"potentialAction\":[{\"@type\":\"SearchAction\",\"target\":{\"@type\":\"EntryPoint\",\"urlTemplate\":\"https:\/\/tupique.com\/?s={search_term_string}\"},\"query-input\":{\"@type\":\"PropertyValueSpecification\",\"valueRequired\":true,\"valueName\":\"search_term_string\"}}],\"inLanguage\":\"en-GB\"},{\"@type\":\"Organization\",\"@id\":\"https:\/\/tupique.com\/#organization\",\"name\":\"Tupique\",\"url\":\"https:\/\/tupique.com\/\",\"logo\":{\"@type\":\"ImageObject\",\"inLanguage\":\"en-GB\",\"@id\":\"https:\/\/tupique.com\/#\/schema\/logo\/image\/\",\"url\":\"https:\/\/tupique.com\/wp-content\/uploads\/2024\/09\/logo.png\",\"contentUrl\":\"https:\/\/tupique.com\/wp-content\/uploads\/2024\/09\/logo.png\",\"width\":1118,\"height\":310,\"caption\":\"Tupique\"},\"image\":{\"@id\":\"https:\/\/tupique.com\/#\/schema\/logo\/image\/\"}}]}<\/script>\n<!-- \/ Yoast SEO plugin. -->","yoast_head_json":{"title":"Montre intelligente Apple MFC44ZR\/A Noir 1,96\" 46 mm - Tupique","description":"Vous cherchez Montre intelligente Apple MFC44ZR\/A Noir 1,96\" 46 mm ? Achetez des produits chez Tupique. Profitez de la livraison gratuite pour obtenir Montre intelligente Apple MFC44ZR\/A Noir 1,96\" 46 mm d\u00e8s maintenant.","robots":{"index":"index","follow":"follow","max-snippet":"max-snippet:-1","max-image-preview":"max-image-preview:large","max-video-preview":"max-video-preview:-1"},"canonical":"https:\/\/tupique.com\/en\/product\/montre-intelligente-apple-mfc44zr-a-noir-196-46-mm\/","og_locale":"en_GB","og_type":"article","og_title":"Montre intelligente Apple MFC44ZR\/A Noir 1,96\" 46 mm - Tupique","og_description":"Vous cherchez Montre intelligente Apple MFC44ZR\/A Noir 1,96\" 46 mm ? Achetez des produits chez Tupique. Profitez de la livraison gratuite pour obtenir Montre intelligente Apple MFC44ZR\/A Noir 1,96\" 46 mm d\u00e8s maintenant.","og_url":"https:\/\/tupique.com\/en\/product\/montre-intelligente-apple-mfc44zr-a-noir-196-46-mm\/","og_site_name":"Tupique","twitter_card":"summary_large_image","twitter_misc":{"Estimated reading time":"2 minutes"},"schema":{"@context":"https:\/\/schema.org","@graph":[{"@type":"WebPage","@id":"https:\/\/tupique.com\/produit\/montre-intelligente-apple-mfc44zr-a-noir-196-46-mm\/","url":"https:\/\/tupique.com\/produit\/montre-intelligente-apple-mfc44zr-a-noir-196-46-mm\/","name":"Montre intelligente Apple MFC44ZR\/A Noir 1,96\" 46 mm - Tupique","isPartOf":{"@id":"https:\/\/tupique.com\/#website"},"primaryImageOfPage":{"@id":"https:\/\/tupique.com\/produit\/montre-intelligente-apple-mfc44zr-a-noir-196-46-mm\/#primaryimage"},"image":{"@id":"https:\/\/tupique.com\/produit\/montre-intelligente-apple-mfc44zr-a-noir-196-46-mm\/#primaryimage"},"thumbnailUrl":"https:\/\/tupique.com\/wp-content\/uploads\/2026\/04\/0195950630787_S71025040_P00-1.jpg","datePublished":"2026-04-08T22:56:08+00:00","description":"Vous cherchez Montre intelligente Apple MFC44ZR\/A Noir 1,96\" 46 mm ? Achetez des produits chez Tupique. Profitez de la livraison gratuite pour obtenir Montre intelligente Apple MFC44ZR\/A Noir 1,96\" 46 mm d\u00e8s maintenant.","breadcrumb":{"@id":"https:\/\/tupique.com\/produit\/montre-intelligente-apple-mfc44zr-a-noir-196-46-mm\/#breadcrumb"},"inLanguage":"en-GB","potentialAction":[{"@type":"ReadAction","target":["https:\/\/tupique.com\/produit\/montre-intelligente-apple-mfc44zr-a-noir-196-46-mm\/"]}]},{"@type":"ImageObject","inLanguage":"en-GB","@id":"https:\/\/tupique.com\/produit\/montre-intelligente-apple-mfc44zr-a-noir-196-46-mm\/#primaryimage","url":"https:\/\/tupique.com\/wp-content\/uploads\/2026\/04\/0195950630787_S71025040_P00-1.jpg","contentUrl":"https:\/\/tupique.com\/wp-content\/uploads\/2026\/04\/0195950630787_S71025040_P00-1.jpg","width":1200,"height":1200,"caption":"M0806917_0"},{"@type":"BreadcrumbList","@id":"https:\/\/tupique.com\/produit\/montre-intelligente-apple-mfc44zr-a-noir-196-46-mm\/#breadcrumb","itemListElement":[{"@type":"ListItem","position":1,"name":"In\u00edcio","item":"https:\/\/tupique.com\/"},{"@type":"ListItem","position":2,"name":"Boutique","item":"https:\/\/tupique.com\/en\/boutique\/"},{"@type":"ListItem","position":3,"name":"Montre intelligente Apple MFC44ZR\/A Noir 1,96&#8243; 46 mm"}]},{"@type":"WebSite","@id":"https:\/\/tupique.com\/#website","url":"https:\/\/tupique.com\/","name":"Tupique","description":"Marketplace","publisher":{"@id":"https:\/\/tupique.com\/#organization"},"potentialAction":[{"@type":"SearchAction","target":{"@type":"EntryPoint","urlTemplate":"https:\/\/tupique.com\/?s={search_term_string}"},"query-input":{"@type":"PropertyValueSpecification","valueRequired":true,"valueName":"search_term_string"}}],"inLanguage":"en-GB"},{"@type":"Organization","@id":"https:\/\/tupique.com\/#organization","name":"Tupique","url":"https:\/\/tupique.com\/","logo":{"@type":"ImageObject","inLanguage":"en-GB","@id":"https:\/\/tupique.com\/#\/schema\/logo\/image\/","url":"https:\/\/tupique.com\/wp-content\/uploads\/2024\/09\/logo.png","contentUrl":"https:\/\/tupique.com\/wp-content\/uploads\/2024\/09\/logo.png","width":1118,"height":310,"caption":"Tupique"},"image":{"@id":"https:\/\/tupique.com\/#\/schema\/logo\/image\/"}}]}},"jetpack_sharing_enabled":true,"_links":{"self":[{"href":"https:\/\/tupique.com\/en\/wp-json\/wp\/v2\/product\/4384975","targetHints":{"allow":["GET"]}}],"collection":[{"href":"https:\/\/tupique.com\/en\/wp-json\/wp\/v2\/product"}],"about":[{"href":"https:\/\/tupique.com\/en\/wp-json\/wp\/v2\/types\/product"}],"replies":[{"embeddable":true,"href":"https:\/\/tupique.com\/en\/wp-json\/wp\/v2\/comments?post=4384975"}],"wp:featuredmedia":[{"embeddable":true,"href":"https:\/\/tupique.com\/en\/wp-json\/wp\/v2\/media\/4384958"}],"wp:attachment":[{"href":"https:\/\/tupique.com\/en\/wp-json\/wp\/v2\/media?parent=4384975"}],"wp:term":[{"taxonomy":"product_brand","embeddable":true,"href":"https:\/\/tupique.com\/en\/wp-json\/wp\/v2\/product_brand?post=4384975"},{"taxonomy":"product_cat","embeddable":true,"href":"https:\/\/tupique.com\/en\/wp-json\/wp\/v2\/product_cat?post=4384975"},{"taxonomy":"product_tag","embeddable":true,"href":"https:\/\/tupique.com\/en\/wp-json\/wp\/v2\/product_tag?post=4384975"}],"curies":[{"name":"wp","href":"https:\/\/api.w.org\/{rel}","templated":true}]}}