{"id":4385058,"date":"2026-04-08T23:58:51","date_gmt":"2026-04-08T22:58:51","guid":{"rendered":"https:\/\/tupique.com\/produit\/ordinateur-portable-asus-90nb13y2-m00u80-156-intel-core-5-120u-16-gb-ram-512-gb-ssd-espagnol-qwerty\/"},"modified":"2026-04-08T23:58:51","modified_gmt":"2026-04-08T22:58:51","slug":"ordinateur-portable-asus-90nb13y2-m00u80-156-intel-core-5-120u-16-gb-ram-512-gb-ssd-espagnol-qwerty","status":"publish","type":"product","link":"https:\/\/tupique.com\/en\/product\/ordinateur-portable-asus-90nb13y2-m00u80-156-intel-core-5-120u-16-gb-ram-512-gb-ssd-espagnol-qwerty\/","title":{"rendered":"Ordinateur Portable Asus 90NB13Y2-M00U80 15,6&#8243; Intel Core 5 120U 16 GB RAM 512 GB SSD Espagnol Qwerty"},"content":{"rendered":"<p>If you're looking for the latest trends on the market, we've got you covered. <b>Ordinateur Portable Asus 90NB13Y2-M00U80 15,6&#8243; Intel Core 5 120U 16 GB RAM 512 GB SSD Espagnol Qwerty<\/b> !<\/p>\n<p>Le <b>Asus 90NB13Y2-M00U80<\/b> est un <b>laptop<\/b> con\u00e7u pour r\u00e9pondre efficacement aux besoins quotidiens gr\u00e2ce \u00e0 un ensemble \u00e9quilibr\u00e9 de fonctionnalit\u00e9s favorisant la productivit\u00e9 et le divertissement. Dot\u00e9 d\u2019un <b>SSD de 512 Go<\/b> rapide, cet ordinateur portable permet de stocker de nombreux fichiers et documents tout en profitant de temps d\u2019acc\u00e8s et de d\u00e9marrage rapides. Sa <b>m\u00e9moire RAM de 16 Go<\/b> assure une grande fluidit\u00e9 en multit\u00e2che, facilitant l\u2019utilisation simultan\u00e9e de plusieurs applications sans ralentissement, id\u00e9al pour ceux qui alternent entre bureautique, navigation et gestion de contenus multim\u00e9dias. L\u2019<b>\u00e9cran de 15,6 pouces<\/b> offre un espace visuel confortable pour travailler et regarder des vid\u00e9os avec clart\u00e9, tandis que la finition <b>argent\u00e9e<\/b> lui conf\u00e8re un aspect moderne et professionnel. Il dispose d\u2019un <b>clavier QWERTY espagnol avec pav\u00e9 num\u00e9rique<\/b>, particuli\u00e8rement pratique pour la saisie r\u00e9guli\u00e8re de donn\u00e9es, et le touchpad de grande taille permet une navigation pr\u00e9cise et agr\u00e9able. Parmi ses fonctionnalit\u00e9s, on retrouve une <b>front camera<\/b> and a <b>microphone int\u00e9gr\u00e9<\/b>, essentiels pour les appels vid\u00e9o et r\u00e9unions en ligne, ainsi qu\u2019un port <b>HDMI<\/b> facilitant la connexion \u00e0 des \u00e9crans externes ou projecteurs. Principalement fabriqu\u00e9 en <b>plastique r\u00e9sistant<\/b>, ce mod\u00e8le reste l\u00e9ger tout en conservant un ch\u00e2ssis robuste. L\u2019ensemble de ses caract\u00e9ristiques techniques en fait un ordinateur portable polyvalent et performant au quotidien, aussi bien en milieu professionnel que domestique, offrant un \u00e9quilibre entre performance et fonctionnalit\u00e9 pour de nombreux profils d\u2019utilisateurs.<\/p>\n<ul>\n<li>Contr\u00f4leur graphique:\n<ul>\n<li>Intel UHD Graphics<\/li>\n<li>Chipset int\u00e9gr\u00e9e<\/li>\n<\/ul>\n<\/li>\n<li>Socket type: EU socket<\/li>\n<li>Type de m\u00e9moire:\n<ul>\n<li>SDRAM<\/li>\n<li>DDR4 SDRAM<\/li>\n<\/ul>\n<\/li>\n<li>Type:\n<ul>\n<li>Ordinateur Portable<\/li>\n<li>Portable<\/li>\n<li>Clavier num\u00e9rique<\/li>\n<li>Touchpad<\/li>\n<\/ul>\n<\/li>\n<li>Plug-in product: Yes<\/li>\n<li>Diagonale de l&#8217;\u00e9cran (cm):\n<ul>\n<li>38,1 cm<\/li>\n<li>39,6 cm<\/li>\n<\/ul>\n<\/li>\n<li>Connections:\n<ul>\n<li>USB<\/li>\n<li>USB-C<\/li>\n<li>USB 3.2<\/li>\n<li>HDMI<\/li>\n<li>HDMI 1.4<\/li>\n<li>USB-C 3.2 Gen 1 (3.1 Gen 1) x 2<\/li>\n<li>PCI Express 4.0<\/li>\n<li>USB-A 3.2<\/li>\n<li>C\u00e2ble jack 3,3 mm<\/li>\n<\/ul>\n<\/li>\n<li>Disque dur:\n<ul>\n<li>512 GB<\/li>\n<li>512 GB SSD<\/li>\n<\/ul>\n<\/li>\n<li>Material: Plastic<\/li>\n<li>Type d&#8217;unit\u00e9 optique: Non<\/li>\n<li>Bluetooth: Oui<\/li>\n<li>Brille: 250 cd\/m2<\/li>\n<li>Microphone int\u00e9gr\u00e9: Oui<\/li>\n<li>Poids: 1,7 kg<\/li>\n<li>Facteur de forme:\n<ul>\n<li>Coquillage<\/li>\n<li>SO-DIMM<\/li>\n<\/ul>\n<\/li>\n<li>Capacit\u00e9 de la batterie: 42 Wh<\/li>\n<li>Nombre de fils: 12<\/li>\n<li>Ecran:\n<ul>\n<li>15&#8243;<\/li>\n<li>39&#8243;<\/li>\n<li>15,6&#8243;<\/li>\n<\/ul>\n<\/li>\n<li>Chargeur inclus: Oui<\/li>\n<li>Puissance de charge: 45 W<\/li>\n<li>Technologie: IPS<\/li>\n<li>Battery type:\n<ul>\n<li>Rechargeable lithium battery<\/li>\n<li>Litio Ion<\/li>\n<\/ul>\n<\/li>\n<li>Connectivity:\n<ul>\n<li>Wi-Fi<\/li>\n<li>Bluetooth<\/li>\n<li>Bluetooth 5.2<\/li>\n<li>6 GHz Wi-Fi<\/li>\n<\/ul>\n<\/li>\n<li>Processor family:\n<ul>\n<li>Intel Core i5<\/li>\n<li>Intel<\/li>\n<\/ul>\n<\/li>\n<li>M\u00e9moire interne: DDR4 SDRAM<\/li>\n<li>Operating system:\n<ul>\n<li>Windows 11<\/li>\n<li>Windows 11 Home<\/li>\n<\/ul>\n<\/li>\n<li>Bloc d\u2019Alimentation:\n<ul>\n<li>r\u00e9seau \u00e9lectrique<\/li>\n<li>USB<\/li>\n<\/ul>\n<\/li>\n<li>Touch screen: No<\/li>\n<li>Features:\n<ul>\n<li>Front camera<\/li>\n<li>Built-in microphone<\/li>\n<li>Data protection\/passwords<\/li>\n<li>Adaptateur graphique int\u00e9gr\u00e9<\/li>\n<\/ul>\n<\/li>\n<li>Aspect ratio: 16:9<\/li>\n<li>R\u00e9solution: Full HD<\/li>\n<li>M\u00e9moire RAM: 16 GB RAM<\/li>\n<li>Tension de sortie: 20 V<\/li>\n<li>Standard: NTSC<\/li>\n<li>Cache: 12 MB<\/li>\n<li>Colour: Silver<\/li>\n<li>Frequency:\n<ul>\n<li>50 &#8211; 60 Hz<\/li>\n<li>60 Hz<\/li>\n<\/ul>\n<\/li>\n<li>puissance: 45 W<\/li>\n<li>Tension: 100 &#8211; 240 V<\/li>\n<li>Non Inclus:\n<ul>\n<li>Type d&#8217;unit\u00e9 optique<\/li>\n<li>Adaptateur AC<\/li>\n<li>Mobile network connection<\/li>\n<li>Adaptateur graphique discret<\/li>\n<\/ul>\n<\/li>\n<li>Exigences: 64 bits<\/li>\n<li>Format:\n<ul>\n<li>M.2<\/li>\n<li>1 x 8 GB<\/li>\n<\/ul>\n<\/li>\n<li>Cam\u00e9ra\/Appareil Photo: HD<\/li>\n<li>Flux lumineux: 250 Lm<\/li>\n<li>Utilisation recommand\u00e9e: Maison<\/li>\n<li>Inclut: SSD x 1<\/li>\n<li>Clavier: Espagnol Qwerty<\/li>\n<li>Type de stockage: SSD<\/li>\n<li>speed:\n<ul>\n<li>5 GHz<\/li>\n<li>3,8 GHz<\/li>\n<\/ul>\n<\/li>\n<li>Noyaux: 10 Noyaux<\/li>\n<li>R\u00e9solution (px): 1920 x 1080 px<\/li>\n<li>Processeur: Intel Core 5 120U<\/li>\n<\/ul>","protected":false},"excerpt":{"rendered":"<p>Si vous \u00eates \u00e0 la recherche de nouvelles tendances sur le march\u00e9, nous vous pr\u00e9sentons Ordinateur Portable Asus 90NB13Y2-M00U80 15,6&#8243;<\/p>","protected":false},"featured_media":4385047,"comment_status":"open","ping_status":"closed","template":"","meta":{"_joinchat":[]},"product_brand":[158054],"product_cat":[157516,157583,155043],"product_tag":[157514,157515],"class_list":{"0":"post-4385058","1":"product","2":"type-product","3":"status-publish","4":"has-post-thumbnail","6":"product_brand-brandp_536","7":"product_cat-informatique-electronique","8":"product_cat-informatique-ordinateurs","9":"product_cat-notebooks","10":"product_tag-tag_933","11":"product_tag-tag_1295","13":"first","14":"instock","15":"taxable","16":"shipping-taxable","17":"purchasable","18":"product-type-simple"},"yoast_head":"<!-- This site is optimized with the Yoast SEO plugin v27.2 - https:\/\/yoast.com\/product\/yoast-seo-wordpress\/ -->\n<title>Ordinateur Portable Asus 90NB13Y2-M00U80 15,6&quot; Intel Core 5 120U 16 GB RAM 512 GB SSD Espagnol Qwerty - Tupique<\/title>\n<meta name=\"description\" content=\"Vous cherchez Ordinateur Portable Asus 90NB13Y2-M00U80 15,6&quot; Intel Core 5 120U 16 GB RAM 512 GB SSD Espagnol Qwerty ? Achetez des produits chez Tupique. Profitez de la livraison gratuite pour obtenir Ordinateur Portable Asus 90NB13Y2-M00U80 15,6&quot; Intel Core 5 120U 16 GB RAM 512 GB SSD Espagnol Qwerty d\u00e8s maintenant.\" \/>\n<meta name=\"robots\" content=\"index, follow, max-snippet:-1, max-image-preview:large, max-video-preview:-1\" \/>\n<link rel=\"canonical\" href=\"https:\/\/tupique.com\/en\/product\/ordinateur-portable-asus-90nb13y2-m00u80-156-intel-core-5-120u-16-gb-ram-512-gb-ssd-espagnol-qwerty\/\" \/>\n<meta property=\"og:locale\" content=\"en_GB\" \/>\n<meta property=\"og:type\" content=\"article\" \/>\n<meta property=\"og:title\" content=\"Ordinateur Portable Asus 90NB13Y2-M00U80 15,6&quot; Intel Core 5 120U 16 GB RAM 512 GB SSD Espagnol Qwerty - Tupique\" \/>\n<meta property=\"og:description\" content=\"Vous cherchez Ordinateur Portable Asus 90NB13Y2-M00U80 15,6&quot; Intel Core 5 120U 16 GB RAM 512 GB SSD Espagnol Qwerty ? Achetez des produits chez Tupique. Profitez de la livraison gratuite pour obtenir Ordinateur Portable Asus 90NB13Y2-M00U80 15,6&quot; Intel Core 5 120U 16 GB RAM 512 GB SSD Espagnol Qwerty d\u00e8s maintenant.\" \/>\n<meta property=\"og:url\" content=\"https:\/\/tupique.com\/en\/product\/ordinateur-portable-asus-90nb13y2-m00u80-156-intel-core-5-120u-16-gb-ram-512-gb-ssd-espagnol-qwerty\/\" \/>\n<meta property=\"og:site_name\" content=\"Tupique\" \/>\n<meta name=\"twitter:card\" content=\"summary_large_image\" \/>\n<meta name=\"twitter:label1\" content=\"Estimated reading time\" \/>\n\t<meta name=\"twitter:data1\" content=\"2 minutes\" \/>\n<script type=\"application\/ld+json\" class=\"yoast-schema-graph\">{\"@context\":\"https:\/\/schema.org\",\"@graph\":[{\"@type\":\"WebPage\",\"@id\":\"https:\/\/tupique.com\/produit\/ordinateur-portable-asus-90nb13y2-m00u80-156-intel-core-5-120u-16-gb-ram-512-gb-ssd-espagnol-qwerty\/\",\"url\":\"https:\/\/tupique.com\/produit\/ordinateur-portable-asus-90nb13y2-m00u80-156-intel-core-5-120u-16-gb-ram-512-gb-ssd-espagnol-qwerty\/\",\"name\":\"Ordinateur Portable Asus 90NB13Y2-M00U80 15,6\\\" Intel Core 5 120U 16 GB RAM 512 GB SSD Espagnol Qwerty - Tupique\",\"isPartOf\":{\"@id\":\"https:\/\/tupique.com\/#website\"},\"primaryImageOfPage\":{\"@id\":\"https:\/\/tupique.com\/produit\/ordinateur-portable-asus-90nb13y2-m00u80-156-intel-core-5-120u-16-gb-ram-512-gb-ssd-espagnol-qwerty\/#primaryimage\"},\"image\":{\"@id\":\"https:\/\/tupique.com\/produit\/ordinateur-portable-asus-90nb13y2-m00u80-156-intel-core-5-120u-16-gb-ram-512-gb-ssd-espagnol-qwerty\/#primaryimage\"},\"thumbnailUrl\":\"https:\/\/tupique.com\/wp-content\/uploads\/2026\/04\/4711636056298_S5634231_P00.jpg\",\"datePublished\":\"2026-04-08T22:58:51+00:00\",\"description\":\"Vous cherchez Ordinateur Portable Asus 90NB13Y2-M00U80 15,6\\\" Intel Core 5 120U 16 GB RAM 512 GB SSD Espagnol Qwerty ? Achetez des produits chez Tupique. Profitez de la livraison gratuite pour obtenir Ordinateur Portable Asus 90NB13Y2-M00U80 15,6\\\" Intel Core 5 120U 16 GB RAM 512 GB SSD Espagnol Qwerty d\u00e8s maintenant.\",\"breadcrumb\":{\"@id\":\"https:\/\/tupique.com\/produit\/ordinateur-portable-asus-90nb13y2-m00u80-156-intel-core-5-120u-16-gb-ram-512-gb-ssd-espagnol-qwerty\/#breadcrumb\"},\"inLanguage\":\"en-GB\",\"potentialAction\":[{\"@type\":\"ReadAction\",\"target\":[\"https:\/\/tupique.com\/produit\/ordinateur-portable-asus-90nb13y2-m00u80-156-intel-core-5-120u-16-gb-ram-512-gb-ssd-espagnol-qwerty\/\"]}]},{\"@type\":\"ImageObject\",\"inLanguage\":\"en-GB\",\"@id\":\"https:\/\/tupique.com\/produit\/ordinateur-portable-asus-90nb13y2-m00u80-156-intel-core-5-120u-16-gb-ram-512-gb-ssd-espagnol-qwerty\/#primaryimage\",\"url\":\"https:\/\/tupique.com\/wp-content\/uploads\/2026\/04\/4711636056298_S5634231_P00.jpg\",\"contentUrl\":\"https:\/\/tupique.com\/wp-content\/uploads\/2026\/04\/4711636056298_S5634231_P00.jpg\",\"width\":1200,\"height\":1200,\"caption\":\"S0469053_0\"},{\"@type\":\"BreadcrumbList\",\"@id\":\"https:\/\/tupique.com\/produit\/ordinateur-portable-asus-90nb13y2-m00u80-156-intel-core-5-120u-16-gb-ram-512-gb-ssd-espagnol-qwerty\/#breadcrumb\",\"itemListElement\":[{\"@type\":\"ListItem\",\"position\":1,\"name\":\"In\u00edcio\",\"item\":\"https:\/\/tupique.com\/\"},{\"@type\":\"ListItem\",\"position\":2,\"name\":\"Boutique\",\"item\":\"https:\/\/tupique.com\/en\/boutique\/\"},{\"@type\":\"ListItem\",\"position\":3,\"name\":\"Ordinateur Portable Asus 90NB13Y2-M00U80 15,6&#8243; Intel Core 5 120U 16 GB RAM 512 GB SSD Espagnol Qwerty\"}]},{\"@type\":\"WebSite\",\"@id\":\"https:\/\/tupique.com\/#website\",\"url\":\"https:\/\/tupique.com\/\",\"name\":\"Tupique\",\"description\":\"Marketplace\",\"publisher\":{\"@id\":\"https:\/\/tupique.com\/#organization\"},\"potentialAction\":[{\"@type\":\"SearchAction\",\"target\":{\"@type\":\"EntryPoint\",\"urlTemplate\":\"https:\/\/tupique.com\/?s={search_term_string}\"},\"query-input\":{\"@type\":\"PropertyValueSpecification\",\"valueRequired\":true,\"valueName\":\"search_term_string\"}}],\"inLanguage\":\"en-GB\"},{\"@type\":\"Organization\",\"@id\":\"https:\/\/tupique.com\/#organization\",\"name\":\"Tupique\",\"url\":\"https:\/\/tupique.com\/\",\"logo\":{\"@type\":\"ImageObject\",\"inLanguage\":\"en-GB\",\"@id\":\"https:\/\/tupique.com\/#\/schema\/logo\/image\/\",\"url\":\"https:\/\/tupique.com\/wp-content\/uploads\/2024\/09\/logo.png\",\"contentUrl\":\"https:\/\/tupique.com\/wp-content\/uploads\/2024\/09\/logo.png\",\"width\":1118,\"height\":310,\"caption\":\"Tupique\"},\"image\":{\"@id\":\"https:\/\/tupique.com\/#\/schema\/logo\/image\/\"}}]}<\/script>\n<!-- \/ Yoast SEO plugin. -->","yoast_head_json":{"title":"Ordinateur Portable Asus 90NB13Y2-M00U80 15,6\" Intel Core 5 120U 16 GB RAM 512 GB SSD Espagnol Qwerty - Tupique","description":"Vous cherchez Ordinateur Portable Asus 90NB13Y2-M00U80 15,6\" Intel Core 5 120U 16 GB RAM 512 GB SSD Espagnol Qwerty ? Achetez des produits chez Tupique. Profitez de la livraison gratuite pour obtenir Ordinateur Portable Asus 90NB13Y2-M00U80 15,6\" Intel Core 5 120U 16 GB RAM 512 GB SSD Espagnol Qwerty d\u00e8s maintenant.","robots":{"index":"index","follow":"follow","max-snippet":"max-snippet:-1","max-image-preview":"max-image-preview:large","max-video-preview":"max-video-preview:-1"},"canonical":"https:\/\/tupique.com\/en\/product\/ordinateur-portable-asus-90nb13y2-m00u80-156-intel-core-5-120u-16-gb-ram-512-gb-ssd-espagnol-qwerty\/","og_locale":"en_GB","og_type":"article","og_title":"Ordinateur Portable Asus 90NB13Y2-M00U80 15,6\" Intel Core 5 120U 16 GB RAM 512 GB SSD Espagnol Qwerty - Tupique","og_description":"Vous cherchez Ordinateur Portable Asus 90NB13Y2-M00U80 15,6\" Intel Core 5 120U 16 GB RAM 512 GB SSD Espagnol Qwerty ? Achetez des produits chez Tupique. Profitez de la livraison gratuite pour obtenir Ordinateur Portable Asus 90NB13Y2-M00U80 15,6\" Intel Core 5 120U 16 GB RAM 512 GB SSD Espagnol Qwerty d\u00e8s maintenant.","og_url":"https:\/\/tupique.com\/en\/product\/ordinateur-portable-asus-90nb13y2-m00u80-156-intel-core-5-120u-16-gb-ram-512-gb-ssd-espagnol-qwerty\/","og_site_name":"Tupique","twitter_card":"summary_large_image","twitter_misc":{"Estimated reading time":"2 minutes"},"schema":{"@context":"https:\/\/schema.org","@graph":[{"@type":"WebPage","@id":"https:\/\/tupique.com\/produit\/ordinateur-portable-asus-90nb13y2-m00u80-156-intel-core-5-120u-16-gb-ram-512-gb-ssd-espagnol-qwerty\/","url":"https:\/\/tupique.com\/produit\/ordinateur-portable-asus-90nb13y2-m00u80-156-intel-core-5-120u-16-gb-ram-512-gb-ssd-espagnol-qwerty\/","name":"Ordinateur Portable Asus 90NB13Y2-M00U80 15,6\" Intel Core 5 120U 16 GB RAM 512 GB SSD Espagnol Qwerty - Tupique","isPartOf":{"@id":"https:\/\/tupique.com\/#website"},"primaryImageOfPage":{"@id":"https:\/\/tupique.com\/produit\/ordinateur-portable-asus-90nb13y2-m00u80-156-intel-core-5-120u-16-gb-ram-512-gb-ssd-espagnol-qwerty\/#primaryimage"},"image":{"@id":"https:\/\/tupique.com\/produit\/ordinateur-portable-asus-90nb13y2-m00u80-156-intel-core-5-120u-16-gb-ram-512-gb-ssd-espagnol-qwerty\/#primaryimage"},"thumbnailUrl":"https:\/\/tupique.com\/wp-content\/uploads\/2026\/04\/4711636056298_S5634231_P00.jpg","datePublished":"2026-04-08T22:58:51+00:00","description":"Vous cherchez Ordinateur Portable Asus 90NB13Y2-M00U80 15,6\" Intel Core 5 120U 16 GB RAM 512 GB SSD Espagnol Qwerty ? Achetez des produits chez Tupique. Profitez de la livraison gratuite pour obtenir Ordinateur Portable Asus 90NB13Y2-M00U80 15,6\" Intel Core 5 120U 16 GB RAM 512 GB SSD Espagnol Qwerty d\u00e8s maintenant.","breadcrumb":{"@id":"https:\/\/tupique.com\/produit\/ordinateur-portable-asus-90nb13y2-m00u80-156-intel-core-5-120u-16-gb-ram-512-gb-ssd-espagnol-qwerty\/#breadcrumb"},"inLanguage":"en-GB","potentialAction":[{"@type":"ReadAction","target":["https:\/\/tupique.com\/produit\/ordinateur-portable-asus-90nb13y2-m00u80-156-intel-core-5-120u-16-gb-ram-512-gb-ssd-espagnol-qwerty\/"]}]},{"@type":"ImageObject","inLanguage":"en-GB","@id":"https:\/\/tupique.com\/produit\/ordinateur-portable-asus-90nb13y2-m00u80-156-intel-core-5-120u-16-gb-ram-512-gb-ssd-espagnol-qwerty\/#primaryimage","url":"https:\/\/tupique.com\/wp-content\/uploads\/2026\/04\/4711636056298_S5634231_P00.jpg","contentUrl":"https:\/\/tupique.com\/wp-content\/uploads\/2026\/04\/4711636056298_S5634231_P00.jpg","width":1200,"height":1200,"caption":"S0469053_0"},{"@type":"BreadcrumbList","@id":"https:\/\/tupique.com\/produit\/ordinateur-portable-asus-90nb13y2-m00u80-156-intel-core-5-120u-16-gb-ram-512-gb-ssd-espagnol-qwerty\/#breadcrumb","itemListElement":[{"@type":"ListItem","position":1,"name":"In\u00edcio","item":"https:\/\/tupique.com\/"},{"@type":"ListItem","position":2,"name":"Boutique","item":"https:\/\/tupique.com\/en\/boutique\/"},{"@type":"ListItem","position":3,"name":"Ordinateur Portable Asus 90NB13Y2-M00U80 15,6&#8243; Intel Core 5 120U 16 GB RAM 512 GB SSD Espagnol Qwerty"}]},{"@type":"WebSite","@id":"https:\/\/tupique.com\/#website","url":"https:\/\/tupique.com\/","name":"Tupique","description":"Marketplace","publisher":{"@id":"https:\/\/tupique.com\/#organization"},"potentialAction":[{"@type":"SearchAction","target":{"@type":"EntryPoint","urlTemplate":"https:\/\/tupique.com\/?s={search_term_string}"},"query-input":{"@type":"PropertyValueSpecification","valueRequired":true,"valueName":"search_term_string"}}],"inLanguage":"en-GB"},{"@type":"Organization","@id":"https:\/\/tupique.com\/#organization","name":"Tupique","url":"https:\/\/tupique.com\/","logo":{"@type":"ImageObject","inLanguage":"en-GB","@id":"https:\/\/tupique.com\/#\/schema\/logo\/image\/","url":"https:\/\/tupique.com\/wp-content\/uploads\/2024\/09\/logo.png","contentUrl":"https:\/\/tupique.com\/wp-content\/uploads\/2024\/09\/logo.png","width":1118,"height":310,"caption":"Tupique"},"image":{"@id":"https:\/\/tupique.com\/#\/schema\/logo\/image\/"}}]}},"jetpack_sharing_enabled":true,"_links":{"self":[{"href":"https:\/\/tupique.com\/en\/wp-json\/wp\/v2\/product\/4385058","targetHints":{"allow":["GET"]}}],"collection":[{"href":"https:\/\/tupique.com\/en\/wp-json\/wp\/v2\/product"}],"about":[{"href":"https:\/\/tupique.com\/en\/wp-json\/wp\/v2\/types\/product"}],"replies":[{"embeddable":true,"href":"https:\/\/tupique.com\/en\/wp-json\/wp\/v2\/comments?post=4385058"}],"wp:featuredmedia":[{"embeddable":true,"href":"https:\/\/tupique.com\/en\/wp-json\/wp\/v2\/media\/4385047"}],"wp:attachment":[{"href":"https:\/\/tupique.com\/en\/wp-json\/wp\/v2\/media?parent=4385058"}],"wp:term":[{"taxonomy":"product_brand","embeddable":true,"href":"https:\/\/tupique.com\/en\/wp-json\/wp\/v2\/product_brand?post=4385058"},{"taxonomy":"product_cat","embeddable":true,"href":"https:\/\/tupique.com\/en\/wp-json\/wp\/v2\/product_cat?post=4385058"},{"taxonomy":"product_tag","embeddable":true,"href":"https:\/\/tupique.com\/en\/wp-json\/wp\/v2\/product_tag?post=4385058"}],"curies":[{"name":"wp","href":"https:\/\/api.w.org\/{rel}","templated":true}]}}