{"id":4385078,"date":"2026-04-08T23:59:19","date_gmt":"2026-04-08T22:59:19","guid":{"rendered":"https:\/\/tupique.com\/produit\/smartphone-ulefone-armor-29-pro\/"},"modified":"2026-04-08T23:59:19","modified_gmt":"2026-04-08T22:59:19","slug":"smartphone-ulefone-armor-29-pro","status":"publish","type":"product","link":"https:\/\/tupique.com\/en\/product\/smartphone-ulefone-armor-29-pro\/","title":{"rendered":"Smartphone Ulefone ARMOR 29 PRO"},"content":{"rendered":"<p>If you're looking for the latest trends on the market, we've got you covered. <b>Smartphone Ulefone ARMOR 29 PRO<\/b> !<\/p>\n<p>Le <b>Ulefone ARMOR 29 PRO<\/b> en <b>black<\/b> est un <b>smartphone<\/b> robuste con\u00e7u pour offrir fiabilit\u00e9, capacit\u00e9 et hautes performances dans les environnements exigeants. Ce mod\u00e8le se distingue par son <b>\u00e9cran AMOLED de 6,67 pouces<\/b>, garantissant une image nette et des couleurs vives, id\u00e9al aussi bien pour une utilisation en ext\u00e9rieur que pour profiter de contenus multim\u00e9dias avec une clart\u00e9 et un contraste optimaux. Dot\u00e9 d\u2019un puissant <b>processeur Octa Core<\/b> et de <b>16 Go de RAM<\/b>, il assure une grande fluidit\u00e9, m\u00eame lors du multit\u00e2che ou de l\u2019ex\u00e9cution d\u2019applications gourmandes, permettant de jouer ou de g\u00e9rer des fichiers professionnels sans ralentissement. Sa <b>512 GB storage capacity<\/b> offre un espace g\u00e9n\u00e9reux pour conserver documents, vid\u00e9os, photos et applications, facilitant la gestion de gros volumes de donn\u00e9es sans souci d\u2019espace. L\u2019int\u00e9gration de la <b>technologie NFC<\/b> \u00e9largit les possibilit\u00e9s de connectivit\u00e9, permettant des paiements mobiles s\u00e9curis\u00e9s, un appairage rapide avec d\u2019autres appareils et une exp\u00e9rience num\u00e9rique avanc\u00e9e. Fid\u00e8le \u00e0 la gamme ARMOR de Ulefone, sa structure renforc\u00e9e et son design durable font de ce mod\u00e8le un choix id\u00e9al pour ceux qui ont besoin d\u2019un t\u00e9l\u00e9phone fiable face aux chocs, \u00e0 la poussi\u00e8re ou \u00e0 une utilisation intensive en milieu industriel ou en plein air. En r\u00e9sum\u00e9, le Ulefone ARMOR 29 PRO allie robustesse, capacit\u00e9 et performances avanc\u00e9es, se positionnant comme un outil technologique polyvalent et r\u00e9sistant, pens\u00e9 pour les utilisateurs exigeant fonctionnalit\u00e9 et durabilit\u00e9 sans compromis.<\/p>\n<ul>\n<li>Type: Smartphone<\/li>\n<li>Plug-in product: Yes<\/li>\n<li>Diagonale de l&#8217;\u00e9cran (cm): 16,9 cm<\/li>\n<li>Colour: Black<\/li>\n<li>Type de batterie: Int\u00e9gr\u00e9e<\/li>\n<li>Ecran: 6,67&#8243;<\/li>\n<li>Technology: AMOLED<\/li>\n<li>Ecran tactile: Oui<\/li>\n<li>Socket type: EU socket<\/li>\n<li>Internal memory: 512 GB<\/li>\n<li>Cam\u00e9ra\/Appareil Photo: 50 Mp<\/li>\n<li>M\u00e9moire RAM: 16 GB<\/li>\n<li>R\u00e9solution (px): 2400 X 1080 PX<\/li>\n<li>Syst\u00e8me d&#8217;exploitation: Android 15<\/li>\n<li>Processeur: Octa Core<\/li>\n<li>Connectivity:\n<ul>\n<li>NFC<\/li>\n<li>Bluetooth<\/li>\n<\/ul>\n<\/li>\n<li>Chargeur inclus: Oui<\/li>\n<li>Bloc d\u2019Alimentation: r\u00e9seau \u00e9lectrique<\/li>\n<li>Features:\n<ul>\n<li>Water-resistant<\/li>\n<li>GPS<\/li>\n<li>Front camera<\/li>\n<li>Touch screen<\/li>\n<li>Cam\u00e9ra\/Appareil Photo<\/li>\n<li>R\u00e9sistant \u00e0 la poussi\u00e8re<\/li>\n<li>NFC<\/li>\n<li>Dual SIM<\/li>\n<li>Wi-Fi<\/li>\n<li>R\u00e9sistance aux chocs<\/li>\n<li>Android<\/li>\n<li>\u00c9tanch\u00e9it\u00e9 (IP67)<\/li>\n<li>Fonctions mains libres<\/li>\n<li>R\u00e9sistant aux Chuttes<\/li>\n<li>Chargement rapide<\/li>\n<\/ul>\n<\/li>\n<li>Connections:\n<ul>\n<li>USB-C<\/li>\n<li>4G<\/li>\n<li>Dual SIM<\/li>\n<li>nano SIM<\/li>\n<\/ul>\n<\/li>\n<li>Noyaux: 8 Noyaux<\/li>\n<\/ul>","protected":false},"excerpt":{"rendered":"<p>Si vous \u00eates \u00e0 la recherche de nouvelles tendances sur le march\u00e9, nous vous pr\u00e9sentons Smartphone Ulefone ARMOR 29 PRO<\/p>","protected":false},"featured_media":4385077,"comment_status":"open","ping_status":"closed","template":"","meta":{"_joinchat":[]},"product_brand":[158271],"product_cat":[157523,157516,157524],"product_tag":[157514,157522,157515],"class_list":{"0":"post-4385078","1":"product","2":"type-product","3":"status-publish","4":"has-post-thumbnail","6":"product_brand-brandp_3835","7":"product_cat-electronique-telephonie-et-tablettes","8":"product_cat-informatique-electronique","9":"product_cat-telephones-portables","10":"product_tag-tag_933","11":"product_tag-tag_547","12":"product_tag-tag_1295","14":"first","15":"instock","16":"taxable","17":"shipping-taxable","18":"purchasable","19":"product-type-simple"},"yoast_head":"<!-- This site is optimized with the Yoast SEO plugin v27.2 - https:\/\/yoast.com\/product\/yoast-seo-wordpress\/ -->\n<title>Smartphone Ulefone ARMOR 29 PRO - Tupique<\/title>\n<meta name=\"description\" content=\"Vous cherchez Smartphone Ulefone ARMOR 29 PRO ? Achetez des produits chez Tupique. Profitez de la livraison gratuite pour obtenir Smartphone Ulefone ARMOR 29 PRO d\u00e8s maintenant.\" \/>\n<meta name=\"robots\" content=\"index, follow, max-snippet:-1, max-image-preview:large, max-video-preview:-1\" \/>\n<link rel=\"canonical\" href=\"https:\/\/tupique.com\/en\/product\/smartphone-ulefone-armor-29-pro\/\" \/>\n<meta property=\"og:locale\" content=\"en_GB\" \/>\n<meta property=\"og:type\" content=\"article\" \/>\n<meta property=\"og:title\" content=\"Smartphone Ulefone ARMOR 29 PRO - Tupique\" \/>\n<meta property=\"og:description\" content=\"Vous cherchez Smartphone Ulefone ARMOR 29 PRO ? Achetez des produits chez Tupique. Profitez de la livraison gratuite pour obtenir Smartphone Ulefone ARMOR 29 PRO d\u00e8s maintenant.\" \/>\n<meta property=\"og:url\" content=\"https:\/\/tupique.com\/en\/product\/smartphone-ulefone-armor-29-pro\/\" \/>\n<meta property=\"og:site_name\" content=\"Tupique\" \/>\n<meta name=\"twitter:card\" content=\"summary_large_image\" \/>\n<meta name=\"twitter:label1\" content=\"Estimated reading time\" \/>\n\t<meta name=\"twitter:data1\" content=\"2 minutes\" \/>\n<script type=\"application\/ld+json\" class=\"yoast-schema-graph\">{\"@context\":\"https:\/\/schema.org\",\"@graph\":[{\"@type\":\"WebPage\",\"@id\":\"https:\/\/tupique.com\/produit\/smartphone-ulefone-armor-29-pro\/\",\"url\":\"https:\/\/tupique.com\/produit\/smartphone-ulefone-armor-29-pro\/\",\"name\":\"Smartphone Ulefone ARMOR 29 PRO - Tupique\",\"isPartOf\":{\"@id\":\"https:\/\/tupique.com\/#website\"},\"primaryImageOfPage\":{\"@id\":\"https:\/\/tupique.com\/produit\/smartphone-ulefone-armor-29-pro\/#primaryimage\"},\"image\":{\"@id\":\"https:\/\/tupique.com\/produit\/smartphone-ulefone-armor-29-pro\/#primaryimage\"},\"thumbnailUrl\":\"https:\/\/tupique.com\/wp-content\/uploads\/2026\/04\/6975326668224_S8111645_P00.jpg\",\"datePublished\":\"2026-04-08T22:59:19+00:00\",\"description\":\"Vous cherchez Smartphone Ulefone ARMOR 29 PRO ? Achetez des produits chez Tupique. Profitez de la livraison gratuite pour obtenir Smartphone Ulefone ARMOR 29 PRO d\u00e8s maintenant.\",\"breadcrumb\":{\"@id\":\"https:\/\/tupique.com\/produit\/smartphone-ulefone-armor-29-pro\/#breadcrumb\"},\"inLanguage\":\"en-GB\",\"potentialAction\":[{\"@type\":\"ReadAction\",\"target\":[\"https:\/\/tupique.com\/produit\/smartphone-ulefone-armor-29-pro\/\"]}]},{\"@type\":\"ImageObject\",\"inLanguage\":\"en-GB\",\"@id\":\"https:\/\/tupique.com\/produit\/smartphone-ulefone-armor-29-pro\/#primaryimage\",\"url\":\"https:\/\/tupique.com\/wp-content\/uploads\/2026\/04\/6975326668224_S8111645_P00.jpg\",\"contentUrl\":\"https:\/\/tupique.com\/wp-content\/uploads\/2026\/04\/6975326668224_S8111645_P00.jpg\",\"width\":1200,\"height\":1200,\"caption\":\"S8111645_0\"},{\"@type\":\"BreadcrumbList\",\"@id\":\"https:\/\/tupique.com\/produit\/smartphone-ulefone-armor-29-pro\/#breadcrumb\",\"itemListElement\":[{\"@type\":\"ListItem\",\"position\":1,\"name\":\"In\u00edcio\",\"item\":\"https:\/\/tupique.com\/\"},{\"@type\":\"ListItem\",\"position\":2,\"name\":\"Boutique\",\"item\":\"https:\/\/tupique.com\/en\/boutique\/\"},{\"@type\":\"ListItem\",\"position\":3,\"name\":\"Smartphone Ulefone ARMOR 29 PRO\"}]},{\"@type\":\"WebSite\",\"@id\":\"https:\/\/tupique.com\/#website\",\"url\":\"https:\/\/tupique.com\/\",\"name\":\"Tupique\",\"description\":\"Marketplace\",\"publisher\":{\"@id\":\"https:\/\/tupique.com\/#organization\"},\"potentialAction\":[{\"@type\":\"SearchAction\",\"target\":{\"@type\":\"EntryPoint\",\"urlTemplate\":\"https:\/\/tupique.com\/?s={search_term_string}\"},\"query-input\":{\"@type\":\"PropertyValueSpecification\",\"valueRequired\":true,\"valueName\":\"search_term_string\"}}],\"inLanguage\":\"en-GB\"},{\"@type\":\"Organization\",\"@id\":\"https:\/\/tupique.com\/#organization\",\"name\":\"Tupique\",\"url\":\"https:\/\/tupique.com\/\",\"logo\":{\"@type\":\"ImageObject\",\"inLanguage\":\"en-GB\",\"@id\":\"https:\/\/tupique.com\/#\/schema\/logo\/image\/\",\"url\":\"https:\/\/tupique.com\/wp-content\/uploads\/2024\/09\/logo.png\",\"contentUrl\":\"https:\/\/tupique.com\/wp-content\/uploads\/2024\/09\/logo.png\",\"width\":1118,\"height\":310,\"caption\":\"Tupique\"},\"image\":{\"@id\":\"https:\/\/tupique.com\/#\/schema\/logo\/image\/\"}}]}<\/script>\n<!-- \/ Yoast SEO plugin. -->","yoast_head_json":{"title":"Smartphone Ulefone ARMOR 29 PRO - Tupique","description":"Vous cherchez Smartphone Ulefone ARMOR 29 PRO ? Achetez des produits chez Tupique. Profitez de la livraison gratuite pour obtenir Smartphone Ulefone ARMOR 29 PRO d\u00e8s maintenant.","robots":{"index":"index","follow":"follow","max-snippet":"max-snippet:-1","max-image-preview":"max-image-preview:large","max-video-preview":"max-video-preview:-1"},"canonical":"https:\/\/tupique.com\/en\/product\/smartphone-ulefone-armor-29-pro\/","og_locale":"en_GB","og_type":"article","og_title":"Smartphone Ulefone ARMOR 29 PRO - Tupique","og_description":"Vous cherchez Smartphone Ulefone ARMOR 29 PRO ? Achetez des produits chez Tupique. Profitez de la livraison gratuite pour obtenir Smartphone Ulefone ARMOR 29 PRO d\u00e8s maintenant.","og_url":"https:\/\/tupique.com\/en\/product\/smartphone-ulefone-armor-29-pro\/","og_site_name":"Tupique","twitter_card":"summary_large_image","twitter_misc":{"Estimated reading time":"2 minutes"},"schema":{"@context":"https:\/\/schema.org","@graph":[{"@type":"WebPage","@id":"https:\/\/tupique.com\/produit\/smartphone-ulefone-armor-29-pro\/","url":"https:\/\/tupique.com\/produit\/smartphone-ulefone-armor-29-pro\/","name":"Smartphone Ulefone ARMOR 29 PRO - Tupique","isPartOf":{"@id":"https:\/\/tupique.com\/#website"},"primaryImageOfPage":{"@id":"https:\/\/tupique.com\/produit\/smartphone-ulefone-armor-29-pro\/#primaryimage"},"image":{"@id":"https:\/\/tupique.com\/produit\/smartphone-ulefone-armor-29-pro\/#primaryimage"},"thumbnailUrl":"https:\/\/tupique.com\/wp-content\/uploads\/2026\/04\/6975326668224_S8111645_P00.jpg","datePublished":"2026-04-08T22:59:19+00:00","description":"Vous cherchez Smartphone Ulefone ARMOR 29 PRO ? Achetez des produits chez Tupique. Profitez de la livraison gratuite pour obtenir Smartphone Ulefone ARMOR 29 PRO d\u00e8s maintenant.","breadcrumb":{"@id":"https:\/\/tupique.com\/produit\/smartphone-ulefone-armor-29-pro\/#breadcrumb"},"inLanguage":"en-GB","potentialAction":[{"@type":"ReadAction","target":["https:\/\/tupique.com\/produit\/smartphone-ulefone-armor-29-pro\/"]}]},{"@type":"ImageObject","inLanguage":"en-GB","@id":"https:\/\/tupique.com\/produit\/smartphone-ulefone-armor-29-pro\/#primaryimage","url":"https:\/\/tupique.com\/wp-content\/uploads\/2026\/04\/6975326668224_S8111645_P00.jpg","contentUrl":"https:\/\/tupique.com\/wp-content\/uploads\/2026\/04\/6975326668224_S8111645_P00.jpg","width":1200,"height":1200,"caption":"S8111645_0"},{"@type":"BreadcrumbList","@id":"https:\/\/tupique.com\/produit\/smartphone-ulefone-armor-29-pro\/#breadcrumb","itemListElement":[{"@type":"ListItem","position":1,"name":"In\u00edcio","item":"https:\/\/tupique.com\/"},{"@type":"ListItem","position":2,"name":"Boutique","item":"https:\/\/tupique.com\/en\/boutique\/"},{"@type":"ListItem","position":3,"name":"Smartphone Ulefone ARMOR 29 PRO"}]},{"@type":"WebSite","@id":"https:\/\/tupique.com\/#website","url":"https:\/\/tupique.com\/","name":"Tupique","description":"Marketplace","publisher":{"@id":"https:\/\/tupique.com\/#organization"},"potentialAction":[{"@type":"SearchAction","target":{"@type":"EntryPoint","urlTemplate":"https:\/\/tupique.com\/?s={search_term_string}"},"query-input":{"@type":"PropertyValueSpecification","valueRequired":true,"valueName":"search_term_string"}}],"inLanguage":"en-GB"},{"@type":"Organization","@id":"https:\/\/tupique.com\/#organization","name":"Tupique","url":"https:\/\/tupique.com\/","logo":{"@type":"ImageObject","inLanguage":"en-GB","@id":"https:\/\/tupique.com\/#\/schema\/logo\/image\/","url":"https:\/\/tupique.com\/wp-content\/uploads\/2024\/09\/logo.png","contentUrl":"https:\/\/tupique.com\/wp-content\/uploads\/2024\/09\/logo.png","width":1118,"height":310,"caption":"Tupique"},"image":{"@id":"https:\/\/tupique.com\/#\/schema\/logo\/image\/"}}]}},"jetpack_sharing_enabled":true,"_links":{"self":[{"href":"https:\/\/tupique.com\/en\/wp-json\/wp\/v2\/product\/4385078","targetHints":{"allow":["GET"]}}],"collection":[{"href":"https:\/\/tupique.com\/en\/wp-json\/wp\/v2\/product"}],"about":[{"href":"https:\/\/tupique.com\/en\/wp-json\/wp\/v2\/types\/product"}],"replies":[{"embeddable":true,"href":"https:\/\/tupique.com\/en\/wp-json\/wp\/v2\/comments?post=4385078"}],"wp:featuredmedia":[{"embeddable":true,"href":"https:\/\/tupique.com\/en\/wp-json\/wp\/v2\/media\/4385077"}],"wp:attachment":[{"href":"https:\/\/tupique.com\/en\/wp-json\/wp\/v2\/media?parent=4385078"}],"wp:term":[{"taxonomy":"product_brand","embeddable":true,"href":"https:\/\/tupique.com\/en\/wp-json\/wp\/v2\/product_brand?post=4385078"},{"taxonomy":"product_cat","embeddable":true,"href":"https:\/\/tupique.com\/en\/wp-json\/wp\/v2\/product_cat?post=4385078"},{"taxonomy":"product_tag","embeddable":true,"href":"https:\/\/tupique.com\/en\/wp-json\/wp\/v2\/product_tag?post=4385078"}],"curies":[{"name":"wp","href":"https:\/\/api.w.org\/{rel}","templated":true}]}}