{"id":4385113,"date":"2026-04-09T00:00:11","date_gmt":"2026-04-08T23:00:11","guid":{"rendered":"https:\/\/tupique.com\/produit\/ordinateur-portable-hp-bk8a2ea-16-amd-ryzen-7-32-gb-ram-1-tb-ssd-geforce-rtx-5060\/"},"modified":"2026-04-09T00:00:11","modified_gmt":"2026-04-08T23:00:11","slug":"ordinateur-portable-hp-bk8a2ea-16-amd-ryzen-7-32-gb-ram-1-tb-ssd-geforce-rtx-5060","status":"publish","type":"product","link":"https:\/\/tupique.com\/en\/product\/ordinateur-portable-hp-bk8a2ea-16-amd-ryzen-7-32-gb-ram-1-tb-ssd-geforce-rtx-5060\/","title":{"rendered":"Ordinateur Portable HP BK8A2EA 16&#8243; AMD Ryzen 7 32 GB RAM 1 TB SSD geforce rtx 5060"},"content":{"rendered":"<p>If you are passionate about\u2019<b>computer science and electronics<\/b>, If you're at the cutting edge of technology and don't want to miss a thing, buy <b>Ordinateur Portable HP BK8A2EA 16&#8243; AMD Ryzen 7 32 GB RAM 1 TB SSD geforce rtx 5060<\/b> at the best price.<\/p>\n<ul>\n<li>Processor family:\n<ul>\n<li>AMD Ryzen 7<\/li>\n<li>AMD<\/li>\n<\/ul>\n<\/li>\n<li>Clavier: Espagnol Qwerty<\/li>\n<li>Type:\n<ul>\n<li>Ordinateur Portable<\/li>\n<li>Clavier num\u00e9rique<\/li>\n<li>Touchpad<\/li>\n<li>Clavier complet<\/li>\n<\/ul>\n<\/li>\n<li>Plug-in product: Yes<\/li>\n<li>Type de m\u00e9moire:\n<ul>\n<li>SDRAM<\/li>\n<li>DDR5 SDRAM<\/li>\n<li>GDDR6<\/li>\n<\/ul>\n<\/li>\n<li>Bloc d\u2019Alimentation:\n<ul>\n<li>r\u00e9seau \u00e9lectrique<\/li>\n<li>USB<\/li>\n<\/ul>\n<\/li>\n<li>Colour:\n<ul>\n<li>Black<\/li>\n<li>sRGB<\/li>\n<\/ul>\n<\/li>\n<li>Features:\n<ul>\n<li>Integrated speakers<\/li>\n<li>Front camera<\/li>\n<li>Built-in microphone<\/li>\n<li>R\u00e9tro-\u00e9clair\u00e9<\/li>\n<li>2 loudspeakers<\/li>\n<li>Data protection\/passwords<\/li>\n<li>Adaptateur graphique int\u00e9gr\u00e9<\/li>\n<\/ul>\n<\/li>\n<li>Connections:\n<ul>\n<li>HDMI<\/li>\n<li>RJ45<\/li>\n<li>HDMI 2.1 x 1<\/li>\n<li>USB-C 3.2 Gen 2 (3.1 Gen 2)<\/li>\n<li>PCI Express 4.0<\/li>\n<li>USB-A 3.2<\/li>\n<li>C\u00e2ble jack 3,3 mm<\/li>\n<\/ul>\n<\/li>\n<li>Rapport d&#8217;aspect: 16:10<\/li>\n<li>Connectivity:\n<ul>\n<li>Bluetooth<\/li>\n<li>Wi-Fi<\/li>\n<li>Ethernet LAN<\/li>\n<li>6 GHz Wi-Fi<\/li>\n<\/ul>\n<\/li>\n<li>R\u00e9solution: Full HD<\/li>\n<li>speed:\n<ul>\n<li>2 GHz<\/li>\n<li>10\/100\/1000 Mbps<\/li>\n<li>5 GHz<\/li>\n<\/ul>\n<\/li>\n<li>Cache: 16 MB<\/li>\n<li>Disque dur: 1 TB SSD<\/li>\n<li>Batterie au lithium rechargeable: 70 mAh<\/li>\n<li>Frequency:\n<ul>\n<li>144 Hz<\/li>\n<li>50 &#8211; 60 Hz<\/li>\n<\/ul>\n<\/li>\n<li>Technologie: IPS<\/li>\n<li>Tension: 100 &#8211; 240 V<\/li>\n<li>Syst\u00e8me d&#8217;exploitation: FreeDOS<\/li>\n<li>Non Inclus:\n<ul>\n<li>Type d&#8217;unit\u00e9 optique<\/li>\n<li>Mobile network connection<\/li>\n<\/ul>\n<\/li>\n<li>Utilisation recommand\u00e9e: Jeux<\/li>\n<li>Format:\n<ul>\n<li>M.2<\/li>\n<li>2 x 16 GB<\/li>\n<\/ul>\n<\/li>\n<li>puissance: 230 W<\/li>\n<li>Touch screen: No<\/li>\n<li>Flux lumineux: 300 Lm<\/li>\n<li>Facteur de forme: SO-DIMM<\/li>\n<li>Processeur: AMD Ryzen 7<\/li>\n<li>Ecran: 16&#8243;<\/li>\n<li>Includes:\n<ul>\n<li>Clavier<\/li>\n<li>SSD x 1<\/li>\n<\/ul>\n<\/li>\n<li>Type de stockage: SSD<\/li>\n<li>Battery type: Litio Ion<\/li>\n<li>Noyaux: 8 Noyaux<\/li>\n<li>M\u00e9moire RAM: 32 GB RAM<\/li>\n<li>Resolution (px):\n<ul>\n<li>1920 x 1080 px<\/li>\n<li>1920 x 1200 px<\/li>\n<\/ul>\n<\/li>\n<li>Diagonale de l&#8217;\u00e9cran (cm): 40,6 cm<\/li>\n<li>Temps de charge approx.: 30 minutes<\/li>\n<li>Contr\u00f4leur graphique: AMD RADEON GRAPHICS<\/li>\n<li>Capacit\u00e9 m\u00e9moire graphique: 8 GB<\/li>\n<li>Carte Graphique: geforce rtx 5060<\/li>\n<\/ul>","protected":false},"excerpt":{"rendered":"<p>Si vous \u00eates passionn\u00e9 d&#8217;informatique et d&#8217;\u00e9lectronique, si vous \u00eates \u00e0 la pointe de la technologie et qu&#8217;aucun d\u00e9tail ne<\/p>","protected":false},"featured_media":4385109,"comment_status":"open","ping_status":"closed","template":"","meta":{"_joinchat":[]},"product_brand":[158040],"product_cat":[157516,157583,155043],"product_tag":[157514,157515],"class_list":{"0":"post-4385113","1":"product","2":"type-product","3":"status-publish","4":"has-post-thumbnail","6":"product_brand-brandp_909","7":"product_cat-informatique-electronique","8":"product_cat-informatique-ordinateurs","9":"product_cat-notebooks","10":"product_tag-tag_933","11":"product_tag-tag_1295","13":"first","14":"instock","15":"taxable","16":"shipping-taxable","17":"purchasable","18":"product-type-simple"},"yoast_head":"<!-- This site is optimized with the Yoast SEO plugin v27.2 - https:\/\/yoast.com\/product\/yoast-seo-wordpress\/ -->\n<title>Ordinateur Portable HP BK8A2EA 16&quot; AMD Ryzen 7 32 GB RAM 1 TB SSD geforce rtx 5060 - Tupique<\/title>\n<meta name=\"description\" content=\"Vous cherchez Ordinateur Portable HP BK8A2EA 16&quot; AMD Ryzen 7 32 GB RAM 1 TB SSD geforce rtx 5060 ? Achetez des produits chez Tupique. Profitez de la livraison gratuite pour obtenir Ordinateur Portable HP BK8A2EA 16&quot; AMD Ryzen 7 32 GB RAM 1 TB SSD geforce rtx 5060 d\u00e8s maintenant.\" \/>\n<meta name=\"robots\" content=\"index, follow, max-snippet:-1, max-image-preview:large, max-video-preview:-1\" \/>\n<link rel=\"canonical\" href=\"https:\/\/tupique.com\/en\/product\/ordinateur-portable-hp-bk8a2ea-16-amd-ryzen-7-32-gb-ram-1-tb-ssd-geforce-rtx-5060\/\" \/>\n<meta property=\"og:locale\" content=\"en_GB\" \/>\n<meta property=\"og:type\" content=\"article\" \/>\n<meta property=\"og:title\" content=\"Ordinateur Portable HP BK8A2EA 16&quot; AMD Ryzen 7 32 GB RAM 1 TB SSD geforce rtx 5060 - Tupique\" \/>\n<meta property=\"og:description\" content=\"Vous cherchez Ordinateur Portable HP BK8A2EA 16&quot; AMD Ryzen 7 32 GB RAM 1 TB SSD geforce rtx 5060 ? Achetez des produits chez Tupique. Profitez de la livraison gratuite pour obtenir Ordinateur Portable HP BK8A2EA 16&quot; AMD Ryzen 7 32 GB RAM 1 TB SSD geforce rtx 5060 d\u00e8s maintenant.\" \/>\n<meta property=\"og:url\" content=\"https:\/\/tupique.com\/en\/product\/ordinateur-portable-hp-bk8a2ea-16-amd-ryzen-7-32-gb-ram-1-tb-ssd-geforce-rtx-5060\/\" \/>\n<meta property=\"og:site_name\" content=\"Tupique\" \/>\n<meta name=\"twitter:card\" content=\"summary_large_image\" \/>\n<meta name=\"twitter:label1\" content=\"Estimated reading time\" \/>\n\t<meta name=\"twitter:data1\" content=\"1 minute\" \/>\n<script type=\"application\/ld+json\" class=\"yoast-schema-graph\">{\"@context\":\"https:\/\/schema.org\",\"@graph\":[{\"@type\":\"WebPage\",\"@id\":\"https:\/\/tupique.com\/produit\/ordinateur-portable-hp-bk8a2ea-16-amd-ryzen-7-32-gb-ram-1-tb-ssd-geforce-rtx-5060\/\",\"url\":\"https:\/\/tupique.com\/produit\/ordinateur-portable-hp-bk8a2ea-16-amd-ryzen-7-32-gb-ram-1-tb-ssd-geforce-rtx-5060\/\",\"name\":\"Ordinateur Portable HP BK8A2EA 16\\\" AMD Ryzen 7 32 GB RAM 1 TB SSD geforce rtx 5060 - Tupique\",\"isPartOf\":{\"@id\":\"https:\/\/tupique.com\/#website\"},\"primaryImageOfPage\":{\"@id\":\"https:\/\/tupique.com\/produit\/ordinateur-portable-hp-bk8a2ea-16-amd-ryzen-7-32-gb-ram-1-tb-ssd-geforce-rtx-5060\/#primaryimage\"},\"image\":{\"@id\":\"https:\/\/tupique.com\/produit\/ordinateur-portable-hp-bk8a2ea-16-amd-ryzen-7-32-gb-ram-1-tb-ssd-geforce-rtx-5060\/#primaryimage\"},\"thumbnailUrl\":\"https:\/\/tupique.com\/wp-content\/uploads\/2026\/04\/0199251190247_S0469800_P00.jpg\",\"datePublished\":\"2026-04-08T23:00:11+00:00\",\"description\":\"Vous cherchez Ordinateur Portable HP BK8A2EA 16\\\" AMD Ryzen 7 32 GB RAM 1 TB SSD geforce rtx 5060 ? Achetez des produits chez Tupique. Profitez de la livraison gratuite pour obtenir Ordinateur Portable HP BK8A2EA 16\\\" AMD Ryzen 7 32 GB RAM 1 TB SSD geforce rtx 5060 d\u00e8s maintenant.\",\"breadcrumb\":{\"@id\":\"https:\/\/tupique.com\/produit\/ordinateur-portable-hp-bk8a2ea-16-amd-ryzen-7-32-gb-ram-1-tb-ssd-geforce-rtx-5060\/#breadcrumb\"},\"inLanguage\":\"en-GB\",\"potentialAction\":[{\"@type\":\"ReadAction\",\"target\":[\"https:\/\/tupique.com\/produit\/ordinateur-portable-hp-bk8a2ea-16-amd-ryzen-7-32-gb-ram-1-tb-ssd-geforce-rtx-5060\/\"]}]},{\"@type\":\"ImageObject\",\"inLanguage\":\"en-GB\",\"@id\":\"https:\/\/tupique.com\/produit\/ordinateur-portable-hp-bk8a2ea-16-amd-ryzen-7-32-gb-ram-1-tb-ssd-geforce-rtx-5060\/#primaryimage\",\"url\":\"https:\/\/tupique.com\/wp-content\/uploads\/2026\/04\/0199251190247_S0469800_P00.jpg\",\"contentUrl\":\"https:\/\/tupique.com\/wp-content\/uploads\/2026\/04\/0199251190247_S0469800_P00.jpg\",\"width\":1200,\"height\":1200,\"caption\":\"S0469800_0\"},{\"@type\":\"BreadcrumbList\",\"@id\":\"https:\/\/tupique.com\/produit\/ordinateur-portable-hp-bk8a2ea-16-amd-ryzen-7-32-gb-ram-1-tb-ssd-geforce-rtx-5060\/#breadcrumb\",\"itemListElement\":[{\"@type\":\"ListItem\",\"position\":1,\"name\":\"In\u00edcio\",\"item\":\"https:\/\/tupique.com\/\"},{\"@type\":\"ListItem\",\"position\":2,\"name\":\"Boutique\",\"item\":\"https:\/\/tupique.com\/en\/boutique\/\"},{\"@type\":\"ListItem\",\"position\":3,\"name\":\"Ordinateur Portable HP BK8A2EA 16&#8243; AMD Ryzen 7 32 GB RAM 1 TB SSD geforce rtx 5060\"}]},{\"@type\":\"WebSite\",\"@id\":\"https:\/\/tupique.com\/#website\",\"url\":\"https:\/\/tupique.com\/\",\"name\":\"Tupique\",\"description\":\"Marketplace\",\"publisher\":{\"@id\":\"https:\/\/tupique.com\/#organization\"},\"potentialAction\":[{\"@type\":\"SearchAction\",\"target\":{\"@type\":\"EntryPoint\",\"urlTemplate\":\"https:\/\/tupique.com\/?s={search_term_string}\"},\"query-input\":{\"@type\":\"PropertyValueSpecification\",\"valueRequired\":true,\"valueName\":\"search_term_string\"}}],\"inLanguage\":\"en-GB\"},{\"@type\":\"Organization\",\"@id\":\"https:\/\/tupique.com\/#organization\",\"name\":\"Tupique\",\"url\":\"https:\/\/tupique.com\/\",\"logo\":{\"@type\":\"ImageObject\",\"inLanguage\":\"en-GB\",\"@id\":\"https:\/\/tupique.com\/#\/schema\/logo\/image\/\",\"url\":\"https:\/\/tupique.com\/wp-content\/uploads\/2024\/09\/logo.png\",\"contentUrl\":\"https:\/\/tupique.com\/wp-content\/uploads\/2024\/09\/logo.png\",\"width\":1118,\"height\":310,\"caption\":\"Tupique\"},\"image\":{\"@id\":\"https:\/\/tupique.com\/#\/schema\/logo\/image\/\"}}]}<\/script>\n<!-- \/ Yoast SEO plugin. -->","yoast_head_json":{"title":"Ordinateur Portable HP BK8A2EA 16\" AMD Ryzen 7 32 GB RAM 1 TB SSD geforce rtx 5060 - Tupique","description":"Vous cherchez Ordinateur Portable HP BK8A2EA 16\" AMD Ryzen 7 32 GB RAM 1 TB SSD geforce rtx 5060 ? Achetez des produits chez Tupique. Profitez de la livraison gratuite pour obtenir Ordinateur Portable HP BK8A2EA 16\" AMD Ryzen 7 32 GB RAM 1 TB SSD geforce rtx 5060 d\u00e8s maintenant.","robots":{"index":"index","follow":"follow","max-snippet":"max-snippet:-1","max-image-preview":"max-image-preview:large","max-video-preview":"max-video-preview:-1"},"canonical":"https:\/\/tupique.com\/en\/product\/ordinateur-portable-hp-bk8a2ea-16-amd-ryzen-7-32-gb-ram-1-tb-ssd-geforce-rtx-5060\/","og_locale":"en_GB","og_type":"article","og_title":"Ordinateur Portable HP BK8A2EA 16\" AMD Ryzen 7 32 GB RAM 1 TB SSD geforce rtx 5060 - Tupique","og_description":"Vous cherchez Ordinateur Portable HP BK8A2EA 16\" AMD Ryzen 7 32 GB RAM 1 TB SSD geforce rtx 5060 ? Achetez des produits chez Tupique. Profitez de la livraison gratuite pour obtenir Ordinateur Portable HP BK8A2EA 16\" AMD Ryzen 7 32 GB RAM 1 TB SSD geforce rtx 5060 d\u00e8s maintenant.","og_url":"https:\/\/tupique.com\/en\/product\/ordinateur-portable-hp-bk8a2ea-16-amd-ryzen-7-32-gb-ram-1-tb-ssd-geforce-rtx-5060\/","og_site_name":"Tupique","twitter_card":"summary_large_image","twitter_misc":{"Estimated reading time":"1 minute"},"schema":{"@context":"https:\/\/schema.org","@graph":[{"@type":"WebPage","@id":"https:\/\/tupique.com\/produit\/ordinateur-portable-hp-bk8a2ea-16-amd-ryzen-7-32-gb-ram-1-tb-ssd-geforce-rtx-5060\/","url":"https:\/\/tupique.com\/produit\/ordinateur-portable-hp-bk8a2ea-16-amd-ryzen-7-32-gb-ram-1-tb-ssd-geforce-rtx-5060\/","name":"Ordinateur Portable HP BK8A2EA 16\" AMD Ryzen 7 32 GB RAM 1 TB SSD geforce rtx 5060 - Tupique","isPartOf":{"@id":"https:\/\/tupique.com\/#website"},"primaryImageOfPage":{"@id":"https:\/\/tupique.com\/produit\/ordinateur-portable-hp-bk8a2ea-16-amd-ryzen-7-32-gb-ram-1-tb-ssd-geforce-rtx-5060\/#primaryimage"},"image":{"@id":"https:\/\/tupique.com\/produit\/ordinateur-portable-hp-bk8a2ea-16-amd-ryzen-7-32-gb-ram-1-tb-ssd-geforce-rtx-5060\/#primaryimage"},"thumbnailUrl":"https:\/\/tupique.com\/wp-content\/uploads\/2026\/04\/0199251190247_S0469800_P00.jpg","datePublished":"2026-04-08T23:00:11+00:00","description":"Vous cherchez Ordinateur Portable HP BK8A2EA 16\" AMD Ryzen 7 32 GB RAM 1 TB SSD geforce rtx 5060 ? Achetez des produits chez Tupique. Profitez de la livraison gratuite pour obtenir Ordinateur Portable HP BK8A2EA 16\" AMD Ryzen 7 32 GB RAM 1 TB SSD geforce rtx 5060 d\u00e8s maintenant.","breadcrumb":{"@id":"https:\/\/tupique.com\/produit\/ordinateur-portable-hp-bk8a2ea-16-amd-ryzen-7-32-gb-ram-1-tb-ssd-geforce-rtx-5060\/#breadcrumb"},"inLanguage":"en-GB","potentialAction":[{"@type":"ReadAction","target":["https:\/\/tupique.com\/produit\/ordinateur-portable-hp-bk8a2ea-16-amd-ryzen-7-32-gb-ram-1-tb-ssd-geforce-rtx-5060\/"]}]},{"@type":"ImageObject","inLanguage":"en-GB","@id":"https:\/\/tupique.com\/produit\/ordinateur-portable-hp-bk8a2ea-16-amd-ryzen-7-32-gb-ram-1-tb-ssd-geforce-rtx-5060\/#primaryimage","url":"https:\/\/tupique.com\/wp-content\/uploads\/2026\/04\/0199251190247_S0469800_P00.jpg","contentUrl":"https:\/\/tupique.com\/wp-content\/uploads\/2026\/04\/0199251190247_S0469800_P00.jpg","width":1200,"height":1200,"caption":"S0469800_0"},{"@type":"BreadcrumbList","@id":"https:\/\/tupique.com\/produit\/ordinateur-portable-hp-bk8a2ea-16-amd-ryzen-7-32-gb-ram-1-tb-ssd-geforce-rtx-5060\/#breadcrumb","itemListElement":[{"@type":"ListItem","position":1,"name":"In\u00edcio","item":"https:\/\/tupique.com\/"},{"@type":"ListItem","position":2,"name":"Boutique","item":"https:\/\/tupique.com\/en\/boutique\/"},{"@type":"ListItem","position":3,"name":"Ordinateur Portable HP BK8A2EA 16&#8243; AMD Ryzen 7 32 GB RAM 1 TB SSD geforce rtx 5060"}]},{"@type":"WebSite","@id":"https:\/\/tupique.com\/#website","url":"https:\/\/tupique.com\/","name":"Tupique","description":"Marketplace","publisher":{"@id":"https:\/\/tupique.com\/#organization"},"potentialAction":[{"@type":"SearchAction","target":{"@type":"EntryPoint","urlTemplate":"https:\/\/tupique.com\/?s={search_term_string}"},"query-input":{"@type":"PropertyValueSpecification","valueRequired":true,"valueName":"search_term_string"}}],"inLanguage":"en-GB"},{"@type":"Organization","@id":"https:\/\/tupique.com\/#organization","name":"Tupique","url":"https:\/\/tupique.com\/","logo":{"@type":"ImageObject","inLanguage":"en-GB","@id":"https:\/\/tupique.com\/#\/schema\/logo\/image\/","url":"https:\/\/tupique.com\/wp-content\/uploads\/2024\/09\/logo.png","contentUrl":"https:\/\/tupique.com\/wp-content\/uploads\/2024\/09\/logo.png","width":1118,"height":310,"caption":"Tupique"},"image":{"@id":"https:\/\/tupique.com\/#\/schema\/logo\/image\/"}}]}},"jetpack_sharing_enabled":true,"_links":{"self":[{"href":"https:\/\/tupique.com\/en\/wp-json\/wp\/v2\/product\/4385113","targetHints":{"allow":["GET"]}}],"collection":[{"href":"https:\/\/tupique.com\/en\/wp-json\/wp\/v2\/product"}],"about":[{"href":"https:\/\/tupique.com\/en\/wp-json\/wp\/v2\/types\/product"}],"replies":[{"embeddable":true,"href":"https:\/\/tupique.com\/en\/wp-json\/wp\/v2\/comments?post=4385113"}],"wp:featuredmedia":[{"embeddable":true,"href":"https:\/\/tupique.com\/en\/wp-json\/wp\/v2\/media\/4385109"}],"wp:attachment":[{"href":"https:\/\/tupique.com\/en\/wp-json\/wp\/v2\/media?parent=4385113"}],"wp:term":[{"taxonomy":"product_brand","embeddable":true,"href":"https:\/\/tupique.com\/en\/wp-json\/wp\/v2\/product_brand?post=4385113"},{"taxonomy":"product_cat","embeddable":true,"href":"https:\/\/tupique.com\/en\/wp-json\/wp\/v2\/product_cat?post=4385113"},{"taxonomy":"product_tag","embeddable":true,"href":"https:\/\/tupique.com\/en\/wp-json\/wp\/v2\/product_tag?post=4385113"}],"curies":[{"name":"wp","href":"https:\/\/api.w.org\/{rel}","templated":true}]}}