{"id":4385512,"date":"2026-04-09T01:58:32","date_gmt":"2026-04-09T00:58:32","guid":{"rendered":"https:\/\/tupique.com\/produit\/four-smeg-cof01pgeu-2000-w-19-l\/"},"modified":"2026-04-09T01:58:32","modified_gmt":"2026-04-09T00:58:32","slug":"four-smeg-cof01pgeu-2000-w-19-l","status":"publish","type":"product","link":"https:\/\/tupique.com\/en\/product\/four-smeg-cof01pgeu-2000-w-19-l\/","title":{"rendered":"Four Smeg COF01PGEU 2000 W 19 L"},"content":{"rendered":"<p>If you're thinking of renovating your kitchen, buy <b>Four Smeg COF01PGEU 2000 W 19 L<\/b> and other <b>produits Smeg<\/b> !<\/p>\n<p>Le <b>four<\/b> Smeg <b>COF01PGEU<\/b> associe l\u2019\u00e9l\u00e9gance du design r\u00e9tro italien \u00e0 des fonctionnalit\u00e9s modernes pour offrir une exp\u00e9rience culinaire polyvalente et efficace, aussi bien \u00e0 la maison que dans des cuisines sophistiqu\u00e9es. Avec une <b>puissance de 2000 W<\/b>, ce four \u00e9lectrique atteint rapidement la temp\u00e9rature souhait\u00e9e, optimisant le temps de cuisson pour une grande vari\u00e9t\u00e9 de recettes, des r\u00f4tis et gratins \u00e0 la p\u00e2tisserie fine. Sa <b>capacit\u00e9 de 19 litres<\/b> est id\u00e9ale pour les petits espaces sans sacrifier la possibilit\u00e9 de pr\u00e9parer des portions g\u00e9n\u00e9reuses, ce qui le rend particuli\u00e8rement pratique pour ceux qui souhaitent optimiser chaque centim\u00e8tre de leur cuisine. La finition en <b>vert<\/b> et les d\u00e9tails en <b>plastique<\/b> de haute qualit\u00e9 apportent une touche distinctive qui s\u2019int\u00e8gre facilement aux styles contemporains et classiques. Parmi ses caract\u00e9ristiques les plus appr\u00e9ci\u00e9es figurent l\u2019<b>integrated screen<\/b>, qui simplifie le contr\u00f4le du temps et de la temp\u00e9rature, ainsi que la fonction <b>multifonction<\/b>, con\u00e7ue pour s\u2019adapter \u00e0 diff\u00e9rents modes de cuisson comme le grill, la cuisson traditionnelle ou la d\u00e9cong\u00e9lation ; cela \u00e9largit consid\u00e9rablement les possibilit\u00e9s d\u2019utilisation, permettant d\u2019obtenir des r\u00e9sultats professionnels \u00e0 la maison. Le design <b>facile \u00e0 nettoyer<\/b> garantit un entretien simple apr\u00e8s chaque utilisation, contribuant \u00e0 garder le four en parfait \u00e9tat, tandis que la prise en main intuitive r\u00e9pond aux besoins quotidiens, m\u00eame lors de routines exigeantes. Le Smeg COF01PGEU se distingue comme un appareil compact mais complet, pens\u00e9 pour ceux qui appr\u00e9cient l\u2019efficacit\u00e9, le design et la fonctionnalit\u00e9 en cuisine.<\/p>\n<ul>\n<li>Type de four: Four<\/li>\n<li>Plug-in product: Yes<\/li>\n<li>Socket type: EU socket<\/li>\n<li>Couleur: Vert<\/li>\n<li>Material: Plastic<\/li>\n<li>Features:\n<ul>\n<li>\u00c9lectrique<\/li>\n<li>Integrated screen<\/li>\n<li>Facile \u00e0 nettoyer<\/li>\n<li>Multifonction<\/li>\n<li>Utilisation pratique et simple<\/li>\n<li>Int\u00e9gr\u00e9<\/li>\n<\/ul>\n<\/li>\n<li>Functions:\n<ul>\n<li>Watch<\/li>\n<li>Timer<\/li>\n<li>Grill<\/li>\n<li>Microwave<\/li>\n<li>Four multifonction<\/li>\n<li>Programmes automatiques<\/li>\n<\/ul>\n<\/li>\n<li>Type d&#8217;installation: Auto-assemblage<\/li>\n<li>puissance: 2000 W<\/li>\n<li>Bloc d\u2019Alimentation: r\u00e9seau \u00e9lectrique<\/li>\n<li>Grill: Oui<\/li>\n<li>Technologie: Multifonction<\/li>\n<li>Temp\u00e9rature max.: 250\u00baC<\/li>\n<li>Capacit\u00e9: 19 L<\/li>\n<li>Connectivit\u00e9: No<\/li>\n<\/ul>","protected":false},"excerpt":{"rendered":"<p><span class=\"unit-info\">47.5784 &euro; \/ 1 l<\/span><\/p>","protected":false},"featured_media":4385510,"comment_status":"open","ping_status":"closed","template":"","meta":{"_joinchat":[]},"product_brand":[158221],"product_cat":[157538,158067,157539],"product_tag":[157544],"class_list":{"0":"post-4385512","1":"product","2":"type-product","3":"status-publish","4":"has-post-thumbnail","6":"product_brand-brandp_1072","7":"product_cat-cuisine-gourmet","8":"product_cat-fours","9":"product_cat-petit-electromenager","10":"product_tag-tag_926","12":"first","13":"outofstock","14":"taxable","15":"shipping-taxable","16":"purchasable","17":"product-type-simple"},"yoast_head":"<!-- This site is optimized with the Yoast SEO plugin v27.2 - https:\/\/yoast.com\/product\/yoast-seo-wordpress\/ -->\n<title>Four Smeg COF01PGEU 2000 W 19 L - Tupique<\/title>\n<meta name=\"description\" content=\"Vous cherchez Four Smeg COF01PGEU 2000 W 19 L ? Achetez des produits chez Tupique. Profitez de la livraison gratuite pour obtenir Four Smeg COF01PGEU 2000 W 19 L d\u00e8s maintenant.\" \/>\n<meta name=\"robots\" content=\"index, follow, max-snippet:-1, max-image-preview:large, max-video-preview:-1\" \/>\n<link rel=\"canonical\" href=\"https:\/\/tupique.com\/en\/product\/four-smeg-cof01pgeu-2000-w-19-l\/\" \/>\n<meta property=\"og:locale\" content=\"en_GB\" \/>\n<meta property=\"og:type\" content=\"article\" \/>\n<meta property=\"og:title\" content=\"Four Smeg COF01PGEU 2000 W 19 L - Tupique\" \/>\n<meta property=\"og:description\" content=\"Vous cherchez Four Smeg COF01PGEU 2000 W 19 L ? Achetez des produits chez Tupique. Profitez de la livraison gratuite pour obtenir Four Smeg COF01PGEU 2000 W 19 L d\u00e8s maintenant.\" \/>\n<meta property=\"og:url\" content=\"https:\/\/tupique.com\/en\/product\/four-smeg-cof01pgeu-2000-w-19-l\/\" \/>\n<meta property=\"og:site_name\" content=\"Tupique\" \/>\n<meta name=\"twitter:card\" content=\"summary_large_image\" \/>\n<meta name=\"twitter:label1\" content=\"Estimated reading time\" \/>\n\t<meta name=\"twitter:data1\" content=\"2 minutes\" \/>\n<script type=\"application\/ld+json\" class=\"yoast-schema-graph\">{\"@context\":\"https:\/\/schema.org\",\"@graph\":[{\"@type\":\"WebPage\",\"@id\":\"https:\/\/tupique.com\/produit\/four-smeg-cof01pgeu-2000-w-19-l\/\",\"url\":\"https:\/\/tupique.com\/produit\/four-smeg-cof01pgeu-2000-w-19-l\/\",\"name\":\"Four Smeg COF01PGEU 2000 W 19 L - Tupique\",\"isPartOf\":{\"@id\":\"https:\/\/tupique.com\/#website\"},\"primaryImageOfPage\":{\"@id\":\"https:\/\/tupique.com\/produit\/four-smeg-cof01pgeu-2000-w-19-l\/#primaryimage\"},\"image\":{\"@id\":\"https:\/\/tupique.com\/produit\/four-smeg-cof01pgeu-2000-w-19-l\/#primaryimage\"},\"thumbnailUrl\":\"https:\/\/tupique.com\/wp-content\/uploads\/2026\/04\/8017709333881_R00.jpg\",\"datePublished\":\"2026-04-09T00:58:32+00:00\",\"description\":\"Vous cherchez Four Smeg COF01PGEU 2000 W 19 L ? Achetez des produits chez Tupique. Profitez de la livraison gratuite pour obtenir Four Smeg COF01PGEU 2000 W 19 L d\u00e8s maintenant.\",\"breadcrumb\":{\"@id\":\"https:\/\/tupique.com\/produit\/four-smeg-cof01pgeu-2000-w-19-l\/#breadcrumb\"},\"inLanguage\":\"en-GB\",\"potentialAction\":[{\"@type\":\"ReadAction\",\"target\":[\"https:\/\/tupique.com\/produit\/four-smeg-cof01pgeu-2000-w-19-l\/\"]}]},{\"@type\":\"ImageObject\",\"inLanguage\":\"en-GB\",\"@id\":\"https:\/\/tupique.com\/produit\/four-smeg-cof01pgeu-2000-w-19-l\/#primaryimage\",\"url\":\"https:\/\/tupique.com\/wp-content\/uploads\/2026\/04\/8017709333881_R00.jpg\",\"contentUrl\":\"https:\/\/tupique.com\/wp-content\/uploads\/2026\/04\/8017709333881_R00.jpg\",\"width\":1200,\"height\":1200,\"caption\":\"S8111291_0\"},{\"@type\":\"BreadcrumbList\",\"@id\":\"https:\/\/tupique.com\/produit\/four-smeg-cof01pgeu-2000-w-19-l\/#breadcrumb\",\"itemListElement\":[{\"@type\":\"ListItem\",\"position\":1,\"name\":\"In\u00edcio\",\"item\":\"https:\/\/tupique.com\/\"},{\"@type\":\"ListItem\",\"position\":2,\"name\":\"Boutique\",\"item\":\"https:\/\/tupique.com\/en\/boutique\/\"},{\"@type\":\"ListItem\",\"position\":3,\"name\":\"Four Smeg COF01PGEU 2000 W 19 L\"}]},{\"@type\":\"WebSite\",\"@id\":\"https:\/\/tupique.com\/#website\",\"url\":\"https:\/\/tupique.com\/\",\"name\":\"Tupique\",\"description\":\"Marketplace\",\"publisher\":{\"@id\":\"https:\/\/tupique.com\/#organization\"},\"potentialAction\":[{\"@type\":\"SearchAction\",\"target\":{\"@type\":\"EntryPoint\",\"urlTemplate\":\"https:\/\/tupique.com\/?s={search_term_string}\"},\"query-input\":{\"@type\":\"PropertyValueSpecification\",\"valueRequired\":true,\"valueName\":\"search_term_string\"}}],\"inLanguage\":\"en-GB\"},{\"@type\":\"Organization\",\"@id\":\"https:\/\/tupique.com\/#organization\",\"name\":\"Tupique\",\"url\":\"https:\/\/tupique.com\/\",\"logo\":{\"@type\":\"ImageObject\",\"inLanguage\":\"en-GB\",\"@id\":\"https:\/\/tupique.com\/#\/schema\/logo\/image\/\",\"url\":\"https:\/\/tupique.com\/wp-content\/uploads\/2024\/09\/logo.png\",\"contentUrl\":\"https:\/\/tupique.com\/wp-content\/uploads\/2024\/09\/logo.png\",\"width\":1118,\"height\":310,\"caption\":\"Tupique\"},\"image\":{\"@id\":\"https:\/\/tupique.com\/#\/schema\/logo\/image\/\"}}]}<\/script>\n<!-- \/ Yoast SEO plugin. -->","yoast_head_json":{"title":"Four Smeg COF01PGEU 2000 W 19 L - Tupique","description":"Vous cherchez Four Smeg COF01PGEU 2000 W 19 L ? Achetez des produits chez Tupique. Profitez de la livraison gratuite pour obtenir Four Smeg COF01PGEU 2000 W 19 L d\u00e8s maintenant.","robots":{"index":"index","follow":"follow","max-snippet":"max-snippet:-1","max-image-preview":"max-image-preview:large","max-video-preview":"max-video-preview:-1"},"canonical":"https:\/\/tupique.com\/en\/product\/four-smeg-cof01pgeu-2000-w-19-l\/","og_locale":"en_GB","og_type":"article","og_title":"Four Smeg COF01PGEU 2000 W 19 L - Tupique","og_description":"Vous cherchez Four Smeg COF01PGEU 2000 W 19 L ? Achetez des produits chez Tupique. Profitez de la livraison gratuite pour obtenir Four Smeg COF01PGEU 2000 W 19 L d\u00e8s maintenant.","og_url":"https:\/\/tupique.com\/en\/product\/four-smeg-cof01pgeu-2000-w-19-l\/","og_site_name":"Tupique","twitter_card":"summary_large_image","twitter_misc":{"Estimated reading time":"2 minutes"},"schema":{"@context":"https:\/\/schema.org","@graph":[{"@type":"WebPage","@id":"https:\/\/tupique.com\/produit\/four-smeg-cof01pgeu-2000-w-19-l\/","url":"https:\/\/tupique.com\/produit\/four-smeg-cof01pgeu-2000-w-19-l\/","name":"Four Smeg COF01PGEU 2000 W 19 L - Tupique","isPartOf":{"@id":"https:\/\/tupique.com\/#website"},"primaryImageOfPage":{"@id":"https:\/\/tupique.com\/produit\/four-smeg-cof01pgeu-2000-w-19-l\/#primaryimage"},"image":{"@id":"https:\/\/tupique.com\/produit\/four-smeg-cof01pgeu-2000-w-19-l\/#primaryimage"},"thumbnailUrl":"https:\/\/tupique.com\/wp-content\/uploads\/2026\/04\/8017709333881_R00.jpg","datePublished":"2026-04-09T00:58:32+00:00","description":"Vous cherchez Four Smeg COF01PGEU 2000 W 19 L ? Achetez des produits chez Tupique. Profitez de la livraison gratuite pour obtenir Four Smeg COF01PGEU 2000 W 19 L d\u00e8s maintenant.","breadcrumb":{"@id":"https:\/\/tupique.com\/produit\/four-smeg-cof01pgeu-2000-w-19-l\/#breadcrumb"},"inLanguage":"en-GB","potentialAction":[{"@type":"ReadAction","target":["https:\/\/tupique.com\/produit\/four-smeg-cof01pgeu-2000-w-19-l\/"]}]},{"@type":"ImageObject","inLanguage":"en-GB","@id":"https:\/\/tupique.com\/produit\/four-smeg-cof01pgeu-2000-w-19-l\/#primaryimage","url":"https:\/\/tupique.com\/wp-content\/uploads\/2026\/04\/8017709333881_R00.jpg","contentUrl":"https:\/\/tupique.com\/wp-content\/uploads\/2026\/04\/8017709333881_R00.jpg","width":1200,"height":1200,"caption":"S8111291_0"},{"@type":"BreadcrumbList","@id":"https:\/\/tupique.com\/produit\/four-smeg-cof01pgeu-2000-w-19-l\/#breadcrumb","itemListElement":[{"@type":"ListItem","position":1,"name":"In\u00edcio","item":"https:\/\/tupique.com\/"},{"@type":"ListItem","position":2,"name":"Boutique","item":"https:\/\/tupique.com\/en\/boutique\/"},{"@type":"ListItem","position":3,"name":"Four Smeg COF01PGEU 2000 W 19 L"}]},{"@type":"WebSite","@id":"https:\/\/tupique.com\/#website","url":"https:\/\/tupique.com\/","name":"Tupique","description":"Marketplace","publisher":{"@id":"https:\/\/tupique.com\/#organization"},"potentialAction":[{"@type":"SearchAction","target":{"@type":"EntryPoint","urlTemplate":"https:\/\/tupique.com\/?s={search_term_string}"},"query-input":{"@type":"PropertyValueSpecification","valueRequired":true,"valueName":"search_term_string"}}],"inLanguage":"en-GB"},{"@type":"Organization","@id":"https:\/\/tupique.com\/#organization","name":"Tupique","url":"https:\/\/tupique.com\/","logo":{"@type":"ImageObject","inLanguage":"en-GB","@id":"https:\/\/tupique.com\/#\/schema\/logo\/image\/","url":"https:\/\/tupique.com\/wp-content\/uploads\/2024\/09\/logo.png","contentUrl":"https:\/\/tupique.com\/wp-content\/uploads\/2024\/09\/logo.png","width":1118,"height":310,"caption":"Tupique"},"image":{"@id":"https:\/\/tupique.com\/#\/schema\/logo\/image\/"}}]}},"jetpack_sharing_enabled":true,"_links":{"self":[{"href":"https:\/\/tupique.com\/en\/wp-json\/wp\/v2\/product\/4385512","targetHints":{"allow":["GET"]}}],"collection":[{"href":"https:\/\/tupique.com\/en\/wp-json\/wp\/v2\/product"}],"about":[{"href":"https:\/\/tupique.com\/en\/wp-json\/wp\/v2\/types\/product"}],"replies":[{"embeddable":true,"href":"https:\/\/tupique.com\/en\/wp-json\/wp\/v2\/comments?post=4385512"}],"wp:featuredmedia":[{"embeddable":true,"href":"https:\/\/tupique.com\/en\/wp-json\/wp\/v2\/media\/4385510"}],"wp:attachment":[{"href":"https:\/\/tupique.com\/en\/wp-json\/wp\/v2\/media?parent=4385512"}],"wp:term":[{"taxonomy":"product_brand","embeddable":true,"href":"https:\/\/tupique.com\/en\/wp-json\/wp\/v2\/product_brand?post=4385512"},{"taxonomy":"product_cat","embeddable":true,"href":"https:\/\/tupique.com\/en\/wp-json\/wp\/v2\/product_cat?post=4385512"},{"taxonomy":"product_tag","embeddable":true,"href":"https:\/\/tupique.com\/en\/wp-json\/wp\/v2\/product_tag?post=4385512"}],"curies":[{"name":"wp","href":"https:\/\/api.w.org\/{rel}","templated":true}]}}