{"id":4385609,"date":"2026-04-09T02:00:34","date_gmt":"2026-04-09T01:00:34","guid":{"rendered":"https:\/\/tupique.com\/produit\/smartphone-honor-magic-8-pro-68-snapdragon-888-12-gb-ram-512-gb-dore\/"},"modified":"2026-04-09T02:00:34","modified_gmt":"2026-04-09T01:00:34","slug":"smartphone-honor-magic-8-pro-68-snapdragon-888-12-gb-ram-512-gb-dore","status":"publish","type":"product","link":"https:\/\/tupique.com\/en\/product\/smartphone-honor-magic-8-pro-68-snapdragon-888-12-gb-ram-512-gb-dore\/","title":{"rendered":"Smartphone Honor MAGIC 8 PRO 6,8&#8243; Snapdragon 888 12 GB RAM 512 GB Dor\u00e9"},"content":{"rendered":"<p>If you are passionate about\u2019<b>computer science and electronics<\/b>, If you're at the cutting edge of technology and don't want to miss a thing, buy <b>Smartphone Honor MAGIC 8 PRO 6,8&#8243; Snapdragon 888 12 GB RAM 512 GB Dor\u00e9<\/b> at the best price.<\/p>\n<p>Le <b>Honor MAGIC 8 PRO<\/b> est un <b>smartphone<\/b> avanc\u00e9 qui associe un design raffin\u00e9 en <b>or<\/b> \u00e0 des performances techniques de haut niveau, destin\u00e9 aux utilisateurs exigeant fluidit\u00e9, capacit\u00e9 et fonctionnalit\u00e9 sur leur appareil mobile. Il se distingue par son <b>grand \u00e9cran de 6,8 pouces<\/b>, offrant une exp\u00e9rience visuelle immersive, id\u00e9ale pour profiter de contenus multim\u00e9dias et travailler en d\u00e9placement. Dot\u00e9 de <b>12 Go de RAM<\/b>, ce mod\u00e8le permet un multit\u00e2che intensif et l\u2019ex\u00e9cution d\u2019applications exigeantes sans perte de performance, tandis que ses <b>512 Go de stockage interne<\/b> offrent un vaste espace pour conserver fichiers, applications et photos sans se soucier de la capacit\u00e9. L\u2019int\u00e9gration de fonctionnalit\u00e9s telles que <b>commande de volume physique<\/b>, <b>GPS<\/b> pour une navigation pr\u00e9cise, <b>acc\u00e9l\u00e9rom\u00e8tre<\/b> pour une interaction intuitive avec l\u2019interface et <b>r\u00e9sistance \u00e0 l\u2019eau<\/b> en fait un appareil tr\u00e8s complet, pr\u00eat pour un usage quotidien m\u00eame dans des conditions difficiles. C\u00f4t\u00e9 photo, il dispose d\u2019une <b>front camera<\/b> haute r\u00e9solution id\u00e9ale pour des appels vid\u00e9o nets et des selfies de qualit\u00e9 professionnelle. La finition dor\u00e9e apporte distinction et modernit\u00e9, tandis que l\u2019ergonomie et la robustesse du smartphone assurent une prise en main confortable et s\u00fbre en toutes circonstances. Ce smartphone r\u00e9pond aux attentes de ceux qui recherchent un \u00e9quilibre entre design \u00e9l\u00e9gant, sp\u00e9cifications puissantes et fonctionnalit\u00e9 compl\u00e8te, se positionnant comme une option comp\u00e9titive dans le segment haut de gamme.<\/p>\n<ul>\n<li>Type: Smartphone<\/li>\n<li>Plug-in product: Yes<\/li>\n<li>Socket type: EU socket<\/li>\n<li>Features:\n<ul>\n<li>Contr\u00f4le du volume<\/li>\n<li>Water-resistant<\/li>\n<li>GPS<\/li>\n<li>Accelerometer<\/li>\n<li>Front camera<\/li>\n<li>Flash<\/li>\n<li>Enregistrement vid\u00e9o<\/li>\n<li>M\u00e9moire extensible<\/li>\n<li>Colour screen<\/li>\n<li>Touch screen<\/li>\n<li>Reconnaissance faciale<\/li>\n<li>Capteur d&#8217;empreintes digitales<\/li>\n<li>Capteur d&#8217;identit\u00e9 par empreintes digitales<\/li>\n<li>Ambient light sensor<\/li>\n<li>Cam\u00e9ra\/Appareil Photo<\/li>\n<li>Chargement sans fil<\/li>\n<li>eSIM<\/li>\n<li>Gyroscope<\/li>\n<li>\u00c9cran OLED<\/li>\n<li>R\u00e9sistant \u00e0 la poussi\u00e8re<\/li>\n<li>Appel vid\u00e9o<\/li>\n<li>Double emplacement pour carte SIM<\/li>\n<li>NFC<\/li>\n<li>Emplacement SIM<\/li>\n<li>Dual SIM<\/li>\n<li>R\u00e9sistant<\/li>\n<li>USB<\/li>\n<li>Manuel<\/li>\n<li>Alarm<\/li>\n<li>Built-in microphone<\/li>\n<li>R\u00e9sistant aux \u00e9claboussures<\/li>\n<li>Vibration<\/li>\n<li>Chargeur<\/li>\n<li>Port USB<\/li>\n<li>Voice control<\/li>\n<li>HDR<\/li>\n<li>Zoom Num\u00e9rique<\/li>\n<li>Battery<\/li>\n<li>Voix HD<\/li>\n<li>R\u00e9sistance aux chocs<\/li>\n<li>R\u00e9tro-\u00e9clair\u00e9<\/li>\n<li>Wi-Fi<\/li>\n<li>Integrated screen<\/li>\n<li>Wireless<\/li>\n<li>Boussole<\/li>\n<li>Watch<\/li>\n<li>Bouton marche\/arr\u00eat<\/li>\n<li>LED indicator<\/li>\n<li>R\u00e9sistant aux rayures<\/li>\n<li>St\u00e9r\u00e9o<\/li>\n<li>\u00c9cran HD<\/li>\n<li>GSM<\/li>\n<li>Notifications LED<\/li>\n<li>Full HD<\/li>\n<li>Android<\/li>\n<li>Interface USB<\/li>\n<li>\u00c9tanch\u00e9it\u00e9 (IP67)<\/li>\n<li>Fonctions mains libres<\/li>\n<li>Lecteur d&#8217;empreinte<\/li>\n<li>Capteur de lumi\u00e8re<\/li>\n<li>HDR10<\/li>\n<li>Syst\u00e8me de reconnaissance faciale<\/li>\n<li>Google Assistant<\/li>\n<li>Agenda<\/li>\n<li>MP3<\/li>\n<li>R\u00e9sistant aux Chuttes<\/li>\n<li>Tactile<\/li>\n<li>Webcam<\/li>\n<li>Electronic compass<\/li>\n<li>Integrated speakers<\/li>\n<li>Chargement rapide<\/li>\n<li>Cam\u00e9ra arri\u00e8re<\/li>\n<li>Capteur de proximit\u00e9<\/li>\n<li>Gorilla Glass<\/li>\n<li>Screen with rounded corners<\/li>\n<li>\u00c9cran plat<\/li>\n<\/ul>\n<\/li>\n<li>Connexions: USB-C<\/li>\n<li>Connectivity:\n<ul>\n<li>Bluetooth<\/li>\n<li>5G<\/li>\n<\/ul>\n<\/li>\n<li>Operating system: Android<\/li>\n<li>Couleur: Dor\u00e9<\/li>\n<li>M\u00e9moire RAM: 12 GB RAM<\/li>\n<li>Ecran: 6,8&#8243;<\/li>\n<li>R\u00e9solution: FHD+<\/li>\n<li>Cam\u00e9ra\/Appareil Photo: Avant (16 Mpx) et Arri\u00e8re (64 + 8 + 2 + 2 Mpx)<\/li>\n<li>SIM: Dual SIM<\/li>\n<li>Technologie: OLED<\/li>\n<li>Internal memory: 512 GB<\/li>\n<li>Processeur: Snapdragon 888<\/li>\n<li>Noyaux: 8 Noyaux<\/li>\n<li>Capacit\u00e9 de la batterie: 5600 mAh<\/li>\n<li>Diagonale de l&#8217;\u00e9cran (cm): 17,2 cm<\/li>\n<li>R\u00e9solution (px): 2800 X 1752 PX<\/li>\n<li>Indice de r\u00e9parabilit\u00e9: 8.2<\/li>\n<\/ul>","protected":false},"excerpt":{"rendered":"<p>Si vous \u00eates passionn\u00e9 d&#8217;informatique et d&#8217;\u00e9lectronique, si vous \u00eates \u00e0 la pointe de la technologie et qu&#8217;aucun d\u00e9tail ne<\/p>","protected":false},"featured_media":4385607,"comment_status":"open","ping_status":"closed","template":"","meta":{"_joinchat":[]},"product_brand":[158128],"product_cat":[157523,157516,157524],"product_tag":[157514,157522,157515],"class_list":{"0":"post-4385609","1":"product","2":"type-product","3":"status-publish","4":"has-post-thumbnail","6":"product_brand-brandp_1272","7":"product_cat-electronique-telephonie-et-tablettes","8":"product_cat-informatique-electronique","9":"product_cat-telephones-portables","10":"product_tag-tag_933","11":"product_tag-tag_547","12":"product_tag-tag_1295","14":"first","15":"instock","16":"taxable","17":"shipping-taxable","18":"purchasable","19":"product-type-simple"},"yoast_head":"<!-- This site is optimized with the Yoast SEO plugin v27.2 - https:\/\/yoast.com\/product\/yoast-seo-wordpress\/ -->\n<title>Smartphone Honor MAGIC 8 PRO 6,8&quot; Snapdragon 888 12 GB RAM 512 GB Dor\u00e9 - Tupique<\/title>\n<meta name=\"description\" content=\"Vous cherchez Smartphone Honor MAGIC 8 PRO 6,8&quot; Snapdragon 888 12 GB RAM 512 GB Dor\u00e9 ? Achetez des produits chez Tupique. Profitez de la livraison gratuite pour obtenir Smartphone Honor MAGIC 8 PRO 6,8&quot; Snapdragon 888 12 GB RAM 512 GB Dor\u00e9 d\u00e8s maintenant.\" \/>\n<meta name=\"robots\" content=\"index, follow, max-snippet:-1, max-image-preview:large, max-video-preview:-1\" \/>\n<link rel=\"canonical\" href=\"https:\/\/tupique.com\/en\/product\/smartphone-honor-magic-8-pro-68-snapdragon-888-12-gb-ram-512-gb-dore\/\" \/>\n<meta property=\"og:locale\" content=\"en_GB\" \/>\n<meta property=\"og:type\" content=\"article\" \/>\n<meta property=\"og:title\" content=\"Smartphone Honor MAGIC 8 PRO 6,8&quot; Snapdragon 888 12 GB RAM 512 GB Dor\u00e9 - Tupique\" \/>\n<meta property=\"og:description\" content=\"Vous cherchez Smartphone Honor MAGIC 8 PRO 6,8&quot; Snapdragon 888 12 GB RAM 512 GB Dor\u00e9 ? Achetez des produits chez Tupique. Profitez de la livraison gratuite pour obtenir Smartphone Honor MAGIC 8 PRO 6,8&quot; Snapdragon 888 12 GB RAM 512 GB Dor\u00e9 d\u00e8s maintenant.\" \/>\n<meta property=\"og:url\" content=\"https:\/\/tupique.com\/en\/product\/smartphone-honor-magic-8-pro-68-snapdragon-888-12-gb-ram-512-gb-dore\/\" \/>\n<meta property=\"og:site_name\" content=\"Tupique\" \/>\n<meta name=\"twitter:card\" content=\"summary_large_image\" \/>\n<meta name=\"twitter:label1\" content=\"Estimated reading time\" \/>\n\t<meta name=\"twitter:data1\" content=\"2 minutes\" \/>\n<script type=\"application\/ld+json\" class=\"yoast-schema-graph\">{\"@context\":\"https:\/\/schema.org\",\"@graph\":[{\"@type\":\"WebPage\",\"@id\":\"https:\/\/tupique.com\/produit\/smartphone-honor-magic-8-pro-68-snapdragon-888-12-gb-ram-512-gb-dore\/\",\"url\":\"https:\/\/tupique.com\/produit\/smartphone-honor-magic-8-pro-68-snapdragon-888-12-gb-ram-512-gb-dore\/\",\"name\":\"Smartphone Honor MAGIC 8 PRO 6,8\\\" Snapdragon 888 12 GB RAM 512 GB Dor\u00e9 - Tupique\",\"isPartOf\":{\"@id\":\"https:\/\/tupique.com\/#website\"},\"primaryImageOfPage\":{\"@id\":\"https:\/\/tupique.com\/produit\/smartphone-honor-magic-8-pro-68-snapdragon-888-12-gb-ram-512-gb-dore\/#primaryimage\"},\"image\":{\"@id\":\"https:\/\/tupique.com\/produit\/smartphone-honor-magic-8-pro-68-snapdragon-888-12-gb-ram-512-gb-dore\/#primaryimage\"},\"thumbnailUrl\":\"https:\/\/tupique.com\/wp-content\/uploads\/2026\/04\/6936520882885_R10.jpg\",\"datePublished\":\"2026-04-09T01:00:34+00:00\",\"description\":\"Vous cherchez Smartphone Honor MAGIC 8 PRO 6,8\\\" Snapdragon 888 12 GB RAM 512 GB Dor\u00e9 ? Achetez des produits chez Tupique. Profitez de la livraison gratuite pour obtenir Smartphone Honor MAGIC 8 PRO 6,8\\\" Snapdragon 888 12 GB RAM 512 GB Dor\u00e9 d\u00e8s maintenant.\",\"breadcrumb\":{\"@id\":\"https:\/\/tupique.com\/produit\/smartphone-honor-magic-8-pro-68-snapdragon-888-12-gb-ram-512-gb-dore\/#breadcrumb\"},\"inLanguage\":\"en-GB\",\"potentialAction\":[{\"@type\":\"ReadAction\",\"target\":[\"https:\/\/tupique.com\/produit\/smartphone-honor-magic-8-pro-68-snapdragon-888-12-gb-ram-512-gb-dore\/\"]}]},{\"@type\":\"ImageObject\",\"inLanguage\":\"en-GB\",\"@id\":\"https:\/\/tupique.com\/produit\/smartphone-honor-magic-8-pro-68-snapdragon-888-12-gb-ram-512-gb-dore\/#primaryimage\",\"url\":\"https:\/\/tupique.com\/wp-content\/uploads\/2026\/04\/6936520882885_R10.jpg\",\"contentUrl\":\"https:\/\/tupique.com\/wp-content\/uploads\/2026\/04\/6936520882885_R10.jpg\",\"width\":1200,\"height\":1200,\"caption\":\"S8111912_0\"},{\"@type\":\"BreadcrumbList\",\"@id\":\"https:\/\/tupique.com\/produit\/smartphone-honor-magic-8-pro-68-snapdragon-888-12-gb-ram-512-gb-dore\/#breadcrumb\",\"itemListElement\":[{\"@type\":\"ListItem\",\"position\":1,\"name\":\"In\u00edcio\",\"item\":\"https:\/\/tupique.com\/\"},{\"@type\":\"ListItem\",\"position\":2,\"name\":\"Boutique\",\"item\":\"https:\/\/tupique.com\/en\/boutique\/\"},{\"@type\":\"ListItem\",\"position\":3,\"name\":\"Smartphone Honor MAGIC 8 PRO 6,8&#8243; Snapdragon 888 12 GB RAM 512 GB Dor\u00e9\"}]},{\"@type\":\"WebSite\",\"@id\":\"https:\/\/tupique.com\/#website\",\"url\":\"https:\/\/tupique.com\/\",\"name\":\"Tupique\",\"description\":\"Marketplace\",\"publisher\":{\"@id\":\"https:\/\/tupique.com\/#organization\"},\"potentialAction\":[{\"@type\":\"SearchAction\",\"target\":{\"@type\":\"EntryPoint\",\"urlTemplate\":\"https:\/\/tupique.com\/?s={search_term_string}\"},\"query-input\":{\"@type\":\"PropertyValueSpecification\",\"valueRequired\":true,\"valueName\":\"search_term_string\"}}],\"inLanguage\":\"en-GB\"},{\"@type\":\"Organization\",\"@id\":\"https:\/\/tupique.com\/#organization\",\"name\":\"Tupique\",\"url\":\"https:\/\/tupique.com\/\",\"logo\":{\"@type\":\"ImageObject\",\"inLanguage\":\"en-GB\",\"@id\":\"https:\/\/tupique.com\/#\/schema\/logo\/image\/\",\"url\":\"https:\/\/tupique.com\/wp-content\/uploads\/2024\/09\/logo.png\",\"contentUrl\":\"https:\/\/tupique.com\/wp-content\/uploads\/2024\/09\/logo.png\",\"width\":1118,\"height\":310,\"caption\":\"Tupique\"},\"image\":{\"@id\":\"https:\/\/tupique.com\/#\/schema\/logo\/image\/\"}}]}<\/script>\n<!-- \/ Yoast SEO plugin. -->","yoast_head_json":{"title":"Smartphone Honor MAGIC 8 PRO 6,8\" Snapdragon 888 12 GB RAM 512 GB Dor\u00e9 - Tupique","description":"Vous cherchez Smartphone Honor MAGIC 8 PRO 6,8\" Snapdragon 888 12 GB RAM 512 GB Dor\u00e9 ? Achetez des produits chez Tupique. Profitez de la livraison gratuite pour obtenir Smartphone Honor MAGIC 8 PRO 6,8\" Snapdragon 888 12 GB RAM 512 GB Dor\u00e9 d\u00e8s maintenant.","robots":{"index":"index","follow":"follow","max-snippet":"max-snippet:-1","max-image-preview":"max-image-preview:large","max-video-preview":"max-video-preview:-1"},"canonical":"https:\/\/tupique.com\/en\/product\/smartphone-honor-magic-8-pro-68-snapdragon-888-12-gb-ram-512-gb-dore\/","og_locale":"en_GB","og_type":"article","og_title":"Smartphone Honor MAGIC 8 PRO 6,8\" Snapdragon 888 12 GB RAM 512 GB Dor\u00e9 - Tupique","og_description":"Vous cherchez Smartphone Honor MAGIC 8 PRO 6,8\" Snapdragon 888 12 GB RAM 512 GB Dor\u00e9 ? Achetez des produits chez Tupique. Profitez de la livraison gratuite pour obtenir Smartphone Honor MAGIC 8 PRO 6,8\" Snapdragon 888 12 GB RAM 512 GB Dor\u00e9 d\u00e8s maintenant.","og_url":"https:\/\/tupique.com\/en\/product\/smartphone-honor-magic-8-pro-68-snapdragon-888-12-gb-ram-512-gb-dore\/","og_site_name":"Tupique","twitter_card":"summary_large_image","twitter_misc":{"Estimated reading time":"2 minutes"},"schema":{"@context":"https:\/\/schema.org","@graph":[{"@type":"WebPage","@id":"https:\/\/tupique.com\/produit\/smartphone-honor-magic-8-pro-68-snapdragon-888-12-gb-ram-512-gb-dore\/","url":"https:\/\/tupique.com\/produit\/smartphone-honor-magic-8-pro-68-snapdragon-888-12-gb-ram-512-gb-dore\/","name":"Smartphone Honor MAGIC 8 PRO 6,8\" Snapdragon 888 12 GB RAM 512 GB Dor\u00e9 - Tupique","isPartOf":{"@id":"https:\/\/tupique.com\/#website"},"primaryImageOfPage":{"@id":"https:\/\/tupique.com\/produit\/smartphone-honor-magic-8-pro-68-snapdragon-888-12-gb-ram-512-gb-dore\/#primaryimage"},"image":{"@id":"https:\/\/tupique.com\/produit\/smartphone-honor-magic-8-pro-68-snapdragon-888-12-gb-ram-512-gb-dore\/#primaryimage"},"thumbnailUrl":"https:\/\/tupique.com\/wp-content\/uploads\/2026\/04\/6936520882885_R10.jpg","datePublished":"2026-04-09T01:00:34+00:00","description":"Vous cherchez Smartphone Honor MAGIC 8 PRO 6,8\" Snapdragon 888 12 GB RAM 512 GB Dor\u00e9 ? Achetez des produits chez Tupique. Profitez de la livraison gratuite pour obtenir Smartphone Honor MAGIC 8 PRO 6,8\" Snapdragon 888 12 GB RAM 512 GB Dor\u00e9 d\u00e8s maintenant.","breadcrumb":{"@id":"https:\/\/tupique.com\/produit\/smartphone-honor-magic-8-pro-68-snapdragon-888-12-gb-ram-512-gb-dore\/#breadcrumb"},"inLanguage":"en-GB","potentialAction":[{"@type":"ReadAction","target":["https:\/\/tupique.com\/produit\/smartphone-honor-magic-8-pro-68-snapdragon-888-12-gb-ram-512-gb-dore\/"]}]},{"@type":"ImageObject","inLanguage":"en-GB","@id":"https:\/\/tupique.com\/produit\/smartphone-honor-magic-8-pro-68-snapdragon-888-12-gb-ram-512-gb-dore\/#primaryimage","url":"https:\/\/tupique.com\/wp-content\/uploads\/2026\/04\/6936520882885_R10.jpg","contentUrl":"https:\/\/tupique.com\/wp-content\/uploads\/2026\/04\/6936520882885_R10.jpg","width":1200,"height":1200,"caption":"S8111912_0"},{"@type":"BreadcrumbList","@id":"https:\/\/tupique.com\/produit\/smartphone-honor-magic-8-pro-68-snapdragon-888-12-gb-ram-512-gb-dore\/#breadcrumb","itemListElement":[{"@type":"ListItem","position":1,"name":"In\u00edcio","item":"https:\/\/tupique.com\/"},{"@type":"ListItem","position":2,"name":"Boutique","item":"https:\/\/tupique.com\/en\/boutique\/"},{"@type":"ListItem","position":3,"name":"Smartphone Honor MAGIC 8 PRO 6,8&#8243; Snapdragon 888 12 GB RAM 512 GB Dor\u00e9"}]},{"@type":"WebSite","@id":"https:\/\/tupique.com\/#website","url":"https:\/\/tupique.com\/","name":"Tupique","description":"Marketplace","publisher":{"@id":"https:\/\/tupique.com\/#organization"},"potentialAction":[{"@type":"SearchAction","target":{"@type":"EntryPoint","urlTemplate":"https:\/\/tupique.com\/?s={search_term_string}"},"query-input":{"@type":"PropertyValueSpecification","valueRequired":true,"valueName":"search_term_string"}}],"inLanguage":"en-GB"},{"@type":"Organization","@id":"https:\/\/tupique.com\/#organization","name":"Tupique","url":"https:\/\/tupique.com\/","logo":{"@type":"ImageObject","inLanguage":"en-GB","@id":"https:\/\/tupique.com\/#\/schema\/logo\/image\/","url":"https:\/\/tupique.com\/wp-content\/uploads\/2024\/09\/logo.png","contentUrl":"https:\/\/tupique.com\/wp-content\/uploads\/2024\/09\/logo.png","width":1118,"height":310,"caption":"Tupique"},"image":{"@id":"https:\/\/tupique.com\/#\/schema\/logo\/image\/"}}]}},"jetpack_sharing_enabled":true,"_links":{"self":[{"href":"https:\/\/tupique.com\/en\/wp-json\/wp\/v2\/product\/4385609","targetHints":{"allow":["GET"]}}],"collection":[{"href":"https:\/\/tupique.com\/en\/wp-json\/wp\/v2\/product"}],"about":[{"href":"https:\/\/tupique.com\/en\/wp-json\/wp\/v2\/types\/product"}],"replies":[{"embeddable":true,"href":"https:\/\/tupique.com\/en\/wp-json\/wp\/v2\/comments?post=4385609"}],"wp:featuredmedia":[{"embeddable":true,"href":"https:\/\/tupique.com\/en\/wp-json\/wp\/v2\/media\/4385607"}],"wp:attachment":[{"href":"https:\/\/tupique.com\/en\/wp-json\/wp\/v2\/media?parent=4385609"}],"wp:term":[{"taxonomy":"product_brand","embeddable":true,"href":"https:\/\/tupique.com\/en\/wp-json\/wp\/v2\/product_brand?post=4385609"},{"taxonomy":"product_cat","embeddable":true,"href":"https:\/\/tupique.com\/en\/wp-json\/wp\/v2\/product_cat?post=4385609"},{"taxonomy":"product_tag","embeddable":true,"href":"https:\/\/tupique.com\/en\/wp-json\/wp\/v2\/product_tag?post=4385609"}],"curies":[{"name":"wp","href":"https:\/\/api.w.org\/{rel}","templated":true}]}}