{"id":4385786,"date":"2026-04-09T07:56:20","date_gmt":"2026-04-09T06:56:20","guid":{"rendered":"https:\/\/tupique.com\/produit\/ordinateur-portable-lenovo-v15-156-8-gb-ram-256-gb-ssd-intel-core-i3-1215u-espagnol-qwerty\/"},"modified":"2026-04-09T07:56:20","modified_gmt":"2026-04-09T06:56:20","slug":"ordinateur-portable-lenovo-v15-156-8-gb-ram-256-gb-ssd-intel-core-i3-1215u-espagnol-qwerty","status":"publish","type":"product","link":"https:\/\/tupique.com\/en\/product\/ordinateur-portable-lenovo-v15-156-8-gb-ram-256-gb-ssd-intel-core-i3-1215u-espagnol-qwerty\/","title":{"rendered":"Ordinateur Portable Lenovo V15 15,6&#8243; 8 GB RAM 256 GB SSD Intel Core I3-1215U Espagnol Qwerty"},"content":{"rendered":"<p>If you are passionate about\u2019<b>computer science and electronics<\/b>, If you're at the cutting edge of technology and don't want to miss a thing, buy <b>Ordinateur Portable Lenovo V15 15,6&#8243; 8 GB RAM 256 GB SSD Intel Core I3-1215U Espagnol Qwerty<\/b> at the best price.<\/p>\n<p>Le <b>Lenovo V15<\/b> est un <b>ordinateur portable<\/b> con\u00e7u pour offrir fiabilit\u00e9 et performance dans les t\u00e2ches quotidiennes, avec une configuration particuli\u00e8rement adapt\u00e9e au travail, aux \u00e9tudes ou \u00e0 un usage domestique. Ce mod\u00e8le se distingue par son <b>\u00e9cran de 15,6 pouces<\/b> en r\u00e9solution Full HD, offrant un affichage confortable et net pour les documents, la navigation web et la lecture de contenus multim\u00e9dias. Il est \u00e9quip\u00e9 de <b>8 Go de m\u00e9moire RAM DDR4<\/b>, permettant de g\u00e9rer facilement plusieurs applications ouvertes en m\u00eame temps, tandis que son <b>stockage SSD de 256 Go<\/b> assure des d\u00e9marrages rapides et un acc\u00e8s fluide aux fichiers, optimisant le temps de r\u00e9ponse par rapport aux disques durs classiques. C\u00f4t\u00e9 graphique, il dispose de la <b>carte Intel UHD Graphics<\/b>, suffisante pour la bureautique, la navigation et la lecture de vid\u00e9os en haute d\u00e9finition. Le <b>Lenovo V15<\/b> propose aussi des fonctionnalit\u00e9s pratiques comme un <b>clavier num\u00e9rique int\u00e9gr\u00e9<\/b> pour plus de confort lors de la saisie de donn\u00e9es, un pav\u00e9 tactile pr\u00e9cis, une cam\u00e9ra frontale et un <b>microphone int\u00e9gr\u00e9<\/b> pour faciliter les appels vid\u00e9o et r\u00e9unions en ligne, ainsi qu\u2019une connectivit\u00e9 moderne via USB et Wi-Fi. Sa finition en <b>black<\/b> lui conf\u00e8re un aspect professionnel et discret, tandis que son design fin et un poids d\u2019environ 1,7 kg permettent de le transporter facilement partout. Offrant un \u00e9quilibre efficace entre capacit\u00e9 de stockage, rapidit\u00e9 et fonctionnalit\u00e9s pratiques, le Lenovo V15 est une solution polyvalente pour ceux qui recherchent un appareil fiable pour les t\u00e2ches quotidiennes et la productivit\u00e9.<\/p>\n<ul>\n<li>Socket type: EU socket<\/li>\n<li>Type de m\u00e9moire:\n<ul>\n<li>SDRAM<\/li>\n<li>DDR4 SDRAM<\/li>\n<\/ul>\n<\/li>\n<li>Type:\n<ul>\n<li>Ordinateur Portable<\/li>\n<li>DDR4-SDRAM<\/li>\n<li>Clavier num\u00e9rique<\/li>\n<li>Touchpad<\/li>\n<\/ul>\n<\/li>\n<li>Plug-in product: Yes<\/li>\n<li>Diagonale de l&#8217;\u00e9cran (cm): 39,6 cm<\/li>\n<li>Connections:\n<ul>\n<li>USB-C<\/li>\n<li>HDMI<\/li>\n<li>USB<\/li>\n<li>USB 2.0<\/li>\n<li>Ethernet LAN<\/li>\n<li>M.2<\/li>\n<li>RJ45<\/li>\n<li>USB 3.2<\/li>\n<li>HDMI 1.4<\/li>\n<li>USB-C 3.2 Gen 1 (3.1 Gen 1)<\/li>\n<li>PCI Express 4.0<\/li>\n<li>C\u00e2ble jack 3,3 mm<\/li>\n<\/ul>\n<\/li>\n<li>Non Inclus:\n<ul>\n<li>Syst\u00e8me d&#8217;exploitation<\/li>\n<li>Type d&#8217;unit\u00e9 optique<\/li>\n<li>Mobile network connection<\/li>\n<li>Adaptateur graphique discret<\/li>\n<\/ul>\n<\/li>\n<li>Contr\u00f4leur graphique:\n<ul>\n<li>Chipset int\u00e9gr\u00e9e<\/li>\n<li>Intel UHD Graphics<\/li>\n<\/ul>\n<\/li>\n<li>Bloc d\u2019Alimentation: r\u00e9seau \u00e9lectrique<\/li>\n<li>Touch screen: No<\/li>\n<li>Type d&#8217;unit\u00e9 optique: Non<\/li>\n<li>Includes:\n<ul>\n<li>Touchpad<\/li>\n<li>Webcam<\/li>\n<li>SSD x 1<\/li>\n<\/ul>\n<\/li>\n<li>Capacit\u00e9 de la batterie: 38 Wh<\/li>\n<li>Resolution (px):\n<ul>\n<li>1920 x 1080 px<\/li>\n<li>1280 x 720 px<\/li>\n<\/ul>\n<\/li>\n<li>speed:\n<ul>\n<li>3200 MHz<\/li>\n<li>4.4 GHz<\/li>\n<\/ul>\n<\/li>\n<li>R\u00e9solution: Full HD<\/li>\n<li>Type de stockage: SSD<\/li>\n<li>Connectivity:\n<ul>\n<li>Bluetooth<\/li>\n<li>Wi-Fi<\/li>\n<li>Ethernet LAN<\/li>\n<li>Bluetooth 5.1<\/li>\n<\/ul>\n<\/li>\n<li>Colour: Black<\/li>\n<li>Ecran: 15,6&#8243;<\/li>\n<li>RAM memory: 8 GB RAM<\/li>\n<li>Disque dur: 256 GB SSD<\/li>\n<li>Features:\n<ul>\n<li>Front camera<\/li>\n<li>Built-in microphone<\/li>\n<li>2 loudspeakers<\/li>\n<li>Data protection\/passwords<\/li>\n<li>Adaptateur graphique int\u00e9gr\u00e9<\/li>\n<\/ul>\n<\/li>\n<li>Mod\u00e8le: 3<\/li>\n<li>Aspect ratio: 16:9<\/li>\n<li>G\u00e9n\u00e9ration: tercera generacion<\/li>\n<li>Technology:\n<ul>\n<li>LED<\/li>\n<li>TN<\/li>\n<\/ul>\n<\/li>\n<li>Standard: NTSC<\/li>\n<li>USB: 3<\/li>\n<li>Lecteur de Cartes: SD, SDHC, MMC<\/li>\n<li>Frequency: 50 - 60 Hz<\/li>\n<li>puissance: 65 W<\/li>\n<li>Son: Dolby Audio<\/li>\n<li>Tension: 100 &#8211; 240 V<\/li>\n<li>Syst\u00e8me d&#8217;exploitation: Non<\/li>\n<li>Format: M.2<\/li>\n<li>Cam\u00e9ra\/Appareil Photo: HD<\/li>\n<li>Flux lumineux: 250 Lm<\/li>\n<li>Poids: 1,7 kg<\/li>\n<li>Facteur de forme: SO-DIMM<\/li>\n<li>Connecteurs: Kensington<\/li>\n<li>Chipset: Intel SoC<\/li>\n<li>Clavier: Espagnol Qwerty<\/li>\n<li>Battery type: Litio Ion<\/li>\n<li>Processeur: Intel Core I3-1215U<\/li>\n<li>Noyaux: 6 Noyaux<\/li>\n<li>Processor family:\n<ul>\n<li>Intel Core i3<\/li>\n<li>Intel<\/li>\n<\/ul>\n<\/li>\n<li>Taille: 15,6&#8221;<\/li>\n<li>Puissance de charge: 65 W<\/li>\n<li>Vitesse de m\u00e9moire support\u00e9e: 3200 mhz<\/li>\n<li>Adaptateur: 65 w<\/li>\n<\/ul>","protected":false},"excerpt":{"rendered":"<p>Si vous \u00eates passionn\u00e9 d&#8217;informatique et d&#8217;\u00e9lectronique, si vous \u00eates \u00e0 la pointe de la technologie et qu&#8217;aucun d\u00e9tail ne<\/p>","protected":false},"featured_media":4385771,"comment_status":"open","ping_status":"closed","template":"","meta":{"_joinchat":[]},"product_brand":[157965],"product_cat":[157516,157583,155043],"product_tag":[157514,157515],"class_list":{"0":"post-4385786","1":"product","2":"type-product","3":"status-publish","4":"has-post-thumbnail","6":"product_brand-brandp_558","7":"product_cat-informatique-electronique","8":"product_cat-informatique-ordinateurs","9":"product_cat-notebooks","10":"product_tag-tag_933","11":"product_tag-tag_1295","13":"first","14":"instock","15":"taxable","16":"shipping-taxable","17":"purchasable","18":"product-type-simple"},"yoast_head":"<!-- This site is optimized with the Yoast SEO plugin v27.2 - https:\/\/yoast.com\/product\/yoast-seo-wordpress\/ -->\n<title>Ordinateur Portable Lenovo V15 15,6&quot; 8 GB RAM 256 GB SSD Intel Core I3-1215U Espagnol Qwerty - Tupique<\/title>\n<meta name=\"description\" content=\"Vous cherchez Ordinateur Portable Lenovo V15 15,6&quot; 8 GB RAM 256 GB SSD Intel Core I3-1215U Espagnol Qwerty ? Achetez des produits chez Tupique. Profitez de la livraison gratuite pour obtenir Ordinateur Portable Lenovo V15 15,6&quot; 8 GB RAM 256 GB SSD Intel Core I3-1215U Espagnol Qwerty d\u00e8s maintenant.\" \/>\n<meta name=\"robots\" content=\"index, follow, max-snippet:-1, max-image-preview:large, max-video-preview:-1\" \/>\n<link rel=\"canonical\" href=\"https:\/\/tupique.com\/en\/product\/ordinateur-portable-lenovo-v15-156-8-gb-ram-256-gb-ssd-intel-core-i3-1215u-espagnol-qwerty\/\" \/>\n<meta property=\"og:locale\" content=\"en_GB\" \/>\n<meta property=\"og:type\" content=\"article\" \/>\n<meta property=\"og:title\" content=\"Ordinateur Portable Lenovo V15 15,6&quot; 8 GB RAM 256 GB SSD Intel Core I3-1215U Espagnol Qwerty - Tupique\" \/>\n<meta property=\"og:description\" content=\"Vous cherchez Ordinateur Portable Lenovo V15 15,6&quot; 8 GB RAM 256 GB SSD Intel Core I3-1215U Espagnol Qwerty ? Achetez des produits chez Tupique. Profitez de la livraison gratuite pour obtenir Ordinateur Portable Lenovo V15 15,6&quot; 8 GB RAM 256 GB SSD Intel Core I3-1215U Espagnol Qwerty d\u00e8s maintenant.\" \/>\n<meta property=\"og:url\" content=\"https:\/\/tupique.com\/en\/product\/ordinateur-portable-lenovo-v15-156-8-gb-ram-256-gb-ssd-intel-core-i3-1215u-espagnol-qwerty\/\" \/>\n<meta property=\"og:site_name\" content=\"Tupique\" \/>\n<meta name=\"twitter:card\" content=\"summary_large_image\" \/>\n<meta name=\"twitter:label1\" content=\"Estimated reading time\" \/>\n\t<meta name=\"twitter:data1\" content=\"3 minutes\" \/>\n<script type=\"application\/ld+json\" class=\"yoast-schema-graph\">{\"@context\":\"https:\/\/schema.org\",\"@graph\":[{\"@type\":\"WebPage\",\"@id\":\"https:\/\/tupique.com\/produit\/ordinateur-portable-lenovo-v15-156-8-gb-ram-256-gb-ssd-intel-core-i3-1215u-espagnol-qwerty\/\",\"url\":\"https:\/\/tupique.com\/produit\/ordinateur-portable-lenovo-v15-156-8-gb-ram-256-gb-ssd-intel-core-i3-1215u-espagnol-qwerty\/\",\"name\":\"Ordinateur Portable Lenovo V15 15,6\\\" 8 GB RAM 256 GB SSD Intel Core I3-1215U Espagnol Qwerty - Tupique\",\"isPartOf\":{\"@id\":\"https:\/\/tupique.com\/#website\"},\"primaryImageOfPage\":{\"@id\":\"https:\/\/tupique.com\/produit\/ordinateur-portable-lenovo-v15-156-8-gb-ram-256-gb-ssd-intel-core-i3-1215u-espagnol-qwerty\/#primaryimage\"},\"image\":{\"@id\":\"https:\/\/tupique.com\/produit\/ordinateur-portable-lenovo-v15-156-8-gb-ram-256-gb-ssd-intel-core-i3-1215u-espagnol-qwerty\/#primaryimage\"},\"thumbnailUrl\":\"https:\/\/tupique.com\/wp-content\/uploads\/2026\/04\/0197528240329_S5625162_P01.jpg\",\"datePublished\":\"2026-04-09T06:56:20+00:00\",\"description\":\"Vous cherchez Ordinateur Portable Lenovo V15 15,6\\\" 8 GB RAM 256 GB SSD Intel Core I3-1215U Espagnol Qwerty ? Achetez des produits chez Tupique. Profitez de la livraison gratuite pour obtenir Ordinateur Portable Lenovo V15 15,6\\\" 8 GB RAM 256 GB SSD Intel Core I3-1215U Espagnol Qwerty d\u00e8s maintenant.\",\"breadcrumb\":{\"@id\":\"https:\/\/tupique.com\/produit\/ordinateur-portable-lenovo-v15-156-8-gb-ram-256-gb-ssd-intel-core-i3-1215u-espagnol-qwerty\/#breadcrumb\"},\"inLanguage\":\"en-GB\",\"potentialAction\":[{\"@type\":\"ReadAction\",\"target\":[\"https:\/\/tupique.com\/produit\/ordinateur-portable-lenovo-v15-156-8-gb-ram-256-gb-ssd-intel-core-i3-1215u-espagnol-qwerty\/\"]}]},{\"@type\":\"ImageObject\",\"inLanguage\":\"en-GB\",\"@id\":\"https:\/\/tupique.com\/produit\/ordinateur-portable-lenovo-v15-156-8-gb-ram-256-gb-ssd-intel-core-i3-1215u-espagnol-qwerty\/#primaryimage\",\"url\":\"https:\/\/tupique.com\/wp-content\/uploads\/2026\/04\/0197528240329_S5625162_P01.jpg\",\"contentUrl\":\"https:\/\/tupique.com\/wp-content\/uploads\/2026\/04\/0197528240329_S5625162_P01.jpg\",\"width\":1200,\"height\":1200,\"caption\":\"S55319131_0\"},{\"@type\":\"BreadcrumbList\",\"@id\":\"https:\/\/tupique.com\/produit\/ordinateur-portable-lenovo-v15-156-8-gb-ram-256-gb-ssd-intel-core-i3-1215u-espagnol-qwerty\/#breadcrumb\",\"itemListElement\":[{\"@type\":\"ListItem\",\"position\":1,\"name\":\"In\u00edcio\",\"item\":\"https:\/\/tupique.com\/\"},{\"@type\":\"ListItem\",\"position\":2,\"name\":\"Boutique\",\"item\":\"https:\/\/tupique.com\/en\/boutique\/\"},{\"@type\":\"ListItem\",\"position\":3,\"name\":\"Ordinateur Portable Lenovo V15 15,6&#8243; 8 GB RAM 256 GB SSD Intel Core I3-1215U Espagnol Qwerty\"}]},{\"@type\":\"WebSite\",\"@id\":\"https:\/\/tupique.com\/#website\",\"url\":\"https:\/\/tupique.com\/\",\"name\":\"Tupique\",\"description\":\"Marketplace\",\"publisher\":{\"@id\":\"https:\/\/tupique.com\/#organization\"},\"potentialAction\":[{\"@type\":\"SearchAction\",\"target\":{\"@type\":\"EntryPoint\",\"urlTemplate\":\"https:\/\/tupique.com\/?s={search_term_string}\"},\"query-input\":{\"@type\":\"PropertyValueSpecification\",\"valueRequired\":true,\"valueName\":\"search_term_string\"}}],\"inLanguage\":\"en-GB\"},{\"@type\":\"Organization\",\"@id\":\"https:\/\/tupique.com\/#organization\",\"name\":\"Tupique\",\"url\":\"https:\/\/tupique.com\/\",\"logo\":{\"@type\":\"ImageObject\",\"inLanguage\":\"en-GB\",\"@id\":\"https:\/\/tupique.com\/#\/schema\/logo\/image\/\",\"url\":\"https:\/\/tupique.com\/wp-content\/uploads\/2024\/09\/logo.png\",\"contentUrl\":\"https:\/\/tupique.com\/wp-content\/uploads\/2024\/09\/logo.png\",\"width\":1118,\"height\":310,\"caption\":\"Tupique\"},\"image\":{\"@id\":\"https:\/\/tupique.com\/#\/schema\/logo\/image\/\"}}]}<\/script>\n<!-- \/ Yoast SEO plugin. -->","yoast_head_json":{"title":"Ordinateur Portable Lenovo V15 15,6\" 8 GB RAM 256 GB SSD Intel Core I3-1215U Espagnol Qwerty - Tupique","description":"Vous cherchez Ordinateur Portable Lenovo V15 15,6\" 8 GB RAM 256 GB SSD Intel Core I3-1215U Espagnol Qwerty ? Achetez des produits chez Tupique. Profitez de la livraison gratuite pour obtenir Ordinateur Portable Lenovo V15 15,6\" 8 GB RAM 256 GB SSD Intel Core I3-1215U Espagnol Qwerty d\u00e8s maintenant.","robots":{"index":"index","follow":"follow","max-snippet":"max-snippet:-1","max-image-preview":"max-image-preview:large","max-video-preview":"max-video-preview:-1"},"canonical":"https:\/\/tupique.com\/en\/product\/ordinateur-portable-lenovo-v15-156-8-gb-ram-256-gb-ssd-intel-core-i3-1215u-espagnol-qwerty\/","og_locale":"en_GB","og_type":"article","og_title":"Ordinateur Portable Lenovo V15 15,6\" 8 GB RAM 256 GB SSD Intel Core I3-1215U Espagnol Qwerty - Tupique","og_description":"Vous cherchez Ordinateur Portable Lenovo V15 15,6\" 8 GB RAM 256 GB SSD Intel Core I3-1215U Espagnol Qwerty ? Achetez des produits chez Tupique. Profitez de la livraison gratuite pour obtenir Ordinateur Portable Lenovo V15 15,6\" 8 GB RAM 256 GB SSD Intel Core I3-1215U Espagnol Qwerty d\u00e8s maintenant.","og_url":"https:\/\/tupique.com\/en\/product\/ordinateur-portable-lenovo-v15-156-8-gb-ram-256-gb-ssd-intel-core-i3-1215u-espagnol-qwerty\/","og_site_name":"Tupique","twitter_card":"summary_large_image","twitter_misc":{"Estimated reading time":"3 minutes"},"schema":{"@context":"https:\/\/schema.org","@graph":[{"@type":"WebPage","@id":"https:\/\/tupique.com\/produit\/ordinateur-portable-lenovo-v15-156-8-gb-ram-256-gb-ssd-intel-core-i3-1215u-espagnol-qwerty\/","url":"https:\/\/tupique.com\/produit\/ordinateur-portable-lenovo-v15-156-8-gb-ram-256-gb-ssd-intel-core-i3-1215u-espagnol-qwerty\/","name":"Ordinateur Portable Lenovo V15 15,6\" 8 GB RAM 256 GB SSD Intel Core I3-1215U Espagnol Qwerty - Tupique","isPartOf":{"@id":"https:\/\/tupique.com\/#website"},"primaryImageOfPage":{"@id":"https:\/\/tupique.com\/produit\/ordinateur-portable-lenovo-v15-156-8-gb-ram-256-gb-ssd-intel-core-i3-1215u-espagnol-qwerty\/#primaryimage"},"image":{"@id":"https:\/\/tupique.com\/produit\/ordinateur-portable-lenovo-v15-156-8-gb-ram-256-gb-ssd-intel-core-i3-1215u-espagnol-qwerty\/#primaryimage"},"thumbnailUrl":"https:\/\/tupique.com\/wp-content\/uploads\/2026\/04\/0197528240329_S5625162_P01.jpg","datePublished":"2026-04-09T06:56:20+00:00","description":"Vous cherchez Ordinateur Portable Lenovo V15 15,6\" 8 GB RAM 256 GB SSD Intel Core I3-1215U Espagnol Qwerty ? Achetez des produits chez Tupique. Profitez de la livraison gratuite pour obtenir Ordinateur Portable Lenovo V15 15,6\" 8 GB RAM 256 GB SSD Intel Core I3-1215U Espagnol Qwerty d\u00e8s maintenant.","breadcrumb":{"@id":"https:\/\/tupique.com\/produit\/ordinateur-portable-lenovo-v15-156-8-gb-ram-256-gb-ssd-intel-core-i3-1215u-espagnol-qwerty\/#breadcrumb"},"inLanguage":"en-GB","potentialAction":[{"@type":"ReadAction","target":["https:\/\/tupique.com\/produit\/ordinateur-portable-lenovo-v15-156-8-gb-ram-256-gb-ssd-intel-core-i3-1215u-espagnol-qwerty\/"]}]},{"@type":"ImageObject","inLanguage":"en-GB","@id":"https:\/\/tupique.com\/produit\/ordinateur-portable-lenovo-v15-156-8-gb-ram-256-gb-ssd-intel-core-i3-1215u-espagnol-qwerty\/#primaryimage","url":"https:\/\/tupique.com\/wp-content\/uploads\/2026\/04\/0197528240329_S5625162_P01.jpg","contentUrl":"https:\/\/tupique.com\/wp-content\/uploads\/2026\/04\/0197528240329_S5625162_P01.jpg","width":1200,"height":1200,"caption":"S55319131_0"},{"@type":"BreadcrumbList","@id":"https:\/\/tupique.com\/produit\/ordinateur-portable-lenovo-v15-156-8-gb-ram-256-gb-ssd-intel-core-i3-1215u-espagnol-qwerty\/#breadcrumb","itemListElement":[{"@type":"ListItem","position":1,"name":"In\u00edcio","item":"https:\/\/tupique.com\/"},{"@type":"ListItem","position":2,"name":"Boutique","item":"https:\/\/tupique.com\/en\/boutique\/"},{"@type":"ListItem","position":3,"name":"Ordinateur Portable Lenovo V15 15,6&#8243; 8 GB RAM 256 GB SSD Intel Core I3-1215U Espagnol Qwerty"}]},{"@type":"WebSite","@id":"https:\/\/tupique.com\/#website","url":"https:\/\/tupique.com\/","name":"Tupique","description":"Marketplace","publisher":{"@id":"https:\/\/tupique.com\/#organization"},"potentialAction":[{"@type":"SearchAction","target":{"@type":"EntryPoint","urlTemplate":"https:\/\/tupique.com\/?s={search_term_string}"},"query-input":{"@type":"PropertyValueSpecification","valueRequired":true,"valueName":"search_term_string"}}],"inLanguage":"en-GB"},{"@type":"Organization","@id":"https:\/\/tupique.com\/#organization","name":"Tupique","url":"https:\/\/tupique.com\/","logo":{"@type":"ImageObject","inLanguage":"en-GB","@id":"https:\/\/tupique.com\/#\/schema\/logo\/image\/","url":"https:\/\/tupique.com\/wp-content\/uploads\/2024\/09\/logo.png","contentUrl":"https:\/\/tupique.com\/wp-content\/uploads\/2024\/09\/logo.png","width":1118,"height":310,"caption":"Tupique"},"image":{"@id":"https:\/\/tupique.com\/#\/schema\/logo\/image\/"}}]}},"jetpack_sharing_enabled":true,"_links":{"self":[{"href":"https:\/\/tupique.com\/en\/wp-json\/wp\/v2\/product\/4385786","targetHints":{"allow":["GET"]}}],"collection":[{"href":"https:\/\/tupique.com\/en\/wp-json\/wp\/v2\/product"}],"about":[{"href":"https:\/\/tupique.com\/en\/wp-json\/wp\/v2\/types\/product"}],"replies":[{"embeddable":true,"href":"https:\/\/tupique.com\/en\/wp-json\/wp\/v2\/comments?post=4385786"}],"wp:featuredmedia":[{"embeddable":true,"href":"https:\/\/tupique.com\/en\/wp-json\/wp\/v2\/media\/4385771"}],"wp:attachment":[{"href":"https:\/\/tupique.com\/en\/wp-json\/wp\/v2\/media?parent=4385786"}],"wp:term":[{"taxonomy":"product_brand","embeddable":true,"href":"https:\/\/tupique.com\/en\/wp-json\/wp\/v2\/product_brand?post=4385786"},{"taxonomy":"product_cat","embeddable":true,"href":"https:\/\/tupique.com\/en\/wp-json\/wp\/v2\/product_cat?post=4385786"},{"taxonomy":"product_tag","embeddable":true,"href":"https:\/\/tupique.com\/en\/wp-json\/wp\/v2\/product_tag?post=4385786"}],"curies":[{"name":"wp","href":"https:\/\/api.w.org\/{rel}","templated":true}]}}