{"id":4385930,"date":"2026-04-09T08:00:33","date_gmt":"2026-04-09T07:00:33","guid":{"rendered":"https:\/\/tupique.com\/produit\/puzzle-clementoni-stranger-things-cadre-lumineux-v2-49-x-36-cm-520-pieces\/"},"modified":"2026-04-09T17:55:34","modified_gmt":"2026-04-09T16:55:34","slug":"puzzle-clementoni-stranger-things-cadre-lumineux-v2-49-x-36-cm-520-pieces","status":"publish","type":"product","link":"https:\/\/tupique.com\/en\/product\/puzzle-clementoni-stranger-things-cadre-lumineux-v2-49-x-36-cm-520-pieces\/","title":{"rendered":"Puzzle Clementoni Stranger Things &#8211; Cadre lumineux V2 49 x 36 cm 520 Pi\u00e8ces"},"content":{"rendered":"<p>Children deserve the best, so we're bringing you <b>Puzzle Clementoni Stranger Things &#8211; Cadre lumineux V2 49 x 36 cm 520 Pi\u00e8ces<\/b>, ideal for those looking for quality products for the little ones! Get <b>Clementoni<\/b> at the best prices!<\/p>\n<p>Le <b>Stranger Things &#8211; Cadre lumineux V2<\/b> de la marque <b>Clementoni<\/b> est un <b>puzzle<\/b> multifonctionnel con\u00e7u pour un public \u00e0 partir de 14 ans, y compris les adultes, combinant le d\u00e9fi du montage avec un \u00e9l\u00e9ment d\u00e9coratif et fonctionnel. Ce puzzle se distingue par ses <b>pi\u00e8ces en carton de haute qualit\u00e9<\/b> offrant une sensation solide tout en restant l\u00e9g\u00e8re, facilitant la manipulation et l\u2019assemblage. Son format <b>multicolore<\/b> reproduit fid\u00e8lement l\u2019ambiance iconique de la s\u00e9rie Stranger Things, offrant une exp\u00e9rience visuelle d\u00e9taill\u00e9e et attrayante. Il int\u00e8gre un <b>cadre lumineux \u00e0 LED<\/b> qui met en valeur les couleurs et d\u00e9tails du puzzle une fois termin\u00e9, le transformant en un objet d\u00e9coratif lumineux id\u00e9al pour tout espace, cr\u00e9ant un effet immersif et mettant en avant l\u2019image principale. L\u2019utilisation de mat\u00e9riaux <b>plastiques<\/b> dans le syst\u00e8me d\u2019\u00e9clairage garantit durabilit\u00e9 et efficacit\u00e9 \u00e9nerg\u00e9tique. Ce produit fait partie de la collection Morphing de Clementoni, t\u00e9moignant d\u2019un engagement envers la qualit\u00e9 et l\u2019innovation dans les produits de divertissement pour adultes et jeunes passionn\u00e9s de puzzles. Son design multilingue assure que les instructions sont accessibles \u00e0 divers utilisateurs, facilitant le montage et le plaisir sans difficult\u00e9. En r\u00e9sum\u00e9, le <b>Stranger Things &#8211; Cadre lumineux V2<\/b> est un puzzle qui d\u00e9passe le conventionnel, alliant art, divertissement et fonctionnalit\u00e9 lumineuse pour ceux qui recherchent un produit combinant d\u00e9fi, d\u00e9coration th\u00e9matique et technologie simple.<\/p>\n<p>Ce puzzle repr\u00e9sente une solution \u00e9l\u00e9gante pour les amateurs qui appr\u00e9cient autant l\u2019exp\u00e9rience du montage qu\u2019une finition esth\u00e9tique remarquable.<\/p>\n<ul>\n<li>\u00c2ge recommand\u00e9:\n<ul>\n<li>+ 18 Ans<\/li>\n<li>+ 14 Ans<\/li>\n<li>Adultes<\/li>\n<li>+ 12 Ans<\/li>\n<li>+ 18 Mois<\/li>\n<\/ul>\n<\/li>\n<li>Marquage CE: Oui<\/li>\n<li>Couleur: Multicouleur<\/li>\n<li>Type: Puzzle<\/li>\n<li>Dimensions approx.: 49 x 36 cm<\/li>\n<li>Langue: Fran\u00e7ais<\/li>\n<li>Features:\n<ul>\n<li>Illumin\u00e9<\/li>\n<li>Multilingue<\/li>\n<\/ul>\n<\/li>\n<li>Nombre de pi\u00e8ces: 520 Pi\u00e8ces<\/li>\n<li>Inclut: Puzzle x 3<\/li>\n<li>Material:\n<ul>\n<li>Carton<\/li>\n<li>Plastic<\/li>\n<\/ul>\n<\/li>\n<li>Genre: Enfant<\/li>\n<li>Battery operated: No<\/li>\n<li>Non Inclus: Batterie<\/li>\n<\/ul>","protected":false},"excerpt":{"rendered":"<p>Les enfants m\u00e9ritent ce qu\u2019il y a de mieux, nous vous pr\u00e9sentons donc Puzzle Clementoni Stranger Things &#8211; Cadre lumineux<\/p>","protected":false},"featured_media":4385917,"comment_status":"open","ping_status":"closed","template":"","meta":{"_joinchat":[]},"product_brand":[158234],"product_cat":[157660,157912,158225],"product_tag":[157622,157546],"class_list":{"0":"post-4385930","1":"product","2":"type-product","3":"status-publish","4":"has-post-thumbnail","6":"product_brand-brandp_1887","7":"product_cat-jouets-deguisements","8":"product_cat-jouets-et-jeux","9":"product_cat-puzzles-et-constructions","10":"product_tag-tag_1275","11":"product_tag-tag_1304","13":"first","14":"instock","15":"taxable","16":"shipping-taxable","17":"purchasable","18":"product-type-simple"},"yoast_head":"<!-- This site is optimized with the Yoast SEO plugin v27.2 - https:\/\/yoast.com\/product\/yoast-seo-wordpress\/ -->\n<title>Puzzle Clementoni Stranger Things - Cadre lumineux V2 49 x 36 cm 520 Pi\u00e8ces - Tupique<\/title>\n<meta name=\"description\" content=\"Vous cherchez Puzzle Clementoni Stranger Things - Cadre lumineux V2 49 x 36 cm 520 Pi\u00e8ces ? Achetez des produits chez Tupique. Profitez de la livraison gratuite pour obtenir Puzzle Clementoni Stranger Things - Cadre lumineux V2 49 x 36 cm 520 Pi\u00e8ces d\u00e8s maintenant.\" \/>\n<meta name=\"robots\" content=\"index, follow, max-snippet:-1, max-image-preview:large, max-video-preview:-1\" \/>\n<link rel=\"canonical\" href=\"https:\/\/tupique.com\/en\/product\/puzzle-clementoni-stranger-things-cadre-lumineux-v2-49-x-36-cm-520-pieces\/\" \/>\n<meta property=\"og:locale\" content=\"en_GB\" \/>\n<meta property=\"og:type\" content=\"article\" \/>\n<meta property=\"og:title\" content=\"Puzzle Clementoni Stranger Things - Cadre lumineux V2 49 x 36 cm 520 Pi\u00e8ces - Tupique\" \/>\n<meta property=\"og:description\" content=\"Vous cherchez Puzzle Clementoni Stranger Things - Cadre lumineux V2 49 x 36 cm 520 Pi\u00e8ces ? Achetez des produits chez Tupique. Profitez de la livraison gratuite pour obtenir Puzzle Clementoni Stranger Things - Cadre lumineux V2 49 x 36 cm 520 Pi\u00e8ces d\u00e8s maintenant.\" \/>\n<meta property=\"og:url\" content=\"https:\/\/tupique.com\/en\/product\/puzzle-clementoni-stranger-things-cadre-lumineux-v2-49-x-36-cm-520-pieces\/\" \/>\n<meta property=\"og:site_name\" content=\"Tupique\" \/>\n<meta property=\"article:modified_time\" content=\"2026-04-09T16:55:34+00:00\" \/>\n<meta name=\"twitter:card\" content=\"summary_large_image\" \/>\n<meta name=\"twitter:label1\" content=\"Estimated reading time\" \/>\n\t<meta name=\"twitter:data1\" content=\"2 minutes\" \/>\n<script type=\"application\/ld+json\" class=\"yoast-schema-graph\">{\"@context\":\"https:\/\/schema.org\",\"@graph\":[{\"@type\":\"WebPage\",\"@id\":\"https:\/\/tupique.com\/produit\/puzzle-clementoni-stranger-things-cadre-lumineux-v2-49-x-36-cm-520-pieces\/\",\"url\":\"https:\/\/tupique.com\/produit\/puzzle-clementoni-stranger-things-cadre-lumineux-v2-49-x-36-cm-520-pieces\/\",\"name\":\"Puzzle Clementoni Stranger Things - Cadre lumineux V2 49 x 36 cm 520 Pi\u00e8ces - Tupique\",\"isPartOf\":{\"@id\":\"https:\/\/tupique.com\/#website\"},\"primaryImageOfPage\":{\"@id\":\"https:\/\/tupique.com\/produit\/puzzle-clementoni-stranger-things-cadre-lumineux-v2-49-x-36-cm-520-pieces\/#primaryimage\"},\"image\":{\"@id\":\"https:\/\/tupique.com\/produit\/puzzle-clementoni-stranger-things-cadre-lumineux-v2-49-x-36-cm-520-pieces\/#primaryimage\"},\"thumbnailUrl\":\"https:\/\/tupique.com\/wp-content\/uploads\/2026\/04\/8005125356102_S71022123_P00.jpg\",\"datePublished\":\"2026-04-09T07:00:33+00:00\",\"dateModified\":\"2026-04-09T16:55:34+00:00\",\"description\":\"Vous cherchez Puzzle Clementoni Stranger Things - Cadre lumineux V2 49 x 36 cm 520 Pi\u00e8ces ? Achetez des produits chez Tupique. Profitez de la livraison gratuite pour obtenir Puzzle Clementoni Stranger Things - Cadre lumineux V2 49 x 36 cm 520 Pi\u00e8ces d\u00e8s maintenant.\",\"breadcrumb\":{\"@id\":\"https:\/\/tupique.com\/produit\/puzzle-clementoni-stranger-things-cadre-lumineux-v2-49-x-36-cm-520-pieces\/#breadcrumb\"},\"inLanguage\":\"en-GB\",\"potentialAction\":[{\"@type\":\"ReadAction\",\"target\":[\"https:\/\/tupique.com\/produit\/puzzle-clementoni-stranger-things-cadre-lumineux-v2-49-x-36-cm-520-pieces\/\"]}]},{\"@type\":\"ImageObject\",\"inLanguage\":\"en-GB\",\"@id\":\"https:\/\/tupique.com\/produit\/puzzle-clementoni-stranger-things-cadre-lumineux-v2-49-x-36-cm-520-pieces\/#primaryimage\",\"url\":\"https:\/\/tupique.com\/wp-content\/uploads\/2026\/04\/8005125356102_S71022123_P00.jpg\",\"contentUrl\":\"https:\/\/tupique.com\/wp-content\/uploads\/2026\/04\/8005125356102_S71022123_P00.jpg\",\"width\":1200,\"height\":1200,\"caption\":\"S71022123_0\"},{\"@type\":\"BreadcrumbList\",\"@id\":\"https:\/\/tupique.com\/produit\/puzzle-clementoni-stranger-things-cadre-lumineux-v2-49-x-36-cm-520-pieces\/#breadcrumb\",\"itemListElement\":[{\"@type\":\"ListItem\",\"position\":1,\"name\":\"In\u00edcio\",\"item\":\"https:\/\/tupique.com\/\"},{\"@type\":\"ListItem\",\"position\":2,\"name\":\"Boutique\",\"item\":\"https:\/\/tupique.com\/en\/boutique\/\"},{\"@type\":\"ListItem\",\"position\":3,\"name\":\"Puzzle Clementoni Stranger Things &#8211; Cadre lumineux V2 49 x 36 cm 520 Pi\u00e8ces\"}]},{\"@type\":\"WebSite\",\"@id\":\"https:\/\/tupique.com\/#website\",\"url\":\"https:\/\/tupique.com\/\",\"name\":\"Tupique\",\"description\":\"Marketplace\",\"publisher\":{\"@id\":\"https:\/\/tupique.com\/#organization\"},\"potentialAction\":[{\"@type\":\"SearchAction\",\"target\":{\"@type\":\"EntryPoint\",\"urlTemplate\":\"https:\/\/tupique.com\/?s={search_term_string}\"},\"query-input\":{\"@type\":\"PropertyValueSpecification\",\"valueRequired\":true,\"valueName\":\"search_term_string\"}}],\"inLanguage\":\"en-GB\"},{\"@type\":\"Organization\",\"@id\":\"https:\/\/tupique.com\/#organization\",\"name\":\"Tupique\",\"url\":\"https:\/\/tupique.com\/\",\"logo\":{\"@type\":\"ImageObject\",\"inLanguage\":\"en-GB\",\"@id\":\"https:\/\/tupique.com\/#\/schema\/logo\/image\/\",\"url\":\"https:\/\/tupique.com\/wp-content\/uploads\/2024\/09\/logo.png\",\"contentUrl\":\"https:\/\/tupique.com\/wp-content\/uploads\/2024\/09\/logo.png\",\"width\":1118,\"height\":310,\"caption\":\"Tupique\"},\"image\":{\"@id\":\"https:\/\/tupique.com\/#\/schema\/logo\/image\/\"}}]}<\/script>\n<!-- \/ Yoast SEO plugin. -->","yoast_head_json":{"title":"Puzzle Clementoni Stranger Things - Cadre lumineux V2 49 x 36 cm 520 Pi\u00e8ces - Tupique","description":"Vous cherchez Puzzle Clementoni Stranger Things - Cadre lumineux V2 49 x 36 cm 520 Pi\u00e8ces ? Achetez des produits chez Tupique. Profitez de la livraison gratuite pour obtenir Puzzle Clementoni Stranger Things - Cadre lumineux V2 49 x 36 cm 520 Pi\u00e8ces d\u00e8s maintenant.","robots":{"index":"index","follow":"follow","max-snippet":"max-snippet:-1","max-image-preview":"max-image-preview:large","max-video-preview":"max-video-preview:-1"},"canonical":"https:\/\/tupique.com\/en\/product\/puzzle-clementoni-stranger-things-cadre-lumineux-v2-49-x-36-cm-520-pieces\/","og_locale":"en_GB","og_type":"article","og_title":"Puzzle Clementoni Stranger Things - Cadre lumineux V2 49 x 36 cm 520 Pi\u00e8ces - Tupique","og_description":"Vous cherchez Puzzle Clementoni Stranger Things - Cadre lumineux V2 49 x 36 cm 520 Pi\u00e8ces ? Achetez des produits chez Tupique. Profitez de la livraison gratuite pour obtenir Puzzle Clementoni Stranger Things - Cadre lumineux V2 49 x 36 cm 520 Pi\u00e8ces d\u00e8s maintenant.","og_url":"https:\/\/tupique.com\/en\/product\/puzzle-clementoni-stranger-things-cadre-lumineux-v2-49-x-36-cm-520-pieces\/","og_site_name":"Tupique","article_modified_time":"2026-04-09T16:55:34+00:00","twitter_card":"summary_large_image","twitter_misc":{"Estimated reading time":"2 minutes"},"schema":{"@context":"https:\/\/schema.org","@graph":[{"@type":"WebPage","@id":"https:\/\/tupique.com\/produit\/puzzle-clementoni-stranger-things-cadre-lumineux-v2-49-x-36-cm-520-pieces\/","url":"https:\/\/tupique.com\/produit\/puzzle-clementoni-stranger-things-cadre-lumineux-v2-49-x-36-cm-520-pieces\/","name":"Puzzle Clementoni Stranger Things - Cadre lumineux V2 49 x 36 cm 520 Pi\u00e8ces - Tupique","isPartOf":{"@id":"https:\/\/tupique.com\/#website"},"primaryImageOfPage":{"@id":"https:\/\/tupique.com\/produit\/puzzle-clementoni-stranger-things-cadre-lumineux-v2-49-x-36-cm-520-pieces\/#primaryimage"},"image":{"@id":"https:\/\/tupique.com\/produit\/puzzle-clementoni-stranger-things-cadre-lumineux-v2-49-x-36-cm-520-pieces\/#primaryimage"},"thumbnailUrl":"https:\/\/tupique.com\/wp-content\/uploads\/2026\/04\/8005125356102_S71022123_P00.jpg","datePublished":"2026-04-09T07:00:33+00:00","dateModified":"2026-04-09T16:55:34+00:00","description":"Vous cherchez Puzzle Clementoni Stranger Things - Cadre lumineux V2 49 x 36 cm 520 Pi\u00e8ces ? Achetez des produits chez Tupique. Profitez de la livraison gratuite pour obtenir Puzzle Clementoni Stranger Things - Cadre lumineux V2 49 x 36 cm 520 Pi\u00e8ces d\u00e8s maintenant.","breadcrumb":{"@id":"https:\/\/tupique.com\/produit\/puzzle-clementoni-stranger-things-cadre-lumineux-v2-49-x-36-cm-520-pieces\/#breadcrumb"},"inLanguage":"en-GB","potentialAction":[{"@type":"ReadAction","target":["https:\/\/tupique.com\/produit\/puzzle-clementoni-stranger-things-cadre-lumineux-v2-49-x-36-cm-520-pieces\/"]}]},{"@type":"ImageObject","inLanguage":"en-GB","@id":"https:\/\/tupique.com\/produit\/puzzle-clementoni-stranger-things-cadre-lumineux-v2-49-x-36-cm-520-pieces\/#primaryimage","url":"https:\/\/tupique.com\/wp-content\/uploads\/2026\/04\/8005125356102_S71022123_P00.jpg","contentUrl":"https:\/\/tupique.com\/wp-content\/uploads\/2026\/04\/8005125356102_S71022123_P00.jpg","width":1200,"height":1200,"caption":"S71022123_0"},{"@type":"BreadcrumbList","@id":"https:\/\/tupique.com\/produit\/puzzle-clementoni-stranger-things-cadre-lumineux-v2-49-x-36-cm-520-pieces\/#breadcrumb","itemListElement":[{"@type":"ListItem","position":1,"name":"In\u00edcio","item":"https:\/\/tupique.com\/"},{"@type":"ListItem","position":2,"name":"Boutique","item":"https:\/\/tupique.com\/en\/boutique\/"},{"@type":"ListItem","position":3,"name":"Puzzle Clementoni Stranger Things &#8211; Cadre lumineux V2 49 x 36 cm 520 Pi\u00e8ces"}]},{"@type":"WebSite","@id":"https:\/\/tupique.com\/#website","url":"https:\/\/tupique.com\/","name":"Tupique","description":"Marketplace","publisher":{"@id":"https:\/\/tupique.com\/#organization"},"potentialAction":[{"@type":"SearchAction","target":{"@type":"EntryPoint","urlTemplate":"https:\/\/tupique.com\/?s={search_term_string}"},"query-input":{"@type":"PropertyValueSpecification","valueRequired":true,"valueName":"search_term_string"}}],"inLanguage":"en-GB"},{"@type":"Organization","@id":"https:\/\/tupique.com\/#organization","name":"Tupique","url":"https:\/\/tupique.com\/","logo":{"@type":"ImageObject","inLanguage":"en-GB","@id":"https:\/\/tupique.com\/#\/schema\/logo\/image\/","url":"https:\/\/tupique.com\/wp-content\/uploads\/2024\/09\/logo.png","contentUrl":"https:\/\/tupique.com\/wp-content\/uploads\/2024\/09\/logo.png","width":1118,"height":310,"caption":"Tupique"},"image":{"@id":"https:\/\/tupique.com\/#\/schema\/logo\/image\/"}}]}},"jetpack_sharing_enabled":true,"_links":{"self":[{"href":"https:\/\/tupique.com\/en\/wp-json\/wp\/v2\/product\/4385930","targetHints":{"allow":["GET"]}}],"collection":[{"href":"https:\/\/tupique.com\/en\/wp-json\/wp\/v2\/product"}],"about":[{"href":"https:\/\/tupique.com\/en\/wp-json\/wp\/v2\/types\/product"}],"replies":[{"embeddable":true,"href":"https:\/\/tupique.com\/en\/wp-json\/wp\/v2\/comments?post=4385930"}],"wp:featuredmedia":[{"embeddable":true,"href":"https:\/\/tupique.com\/en\/wp-json\/wp\/v2\/media\/4385917"}],"wp:attachment":[{"href":"https:\/\/tupique.com\/en\/wp-json\/wp\/v2\/media?parent=4385930"}],"wp:term":[{"taxonomy":"product_brand","embeddable":true,"href":"https:\/\/tupique.com\/en\/wp-json\/wp\/v2\/product_brand?post=4385930"},{"taxonomy":"product_cat","embeddable":true,"href":"https:\/\/tupique.com\/en\/wp-json\/wp\/v2\/product_cat?post=4385930"},{"taxonomy":"product_tag","embeddable":true,"href":"https:\/\/tupique.com\/en\/wp-json\/wp\/v2\/product_tag?post=4385930"}],"curies":[{"name":"wp","href":"https:\/\/api.w.org\/{rel}","templated":true}]}}