{"id":4386194,"date":"2026-04-09T18:57:43","date_gmt":"2026-04-09T17:57:43","guid":{"rendered":"https:\/\/tupique.com\/produit\/ordinateur-portable-dell-9w7hh-39-i5-1334u-16-gb-ram-512-gb-ssd-espagnol-qwerty\/"},"modified":"2026-04-09T18:57:43","modified_gmt":"2026-04-09T17:57:43","slug":"ordinateur-portable-dell-9w7hh-39-i5-1334u-16-gb-ram-512-gb-ssd-espagnol-qwerty","status":"publish","type":"product","link":"https:\/\/tupique.com\/en\/product\/ordinateur-portable-dell-9w7hh-39-i5-1334u-16-gb-ram-512-gb-ssd-espagnol-qwerty\/","title":{"rendered":"Ordinateur Portable Dell 9W7HH 39&#8243; i5-1334U 16 GB RAM 512 GB SSD Espagnol Qwerty"},"content":{"rendered":"<p>If you are passionate about\u2019<b>computer science and electronics<\/b>, If you're at the cutting edge of technology and don't want to miss a thing, buy <b>Ordinateur Portable Dell 9W7HH 39&#8243; i5-1334U 16 GB RAM 512 GB SSD Espagnol Qwerty<\/b> at the best price.<\/p>\n<ul>\n<li>Bloc d\u2019Alimentation: r\u00e9seau \u00e9lectrique<\/li>\n<li>Socket type: EU socket<\/li>\n<li>Type de m\u00e9moire:\n<ul>\n<li>SDRAM<\/li>\n<li>DDR5 SDRAM<\/li>\n<\/ul>\n<\/li>\n<li>Type:\n<ul>\n<li>Ordinateur Portable<\/li>\n<li>Clavier num\u00e9rique<\/li>\n<li>Touchpad<\/li>\n<\/ul>\n<\/li>\n<li>Plug-in product: Yes<\/li>\n<li>Diagonale de l&#8217;\u00e9cran (cm):\n<ul>\n<li>39,6 cm<\/li>\n<li>99,1 cm<\/li>\n<\/ul>\n<\/li>\n<li>Type d&#8217;unit\u00e9 optique: Non<\/li>\n<li>Ecran:\n<ul>\n<li>39&#8243;<\/li>\n<li>15,6&#8243;<\/li>\n<\/ul>\n<\/li>\n<li>Colour: Black<\/li>\n<li>Material: Plastic<\/li>\n<li>Features:\n<ul>\n<li>Front camera<\/li>\n<li>Built-in microphone<\/li>\n<li>Lecteur de Cartes<\/li>\n<li>LED indicateur de chargement<\/li>\n<li>2 loudspeakers<\/li>\n<li>Fingerprint reader<\/li>\n<li>Adaptateur graphique int\u00e9gr\u00e9<\/li>\n<\/ul>\n<\/li>\n<li>Connections:\n<ul>\n<li>HDMI<\/li>\n<li>USB 2.0<\/li>\n<li>USB 3.2<\/li>\n<li>HDMI 1.4<\/li>\n<li>USB-C 3.2 Gen 1 (3.1 Gen 1)<\/li>\n<li>PCI Express 4.0<\/li>\n<li>C\u00e2ble jack 3,3 mm<\/li>\n<\/ul>\n<\/li>\n<li>Aspect ratio: 16:9<\/li>\n<li>Connectivity:\n<ul>\n<li>Bluetooth<\/li>\n<li>6 GHz Wi-Fi<\/li>\n<\/ul>\n<\/li>\n<li>R\u00e9solution: Full HD<\/li>\n<li>M\u00e9moire RAM: 16 GB RAM<\/li>\n<li>Technology:\n<ul>\n<li>LED<\/li>\n<li>IPS<\/li>\n<li>Mime<\/li>\n<\/ul>\n<\/li>\n<li>Standard: NTSC<\/li>\n<li>Cache: 12 MB<\/li>\n<li>Disque dur: 512 GB SSD<\/li>\n<li>Contr\u00f4leur graphique: Intel UHD Graphics<\/li>\n<li>Frequency:\n<ul>\n<li>50 &#8211; 60 Hz<\/li>\n<li>120 Hz<\/li>\n<\/ul>\n<\/li>\n<li>puissance: 65 W<\/li>\n<li>Temps de charge approx.: 4 heures<\/li>\n<li>speed:\n<ul>\n<li>30 fps<\/li>\n<li>4.6 GHz<\/li>\n<\/ul>\n<\/li>\n<li>Tension: 100 &#8211; 240 V<\/li>\n<li>Bande: 2,4 GHz &#8211; 5 GHz<\/li>\n<li>Non Inclus:\n<ul>\n<li>Type d&#8217;unit\u00e9 optique<\/li>\n<li>Adaptateur AC<\/li>\n<li>Mobile network connection<\/li>\n<li>Adaptateur graphique discret<\/li>\n<\/ul>\n<\/li>\n<li>Exigences: 64 bits<\/li>\n<li>Format:\n<ul>\n<li>M.2<\/li>\n<li>1 x 16 GB<\/li>\n<\/ul>\n<\/li>\n<li>Touch screen: No<\/li>\n<li>Cartes M\u00e9moire Compatibles: SD,SDHC,SDXC<\/li>\n<li>Cam\u00e9ra\/Appareil Photo: HD<\/li>\n<li>Flux lumineux: 250 Lm<\/li>\n<li>Poids: 190 g<\/li>\n<li>Facteur de forme: SO-DIMM<\/li>\n<li>Working humidity range: 10 % - 90 %<\/li>\n<li>Inclut: SSD x 1<\/li>\n<li>Clavier: Espagnol Qwerty<\/li>\n<li>Type de stockage: SSD<\/li>\n<li>Battery type: Litio Ion<\/li>\n<li>Syst\u00e8me d&#8217;exploitation: Windows 11 Pro<\/li>\n<li>Noyaux: 10 Noyaux<\/li>\n<li>Processor family:\n<ul>\n<li>Intel Core i5<\/li>\n<li>Intel<\/li>\n<\/ul>\n<\/li>\n<li>Resolution (px):\n<ul>\n<li>1920 x 1080 px<\/li>\n<li>1280 x 720 px<\/li>\n<\/ul>\n<\/li>\n<li>Processeur: i5-1334U<\/li>\n<\/ul>","protected":false},"excerpt":{"rendered":"<p>Si vous \u00eates passionn\u00e9 d&#8217;informatique et d&#8217;\u00e9lectronique, si vous \u00eates \u00e0 la pointe de la technologie et qu&#8217;aucun d\u00e9tail ne<\/p>","protected":false},"featured_media":4386190,"comment_status":"open","ping_status":"closed","template":"","meta":{"_joinchat":[]},"product_brand":[158204],"product_cat":[157516,157583,155043],"product_tag":[157514,157515],"class_list":{"0":"post-4386194","1":"product","2":"type-product","3":"status-publish","4":"has-post-thumbnail","6":"product_brand-brandp_637","7":"product_cat-informatique-electronique","8":"product_cat-informatique-ordinateurs","9":"product_cat-notebooks","10":"product_tag-tag_933","11":"product_tag-tag_1295","13":"first","14":"instock","15":"taxable","16":"shipping-taxable","17":"purchasable","18":"product-type-simple"},"yoast_head":"<!-- This site is optimized with the Yoast SEO plugin v27.2 - https:\/\/yoast.com\/product\/yoast-seo-wordpress\/ -->\n<title>Ordinateur Portable Dell 9W7HH 39&quot; i5-1334U 16 GB RAM 512 GB SSD Espagnol Qwerty - Tupique<\/title>\n<meta name=\"description\" content=\"Vous cherchez Ordinateur Portable Dell 9W7HH 39&quot; i5-1334U 16 GB RAM 512 GB SSD Espagnol Qwerty ? Achetez des produits chez Tupique. Profitez de la livraison gratuite pour obtenir Ordinateur Portable Dell 9W7HH 39&quot; i5-1334U 16 GB RAM 512 GB SSD Espagnol Qwerty d\u00e8s maintenant.\" \/>\n<meta name=\"robots\" content=\"index, follow, max-snippet:-1, max-image-preview:large, max-video-preview:-1\" \/>\n<link rel=\"canonical\" href=\"https:\/\/tupique.com\/en\/product\/ordinateur-portable-dell-9w7hh-39-i5-1334u-16-gb-ram-512-gb-ssd-espagnol-qwerty\/\" \/>\n<meta property=\"og:locale\" content=\"en_GB\" \/>\n<meta property=\"og:type\" content=\"article\" \/>\n<meta property=\"og:title\" content=\"Ordinateur Portable Dell 9W7HH 39&quot; i5-1334U 16 GB RAM 512 GB SSD Espagnol Qwerty - Tupique\" \/>\n<meta property=\"og:description\" content=\"Vous cherchez Ordinateur Portable Dell 9W7HH 39&quot; i5-1334U 16 GB RAM 512 GB SSD Espagnol Qwerty ? Achetez des produits chez Tupique. Profitez de la livraison gratuite pour obtenir Ordinateur Portable Dell 9W7HH 39&quot; i5-1334U 16 GB RAM 512 GB SSD Espagnol Qwerty d\u00e8s maintenant.\" \/>\n<meta property=\"og:url\" content=\"https:\/\/tupique.com\/en\/product\/ordinateur-portable-dell-9w7hh-39-i5-1334u-16-gb-ram-512-gb-ssd-espagnol-qwerty\/\" \/>\n<meta property=\"og:site_name\" content=\"Tupique\" \/>\n<meta name=\"twitter:card\" content=\"summary_large_image\" \/>\n<meta name=\"twitter:label1\" content=\"Estimated reading time\" \/>\n\t<meta name=\"twitter:data1\" content=\"1 minute\" \/>\n<script type=\"application\/ld+json\" class=\"yoast-schema-graph\">{\"@context\":\"https:\/\/schema.org\",\"@graph\":[{\"@type\":\"WebPage\",\"@id\":\"https:\/\/tupique.com\/produit\/ordinateur-portable-dell-9w7hh-39-i5-1334u-16-gb-ram-512-gb-ssd-espagnol-qwerty\/\",\"url\":\"https:\/\/tupique.com\/produit\/ordinateur-portable-dell-9w7hh-39-i5-1334u-16-gb-ram-512-gb-ssd-espagnol-qwerty\/\",\"name\":\"Ordinateur Portable Dell 9W7HH 39\\\" i5-1334U 16 GB RAM 512 GB SSD Espagnol Qwerty - Tupique\",\"isPartOf\":{\"@id\":\"https:\/\/tupique.com\/#website\"},\"primaryImageOfPage\":{\"@id\":\"https:\/\/tupique.com\/produit\/ordinateur-portable-dell-9w7hh-39-i5-1334u-16-gb-ram-512-gb-ssd-espagnol-qwerty\/#primaryimage\"},\"image\":{\"@id\":\"https:\/\/tupique.com\/produit\/ordinateur-portable-dell-9w7hh-39-i5-1334u-16-gb-ram-512-gb-ssd-espagnol-qwerty\/#primaryimage\"},\"thumbnailUrl\":\"https:\/\/tupique.com\/wp-content\/uploads\/2026\/04\/5397184978078_I01.jpg\",\"datePublished\":\"2026-04-09T17:57:43+00:00\",\"description\":\"Vous cherchez Ordinateur Portable Dell 9W7HH 39\\\" i5-1334U 16 GB RAM 512 GB SSD Espagnol Qwerty ? Achetez des produits chez Tupique. Profitez de la livraison gratuite pour obtenir Ordinateur Portable Dell 9W7HH 39\\\" i5-1334U 16 GB RAM 512 GB SSD Espagnol Qwerty d\u00e8s maintenant.\",\"breadcrumb\":{\"@id\":\"https:\/\/tupique.com\/produit\/ordinateur-portable-dell-9w7hh-39-i5-1334u-16-gb-ram-512-gb-ssd-espagnol-qwerty\/#breadcrumb\"},\"inLanguage\":\"en-GB\",\"potentialAction\":[{\"@type\":\"ReadAction\",\"target\":[\"https:\/\/tupique.com\/produit\/ordinateur-portable-dell-9w7hh-39-i5-1334u-16-gb-ram-512-gb-ssd-espagnol-qwerty\/\"]}]},{\"@type\":\"ImageObject\",\"inLanguage\":\"en-GB\",\"@id\":\"https:\/\/tupique.com\/produit\/ordinateur-portable-dell-9w7hh-39-i5-1334u-16-gb-ram-512-gb-ssd-espagnol-qwerty\/#primaryimage\",\"url\":\"https:\/\/tupique.com\/wp-content\/uploads\/2026\/04\/5397184978078_I01.jpg\",\"contentUrl\":\"https:\/\/tupique.com\/wp-content\/uploads\/2026\/04\/5397184978078_I01.jpg\",\"width\":1200,\"height\":1200,\"caption\":\"S0471187_0\"},{\"@type\":\"BreadcrumbList\",\"@id\":\"https:\/\/tupique.com\/produit\/ordinateur-portable-dell-9w7hh-39-i5-1334u-16-gb-ram-512-gb-ssd-espagnol-qwerty\/#breadcrumb\",\"itemListElement\":[{\"@type\":\"ListItem\",\"position\":1,\"name\":\"In\u00edcio\",\"item\":\"https:\/\/tupique.com\/\"},{\"@type\":\"ListItem\",\"position\":2,\"name\":\"Boutique\",\"item\":\"https:\/\/tupique.com\/en\/boutique\/\"},{\"@type\":\"ListItem\",\"position\":3,\"name\":\"Ordinateur Portable Dell 9W7HH 39&#8243; i5-1334U 16 GB RAM 512 GB SSD Espagnol Qwerty\"}]},{\"@type\":\"WebSite\",\"@id\":\"https:\/\/tupique.com\/#website\",\"url\":\"https:\/\/tupique.com\/\",\"name\":\"Tupique\",\"description\":\"Marketplace\",\"publisher\":{\"@id\":\"https:\/\/tupique.com\/#organization\"},\"potentialAction\":[{\"@type\":\"SearchAction\",\"target\":{\"@type\":\"EntryPoint\",\"urlTemplate\":\"https:\/\/tupique.com\/?s={search_term_string}\"},\"query-input\":{\"@type\":\"PropertyValueSpecification\",\"valueRequired\":true,\"valueName\":\"search_term_string\"}}],\"inLanguage\":\"en-GB\"},{\"@type\":\"Organization\",\"@id\":\"https:\/\/tupique.com\/#organization\",\"name\":\"Tupique\",\"url\":\"https:\/\/tupique.com\/\",\"logo\":{\"@type\":\"ImageObject\",\"inLanguage\":\"en-GB\",\"@id\":\"https:\/\/tupique.com\/#\/schema\/logo\/image\/\",\"url\":\"https:\/\/tupique.com\/wp-content\/uploads\/2024\/09\/logo.png\",\"contentUrl\":\"https:\/\/tupique.com\/wp-content\/uploads\/2024\/09\/logo.png\",\"width\":1118,\"height\":310,\"caption\":\"Tupique\"},\"image\":{\"@id\":\"https:\/\/tupique.com\/#\/schema\/logo\/image\/\"}}]}<\/script>\n<!-- \/ Yoast SEO plugin. -->","yoast_head_json":{"title":"Ordinateur Portable Dell 9W7HH 39\" i5-1334U 16 GB RAM 512 GB SSD Espagnol Qwerty - Tupique","description":"Vous cherchez Ordinateur Portable Dell 9W7HH 39\" i5-1334U 16 GB RAM 512 GB SSD Espagnol Qwerty ? Achetez des produits chez Tupique. Profitez de la livraison gratuite pour obtenir Ordinateur Portable Dell 9W7HH 39\" i5-1334U 16 GB RAM 512 GB SSD Espagnol Qwerty d\u00e8s maintenant.","robots":{"index":"index","follow":"follow","max-snippet":"max-snippet:-1","max-image-preview":"max-image-preview:large","max-video-preview":"max-video-preview:-1"},"canonical":"https:\/\/tupique.com\/en\/product\/ordinateur-portable-dell-9w7hh-39-i5-1334u-16-gb-ram-512-gb-ssd-espagnol-qwerty\/","og_locale":"en_GB","og_type":"article","og_title":"Ordinateur Portable Dell 9W7HH 39\" i5-1334U 16 GB RAM 512 GB SSD Espagnol Qwerty - Tupique","og_description":"Vous cherchez Ordinateur Portable Dell 9W7HH 39\" i5-1334U 16 GB RAM 512 GB SSD Espagnol Qwerty ? Achetez des produits chez Tupique. Profitez de la livraison gratuite pour obtenir Ordinateur Portable Dell 9W7HH 39\" i5-1334U 16 GB RAM 512 GB SSD Espagnol Qwerty d\u00e8s maintenant.","og_url":"https:\/\/tupique.com\/en\/product\/ordinateur-portable-dell-9w7hh-39-i5-1334u-16-gb-ram-512-gb-ssd-espagnol-qwerty\/","og_site_name":"Tupique","twitter_card":"summary_large_image","twitter_misc":{"Estimated reading time":"1 minute"},"schema":{"@context":"https:\/\/schema.org","@graph":[{"@type":"WebPage","@id":"https:\/\/tupique.com\/produit\/ordinateur-portable-dell-9w7hh-39-i5-1334u-16-gb-ram-512-gb-ssd-espagnol-qwerty\/","url":"https:\/\/tupique.com\/produit\/ordinateur-portable-dell-9w7hh-39-i5-1334u-16-gb-ram-512-gb-ssd-espagnol-qwerty\/","name":"Ordinateur Portable Dell 9W7HH 39\" i5-1334U 16 GB RAM 512 GB SSD Espagnol Qwerty - Tupique","isPartOf":{"@id":"https:\/\/tupique.com\/#website"},"primaryImageOfPage":{"@id":"https:\/\/tupique.com\/produit\/ordinateur-portable-dell-9w7hh-39-i5-1334u-16-gb-ram-512-gb-ssd-espagnol-qwerty\/#primaryimage"},"image":{"@id":"https:\/\/tupique.com\/produit\/ordinateur-portable-dell-9w7hh-39-i5-1334u-16-gb-ram-512-gb-ssd-espagnol-qwerty\/#primaryimage"},"thumbnailUrl":"https:\/\/tupique.com\/wp-content\/uploads\/2026\/04\/5397184978078_I01.jpg","datePublished":"2026-04-09T17:57:43+00:00","description":"Vous cherchez Ordinateur Portable Dell 9W7HH 39\" i5-1334U 16 GB RAM 512 GB SSD Espagnol Qwerty ? Achetez des produits chez Tupique. Profitez de la livraison gratuite pour obtenir Ordinateur Portable Dell 9W7HH 39\" i5-1334U 16 GB RAM 512 GB SSD Espagnol Qwerty d\u00e8s maintenant.","breadcrumb":{"@id":"https:\/\/tupique.com\/produit\/ordinateur-portable-dell-9w7hh-39-i5-1334u-16-gb-ram-512-gb-ssd-espagnol-qwerty\/#breadcrumb"},"inLanguage":"en-GB","potentialAction":[{"@type":"ReadAction","target":["https:\/\/tupique.com\/produit\/ordinateur-portable-dell-9w7hh-39-i5-1334u-16-gb-ram-512-gb-ssd-espagnol-qwerty\/"]}]},{"@type":"ImageObject","inLanguage":"en-GB","@id":"https:\/\/tupique.com\/produit\/ordinateur-portable-dell-9w7hh-39-i5-1334u-16-gb-ram-512-gb-ssd-espagnol-qwerty\/#primaryimage","url":"https:\/\/tupique.com\/wp-content\/uploads\/2026\/04\/5397184978078_I01.jpg","contentUrl":"https:\/\/tupique.com\/wp-content\/uploads\/2026\/04\/5397184978078_I01.jpg","width":1200,"height":1200,"caption":"S0471187_0"},{"@type":"BreadcrumbList","@id":"https:\/\/tupique.com\/produit\/ordinateur-portable-dell-9w7hh-39-i5-1334u-16-gb-ram-512-gb-ssd-espagnol-qwerty\/#breadcrumb","itemListElement":[{"@type":"ListItem","position":1,"name":"In\u00edcio","item":"https:\/\/tupique.com\/"},{"@type":"ListItem","position":2,"name":"Boutique","item":"https:\/\/tupique.com\/en\/boutique\/"},{"@type":"ListItem","position":3,"name":"Ordinateur Portable Dell 9W7HH 39&#8243; i5-1334U 16 GB RAM 512 GB SSD Espagnol Qwerty"}]},{"@type":"WebSite","@id":"https:\/\/tupique.com\/#website","url":"https:\/\/tupique.com\/","name":"Tupique","description":"Marketplace","publisher":{"@id":"https:\/\/tupique.com\/#organization"},"potentialAction":[{"@type":"SearchAction","target":{"@type":"EntryPoint","urlTemplate":"https:\/\/tupique.com\/?s={search_term_string}"},"query-input":{"@type":"PropertyValueSpecification","valueRequired":true,"valueName":"search_term_string"}}],"inLanguage":"en-GB"},{"@type":"Organization","@id":"https:\/\/tupique.com\/#organization","name":"Tupique","url":"https:\/\/tupique.com\/","logo":{"@type":"ImageObject","inLanguage":"en-GB","@id":"https:\/\/tupique.com\/#\/schema\/logo\/image\/","url":"https:\/\/tupique.com\/wp-content\/uploads\/2024\/09\/logo.png","contentUrl":"https:\/\/tupique.com\/wp-content\/uploads\/2024\/09\/logo.png","width":1118,"height":310,"caption":"Tupique"},"image":{"@id":"https:\/\/tupique.com\/#\/schema\/logo\/image\/"}}]}},"jetpack_sharing_enabled":true,"_links":{"self":[{"href":"https:\/\/tupique.com\/en\/wp-json\/wp\/v2\/product\/4386194","targetHints":{"allow":["GET"]}}],"collection":[{"href":"https:\/\/tupique.com\/en\/wp-json\/wp\/v2\/product"}],"about":[{"href":"https:\/\/tupique.com\/en\/wp-json\/wp\/v2\/types\/product"}],"replies":[{"embeddable":true,"href":"https:\/\/tupique.com\/en\/wp-json\/wp\/v2\/comments?post=4386194"}],"wp:featuredmedia":[{"embeddable":true,"href":"https:\/\/tupique.com\/en\/wp-json\/wp\/v2\/media\/4386190"}],"wp:attachment":[{"href":"https:\/\/tupique.com\/en\/wp-json\/wp\/v2\/media?parent=4386194"}],"wp:term":[{"taxonomy":"product_brand","embeddable":true,"href":"https:\/\/tupique.com\/en\/wp-json\/wp\/v2\/product_brand?post=4386194"},{"taxonomy":"product_cat","embeddable":true,"href":"https:\/\/tupique.com\/en\/wp-json\/wp\/v2\/product_cat?post=4386194"},{"taxonomy":"product_tag","embeddable":true,"href":"https:\/\/tupique.com\/en\/wp-json\/wp\/v2\/product_tag?post=4386194"}],"curies":[{"name":"wp","href":"https:\/\/api.w.org\/{rel}","templated":true}]}}