{"id":4386311,"date":"2026-04-09T19:00:20","date_gmt":"2026-04-09T18:00:20","guid":{"rendered":"https:\/\/tupique.com\/produit\/smartphone-samsung-galaxy-s26-ultra-5g-sm-s948-69-12-gb-ram-512-gb-violet-snapdragon-850-qualcomm-snapdragon-8-elite\/"},"modified":"2026-04-09T19:00:20","modified_gmt":"2026-04-09T18:00:20","slug":"smartphone-samsung-galaxy-s26-ultra-5g-sm-s948-69-12-gb-ram-512-gb-violet-snapdragon-850-qualcomm-snapdragon-8-elite","status":"publish","type":"product","link":"https:\/\/tupique.com\/en\/product\/smartphone-samsung-galaxy-s26-ultra-5g-sm-s948-69-12-gb-ram-512-gb-violet-snapdragon-850-qualcomm-snapdragon-8-elite\/","title":{"rendered":"Smartphone Samsung Galaxy S26 Ultra 5G SM-S948 6,9&#8243; 12 GB RAM 512 GB Violet Snapdragon 850 Qualcomm Snapdragon 8 Elite"},"content":{"rendered":"<p>If you are passionate about\u2019<b>computer science and electronics<\/b>, If you're at the cutting edge of technology and don't want to miss a thing, buy <b>Smartphone Samsung Galaxy S26 Ultra 5G SM-S948 6,9&#8243; 12 GB RAM 512 GB Violet Snapdragon 850 Qualcomm Snapdragon 8 Elite<\/b> at the best price.<\/p>\n<ul>\n<li>Type: Smartphone<\/li>\n<li>Plug-in product: Yes<\/li>\n<li>Diagonale de l&#8217;\u00e9cran (cm): 17,5 cm<\/li>\n<li>Socket type: EU socket<\/li>\n<li>Bloc d\u2019Alimentation: r\u00e9seau \u00e9lectrique<\/li>\n<li>Capacit\u00e9 de la batterie: 5000 mAh<\/li>\n<li>Ecran: 6,9&#8243;<\/li>\n<li>Operating system: Android<\/li>\n<li>puissance: 60 W<\/li>\n<li>Connectivity:\n<ul>\n<li>NFC<\/li>\n<li>Bluetooth<\/li>\n<\/ul>\n<\/li>\n<li>Camera:\n<ul>\n<li>12 mpx<\/li>\n<li>50 Mp<\/li>\n<\/ul>\n<\/li>\n<li>Connexions: USB-C<\/li>\n<li>M\u00e9moire RAM: 12 GB RAM<\/li>\n<li>Internal memory: 512 GB<\/li>\n<li>Couleur: Violet<\/li>\n<li>Features:\n<ul>\n<li>Imperm\u00e9able<\/li>\n<li>Water-resistant<\/li>\n<li>GPS<\/li>\n<li>Accelerometer<\/li>\n<li>Integrated speakers<\/li>\n<li>Front camera<\/li>\n<li>Enregistrement vid\u00e9o<\/li>\n<li>M\u00e9moire extensible<\/li>\n<li>Colour screen<\/li>\n<li>LCD screen<\/li>\n<li>Touch screen<\/li>\n<li>Reconnaissance faciale<\/li>\n<li>Capteur d&#8217;empreintes digitales<\/li>\n<li>Capteur d&#8217;identit\u00e9 par empreintes digitales<\/li>\n<li>Ambient light sensor<\/li>\n<li>Cam\u00e9ra\/Appareil Photo<\/li>\n<li>Chargement sans fil<\/li>\n<li>carga rapida inalambrica<\/li>\n<li>Connectivit\u00e9 NFC<\/li>\n<li>Gyroscope<\/li>\n<li>MMS<\/li>\n<li>\u00c9cran AMOLED<\/li>\n<li>\u00c9cran HDR<\/li>\n<li>\u00c9cran OLED<\/li>\n<li>R\u00e9sistant \u00e0 l&#8217;eau et \u00e0 la poussi\u00e8re<\/li>\n<li>R\u00e9sistant \u00e0 la poussi\u00e8re<\/li>\n<li>Capteur d&#8217;identit\u00e9 par reconnaissance faciale<\/li>\n<li>Appel vid\u00e9o<\/li>\n<li>Loudspeaker<\/li>\n<li>Double emplacement pour carte SIM<\/li>\n<li>Sleep Monitor<\/li>\n<li>NFC<\/li>\n<li>Emplacement SIM<\/li>\n<li>Lecteur de musique<\/li>\n<li>Dual SIM<\/li>\n<li>Serrure magn\u00e9tique<\/li>\n<li>Avec couvercle<\/li>\n<li>USB<\/li>\n<li>Wi-Fi<\/li>\n<li>Manuel<\/li>\n<li>Calendrier<\/li>\n<li>Alarm<\/li>\n<li>Light<\/li>\n<li>LED<\/li>\n<li>\u00c9cran LED<\/li>\n<li>Connexion USB<\/li>\n<li>Avec c\u00e2ble<\/li>\n<li>Commande par boutons<\/li>\n<li>Rechargeable battery<\/li>\n<li>Built-in microphone<\/li>\n<li>R\u00e9sistant aux \u00e9claboussures<\/li>\n<li>Vibration<\/li>\n<li>Chargeur<\/li>\n<li>Lecteur de carte \u00e0 m\u00e9moire<\/li>\n<li>Port USB<\/li>\n<li>R\u00e9duction du bruit<\/li>\n<li>Equalizer<\/li>\n<li>Support<\/li>\n<li>Fente pour cartes SD<\/li>\n<li>HD<\/li>\n<li>Commande du clavier<\/li>\n<li>Voice control<\/li>\n<li>HDR<\/li>\n<li>Appareil photo int\u00e9gr\u00e9<\/li>\n<li>Battery<\/li>\n<li>Ecran<\/li>\n<li>Voix HD<\/li>\n<li>Protection pour \u00c9cran<\/li>\n<li>Anti-trace<\/li>\n<li>R\u00e9sistance aux chocs<\/li>\n<li>Autocollant<\/li>\n<li>Universel<\/li>\n<li>Wireless<\/li>\n<li>C\u00e2ble USB<\/li>\n<li>Integrated screen<\/li>\n<li>Wall mounting<\/li>\n<li>Naturel<\/li>\n<li>\u00c9tui de protection<\/li>\n<li>Int\u00e9rieur<\/li>\n<li>Boussole<\/li>\n<li>Pedometer<\/li>\n<li>Watch<\/li>\n<li>Stopwatch<\/li>\n<li>Battery included<\/li>\n<li>Guarantee<\/li>\n<li>R\u00e9sistant \u00e0 l&#8217;abrasion<\/li>\n<li>Bouton marche\/arr\u00eat<\/li>\n<li>Poign\u00e9e<\/li>\n<li>LED indicator<\/li>\n<li>R\u00e9sistant aux rayures<\/li>\n<li>St\u00e9r\u00e9o<\/li>\n<li>Antenne<\/li>\n<li>Entr\u00e9e auxiliaire<\/li>\n<li>\u00c9cran HD<\/li>\n<li>Activation vocale<\/li>\n<li>Speakers<\/li>\n<li>Calculatrice<\/li>\n<li>Full HD<\/li>\n<li>Android<\/li>\n<li>Interface USB<\/li>\n<li>Installation guide included<\/li>\n<li>Lecteur de Cartes<\/li>\n<li>Hydrofuge<\/li>\n<li>Fonctions mains libres<\/li>\n<li>Voyant lumineux<\/li>\n<li>Quick Charge 4.0<\/li>\n<li>Capteur de Distance<\/li>\n<li>Rechargeable lithium battery<\/li>\n<li>Clavier<\/li>\n<li>Fonctionne \u00e0 piles<\/li>\n<li>Google Play<\/li>\n<li>T\u00e9moin de fonctionnement LED<\/li>\n<li>LED indicateur de chargement<\/li>\n<li>Capteur de lumi\u00e8re<\/li>\n<li>SMS<\/li>\n<li>Lampe Torche<\/li>\n<li>Chargeur sans fil<\/li>\n<li>HDR10+<\/li>\n<li>Mains- libres<\/li>\n<li>Syst\u00e8me de reconnaissance faciale<\/li>\n<li>Google Assistant<\/li>\n<li>Boutons de Contr\u00f4le Int\u00e9gr\u00e9s<\/li>\n<li>Agenda<\/li>\n<li>MP3<\/li>\n<li>Base de charge<\/li>\n<li>Corail<\/li>\n<li>Vibrator<\/li>\n<li>Micro USB<\/li>\n<li>R\u00e9sistant aux Chuttes<\/li>\n<li>Touches de navigation<\/li>\n<li>Tactile<\/li>\n<li>Compartiment pour tablette<\/li>\n<li>Webcam<\/li>\n<li>2 loudspeakers<\/li>\n<li>4 loudspeakers<\/li>\n<li>269 ppp<\/li>\n<li>395 ppp<\/li>\n<li>Fingerprint reader<\/li>\n<li>Data protection\/passwords<\/li>\n<li>Integrated battery<\/li>\n<li>Mode nuit<\/li>\n<li>Capteur g\u00e9omagn\u00e9tique<\/li>\n<li>Brille<\/li>\n<li>Electronic compass<\/li>\n<li>Touches multim\u00e9dia<\/li>\n<li>Navigation<\/li>\n<li>Chargement rapide<\/li>\n<li>Cam\u00e9ra arri\u00e8re<\/li>\n<li>Capteur de proximit\u00e9<\/li>\n<li>Couleurs<\/li>\n<li>Ext\u00e9rieur<\/li>\n<li>Ceramic Shield<\/li>\n<li>Gorilla Glass<\/li>\n<li>Screen with rounded corners<\/li>\n<li>Panda Glass<\/li>\n<li>Avant<\/li>\n<li>\u00c9cran plat<\/li>\n<\/ul>\n<\/li>\n<li>Technologie: Dynamic AMOLED<\/li>\n<li>SIM: Dual SIM<\/li>\n<li>Processor:\n<ul>\n<li>Snapdragon 850<\/li>\n<li>Qualcomm Snapdragon 8 Elite<\/li>\n<\/ul>\n<\/li>\n<li>R\u00e9solution: QHD+<\/li>\n<li>R\u00e9solution (px): 1440 X 3088 PX<\/li>\n<\/ul>","protected":false},"excerpt":{"rendered":"<p>Si vous \u00eates passionn\u00e9 d&#8217;informatique et d&#8217;\u00e9lectronique, si vous \u00eates \u00e0 la pointe de la technologie et qu&#8217;aucun d\u00e9tail ne<\/p>","protected":false},"featured_media":4386306,"comment_status":"open","ping_status":"closed","template":"","meta":{"_joinchat":[]},"product_brand":[157883],"product_cat":[157523,157516,157524],"product_tag":[157514,157522,157515],"class_list":{"0":"post-4386311","1":"product","2":"type-product","3":"status-publish","4":"has-post-thumbnail","6":"product_brand-brandp_576","7":"product_cat-electronique-telephonie-et-tablettes","8":"product_cat-informatique-electronique","9":"product_cat-telephones-portables","10":"product_tag-tag_933","11":"product_tag-tag_547","12":"product_tag-tag_1295","14":"first","15":"instock","16":"taxable","17":"shipping-taxable","18":"purchasable","19":"product-type-simple"},"yoast_head":"<!-- This site is optimized with the Yoast SEO plugin v27.2 - https:\/\/yoast.com\/product\/yoast-seo-wordpress\/ -->\n<title>Smartphone Samsung Galaxy S26 Ultra 5G SM-S948 6,9&quot; 12 GB RAM 512 GB Violet Snapdragon 850 Qualcomm Snapdragon 8 Elite - Tupique<\/title>\n<meta name=\"description\" content=\"Vous cherchez Smartphone Samsung Galaxy S26 Ultra 5G SM-S948 6,9&quot; 12 GB RAM 512 GB Violet Snapdragon 850 Qualcomm Snapdragon 8 Elite ? Achetez des produits chez Tupique. Profitez de la livraison gratuite pour obtenir Smartphone Samsung Galaxy S26 Ultra 5G SM-S948 6,9&quot; 12 GB RAM 512 GB Violet Snapdragon 850 Qualcomm Snapdragon 8 Elite d\u00e8s maintenant.\" \/>\n<meta name=\"robots\" content=\"index, follow, max-snippet:-1, max-image-preview:large, max-video-preview:-1\" \/>\n<link rel=\"canonical\" href=\"https:\/\/tupique.com\/en\/product\/smartphone-samsung-galaxy-s26-ultra-5g-sm-s948-69-12-gb-ram-512-gb-violet-snapdragon-850-qualcomm-snapdragon-8-elite\/\" \/>\n<meta property=\"og:locale\" content=\"en_GB\" \/>\n<meta property=\"og:type\" content=\"article\" \/>\n<meta property=\"og:title\" content=\"Smartphone Samsung Galaxy S26 Ultra 5G SM-S948 6,9&quot; 12 GB RAM 512 GB Violet Snapdragon 850 Qualcomm Snapdragon 8 Elite - Tupique\" \/>\n<meta property=\"og:description\" content=\"Vous cherchez Smartphone Samsung Galaxy S26 Ultra 5G SM-S948 6,9&quot; 12 GB RAM 512 GB Violet Snapdragon 850 Qualcomm Snapdragon 8 Elite ? Achetez des produits chez Tupique. Profitez de la livraison gratuite pour obtenir Smartphone Samsung Galaxy S26 Ultra 5G SM-S948 6,9&quot; 12 GB RAM 512 GB Violet Snapdragon 850 Qualcomm Snapdragon 8 Elite d\u00e8s maintenant.\" \/>\n<meta property=\"og:url\" content=\"https:\/\/tupique.com\/en\/product\/smartphone-samsung-galaxy-s26-ultra-5g-sm-s948-69-12-gb-ram-512-gb-violet-snapdragon-850-qualcomm-snapdragon-8-elite\/\" \/>\n<meta property=\"og:site_name\" content=\"Tupique\" \/>\n<meta name=\"twitter:card\" content=\"summary_large_image\" \/>\n<meta name=\"twitter:label1\" content=\"Estimated reading time\" \/>\n\t<meta name=\"twitter:data1\" content=\"2 minutes\" \/>\n<script type=\"application\/ld+json\" class=\"yoast-schema-graph\">{\"@context\":\"https:\/\/schema.org\",\"@graph\":[{\"@type\":\"WebPage\",\"@id\":\"https:\/\/tupique.com\/produit\/smartphone-samsung-galaxy-s26-ultra-5g-sm-s948-69-12-gb-ram-512-gb-violet-snapdragon-850-qualcomm-snapdragon-8-elite\/\",\"url\":\"https:\/\/tupique.com\/produit\/smartphone-samsung-galaxy-s26-ultra-5g-sm-s948-69-12-gb-ram-512-gb-violet-snapdragon-850-qualcomm-snapdragon-8-elite\/\",\"name\":\"Smartphone Samsung Galaxy S26 Ultra 5G SM-S948 6,9\\\" 12 GB RAM 512 GB Violet Snapdragon 850 Qualcomm Snapdragon 8 Elite - Tupique\",\"isPartOf\":{\"@id\":\"https:\/\/tupique.com\/#website\"},\"primaryImageOfPage\":{\"@id\":\"https:\/\/tupique.com\/produit\/smartphone-samsung-galaxy-s26-ultra-5g-sm-s948-69-12-gb-ram-512-gb-violet-snapdragon-850-qualcomm-snapdragon-8-elite\/#primaryimage\"},\"image\":{\"@id\":\"https:\/\/tupique.com\/produit\/smartphone-samsung-galaxy-s26-ultra-5g-sm-s948-69-12-gb-ram-512-gb-violet-snapdragon-850-qualcomm-snapdragon-8-elite\/#primaryimage\"},\"thumbnailUrl\":\"https:\/\/tupique.com\/wp-content\/uploads\/2026\/04\/8806097827047_M0807459_P00.jpg\",\"datePublished\":\"2026-04-09T18:00:20+00:00\",\"description\":\"Vous cherchez Smartphone Samsung Galaxy S26 Ultra 5G SM-S948 6,9\\\" 12 GB RAM 512 GB Violet Snapdragon 850 Qualcomm Snapdragon 8 Elite ? Achetez des produits chez Tupique. Profitez de la livraison gratuite pour obtenir Smartphone Samsung Galaxy S26 Ultra 5G SM-S948 6,9\\\" 12 GB RAM 512 GB Violet Snapdragon 850 Qualcomm Snapdragon 8 Elite d\u00e8s maintenant.\",\"breadcrumb\":{\"@id\":\"https:\/\/tupique.com\/produit\/smartphone-samsung-galaxy-s26-ultra-5g-sm-s948-69-12-gb-ram-512-gb-violet-snapdragon-850-qualcomm-snapdragon-8-elite\/#breadcrumb\"},\"inLanguage\":\"en-GB\",\"potentialAction\":[{\"@type\":\"ReadAction\",\"target\":[\"https:\/\/tupique.com\/produit\/smartphone-samsung-galaxy-s26-ultra-5g-sm-s948-69-12-gb-ram-512-gb-violet-snapdragon-850-qualcomm-snapdragon-8-elite\/\"]}]},{\"@type\":\"ImageObject\",\"inLanguage\":\"en-GB\",\"@id\":\"https:\/\/tupique.com\/produit\/smartphone-samsung-galaxy-s26-ultra-5g-sm-s948-69-12-gb-ram-512-gb-violet-snapdragon-850-qualcomm-snapdragon-8-elite\/#primaryimage\",\"url\":\"https:\/\/tupique.com\/wp-content\/uploads\/2026\/04\/8806097827047_M0807459_P00.jpg\",\"contentUrl\":\"https:\/\/tupique.com\/wp-content\/uploads\/2026\/04\/8806097827047_M0807459_P00.jpg\",\"width\":1200,\"height\":1200,\"caption\":\"M0807459_0\"},{\"@type\":\"BreadcrumbList\",\"@id\":\"https:\/\/tupique.com\/produit\/smartphone-samsung-galaxy-s26-ultra-5g-sm-s948-69-12-gb-ram-512-gb-violet-snapdragon-850-qualcomm-snapdragon-8-elite\/#breadcrumb\",\"itemListElement\":[{\"@type\":\"ListItem\",\"position\":1,\"name\":\"In\u00edcio\",\"item\":\"https:\/\/tupique.com\/\"},{\"@type\":\"ListItem\",\"position\":2,\"name\":\"Boutique\",\"item\":\"https:\/\/tupique.com\/en\/boutique\/\"},{\"@type\":\"ListItem\",\"position\":3,\"name\":\"Smartphone Samsung Galaxy S26 Ultra 5G SM-S948 6,9&#8243; 12 GB RAM 512 GB Violet Snapdragon 850 Qualcomm Snapdragon 8 Elite\"}]},{\"@type\":\"WebSite\",\"@id\":\"https:\/\/tupique.com\/#website\",\"url\":\"https:\/\/tupique.com\/\",\"name\":\"Tupique\",\"description\":\"Marketplace\",\"publisher\":{\"@id\":\"https:\/\/tupique.com\/#organization\"},\"potentialAction\":[{\"@type\":\"SearchAction\",\"target\":{\"@type\":\"EntryPoint\",\"urlTemplate\":\"https:\/\/tupique.com\/?s={search_term_string}\"},\"query-input\":{\"@type\":\"PropertyValueSpecification\",\"valueRequired\":true,\"valueName\":\"search_term_string\"}}],\"inLanguage\":\"en-GB\"},{\"@type\":\"Organization\",\"@id\":\"https:\/\/tupique.com\/#organization\",\"name\":\"Tupique\",\"url\":\"https:\/\/tupique.com\/\",\"logo\":{\"@type\":\"ImageObject\",\"inLanguage\":\"en-GB\",\"@id\":\"https:\/\/tupique.com\/#\/schema\/logo\/image\/\",\"url\":\"https:\/\/tupique.com\/wp-content\/uploads\/2024\/09\/logo.png\",\"contentUrl\":\"https:\/\/tupique.com\/wp-content\/uploads\/2024\/09\/logo.png\",\"width\":1118,\"height\":310,\"caption\":\"Tupique\"},\"image\":{\"@id\":\"https:\/\/tupique.com\/#\/schema\/logo\/image\/\"}}]}<\/script>\n<!-- \/ Yoast SEO plugin. -->","yoast_head_json":{"title":"Smartphone Samsung Galaxy S26 Ultra 5G SM-S948 6,9\" 12 GB RAM 512 GB Violet Snapdragon 850 Qualcomm Snapdragon 8 Elite - Tupique","description":"Vous cherchez Smartphone Samsung Galaxy S26 Ultra 5G SM-S948 6,9\" 12 GB RAM 512 GB Violet Snapdragon 850 Qualcomm Snapdragon 8 Elite ? Achetez des produits chez Tupique. Profitez de la livraison gratuite pour obtenir Smartphone Samsung Galaxy S26 Ultra 5G SM-S948 6,9\" 12 GB RAM 512 GB Violet Snapdragon 850 Qualcomm Snapdragon 8 Elite d\u00e8s maintenant.","robots":{"index":"index","follow":"follow","max-snippet":"max-snippet:-1","max-image-preview":"max-image-preview:large","max-video-preview":"max-video-preview:-1"},"canonical":"https:\/\/tupique.com\/en\/product\/smartphone-samsung-galaxy-s26-ultra-5g-sm-s948-69-12-gb-ram-512-gb-violet-snapdragon-850-qualcomm-snapdragon-8-elite\/","og_locale":"en_GB","og_type":"article","og_title":"Smartphone Samsung Galaxy S26 Ultra 5G SM-S948 6,9\" 12 GB RAM 512 GB Violet Snapdragon 850 Qualcomm Snapdragon 8 Elite - Tupique","og_description":"Vous cherchez Smartphone Samsung Galaxy S26 Ultra 5G SM-S948 6,9\" 12 GB RAM 512 GB Violet Snapdragon 850 Qualcomm Snapdragon 8 Elite ? Achetez des produits chez Tupique. Profitez de la livraison gratuite pour obtenir Smartphone Samsung Galaxy S26 Ultra 5G SM-S948 6,9\" 12 GB RAM 512 GB Violet Snapdragon 850 Qualcomm Snapdragon 8 Elite d\u00e8s maintenant.","og_url":"https:\/\/tupique.com\/en\/product\/smartphone-samsung-galaxy-s26-ultra-5g-sm-s948-69-12-gb-ram-512-gb-violet-snapdragon-850-qualcomm-snapdragon-8-elite\/","og_site_name":"Tupique","twitter_card":"summary_large_image","twitter_misc":{"Estimated reading time":"2 minutes"},"schema":{"@context":"https:\/\/schema.org","@graph":[{"@type":"WebPage","@id":"https:\/\/tupique.com\/produit\/smartphone-samsung-galaxy-s26-ultra-5g-sm-s948-69-12-gb-ram-512-gb-violet-snapdragon-850-qualcomm-snapdragon-8-elite\/","url":"https:\/\/tupique.com\/produit\/smartphone-samsung-galaxy-s26-ultra-5g-sm-s948-69-12-gb-ram-512-gb-violet-snapdragon-850-qualcomm-snapdragon-8-elite\/","name":"Smartphone Samsung Galaxy S26 Ultra 5G SM-S948 6,9\" 12 GB RAM 512 GB Violet Snapdragon 850 Qualcomm Snapdragon 8 Elite - Tupique","isPartOf":{"@id":"https:\/\/tupique.com\/#website"},"primaryImageOfPage":{"@id":"https:\/\/tupique.com\/produit\/smartphone-samsung-galaxy-s26-ultra-5g-sm-s948-69-12-gb-ram-512-gb-violet-snapdragon-850-qualcomm-snapdragon-8-elite\/#primaryimage"},"image":{"@id":"https:\/\/tupique.com\/produit\/smartphone-samsung-galaxy-s26-ultra-5g-sm-s948-69-12-gb-ram-512-gb-violet-snapdragon-850-qualcomm-snapdragon-8-elite\/#primaryimage"},"thumbnailUrl":"https:\/\/tupique.com\/wp-content\/uploads\/2026\/04\/8806097827047_M0807459_P00.jpg","datePublished":"2026-04-09T18:00:20+00:00","description":"Vous cherchez Smartphone Samsung Galaxy S26 Ultra 5G SM-S948 6,9\" 12 GB RAM 512 GB Violet Snapdragon 850 Qualcomm Snapdragon 8 Elite ? Achetez des produits chez Tupique. Profitez de la livraison gratuite pour obtenir Smartphone Samsung Galaxy S26 Ultra 5G SM-S948 6,9\" 12 GB RAM 512 GB Violet Snapdragon 850 Qualcomm Snapdragon 8 Elite d\u00e8s maintenant.","breadcrumb":{"@id":"https:\/\/tupique.com\/produit\/smartphone-samsung-galaxy-s26-ultra-5g-sm-s948-69-12-gb-ram-512-gb-violet-snapdragon-850-qualcomm-snapdragon-8-elite\/#breadcrumb"},"inLanguage":"en-GB","potentialAction":[{"@type":"ReadAction","target":["https:\/\/tupique.com\/produit\/smartphone-samsung-galaxy-s26-ultra-5g-sm-s948-69-12-gb-ram-512-gb-violet-snapdragon-850-qualcomm-snapdragon-8-elite\/"]}]},{"@type":"ImageObject","inLanguage":"en-GB","@id":"https:\/\/tupique.com\/produit\/smartphone-samsung-galaxy-s26-ultra-5g-sm-s948-69-12-gb-ram-512-gb-violet-snapdragon-850-qualcomm-snapdragon-8-elite\/#primaryimage","url":"https:\/\/tupique.com\/wp-content\/uploads\/2026\/04\/8806097827047_M0807459_P00.jpg","contentUrl":"https:\/\/tupique.com\/wp-content\/uploads\/2026\/04\/8806097827047_M0807459_P00.jpg","width":1200,"height":1200,"caption":"M0807459_0"},{"@type":"BreadcrumbList","@id":"https:\/\/tupique.com\/produit\/smartphone-samsung-galaxy-s26-ultra-5g-sm-s948-69-12-gb-ram-512-gb-violet-snapdragon-850-qualcomm-snapdragon-8-elite\/#breadcrumb","itemListElement":[{"@type":"ListItem","position":1,"name":"In\u00edcio","item":"https:\/\/tupique.com\/"},{"@type":"ListItem","position":2,"name":"Boutique","item":"https:\/\/tupique.com\/en\/boutique\/"},{"@type":"ListItem","position":3,"name":"Smartphone Samsung Galaxy S26 Ultra 5G SM-S948 6,9&#8243; 12 GB RAM 512 GB Violet Snapdragon 850 Qualcomm Snapdragon 8 Elite"}]},{"@type":"WebSite","@id":"https:\/\/tupique.com\/#website","url":"https:\/\/tupique.com\/","name":"Tupique","description":"Marketplace","publisher":{"@id":"https:\/\/tupique.com\/#organization"},"potentialAction":[{"@type":"SearchAction","target":{"@type":"EntryPoint","urlTemplate":"https:\/\/tupique.com\/?s={search_term_string}"},"query-input":{"@type":"PropertyValueSpecification","valueRequired":true,"valueName":"search_term_string"}}],"inLanguage":"en-GB"},{"@type":"Organization","@id":"https:\/\/tupique.com\/#organization","name":"Tupique","url":"https:\/\/tupique.com\/","logo":{"@type":"ImageObject","inLanguage":"en-GB","@id":"https:\/\/tupique.com\/#\/schema\/logo\/image\/","url":"https:\/\/tupique.com\/wp-content\/uploads\/2024\/09\/logo.png","contentUrl":"https:\/\/tupique.com\/wp-content\/uploads\/2024\/09\/logo.png","width":1118,"height":310,"caption":"Tupique"},"image":{"@id":"https:\/\/tupique.com\/#\/schema\/logo\/image\/"}}]}},"jetpack_sharing_enabled":true,"_links":{"self":[{"href":"https:\/\/tupique.com\/en\/wp-json\/wp\/v2\/product\/4386311","targetHints":{"allow":["GET"]}}],"collection":[{"href":"https:\/\/tupique.com\/en\/wp-json\/wp\/v2\/product"}],"about":[{"href":"https:\/\/tupique.com\/en\/wp-json\/wp\/v2\/types\/product"}],"replies":[{"embeddable":true,"href":"https:\/\/tupique.com\/en\/wp-json\/wp\/v2\/comments?post=4386311"}],"wp:featuredmedia":[{"embeddable":true,"href":"https:\/\/tupique.com\/en\/wp-json\/wp\/v2\/media\/4386306"}],"wp:attachment":[{"href":"https:\/\/tupique.com\/en\/wp-json\/wp\/v2\/media?parent=4386311"}],"wp:term":[{"taxonomy":"product_brand","embeddable":true,"href":"https:\/\/tupique.com\/en\/wp-json\/wp\/v2\/product_brand?post=4386311"},{"taxonomy":"product_cat","embeddable":true,"href":"https:\/\/tupique.com\/en\/wp-json\/wp\/v2\/product_cat?post=4386311"},{"taxonomy":"product_tag","embeddable":true,"href":"https:\/\/tupique.com\/en\/wp-json\/wp\/v2\/product_tag?post=4386311"}],"curies":[{"name":"wp","href":"https:\/\/api.w.org\/{rel}","templated":true}]}}