{"id":4386466,"date":"2026-04-09T22:55:57","date_gmt":"2026-04-09T21:55:57","guid":{"rendered":"https:\/\/tupique.com\/produit\/smartphone-google-pixel-10a-5g-63-octa-core-8-gb-ram-256-gb-gris\/"},"modified":"2026-04-09T22:55:57","modified_gmt":"2026-04-09T21:55:57","slug":"smartphone-google-pixel-10a-5g-63-octa-core-8-gb-ram-256-gb-gris","status":"publish","type":"product","link":"https:\/\/tupique.com\/en\/product\/smartphone-google-pixel-10a-5g-63-octa-core-8-gb-ram-256-gb-gris\/","title":{"rendered":"Smartphone Google Pixel 10a 5G 6,3&#8243; Octa Core 8 GB RAM 256 GB Gris"},"content":{"rendered":"<p>If you are passionate about\u2019<b>computer science and electronics<\/b>, If you're at the cutting edge of technology and don't want to miss a thing, buy <b>Smartphone Google Pixel 10a 5G 6,3&#8243; Octa Core 8 GB RAM 256 GB Gris<\/b> at the best price.<\/p>\n<ul>\n<li>Diagonale de l&#8217;\u00e9cran (cm): 16 cm<\/li>\n<li>Type: Smartphone<\/li>\n<li>Plug-in product: Yes<\/li>\n<li>Socket type: EU socket<\/li>\n<li>Bloc d\u2019Alimentation: r\u00e9seau \u00e9lectrique<\/li>\n<li>Capacit\u00e9 de la batterie: 5100 mAh<\/li>\n<li>Ecran: 6,3&#8243;<\/li>\n<li>Operating system: Android<\/li>\n<li>puissance: 30 W<\/li>\n<li>Connectivity:\n<ul>\n<li>NFC<\/li>\n<li>Bluetooth<\/li>\n<\/ul>\n<\/li>\n<li>Camera:\n<ul>\n<li>13 mpx<\/li>\n<li>48 MP<\/li>\n<\/ul>\n<\/li>\n<li>Connexions: USB-C<\/li>\n<li>Processeur: Octa Core<\/li>\n<li>RAM memory: 8 GB RAM<\/li>\n<li>Internal memory: 256 GB<\/li>\n<li>Colour: Grey<\/li>\n<li>Features:\n<ul>\n<li>GPS<\/li>\n<li>Accelerometer<\/li>\n<li>Integrated speakers<\/li>\n<li>Front camera<\/li>\n<li>Enregistrement vid\u00e9o<\/li>\n<li>M\u00e9moire extensible<\/li>\n<li>Colour screen<\/li>\n<li>Touch screen<\/li>\n<li>Reconnaissance faciale<\/li>\n<li>Ambient light sensor<\/li>\n<li>Cam\u00e9ra\/Appareil Photo<\/li>\n<li>Gyroscope<\/li>\n<li>MMS<\/li>\n<li>\u00c9cran OLED<\/li>\n<li>R\u00e9sistant \u00e0 l&#8217;eau et \u00e0 la poussi\u00e8re<\/li>\n<li>Capteur d&#8217;identit\u00e9 par reconnaissance faciale<\/li>\n<li>Appel vid\u00e9o<\/li>\n<li>Loudspeaker<\/li>\n<li>NFC<\/li>\n<li>Emplacement SIM<\/li>\n<li>Lecteur de musique<\/li>\n<li>Capteur d&#8217;empreintes digitales<\/li>\n<li>Dual SIM<\/li>\n<li>R\u00e9sistant<\/li>\n<li>USB<\/li>\n<li>Wi-Fi<\/li>\n<li>Calendrier<\/li>\n<li>Alarm<\/li>\n<li>Connexion USB<\/li>\n<li>Rechargeable battery<\/li>\n<li>Built-in microphone<\/li>\n<li>HD<\/li>\n<li>HDR<\/li>\n<li>Musique<\/li>\n<li>Appareil photo int\u00e9gr\u00e9<\/li>\n<li>Battery<\/li>\n<li>Ecran<\/li>\n<li>Integrated screen<\/li>\n<li>Naturel<\/li>\n<li>Int\u00e9rieur<\/li>\n<li>Watch<\/li>\n<li>Stopwatch<\/li>\n<li>Guarantee<\/li>\n<li>R\u00e9sistance aux chocs<\/li>\n<li>R\u00e9sistant aux rayures<\/li>\n<li>\u00c9cran HD<\/li>\n<li>Speakers<\/li>\n<li>Full HD<\/li>\n<li>Android<\/li>\n<li>Interface USB<\/li>\n<li>Google Play<\/li>\n<li>SMS<\/li>\n<li>Lampe Torche<\/li>\n<li>HDR10+<\/li>\n<li>Syst\u00e8me de reconnaissance faciale<\/li>\n<li>Google Assistant<\/li>\n<li>MP3<\/li>\n<li>Base de charge<\/li>\n<li>Micro USB<\/li>\n<li>M\u00e9moire<\/li>\n<li>Fingerprint reader<\/li>\n<li>Data protection\/passwords<\/li>\n<li>Mobile network connection<\/li>\n<li>Integrated battery<\/li>\n<li>Navigation<\/li>\n<li>Chargement rapide<\/li>\n<li>Haute performance<\/li>\n<li>Cam\u00e9ra arri\u00e8re<\/li>\n<li>Capteur de proximit\u00e9<\/li>\n<li>Couleurs<\/li>\n<li>Ext\u00e9rieur<\/li>\n<li>Gorilla Glass<\/li>\n<li>\u00c9cran plat<\/li>\n<\/ul>\n<\/li>\n<li>Technology:\n<ul>\n<li>120 Hz<\/li>\n<li>Corning Gorilla Glass<\/li>\n<\/ul>\n<\/li>\n<li>R\u00e9solution: 120 Hz<\/li>\n<li>SIM: Dual SIM<\/li>\n<li>R\u00e9solution (px): 1080 x 2400 px<\/li>\n<\/ul>","protected":false},"excerpt":{"rendered":"<p>Si vous \u00eates passionn\u00e9 d&#8217;informatique et d&#8217;\u00e9lectronique, si vous \u00eates \u00e0 la pointe de la technologie et qu&#8217;aucun d\u00e9tail ne<\/p>","protected":false},"featured_media":4386461,"comment_status":"open","ping_status":"closed","template":"","meta":{"_joinchat":[]},"product_brand":[157939],"product_cat":[157523,157516,157524],"product_tag":[157514,157522,157515],"class_list":{"0":"post-4386466","1":"product","2":"type-product","3":"status-publish","4":"has-post-thumbnail","6":"product_brand-brandp_2817","7":"product_cat-electronique-telephonie-et-tablettes","8":"product_cat-informatique-electronique","9":"product_cat-telephones-portables","10":"product_tag-tag_933","11":"product_tag-tag_547","12":"product_tag-tag_1295","14":"first","15":"instock","16":"taxable","17":"shipping-taxable","18":"purchasable","19":"product-type-simple"},"yoast_head":"<!-- This site is optimized with the Yoast SEO plugin v27.2 - https:\/\/yoast.com\/product\/yoast-seo-wordpress\/ -->\n<title>Smartphone Google Pixel 10a 5G 6,3&quot; Octa Core 8 GB RAM 256 GB Gris - Tupique<\/title>\n<meta name=\"description\" content=\"Vous cherchez Smartphone Google Pixel 10a 5G 6,3&quot; Octa Core 8 GB RAM 256 GB Gris ? Achetez des produits chez Tupique. Profitez de la livraison gratuite pour obtenir Smartphone Google Pixel 10a 5G 6,3&quot; Octa Core 8 GB RAM 256 GB Gris d\u00e8s maintenant.\" \/>\n<meta name=\"robots\" content=\"index, follow, max-snippet:-1, max-image-preview:large, max-video-preview:-1\" \/>\n<link rel=\"canonical\" href=\"https:\/\/tupique.com\/en\/product\/smartphone-google-pixel-10a-5g-63-octa-core-8-gb-ram-256-gb-gris\/\" \/>\n<meta property=\"og:locale\" content=\"en_GB\" \/>\n<meta property=\"og:type\" content=\"article\" \/>\n<meta property=\"og:title\" content=\"Smartphone Google Pixel 10a 5G 6,3&quot; Octa Core 8 GB RAM 256 GB Gris - Tupique\" \/>\n<meta property=\"og:description\" content=\"Vous cherchez Smartphone Google Pixel 10a 5G 6,3&quot; Octa Core 8 GB RAM 256 GB Gris ? Achetez des produits chez Tupique. Profitez de la livraison gratuite pour obtenir Smartphone Google Pixel 10a 5G 6,3&quot; Octa Core 8 GB RAM 256 GB Gris d\u00e8s maintenant.\" \/>\n<meta property=\"og:url\" content=\"https:\/\/tupique.com\/en\/product\/smartphone-google-pixel-10a-5g-63-octa-core-8-gb-ram-256-gb-gris\/\" \/>\n<meta property=\"og:site_name\" content=\"Tupique\" \/>\n<meta name=\"twitter:card\" content=\"summary_large_image\" \/>\n<meta name=\"twitter:label1\" content=\"Estimated reading time\" \/>\n\t<meta name=\"twitter:data1\" content=\"1 minute\" \/>\n<script type=\"application\/ld+json\" class=\"yoast-schema-graph\">{\"@context\":\"https:\/\/schema.org\",\"@graph\":[{\"@type\":\"WebPage\",\"@id\":\"https:\/\/tupique.com\/produit\/smartphone-google-pixel-10a-5g-63-octa-core-8-gb-ram-256-gb-gris\/\",\"url\":\"https:\/\/tupique.com\/produit\/smartphone-google-pixel-10a-5g-63-octa-core-8-gb-ram-256-gb-gris\/\",\"name\":\"Smartphone Google Pixel 10a 5G 6,3\\\" Octa Core 8 GB RAM 256 GB Gris - Tupique\",\"isPartOf\":{\"@id\":\"https:\/\/tupique.com\/#website\"},\"primaryImageOfPage\":{\"@id\":\"https:\/\/tupique.com\/produit\/smartphone-google-pixel-10a-5g-63-octa-core-8-gb-ram-256-gb-gris\/#primaryimage\"},\"image\":{\"@id\":\"https:\/\/tupique.com\/produit\/smartphone-google-pixel-10a-5g-63-octa-core-8-gb-ram-256-gb-gris\/#primaryimage\"},\"thumbnailUrl\":\"https:\/\/tupique.com\/wp-content\/uploads\/2026\/04\/0840353950030_M0807506_P00.jpg\",\"datePublished\":\"2026-04-09T21:55:57+00:00\",\"description\":\"Vous cherchez Smartphone Google Pixel 10a 5G 6,3\\\" Octa Core 8 GB RAM 256 GB Gris ? Achetez des produits chez Tupique. Profitez de la livraison gratuite pour obtenir Smartphone Google Pixel 10a 5G 6,3\\\" Octa Core 8 GB RAM 256 GB Gris d\u00e8s maintenant.\",\"breadcrumb\":{\"@id\":\"https:\/\/tupique.com\/produit\/smartphone-google-pixel-10a-5g-63-octa-core-8-gb-ram-256-gb-gris\/#breadcrumb\"},\"inLanguage\":\"en-GB\",\"potentialAction\":[{\"@type\":\"ReadAction\",\"target\":[\"https:\/\/tupique.com\/produit\/smartphone-google-pixel-10a-5g-63-octa-core-8-gb-ram-256-gb-gris\/\"]}]},{\"@type\":\"ImageObject\",\"inLanguage\":\"en-GB\",\"@id\":\"https:\/\/tupique.com\/produit\/smartphone-google-pixel-10a-5g-63-octa-core-8-gb-ram-256-gb-gris\/#primaryimage\",\"url\":\"https:\/\/tupique.com\/wp-content\/uploads\/2026\/04\/0840353950030_M0807506_P00.jpg\",\"contentUrl\":\"https:\/\/tupique.com\/wp-content\/uploads\/2026\/04\/0840353950030_M0807506_P00.jpg\",\"width\":1200,\"height\":1200,\"caption\":\"M0807506_0\"},{\"@type\":\"BreadcrumbList\",\"@id\":\"https:\/\/tupique.com\/produit\/smartphone-google-pixel-10a-5g-63-octa-core-8-gb-ram-256-gb-gris\/#breadcrumb\",\"itemListElement\":[{\"@type\":\"ListItem\",\"position\":1,\"name\":\"In\u00edcio\",\"item\":\"https:\/\/tupique.com\/\"},{\"@type\":\"ListItem\",\"position\":2,\"name\":\"Boutique\",\"item\":\"https:\/\/tupique.com\/en\/boutique\/\"},{\"@type\":\"ListItem\",\"position\":3,\"name\":\"Smartphone Google Pixel 10a 5G 6,3&#8243; Octa Core 8 GB RAM 256 GB Gris\"}]},{\"@type\":\"WebSite\",\"@id\":\"https:\/\/tupique.com\/#website\",\"url\":\"https:\/\/tupique.com\/\",\"name\":\"Tupique\",\"description\":\"Marketplace\",\"publisher\":{\"@id\":\"https:\/\/tupique.com\/#organization\"},\"potentialAction\":[{\"@type\":\"SearchAction\",\"target\":{\"@type\":\"EntryPoint\",\"urlTemplate\":\"https:\/\/tupique.com\/?s={search_term_string}\"},\"query-input\":{\"@type\":\"PropertyValueSpecification\",\"valueRequired\":true,\"valueName\":\"search_term_string\"}}],\"inLanguage\":\"en-GB\"},{\"@type\":\"Organization\",\"@id\":\"https:\/\/tupique.com\/#organization\",\"name\":\"Tupique\",\"url\":\"https:\/\/tupique.com\/\",\"logo\":{\"@type\":\"ImageObject\",\"inLanguage\":\"en-GB\",\"@id\":\"https:\/\/tupique.com\/#\/schema\/logo\/image\/\",\"url\":\"https:\/\/tupique.com\/wp-content\/uploads\/2024\/09\/logo.png\",\"contentUrl\":\"https:\/\/tupique.com\/wp-content\/uploads\/2024\/09\/logo.png\",\"width\":1118,\"height\":310,\"caption\":\"Tupique\"},\"image\":{\"@id\":\"https:\/\/tupique.com\/#\/schema\/logo\/image\/\"}}]}<\/script>\n<!-- \/ Yoast SEO plugin. -->","yoast_head_json":{"title":"Smartphone Google Pixel 10a 5G 6,3\" Octa Core 8 GB RAM 256 GB Gris - Tupique","description":"Vous cherchez Smartphone Google Pixel 10a 5G 6,3\" Octa Core 8 GB RAM 256 GB Gris ? Achetez des produits chez Tupique. Profitez de la livraison gratuite pour obtenir Smartphone Google Pixel 10a 5G 6,3\" Octa Core 8 GB RAM 256 GB Gris d\u00e8s maintenant.","robots":{"index":"index","follow":"follow","max-snippet":"max-snippet:-1","max-image-preview":"max-image-preview:large","max-video-preview":"max-video-preview:-1"},"canonical":"https:\/\/tupique.com\/en\/product\/smartphone-google-pixel-10a-5g-63-octa-core-8-gb-ram-256-gb-gris\/","og_locale":"en_GB","og_type":"article","og_title":"Smartphone Google Pixel 10a 5G 6,3\" Octa Core 8 GB RAM 256 GB Gris - Tupique","og_description":"Vous cherchez Smartphone Google Pixel 10a 5G 6,3\" Octa Core 8 GB RAM 256 GB Gris ? Achetez des produits chez Tupique. Profitez de la livraison gratuite pour obtenir Smartphone Google Pixel 10a 5G 6,3\" Octa Core 8 GB RAM 256 GB Gris d\u00e8s maintenant.","og_url":"https:\/\/tupique.com\/en\/product\/smartphone-google-pixel-10a-5g-63-octa-core-8-gb-ram-256-gb-gris\/","og_site_name":"Tupique","twitter_card":"summary_large_image","twitter_misc":{"Estimated reading time":"1 minute"},"schema":{"@context":"https:\/\/schema.org","@graph":[{"@type":"WebPage","@id":"https:\/\/tupique.com\/produit\/smartphone-google-pixel-10a-5g-63-octa-core-8-gb-ram-256-gb-gris\/","url":"https:\/\/tupique.com\/produit\/smartphone-google-pixel-10a-5g-63-octa-core-8-gb-ram-256-gb-gris\/","name":"Smartphone Google Pixel 10a 5G 6,3\" Octa Core 8 GB RAM 256 GB Gris - Tupique","isPartOf":{"@id":"https:\/\/tupique.com\/#website"},"primaryImageOfPage":{"@id":"https:\/\/tupique.com\/produit\/smartphone-google-pixel-10a-5g-63-octa-core-8-gb-ram-256-gb-gris\/#primaryimage"},"image":{"@id":"https:\/\/tupique.com\/produit\/smartphone-google-pixel-10a-5g-63-octa-core-8-gb-ram-256-gb-gris\/#primaryimage"},"thumbnailUrl":"https:\/\/tupique.com\/wp-content\/uploads\/2026\/04\/0840353950030_M0807506_P00.jpg","datePublished":"2026-04-09T21:55:57+00:00","description":"Vous cherchez Smartphone Google Pixel 10a 5G 6,3\" Octa Core 8 GB RAM 256 GB Gris ? Achetez des produits chez Tupique. Profitez de la livraison gratuite pour obtenir Smartphone Google Pixel 10a 5G 6,3\" Octa Core 8 GB RAM 256 GB Gris d\u00e8s maintenant.","breadcrumb":{"@id":"https:\/\/tupique.com\/produit\/smartphone-google-pixel-10a-5g-63-octa-core-8-gb-ram-256-gb-gris\/#breadcrumb"},"inLanguage":"en-GB","potentialAction":[{"@type":"ReadAction","target":["https:\/\/tupique.com\/produit\/smartphone-google-pixel-10a-5g-63-octa-core-8-gb-ram-256-gb-gris\/"]}]},{"@type":"ImageObject","inLanguage":"en-GB","@id":"https:\/\/tupique.com\/produit\/smartphone-google-pixel-10a-5g-63-octa-core-8-gb-ram-256-gb-gris\/#primaryimage","url":"https:\/\/tupique.com\/wp-content\/uploads\/2026\/04\/0840353950030_M0807506_P00.jpg","contentUrl":"https:\/\/tupique.com\/wp-content\/uploads\/2026\/04\/0840353950030_M0807506_P00.jpg","width":1200,"height":1200,"caption":"M0807506_0"},{"@type":"BreadcrumbList","@id":"https:\/\/tupique.com\/produit\/smartphone-google-pixel-10a-5g-63-octa-core-8-gb-ram-256-gb-gris\/#breadcrumb","itemListElement":[{"@type":"ListItem","position":1,"name":"In\u00edcio","item":"https:\/\/tupique.com\/"},{"@type":"ListItem","position":2,"name":"Boutique","item":"https:\/\/tupique.com\/en\/boutique\/"},{"@type":"ListItem","position":3,"name":"Smartphone Google Pixel 10a 5G 6,3&#8243; Octa Core 8 GB RAM 256 GB Gris"}]},{"@type":"WebSite","@id":"https:\/\/tupique.com\/#website","url":"https:\/\/tupique.com\/","name":"Tupique","description":"Marketplace","publisher":{"@id":"https:\/\/tupique.com\/#organization"},"potentialAction":[{"@type":"SearchAction","target":{"@type":"EntryPoint","urlTemplate":"https:\/\/tupique.com\/?s={search_term_string}"},"query-input":{"@type":"PropertyValueSpecification","valueRequired":true,"valueName":"search_term_string"}}],"inLanguage":"en-GB"},{"@type":"Organization","@id":"https:\/\/tupique.com\/#organization","name":"Tupique","url":"https:\/\/tupique.com\/","logo":{"@type":"ImageObject","inLanguage":"en-GB","@id":"https:\/\/tupique.com\/#\/schema\/logo\/image\/","url":"https:\/\/tupique.com\/wp-content\/uploads\/2024\/09\/logo.png","contentUrl":"https:\/\/tupique.com\/wp-content\/uploads\/2024\/09\/logo.png","width":1118,"height":310,"caption":"Tupique"},"image":{"@id":"https:\/\/tupique.com\/#\/schema\/logo\/image\/"}}]}},"jetpack_sharing_enabled":true,"_links":{"self":[{"href":"https:\/\/tupique.com\/en\/wp-json\/wp\/v2\/product\/4386466","targetHints":{"allow":["GET"]}}],"collection":[{"href":"https:\/\/tupique.com\/en\/wp-json\/wp\/v2\/product"}],"about":[{"href":"https:\/\/tupique.com\/en\/wp-json\/wp\/v2\/types\/product"}],"replies":[{"embeddable":true,"href":"https:\/\/tupique.com\/en\/wp-json\/wp\/v2\/comments?post=4386466"}],"wp:featuredmedia":[{"embeddable":true,"href":"https:\/\/tupique.com\/en\/wp-json\/wp\/v2\/media\/4386461"}],"wp:attachment":[{"href":"https:\/\/tupique.com\/en\/wp-json\/wp\/v2\/media?parent=4386466"}],"wp:term":[{"taxonomy":"product_brand","embeddable":true,"href":"https:\/\/tupique.com\/en\/wp-json\/wp\/v2\/product_brand?post=4386466"},{"taxonomy":"product_cat","embeddable":true,"href":"https:\/\/tupique.com\/en\/wp-json\/wp\/v2\/product_cat?post=4386466"},{"taxonomy":"product_tag","embeddable":true,"href":"https:\/\/tupique.com\/en\/wp-json\/wp\/v2\/product_tag?post=4386466"}],"curies":[{"name":"wp","href":"https:\/\/api.w.org\/{rel}","templated":true}]}}