{"id":4386472,"date":"2026-04-09T22:56:05","date_gmt":"2026-04-09T21:56:05","guid":{"rendered":"https:\/\/tupique.com\/produit\/smartphone-xiaomi-17-ultra-5g-69-octa-core-16-gb-ram-1-tb-vert\/"},"modified":"2026-04-09T22:56:05","modified_gmt":"2026-04-09T21:56:05","slug":"smartphone-xiaomi-17-ultra-5g-69-octa-core-16-gb-ram-1-tb-vert","status":"publish","type":"product","link":"https:\/\/tupique.com\/en\/product\/smartphone-xiaomi-17-ultra-5g-69-octa-core-16-gb-ram-1-tb-vert\/","title":{"rendered":"Smartphone Xiaomi 17 Ultra 5G 6,9&#8243; Octa Core 16 GB RAM 1 TB Vert"},"content":{"rendered":"<p>If you are passionate about\u2019<b>computer science and electronics<\/b>, If you're at the cutting edge of technology and don't want to miss a thing, buy <b>Smartphone Xiaomi 17 Ultra 5G 6,9&#8243; Octa Core 16 GB RAM 1 TB Vert<\/b> at the best price.<\/p>\n<ul>\n<li>Diagonale de l&#8217;\u00e9cran (cm): 17,5 cm<\/li>\n<li>Type: Smartphone<\/li>\n<li>Plug-in product: Yes<\/li>\n<li>Socket type: EU socket<\/li>\n<li>Bloc d\u2019Alimentation: r\u00e9seau \u00e9lectrique<\/li>\n<li>Capacit\u00e9 de la batterie: 6000 mAh<\/li>\n<li>Ecran: 6,9&#8243;<\/li>\n<li>Operating system: Android<\/li>\n<li>puissance: 90 W<\/li>\n<li>Connectivity:\n<ul>\n<li>Wi-Fi<\/li>\n<li>NFC<\/li>\n<li>Bluetooth<\/li>\n<\/ul>\n<\/li>\n<li>Cam\u00e9ra\/Appareil Photo: 50 Mp<\/li>\n<li>Connexions: USB-C<\/li>\n<li>Processeur: Octa Core<\/li>\n<li>M\u00e9moire RAM: 16 GB RAM<\/li>\n<li>M\u00e9moire interne: 1 TB<\/li>\n<li>Couleur: Vert<\/li>\n<li>Features:\n<ul>\n<li>Imperm\u00e9able<\/li>\n<li>Front camera<\/li>\n<li>Enregistrement vid\u00e9o<\/li>\n<li>Colour screen<\/li>\n<li>Touch screen<\/li>\n<li>Capteur d&#8217;empreintes digitales<\/li>\n<li>Cam\u00e9ra\/Appareil Photo<\/li>\n<li>Chargement sans fil<\/li>\n<li>Connectivit\u00e9 NFC<\/li>\n<li>Gyroscope<\/li>\n<li>\u00c9cran AMOLED<\/li>\n<li>Radio<\/li>\n<li>R\u00e9sistant \u00e0 l&#8217;eau et \u00e0 la poussi\u00e8re<\/li>\n<li>Appel vid\u00e9o<\/li>\n<li>Loudspeaker<\/li>\n<li>Sleep Monitor<\/li>\n<li>Dual SIM<\/li>\n<li>Portable<\/li>\n<li>USB<\/li>\n<li>Wi-Fi<\/li>\n<li>Manuel<\/li>\n<li>Zoom<\/li>\n<li>Stabilisation de l&#8217;image<\/li>\n<li>\u00c9cran LED<\/li>\n<li>Indicateur de batterie<\/li>\n<li>Connexion USB<\/li>\n<li>Rechargeable battery<\/li>\n<li>Built-in microphone<\/li>\n<li>Vibration<\/li>\n<li>Lecteur de carte \u00e0 m\u00e9moire<\/li>\n<li>Fente pour cartes SD<\/li>\n<li>Menu des langues<\/li>\n<li>HD<\/li>\n<li>Voice control<\/li>\n<li>HDR<\/li>\n<li>Musique<\/li>\n<li>Apple Pay<\/li>\n<li>Integrated screen<\/li>\n<li>Int\u00e9rieur<\/li>\n<li>Battery included<\/li>\n<li>Guarantee<\/li>\n<li>R\u00e9sistance aux chocs<\/li>\n<li>St\u00e9r\u00e9o<\/li>\n<li>Multilingue<\/li>\n<li>Speakers<\/li>\n<li>Enregistrement vocal<\/li>\n<li>GSM<\/li>\n<li>SMS<\/li>\n<li>Lampe Torche<\/li>\n<li>Mains- libres<\/li>\n<li>Syst\u00e8me de reconnaissance faciale<\/li>\n<li>Google Assistant<\/li>\n<li>MP3<\/li>\n<li>Webcam<\/li>\n<li>Mobile network connection<\/li>\n<li>Integrated battery<\/li>\n<li>Mode nuit<\/li>\n<li>Navigation<\/li>\n<li>Integrated speakers<\/li>\n<li>Chargement rapide<\/li>\n<li>Cam\u00e9ra arri\u00e8re<\/li>\n<li>Ceramic Shield<\/li>\n<li>Gorilla Glass<\/li>\n<li>Screen with rounded corners<\/li>\n<li>\u00c9cran plat<\/li>\n<\/ul>\n<\/li>\n<li>Technology:\n<ul>\n<li>HDR<\/li>\n<li>HDR10+<\/li>\n<li>120 Hz<\/li>\n<li>NFC<\/li>\n<li>Chargement rapide et fiable<\/li>\n<li>OLED<\/li>\n<li>LTE 5G<\/li>\n<\/ul>\n<\/li>\n<li>SIM: Dual SIM<\/li>\n<li>R\u00e9solution (px): 1440 X 3088 PX<\/li>\n<\/ul>","protected":false},"excerpt":{"rendered":"<p>Si vous \u00eates passionn\u00e9 d&#8217;informatique et d&#8217;\u00e9lectronique, si vous \u00eates \u00e0 la pointe de la technologie et qu&#8217;aucun d\u00e9tail ne<\/p>","protected":false},"featured_media":4386467,"comment_status":"open","ping_status":"closed","template":"","meta":{"_joinchat":[]},"product_brand":[157890],"product_cat":[157523,157516,157524],"product_tag":[157514,157522,157515],"class_list":{"0":"post-4386472","1":"product","2":"type-product","3":"status-publish","4":"has-post-thumbnail","6":"product_brand-brandp_1269","7":"product_cat-electronique-telephonie-et-tablettes","8":"product_cat-informatique-electronique","9":"product_cat-telephones-portables","10":"product_tag-tag_933","11":"product_tag-tag_547","12":"product_tag-tag_1295","14":"first","15":"instock","16":"taxable","17":"shipping-taxable","18":"purchasable","19":"product-type-simple"},"yoast_head":"<!-- This site is optimized with the Yoast SEO plugin v27.2 - https:\/\/yoast.com\/product\/yoast-seo-wordpress\/ -->\n<title>Smartphone Xiaomi 17 Ultra 5G 6,9&quot; Octa Core 16 GB RAM 1 TB Vert - Tupique<\/title>\n<meta name=\"description\" content=\"Vous cherchez Smartphone Xiaomi 17 Ultra 5G 6,9&quot; Octa Core 16 GB RAM 1 TB Vert ? Achetez des produits chez Tupique. Profitez de la livraison gratuite pour obtenir Smartphone Xiaomi 17 Ultra 5G 6,9&quot; Octa Core 16 GB RAM 1 TB Vert d\u00e8s maintenant.\" \/>\n<meta name=\"robots\" content=\"index, follow, max-snippet:-1, max-image-preview:large, max-video-preview:-1\" \/>\n<link rel=\"canonical\" href=\"https:\/\/tupique.com\/en\/product\/smartphone-xiaomi-17-ultra-5g-69-octa-core-16-gb-ram-1-tb-vert\/\" \/>\n<meta property=\"og:locale\" content=\"en_GB\" \/>\n<meta property=\"og:type\" content=\"article\" \/>\n<meta property=\"og:title\" content=\"Smartphone Xiaomi 17 Ultra 5G 6,9&quot; Octa Core 16 GB RAM 1 TB Vert - Tupique\" \/>\n<meta property=\"og:description\" content=\"Vous cherchez Smartphone Xiaomi 17 Ultra 5G 6,9&quot; Octa Core 16 GB RAM 1 TB Vert ? Achetez des produits chez Tupique. Profitez de la livraison gratuite pour obtenir Smartphone Xiaomi 17 Ultra 5G 6,9&quot; Octa Core 16 GB RAM 1 TB Vert d\u00e8s maintenant.\" \/>\n<meta property=\"og:url\" content=\"https:\/\/tupique.com\/en\/product\/smartphone-xiaomi-17-ultra-5g-69-octa-core-16-gb-ram-1-tb-vert\/\" \/>\n<meta property=\"og:site_name\" content=\"Tupique\" \/>\n<meta name=\"twitter:card\" content=\"summary_large_image\" \/>\n<meta name=\"twitter:label1\" content=\"Estimated reading time\" \/>\n\t<meta name=\"twitter:data1\" content=\"1 minute\" \/>\n<script type=\"application\/ld+json\" class=\"yoast-schema-graph\">{\"@context\":\"https:\/\/schema.org\",\"@graph\":[{\"@type\":\"WebPage\",\"@id\":\"https:\/\/tupique.com\/produit\/smartphone-xiaomi-17-ultra-5g-69-octa-core-16-gb-ram-1-tb-vert\/\",\"url\":\"https:\/\/tupique.com\/produit\/smartphone-xiaomi-17-ultra-5g-69-octa-core-16-gb-ram-1-tb-vert\/\",\"name\":\"Smartphone Xiaomi 17 Ultra 5G 6,9\\\" Octa Core 16 GB RAM 1 TB Vert - Tupique\",\"isPartOf\":{\"@id\":\"https:\/\/tupique.com\/#website\"},\"primaryImageOfPage\":{\"@id\":\"https:\/\/tupique.com\/produit\/smartphone-xiaomi-17-ultra-5g-69-octa-core-16-gb-ram-1-tb-vert\/#primaryimage\"},\"image\":{\"@id\":\"https:\/\/tupique.com\/produit\/smartphone-xiaomi-17-ultra-5g-69-octa-core-16-gb-ram-1-tb-vert\/#primaryimage\"},\"thumbnailUrl\":\"https:\/\/tupique.com\/wp-content\/uploads\/2026\/04\/6932554483661_M0807511_P00.jpg\",\"datePublished\":\"2026-04-09T21:56:05+00:00\",\"description\":\"Vous cherchez Smartphone Xiaomi 17 Ultra 5G 6,9\\\" Octa Core 16 GB RAM 1 TB Vert ? Achetez des produits chez Tupique. Profitez de la livraison gratuite pour obtenir Smartphone Xiaomi 17 Ultra 5G 6,9\\\" Octa Core 16 GB RAM 1 TB Vert d\u00e8s maintenant.\",\"breadcrumb\":{\"@id\":\"https:\/\/tupique.com\/produit\/smartphone-xiaomi-17-ultra-5g-69-octa-core-16-gb-ram-1-tb-vert\/#breadcrumb\"},\"inLanguage\":\"en-GB\",\"potentialAction\":[{\"@type\":\"ReadAction\",\"target\":[\"https:\/\/tupique.com\/produit\/smartphone-xiaomi-17-ultra-5g-69-octa-core-16-gb-ram-1-tb-vert\/\"]}]},{\"@type\":\"ImageObject\",\"inLanguage\":\"en-GB\",\"@id\":\"https:\/\/tupique.com\/produit\/smartphone-xiaomi-17-ultra-5g-69-octa-core-16-gb-ram-1-tb-vert\/#primaryimage\",\"url\":\"https:\/\/tupique.com\/wp-content\/uploads\/2026\/04\/6932554483661_M0807511_P00.jpg\",\"contentUrl\":\"https:\/\/tupique.com\/wp-content\/uploads\/2026\/04\/6932554483661_M0807511_P00.jpg\",\"width\":1200,\"height\":1200,\"caption\":\"M0807511_0\"},{\"@type\":\"BreadcrumbList\",\"@id\":\"https:\/\/tupique.com\/produit\/smartphone-xiaomi-17-ultra-5g-69-octa-core-16-gb-ram-1-tb-vert\/#breadcrumb\",\"itemListElement\":[{\"@type\":\"ListItem\",\"position\":1,\"name\":\"In\u00edcio\",\"item\":\"https:\/\/tupique.com\/\"},{\"@type\":\"ListItem\",\"position\":2,\"name\":\"Boutique\",\"item\":\"https:\/\/tupique.com\/en\/boutique\/\"},{\"@type\":\"ListItem\",\"position\":3,\"name\":\"Smartphone Xiaomi 17 Ultra 5G 6,9&#8243; Octa Core 16 GB RAM 1 TB Vert\"}]},{\"@type\":\"WebSite\",\"@id\":\"https:\/\/tupique.com\/#website\",\"url\":\"https:\/\/tupique.com\/\",\"name\":\"Tupique\",\"description\":\"Marketplace\",\"publisher\":{\"@id\":\"https:\/\/tupique.com\/#organization\"},\"potentialAction\":[{\"@type\":\"SearchAction\",\"target\":{\"@type\":\"EntryPoint\",\"urlTemplate\":\"https:\/\/tupique.com\/?s={search_term_string}\"},\"query-input\":{\"@type\":\"PropertyValueSpecification\",\"valueRequired\":true,\"valueName\":\"search_term_string\"}}],\"inLanguage\":\"en-GB\"},{\"@type\":\"Organization\",\"@id\":\"https:\/\/tupique.com\/#organization\",\"name\":\"Tupique\",\"url\":\"https:\/\/tupique.com\/\",\"logo\":{\"@type\":\"ImageObject\",\"inLanguage\":\"en-GB\",\"@id\":\"https:\/\/tupique.com\/#\/schema\/logo\/image\/\",\"url\":\"https:\/\/tupique.com\/wp-content\/uploads\/2024\/09\/logo.png\",\"contentUrl\":\"https:\/\/tupique.com\/wp-content\/uploads\/2024\/09\/logo.png\",\"width\":1118,\"height\":310,\"caption\":\"Tupique\"},\"image\":{\"@id\":\"https:\/\/tupique.com\/#\/schema\/logo\/image\/\"}}]}<\/script>\n<!-- \/ Yoast SEO plugin. -->","yoast_head_json":{"title":"Smartphone Xiaomi 17 Ultra 5G 6,9\" Octa Core 16 GB RAM 1 TB Vert - Tupique","description":"Vous cherchez Smartphone Xiaomi 17 Ultra 5G 6,9\" Octa Core 16 GB RAM 1 TB Vert ? Achetez des produits chez Tupique. Profitez de la livraison gratuite pour obtenir Smartphone Xiaomi 17 Ultra 5G 6,9\" Octa Core 16 GB RAM 1 TB Vert d\u00e8s maintenant.","robots":{"index":"index","follow":"follow","max-snippet":"max-snippet:-1","max-image-preview":"max-image-preview:large","max-video-preview":"max-video-preview:-1"},"canonical":"https:\/\/tupique.com\/en\/product\/smartphone-xiaomi-17-ultra-5g-69-octa-core-16-gb-ram-1-tb-vert\/","og_locale":"en_GB","og_type":"article","og_title":"Smartphone Xiaomi 17 Ultra 5G 6,9\" Octa Core 16 GB RAM 1 TB Vert - Tupique","og_description":"Vous cherchez Smartphone Xiaomi 17 Ultra 5G 6,9\" Octa Core 16 GB RAM 1 TB Vert ? Achetez des produits chez Tupique. Profitez de la livraison gratuite pour obtenir Smartphone Xiaomi 17 Ultra 5G 6,9\" Octa Core 16 GB RAM 1 TB Vert d\u00e8s maintenant.","og_url":"https:\/\/tupique.com\/en\/product\/smartphone-xiaomi-17-ultra-5g-69-octa-core-16-gb-ram-1-tb-vert\/","og_site_name":"Tupique","twitter_card":"summary_large_image","twitter_misc":{"Estimated reading time":"1 minute"},"schema":{"@context":"https:\/\/schema.org","@graph":[{"@type":"WebPage","@id":"https:\/\/tupique.com\/produit\/smartphone-xiaomi-17-ultra-5g-69-octa-core-16-gb-ram-1-tb-vert\/","url":"https:\/\/tupique.com\/produit\/smartphone-xiaomi-17-ultra-5g-69-octa-core-16-gb-ram-1-tb-vert\/","name":"Smartphone Xiaomi 17 Ultra 5G 6,9\" Octa Core 16 GB RAM 1 TB Vert - Tupique","isPartOf":{"@id":"https:\/\/tupique.com\/#website"},"primaryImageOfPage":{"@id":"https:\/\/tupique.com\/produit\/smartphone-xiaomi-17-ultra-5g-69-octa-core-16-gb-ram-1-tb-vert\/#primaryimage"},"image":{"@id":"https:\/\/tupique.com\/produit\/smartphone-xiaomi-17-ultra-5g-69-octa-core-16-gb-ram-1-tb-vert\/#primaryimage"},"thumbnailUrl":"https:\/\/tupique.com\/wp-content\/uploads\/2026\/04\/6932554483661_M0807511_P00.jpg","datePublished":"2026-04-09T21:56:05+00:00","description":"Vous cherchez Smartphone Xiaomi 17 Ultra 5G 6,9\" Octa Core 16 GB RAM 1 TB Vert ? Achetez des produits chez Tupique. Profitez de la livraison gratuite pour obtenir Smartphone Xiaomi 17 Ultra 5G 6,9\" Octa Core 16 GB RAM 1 TB Vert d\u00e8s maintenant.","breadcrumb":{"@id":"https:\/\/tupique.com\/produit\/smartphone-xiaomi-17-ultra-5g-69-octa-core-16-gb-ram-1-tb-vert\/#breadcrumb"},"inLanguage":"en-GB","potentialAction":[{"@type":"ReadAction","target":["https:\/\/tupique.com\/produit\/smartphone-xiaomi-17-ultra-5g-69-octa-core-16-gb-ram-1-tb-vert\/"]}]},{"@type":"ImageObject","inLanguage":"en-GB","@id":"https:\/\/tupique.com\/produit\/smartphone-xiaomi-17-ultra-5g-69-octa-core-16-gb-ram-1-tb-vert\/#primaryimage","url":"https:\/\/tupique.com\/wp-content\/uploads\/2026\/04\/6932554483661_M0807511_P00.jpg","contentUrl":"https:\/\/tupique.com\/wp-content\/uploads\/2026\/04\/6932554483661_M0807511_P00.jpg","width":1200,"height":1200,"caption":"M0807511_0"},{"@type":"BreadcrumbList","@id":"https:\/\/tupique.com\/produit\/smartphone-xiaomi-17-ultra-5g-69-octa-core-16-gb-ram-1-tb-vert\/#breadcrumb","itemListElement":[{"@type":"ListItem","position":1,"name":"In\u00edcio","item":"https:\/\/tupique.com\/"},{"@type":"ListItem","position":2,"name":"Boutique","item":"https:\/\/tupique.com\/en\/boutique\/"},{"@type":"ListItem","position":3,"name":"Smartphone Xiaomi 17 Ultra 5G 6,9&#8243; Octa Core 16 GB RAM 1 TB Vert"}]},{"@type":"WebSite","@id":"https:\/\/tupique.com\/#website","url":"https:\/\/tupique.com\/","name":"Tupique","description":"Marketplace","publisher":{"@id":"https:\/\/tupique.com\/#organization"},"potentialAction":[{"@type":"SearchAction","target":{"@type":"EntryPoint","urlTemplate":"https:\/\/tupique.com\/?s={search_term_string}"},"query-input":{"@type":"PropertyValueSpecification","valueRequired":true,"valueName":"search_term_string"}}],"inLanguage":"en-GB"},{"@type":"Organization","@id":"https:\/\/tupique.com\/#organization","name":"Tupique","url":"https:\/\/tupique.com\/","logo":{"@type":"ImageObject","inLanguage":"en-GB","@id":"https:\/\/tupique.com\/#\/schema\/logo\/image\/","url":"https:\/\/tupique.com\/wp-content\/uploads\/2024\/09\/logo.png","contentUrl":"https:\/\/tupique.com\/wp-content\/uploads\/2024\/09\/logo.png","width":1118,"height":310,"caption":"Tupique"},"image":{"@id":"https:\/\/tupique.com\/#\/schema\/logo\/image\/"}}]}},"jetpack_sharing_enabled":true,"_links":{"self":[{"href":"https:\/\/tupique.com\/en\/wp-json\/wp\/v2\/product\/4386472","targetHints":{"allow":["GET"]}}],"collection":[{"href":"https:\/\/tupique.com\/en\/wp-json\/wp\/v2\/product"}],"about":[{"href":"https:\/\/tupique.com\/en\/wp-json\/wp\/v2\/types\/product"}],"replies":[{"embeddable":true,"href":"https:\/\/tupique.com\/en\/wp-json\/wp\/v2\/comments?post=4386472"}],"wp:featuredmedia":[{"embeddable":true,"href":"https:\/\/tupique.com\/en\/wp-json\/wp\/v2\/media\/4386467"}],"wp:attachment":[{"href":"https:\/\/tupique.com\/en\/wp-json\/wp\/v2\/media?parent=4386472"}],"wp:term":[{"taxonomy":"product_brand","embeddable":true,"href":"https:\/\/tupique.com\/en\/wp-json\/wp\/v2\/product_brand?post=4386472"},{"taxonomy":"product_cat","embeddable":true,"href":"https:\/\/tupique.com\/en\/wp-json\/wp\/v2\/product_cat?post=4386472"},{"taxonomy":"product_tag","embeddable":true,"href":"https:\/\/tupique.com\/en\/wp-json\/wp\/v2\/product_tag?post=4386472"}],"curies":[{"name":"wp","href":"https:\/\/api.w.org\/{rel}","templated":true}]}}