{"id":4386610,"date":"2026-04-09T22:58:56","date_gmt":"2026-04-09T21:58:56","guid":{"rendered":"https:\/\/tupique.com\/produit\/smartphone-baume-mercier-petite-promesse-noir-8-gb-ram-128-gb-656-o-30-mm\/"},"modified":"2026-04-09T22:58:56","modified_gmt":"2026-04-09T21:58:56","slug":"smartphone-baume-mercier-petite-promesse-noir-8-gb-ram-128-gb-656-o-30-mm","status":"publish","type":"product","link":"https:\/\/tupique.com\/en\/product\/smartphone-baume-mercier-petite-promesse-noir-8-gb-ram-128-gb-656-o-30-mm\/","title":{"rendered":"Smartphone Baume &amp; Mercier PETITE PROMESSE Noir 8 GB RAM 128 GB 6,56&#8243; (\u00d8 30 mm)"},"content":{"rendered":"<p>If you're looking for the latest trends on the market, we've got you covered. <b>Smartphone Baume &amp; Mercier PETITE PROMESSE Noir 8 GB RAM 128 GB 6,56&#8243; (\u00d8 30 mm)<\/b> !<\/p>\n<ul>\n<li>Colour:\n<ul>\n<li>Black<\/li>\n<li>Grey<\/li>\n<\/ul>\n<\/li>\n<li>RAM memory: 8 GB RAM<\/li>\n<li>Socket type: EU socket<\/li>\n<li>Type: Smartphone<\/li>\n<li>M\u00e9moire interne: 128 GB<\/li>\n<li>Plug-in product: Yes<\/li>\n<li>Ecran: 6,56&#8243;<\/li>\n<li>Diagonale de l&#8217;\u00e9cran (cm): 16,7 cm<\/li>\n<li>Features:\n<ul>\n<li>St\u00e9r\u00e9o<\/li>\n<li>Fingerprint reader<\/li>\n<li>Electronic compass<\/li>\n<\/ul>\n<\/li>\n<li>Acc\u00e9l\u00e9rom\u00e8tre: Oui<\/li>\n<li>Noyaux: 8<\/li>\n<li>Connectivity:\n<ul>\n<li>Bluetooth<\/li>\n<li>Wi-Fi<\/li>\n<li>NFC<\/li>\n<li>Bluetooth 5.0<\/li>\n<li>GPS<\/li>\n<li>Wi-Fi 5 GHz<\/li>\n<li>Galileo<\/li>\n<li>nano SIM<\/li>\n<li>4G<\/li>\n<li>5G<\/li>\n<\/ul>\n<\/li>\n<li>GPS: Oui<\/li>\n<li>Cartes M\u00e9moire Compatibles: MicroSD (TransFlash)<\/li>\n<li>Rapport d&#8217;aspect: 20:9<\/li>\n<li>Connections:\n<ul>\n<li>USB-C<\/li>\n<li>Dual SIM<\/li>\n<li>USB 2.0<\/li>\n<li>3.5 mm jack<\/li>\n<\/ul>\n<\/li>\n<li>Glonass: Oui<\/li>\n<li>Includes:\n<ul>\n<li>Adaptateur AC<\/li>\n<li>C\u00e2ble USB-C<\/li>\n<li>Inclut un \u00e9tui ou une housse de la marque<\/li>\n<\/ul>\n<\/li>\n<li>Gyroscope: Oui<\/li>\n<li>R\u00e9solution: 269 PPP<\/li>\n<li>Fr\u00e9quence: 90 Hz<\/li>\n<li>Compatible: Google Assistant<\/li>\n<li>Processeur: MediaTek Helio G85<\/li>\n<li>\u00c9tui de protection: Oui<\/li>\n<li>Resolution (px):\n<ul>\n<li>1920 x 1080 px<\/li>\n<li>1612 X 720 PX<\/li>\n<\/ul>\n<\/li>\n<li>Zoom Num\u00e9rique: 4x<\/li>\n<li>vitesse: 2 GHz<\/li>\n<li>Taille maximale de la carte m\u00e9moire: 1 TB<\/li>\n<li>Poids approx.: 181 G<\/li>\n<li>Capacit\u00e9 de la batterie: 5000 mAh<\/li>\n<li>M\u00e9moire RAM maximale: 16 GB<\/li>\n<li>Syst\u00e8me d&#8217;exploitation: Android 14<\/li>\n<li>Technologie: IPS<\/li>\n<li>Bloc d\u2019Alimentation: r\u00e9seau \u00e9lectrique<\/li>\n<li>Mati\u00e8re: Diamants<\/li>\n<li>Genre: Woman<\/li>\n<li>Bracelet material: Stainless steel<\/li>\n<li>Waterproofing: 5 atm<\/li>\n<li>Glass: Sapphire<\/li>\n<li>Movement type: Automatic<\/li>\n<li>Diam\u00e8tre du bo\u00eetier de la montre: \u00d8 30 mm<\/li>\n<\/ul>","protected":false},"excerpt":{"rendered":"<p>Si vous \u00eates \u00e0 la recherche de nouvelles tendances sur le march\u00e9, nous vous pr\u00e9sentons Smartphone Baume &amp; Mercier PETITE<\/p>","protected":false},"featured_media":4386608,"comment_status":"open","ping_status":"closed","template":"","meta":{"_joinchat":[]},"product_brand":[158292],"product_cat":[157532,157833,157533],"product_tag":[157530,157591,157529],"class_list":{"0":"post-4386610","1":"product","2":"type-product","3":"status-publish","4":"has-post-thumbnail","6":"product_brand-brandp_6827","7":"product_cat-mode-accessoires","8":"product_cat-montres-femme","9":"product_cat-montres-bracelets","10":"product_tag-tag_1261","11":"product_tag-tag_1274","12":"product_tag-tag_61","14":"first","15":"instock","16":"taxable","17":"shipping-taxable","18":"purchasable","19":"product-type-simple"},"yoast_head":"<!-- This site is optimized with the Yoast SEO plugin v27.2 - https:\/\/yoast.com\/product\/yoast-seo-wordpress\/ -->\n<title>Smartphone Baume &amp; Mercier PETITE PROMESSE Noir 8 GB RAM 128 GB 6,56&quot; (\u00d8 30 mm) - Tupique<\/title>\n<meta name=\"description\" content=\"Vous cherchez Smartphone Baume &amp; Mercier PETITE PROMESSE Noir 8 GB RAM 128 GB 6,56&quot; (\u00d8 30 mm) ? Achetez des produits chez Tupique. Profitez de la livraison gratuite pour obtenir Smartphone Baume &amp; Mercier PETITE PROMESSE Noir 8 GB RAM 128 GB 6,56&quot; (\u00d8 30 mm) d\u00e8s maintenant.\" \/>\n<meta name=\"robots\" content=\"index, follow, max-snippet:-1, max-image-preview:large, max-video-preview:-1\" \/>\n<link rel=\"canonical\" href=\"https:\/\/tupique.com\/en\/product\/smartphone-baume-mercier-petite-promesse-noir-8-gb-ram-128-gb-656-o-30-mm\/\" \/>\n<meta property=\"og:locale\" content=\"en_GB\" \/>\n<meta property=\"og:type\" content=\"article\" \/>\n<meta property=\"og:title\" content=\"Smartphone Baume &amp; Mercier PETITE PROMESSE Noir 8 GB RAM 128 GB 6,56&quot; (\u00d8 30 mm) - Tupique\" \/>\n<meta property=\"og:description\" content=\"Vous cherchez Smartphone Baume &amp; Mercier PETITE PROMESSE Noir 8 GB RAM 128 GB 6,56&quot; (\u00d8 30 mm) ? Achetez des produits chez Tupique. Profitez de la livraison gratuite pour obtenir Smartphone Baume &amp; Mercier PETITE PROMESSE Noir 8 GB RAM 128 GB 6,56&quot; (\u00d8 30 mm) d\u00e8s maintenant.\" \/>\n<meta property=\"og:url\" content=\"https:\/\/tupique.com\/en\/product\/smartphone-baume-mercier-petite-promesse-noir-8-gb-ram-128-gb-656-o-30-mm\/\" \/>\n<meta property=\"og:site_name\" content=\"Tupique\" \/>\n<meta name=\"twitter:card\" content=\"summary_large_image\" \/>\n<meta name=\"twitter:label1\" content=\"Estimated reading time\" \/>\n\t<meta name=\"twitter:data1\" content=\"1 minute\" \/>\n<script type=\"application\/ld+json\" class=\"yoast-schema-graph\">{\"@context\":\"https:\/\/schema.org\",\"@graph\":[{\"@type\":\"WebPage\",\"@id\":\"https:\/\/tupique.com\/produit\/smartphone-baume-mercier-petite-promesse-noir-8-gb-ram-128-gb-656-o-30-mm\/\",\"url\":\"https:\/\/tupique.com\/produit\/smartphone-baume-mercier-petite-promesse-noir-8-gb-ram-128-gb-656-o-30-mm\/\",\"name\":\"Smartphone Baume &amp; Mercier PETITE PROMESSE Noir 8 GB RAM 128 GB 6,56\\\" (\u00d8 30 mm) - Tupique\",\"isPartOf\":{\"@id\":\"https:\/\/tupique.com\/#website\"},\"primaryImageOfPage\":{\"@id\":\"https:\/\/tupique.com\/produit\/smartphone-baume-mercier-petite-promesse-noir-8-gb-ram-128-gb-656-o-30-mm\/#primaryimage\"},\"image\":{\"@id\":\"https:\/\/tupique.com\/produit\/smartphone-baume-mercier-petite-promesse-noir-8-gb-ram-128-gb-656-o-30-mm\/#primaryimage\"},\"thumbnailUrl\":\"https:\/\/tupique.com\/wp-content\/uploads\/2026\/04\/S72117251_P00.jpg\",\"datePublished\":\"2026-04-09T21:58:56+00:00\",\"description\":\"Vous cherchez Smartphone Baume &amp; Mercier PETITE PROMESSE Noir 8 GB RAM 128 GB 6,56\\\" (\u00d8 30 mm) ? Achetez des produits chez Tupique. Profitez de la livraison gratuite pour obtenir Smartphone Baume &amp; Mercier PETITE PROMESSE Noir 8 GB RAM 128 GB 6,56\\\" (\u00d8 30 mm) d\u00e8s maintenant.\",\"breadcrumb\":{\"@id\":\"https:\/\/tupique.com\/produit\/smartphone-baume-mercier-petite-promesse-noir-8-gb-ram-128-gb-656-o-30-mm\/#breadcrumb\"},\"inLanguage\":\"en-GB\",\"potentialAction\":[{\"@type\":\"ReadAction\",\"target\":[\"https:\/\/tupique.com\/produit\/smartphone-baume-mercier-petite-promesse-noir-8-gb-ram-128-gb-656-o-30-mm\/\"]}]},{\"@type\":\"ImageObject\",\"inLanguage\":\"en-GB\",\"@id\":\"https:\/\/tupique.com\/produit\/smartphone-baume-mercier-petite-promesse-noir-8-gb-ram-128-gb-656-o-30-mm\/#primaryimage\",\"url\":\"https:\/\/tupique.com\/wp-content\/uploads\/2026\/04\/S72117251_P00.jpg\",\"contentUrl\":\"https:\/\/tupique.com\/wp-content\/uploads\/2026\/04\/S72117251_P00.jpg\",\"width\":1200,\"height\":1200,\"caption\":\"S72117251_0\"},{\"@type\":\"BreadcrumbList\",\"@id\":\"https:\/\/tupique.com\/produit\/smartphone-baume-mercier-petite-promesse-noir-8-gb-ram-128-gb-656-o-30-mm\/#breadcrumb\",\"itemListElement\":[{\"@type\":\"ListItem\",\"position\":1,\"name\":\"In\u00edcio\",\"item\":\"https:\/\/tupique.com\/\"},{\"@type\":\"ListItem\",\"position\":2,\"name\":\"Boutique\",\"item\":\"https:\/\/tupique.com\/en\/boutique\/\"},{\"@type\":\"ListItem\",\"position\":3,\"name\":\"Smartphone Baume &amp; Mercier PETITE PROMESSE Noir 8 GB RAM 128 GB 6,56&#8243; (\u00d8 30 mm)\"}]},{\"@type\":\"WebSite\",\"@id\":\"https:\/\/tupique.com\/#website\",\"url\":\"https:\/\/tupique.com\/\",\"name\":\"Tupique\",\"description\":\"Marketplace\",\"publisher\":{\"@id\":\"https:\/\/tupique.com\/#organization\"},\"potentialAction\":[{\"@type\":\"SearchAction\",\"target\":{\"@type\":\"EntryPoint\",\"urlTemplate\":\"https:\/\/tupique.com\/?s={search_term_string}\"},\"query-input\":{\"@type\":\"PropertyValueSpecification\",\"valueRequired\":true,\"valueName\":\"search_term_string\"}}],\"inLanguage\":\"en-GB\"},{\"@type\":\"Organization\",\"@id\":\"https:\/\/tupique.com\/#organization\",\"name\":\"Tupique\",\"url\":\"https:\/\/tupique.com\/\",\"logo\":{\"@type\":\"ImageObject\",\"inLanguage\":\"en-GB\",\"@id\":\"https:\/\/tupique.com\/#\/schema\/logo\/image\/\",\"url\":\"https:\/\/tupique.com\/wp-content\/uploads\/2024\/09\/logo.png\",\"contentUrl\":\"https:\/\/tupique.com\/wp-content\/uploads\/2024\/09\/logo.png\",\"width\":1118,\"height\":310,\"caption\":\"Tupique\"},\"image\":{\"@id\":\"https:\/\/tupique.com\/#\/schema\/logo\/image\/\"}}]}<\/script>\n<!-- \/ Yoast SEO plugin. -->","yoast_head_json":{"title":"Smartphone Baume &amp; Mercier PETITE PROMESSE Noir 8 GB RAM 128 GB 6,56\" (\u00d8 30 mm) - Tupique","description":"Vous cherchez Smartphone Baume &amp; Mercier PETITE PROMESSE Noir 8 GB RAM 128 GB 6,56\" (\u00d8 30 mm) ? Achetez des produits chez Tupique. Profitez de la livraison gratuite pour obtenir Smartphone Baume &amp; Mercier PETITE PROMESSE Noir 8 GB RAM 128 GB 6,56\" (\u00d8 30 mm) d\u00e8s maintenant.","robots":{"index":"index","follow":"follow","max-snippet":"max-snippet:-1","max-image-preview":"max-image-preview:large","max-video-preview":"max-video-preview:-1"},"canonical":"https:\/\/tupique.com\/en\/product\/smartphone-baume-mercier-petite-promesse-noir-8-gb-ram-128-gb-656-o-30-mm\/","og_locale":"en_GB","og_type":"article","og_title":"Smartphone Baume &amp; Mercier PETITE PROMESSE Noir 8 GB RAM 128 GB 6,56\" (\u00d8 30 mm) - Tupique","og_description":"Vous cherchez Smartphone Baume &amp; Mercier PETITE PROMESSE Noir 8 GB RAM 128 GB 6,56\" (\u00d8 30 mm) ? Achetez des produits chez Tupique. Profitez de la livraison gratuite pour obtenir Smartphone Baume &amp; Mercier PETITE PROMESSE Noir 8 GB RAM 128 GB 6,56\" (\u00d8 30 mm) d\u00e8s maintenant.","og_url":"https:\/\/tupique.com\/en\/product\/smartphone-baume-mercier-petite-promesse-noir-8-gb-ram-128-gb-656-o-30-mm\/","og_site_name":"Tupique","twitter_card":"summary_large_image","twitter_misc":{"Estimated reading time":"1 minute"},"schema":{"@context":"https:\/\/schema.org","@graph":[{"@type":"WebPage","@id":"https:\/\/tupique.com\/produit\/smartphone-baume-mercier-petite-promesse-noir-8-gb-ram-128-gb-656-o-30-mm\/","url":"https:\/\/tupique.com\/produit\/smartphone-baume-mercier-petite-promesse-noir-8-gb-ram-128-gb-656-o-30-mm\/","name":"Smartphone Baume &amp; Mercier PETITE PROMESSE Noir 8 GB RAM 128 GB 6,56\" (\u00d8 30 mm) - Tupique","isPartOf":{"@id":"https:\/\/tupique.com\/#website"},"primaryImageOfPage":{"@id":"https:\/\/tupique.com\/produit\/smartphone-baume-mercier-petite-promesse-noir-8-gb-ram-128-gb-656-o-30-mm\/#primaryimage"},"image":{"@id":"https:\/\/tupique.com\/produit\/smartphone-baume-mercier-petite-promesse-noir-8-gb-ram-128-gb-656-o-30-mm\/#primaryimage"},"thumbnailUrl":"https:\/\/tupique.com\/wp-content\/uploads\/2026\/04\/S72117251_P00.jpg","datePublished":"2026-04-09T21:58:56+00:00","description":"Vous cherchez Smartphone Baume &amp; Mercier PETITE PROMESSE Noir 8 GB RAM 128 GB 6,56\" (\u00d8 30 mm) ? Achetez des produits chez Tupique. Profitez de la livraison gratuite pour obtenir Smartphone Baume &amp; Mercier PETITE PROMESSE Noir 8 GB RAM 128 GB 6,56\" (\u00d8 30 mm) d\u00e8s maintenant.","breadcrumb":{"@id":"https:\/\/tupique.com\/produit\/smartphone-baume-mercier-petite-promesse-noir-8-gb-ram-128-gb-656-o-30-mm\/#breadcrumb"},"inLanguage":"en-GB","potentialAction":[{"@type":"ReadAction","target":["https:\/\/tupique.com\/produit\/smartphone-baume-mercier-petite-promesse-noir-8-gb-ram-128-gb-656-o-30-mm\/"]}]},{"@type":"ImageObject","inLanguage":"en-GB","@id":"https:\/\/tupique.com\/produit\/smartphone-baume-mercier-petite-promesse-noir-8-gb-ram-128-gb-656-o-30-mm\/#primaryimage","url":"https:\/\/tupique.com\/wp-content\/uploads\/2026\/04\/S72117251_P00.jpg","contentUrl":"https:\/\/tupique.com\/wp-content\/uploads\/2026\/04\/S72117251_P00.jpg","width":1200,"height":1200,"caption":"S72117251_0"},{"@type":"BreadcrumbList","@id":"https:\/\/tupique.com\/produit\/smartphone-baume-mercier-petite-promesse-noir-8-gb-ram-128-gb-656-o-30-mm\/#breadcrumb","itemListElement":[{"@type":"ListItem","position":1,"name":"In\u00edcio","item":"https:\/\/tupique.com\/"},{"@type":"ListItem","position":2,"name":"Boutique","item":"https:\/\/tupique.com\/en\/boutique\/"},{"@type":"ListItem","position":3,"name":"Smartphone Baume &amp; Mercier PETITE PROMESSE Noir 8 GB RAM 128 GB 6,56&#8243; (\u00d8 30 mm)"}]},{"@type":"WebSite","@id":"https:\/\/tupique.com\/#website","url":"https:\/\/tupique.com\/","name":"Tupique","description":"Marketplace","publisher":{"@id":"https:\/\/tupique.com\/#organization"},"potentialAction":[{"@type":"SearchAction","target":{"@type":"EntryPoint","urlTemplate":"https:\/\/tupique.com\/?s={search_term_string}"},"query-input":{"@type":"PropertyValueSpecification","valueRequired":true,"valueName":"search_term_string"}}],"inLanguage":"en-GB"},{"@type":"Organization","@id":"https:\/\/tupique.com\/#organization","name":"Tupique","url":"https:\/\/tupique.com\/","logo":{"@type":"ImageObject","inLanguage":"en-GB","@id":"https:\/\/tupique.com\/#\/schema\/logo\/image\/","url":"https:\/\/tupique.com\/wp-content\/uploads\/2024\/09\/logo.png","contentUrl":"https:\/\/tupique.com\/wp-content\/uploads\/2024\/09\/logo.png","width":1118,"height":310,"caption":"Tupique"},"image":{"@id":"https:\/\/tupique.com\/#\/schema\/logo\/image\/"}}]}},"jetpack_sharing_enabled":true,"_links":{"self":[{"href":"https:\/\/tupique.com\/en\/wp-json\/wp\/v2\/product\/4386610","targetHints":{"allow":["GET"]}}],"collection":[{"href":"https:\/\/tupique.com\/en\/wp-json\/wp\/v2\/product"}],"about":[{"href":"https:\/\/tupique.com\/en\/wp-json\/wp\/v2\/types\/product"}],"replies":[{"embeddable":true,"href":"https:\/\/tupique.com\/en\/wp-json\/wp\/v2\/comments?post=4386610"}],"wp:featuredmedia":[{"embeddable":true,"href":"https:\/\/tupique.com\/en\/wp-json\/wp\/v2\/media\/4386608"}],"wp:attachment":[{"href":"https:\/\/tupique.com\/en\/wp-json\/wp\/v2\/media?parent=4386610"}],"wp:term":[{"taxonomy":"product_brand","embeddable":true,"href":"https:\/\/tupique.com\/en\/wp-json\/wp\/v2\/product_brand?post=4386610"},{"taxonomy":"product_cat","embeddable":true,"href":"https:\/\/tupique.com\/en\/wp-json\/wp\/v2\/product_cat?post=4386610"},{"taxonomy":"product_tag","embeddable":true,"href":"https:\/\/tupique.com\/en\/wp-json\/wp\/v2\/product_tag?post=4386610"}],"curies":[{"name":"wp","href":"https:\/\/api.w.org\/{rel}","templated":true}]}}