{"id":46802,"date":"2026-03-30T21:45:26","date_gmt":"2026-03-30T19:45:26","guid":{"rendered":"https:\/\/bigbuy.tupique.com\/produto\/sideboard-dkd-home-decor-wood-refurbished-b\/"},"modified":"2026-05-09T02:32:01","modified_gmt":"2026-05-09T00:32:01","slug":"sideboard-dkd-home-decor-wood-refurbished-b","status":"publish","type":"product","link":"https:\/\/tupique.com\/en\/product\/sideboard-dkd-home-decor-wood-refurbished-b\/","title":{"rendered":"Buffet DKD Home Decor Wood (Refurbished B)"},"content":{"rendered":"<p>Vous voulez donner une touche d&#8217;originalit\u00e9 \u00e0 votre maison ? Vous y arriverez gr\u00e2ce au <b>Buffet DKD Home Decor Wood (Refurbished B)<\/b>.<\/p>\n<ul>\n<li>Type:\n<ul>\n<li>De Commode\/Placard<\/li>\n<li>Buffet<\/li>\n<\/ul>\n<\/li>\n<li>\u00c9lev\u00e9:\n<ul>\n<li>77 cm<\/li>\n<li>43 cm<\/li>\n<\/ul>\n<\/li>\n<li>Design: Moderne<\/li>\n<li>Non Inclus: Batterie<\/li>\n<li>Mati\u00e8re:\n<ul>\n<li>Bois de manguier<\/li>\n<li>Aluminium<\/li>\n<li>Bois<\/li>\n<\/ul>\n<\/li>\n<li>Etag\u00e8res: 2 Etag\u00e8res<\/li>\n<li>Couleur:\n<ul>\n<li>Dor\u00e9<\/li>\n<li>Noir<\/li>\n<\/ul>\n<\/li>\n<li>Dimensions approx.: 145 x 41 x 77 cm<\/li>\n<li>Pi\u00e8ces: 1<\/li>\n<li>Largeur: 145 cm<\/li>\n<li>Long: 77 cm<\/li>\n<li>Taille: Standard<\/li>\n<li>Type d&#8217;installation: Sol<\/li>\n<\/ul>\n<p>RECONDITIONN\u00c9S: Il s\u00b4agit de produits renvoy\u00e9s pendant la p\u00e9riode de d\u00e9sistement ou d\u00b4exposition qui ont pu \u00eatre utilis\u00e9s pour effectuer des tests ; certains se vendent avec l\u00b4emballage en mauvaise \u00e9tat ou avec l\u00b4emballage original visiblement ouvert. Tous les produits ont subi une r\u00e9vision, ils contiennent la garantie officielle de la marque et fonctionnent parfaitement. Classification selon leur \u00e9tat: <\/p>\n<ul>\n<li>A+\/ Impeccable : produits en \u00e9tat impeccable dont l\u00b4emballage original peut se trouver ouvert ou a \u00e9t\u00e9 remplac\u00e9 par un autre en parfaites conditions.<\/li>\n<li>A\/ Comme neuf : produits en parfait \u00e9tat comme neuf dont l\u00b4emballage original peut se trouver ouvert ou l\u00e9g\u00e8rement d\u00e9t\u00e9rior\u00e9, ou a \u00e9t\u00e9 remplac\u00e9 par un autre.<\/li>\n<li>B\/ Tr\u00e8s bien : produits en tr\u00e8s bon \u00e9tat, avec de possibles d\u00e9fauts esth\u00e9tiques l\u00e9gers, qui fonctionnent parfaitement et dont l\u00b4emballage original peut se trouver ouvert ou l\u00e9g\u00e8rement d\u00e9t\u00e9rior\u00e9.<\/li>\n<li>C\/ Bon \u00e9tat : produits en bon \u00e9tat, avec de possibles d\u00e9fauts esth\u00e9tiques, qui fonctionnent parfaitement et dont l\u00b4emballage original peut se trouver ouvert ou l\u00e9g\u00e8rement d\u00e9t\u00e9rior\u00e9.<\/li>\n<li>D\/ Correct : produits en correct \u00e9tat, avec de possibles d\u00e9fauts esth\u00e9tiques ou manque d\u00b4un accessoires quelconques, qui fonctionnent parfaitement et dont l\u00b4emballage original peut se trouver ouvert ou l\u00e9g\u00e8rement d\u00e9t\u00e9rior\u00e9.<\/li>\n<\/ul>","protected":false},"excerpt":{"rendered":"<p>Vous voulez donner une touche d&#8217;originalit\u00e9 \u00e0 votre maison ? Vous y arriverez gr\u00e2ce au Buffet DKD Home Decor Bois (Reconditionn\u00e9 B). Type: De Commode\/Placard Buffet \u00c9lev\u00e9: 77 cm 43 cm Design: Moderne Non Inclus: Batterie Mati\u00e8re: Bois de manguier Aluminium Bois Etag\u00e8res: 2 Etag\u00e8res Couleur: Dor\u00e9 Noir Dimensions approx.: 145 x 41 x 77 [&hellip;]<\/p>\n","protected":false},"featured_media":46792,"comment_status":"open","ping_status":"closed","template":"","meta":[],"product_brand":[263],"product_cat":[239,619,577,173,174],"product_tag":[166],"class_list":{"0":"post-46802","1":"product","2":"type-product","3":"status-publish","4":"has-post-thumbnail","6":"product_brand-brandp_3770","7":"product_cat-maison-jardin","8":"product_cat-meubles-d-entree-commodes-et-chiffonniers","9":"product_cat-mobilier","10":"product_cat-promos-reconditionnes","11":"product_cat-reconditionnes-openbox","12":"product_tag-tag_1297","14":"first","15":"instock","16":"taxable","17":"shipping-taxable","18":"purchasable","19":"product-type-simple"},"yoast_head":"<!-- This site is optimized with the Yoast SEO plugin v27.5 - https:\/\/yoast.com\/product\/yoast-seo-wordpress\/ -->\n<title>Buffet DKD Home Decor Bois (Reconditionn\u00e9 B) - Tupique<\/title>\n<meta name=\"robots\" content=\"index, follow, max-snippet:-1, max-image-preview:large, max-video-preview:-1\" \/>\n<link rel=\"canonical\" href=\"https:\/\/tupique.com\/en\/product\/sideboard-dkd-home-decor-wood-refurbished-b\/\" \/>\n<meta property=\"og:locale\" content=\"en_GB\" \/>\n<meta property=\"og:type\" content=\"article\" \/>\n<meta property=\"og:title\" content=\"Buffet DKD Home Decor Bois (Reconditionn\u00e9 B) - Tupique\" \/>\n<meta property=\"og:description\" content=\"Vous voulez donner une touche d&#8217;originalit\u00e9 \u00e0 votre maison ? Vous y arriverez gr\u00e2ce au Buffet DKD Home Decor Bois (Reconditionn\u00e9 B). Type: De Commode\/Placard Buffet \u00c9lev\u00e9: 77 cm 43 cm Design: Moderne Non Inclus: Batterie Mati\u00e8re: Bois de manguier Aluminium Bois Etag\u00e8res: 2 Etag\u00e8res Couleur: Dor\u00e9 Noir Dimensions approx.: 145 x 41 x 77 [&hellip;]\" \/>\n<meta property=\"og:url\" content=\"https:\/\/tupique.com\/en\/product\/sideboard-dkd-home-decor-wood-refurbished-b\/\" \/>\n<meta property=\"og:site_name\" content=\"Tupique\" \/>\n<meta property=\"article:modified_time\" content=\"2026-05-09T00:32:01+00:00\" \/>\n<meta property=\"og:image\" content=\"https:\/\/tupique.com\/wp-content\/uploads\/2026\/03\/8424001827114_V0709886_P61.jpg\" \/>\n\t<meta property=\"og:image:width\" content=\"1200\" \/>\n\t<meta property=\"og:image:height\" content=\"1200\" \/>\n\t<meta property=\"og:image:type\" content=\"image\/jpeg\" \/>\n<meta name=\"twitter:card\" content=\"summary_large_image\" \/>\n<meta name=\"twitter:label1\" content=\"Est. reading time\" \/>\n\t<meta name=\"twitter:data1\" content=\"1 minute\" \/>\n<script type=\"application\/ld+json\" class=\"yoast-schema-graph\">{\"@context\":\"https:\\\/\\\/schema.org\",\"@graph\":[{\"@type\":\"WebPage\",\"@id\":\"https:\\\/\\\/tupique.com\\\/product\\\/sideboard-dkd-home-decor-wood-refurbished-b\\\/\",\"url\":\"https:\\\/\\\/tupique.com\\\/product\\\/sideboard-dkd-home-decor-wood-refurbished-b\\\/\",\"name\":\"Buffet DKD Home Decor Bois (Reconditionn\u00e9 B) - Tupique\",\"isPartOf\":{\"@id\":\"https:\\\/\\\/tupique.com\\\/#website\"},\"primaryImageOfPage\":{\"@id\":\"https:\\\/\\\/tupique.com\\\/product\\\/sideboard-dkd-home-decor-wood-refurbished-b\\\/#primaryimage\"},\"image\":{\"@id\":\"https:\\\/\\\/tupique.com\\\/product\\\/sideboard-dkd-home-decor-wood-refurbished-b\\\/#primaryimage\"},\"thumbnailUrl\":\"https:\\\/\\\/tupique.com\\\/wp-content\\\/uploads\\\/2026\\\/03\\\/8424001827114_V0709886_P61.jpg\",\"datePublished\":\"2026-03-30T19:45:26+00:00\",\"dateModified\":\"2026-05-09T00:32:01+00:00\",\"breadcrumb\":{\"@id\":\"https:\\\/\\\/tupique.com\\\/product\\\/sideboard-dkd-home-decor-wood-refurbished-b\\\/#breadcrumb\"},\"inLanguage\":\"en-GB\",\"potentialAction\":[{\"@type\":\"ReadAction\",\"target\":[\"https:\\\/\\\/tupique.com\\\/product\\\/sideboard-dkd-home-decor-wood-refurbished-b\\\/\"]}]},{\"@type\":\"ImageObject\",\"inLanguage\":\"en-GB\",\"@id\":\"https:\\\/\\\/tupique.com\\\/product\\\/sideboard-dkd-home-decor-wood-refurbished-b\\\/#primaryimage\",\"url\":\"https:\\\/\\\/tupique.com\\\/wp-content\\\/uploads\\\/2026\\\/03\\\/8424001827114_V0709886_P61.jpg\",\"contentUrl\":\"https:\\\/\\\/tupique.com\\\/wp-content\\\/uploads\\\/2026\\\/03\\\/8424001827114_V0709886_P61.jpg\",\"width\":1200,\"height\":1200,\"caption\":\"V0709886_0\"},{\"@type\":\"BreadcrumbList\",\"@id\":\"https:\\\/\\\/tupique.com\\\/product\\\/sideboard-dkd-home-decor-wood-refurbished-b\\\/#breadcrumb\",\"itemListElement\":[{\"@type\":\"ListItem\",\"position\":1,\"name\":\"commencer\",\"item\":\"https:\\\/\\\/tupique.com\\\/\"},{\"@type\":\"ListItem\",\"position\":2,\"name\":\"Loja\",\"item\":\"https:\\\/\\\/tupique.com\\\/loja\\\/\"},{\"@type\":\"ListItem\",\"position\":3,\"name\":\"Buffet DKD Home Decor Bois (Reconditionn\u00e9 B)\"}]},{\"@type\":\"WebSite\",\"@id\":\"https:\\\/\\\/tupique.com\\\/#website\",\"url\":\"https:\\\/\\\/tupique.com\\\/\",\"name\":\"Tupique\",\"description\":\"\",\"publisher\":{\"@id\":\"https:\\\/\\\/tupique.com\\\/#organization\"},\"potentialAction\":[{\"@type\":\"SearchAction\",\"target\":{\"@type\":\"EntryPoint\",\"urlTemplate\":\"https:\\\/\\\/tupique.com\\\/?s={search_term_string}\"},\"query-input\":{\"@type\":\"PropertyValueSpecification\",\"valueRequired\":true,\"valueName\":\"search_term_string\"}}],\"inLanguage\":\"en-GB\"},{\"@type\":\"Organization\",\"@id\":\"https:\\\/\\\/tupique.com\\\/#organization\",\"name\":\"Tupique\",\"url\":\"https:\\\/\\\/tupique.com\\\/\",\"logo\":{\"@type\":\"ImageObject\",\"inLanguage\":\"en-GB\",\"@id\":\"https:\\\/\\\/tupique.com\\\/#\\\/schema\\\/logo\\\/image\\\/\",\"url\":\"https:\\\/\\\/tupique.com\\\/wp-content\\\/uploads\\\/2026\\\/03\\\/logo-tupique-1.webp\",\"contentUrl\":\"https:\\\/\\\/tupique.com\\\/wp-content\\\/uploads\\\/2026\\\/03\\\/logo-tupique-1.webp\",\"width\":500,\"height\":67,\"caption\":\"Tupique\"},\"image\":{\"@id\":\"https:\\\/\\\/tupique.com\\\/#\\\/schema\\\/logo\\\/image\\\/\"}}]}<\/script>\n<!-- \/ Yoast SEO plugin. -->","yoast_head_json":{"title":"Buffet DKD Home Decor Bois (Reconditionn\u00e9 B) - Tupique","robots":{"index":"index","follow":"follow","max-snippet":"max-snippet:-1","max-image-preview":"max-image-preview:large","max-video-preview":"max-video-preview:-1"},"canonical":"https:\/\/tupique.com\/en\/product\/sideboard-dkd-home-decor-wood-refurbished-b\/","og_locale":"en_GB","og_type":"article","og_title":"Buffet DKD Home Decor Bois (Reconditionn\u00e9 B) - Tupique","og_description":"Vous voulez donner une touche d&#8217;originalit\u00e9 \u00e0 votre maison ? Vous y arriverez gr\u00e2ce au Buffet DKD Home Decor Bois (Reconditionn\u00e9 B). Type: De Commode\/Placard Buffet \u00c9lev\u00e9: 77 cm 43 cm Design: Moderne Non Inclus: Batterie Mati\u00e8re: Bois de manguier Aluminium Bois Etag\u00e8res: 2 Etag\u00e8res Couleur: Dor\u00e9 Noir Dimensions approx.: 145 x 41 x 77 [&hellip;]","og_url":"https:\/\/tupique.com\/en\/product\/sideboard-dkd-home-decor-wood-refurbished-b\/","og_site_name":"Tupique","article_modified_time":"2026-05-09T00:32:01+00:00","og_image":[{"width":1200,"height":1200,"url":"https:\/\/tupique.com\/wp-content\/uploads\/2026\/03\/8424001827114_V0709886_P61.jpg","type":"image\/jpeg"}],"twitter_card":"summary_large_image","twitter_misc":{"Est. reading time":"1 minute"},"schema":{"@context":"https:\/\/schema.org","@graph":[{"@type":"WebPage","@id":"https:\/\/tupique.com\/product\/sideboard-dkd-home-decor-wood-refurbished-b\/","url":"https:\/\/tupique.com\/product\/sideboard-dkd-home-decor-wood-refurbished-b\/","name":"Buffet DKD Home Decor Bois (Reconditionn\u00e9 B) - Tupique","isPartOf":{"@id":"https:\/\/tupique.com\/#website"},"primaryImageOfPage":{"@id":"https:\/\/tupique.com\/product\/sideboard-dkd-home-decor-wood-refurbished-b\/#primaryimage"},"image":{"@id":"https:\/\/tupique.com\/product\/sideboard-dkd-home-decor-wood-refurbished-b\/#primaryimage"},"thumbnailUrl":"https:\/\/tupique.com\/wp-content\/uploads\/2026\/03\/8424001827114_V0709886_P61.jpg","datePublished":"2026-03-30T19:45:26+00:00","dateModified":"2026-05-09T00:32:01+00:00","breadcrumb":{"@id":"https:\/\/tupique.com\/product\/sideboard-dkd-home-decor-wood-refurbished-b\/#breadcrumb"},"inLanguage":"en-GB","potentialAction":[{"@type":"ReadAction","target":["https:\/\/tupique.com\/product\/sideboard-dkd-home-decor-wood-refurbished-b\/"]}]},{"@type":"ImageObject","inLanguage":"en-GB","@id":"https:\/\/tupique.com\/product\/sideboard-dkd-home-decor-wood-refurbished-b\/#primaryimage","url":"https:\/\/tupique.com\/wp-content\/uploads\/2026\/03\/8424001827114_V0709886_P61.jpg","contentUrl":"https:\/\/tupique.com\/wp-content\/uploads\/2026\/03\/8424001827114_V0709886_P61.jpg","width":1200,"height":1200,"caption":"V0709886_0"},{"@type":"BreadcrumbList","@id":"https:\/\/tupique.com\/product\/sideboard-dkd-home-decor-wood-refurbished-b\/#breadcrumb","itemListElement":[{"@type":"ListItem","position":1,"name":"commencer","item":"https:\/\/tupique.com\/"},{"@type":"ListItem","position":2,"name":"Loja","item":"https:\/\/tupique.com\/loja\/"},{"@type":"ListItem","position":3,"name":"Buffet DKD Home Decor Bois (Reconditionn\u00e9 B)"}]},{"@type":"WebSite","@id":"https:\/\/tupique.com\/#website","url":"https:\/\/tupique.com\/","name":"Tupique","description":"","publisher":{"@id":"https:\/\/tupique.com\/#organization"},"potentialAction":[{"@type":"SearchAction","target":{"@type":"EntryPoint","urlTemplate":"https:\/\/tupique.com\/?s={search_term_string}"},"query-input":{"@type":"PropertyValueSpecification","valueRequired":true,"valueName":"search_term_string"}}],"inLanguage":"en-GB"},{"@type":"Organization","@id":"https:\/\/tupique.com\/#organization","name":"Tupique","url":"https:\/\/tupique.com\/","logo":{"@type":"ImageObject","inLanguage":"en-GB","@id":"https:\/\/tupique.com\/#\/schema\/logo\/image\/","url":"https:\/\/tupique.com\/wp-content\/uploads\/2026\/03\/logo-tupique-1.webp","contentUrl":"https:\/\/tupique.com\/wp-content\/uploads\/2026\/03\/logo-tupique-1.webp","width":500,"height":67,"caption":"Tupique"},"image":{"@id":"https:\/\/tupique.com\/#\/schema\/logo\/image\/"}}]}},"_links":{"self":[{"href":"https:\/\/tupique.com\/en\/wp-json\/wp\/v2\/product\/46802","targetHints":{"allow":["GET"]}}],"collection":[{"href":"https:\/\/tupique.com\/en\/wp-json\/wp\/v2\/product"}],"about":[{"href":"https:\/\/tupique.com\/en\/wp-json\/wp\/v2\/types\/product"}],"replies":[{"embeddable":true,"href":"https:\/\/tupique.com\/en\/wp-json\/wp\/v2\/comments?post=46802"}],"wp:featuredmedia":[{"embeddable":true,"href":"https:\/\/tupique.com\/en\/wp-json\/wp\/v2\/media\/46792"}],"wp:attachment":[{"href":"https:\/\/tupique.com\/en\/wp-json\/wp\/v2\/media?parent=46802"}],"wp:term":[{"taxonomy":"product_brand","embeddable":true,"href":"https:\/\/tupique.com\/en\/wp-json\/wp\/v2\/product_brand?post=46802"},{"taxonomy":"product_cat","embeddable":true,"href":"https:\/\/tupique.com\/en\/wp-json\/wp\/v2\/product_cat?post=46802"},{"taxonomy":"product_tag","embeddable":true,"href":"https:\/\/tupique.com\/en\/wp-json\/wp\/v2\/product_tag?post=46802"}],"curies":[{"name":"wp","href":"https:\/\/api.w.org\/{rel}","templated":true}]}}