{"id":8505,"date":"2026-03-27T21:48:49","date_gmt":"2026-03-27T19:48:49","guid":{"rendered":"https:\/\/bigbuy.tupique.com\/produto\/2-in-1-snack-bowl-innovagoods-2-pieces\/"},"modified":"2026-05-11T21:23:43","modified_gmt":"2026-05-11T19:23:43","slug":"2-in-1-snack-bowl-innovagoods-2-pieces","status":"publish","type":"product","link":"https:\/\/tupique.com\/en\/product\/2-in-1-snack-bowl-innovagoods-2-pieces\/","title":{"rendered":"Bols pour Ap\u00e9ritifs 2 en 1 InnovaGoods 2 Pi\u00e8ces"},"content":{"rendered":"<div class=\"col-md-6\"><b>InnovaGoods<\/b> vient vous aider \u00e0 cuisiner facilement et de mani\u00e8re amusante en vous offrant les meilleures nouveaut\u00e9s pour votre cuisine, comme <b>Bols pour Ap\u00e9ritifs 2 en 1 InnovaGoods 2 Pi\u00e8ces <\/b>! D\u00e9couvrez une vaste gamme de produits de qualit\u00e9 qui se d\u00e9marquent de par leur fonctionnalit\u00e9, leur efficacit\u00e9 et leur design innovant!<\/p>\n<p>Un ensemble id\u00e9al pour servir confortablement de d\u00e9licieux ap\u00e9ritifs : olives, chips, pistacjes, etc. De plus, gr\u00e2ce \u00e0 son design empilable, il est \u00e9galement tr\u00e8s utile pour y mettre les d\u00e9chets (os, coquilles, etc.).<\/p>\n<p><\/p>\n<ul>\n<li>Mat\u00e9riel:\n<ul>\n<li>PC<\/li>\n<li>Sans BPA<\/li>\n<\/ul>\n<\/li>\n<li>Couleur:\n<ul>\n<li>Blanc<\/li>\n<li>Orange<\/li>\n<\/ul>\n<\/li>\n<li>Conception originale: Novateur et pratique<\/li>\n<li>Type: Set de Bols<\/li>\n<li>Nombre de pi\u00e8ces: 2 Pi\u00e8ces<\/li>\n<li>Propri\u00e9t\u00e9s: Empilable<\/li>\n<li>Caract\u00e9ristiques: Diff\u00e9rentes formes et tailles<\/li>\n<li>Multiposition: Polyvalent et adaptable<\/li>\n<li>Multifonction: Plusieurs fonctionnalit\u00e9s et espaces<\/li>\n<li>Facile \u00e0 utiliser et \u00e0 nettoyer: Utilisation pratique et simple<\/li>\n<li>Compact: Organisation et gain de place<\/li>\n<li>L\u00e9ger et maniable: Facile \u00e0 transporter et \u00e0 ranger<\/li>\n<li>Dimensions approx.:\n<ul>\n<li>\u00d816 x 4,5 cm<\/li>\n<li>20 x 8 x 20 cm<\/li>\n<\/ul>\n<\/li>\n<li>Packaging en 24 langues: anglais, fran\u00e7ais, espagnol, allemand, italien, portugais, n\u00e9erlandais, polonais, hongrois, roumain, danois, su\u00e9dois, finnois, lituanien, norv\u00e9gien, slov\u00e8ne, grec, tch\u00e8que, bulgare, croate, slovaque, estonien, russe, letton<\/li>\n<\/ul>\n<\/div>\n<div class=\"col-md-6\">\n<div class=\"embed-responsive embed-responsive-16by9\"><iframe class=\"embed-responsive-item\" src=\"https:\/\/www.youtube.com\/embed\/tN8i_-tZDFk\" frameborder=\"0\" allowfullscreen><\/iframe><\/div>\n<\/div>","protected":false},"excerpt":{"rendered":"<p><span class=\"unit-info\">9.9950 &euro; \/ 100 ml<\/span><\/p>","protected":false},"featured_media":179429,"comment_status":"open","ping_status":"closed","template":"","meta":[],"product_brand":[256],"product_cat":[235,60,216],"product_tag":[55,101,204],"class_list":{"0":"post-8505","1":"product","2":"type-product","3":"status-publish","4":"has-post-thumbnail","6":"product_brand-brandp_1281","7":"product_cat-assiettes-plats-et-plateaux","8":"product_cat-cuisine-gourmet","9":"product_cat-ustensile","10":"product_tag-tag_926","11":"product_tag-tag_599","12":"product_tag-tag_1283","14":"first","15":"instock","16":"taxable","17":"shipping-taxable","18":"purchasable","19":"product-type-simple"},"yoast_head":"<!-- This site is optimized with the Yoast SEO plugin v27.5 - https:\/\/yoast.com\/product\/yoast-seo-wordpress\/ -->\n<title>Bols pour Ap\u00e9ritifs 2 en 1 InnovaGoods 2 Pi\u00e8ces - Tupique<\/title>\n<meta name=\"robots\" content=\"index, follow, max-snippet:-1, max-image-preview:large, max-video-preview:-1\" \/>\n<link rel=\"canonical\" href=\"https:\/\/tupique.com\/en\/product\/2-in-1-snack-bowl-innovagoods-2-pieces\/\" \/>\n<meta property=\"og:locale\" content=\"en_GB\" \/>\n<meta property=\"og:type\" content=\"article\" \/>\n<meta property=\"og:title\" content=\"Bols pour Ap\u00e9ritifs 2 en 1 InnovaGoods 2 Pi\u00e8ces - Tupique\" \/>\n<meta property=\"og:description\" content=\"9.9950 &euro; \/ 100 ml\" \/>\n<meta property=\"og:url\" content=\"https:\/\/tupique.com\/en\/product\/2-in-1-snack-bowl-innovagoods-2-pieces\/\" \/>\n<meta property=\"og:site_name\" content=\"Tupique\" \/>\n<meta property=\"article:modified_time\" content=\"2026-05-11T19:23:43+00:00\" \/>\n<meta name=\"twitter:card\" content=\"summary_large_image\" \/>\n<meta name=\"twitter:label1\" content=\"Est. reading time\" \/>\n\t<meta name=\"twitter:data1\" content=\"1 minute\" \/>\n<script type=\"application\/ld+json\" class=\"yoast-schema-graph\">{\"@context\":\"https:\\\/\\\/schema.org\",\"@graph\":[{\"@type\":\"WebPage\",\"@id\":\"https:\\\/\\\/tupique.com\\\/product\\\/2-in-1-snack-bowl-innovagoods-2-pieces\\\/\",\"url\":\"https:\\\/\\\/tupique.com\\\/product\\\/2-in-1-snack-bowl-innovagoods-2-pieces\\\/\",\"name\":\"Bols pour Ap\u00e9ritifs 2 en 1 InnovaGoods 2 Pi\u00e8ces - Tupique\",\"isPartOf\":{\"@id\":\"https:\\\/\\\/tupique.com\\\/#website\"},\"primaryImageOfPage\":{\"@id\":\"https:\\\/\\\/tupique.com\\\/product\\\/2-in-1-snack-bowl-innovagoods-2-pieces\\\/#primaryimage\"},\"image\":{\"@id\":\"https:\\\/\\\/tupique.com\\\/product\\\/2-in-1-snack-bowl-innovagoods-2-pieces\\\/#primaryimage\"},\"thumbnailUrl\":\"https:\\\/\\\/tupique.com\\\/wp-content\\\/uploads\\\/2026\\\/05\\\/V0101112_000_MKT4.jpg\",\"datePublished\":\"2026-03-27T19:48:49+00:00\",\"dateModified\":\"2026-05-11T19:23:43+00:00\",\"breadcrumb\":{\"@id\":\"https:\\\/\\\/tupique.com\\\/product\\\/2-in-1-snack-bowl-innovagoods-2-pieces\\\/#breadcrumb\"},\"inLanguage\":\"en-GB\",\"potentialAction\":[{\"@type\":\"ReadAction\",\"target\":[\"https:\\\/\\\/tupique.com\\\/product\\\/2-in-1-snack-bowl-innovagoods-2-pieces\\\/\"]}]},{\"@type\":\"ImageObject\",\"inLanguage\":\"en-GB\",\"@id\":\"https:\\\/\\\/tupique.com\\\/product\\\/2-in-1-snack-bowl-innovagoods-2-pieces\\\/#primaryimage\",\"url\":\"https:\\\/\\\/tupique.com\\\/wp-content\\\/uploads\\\/2026\\\/05\\\/V0101112_000_MKT4.jpg\",\"contentUrl\":\"https:\\\/\\\/tupique.com\\\/wp-content\\\/uploads\\\/2026\\\/05\\\/V0101112_000_MKT4.jpg\",\"width\":1200,\"height\":1200,\"caption\":\"V0101112_0\"},{\"@type\":\"BreadcrumbList\",\"@id\":\"https:\\\/\\\/tupique.com\\\/product\\\/2-in-1-snack-bowl-innovagoods-2-pieces\\\/#breadcrumb\",\"itemListElement\":[{\"@type\":\"ListItem\",\"position\":1,\"name\":\"commencer\",\"item\":\"https:\\\/\\\/tupique.com\\\/\"},{\"@type\":\"ListItem\",\"position\":2,\"name\":\"Loja\",\"item\":\"https:\\\/\\\/tupique.com\\\/loja\\\/\"},{\"@type\":\"ListItem\",\"position\":3,\"name\":\"Bols pour Ap\u00e9ritifs 2 en 1 InnovaGoods 2 Pi\u00e8ces\"}]},{\"@type\":\"WebSite\",\"@id\":\"https:\\\/\\\/tupique.com\\\/#website\",\"url\":\"https:\\\/\\\/tupique.com\\\/\",\"name\":\"Tupique\",\"description\":\"\",\"publisher\":{\"@id\":\"https:\\\/\\\/tupique.com\\\/#organization\"},\"potentialAction\":[{\"@type\":\"SearchAction\",\"target\":{\"@type\":\"EntryPoint\",\"urlTemplate\":\"https:\\\/\\\/tupique.com\\\/?s={search_term_string}\"},\"query-input\":{\"@type\":\"PropertyValueSpecification\",\"valueRequired\":true,\"valueName\":\"search_term_string\"}}],\"inLanguage\":\"en-GB\"},{\"@type\":\"Organization\",\"@id\":\"https:\\\/\\\/tupique.com\\\/#organization\",\"name\":\"Tupique\",\"url\":\"https:\\\/\\\/tupique.com\\\/\",\"logo\":{\"@type\":\"ImageObject\",\"inLanguage\":\"en-GB\",\"@id\":\"https:\\\/\\\/tupique.com\\\/#\\\/schema\\\/logo\\\/image\\\/\",\"url\":\"https:\\\/\\\/tupique.com\\\/wp-content\\\/uploads\\\/2026\\\/03\\\/logo-tupique-1.webp\",\"contentUrl\":\"https:\\\/\\\/tupique.com\\\/wp-content\\\/uploads\\\/2026\\\/03\\\/logo-tupique-1.webp\",\"width\":500,\"height\":67,\"caption\":\"Tupique\"},\"image\":{\"@id\":\"https:\\\/\\\/tupique.com\\\/#\\\/schema\\\/logo\\\/image\\\/\"}}]}<\/script>\n<!-- \/ Yoast SEO plugin. -->","yoast_head_json":{"title":"Bols pour Ap\u00e9ritifs 2 en 1 InnovaGoods 2 Pi\u00e8ces - Tupique","robots":{"index":"index","follow":"follow","max-snippet":"max-snippet:-1","max-image-preview":"max-image-preview:large","max-video-preview":"max-video-preview:-1"},"canonical":"https:\/\/tupique.com\/en\/product\/2-in-1-snack-bowl-innovagoods-2-pieces\/","og_locale":"en_GB","og_type":"article","og_title":"Bols pour Ap\u00e9ritifs 2 en 1 InnovaGoods 2 Pi\u00e8ces - Tupique","og_description":"9.9950 &euro; \/ 100 ml","og_url":"https:\/\/tupique.com\/en\/product\/2-in-1-snack-bowl-innovagoods-2-pieces\/","og_site_name":"Tupique","article_modified_time":"2026-05-11T19:23:43+00:00","twitter_card":"summary_large_image","twitter_misc":{"Est. reading time":"1 minute"},"schema":{"@context":"https:\/\/schema.org","@graph":[{"@type":"WebPage","@id":"https:\/\/tupique.com\/product\/2-in-1-snack-bowl-innovagoods-2-pieces\/","url":"https:\/\/tupique.com\/product\/2-in-1-snack-bowl-innovagoods-2-pieces\/","name":"Bols pour Ap\u00e9ritifs 2 en 1 InnovaGoods 2 Pi\u00e8ces - Tupique","isPartOf":{"@id":"https:\/\/tupique.com\/#website"},"primaryImageOfPage":{"@id":"https:\/\/tupique.com\/product\/2-in-1-snack-bowl-innovagoods-2-pieces\/#primaryimage"},"image":{"@id":"https:\/\/tupique.com\/product\/2-in-1-snack-bowl-innovagoods-2-pieces\/#primaryimage"},"thumbnailUrl":"https:\/\/tupique.com\/wp-content\/uploads\/2026\/05\/V0101112_000_MKT4.jpg","datePublished":"2026-03-27T19:48:49+00:00","dateModified":"2026-05-11T19:23:43+00:00","breadcrumb":{"@id":"https:\/\/tupique.com\/product\/2-in-1-snack-bowl-innovagoods-2-pieces\/#breadcrumb"},"inLanguage":"en-GB","potentialAction":[{"@type":"ReadAction","target":["https:\/\/tupique.com\/product\/2-in-1-snack-bowl-innovagoods-2-pieces\/"]}]},{"@type":"ImageObject","inLanguage":"en-GB","@id":"https:\/\/tupique.com\/product\/2-in-1-snack-bowl-innovagoods-2-pieces\/#primaryimage","url":"https:\/\/tupique.com\/wp-content\/uploads\/2026\/05\/V0101112_000_MKT4.jpg","contentUrl":"https:\/\/tupique.com\/wp-content\/uploads\/2026\/05\/V0101112_000_MKT4.jpg","width":1200,"height":1200,"caption":"V0101112_0"},{"@type":"BreadcrumbList","@id":"https:\/\/tupique.com\/product\/2-in-1-snack-bowl-innovagoods-2-pieces\/#breadcrumb","itemListElement":[{"@type":"ListItem","position":1,"name":"commencer","item":"https:\/\/tupique.com\/"},{"@type":"ListItem","position":2,"name":"Loja","item":"https:\/\/tupique.com\/loja\/"},{"@type":"ListItem","position":3,"name":"Bols pour Ap\u00e9ritifs 2 en 1 InnovaGoods 2 Pi\u00e8ces"}]},{"@type":"WebSite","@id":"https:\/\/tupique.com\/#website","url":"https:\/\/tupique.com\/","name":"Tupique","description":"","publisher":{"@id":"https:\/\/tupique.com\/#organization"},"potentialAction":[{"@type":"SearchAction","target":{"@type":"EntryPoint","urlTemplate":"https:\/\/tupique.com\/?s={search_term_string}"},"query-input":{"@type":"PropertyValueSpecification","valueRequired":true,"valueName":"search_term_string"}}],"inLanguage":"en-GB"},{"@type":"Organization","@id":"https:\/\/tupique.com\/#organization","name":"Tupique","url":"https:\/\/tupique.com\/","logo":{"@type":"ImageObject","inLanguage":"en-GB","@id":"https:\/\/tupique.com\/#\/schema\/logo\/image\/","url":"https:\/\/tupique.com\/wp-content\/uploads\/2026\/03\/logo-tupique-1.webp","contentUrl":"https:\/\/tupique.com\/wp-content\/uploads\/2026\/03\/logo-tupique-1.webp","width":500,"height":67,"caption":"Tupique"},"image":{"@id":"https:\/\/tupique.com\/#\/schema\/logo\/image\/"}}]}},"_links":{"self":[{"href":"https:\/\/tupique.com\/en\/wp-json\/wp\/v2\/product\/8505","targetHints":{"allow":["GET"]}}],"collection":[{"href":"https:\/\/tupique.com\/en\/wp-json\/wp\/v2\/product"}],"about":[{"href":"https:\/\/tupique.com\/en\/wp-json\/wp\/v2\/types\/product"}],"replies":[{"embeddable":true,"href":"https:\/\/tupique.com\/en\/wp-json\/wp\/v2\/comments?post=8505"}],"wp:featuredmedia":[{"embeddable":true,"href":"https:\/\/tupique.com\/en\/wp-json\/wp\/v2\/media\/179429"}],"wp:attachment":[{"href":"https:\/\/tupique.com\/en\/wp-json\/wp\/v2\/media?parent=8505"}],"wp:term":[{"taxonomy":"product_brand","embeddable":true,"href":"https:\/\/tupique.com\/en\/wp-json\/wp\/v2\/product_brand?post=8505"},{"taxonomy":"product_cat","embeddable":true,"href":"https:\/\/tupique.com\/en\/wp-json\/wp\/v2\/product_cat?post=8505"},{"taxonomy":"product_tag","embeddable":true,"href":"https:\/\/tupique.com\/en\/wp-json\/wp\/v2\/product_tag?post=8505"}],"curies":[{"name":"wp","href":"https:\/\/api.w.org\/{rel}","templated":true}]}}