{"id":8591,"date":"2026-03-27T21:50:49","date_gmt":"2026-03-27T19:50:49","guid":{"rendered":"https:\/\/bigbuy.tupique.com\/produto\/manual-mini-chopper-with-pull-cord-spinop-innovagoods\/"},"modified":"2026-05-12T14:46:06","modified_gmt":"2026-05-12T12:46:06","slug":"manual-mini-chopper-with-pull-cord-spinop-innovagoods","status":"publish","type":"product","link":"https:\/\/tupique.com\/en\/product\/manual-mini-chopper-with-pull-cord-spinop-innovagoods\/","title":{"rendered":"Mini-Hachoir Manuel avec Cordon Spinop InnovaGoods"},"content":{"rendered":"<div class=\"col-md-6\"><b>InnovaGoods<\/b> vient vous aider \u00e0 cuisiner facilement et de mani\u00e8re amusante en vous offrant les meilleures nouveaut\u00e9s pour votre cuisine, comme <b>Mini-Hachoir Manuel avec Cordon Spinop InnovaGoods <\/b> ! D\u00e9couvrez une vaste gamme de produits de qualit\u00e9 qui se d\u00e9marquent de par leur fonctionnalit\u00e9, leur efficacit\u00e9 et leur design innovant !<\/p>\n<p>Un hachoir original et pratique tr\u00e8s facile \u00e0 utiliser, qui permet de hacher la nourriture au moyen d&#8217;un simple m\u00e9canisme manuel de traction \u00e0 cordon. Il suffit de tenir le hachoir d&#8217;une main, et de l&#8217;autre, de tirer plusieurs fois sur la poign\u00e9e du bouchon jusqu&#8217;\u00e0 obtenir le degr\u00e9 de hachage souhait\u00e9 ; le r\u00e9sultat obtenu (morceaux plus ou moins gros) d\u00e9pendra de la quantit\u00e9 de tirage. Ses lames courbes et ac\u00e9r\u00e9es hachent efficacement une multitude d&#8217;aliments. Il dispose \u00e9galement d&#8217;un accessoire de mixage pour \u00e9mulsionner les sauces, m\u00e9langer les ingr\u00e9dients, battre les \u0153ufs, etc. De plus, il comprend un couvercle suppl\u00e9mentaire pour fermer le r\u00e9cipient qui permet de stocker et de conserver les aliments hach\u00e9s. Gr\u00e2ce \u00e0 sa conception compacte, il ne prend pratiquement pas de place et peut \u00eatre facilement d\u00e9mont\u00e9 et nettoy\u00e9.<\/p>\n<ul>\n<li>Mat\u00e9riel:\n<ul>\n<li>ABS<\/li>\n<li>polypropyl\u00e8ne<\/li>\n<li>polystyr\u00e8ne<\/li>\n<li>Acier inoxydable<\/li>\n<li>Sans BPA<\/li>\n<\/ul>\n<\/li>\n<li>Couleur:\n<ul>\n<li>Vert<\/li>\n<li>Gris<\/li>\n<\/ul>\n<\/li>\n<li>Design moderne: Novateur et pratique<\/li>\n<li>Type: Hachoir<\/li>\n<li>Capacit\u00e9: 400 ml<\/li>\n<li>Caract\u00e9ristiques: Un hachage rapide en quelques secondes gr\u00e2ce aux lames courbes<\/li>\n<li>Hachoir manuel avec m\u00e9canisme de traction \u00e0 cordon:\n<ul>\n<li>1-5 passages : grossi\u00e8rement hach\u00e9<\/li>\n<li>6-10 passages : moyennement hach\u00e9<\/li>\n<li>11-20 passages : finement hach\u00e9<\/li>\n<li>20 passages ou plus : tr\u00e8s finement hach\u00e9 ou en pur\u00e9e<\/li>\n<\/ul>\n<\/li>\n<li>Inclut:\n<ul>\n<li>couvercle avec cordon et poign\u00e9e<\/li>\n<li>Bol de stockage<\/li>\n<li>Couvercle suppl\u00e9mentaire pour le bol<\/li>\n<li>lame de hachoir<\/li>\n<li>Accessoire m\u00e9langeur pour battre ou \u00e9mulsionner<\/li>\n<\/ul>\n<\/li>\n<li>Facilit\u00e9 d&#8217;utilisation: Utilisation pratique, simple et s\u00fbre<\/li>\n<li>Facile \u00e0 nettoyer: Facile \u00e0 d\u00e9monter et \u00e0 nettoyer<\/li>\n<li>Compact: Organisation et gain de place<\/li>\n<li>L\u00e9ger et maniable: Facile \u00e0 transporter et \u00e0 ranger<\/li>\n<li>Dimensions approx.: 12,5 x 9,5 x 12,5 cm<\/li>\n<li>Packaging et manuel en 24 langues: anglais, fran\u00e7ais, espagnol, allemand, italien, portugais, n\u00e9erlandais, polonais, hongrois, roumain, danois, su\u00e9dois, finnois, lituanien, norv\u00e9gien, slov\u00e8ne, grec, tch\u00e8que, bulgare, croate, slovaque, estonien, russe, letton<\/li>\n<\/ul>\n<\/div>\n<div class=\"col-md-6\">\n<div class=\"embed-responsive embed-responsive-16by9\"><iframe class=\"embed-responsive-item\" src=\"https:\/\/www.youtube.com\/embed\/S_qTh3a7XHU\" frameborder=\"0\" allowfullscreen><\/iframe><\/div>\n<\/div>","protected":false},"excerpt":{"rendered":"<p><span class=\"unit-info\">5.7475 &euro; \/ 100 ml<\/span><\/p>","protected":false},"featured_media":202635,"comment_status":"open","ping_status":"closed","template":"","meta":[],"product_brand":[256],"product_cat":[1818,225,63,227,60,1833,1796,224],"product_tag":[105,210],"woo-feed-brand":[],"class_list":{"0":"post-8591","1":"product","2":"type-product","3":"status-publish","4":"has-post-thumbnail","6":"product_brand-brandp_1281","7":"product_cat-accessoires-de-cuisine","8":"product_cat-autres-accessoires-et-ustensiles-de-cuisine","9":"product_cat-cadeaux-originaux","10":"product_cat-cadeaux-pour-la-cuisine","11":"product_cat-cuisine-gourmet","12":"product_cat-rapes-eplucheurs-et-decoupe-fruits-et-legumes","13":"product_cat-teleachat-vu-a-la-television","14":"product_cat-ustensiles-et-accessoires-de-cuisine","15":"product_tag-tag_21","16":"product_tag-tag_25","18":"first","19":"instock","20":"taxable","21":"shipping-taxable","22":"purchasable","23":"product-type-simple"},"yoast_head":"<!-- This site is optimized with the Yoast SEO plugin v27.6 - https:\/\/yoast.com\/product\/yoast-seo-wordpress\/ -->\n<title>Mini-Hachoir Manuel avec Cordon Spinop InnovaGoods | | Tupique<\/title>\n<meta name=\"description\" content=\"Envie d&#039;acheter Mini-Hachoir Manuel avec Cordon Spinop InnovaGoods\u00a0? Achetez Mini-Hachoir Manuel avec Cordon Spinop InnovaGoods maintenant avec Tupique en 3 versements sans int\u00e9r\u00eat.\" \/>\n<meta name=\"robots\" content=\"index, follow, max-snippet:-1, max-image-preview:large, max-video-preview:-1\" \/>\n<link rel=\"canonical\" href=\"https:\/\/tupique.com\/en\/product\/manual-mini-chopper-with-pull-cord-spinop-innovagoods\/\" \/>\n<meta property=\"og:locale\" content=\"en_GB\" \/>\n<meta property=\"og:type\" content=\"article\" \/>\n<meta property=\"og:title\" content=\"Mini-Hachoir Manuel avec Cordon Spinop InnovaGoods | | Tupique\" \/>\n<meta property=\"og:description\" content=\"Envie d&#039;acheter Mini-Hachoir Manuel avec Cordon Spinop InnovaGoods\u00a0? Achetez Mini-Hachoir Manuel avec Cordon Spinop InnovaGoods maintenant avec Tupique en 3 versements sans int\u00e9r\u00eat.\" \/>\n<meta property=\"og:url\" content=\"https:\/\/tupique.com\/en\/product\/manual-mini-chopper-with-pull-cord-spinop-innovagoods\/\" \/>\n<meta property=\"og:site_name\" content=\"Tupique\" \/>\n<meta property=\"article:modified_time\" content=\"2026-05-12T12:46:06+00:00\" \/>\n<meta name=\"twitter:card\" content=\"summary_large_image\" \/>\n<meta name=\"twitter:label1\" content=\"Est. reading time\" \/>\n\t<meta name=\"twitter:data1\" content=\"2 minutes\" \/>\n<script type=\"application\/ld+json\" class=\"yoast-schema-graph\">{\"@context\":\"https:\\\/\\\/schema.org\",\"@graph\":[{\"@type\":\"WebPage\",\"@id\":\"https:\\\/\\\/tupique.com\\\/product\\\/manual-mini-chopper-with-pull-cord-spinop-innovagoods\\\/\",\"url\":\"https:\\\/\\\/tupique.com\\\/product\\\/manual-mini-chopper-with-pull-cord-spinop-innovagoods\\\/\",\"name\":\"Mini-Hachoir Manuel avec Cordon Spinop InnovaGoods | | Tupique\",\"isPartOf\":{\"@id\":\"https:\\\/\\\/tupique.com\\\/#website\"},\"primaryImageOfPage\":{\"@id\":\"https:\\\/\\\/tupique.com\\\/product\\\/manual-mini-chopper-with-pull-cord-spinop-innovagoods\\\/#primaryimage\"},\"image\":{\"@id\":\"https:\\\/\\\/tupique.com\\\/product\\\/manual-mini-chopper-with-pull-cord-spinop-innovagoods\\\/#primaryimage\"},\"thumbnailUrl\":\"https:\\\/\\\/tupique.com\\\/wp-content\\\/uploads\\\/2026\\\/05\\\/V0103140_000_MKT3.jpg\",\"datePublished\":\"2026-03-27T19:50:49+00:00\",\"dateModified\":\"2026-05-12T12:46:06+00:00\",\"description\":\"Envie d'acheter Mini-Hachoir Manuel avec Cordon Spinop InnovaGoods\u00a0? Achetez Mini-Hachoir Manuel avec Cordon Spinop InnovaGoods maintenant avec Tupique en 3 versements sans int\u00e9r\u00eat.\",\"breadcrumb\":{\"@id\":\"https:\\\/\\\/tupique.com\\\/product\\\/manual-mini-chopper-with-pull-cord-spinop-innovagoods\\\/#breadcrumb\"},\"inLanguage\":\"en-GB\",\"potentialAction\":[{\"@type\":\"ReadAction\",\"target\":[\"https:\\\/\\\/tupique.com\\\/product\\\/manual-mini-chopper-with-pull-cord-spinop-innovagoods\\\/\"]}]},{\"@type\":\"ImageObject\",\"inLanguage\":\"en-GB\",\"@id\":\"https:\\\/\\\/tupique.com\\\/product\\\/manual-mini-chopper-with-pull-cord-spinop-innovagoods\\\/#primaryimage\",\"url\":\"https:\\\/\\\/tupique.com\\\/wp-content\\\/uploads\\\/2026\\\/05\\\/V0103140_000_MKT3.jpg\",\"contentUrl\":\"https:\\\/\\\/tupique.com\\\/wp-content\\\/uploads\\\/2026\\\/05\\\/V0103140_000_MKT3.jpg\",\"width\":1200,\"height\":1200,\"caption\":\"V0103140_0\"},{\"@type\":\"BreadcrumbList\",\"@id\":\"https:\\\/\\\/tupique.com\\\/product\\\/manual-mini-chopper-with-pull-cord-spinop-innovagoods\\\/#breadcrumb\",\"itemListElement\":[{\"@type\":\"ListItem\",\"position\":1,\"name\":\"commencer\",\"item\":\"https:\\\/\\\/tupique.com\\\/\"},{\"@type\":\"ListItem\",\"position\":2,\"name\":\"Loja\",\"item\":\"https:\\\/\\\/tupique.com\\\/pt\\\/loja\\\/\"},{\"@type\":\"ListItem\",\"position\":3,\"name\":\"Mini-Hachoir Manuel avec Cordon Spinop InnovaGoods\"}]},{\"@type\":\"WebSite\",\"@id\":\"https:\\\/\\\/tupique.com\\\/#website\",\"url\":\"https:\\\/\\\/tupique.com\\\/\",\"name\":\"Tupique\",\"description\":\"\",\"publisher\":{\"@id\":\"https:\\\/\\\/tupique.com\\\/#organization\"},\"potentialAction\":[{\"@type\":\"SearchAction\",\"target\":{\"@type\":\"EntryPoint\",\"urlTemplate\":\"https:\\\/\\\/tupique.com\\\/?s={search_term_string}\"},\"query-input\":{\"@type\":\"PropertyValueSpecification\",\"valueRequired\":true,\"valueName\":\"search_term_string\"}}],\"inLanguage\":\"en-GB\"},{\"@type\":\"Organization\",\"@id\":\"https:\\\/\\\/tupique.com\\\/#organization\",\"name\":\"Tupique\",\"url\":\"https:\\\/\\\/tupique.com\\\/\",\"logo\":{\"@type\":\"ImageObject\",\"inLanguage\":\"en-GB\",\"@id\":\"https:\\\/\\\/tupique.com\\\/#\\\/schema\\\/logo\\\/image\\\/\",\"url\":\"https:\\\/\\\/tupique.com\\\/wp-content\\\/uploads\\\/2026\\\/03\\\/logo-tupique-1.webp\",\"contentUrl\":\"https:\\\/\\\/tupique.com\\\/wp-content\\\/uploads\\\/2026\\\/03\\\/logo-tupique-1.webp\",\"width\":500,\"height\":67,\"caption\":\"Tupique\"},\"image\":{\"@id\":\"https:\\\/\\\/tupique.com\\\/#\\\/schema\\\/logo\\\/image\\\/\"}}]}<\/script>\n<!-- \/ Yoast SEO plugin. -->","yoast_head_json":{"title":"Mini-Hachoir Manuel avec Cordon Spinop InnovaGoods | | Tupique","description":"Envie d'acheter Mini-Hachoir Manuel avec Cordon Spinop InnovaGoods\u00a0? Achetez Mini-Hachoir Manuel avec Cordon Spinop InnovaGoods maintenant avec Tupique en 3 versements sans int\u00e9r\u00eat.","robots":{"index":"index","follow":"follow","max-snippet":"max-snippet:-1","max-image-preview":"max-image-preview:large","max-video-preview":"max-video-preview:-1"},"canonical":"https:\/\/tupique.com\/en\/product\/manual-mini-chopper-with-pull-cord-spinop-innovagoods\/","og_locale":"en_GB","og_type":"article","og_title":"Mini-Hachoir Manuel avec Cordon Spinop InnovaGoods | | Tupique","og_description":"Envie d'acheter Mini-Hachoir Manuel avec Cordon Spinop InnovaGoods\u00a0? Achetez Mini-Hachoir Manuel avec Cordon Spinop InnovaGoods maintenant avec Tupique en 3 versements sans int\u00e9r\u00eat.","og_url":"https:\/\/tupique.com\/en\/product\/manual-mini-chopper-with-pull-cord-spinop-innovagoods\/","og_site_name":"Tupique","article_modified_time":"2026-05-12T12:46:06+00:00","twitter_card":"summary_large_image","twitter_misc":{"Est. reading time":"2 minutes"},"schema":{"@context":"https:\/\/schema.org","@graph":[{"@type":"WebPage","@id":"https:\/\/tupique.com\/product\/manual-mini-chopper-with-pull-cord-spinop-innovagoods\/","url":"https:\/\/tupique.com\/product\/manual-mini-chopper-with-pull-cord-spinop-innovagoods\/","name":"Mini-Hachoir Manuel avec Cordon Spinop InnovaGoods | | Tupique","isPartOf":{"@id":"https:\/\/tupique.com\/#website"},"primaryImageOfPage":{"@id":"https:\/\/tupique.com\/product\/manual-mini-chopper-with-pull-cord-spinop-innovagoods\/#primaryimage"},"image":{"@id":"https:\/\/tupique.com\/product\/manual-mini-chopper-with-pull-cord-spinop-innovagoods\/#primaryimage"},"thumbnailUrl":"https:\/\/tupique.com\/wp-content\/uploads\/2026\/05\/V0103140_000_MKT3.jpg","datePublished":"2026-03-27T19:50:49+00:00","dateModified":"2026-05-12T12:46:06+00:00","description":"Envie d'acheter Mini-Hachoir Manuel avec Cordon Spinop InnovaGoods\u00a0? Achetez Mini-Hachoir Manuel avec Cordon Spinop InnovaGoods maintenant avec Tupique en 3 versements sans int\u00e9r\u00eat.","breadcrumb":{"@id":"https:\/\/tupique.com\/product\/manual-mini-chopper-with-pull-cord-spinop-innovagoods\/#breadcrumb"},"inLanguage":"en-GB","potentialAction":[{"@type":"ReadAction","target":["https:\/\/tupique.com\/product\/manual-mini-chopper-with-pull-cord-spinop-innovagoods\/"]}]},{"@type":"ImageObject","inLanguage":"en-GB","@id":"https:\/\/tupique.com\/product\/manual-mini-chopper-with-pull-cord-spinop-innovagoods\/#primaryimage","url":"https:\/\/tupique.com\/wp-content\/uploads\/2026\/05\/V0103140_000_MKT3.jpg","contentUrl":"https:\/\/tupique.com\/wp-content\/uploads\/2026\/05\/V0103140_000_MKT3.jpg","width":1200,"height":1200,"caption":"V0103140_0"},{"@type":"BreadcrumbList","@id":"https:\/\/tupique.com\/product\/manual-mini-chopper-with-pull-cord-spinop-innovagoods\/#breadcrumb","itemListElement":[{"@type":"ListItem","position":1,"name":"commencer","item":"https:\/\/tupique.com\/"},{"@type":"ListItem","position":2,"name":"Loja","item":"https:\/\/tupique.com\/pt\/loja\/"},{"@type":"ListItem","position":3,"name":"Mini-Hachoir Manuel avec Cordon Spinop InnovaGoods"}]},{"@type":"WebSite","@id":"https:\/\/tupique.com\/#website","url":"https:\/\/tupique.com\/","name":"Tupique","description":"","publisher":{"@id":"https:\/\/tupique.com\/#organization"},"potentialAction":[{"@type":"SearchAction","target":{"@type":"EntryPoint","urlTemplate":"https:\/\/tupique.com\/?s={search_term_string}"},"query-input":{"@type":"PropertyValueSpecification","valueRequired":true,"valueName":"search_term_string"}}],"inLanguage":"en-GB"},{"@type":"Organization","@id":"https:\/\/tupique.com\/#organization","name":"Tupique","url":"https:\/\/tupique.com\/","logo":{"@type":"ImageObject","inLanguage":"en-GB","@id":"https:\/\/tupique.com\/#\/schema\/logo\/image\/","url":"https:\/\/tupique.com\/wp-content\/uploads\/2026\/03\/logo-tupique-1.webp","contentUrl":"https:\/\/tupique.com\/wp-content\/uploads\/2026\/03\/logo-tupique-1.webp","width":500,"height":67,"caption":"Tupique"},"image":{"@id":"https:\/\/tupique.com\/#\/schema\/logo\/image\/"}}]}},"_links":{"self":[{"href":"https:\/\/tupique.com\/en\/wp-json\/wp\/v2\/product\/8591","targetHints":{"allow":["GET"]}}],"collection":[{"href":"https:\/\/tupique.com\/en\/wp-json\/wp\/v2\/product"}],"about":[{"href":"https:\/\/tupique.com\/en\/wp-json\/wp\/v2\/types\/product"}],"replies":[{"embeddable":true,"href":"https:\/\/tupique.com\/en\/wp-json\/wp\/v2\/comments?post=8591"}],"wp:featuredmedia":[{"embeddable":true,"href":"https:\/\/tupique.com\/en\/wp-json\/wp\/v2\/media\/202635"}],"wp:attachment":[{"href":"https:\/\/tupique.com\/en\/wp-json\/wp\/v2\/media?parent=8591"}],"wp:term":[{"taxonomy":"product_brand","embeddable":true,"href":"https:\/\/tupique.com\/en\/wp-json\/wp\/v2\/product_brand?post=8591"},{"taxonomy":"product_cat","embeddable":true,"href":"https:\/\/tupique.com\/en\/wp-json\/wp\/v2\/product_cat?post=8591"},{"taxonomy":"product_tag","embeddable":true,"href":"https:\/\/tupique.com\/en\/wp-json\/wp\/v2\/product_tag?post=8591"},{"taxonomy":"woo-feed-brand","embeddable":true,"href":"https:\/\/tupique.com\/en\/wp-json\/wp\/v2\/woo-feed-brand?post=8591"}],"curies":[{"name":"wp","href":"https:\/\/api.w.org\/{rel}","templated":true}]}}